{"id":68823,"date":"2024-10-05T20:18:48","date_gmt":"2024-10-05T18:18:48","guid":{"rendered":"https:\/\/ajatutaja.com\/?post_type=product&#038;p=68823"},"modified":"2026-03-04T19:41:39","modified_gmt":"2026-03-04T18:41:39","slug":"otroska-spalna-vreca-z-nogicami-kenguru-gold-tog-2-0-fox","status":"publish","type":"product","link":"https:\/\/ajatutaja.com\/hr\/proizvod\/otroska-spalna-vreca-z-nogicami-kenguru-gold-tog-2-0-fox\/","title":{"rendered":"Otro\u0161ka spalna vre\u010da z nogicami Kenguru Gold (TOG 2.0) Fox"},"content":{"rendered":"<p>[vc_row][vc_column][vc_column_text]<\/p>\n<h4>Lastnosti otro\u0161ke spalne vre\u010de z nogicami Kenguru Gold:<\/h4>\n<ul>\n<li>TOG 2 debelina vre\u010de je primerna za uporabo v zimskih mesecih ( s sobno temperaturo 18-21 \u00b0C).<\/li>\n<li>Inovativen dizajn vre\u010de, ki raste z va\u0161im otrokom &#8211; s \u010dimer se podalj\u0161a \u010das uporabe izdelka.<\/li>\n<li>GOTS &#8220;organsko&#8221; certificiran izdelek, od pridelave organskega bomba\u017ea do kon\u010dnega izdelka. Vsi delovni procesi so pregledani in certificirani s strani mednarodnega neodvisnega certifikacijskega organa, da bi trajnostno za\u0161\u010ditili na\u0161e okolje.<\/li>\n<li>2 velikosti v 1 izdelku, ter nastavljiva velikost vratu in ramen s pritiska\u010di.<\/li>\n<li>Odpiranje na dnu in ob strani za enostavno obla\u010denje in hitro menjavo plenic.<\/li>\n<li>Mehak bomba\u017e nudi udoben ob\u010dutek od znotraj in zunaj.<\/li>\n<li>Zelo zra\u010den dizajn brez rokavov, \u0161iroki izrezi na ramenih in vratu ter odli\u010dna zra\u010dnost pomagajo pri izhlapevanju in regulaciji telesne temperature.<\/li>\n<li>Surovinska sestava:\u00a0Podloga iz mikrovlaken in lahkega organskega bomba\u017ea (zunanji material: 100% poliester \/ notranji material: 100% organski bomba\u017e)<\/li>\n<\/ul>\n<p>[\/vc_column_text][\/vc_column][\/vc_row]<\/p>\n","protected":false},"excerpt":{"rendered":"<p>Otro\u0161ka spalna vre\u010da z nogicami Kenguru Gold bo rastla z va\u0161im mal\u010dkom vse do 4 leta starosti! Izredna mehkoba in skrbno izbrani materiali zagotavljajo miren in sladek spanec brez pregrevanja. Debelina spalne vre\u010de TOG 2 je primerna za zimske mesece.<\/p>\n","protected":false},"featured_media":68826,"template":"","meta":[],"pwb-brand":[5622,2611],"product_brand":[],"product_cat":[2604,2593],"product_tag":[5626],"class_list":{"0":"post-68823","1":"product","2":"type-product","3":"status-publish","4":"has-post-thumbnail","6":"pwb-brand-kenguru-gold","7":"pwb-brand-spanje","8":"product_cat-spalne-vrece","9":"product_cat-spanje","10":"product_tag-kenguru-gold","12":"first","13":"instock","14":"taxable","15":"shipping-taxable","16":"purchasable","17":"product-type-variable","18":"add-to-wishlist-before_image"},"yoast_head":"<!-- This site is optimized with the Yoast SEO plugin v27.3 - https:\/\/yoast.com\/product\/yoast-seo-wordpress\/ -->\n<title>Otro\u0161ka spalna vre\u010da z nogicami Kenguru Gold (TOG 2.0) Fox | Ajatutaja<\/title>\n<meta name=\"description\" content=\"Otro\u0161ka spalna vre\u010da z nogicami Kenguru Gold bo rastla z va\u0161im mal\u010dkom vse do 4 leta starosti! Debelina spalne vre\u010de TOG 2 je primerna za zimske mesece.\" \/>\n<meta name=\"robots\" content=\"index, follow, max-snippet:-1, max-image-preview:large, max-video-preview:-1\" \/>\n<link rel=\"canonical\" href=\"https:\/\/ajatutaja.com\/izdelek\/otroska-spalna-vreca-z-nogicami-kenguru-gold-tog-2-0-fox\/\" \/>\n<meta property=\"og:locale\" content=\"hr_HR\" \/>\n<meta property=\"og:type\" content=\"article\" \/>\n<meta property=\"og:title\" content=\"Otro\u0161ka spalna vre\u010da z nogicami Kenguru Gold (TOG 2.0) Fox | Ajatutaja\" \/>\n<meta property=\"og:description\" content=\"Otro\u0161ka spalna vre\u010da z nogicami Kenguru Gold bo rastla z va\u0161im mal\u010dkom vse do 4 leta starosti! Debelina spalne vre\u010de TOG 2 je primerna za zimske mesece.\" \/>\n<meta property=\"og:url\" content=\"https:\/\/ajatutaja.com\/izdelek\/otroska-spalna-vreca-z-nogicami-kenguru-gold-tog-2-0-fox\/\" \/>\n<meta property=\"og:site_name\" content=\"Ajatutaja\" \/>\n<meta property=\"article:modified_time\" content=\"2026-03-04T18:41:39+00:00\" \/>\n<meta property=\"og:image\" content=\"https:\/\/ajatutaja.com\/wp-content\/uploads\/2024\/10\/Zimska-spalna-vreca-z-nogicami-Kenguru-gold-fox-1.webp\" \/>\n\t<meta property=\"og:image:width\" content=\"700\" \/>\n\t<meta property=\"og:image:height\" content=\"700\" \/>\n\t<meta property=\"og:image:type\" content=\"image\/webp\" \/>\n<meta name=\"twitter:card\" content=\"summary_large_image\" \/>\n<meta name=\"twitter:label1\" content=\"Procijenjeno vrijeme \u010ditanja\" \/>\n\t<meta name=\"twitter:data1\" content=\"1 minuta\" \/>\n<script type=\"application\/ld+json\" class=\"yoast-schema-graph\">{\"@context\":\"https:\\\/\\\/schema.org\",\"@graph\":[{\"@type\":\"WebPage\",\"@id\":\"https:\\\/\\\/ajatutaja.com\\\/izdelek\\\/otroska-spalna-vreca-z-nogicami-kenguru-gold-tog-2-0-fox\\\/\",\"url\":\"https:\\\/\\\/ajatutaja.com\\\/izdelek\\\/otroska-spalna-vreca-z-nogicami-kenguru-gold-tog-2-0-fox\\\/\",\"name\":\"Otro\u0161ka spalna vre\u010da z nogicami Kenguru Gold (TOG 2.0) Fox | Ajatutaja\",\"isPartOf\":{\"@id\":\"https:\\\/\\\/ajatutaja.com\\\/#website\"},\"primaryImageOfPage\":{\"@id\":\"https:\\\/\\\/ajatutaja.com\\\/izdelek\\\/otroska-spalna-vreca-z-nogicami-kenguru-gold-tog-2-0-fox\\\/#primaryimage\"},\"image\":{\"@id\":\"https:\\\/\\\/ajatutaja.com\\\/izdelek\\\/otroska-spalna-vreca-z-nogicami-kenguru-gold-tog-2-0-fox\\\/#primaryimage\"},\"thumbnailUrl\":\"https:\\\/\\\/ajatutaja.com\\\/wp-content\\\/uploads\\\/2024\\\/10\\\/Zimska-spalna-vreca-z-nogicami-Kenguru-gold-fox-1.webp\",\"datePublished\":\"2024-10-05T18:18:48+00:00\",\"dateModified\":\"2026-03-04T18:41:39+00:00\",\"description\":\"Otro\u0161ka spalna vre\u010da z nogicami Kenguru Gold bo rastla z va\u0161im mal\u010dkom vse do 4 leta starosti! Debelina spalne vre\u010de TOG 2 je primerna za zimske mesece.\",\"breadcrumb\":{\"@id\":\"https:\\\/\\\/ajatutaja.com\\\/izdelek\\\/otroska-spalna-vreca-z-nogicami-kenguru-gold-tog-2-0-fox\\\/#breadcrumb\"},\"inLanguage\":\"hr\",\"potentialAction\":[{\"@type\":\"ReadAction\",\"target\":[\"https:\\\/\\\/ajatutaja.com\\\/izdelek\\\/otroska-spalna-vreca-z-nogicami-kenguru-gold-tog-2-0-fox\\\/\"]}]},{\"@type\":\"ImageObject\",\"inLanguage\":\"hr\",\"@id\":\"https:\\\/\\\/ajatutaja.com\\\/izdelek\\\/otroska-spalna-vreca-z-nogicami-kenguru-gold-tog-2-0-fox\\\/#primaryimage\",\"url\":\"https:\\\/\\\/ajatutaja.com\\\/wp-content\\\/uploads\\\/2024\\\/10\\\/Zimska-spalna-vreca-z-nogicami-Kenguru-gold-fox-1.webp\",\"contentUrl\":\"https:\\\/\\\/ajatutaja.com\\\/wp-content\\\/uploads\\\/2024\\\/10\\\/Zimska-spalna-vreca-z-nogicami-Kenguru-gold-fox-1.webp\",\"width\":700,\"height\":700},{\"@type\":\"BreadcrumbList\",\"@id\":\"https:\\\/\\\/ajatutaja.com\\\/izdelek\\\/otroska-spalna-vreca-z-nogicami-kenguru-gold-tog-2-0-fox\\\/#breadcrumb\",\"itemListElement\":[{\"@type\":\"ListItem\",\"position\":1,\"name\":\"Home\",\"item\":\"https:\\\/\\\/ajatutaja.com\\\/hr\\\/\"},{\"@type\":\"ListItem\",\"position\":2,\"name\":\"Trgovina\",\"item\":\"https:\\\/\\\/ajatutaja.com\\\/hr\\\/trgovina\\\/\"},{\"@type\":\"ListItem\",\"position\":3,\"name\":\"Otro\u0161ka spalna vre\u010da z nogicami Kenguru Gold (TOG 2.0) Fox\"}]},{\"@type\":\"WebSite\",\"@id\":\"https:\\\/\\\/ajatutaja.com\\\/#website\",\"url\":\"https:\\\/\\\/ajatutaja.com\\\/\",\"name\":\"Ajatutaja\",\"description\":\"Otro\u0161ka spletna trgovina AJATUTAJA\",\"publisher\":{\"@id\":\"https:\\\/\\\/ajatutaja.com\\\/#organization\"},\"potentialAction\":[{\"@type\":\"SearchAction\",\"target\":{\"@type\":\"EntryPoint\",\"urlTemplate\":\"https:\\\/\\\/ajatutaja.com\\\/?s={search_term_string}\"},\"query-input\":{\"@type\":\"PropertyValueSpecification\",\"valueRequired\":true,\"valueName\":\"search_term_string\"}}],\"inLanguage\":\"hr\"},{\"@type\":\"Organization\",\"@id\":\"https:\\\/\\\/ajatutaja.com\\\/#organization\",\"name\":\"Ajatutaja\",\"url\":\"https:\\\/\\\/ajatutaja.com\\\/\",\"logo\":{\"@type\":\"ImageObject\",\"inLanguage\":\"hr\",\"@id\":\"https:\\\/\\\/ajatutaja.com\\\/#\\\/schema\\\/logo\\\/image\\\/\",\"url\":\"https:\\\/\\\/ajatutaja.com\\\/wp-content\\\/uploads\\\/2021\\\/10\\\/logo.png\",\"contentUrl\":\"https:\\\/\\\/ajatutaja.com\\\/wp-content\\\/uploads\\\/2021\\\/10\\\/logo.png\",\"width\":555,\"height\":150,\"caption\":\"Ajatutaja\"},\"image\":{\"@id\":\"https:\\\/\\\/ajatutaja.com\\\/#\\\/schema\\\/logo\\\/image\\\/\"}}]}<\/script>\n<!-- \/ Yoast SEO plugin. -->","yoast_head_json":{"title":"Otro\u0161ka spalna vre\u010da z nogicami Kenguru Gold (TOG 2.0) Fox | Ajatutaja","description":"Otro\u0161ka spalna vre\u010da z nogicami Kenguru Gold bo rastla z va\u0161im mal\u010dkom vse do 4 leta starosti! Debelina spalne vre\u010de TOG 2 je primerna za zimske mesece.","robots":{"index":"index","follow":"follow","max-snippet":"max-snippet:-1","max-image-preview":"max-image-preview:large","max-video-preview":"max-video-preview:-1"},"canonical":"https:\/\/ajatutaja.com\/izdelek\/otroska-spalna-vreca-z-nogicami-kenguru-gold-tog-2-0-fox\/","og_locale":"hr_HR","og_type":"article","og_title":"Otro\u0161ka spalna vre\u010da z nogicami Kenguru Gold (TOG 2.0) Fox | Ajatutaja","og_description":"Otro\u0161ka spalna vre\u010da z nogicami Kenguru Gold bo rastla z va\u0161im mal\u010dkom vse do 4 leta starosti! Debelina spalne vre\u010de TOG 2 je primerna za zimske mesece.","og_url":"https:\/\/ajatutaja.com\/izdelek\/otroska-spalna-vreca-z-nogicami-kenguru-gold-tog-2-0-fox\/","og_site_name":"Ajatutaja","article_modified_time":"2026-03-04T18:41:39+00:00","og_image":[{"width":700,"height":700,"url":"https:\/\/ajatutaja.com\/wp-content\/uploads\/2024\/10\/Zimska-spalna-vreca-z-nogicami-Kenguru-gold-fox-1.webp","type":"image\/webp"}],"twitter_card":"summary_large_image","twitter_misc":{"Procijenjeno vrijeme \u010ditanja":"1 minuta"},"schema":{"@context":"https:\/\/schema.org","@graph":[{"@type":"WebPage","@id":"https:\/\/ajatutaja.com\/izdelek\/otroska-spalna-vreca-z-nogicami-kenguru-gold-tog-2-0-fox\/","url":"https:\/\/ajatutaja.com\/izdelek\/otroska-spalna-vreca-z-nogicami-kenguru-gold-tog-2-0-fox\/","name":"Otro\u0161ka spalna vre\u010da z nogicami Kenguru Gold (TOG 2.0) Fox | Ajatutaja","isPartOf":{"@id":"https:\/\/ajatutaja.com\/#website"},"primaryImageOfPage":{"@id":"https:\/\/ajatutaja.com\/izdelek\/otroska-spalna-vreca-z-nogicami-kenguru-gold-tog-2-0-fox\/#primaryimage"},"image":{"@id":"https:\/\/ajatutaja.com\/izdelek\/otroska-spalna-vreca-z-nogicami-kenguru-gold-tog-2-0-fox\/#primaryimage"},"thumbnailUrl":"https:\/\/ajatutaja.com\/wp-content\/uploads\/2024\/10\/Zimska-spalna-vreca-z-nogicami-Kenguru-gold-fox-1.webp","datePublished":"2024-10-05T18:18:48+00:00","dateModified":"2026-03-04T18:41:39+00:00","description":"Otro\u0161ka spalna vre\u010da z nogicami Kenguru Gold bo rastla z va\u0161im mal\u010dkom vse do 4 leta starosti! Debelina spalne vre\u010de TOG 2 je primerna za zimske mesece.","breadcrumb":{"@id":"https:\/\/ajatutaja.com\/izdelek\/otroska-spalna-vreca-z-nogicami-kenguru-gold-tog-2-0-fox\/#breadcrumb"},"inLanguage":"hr","potentialAction":[{"@type":"ReadAction","target":["https:\/\/ajatutaja.com\/izdelek\/otroska-spalna-vreca-z-nogicami-kenguru-gold-tog-2-0-fox\/"]}]},{"@type":"ImageObject","inLanguage":"hr","@id":"https:\/\/ajatutaja.com\/izdelek\/otroska-spalna-vreca-z-nogicami-kenguru-gold-tog-2-0-fox\/#primaryimage","url":"https:\/\/ajatutaja.com\/wp-content\/uploads\/2024\/10\/Zimska-spalna-vreca-z-nogicami-Kenguru-gold-fox-1.webp","contentUrl":"https:\/\/ajatutaja.com\/wp-content\/uploads\/2024\/10\/Zimska-spalna-vreca-z-nogicami-Kenguru-gold-fox-1.webp","width":700,"height":700},{"@type":"BreadcrumbList","@id":"https:\/\/ajatutaja.com\/izdelek\/otroska-spalna-vreca-z-nogicami-kenguru-gold-tog-2-0-fox\/#breadcrumb","itemListElement":[{"@type":"ListItem","position":1,"name":"Home","item":"https:\/\/ajatutaja.com\/hr\/"},{"@type":"ListItem","position":2,"name":"Trgovina","item":"https:\/\/ajatutaja.com\/hr\/trgovina\/"},{"@type":"ListItem","position":3,"name":"Otro\u0161ka spalna vre\u010da z nogicami Kenguru Gold (TOG 2.0) Fox"}]},{"@type":"WebSite","@id":"https:\/\/ajatutaja.com\/#website","url":"https:\/\/ajatutaja.com\/","name":"Ajatutaja","description":"Otro\u0161ka spletna trgovina AJATUTAJA","publisher":{"@id":"https:\/\/ajatutaja.com\/#organization"},"potentialAction":[{"@type":"SearchAction","target":{"@type":"EntryPoint","urlTemplate":"https:\/\/ajatutaja.com\/?s={search_term_string}"},"query-input":{"@type":"PropertyValueSpecification","valueRequired":true,"valueName":"search_term_string"}}],"inLanguage":"hr"},{"@type":"Organization","@id":"https:\/\/ajatutaja.com\/#organization","name":"Ajatutaja","url":"https:\/\/ajatutaja.com\/","logo":{"@type":"ImageObject","inLanguage":"hr","@id":"https:\/\/ajatutaja.com\/#\/schema\/logo\/image\/","url":"https:\/\/ajatutaja.com\/wp-content\/uploads\/2021\/10\/logo.png","contentUrl":"https:\/\/ajatutaja.com\/wp-content\/uploads\/2021\/10\/logo.png","width":555,"height":150,"caption":"Ajatutaja"},"image":{"@id":"https:\/\/ajatutaja.com\/#\/schema\/logo\/image\/"}}]}},"brands":[{"id":5622,"name":"Kenguru Gold","slug":"kenguru-gold"},{"id":2611,"name":"Spanje","slug":"spanje"}],"_links":{"self":[{"href":"https:\/\/ajatutaja.com\/hr\/wp-json\/wp\/v2\/product\/68823","targetHints":{"allow":["GET"]}}],"collection":[{"href":"https:\/\/ajatutaja.com\/hr\/wp-json\/wp\/v2\/product"}],"about":[{"href":"https:\/\/ajatutaja.com\/hr\/wp-json\/wp\/v2\/types\/product"}],"wp:featuredmedia":[{"embeddable":true,"href":"https:\/\/ajatutaja.com\/hr\/wp-json\/wp\/v2\/media\/68826"}],"wp:attachment":[{"href":"https:\/\/ajatutaja.com\/hr\/wp-json\/wp\/v2\/media?parent=68823"}],"wp:term":[{"taxonomy":"pwb-brand","embeddable":true,"href":"https:\/\/ajatutaja.com\/hr\/wp-json\/wp\/v2\/pwb-brand?post=68823"},{"taxonomy":"product_brand","embeddable":true,"href":"https:\/\/ajatutaja.com\/hr\/wp-json\/wp\/v2\/product_brand?post=68823"},{"taxonomy":"product_cat","embeddable":true,"href":"https:\/\/ajatutaja.com\/hr\/wp-json\/wp\/v2\/product_cat?post=68823"},{"taxonomy":"product_tag","embeddable":true,"href":"https:\/\/ajatutaja.com\/hr\/wp-json\/wp\/v2\/product_tag?post=68823"}],"curies":[{"name":"wp","href":"https:\/\/api.w.org\/{rel}","templated":true}]}}