{"id":68782,"date":"2026-03-12T10:25:00","date_gmt":"2026-03-12T09:25:00","guid":{"rendered":"https:\/\/ajatutaja.com\/?post_type=product&#038;p=68782"},"modified":"2026-03-13T12:07:15","modified_gmt":"2026-03-13T11:07:15","slug":"bandana-slincek-z-grizalom-cheeky-chompers-leopard","status":"publish","type":"product","link":"https:\/\/ajatutaja.com\/hr\/proizvod\/bandana-slincek-z-grizalom-cheeky-chompers-leopard\/","title":{"rendered":"Bandana slin\u010dek z grizalom Cheeky Chompers &#8211; Leopard"},"content":{"rendered":"<p>[vc_row][vc_column][vc_column_text]Lastnosti Cheeky Chompers Neckerchew Premium:<\/p>\n<ul>\n<li>moderno oblikovana in izjemno prikupna slin\u010dek \/ rutka, uporabna na obeh straneh &#8211; 2 rutici v 1<\/li>\n<li>izdelana je iz 3 slojev super mehkega in zelo vpojnega\u00a0 100% bomba\u017ea, primerna za dojen\u010dke, ki se mo\u010dno slinijo, dodatna notranja plast vsrka vlago in prepre\u010duje vnetja in dra\u017eenje ko\u017ee<\/li>\n<li>zapenja se z dvema pritisnima gumboma, prilagodljiva glede na obseg otrokovega vratu<\/li>\n<li>izjemna higienska re\u0161itev s pritrjenim grizalom, saj tega dojen\u010dki ne morejo izpustiti na tla, odvr\u017eti ali izgubiti<\/li>\n<li>\u017eve\u010dljivo grizalo z reliefno teksturo, v obliki triangela je popolno za pomirjanje dojen\u010dkovih dlesni, z \u017eve\u010denjem mal\u010dkom pomaga ubla\u017eiti bole\u010dino in napetost v dlesnih<\/li>\n<li>primerna za pranje v pralnem stroju (40\u00b0C). Ni primerno za su\u0161enje v su\u0161ilnem stroju.<\/li>\n<li>v celoti narejena v Veliki Britaniji<\/li>\n<li>temeljito testirana, presega vse Evropske standarde<\/li>\n<\/ul>\n<p>[\/vc_column_text][\/vc_column][\/vc_row]<\/p>\n","protected":false},"excerpt":{"rendered":"<p>Bandana slin\u010dek z grizalom Cheeky Chompers poskrbi, da so mal\u010dki v \u010dasu &#8220;slinjenja&#8221; in izra\u0161\u010danja zobkov vedno suhi. Grizalo iz kav\u010duka na dnu slin\u010dka, pa je izredno priro\u010dno za male rokice.<\/p>\n<p>&nbsp;<\/p>\n","protected":false},"featured_media":68784,"template":"","meta":[],"pwb-brand":[5621,2269],"product_brand":[],"product_cat":[2308,2266,2309],"product_tag":[4122],"class_list":{"0":"post-68782","1":"product","2":"type-product","3":"status-publish","4":"has-post-thumbnail","6":"pwb-brand-cheeky-chompers","7":"pwb-brand-hranjenje","8":"product_cat-grizala-za-zobke","9":"product_cat-hranjenje","10":"product_cat-otroski-slincki","11":"product_tag-cheeky-chompers","13":"first","14":"instock","15":"taxable","16":"shipping-taxable","17":"purchasable","18":"product-type-simple","19":"add-to-wishlist-before_image"},"yoast_head":"<!-- This site is optimized with the Yoast SEO plugin v27.3 - https:\/\/yoast.com\/product\/yoast-seo-wordpress\/ -->\n<title>Bandana slin\u010dek z grizalom Cheeky Chompers - Leopard | Ajatutaja<\/title>\n<meta name=\"description\" content=\"Bandana slin\u010dek z grizalom Cheeky Chompers poskrbi, da so mal\u010dki v \u010dasu &quot;slinjenja&quot; in izra\u0161\u010danja zobkov vedno suhi. Grizalo iz kav\u010duka je na dnu slin\u010dka.\" \/>\n<meta name=\"robots\" content=\"index, follow, max-snippet:-1, max-image-preview:large, max-video-preview:-1\" \/>\n<link rel=\"canonical\" href=\"https:\/\/ajatutaja.com\/izdelek\/bandana-slincek-z-grizalom-cheeky-chompers-leopard\/\" \/>\n<meta property=\"og:locale\" content=\"hr_HR\" \/>\n<meta property=\"og:type\" content=\"article\" \/>\n<meta property=\"og:title\" content=\"Bandana slin\u010dek z grizalom Cheeky Chompers - Leopard | Ajatutaja\" \/>\n<meta property=\"og:description\" content=\"Bandana slin\u010dek z grizalom Cheeky Chompers poskrbi, da so mal\u010dki v \u010dasu &quot;slinjenja&quot; in izra\u0161\u010danja zobkov vedno suhi. Grizalo iz kav\u010duka je na dnu slin\u010dka.\" \/>\n<meta property=\"og:url\" content=\"https:\/\/ajatutaja.com\/izdelek\/bandana-slincek-z-grizalom-cheeky-chompers-leopard\/\" \/>\n<meta property=\"og:site_name\" content=\"Ajatutaja\" \/>\n<meta property=\"article:modified_time\" content=\"2026-03-13T11:07:15+00:00\" \/>\n<meta property=\"og:image\" content=\"https:\/\/ajatutaja.com\/wp-content\/uploads\/2024\/10\/Slincek-z-grizalom-leopard-1.jpg\" \/>\n\t<meta property=\"og:image:width\" content=\"1000\" \/>\n\t<meta property=\"og:image:height\" content=\"1000\" \/>\n\t<meta property=\"og:image:type\" content=\"image\/jpeg\" \/>\n<meta name=\"twitter:card\" content=\"summary_large_image\" \/>\n<meta name=\"twitter:label1\" content=\"Procijenjeno vrijeme \u010ditanja\" \/>\n\t<meta name=\"twitter:data1\" content=\"1 minuta\" \/>\n<script type=\"application\/ld+json\" class=\"yoast-schema-graph\">{\"@context\":\"https:\\\/\\\/schema.org\",\"@graph\":[{\"@type\":\"WebPage\",\"@id\":\"https:\\\/\\\/ajatutaja.com\\\/izdelek\\\/bandana-slincek-z-grizalom-cheeky-chompers-leopard\\\/\",\"url\":\"https:\\\/\\\/ajatutaja.com\\\/izdelek\\\/bandana-slincek-z-grizalom-cheeky-chompers-leopard\\\/\",\"name\":\"Bandana slin\u010dek z grizalom Cheeky Chompers - Leopard | Ajatutaja\",\"isPartOf\":{\"@id\":\"https:\\\/\\\/ajatutaja.com\\\/#website\"},\"primaryImageOfPage\":{\"@id\":\"https:\\\/\\\/ajatutaja.com\\\/izdelek\\\/bandana-slincek-z-grizalom-cheeky-chompers-leopard\\\/#primaryimage\"},\"image\":{\"@id\":\"https:\\\/\\\/ajatutaja.com\\\/izdelek\\\/bandana-slincek-z-grizalom-cheeky-chompers-leopard\\\/#primaryimage\"},\"thumbnailUrl\":\"https:\\\/\\\/ajatutaja.com\\\/wp-content\\\/uploads\\\/2024\\\/10\\\/Slincek-z-grizalom-leopard-1.jpg\",\"datePublished\":\"2026-03-12T09:25:00+00:00\",\"dateModified\":\"2026-03-13T11:07:15+00:00\",\"description\":\"Bandana slin\u010dek z grizalom Cheeky Chompers poskrbi, da so mal\u010dki v \u010dasu \\\"slinjenja\\\" in izra\u0161\u010danja zobkov vedno suhi. Grizalo iz kav\u010duka je na dnu slin\u010dka.\",\"breadcrumb\":{\"@id\":\"https:\\\/\\\/ajatutaja.com\\\/izdelek\\\/bandana-slincek-z-grizalom-cheeky-chompers-leopard\\\/#breadcrumb\"},\"inLanguage\":\"hr\",\"potentialAction\":[{\"@type\":\"ReadAction\",\"target\":[\"https:\\\/\\\/ajatutaja.com\\\/izdelek\\\/bandana-slincek-z-grizalom-cheeky-chompers-leopard\\\/\"]}]},{\"@type\":\"ImageObject\",\"inLanguage\":\"hr\",\"@id\":\"https:\\\/\\\/ajatutaja.com\\\/izdelek\\\/bandana-slincek-z-grizalom-cheeky-chompers-leopard\\\/#primaryimage\",\"url\":\"https:\\\/\\\/ajatutaja.com\\\/wp-content\\\/uploads\\\/2024\\\/10\\\/Slincek-z-grizalom-leopard-1.jpg\",\"contentUrl\":\"https:\\\/\\\/ajatutaja.com\\\/wp-content\\\/uploads\\\/2024\\\/10\\\/Slincek-z-grizalom-leopard-1.jpg\",\"width\":1000,\"height\":1000},{\"@type\":\"BreadcrumbList\",\"@id\":\"https:\\\/\\\/ajatutaja.com\\\/izdelek\\\/bandana-slincek-z-grizalom-cheeky-chompers-leopard\\\/#breadcrumb\",\"itemListElement\":[{\"@type\":\"ListItem\",\"position\":1,\"name\":\"Home\",\"item\":\"https:\\\/\\\/ajatutaja.com\\\/hr\\\/\"},{\"@type\":\"ListItem\",\"position\":2,\"name\":\"Trgovina\",\"item\":\"https:\\\/\\\/ajatutaja.com\\\/hr\\\/trgovina\\\/\"},{\"@type\":\"ListItem\",\"position\":3,\"name\":\"Bandana slin\u010dek z grizalom Cheeky Chompers &#8211; Leopard\"}]},{\"@type\":\"WebSite\",\"@id\":\"https:\\\/\\\/ajatutaja.com\\\/#website\",\"url\":\"https:\\\/\\\/ajatutaja.com\\\/\",\"name\":\"Ajatutaja\",\"description\":\"Otro\u0161ka spletna trgovina AJATUTAJA\",\"publisher\":{\"@id\":\"https:\\\/\\\/ajatutaja.com\\\/#organization\"},\"potentialAction\":[{\"@type\":\"SearchAction\",\"target\":{\"@type\":\"EntryPoint\",\"urlTemplate\":\"https:\\\/\\\/ajatutaja.com\\\/?s={search_term_string}\"},\"query-input\":{\"@type\":\"PropertyValueSpecification\",\"valueRequired\":true,\"valueName\":\"search_term_string\"}}],\"inLanguage\":\"hr\"},{\"@type\":\"Organization\",\"@id\":\"https:\\\/\\\/ajatutaja.com\\\/#organization\",\"name\":\"Ajatutaja\",\"url\":\"https:\\\/\\\/ajatutaja.com\\\/\",\"logo\":{\"@type\":\"ImageObject\",\"inLanguage\":\"hr\",\"@id\":\"https:\\\/\\\/ajatutaja.com\\\/#\\\/schema\\\/logo\\\/image\\\/\",\"url\":\"https:\\\/\\\/ajatutaja.com\\\/wp-content\\\/uploads\\\/2021\\\/10\\\/logo.png\",\"contentUrl\":\"https:\\\/\\\/ajatutaja.com\\\/wp-content\\\/uploads\\\/2021\\\/10\\\/logo.png\",\"width\":555,\"height\":150,\"caption\":\"Ajatutaja\"},\"image\":{\"@id\":\"https:\\\/\\\/ajatutaja.com\\\/#\\\/schema\\\/logo\\\/image\\\/\"}}]}<\/script>\n<!-- \/ Yoast SEO plugin. -->","yoast_head_json":{"title":"Bandana slin\u010dek z grizalom Cheeky Chompers - Leopard | Ajatutaja","description":"Bandana slin\u010dek z grizalom Cheeky Chompers poskrbi, da so mal\u010dki v \u010dasu \"slinjenja\" in izra\u0161\u010danja zobkov vedno suhi. Grizalo iz kav\u010duka je na dnu slin\u010dka.","robots":{"index":"index","follow":"follow","max-snippet":"max-snippet:-1","max-image-preview":"max-image-preview:large","max-video-preview":"max-video-preview:-1"},"canonical":"https:\/\/ajatutaja.com\/izdelek\/bandana-slincek-z-grizalom-cheeky-chompers-leopard\/","og_locale":"hr_HR","og_type":"article","og_title":"Bandana slin\u010dek z grizalom Cheeky Chompers - Leopard | Ajatutaja","og_description":"Bandana slin\u010dek z grizalom Cheeky Chompers poskrbi, da so mal\u010dki v \u010dasu \"slinjenja\" in izra\u0161\u010danja zobkov vedno suhi. Grizalo iz kav\u010duka je na dnu slin\u010dka.","og_url":"https:\/\/ajatutaja.com\/izdelek\/bandana-slincek-z-grizalom-cheeky-chompers-leopard\/","og_site_name":"Ajatutaja","article_modified_time":"2026-03-13T11:07:15+00:00","og_image":[{"width":1000,"height":1000,"url":"https:\/\/ajatutaja.com\/wp-content\/uploads\/2024\/10\/Slincek-z-grizalom-leopard-1.jpg","type":"image\/jpeg"}],"twitter_card":"summary_large_image","twitter_misc":{"Procijenjeno vrijeme \u010ditanja":"1 minuta"},"schema":{"@context":"https:\/\/schema.org","@graph":[{"@type":"WebPage","@id":"https:\/\/ajatutaja.com\/izdelek\/bandana-slincek-z-grizalom-cheeky-chompers-leopard\/","url":"https:\/\/ajatutaja.com\/izdelek\/bandana-slincek-z-grizalom-cheeky-chompers-leopard\/","name":"Bandana slin\u010dek z grizalom Cheeky Chompers - Leopard | Ajatutaja","isPartOf":{"@id":"https:\/\/ajatutaja.com\/#website"},"primaryImageOfPage":{"@id":"https:\/\/ajatutaja.com\/izdelek\/bandana-slincek-z-grizalom-cheeky-chompers-leopard\/#primaryimage"},"image":{"@id":"https:\/\/ajatutaja.com\/izdelek\/bandana-slincek-z-grizalom-cheeky-chompers-leopard\/#primaryimage"},"thumbnailUrl":"https:\/\/ajatutaja.com\/wp-content\/uploads\/2024\/10\/Slincek-z-grizalom-leopard-1.jpg","datePublished":"2026-03-12T09:25:00+00:00","dateModified":"2026-03-13T11:07:15+00:00","description":"Bandana slin\u010dek z grizalom Cheeky Chompers poskrbi, da so mal\u010dki v \u010dasu \"slinjenja\" in izra\u0161\u010danja zobkov vedno suhi. Grizalo iz kav\u010duka je na dnu slin\u010dka.","breadcrumb":{"@id":"https:\/\/ajatutaja.com\/izdelek\/bandana-slincek-z-grizalom-cheeky-chompers-leopard\/#breadcrumb"},"inLanguage":"hr","potentialAction":[{"@type":"ReadAction","target":["https:\/\/ajatutaja.com\/izdelek\/bandana-slincek-z-grizalom-cheeky-chompers-leopard\/"]}]},{"@type":"ImageObject","inLanguage":"hr","@id":"https:\/\/ajatutaja.com\/izdelek\/bandana-slincek-z-grizalom-cheeky-chompers-leopard\/#primaryimage","url":"https:\/\/ajatutaja.com\/wp-content\/uploads\/2024\/10\/Slincek-z-grizalom-leopard-1.jpg","contentUrl":"https:\/\/ajatutaja.com\/wp-content\/uploads\/2024\/10\/Slincek-z-grizalom-leopard-1.jpg","width":1000,"height":1000},{"@type":"BreadcrumbList","@id":"https:\/\/ajatutaja.com\/izdelek\/bandana-slincek-z-grizalom-cheeky-chompers-leopard\/#breadcrumb","itemListElement":[{"@type":"ListItem","position":1,"name":"Home","item":"https:\/\/ajatutaja.com\/hr\/"},{"@type":"ListItem","position":2,"name":"Trgovina","item":"https:\/\/ajatutaja.com\/hr\/trgovina\/"},{"@type":"ListItem","position":3,"name":"Bandana slin\u010dek z grizalom Cheeky Chompers &#8211; Leopard"}]},{"@type":"WebSite","@id":"https:\/\/ajatutaja.com\/#website","url":"https:\/\/ajatutaja.com\/","name":"Ajatutaja","description":"Otro\u0161ka spletna trgovina AJATUTAJA","publisher":{"@id":"https:\/\/ajatutaja.com\/#organization"},"potentialAction":[{"@type":"SearchAction","target":{"@type":"EntryPoint","urlTemplate":"https:\/\/ajatutaja.com\/?s={search_term_string}"},"query-input":{"@type":"PropertyValueSpecification","valueRequired":true,"valueName":"search_term_string"}}],"inLanguage":"hr"},{"@type":"Organization","@id":"https:\/\/ajatutaja.com\/#organization","name":"Ajatutaja","url":"https:\/\/ajatutaja.com\/","logo":{"@type":"ImageObject","inLanguage":"hr","@id":"https:\/\/ajatutaja.com\/#\/schema\/logo\/image\/","url":"https:\/\/ajatutaja.com\/wp-content\/uploads\/2021\/10\/logo.png","contentUrl":"https:\/\/ajatutaja.com\/wp-content\/uploads\/2021\/10\/logo.png","width":555,"height":150,"caption":"Ajatutaja"},"image":{"@id":"https:\/\/ajatutaja.com\/#\/schema\/logo\/image\/"}}]}},"brands":[{"id":5621,"name":"Cheeky Chompers\u00ae","slug":"cheeky-chompers"},{"id":2269,"name":"Hranjenje","slug":"hranjenje"}],"_links":{"self":[{"href":"https:\/\/ajatutaja.com\/hr\/wp-json\/wp\/v2\/product\/68782","targetHints":{"allow":["GET"]}}],"collection":[{"href":"https:\/\/ajatutaja.com\/hr\/wp-json\/wp\/v2\/product"}],"about":[{"href":"https:\/\/ajatutaja.com\/hr\/wp-json\/wp\/v2\/types\/product"}],"wp:featuredmedia":[{"embeddable":true,"href":"https:\/\/ajatutaja.com\/hr\/wp-json\/wp\/v2\/media\/68784"}],"wp:attachment":[{"href":"https:\/\/ajatutaja.com\/hr\/wp-json\/wp\/v2\/media?parent=68782"}],"wp:term":[{"taxonomy":"pwb-brand","embeddable":true,"href":"https:\/\/ajatutaja.com\/hr\/wp-json\/wp\/v2\/pwb-brand?post=68782"},{"taxonomy":"product_brand","embeddable":true,"href":"https:\/\/ajatutaja.com\/hr\/wp-json\/wp\/v2\/product_brand?post=68782"},{"taxonomy":"product_cat","embeddable":true,"href":"https:\/\/ajatutaja.com\/hr\/wp-json\/wp\/v2\/product_cat?post=68782"},{"taxonomy":"product_tag","embeddable":true,"href":"https:\/\/ajatutaja.com\/hr\/wp-json\/wp\/v2\/product_tag?post=68782"}],"curies":[{"name":"wp","href":"https:\/\/api.w.org\/{rel}","templated":true}]}}