{"id":68365,"date":"2024-09-24T16:41:19","date_gmt":"2024-09-24T14:41:19","guid":{"rendered":"https:\/\/ajatutaja.com\/?post_type=product&#038;p=68365"},"modified":"2024-12-09T13:11:04","modified_gmt":"2024-12-09T12:11:04","slug":"aktivnostni-trikotnik-little-dutch-fairy-garden","status":"publish","type":"product","link":"https:\/\/ajatutaja.com\/hr\/proizvod\/aktivnostni-trikotnik-little-dutch-fairy-garden\/","title":{"rendered":"Aktivnostni trikotnik Little Dutch Fairy Garden"},"content":{"rendered":"<p>Nizozemski proizvajalec Little Dutch izdeluje brez\u010dasne igra\u010de visoke kakovosti, z elegantnimi barvami, odtisi in ilustracijami. Vsi izdelki so skladni z evropskimi direktivami in se proizvajajo brez dela otrok in na dru\u017ebeno odgovoren na\u010din.<\/p>\n<h3>Lastnosti aktivnostnega trikotnika Little Dutch:<\/h3>\n<ul>\n<li>Material: zunanji del: 80% poliester, 20% bomba\u017e; polnilo: 100% poliester<\/li>\n<li>Starost: 0m+<\/li>\n<\/ul>\n<p><strong>Dimenzije:\u00a0<\/strong><\/p>\n<ul>\n<li id=\"tw-target-text\" dir=\"ltr\" data-placeholder=\"Prevod\"><span lang=\"sl\">\u0160irina: 35 (cm)<\/span><\/li>\n<li dir=\"ltr\" data-placeholder=\"Prevod\">Vi\u0161ina: 20 (cm)<\/li>\n<li dir=\"ltr\" data-placeholder=\"Prevod\">Premer: 19 x 20 cm<\/li>\n<\/ul>\n<ul>\n<li>Vzdr\u017eevanje: ro\u010dno pranje na 30\u00b0C<\/li>\n<\/ul>\n<p>Varno za otroke &#8211; izdelek je skladen z evropsko uredbo REACH in evropsko direktivo EN-71.<\/p>\n","protected":false},"excerpt":{"rendered":"<p>Mehki aktivnostni trikotnik Little Dutch z motivom Fairy Garden\u00a0 in njegovih prijateljev iz \u010darobnega vrta vsebuje \u0161tevilne gibajo\u010de elemente, ki spodbujajo otrokova \u010dutila. <span lang=\"sl\">Vsaka stran ima druga\u010dno dejavnost in je oble\u010dena v razli\u010dne teksture, oblike in stimulativne lastnosti. <\/span>Igra\u010da v obliki trikotnika otroku omogo\u010dajo pridobitev novih ve\u0161\u010din, saj lahko: vadi oprijem (stisk, prejemanje iz ene roke v drugo), prijema za razli\u010dne teksture tkanine in spoznava nove pisane prijatelje, ki naredijo zvok z vsakim gibanjem.<\/p>\n","protected":false},"featured_media":68366,"template":"","meta":[],"pwb-brand":[2452,2457],"product_brand":[],"product_cat":[3986,2717,2711,2362,2442],"product_tag":[5614,4002],"class_list":{"0":"post-68365","1":"product","2":"type-product","3":"status-publish","4":"has-post-thumbnail","6":"pwb-brand-igranje","7":"pwb-brand-little-dutch-igra","8":"product_cat-novorojencek-igrace","9":"product_cat-darilo-do-50e","10":"product_cat-darilo-ob-rojstvu","11":"product_cat-igranje","12":"product_cat-senzoricne-igrace","13":"product_tag-fairy-garden","14":"product_tag-little-dutch","16":"first","17":"outofstock","18":"taxable","19":"shipping-taxable","20":"purchasable","21":"product-type-simple","22":"add-to-wishlist-before_image"},"yoast_head":"<!-- This site is optimized with the Yoast SEO plugin v27.3 - https:\/\/yoast.com\/product\/yoast-seo-wordpress\/ -->\n<title>Aktivnostni trikotnik Little Dutch Fairy Garden | Ajatutaja<\/title>\n<meta name=\"description\" content=\"Mehki aktivnostni trikotnik Little Dutch z motivom Fairy Garden pti\u010dice in njegovih gozdnih prijateljev vsebuje \u0161tevilne gibajo\u010de elemente, ki spodbujajo otrokova \u010dutila.\" \/>\n<meta name=\"robots\" content=\"index, follow, max-snippet:-1, max-image-preview:large, max-video-preview:-1\" \/>\n<link rel=\"canonical\" href=\"https:\/\/ajatutaja.com\/izdelek\/aktivnostni-trikotnik-little-dutch-fairy-garden\/\" \/>\n<meta property=\"og:locale\" content=\"hr_HR\" \/>\n<meta property=\"og:type\" content=\"article\" \/>\n<meta property=\"og:title\" content=\"Aktivnostni trikotnik Little Dutch Fairy Garden | Ajatutaja\" \/>\n<meta property=\"og:description\" content=\"Mehki aktivnostni trikotnik Little Dutch z motivom Fairy Garden pti\u010dice in njegovih gozdnih prijateljev vsebuje \u0161tevilne gibajo\u010de elemente, ki spodbujajo otrokova \u010dutila.\" \/>\n<meta property=\"og:url\" content=\"https:\/\/ajatutaja.com\/izdelek\/aktivnostni-trikotnik-little-dutch-fairy-garden\/\" \/>\n<meta property=\"og:site_name\" content=\"Ajatutaja\" \/>\n<meta property=\"article:modified_time\" content=\"2024-12-09T12:11:04+00:00\" \/>\n<meta property=\"og:image\" content=\"https:\/\/ajatutaja.com\/wp-content\/uploads\/2024\/09\/aktivnostni-trikotnik-fairy-garden-1.jpg\" \/>\n\t<meta property=\"og:image:width\" content=\"480\" \/>\n\t<meta property=\"og:image:height\" content=\"480\" \/>\n\t<meta property=\"og:image:type\" content=\"image\/jpeg\" \/>\n<meta name=\"twitter:card\" content=\"summary_large_image\" \/>\n<script type=\"application\/ld+json\" class=\"yoast-schema-graph\">{\"@context\":\"https:\\\/\\\/schema.org\",\"@graph\":[{\"@type\":\"WebPage\",\"@id\":\"https:\\\/\\\/ajatutaja.com\\\/izdelek\\\/aktivnostni-trikotnik-little-dutch-fairy-garden\\\/\",\"url\":\"https:\\\/\\\/ajatutaja.com\\\/izdelek\\\/aktivnostni-trikotnik-little-dutch-fairy-garden\\\/\",\"name\":\"Aktivnostni trikotnik Little Dutch Fairy Garden | Ajatutaja\",\"isPartOf\":{\"@id\":\"https:\\\/\\\/ajatutaja.com\\\/#website\"},\"primaryImageOfPage\":{\"@id\":\"https:\\\/\\\/ajatutaja.com\\\/izdelek\\\/aktivnostni-trikotnik-little-dutch-fairy-garden\\\/#primaryimage\"},\"image\":{\"@id\":\"https:\\\/\\\/ajatutaja.com\\\/izdelek\\\/aktivnostni-trikotnik-little-dutch-fairy-garden\\\/#primaryimage\"},\"thumbnailUrl\":\"https:\\\/\\\/ajatutaja.com\\\/wp-content\\\/uploads\\\/2024\\\/09\\\/aktivnostni-trikotnik-fairy-garden-1.jpg\",\"datePublished\":\"2024-09-24T14:41:19+00:00\",\"dateModified\":\"2024-12-09T12:11:04+00:00\",\"description\":\"Mehki aktivnostni trikotnik Little Dutch z motivom Fairy Garden pti\u010dice in njegovih gozdnih prijateljev vsebuje \u0161tevilne gibajo\u010de elemente, ki spodbujajo otrokova \u010dutila.\",\"breadcrumb\":{\"@id\":\"https:\\\/\\\/ajatutaja.com\\\/izdelek\\\/aktivnostni-trikotnik-little-dutch-fairy-garden\\\/#breadcrumb\"},\"inLanguage\":\"hr\",\"potentialAction\":[{\"@type\":\"ReadAction\",\"target\":[\"https:\\\/\\\/ajatutaja.com\\\/izdelek\\\/aktivnostni-trikotnik-little-dutch-fairy-garden\\\/\"]}]},{\"@type\":\"ImageObject\",\"inLanguage\":\"hr\",\"@id\":\"https:\\\/\\\/ajatutaja.com\\\/izdelek\\\/aktivnostni-trikotnik-little-dutch-fairy-garden\\\/#primaryimage\",\"url\":\"https:\\\/\\\/ajatutaja.com\\\/wp-content\\\/uploads\\\/2024\\\/09\\\/aktivnostni-trikotnik-fairy-garden-1.jpg\",\"contentUrl\":\"https:\\\/\\\/ajatutaja.com\\\/wp-content\\\/uploads\\\/2024\\\/09\\\/aktivnostni-trikotnik-fairy-garden-1.jpg\",\"width\":480,\"height\":480},{\"@type\":\"BreadcrumbList\",\"@id\":\"https:\\\/\\\/ajatutaja.com\\\/izdelek\\\/aktivnostni-trikotnik-little-dutch-fairy-garden\\\/#breadcrumb\",\"itemListElement\":[{\"@type\":\"ListItem\",\"position\":1,\"name\":\"Home\",\"item\":\"https:\\\/\\\/ajatutaja.com\\\/hr\\\/\"},{\"@type\":\"ListItem\",\"position\":2,\"name\":\"Trgovina\",\"item\":\"https:\\\/\\\/ajatutaja.com\\\/hr\\\/trgovina\\\/\"},{\"@type\":\"ListItem\",\"position\":3,\"name\":\"Aktivnostni trikotnik Little Dutch Fairy Garden\"}]},{\"@type\":\"WebSite\",\"@id\":\"https:\\\/\\\/ajatutaja.com\\\/#website\",\"url\":\"https:\\\/\\\/ajatutaja.com\\\/\",\"name\":\"Ajatutaja\",\"description\":\"Otro\u0161ka spletna trgovina AJATUTAJA\",\"publisher\":{\"@id\":\"https:\\\/\\\/ajatutaja.com\\\/#organization\"},\"potentialAction\":[{\"@type\":\"SearchAction\",\"target\":{\"@type\":\"EntryPoint\",\"urlTemplate\":\"https:\\\/\\\/ajatutaja.com\\\/?s={search_term_string}\"},\"query-input\":{\"@type\":\"PropertyValueSpecification\",\"valueRequired\":true,\"valueName\":\"search_term_string\"}}],\"inLanguage\":\"hr\"},{\"@type\":\"Organization\",\"@id\":\"https:\\\/\\\/ajatutaja.com\\\/#organization\",\"name\":\"Ajatutaja\",\"url\":\"https:\\\/\\\/ajatutaja.com\\\/\",\"logo\":{\"@type\":\"ImageObject\",\"inLanguage\":\"hr\",\"@id\":\"https:\\\/\\\/ajatutaja.com\\\/#\\\/schema\\\/logo\\\/image\\\/\",\"url\":\"https:\\\/\\\/ajatutaja.com\\\/wp-content\\\/uploads\\\/2021\\\/10\\\/logo.png\",\"contentUrl\":\"https:\\\/\\\/ajatutaja.com\\\/wp-content\\\/uploads\\\/2021\\\/10\\\/logo.png\",\"width\":555,\"height\":150,\"caption\":\"Ajatutaja\"},\"image\":{\"@id\":\"https:\\\/\\\/ajatutaja.com\\\/#\\\/schema\\\/logo\\\/image\\\/\"}}]}<\/script>\n<!-- \/ Yoast SEO plugin. -->","yoast_head_json":{"title":"Aktivnostni trikotnik Little Dutch Fairy Garden | Ajatutaja","description":"Mehki aktivnostni trikotnik Little Dutch z motivom Fairy Garden pti\u010dice in njegovih gozdnih prijateljev vsebuje \u0161tevilne gibajo\u010de elemente, ki spodbujajo otrokova \u010dutila.","robots":{"index":"index","follow":"follow","max-snippet":"max-snippet:-1","max-image-preview":"max-image-preview:large","max-video-preview":"max-video-preview:-1"},"canonical":"https:\/\/ajatutaja.com\/izdelek\/aktivnostni-trikotnik-little-dutch-fairy-garden\/","og_locale":"hr_HR","og_type":"article","og_title":"Aktivnostni trikotnik Little Dutch Fairy Garden | Ajatutaja","og_description":"Mehki aktivnostni trikotnik Little Dutch z motivom Fairy Garden pti\u010dice in njegovih gozdnih prijateljev vsebuje \u0161tevilne gibajo\u010de elemente, ki spodbujajo otrokova \u010dutila.","og_url":"https:\/\/ajatutaja.com\/izdelek\/aktivnostni-trikotnik-little-dutch-fairy-garden\/","og_site_name":"Ajatutaja","article_modified_time":"2024-12-09T12:11:04+00:00","og_image":[{"width":480,"height":480,"url":"https:\/\/ajatutaja.com\/wp-content\/uploads\/2024\/09\/aktivnostni-trikotnik-fairy-garden-1.jpg","type":"image\/jpeg"}],"twitter_card":"summary_large_image","schema":{"@context":"https:\/\/schema.org","@graph":[{"@type":"WebPage","@id":"https:\/\/ajatutaja.com\/izdelek\/aktivnostni-trikotnik-little-dutch-fairy-garden\/","url":"https:\/\/ajatutaja.com\/izdelek\/aktivnostni-trikotnik-little-dutch-fairy-garden\/","name":"Aktivnostni trikotnik Little Dutch Fairy Garden | Ajatutaja","isPartOf":{"@id":"https:\/\/ajatutaja.com\/#website"},"primaryImageOfPage":{"@id":"https:\/\/ajatutaja.com\/izdelek\/aktivnostni-trikotnik-little-dutch-fairy-garden\/#primaryimage"},"image":{"@id":"https:\/\/ajatutaja.com\/izdelek\/aktivnostni-trikotnik-little-dutch-fairy-garden\/#primaryimage"},"thumbnailUrl":"https:\/\/ajatutaja.com\/wp-content\/uploads\/2024\/09\/aktivnostni-trikotnik-fairy-garden-1.jpg","datePublished":"2024-09-24T14:41:19+00:00","dateModified":"2024-12-09T12:11:04+00:00","description":"Mehki aktivnostni trikotnik Little Dutch z motivom Fairy Garden pti\u010dice in njegovih gozdnih prijateljev vsebuje \u0161tevilne gibajo\u010de elemente, ki spodbujajo otrokova \u010dutila.","breadcrumb":{"@id":"https:\/\/ajatutaja.com\/izdelek\/aktivnostni-trikotnik-little-dutch-fairy-garden\/#breadcrumb"},"inLanguage":"hr","potentialAction":[{"@type":"ReadAction","target":["https:\/\/ajatutaja.com\/izdelek\/aktivnostni-trikotnik-little-dutch-fairy-garden\/"]}]},{"@type":"ImageObject","inLanguage":"hr","@id":"https:\/\/ajatutaja.com\/izdelek\/aktivnostni-trikotnik-little-dutch-fairy-garden\/#primaryimage","url":"https:\/\/ajatutaja.com\/wp-content\/uploads\/2024\/09\/aktivnostni-trikotnik-fairy-garden-1.jpg","contentUrl":"https:\/\/ajatutaja.com\/wp-content\/uploads\/2024\/09\/aktivnostni-trikotnik-fairy-garden-1.jpg","width":480,"height":480},{"@type":"BreadcrumbList","@id":"https:\/\/ajatutaja.com\/izdelek\/aktivnostni-trikotnik-little-dutch-fairy-garden\/#breadcrumb","itemListElement":[{"@type":"ListItem","position":1,"name":"Home","item":"https:\/\/ajatutaja.com\/hr\/"},{"@type":"ListItem","position":2,"name":"Trgovina","item":"https:\/\/ajatutaja.com\/hr\/trgovina\/"},{"@type":"ListItem","position":3,"name":"Aktivnostni trikotnik Little Dutch Fairy Garden"}]},{"@type":"WebSite","@id":"https:\/\/ajatutaja.com\/#website","url":"https:\/\/ajatutaja.com\/","name":"Ajatutaja","description":"Otro\u0161ka spletna trgovina AJATUTAJA","publisher":{"@id":"https:\/\/ajatutaja.com\/#organization"},"potentialAction":[{"@type":"SearchAction","target":{"@type":"EntryPoint","urlTemplate":"https:\/\/ajatutaja.com\/?s={search_term_string}"},"query-input":{"@type":"PropertyValueSpecification","valueRequired":true,"valueName":"search_term_string"}}],"inLanguage":"hr"},{"@type":"Organization","@id":"https:\/\/ajatutaja.com\/#organization","name":"Ajatutaja","url":"https:\/\/ajatutaja.com\/","logo":{"@type":"ImageObject","inLanguage":"hr","@id":"https:\/\/ajatutaja.com\/#\/schema\/logo\/image\/","url":"https:\/\/ajatutaja.com\/wp-content\/uploads\/2021\/10\/logo.png","contentUrl":"https:\/\/ajatutaja.com\/wp-content\/uploads\/2021\/10\/logo.png","width":555,"height":150,"caption":"Ajatutaja"},"image":{"@id":"https:\/\/ajatutaja.com\/#\/schema\/logo\/image\/"}}]}},"brands":[{"id":2452,"name":"Igranje","slug":"igranje"},{"id":2457,"name":"Little Dutch","slug":"little-dutch-igra"}],"_links":{"self":[{"href":"https:\/\/ajatutaja.com\/hr\/wp-json\/wp\/v2\/product\/68365","targetHints":{"allow":["GET"]}}],"collection":[{"href":"https:\/\/ajatutaja.com\/hr\/wp-json\/wp\/v2\/product"}],"about":[{"href":"https:\/\/ajatutaja.com\/hr\/wp-json\/wp\/v2\/types\/product"}],"wp:featuredmedia":[{"embeddable":true,"href":"https:\/\/ajatutaja.com\/hr\/wp-json\/wp\/v2\/media\/68366"}],"wp:attachment":[{"href":"https:\/\/ajatutaja.com\/hr\/wp-json\/wp\/v2\/media?parent=68365"}],"wp:term":[{"taxonomy":"pwb-brand","embeddable":true,"href":"https:\/\/ajatutaja.com\/hr\/wp-json\/wp\/v2\/pwb-brand?post=68365"},{"taxonomy":"product_brand","embeddable":true,"href":"https:\/\/ajatutaja.com\/hr\/wp-json\/wp\/v2\/product_brand?post=68365"},{"taxonomy":"product_cat","embeddable":true,"href":"https:\/\/ajatutaja.com\/hr\/wp-json\/wp\/v2\/product_cat?post=68365"},{"taxonomy":"product_tag","embeddable":true,"href":"https:\/\/ajatutaja.com\/hr\/wp-json\/wp\/v2\/product_tag?post=68365"}],"curies":[{"name":"wp","href":"https:\/\/api.w.org\/{rel}","templated":true}]}}