{"id":68052,"date":"2024-09-11T17:01:00","date_gmt":"2024-09-11T15:01:00","guid":{"rendered":"https:\/\/ajatutaja.com\/?post_type=product&#038;p=68052"},"modified":"2026-03-19T14:04:30","modified_gmt":"2026-03-19T13:04:30","slug":"previjalna-torba-mommy-club-vegan-leather-black","status":"publish","type":"product","link":"https:\/\/ajatutaja.com\/hr\/proizvod\/previjalna-torba-mommy-club-vegan-leather-black\/","title":{"rendered":"Previjalna torba MOMMY CLUB &#8211; Vegan Leather Black"},"content":{"rendered":"<p>[vc_row][vc_column][vc_column_text]Modna in fukcionalna previjalna torba Childhome iz kolekcije Mommy Club, ima prostornino 22L in je zelo priro\u010dna zaradi svoje velikosti.. Torba vsebuje previjalno podlogo, izolacijsko torbico in tri elasti\u010dne torbice za shranjevanje vla\u017eilnih rob\u010dkov, plenic, otro\u0161kih stekleni\u010dk itd.<\/p>\n<h4>Lastnosti previjalne torbe Childhome Mommy Club:<\/h4>\n<ul>\n<li>Uporabna kot previjalna torba in prakti\u010dna modna torba za vsak dan<\/li>\n<li>Vsebuje 3 elasti\u010dne \u017eepke in 1 izolacijsko torbico za fla\u0161ko, ter previjalno podlogo<\/li>\n<li>Enostavna namestitev na ro\u010daj vozi\u010dka s pomo\u010djo prilo\u017eenih paskov<\/li>\n<li>Omogo\u010da 2 mo\u017enosti no\u0161enja: z 2 ro\u010daji ali s prilo\u017eeni, ramenskim pasom<\/li>\n<li>Dimenzije: 38 x21x27 cm<\/li>\n<li>Materijal: Eko usnje \/ 100% Poliuretan<\/li>\n<li>Nega in vzdr\u017eevanje: \u010di\u0161\u010denje z vla\u017eno krpo in su\u017eenje na zraku<\/li>\n<\/ul>\n<p>[\/vc_column_text][\/vc_column][\/vc_row]<\/p>\n","protected":false},"excerpt":{"rendered":"<p style=\"text-align: justify\">Modna in zelo prakti\u010dna torba Childhome iz kolekcije MOMMY CLUB je lahko uporabna kot previjalna torba za vozi\u010dek, ali kot elegantna \u017eenska torba za vsakodnevne opravke. Nobena mamica se ji ne more upreti!<\/p>\n","protected":false},"featured_media":68055,"template":"","meta":[],"pwb-brand":[2422,2409],"product_brand":[],"product_cat":[2710,2262,2373],"product_tag":[4043,4358,5609],"class_list":{"0":"post-68052","1":"product","2":"type-product","3":"status-publish","4":"has-post-thumbnail","6":"pwb-brand-childhome-potepanje","7":"pwb-brand-potepanje","8":"product_cat-babyshower-darila","9":"product_cat-darilo-za-nosecnico","10":"product_cat-previjalne-torbe-za-vozicek","11":"product_tag-childhome","12":"product_tag-mommy-bag","13":"product_tag-mommy-club","15":"first","16":"outofstock","17":"taxable","18":"shipping-taxable","19":"purchasable","20":"product-type-simple","21":"add-to-wishlist-before_image"},"yoast_head":"<!-- This site is optimized with the Yoast SEO plugin v27.3 - https:\/\/yoast.com\/product\/yoast-seo-wordpress\/ -->\n<title>Previjalna torba MOMMY CLUB - Vegan Leather Black | Ajatutaja<\/title>\n<meta name=\"description\" content=\"Modna in zelo prakti\u010dna torba Childhome iz kolekcije MOMMY CLUB je uporabna kot previjalna torba za vozi\u010dek, kot elegantna \u017eenska torba za vsakodnevne opravke.\" \/>\n<meta name=\"robots\" content=\"index, follow, max-snippet:-1, max-image-preview:large, max-video-preview:-1\" \/>\n<link rel=\"canonical\" href=\"https:\/\/ajatutaja.com\/izdelek\/previjalna-torba-mommy-club-vegan-leather-black\/\" \/>\n<meta property=\"og:locale\" content=\"hr_HR\" \/>\n<meta property=\"og:type\" content=\"article\" \/>\n<meta property=\"og:title\" content=\"Previjalna torba MOMMY CLUB - Vegan Leather Black | Ajatutaja\" \/>\n<meta property=\"og:description\" content=\"Modna in zelo prakti\u010dna torba Childhome iz kolekcije MOMMY CLUB je uporabna kot previjalna torba za vozi\u010dek, kot elegantna \u017eenska torba za vsakodnevne opravke.\" \/>\n<meta property=\"og:url\" content=\"https:\/\/ajatutaja.com\/izdelek\/previjalna-torba-mommy-club-vegan-leather-black\/\" \/>\n<meta property=\"og:site_name\" content=\"Ajatutaja\" \/>\n<meta property=\"article:modified_time\" content=\"2026-03-19T13:04:30+00:00\" \/>\n<meta property=\"og:image\" content=\"https:\/\/ajatutaja.com\/wp-content\/uploads\/2024\/09\/Childhome-previjalna-torba-crna-family-club-ajataja-3.jpg\" \/>\n\t<meta property=\"og:image:width\" content=\"700\" \/>\n\t<meta property=\"og:image:height\" content=\"700\" \/>\n\t<meta property=\"og:image:type\" content=\"image\/jpeg\" \/>\n<meta name=\"twitter:card\" content=\"summary_large_image\" \/>\n<meta name=\"twitter:label1\" content=\"Procijenjeno vrijeme \u010ditanja\" \/>\n\t<meta name=\"twitter:data1\" content=\"1 minuta\" \/>\n<script type=\"application\/ld+json\" class=\"yoast-schema-graph\">{\"@context\":\"https:\\\/\\\/schema.org\",\"@graph\":[{\"@type\":\"WebPage\",\"@id\":\"https:\\\/\\\/ajatutaja.com\\\/izdelek\\\/previjalna-torba-mommy-club-vegan-leather-black\\\/\",\"url\":\"https:\\\/\\\/ajatutaja.com\\\/izdelek\\\/previjalna-torba-mommy-club-vegan-leather-black\\\/\",\"name\":\"Previjalna torba MOMMY CLUB - Vegan Leather Black | Ajatutaja\",\"isPartOf\":{\"@id\":\"https:\\\/\\\/ajatutaja.com\\\/#website\"},\"primaryImageOfPage\":{\"@id\":\"https:\\\/\\\/ajatutaja.com\\\/izdelek\\\/previjalna-torba-mommy-club-vegan-leather-black\\\/#primaryimage\"},\"image\":{\"@id\":\"https:\\\/\\\/ajatutaja.com\\\/izdelek\\\/previjalna-torba-mommy-club-vegan-leather-black\\\/#primaryimage\"},\"thumbnailUrl\":\"https:\\\/\\\/ajatutaja.com\\\/wp-content\\\/uploads\\\/2024\\\/09\\\/Childhome-previjalna-torba-crna-family-club-ajataja-3.jpg\",\"datePublished\":\"2024-09-11T15:01:00+00:00\",\"dateModified\":\"2026-03-19T13:04:30+00:00\",\"description\":\"Modna in zelo prakti\u010dna torba Childhome iz kolekcije MOMMY CLUB je uporabna kot previjalna torba za vozi\u010dek, kot elegantna \u017eenska torba za vsakodnevne opravke.\",\"breadcrumb\":{\"@id\":\"https:\\\/\\\/ajatutaja.com\\\/izdelek\\\/previjalna-torba-mommy-club-vegan-leather-black\\\/#breadcrumb\"},\"inLanguage\":\"hr\",\"potentialAction\":[{\"@type\":\"ReadAction\",\"target\":[\"https:\\\/\\\/ajatutaja.com\\\/izdelek\\\/previjalna-torba-mommy-club-vegan-leather-black\\\/\"]}]},{\"@type\":\"ImageObject\",\"inLanguage\":\"hr\",\"@id\":\"https:\\\/\\\/ajatutaja.com\\\/izdelek\\\/previjalna-torba-mommy-club-vegan-leather-black\\\/#primaryimage\",\"url\":\"https:\\\/\\\/ajatutaja.com\\\/wp-content\\\/uploads\\\/2024\\\/09\\\/Childhome-previjalna-torba-crna-family-club-ajataja-3.jpg\",\"contentUrl\":\"https:\\\/\\\/ajatutaja.com\\\/wp-content\\\/uploads\\\/2024\\\/09\\\/Childhome-previjalna-torba-crna-family-club-ajataja-3.jpg\",\"width\":700,\"height\":700},{\"@type\":\"BreadcrumbList\",\"@id\":\"https:\\\/\\\/ajatutaja.com\\\/izdelek\\\/previjalna-torba-mommy-club-vegan-leather-black\\\/#breadcrumb\",\"itemListElement\":[{\"@type\":\"ListItem\",\"position\":1,\"name\":\"Home\",\"item\":\"https:\\\/\\\/ajatutaja.com\\\/hr\\\/\"},{\"@type\":\"ListItem\",\"position\":2,\"name\":\"Trgovina\",\"item\":\"https:\\\/\\\/ajatutaja.com\\\/hr\\\/trgovina\\\/\"},{\"@type\":\"ListItem\",\"position\":3,\"name\":\"Previjalna torba MOMMY CLUB &#8211; Vegan Leather Black\"}]},{\"@type\":\"WebSite\",\"@id\":\"https:\\\/\\\/ajatutaja.com\\\/#website\",\"url\":\"https:\\\/\\\/ajatutaja.com\\\/\",\"name\":\"Ajatutaja\",\"description\":\"Otro\u0161ka spletna trgovina AJATUTAJA\",\"publisher\":{\"@id\":\"https:\\\/\\\/ajatutaja.com\\\/#organization\"},\"potentialAction\":[{\"@type\":\"SearchAction\",\"target\":{\"@type\":\"EntryPoint\",\"urlTemplate\":\"https:\\\/\\\/ajatutaja.com\\\/?s={search_term_string}\"},\"query-input\":{\"@type\":\"PropertyValueSpecification\",\"valueRequired\":true,\"valueName\":\"search_term_string\"}}],\"inLanguage\":\"hr\"},{\"@type\":\"Organization\",\"@id\":\"https:\\\/\\\/ajatutaja.com\\\/#organization\",\"name\":\"Ajatutaja\",\"url\":\"https:\\\/\\\/ajatutaja.com\\\/\",\"logo\":{\"@type\":\"ImageObject\",\"inLanguage\":\"hr\",\"@id\":\"https:\\\/\\\/ajatutaja.com\\\/#\\\/schema\\\/logo\\\/image\\\/\",\"url\":\"https:\\\/\\\/ajatutaja.com\\\/wp-content\\\/uploads\\\/2021\\\/10\\\/logo.png\",\"contentUrl\":\"https:\\\/\\\/ajatutaja.com\\\/wp-content\\\/uploads\\\/2021\\\/10\\\/logo.png\",\"width\":555,\"height\":150,\"caption\":\"Ajatutaja\"},\"image\":{\"@id\":\"https:\\\/\\\/ajatutaja.com\\\/#\\\/schema\\\/logo\\\/image\\\/\"}}]}<\/script>\n<!-- \/ Yoast SEO plugin. -->","yoast_head_json":{"title":"Previjalna torba MOMMY CLUB - Vegan Leather Black | Ajatutaja","description":"Modna in zelo prakti\u010dna torba Childhome iz kolekcije MOMMY CLUB je uporabna kot previjalna torba za vozi\u010dek, kot elegantna \u017eenska torba za vsakodnevne opravke.","robots":{"index":"index","follow":"follow","max-snippet":"max-snippet:-1","max-image-preview":"max-image-preview:large","max-video-preview":"max-video-preview:-1"},"canonical":"https:\/\/ajatutaja.com\/izdelek\/previjalna-torba-mommy-club-vegan-leather-black\/","og_locale":"hr_HR","og_type":"article","og_title":"Previjalna torba MOMMY CLUB - Vegan Leather Black | Ajatutaja","og_description":"Modna in zelo prakti\u010dna torba Childhome iz kolekcije MOMMY CLUB je uporabna kot previjalna torba za vozi\u010dek, kot elegantna \u017eenska torba za vsakodnevne opravke.","og_url":"https:\/\/ajatutaja.com\/izdelek\/previjalna-torba-mommy-club-vegan-leather-black\/","og_site_name":"Ajatutaja","article_modified_time":"2026-03-19T13:04:30+00:00","og_image":[{"width":700,"height":700,"url":"https:\/\/ajatutaja.com\/wp-content\/uploads\/2024\/09\/Childhome-previjalna-torba-crna-family-club-ajataja-3.jpg","type":"image\/jpeg"}],"twitter_card":"summary_large_image","twitter_misc":{"Procijenjeno vrijeme \u010ditanja":"1 minuta"},"schema":{"@context":"https:\/\/schema.org","@graph":[{"@type":"WebPage","@id":"https:\/\/ajatutaja.com\/izdelek\/previjalna-torba-mommy-club-vegan-leather-black\/","url":"https:\/\/ajatutaja.com\/izdelek\/previjalna-torba-mommy-club-vegan-leather-black\/","name":"Previjalna torba MOMMY CLUB - Vegan Leather Black | Ajatutaja","isPartOf":{"@id":"https:\/\/ajatutaja.com\/#website"},"primaryImageOfPage":{"@id":"https:\/\/ajatutaja.com\/izdelek\/previjalna-torba-mommy-club-vegan-leather-black\/#primaryimage"},"image":{"@id":"https:\/\/ajatutaja.com\/izdelek\/previjalna-torba-mommy-club-vegan-leather-black\/#primaryimage"},"thumbnailUrl":"https:\/\/ajatutaja.com\/wp-content\/uploads\/2024\/09\/Childhome-previjalna-torba-crna-family-club-ajataja-3.jpg","datePublished":"2024-09-11T15:01:00+00:00","dateModified":"2026-03-19T13:04:30+00:00","description":"Modna in zelo prakti\u010dna torba Childhome iz kolekcije MOMMY CLUB je uporabna kot previjalna torba za vozi\u010dek, kot elegantna \u017eenska torba za vsakodnevne opravke.","breadcrumb":{"@id":"https:\/\/ajatutaja.com\/izdelek\/previjalna-torba-mommy-club-vegan-leather-black\/#breadcrumb"},"inLanguage":"hr","potentialAction":[{"@type":"ReadAction","target":["https:\/\/ajatutaja.com\/izdelek\/previjalna-torba-mommy-club-vegan-leather-black\/"]}]},{"@type":"ImageObject","inLanguage":"hr","@id":"https:\/\/ajatutaja.com\/izdelek\/previjalna-torba-mommy-club-vegan-leather-black\/#primaryimage","url":"https:\/\/ajatutaja.com\/wp-content\/uploads\/2024\/09\/Childhome-previjalna-torba-crna-family-club-ajataja-3.jpg","contentUrl":"https:\/\/ajatutaja.com\/wp-content\/uploads\/2024\/09\/Childhome-previjalna-torba-crna-family-club-ajataja-3.jpg","width":700,"height":700},{"@type":"BreadcrumbList","@id":"https:\/\/ajatutaja.com\/izdelek\/previjalna-torba-mommy-club-vegan-leather-black\/#breadcrumb","itemListElement":[{"@type":"ListItem","position":1,"name":"Home","item":"https:\/\/ajatutaja.com\/hr\/"},{"@type":"ListItem","position":2,"name":"Trgovina","item":"https:\/\/ajatutaja.com\/hr\/trgovina\/"},{"@type":"ListItem","position":3,"name":"Previjalna torba MOMMY CLUB &#8211; Vegan Leather Black"}]},{"@type":"WebSite","@id":"https:\/\/ajatutaja.com\/#website","url":"https:\/\/ajatutaja.com\/","name":"Ajatutaja","description":"Otro\u0161ka spletna trgovina AJATUTAJA","publisher":{"@id":"https:\/\/ajatutaja.com\/#organization"},"potentialAction":[{"@type":"SearchAction","target":{"@type":"EntryPoint","urlTemplate":"https:\/\/ajatutaja.com\/?s={search_term_string}"},"query-input":{"@type":"PropertyValueSpecification","valueRequired":true,"valueName":"search_term_string"}}],"inLanguage":"hr"},{"@type":"Organization","@id":"https:\/\/ajatutaja.com\/#organization","name":"Ajatutaja","url":"https:\/\/ajatutaja.com\/","logo":{"@type":"ImageObject","inLanguage":"hr","@id":"https:\/\/ajatutaja.com\/#\/schema\/logo\/image\/","url":"https:\/\/ajatutaja.com\/wp-content\/uploads\/2021\/10\/logo.png","contentUrl":"https:\/\/ajatutaja.com\/wp-content\/uploads\/2021\/10\/logo.png","width":555,"height":150,"caption":"Ajatutaja"},"image":{"@id":"https:\/\/ajatutaja.com\/#\/schema\/logo\/image\/"}}]}},"brands":[{"id":2422,"name":"Childhome","slug":"childhome-potepanje"},{"id":2409,"name":"Potepanje","slug":"potepanje"}],"_links":{"self":[{"href":"https:\/\/ajatutaja.com\/hr\/wp-json\/wp\/v2\/product\/68052","targetHints":{"allow":["GET"]}}],"collection":[{"href":"https:\/\/ajatutaja.com\/hr\/wp-json\/wp\/v2\/product"}],"about":[{"href":"https:\/\/ajatutaja.com\/hr\/wp-json\/wp\/v2\/types\/product"}],"wp:featuredmedia":[{"embeddable":true,"href":"https:\/\/ajatutaja.com\/hr\/wp-json\/wp\/v2\/media\/68055"}],"wp:attachment":[{"href":"https:\/\/ajatutaja.com\/hr\/wp-json\/wp\/v2\/media?parent=68052"}],"wp:term":[{"taxonomy":"pwb-brand","embeddable":true,"href":"https:\/\/ajatutaja.com\/hr\/wp-json\/wp\/v2\/pwb-brand?post=68052"},{"taxonomy":"product_brand","embeddable":true,"href":"https:\/\/ajatutaja.com\/hr\/wp-json\/wp\/v2\/product_brand?post=68052"},{"taxonomy":"product_cat","embeddable":true,"href":"https:\/\/ajatutaja.com\/hr\/wp-json\/wp\/v2\/product_cat?post=68052"},{"taxonomy":"product_tag","embeddable":true,"href":"https:\/\/ajatutaja.com\/hr\/wp-json\/wp\/v2\/product_tag?post=68052"}],"curies":[{"name":"wp","href":"https:\/\/api.w.org\/{rel}","templated":true}]}}