{"id":67974,"date":"2024-09-08T20:14:08","date_gmt":"2024-09-08T18:14:08","guid":{"rendered":"https:\/\/ajatutaja.com\/?post_type=product&#038;p=67974"},"modified":"2025-12-04T15:01:12","modified_gmt":"2025-12-04T14:01:12","slug":"komplet-za-vrtec-elodie-dalmatian-dots","status":"publish","type":"product","link":"https:\/\/ajatutaja.com\/hr\/proizvod\/komplet-za-vrtec-elodie-dalmatian-dots\/","title":{"rendered":"Komplet za vrtec Elodie &#8211; Dalmatian Dots"},"content":{"rendered":"<p>[vc_row][vc_column][vc_column_text]\u010cudovit, odli\u010den in usklajen komplet za vrtec Elodie, je kot nala\u0161\u010d ustvarjen za vse dogodiv\u0161\u010dine va\u0161ega mal\u010dka. Komplet vsebuje stekleni\u010dko za pija\u010do, mini nahrbtnik in \u0161katlico za malico.<\/p>\n<p><strong><u>Mini nahrbtnik Elodie:<\/u><\/strong><br \/>\nVelikost: 29 x 20 cm.<br \/>\nGlobina: 7 L<br \/>\n\u010ci\u0161\u010denje: Zaradi usnjenih detajlov se pranje v pranje v pralnem stroju odsvetuje, priporo\u010da se ro\u010dno pranje z malo milnice.<\/p>\n<p><strong><u>Jekleni\u010dka za vodo Elodie:<\/u><\/strong><br \/>\nMaterial: Nerjave\u010de jeklo. Pokrov brez BPA, svinca in ftalatov.<br \/>\nProstornina: 350 ml.<br \/>\nVelikost: 16 cm.<br \/>\nNega: Ro\u010dno operite in po vsaki uporabi temeljito posu\u0161ite vse dele.<br \/>\nNi primerno za vro\u010de ali vrele teko\u010dine ali gazirane pija\u010de.<\/p>\n<p><strong><u>\u0160katlica za malico Elodie:<br \/>\n<\/u><\/strong>Material: 100% polipropilen, brez \u0161kodljivih snovi<br \/>\nNega: Pralno v pomivalnem stroju in primerno za v mikrovalovno pe\u010dico.<br \/>\nVelikost: 13,5 x 14 cm.[\/vc_column_text][\/vc_column][\/vc_row]<\/p>\n","protected":false},"excerpt":{"rendered":"<p>Ljubek in zelo uporaben 3 delni komplet Elodie Dalmatian Dots vsebuje stekleni\u010dko za pija\u010do, mini nahrbtnik in \u0161katlico za malico. Odli\u010dna ideja za darilo otroku, ki odhaja v vrtec.<\/p>\n","protected":false},"featured_media":67968,"template":"","meta":[],"pwb-brand":[2412,2409],"product_brand":[],"product_cat":[2400,2361],"product_tag":[4154,5449,4318],"class_list":{"0":"post-67974","1":"product","2":"type-product","3":"status-publish","4":"has-post-thumbnail","6":"pwb-brand-elodie-potepanje","7":"pwb-brand-potepanje","8":"product_cat-otroski-nahrbtniki","9":"product_cat-potepanje","10":"product_tag-elodie","11":"product_tag-elodie-dalmatian-dots","12":"product_tag-vrtec","14":"first","15":"onbackorder","16":"taxable","17":"shipping-taxable","18":"purchasable","19":"product-type-simple","20":"add-to-wishlist-before_image"},"yoast_head":"<!-- This site is optimized with the Yoast SEO plugin v27.3 - https:\/\/yoast.com\/product\/yoast-seo-wordpress\/ -->\n<title>Komplet za vrtec Elodie - Dalmatian Dots | Ajatutaja<\/title>\n<meta name=\"description\" content=\"Ljubek in zelo uporaben 3 delni komplet Elodie Dalmatian Dots vsebuje stekleni\u010dko za pija\u010do, mini nahrbtnik in \u0161katlico za malico. Odli\u010dna ideja za darilo otroku, ki odhaja v vrtec.\" \/>\n<meta name=\"robots\" content=\"index, follow, max-snippet:-1, max-image-preview:large, max-video-preview:-1\" \/>\n<link rel=\"canonical\" href=\"https:\/\/ajatutaja.com\/izdelek\/komplet-za-vrtec-elodie-dalmatian-dots\/\" \/>\n<meta property=\"og:locale\" content=\"hr_HR\" \/>\n<meta property=\"og:type\" content=\"article\" \/>\n<meta property=\"og:title\" content=\"Komplet za vrtec Elodie - Dalmatian Dots | Ajatutaja\" \/>\n<meta property=\"og:description\" content=\"Ljubek in zelo uporaben 3 delni komplet Elodie Dalmatian Dots vsebuje stekleni\u010dko za pija\u010do, mini nahrbtnik in \u0161katlico za malico. Odli\u010dna ideja za darilo otroku, ki odhaja v vrtec.\" \/>\n<meta property=\"og:url\" content=\"https:\/\/ajatutaja.com\/izdelek\/komplet-za-vrtec-elodie-dalmatian-dots\/\" \/>\n<meta property=\"og:site_name\" content=\"Ajatutaja\" \/>\n<meta property=\"article:modified_time\" content=\"2025-12-04T14:01:12+00:00\" \/>\n<meta property=\"og:image\" content=\"https:\/\/ajatutaja.com\/wp-content\/uploads\/2024\/09\/Elodie-komplet-za-vrtec-Dalmatinian-dost-1.jpg\" \/>\n\t<meta property=\"og:image:width\" content=\"1200\" \/>\n\t<meta property=\"og:image:height\" content=\"1200\" \/>\n\t<meta property=\"og:image:type\" content=\"image\/jpeg\" \/>\n<meta name=\"twitter:card\" content=\"summary_large_image\" \/>\n<meta name=\"twitter:label1\" content=\"Procijenjeno vrijeme \u010ditanja\" \/>\n\t<meta name=\"twitter:data1\" content=\"1 minuta\" \/>\n<script type=\"application\/ld+json\" class=\"yoast-schema-graph\">{\"@context\":\"https:\\\/\\\/schema.org\",\"@graph\":[{\"@type\":\"WebPage\",\"@id\":\"https:\\\/\\\/ajatutaja.com\\\/izdelek\\\/komplet-za-vrtec-elodie-dalmatian-dots\\\/\",\"url\":\"https:\\\/\\\/ajatutaja.com\\\/izdelek\\\/komplet-za-vrtec-elodie-dalmatian-dots\\\/\",\"name\":\"Komplet za vrtec Elodie - Dalmatian Dots | Ajatutaja\",\"isPartOf\":{\"@id\":\"https:\\\/\\\/ajatutaja.com\\\/#website\"},\"primaryImageOfPage\":{\"@id\":\"https:\\\/\\\/ajatutaja.com\\\/izdelek\\\/komplet-za-vrtec-elodie-dalmatian-dots\\\/#primaryimage\"},\"image\":{\"@id\":\"https:\\\/\\\/ajatutaja.com\\\/izdelek\\\/komplet-za-vrtec-elodie-dalmatian-dots\\\/#primaryimage\"},\"thumbnailUrl\":\"https:\\\/\\\/ajatutaja.com\\\/wp-content\\\/uploads\\\/2024\\\/09\\\/Elodie-komplet-za-vrtec-Dalmatinian-dost-1.jpg\",\"datePublished\":\"2024-09-08T18:14:08+00:00\",\"dateModified\":\"2025-12-04T14:01:12+00:00\",\"description\":\"Ljubek in zelo uporaben 3 delni komplet Elodie Dalmatian Dots vsebuje stekleni\u010dko za pija\u010do, mini nahrbtnik in \u0161katlico za malico. Odli\u010dna ideja za darilo otroku, ki odhaja v vrtec.\",\"breadcrumb\":{\"@id\":\"https:\\\/\\\/ajatutaja.com\\\/izdelek\\\/komplet-za-vrtec-elodie-dalmatian-dots\\\/#breadcrumb\"},\"inLanguage\":\"hr\",\"potentialAction\":[{\"@type\":\"ReadAction\",\"target\":[\"https:\\\/\\\/ajatutaja.com\\\/izdelek\\\/komplet-za-vrtec-elodie-dalmatian-dots\\\/\"]}]},{\"@type\":\"ImageObject\",\"inLanguage\":\"hr\",\"@id\":\"https:\\\/\\\/ajatutaja.com\\\/izdelek\\\/komplet-za-vrtec-elodie-dalmatian-dots\\\/#primaryimage\",\"url\":\"https:\\\/\\\/ajatutaja.com\\\/wp-content\\\/uploads\\\/2024\\\/09\\\/Elodie-komplet-za-vrtec-Dalmatinian-dost-1.jpg\",\"contentUrl\":\"https:\\\/\\\/ajatutaja.com\\\/wp-content\\\/uploads\\\/2024\\\/09\\\/Elodie-komplet-za-vrtec-Dalmatinian-dost-1.jpg\",\"width\":1200,\"height\":1200},{\"@type\":\"BreadcrumbList\",\"@id\":\"https:\\\/\\\/ajatutaja.com\\\/izdelek\\\/komplet-za-vrtec-elodie-dalmatian-dots\\\/#breadcrumb\",\"itemListElement\":[{\"@type\":\"ListItem\",\"position\":1,\"name\":\"Home\",\"item\":\"https:\\\/\\\/ajatutaja.com\\\/hr\\\/\"},{\"@type\":\"ListItem\",\"position\":2,\"name\":\"Trgovina\",\"item\":\"https:\\\/\\\/ajatutaja.com\\\/hr\\\/trgovina\\\/\"},{\"@type\":\"ListItem\",\"position\":3,\"name\":\"Komplet za vrtec Elodie &#8211; Dalmatian Dots\"}]},{\"@type\":\"WebSite\",\"@id\":\"https:\\\/\\\/ajatutaja.com\\\/#website\",\"url\":\"https:\\\/\\\/ajatutaja.com\\\/\",\"name\":\"Ajatutaja\",\"description\":\"Otro\u0161ka spletna trgovina AJATUTAJA\",\"publisher\":{\"@id\":\"https:\\\/\\\/ajatutaja.com\\\/#organization\"},\"potentialAction\":[{\"@type\":\"SearchAction\",\"target\":{\"@type\":\"EntryPoint\",\"urlTemplate\":\"https:\\\/\\\/ajatutaja.com\\\/?s={search_term_string}\"},\"query-input\":{\"@type\":\"PropertyValueSpecification\",\"valueRequired\":true,\"valueName\":\"search_term_string\"}}],\"inLanguage\":\"hr\"},{\"@type\":\"Organization\",\"@id\":\"https:\\\/\\\/ajatutaja.com\\\/#organization\",\"name\":\"Ajatutaja\",\"url\":\"https:\\\/\\\/ajatutaja.com\\\/\",\"logo\":{\"@type\":\"ImageObject\",\"inLanguage\":\"hr\",\"@id\":\"https:\\\/\\\/ajatutaja.com\\\/#\\\/schema\\\/logo\\\/image\\\/\",\"url\":\"https:\\\/\\\/ajatutaja.com\\\/wp-content\\\/uploads\\\/2021\\\/10\\\/logo.png\",\"contentUrl\":\"https:\\\/\\\/ajatutaja.com\\\/wp-content\\\/uploads\\\/2021\\\/10\\\/logo.png\",\"width\":555,\"height\":150,\"caption\":\"Ajatutaja\"},\"image\":{\"@id\":\"https:\\\/\\\/ajatutaja.com\\\/#\\\/schema\\\/logo\\\/image\\\/\"}}]}<\/script>\n<!-- \/ Yoast SEO plugin. -->","yoast_head_json":{"title":"Komplet za vrtec Elodie - Dalmatian Dots | Ajatutaja","description":"Ljubek in zelo uporaben 3 delni komplet Elodie Dalmatian Dots vsebuje stekleni\u010dko za pija\u010do, mini nahrbtnik in \u0161katlico za malico. Odli\u010dna ideja za darilo otroku, ki odhaja v vrtec.","robots":{"index":"index","follow":"follow","max-snippet":"max-snippet:-1","max-image-preview":"max-image-preview:large","max-video-preview":"max-video-preview:-1"},"canonical":"https:\/\/ajatutaja.com\/izdelek\/komplet-za-vrtec-elodie-dalmatian-dots\/","og_locale":"hr_HR","og_type":"article","og_title":"Komplet za vrtec Elodie - Dalmatian Dots | Ajatutaja","og_description":"Ljubek in zelo uporaben 3 delni komplet Elodie Dalmatian Dots vsebuje stekleni\u010dko za pija\u010do, mini nahrbtnik in \u0161katlico za malico. Odli\u010dna ideja za darilo otroku, ki odhaja v vrtec.","og_url":"https:\/\/ajatutaja.com\/izdelek\/komplet-za-vrtec-elodie-dalmatian-dots\/","og_site_name":"Ajatutaja","article_modified_time":"2025-12-04T14:01:12+00:00","og_image":[{"width":1200,"height":1200,"url":"https:\/\/ajatutaja.com\/wp-content\/uploads\/2024\/09\/Elodie-komplet-za-vrtec-Dalmatinian-dost-1.jpg","type":"image\/jpeg"}],"twitter_card":"summary_large_image","twitter_misc":{"Procijenjeno vrijeme \u010ditanja":"1 minuta"},"schema":{"@context":"https:\/\/schema.org","@graph":[{"@type":"WebPage","@id":"https:\/\/ajatutaja.com\/izdelek\/komplet-za-vrtec-elodie-dalmatian-dots\/","url":"https:\/\/ajatutaja.com\/izdelek\/komplet-za-vrtec-elodie-dalmatian-dots\/","name":"Komplet za vrtec Elodie - Dalmatian Dots | Ajatutaja","isPartOf":{"@id":"https:\/\/ajatutaja.com\/#website"},"primaryImageOfPage":{"@id":"https:\/\/ajatutaja.com\/izdelek\/komplet-za-vrtec-elodie-dalmatian-dots\/#primaryimage"},"image":{"@id":"https:\/\/ajatutaja.com\/izdelek\/komplet-za-vrtec-elodie-dalmatian-dots\/#primaryimage"},"thumbnailUrl":"https:\/\/ajatutaja.com\/wp-content\/uploads\/2024\/09\/Elodie-komplet-za-vrtec-Dalmatinian-dost-1.jpg","datePublished":"2024-09-08T18:14:08+00:00","dateModified":"2025-12-04T14:01:12+00:00","description":"Ljubek in zelo uporaben 3 delni komplet Elodie Dalmatian Dots vsebuje stekleni\u010dko za pija\u010do, mini nahrbtnik in \u0161katlico za malico. Odli\u010dna ideja za darilo otroku, ki odhaja v vrtec.","breadcrumb":{"@id":"https:\/\/ajatutaja.com\/izdelek\/komplet-za-vrtec-elodie-dalmatian-dots\/#breadcrumb"},"inLanguage":"hr","potentialAction":[{"@type":"ReadAction","target":["https:\/\/ajatutaja.com\/izdelek\/komplet-za-vrtec-elodie-dalmatian-dots\/"]}]},{"@type":"ImageObject","inLanguage":"hr","@id":"https:\/\/ajatutaja.com\/izdelek\/komplet-za-vrtec-elodie-dalmatian-dots\/#primaryimage","url":"https:\/\/ajatutaja.com\/wp-content\/uploads\/2024\/09\/Elodie-komplet-za-vrtec-Dalmatinian-dost-1.jpg","contentUrl":"https:\/\/ajatutaja.com\/wp-content\/uploads\/2024\/09\/Elodie-komplet-za-vrtec-Dalmatinian-dost-1.jpg","width":1200,"height":1200},{"@type":"BreadcrumbList","@id":"https:\/\/ajatutaja.com\/izdelek\/komplet-za-vrtec-elodie-dalmatian-dots\/#breadcrumb","itemListElement":[{"@type":"ListItem","position":1,"name":"Home","item":"https:\/\/ajatutaja.com\/hr\/"},{"@type":"ListItem","position":2,"name":"Trgovina","item":"https:\/\/ajatutaja.com\/hr\/trgovina\/"},{"@type":"ListItem","position":3,"name":"Komplet za vrtec Elodie &#8211; Dalmatian Dots"}]},{"@type":"WebSite","@id":"https:\/\/ajatutaja.com\/#website","url":"https:\/\/ajatutaja.com\/","name":"Ajatutaja","description":"Otro\u0161ka spletna trgovina AJATUTAJA","publisher":{"@id":"https:\/\/ajatutaja.com\/#organization"},"potentialAction":[{"@type":"SearchAction","target":{"@type":"EntryPoint","urlTemplate":"https:\/\/ajatutaja.com\/?s={search_term_string}"},"query-input":{"@type":"PropertyValueSpecification","valueRequired":true,"valueName":"search_term_string"}}],"inLanguage":"hr"},{"@type":"Organization","@id":"https:\/\/ajatutaja.com\/#organization","name":"Ajatutaja","url":"https:\/\/ajatutaja.com\/","logo":{"@type":"ImageObject","inLanguage":"hr","@id":"https:\/\/ajatutaja.com\/#\/schema\/logo\/image\/","url":"https:\/\/ajatutaja.com\/wp-content\/uploads\/2021\/10\/logo.png","contentUrl":"https:\/\/ajatutaja.com\/wp-content\/uploads\/2021\/10\/logo.png","width":555,"height":150,"caption":"Ajatutaja"},"image":{"@id":"https:\/\/ajatutaja.com\/#\/schema\/logo\/image\/"}}]}},"brands":[{"id":2412,"name":"Elodie","slug":"elodie-potepanje"},{"id":2409,"name":"Potepanje","slug":"potepanje"}],"_links":{"self":[{"href":"https:\/\/ajatutaja.com\/hr\/wp-json\/wp\/v2\/product\/67974","targetHints":{"allow":["GET"]}}],"collection":[{"href":"https:\/\/ajatutaja.com\/hr\/wp-json\/wp\/v2\/product"}],"about":[{"href":"https:\/\/ajatutaja.com\/hr\/wp-json\/wp\/v2\/types\/product"}],"wp:featuredmedia":[{"embeddable":true,"href":"https:\/\/ajatutaja.com\/hr\/wp-json\/wp\/v2\/media\/67968"}],"wp:attachment":[{"href":"https:\/\/ajatutaja.com\/hr\/wp-json\/wp\/v2\/media?parent=67974"}],"wp:term":[{"taxonomy":"pwb-brand","embeddable":true,"href":"https:\/\/ajatutaja.com\/hr\/wp-json\/wp\/v2\/pwb-brand?post=67974"},{"taxonomy":"product_brand","embeddable":true,"href":"https:\/\/ajatutaja.com\/hr\/wp-json\/wp\/v2\/product_brand?post=67974"},{"taxonomy":"product_cat","embeddable":true,"href":"https:\/\/ajatutaja.com\/hr\/wp-json\/wp\/v2\/product_cat?post=67974"},{"taxonomy":"product_tag","embeddable":true,"href":"https:\/\/ajatutaja.com\/hr\/wp-json\/wp\/v2\/product_tag?post=67974"}],"curies":[{"name":"wp","href":"https:\/\/api.w.org\/{rel}","templated":true}]}}