{"id":67946,"date":"2025-10-13T17:20:28","date_gmt":"2025-10-13T15:20:28","guid":{"rendered":"https:\/\/ajatutaja.com\/?post_type=product&#038;p=67946"},"modified":"2026-01-23T17:14:06","modified_gmt":"2026-01-23T16:14:06","slug":"nuna-triv-lx-komplet-2v1-all-season-caviar","status":"publish","type":"product","link":"https:\/\/ajatutaja.com\/hr\/proizvod\/nuna-triv-lx-komplet-2v1-all-season-caviar\/","title":{"rendered":"Nuna\u00ae Triv\u2122 LX komplet 2v1 All Season &#8211; Caviar"},"content":{"rendered":"<p>[vc_row][vc_column][vc_column_text]Zanesljiv, lahkoten in druga\u010den: otro\u0161ki vozi\u010dek Nuna\u00ae Triv\u2122 LX komplet 2v1 zdru\u017euje udobje velikih \u0161portnih vozi\u010dkov in kompaktnost lahkih potovalnih vozi\u010dkov. U\u017eivajte v vsakem trenutku na prostem z otro\u0161kim vozi\u010dkom Nuna\u00ae TRIV\u2122 LX, ki je popolnoma prilagojen za vse vremenske razmere. Vozi\u010dek, skupaj s ko\u0161aro za novorojen\u010dka in zimskim setom, omogo\u010da udobno in varno vo\u017enjo va\u0161ega mal\u010dka skozi vse leto. Vodoodporni materiali ter UPF 50+ za\u0161\u010dita pred soncem \u0161\u010ditijo otroka pred de\u017ejem in \u0161kodljivimi UV \u017earki, medtem ko zimska vre\u010da in rokavice za vozi\u010dek z merino volno in TENCEL\u2122 vlakni zagotavljajo optimalno toplino in udobje v hladnej\u0161ih mesecih. Napredna zasnova omogo\u010da hitro in enostavno prilagoditev opreme glede na vreme, kar vam omogo\u010da brezskrbne sprehode ne glede na sezono.<\/p>\n<h3>Lastnosti Nuna\u00ae Triv\u2122 LX kompleta 2v1 All Season:<\/h3>\n<div>\n<ul>\n<li>Primeren za uporabo od rojstva do 22 kg<\/li>\n<li>Mo\u017enost namestitve otro\u0161kega avtosede\u017ea Nuna z uporabo prilo\u017eenih adapterjev<\/li>\n<li>Vsestranski vozi\u010dek za mestne terene z enoro\u010dnim hitrim in kompaktnim zlaganjem<\/li>\n<li>Zdru\u017euje udobje velikih \u0161portnih vozi\u010dkov in priro\u010dnost lahkih potovalnih vozi\u010dkov<\/li>\n<li>Prilo\u017eena de\u017ena prevleka za za\u0161\u010dito pred vremenskimi vplivi<\/li>\n<li>Prilo\u017eena ko\u0161ara za novorojen\u010dka za udobne sprehode<\/li>\n<li>Prilo\u017eena zimska vre\u010da in rokavice za vozi\u010dek za udobne in tople sprehode tudi v zimskih mesecih<\/li>\n<\/ul>\n<ul>\n<li><\/li>\n<\/ul>\n<p><strong>Ogrodje in sede\u017e:<\/strong><\/p>\n<ul>\n<li>Trdno in lahko ogrodje z zlo\u017eljivim mehanizmom za enoro\u010dno zlaganje<\/li>\n<li>Sede\u017e z mo\u017enostjo obra\u010danja v smer vo\u017enje ali proti star\u0161u<\/li>\n<li>4 polo\u017eaji naklona sede\u017ea, vklju\u010dno z skoraj ravnim polo\u017eajem za novorojen\u010dke<\/li>\n<li>Spring suspension vzmetenje za udobno vo\u017enjo po razli\u010dnih terenih<\/li>\n<li>All-season sede\u017e z odstranljivim vlo\u017ekom iz merino volne in TENCEL\u2122 lyocell vlaken<\/li>\n<li>Vodoodbojna in raz\u0161irljiva streha s UV za\u0161\u010dito UPF 50+ in iztegljivim sen\u010dnikom<\/li>\n<li>Odstranljiv in vrtljiv varovalni lok za la\u017eji vstop in izstop otroka<\/li>\n<li>Nastavljiva opora za noge in vzdr\u017eljiv podstavek za stopala<\/li>\n<li>Po vi\u0161ini nastavljiv ro\u010daj iz usnja z 4 polo\u017eaji<\/li>\n<li>Velik podvozje za shranjevanje do 10 kg z lahko dostopnim ko\u0161em<\/li>\n<li>3- ali 5-to\u010dkovni varnostni pas z MagneTech Secure Snap\u2122 magnetno zaponko<\/li>\n<li>Prilo\u017eena de\u017ena prevleka za za\u0161\u010dito pred vremenskimi vplivi<\/li>\n<\/ul>\n<p><strong>Kolesa in vzmetenje:<\/strong><\/p>\n<ul>\n<li>\u0160tirikolesni sistem z vzdr\u017eljivimi\u00a0kolesi polnjenimi z EVA peno, pripravljen za vse terene<\/li>\n<li>Sprednja kolesa z mo\u017enostjo zaklepa za enostavno krmiljenje in stabilnost<\/li>\n<li>Napredno vzmetenje za gladko vo\u017enjo tudi po neravnih povr\u0161inah<\/li>\n<li>Enostaven sistem aktivacije zavore z nogo za hitro ustavljanje<\/li>\n<\/ul>\n<p><strong>Ko\u0161ara za novorojen\u010dka:<\/strong><\/p>\n<ul>\n<li>Enostavna pritrditev na vozi\u010dek<\/li>\n<li>Kompaktna in lahka za la\u017eje prena\u0161anje<\/li>\n<li>Odstranljive in pralne prevleke<\/li>\n<li>Zra\u010dna mre\u017ea za dobro prezra\u010devanje<\/li>\n<li>Vodoodbojna streha z UV za\u0161\u010dito UPF 50+<\/li>\n<li>Integrirana za\u0161\u010dita pred vetrom in snemljiv pokrov za tihe in udobne sprehode<\/li>\n<\/ul>\n<p><strong>Zimska vre\u010da in rokavice za vozi\u010dek:<\/strong><\/p>\n<ul>\n<li>Zimska vre\u010da z zadrgo za la\u017eji dostop do otroka in zategovalno vrvico za blokado hladnega zraka<\/li>\n<li>Rokavice z magneti za pritrditev na ro\u010daj<\/li>\n<li>Notranjost zimske vre\u010de\u00a0in rokavic iz merino volne in TENCEL\u2122\u00a0vlaken za optimalno toplino<\/li>\n<li>Vodoodbojni, odporni na veter in enostavni za \u010di\u0161\u010denje materiali<\/li>\n<\/ul>\n<p><strong>Varnost in certifikati:<\/strong><\/p>\n<ul>\n<li>Skladno z evropskim standardom EN 1888 za otro\u0161ke vozi\u010dke<\/li>\n<li>Izpolnjuje zahteve kakovosti in varnosti ISO 14001, ISO 9001 ter OHSAS 18001<\/li>\n<\/ul>\n<h4>Dimenzije in te\u017ea:<\/h4>\n<ul>\n<li>Dimenzije vozi\u010dka: 93,5 x 58 x 109 cm \/\u00a0Dimenzije zlo\u017eenega vozi\u010dka: 42 x 58 x 68,5 cm \/\u00a0Te\u017ea brez prednjegavarovala in vlo\u017eka: 9,6 kg \/ Premer sprednjih koles: 19,8 cm \/\u00a0Premer zadnjih koles: 29 cm<\/li>\n<li>Dimenzije ko\u0161are za novorojen\u010dka: 90 x 41 x 61 cm \/\u00a0Zlo\u017eena dimenzija: D 90 x \u0160 41 x V 18,5 cm \/\u00a0Te\u017ea: 3,4 kg<\/li>\n<li>Dimenzije zimske vre\u010de: Dimenzije: 102 x 48 x 12 cm \/ Te\u017ea: 1 kg<\/li>\n<li>Dimenzije rokavic za vozi\u010dek: 32 x 17 x 9 cm \/ Te\u017ea: 300 g<\/li>\n<\/ul>\n<div id=\"included-in-price\" class=\"data item content\" role=\"tabpanel\" aria-labelledby=\"tab-label-included-in-price\" data-role=\"content\" aria-hidden=\"false\">\n<div class=\"product attribute included-in-price\">\n<h4>Vklju\u010deno v ceno<\/h4>\n<div class=\"value\">\n<ul>\n<li>Ogrodje vozi\u010dka<\/li>\n<li>\u0160portni sede\u017e vozi\u010dka<\/li>\n<li>Ko\u0161ara za novorojen\u010dka<\/li>\n<li>Podporna blazina<\/li>\n<li>De\u017ena za\u0161\u010dita<\/li>\n<li>Adapterji za avtosede\u017e<\/li>\n<li>Zimska vre\u010da za vozi\u010dek<\/li>\n<li>Rokavice za vozi\u010dek<\/li>\n<\/ul>\n<h4>Dodatki Nuna, ki jih je mo\u017eno dokupiti:<\/h4>\n<ul>\n<li>Avtosede\u017e Nuna\u00ae Pipa\u2122 \/ Arra\u2122<\/li>\n<li>Previjalna torba<\/li>\n<li>Potovalna torba<\/li>\n<\/ul>\n<\/div>\n<\/div>\n<\/div>\n<\/div>\n<p>[\/vc_column_text][\/vc_column][\/vc_row]<\/p>\n","protected":false},"excerpt":{"rendered":"<p style=\"text-align: justify\">Nuna\u00ae Triv\u2122 lx komplet All Season je popolna re\u0161itev za vse letne \u010dase in vremenske razmere. Vklju\u010duje otro\u0161ki vozi\u010dek TRIV\u2122 LX, ki zdru\u017euje udobje velikih \u0161portnih vozi\u010dkov in kompaktnost lahkih potovalnih vozi\u010dkov, ter ko\u0161aro za novorojen\u010dka, adapterje za avtosede\u017e, zimsko vre\u010do z rokavicami in de\u017eno prevleko.<\/p>\n","protected":false},"featured_media":82678,"template":"","meta":[],"pwb-brand":[2379,2374],"product_brand":[],"product_cat":[2363,2360],"product_tag":[4240,4257],"class_list":{"0":"post-67946","1":"product","2":"type-product","3":"status-publish","4":"has-post-thumbnail","6":"pwb-brand-nuna-vozicki","7":"pwb-brand-vozicki","8":"product_cat-otroski-vozicki-2v1","9":"product_cat-vozicki","10":"product_tag-nuna","11":"product_tag-nuna-triv","13":"first","14":"onbackorder","15":"taxable","16":"shipping-taxable","17":"purchasable","18":"product-type-simple","19":"add-to-wishlist-before_image"},"yoast_head":"<!-- This site is optimized with the Yoast SEO plugin v27.3 - https:\/\/yoast.com\/product\/yoast-seo-wordpress\/ -->\n<title>Nuna\u00ae Triv\u2122 LX komplet 2v1 All Season - Caviar | Ajatutaja<\/title>\n<meta name=\"description\" content=\"Nuna\u00ae Triv\u2122 lx komplet All Season je popolna re\u0161itev za vse letne \u010dase in vremenske razmere.\" \/>\n<meta name=\"robots\" content=\"index, follow, max-snippet:-1, max-image-preview:large, max-video-preview:-1\" \/>\n<link rel=\"canonical\" href=\"https:\/\/ajatutaja.com\/izdelek\/nuna-triv-lx-komplet-2v1-all-season-caviar\/\" \/>\n<meta property=\"og:locale\" content=\"hr_HR\" \/>\n<meta property=\"og:type\" content=\"article\" \/>\n<meta property=\"og:title\" content=\"Nuna\u00ae Triv\u2122 LX komplet 2v1 All Season - Caviar | Ajatutaja\" \/>\n<meta property=\"og:description\" content=\"Nuna\u00ae Triv\u2122 lx komplet All Season je popolna re\u0161itev za vse letne \u010dase in vremenske razmere.\" \/>\n<meta property=\"og:url\" content=\"https:\/\/ajatutaja.com\/izdelek\/nuna-triv-lx-komplet-2v1-all-season-caviar\/\" \/>\n<meta property=\"og:site_name\" content=\"Ajatutaja\" \/>\n<meta property=\"article:modified_time\" content=\"2026-01-23T16:14:06+00:00\" \/>\n<meta property=\"og:image\" content=\"https:\/\/ajatutaja.com\/wp-content\/uploads\/2024\/09\/Nuna-triv-lx-paket-all-season-black.jpg\" \/>\n\t<meta property=\"og:image:width\" content=\"750\" \/>\n\t<meta property=\"og:image:height\" content=\"750\" \/>\n\t<meta property=\"og:image:type\" content=\"image\/jpeg\" \/>\n<meta name=\"twitter:card\" content=\"summary_large_image\" \/>\n<meta name=\"twitter:label1\" content=\"Procijenjeno vrijeme \u010ditanja\" \/>\n\t<meta name=\"twitter:data1\" content=\"4 minute\" \/>\n<script type=\"application\/ld+json\" class=\"yoast-schema-graph\">{\"@context\":\"https:\\\/\\\/schema.org\",\"@graph\":[{\"@type\":\"WebPage\",\"@id\":\"https:\\\/\\\/ajatutaja.com\\\/izdelek\\\/nuna-triv-lx-komplet-2v1-all-season-caviar\\\/\",\"url\":\"https:\\\/\\\/ajatutaja.com\\\/izdelek\\\/nuna-triv-lx-komplet-2v1-all-season-caviar\\\/\",\"name\":\"Nuna\u00ae Triv\u2122 LX komplet 2v1 All Season - Caviar | Ajatutaja\",\"isPartOf\":{\"@id\":\"https:\\\/\\\/ajatutaja.com\\\/#website\"},\"primaryImageOfPage\":{\"@id\":\"https:\\\/\\\/ajatutaja.com\\\/izdelek\\\/nuna-triv-lx-komplet-2v1-all-season-caviar\\\/#primaryimage\"},\"image\":{\"@id\":\"https:\\\/\\\/ajatutaja.com\\\/izdelek\\\/nuna-triv-lx-komplet-2v1-all-season-caviar\\\/#primaryimage\"},\"thumbnailUrl\":\"https:\\\/\\\/ajatutaja.com\\\/wp-content\\\/uploads\\\/2024\\\/09\\\/Nuna-triv-lx-paket-all-season-black.jpg\",\"datePublished\":\"2025-10-13T15:20:28+00:00\",\"dateModified\":\"2026-01-23T16:14:06+00:00\",\"description\":\"Nuna\u00ae Triv\u2122 lx komplet All Season je popolna re\u0161itev za vse letne \u010dase in vremenske razmere.\",\"breadcrumb\":{\"@id\":\"https:\\\/\\\/ajatutaja.com\\\/izdelek\\\/nuna-triv-lx-komplet-2v1-all-season-caviar\\\/#breadcrumb\"},\"inLanguage\":\"hr\",\"potentialAction\":[{\"@type\":\"ReadAction\",\"target\":[\"https:\\\/\\\/ajatutaja.com\\\/izdelek\\\/nuna-triv-lx-komplet-2v1-all-season-caviar\\\/\"]}]},{\"@type\":\"ImageObject\",\"inLanguage\":\"hr\",\"@id\":\"https:\\\/\\\/ajatutaja.com\\\/izdelek\\\/nuna-triv-lx-komplet-2v1-all-season-caviar\\\/#primaryimage\",\"url\":\"https:\\\/\\\/ajatutaja.com\\\/wp-content\\\/uploads\\\/2024\\\/09\\\/Nuna-triv-lx-paket-all-season-black.jpg\",\"contentUrl\":\"https:\\\/\\\/ajatutaja.com\\\/wp-content\\\/uploads\\\/2024\\\/09\\\/Nuna-triv-lx-paket-all-season-black.jpg\",\"width\":750,\"height\":750},{\"@type\":\"BreadcrumbList\",\"@id\":\"https:\\\/\\\/ajatutaja.com\\\/izdelek\\\/nuna-triv-lx-komplet-2v1-all-season-caviar\\\/#breadcrumb\",\"itemListElement\":[{\"@type\":\"ListItem\",\"position\":1,\"name\":\"Home\",\"item\":\"https:\\\/\\\/ajatutaja.com\\\/hr\\\/\"},{\"@type\":\"ListItem\",\"position\":2,\"name\":\"Trgovina\",\"item\":\"https:\\\/\\\/ajatutaja.com\\\/hr\\\/trgovina\\\/\"},{\"@type\":\"ListItem\",\"position\":3,\"name\":\"Nuna\u00ae Triv\u2122 LX komplet 2v1 All Season &#8211; Caviar\"}]},{\"@type\":\"WebSite\",\"@id\":\"https:\\\/\\\/ajatutaja.com\\\/#website\",\"url\":\"https:\\\/\\\/ajatutaja.com\\\/\",\"name\":\"Ajatutaja\",\"description\":\"Otro\u0161ka spletna trgovina AJATUTAJA\",\"publisher\":{\"@id\":\"https:\\\/\\\/ajatutaja.com\\\/#organization\"},\"potentialAction\":[{\"@type\":\"SearchAction\",\"target\":{\"@type\":\"EntryPoint\",\"urlTemplate\":\"https:\\\/\\\/ajatutaja.com\\\/?s={search_term_string}\"},\"query-input\":{\"@type\":\"PropertyValueSpecification\",\"valueRequired\":true,\"valueName\":\"search_term_string\"}}],\"inLanguage\":\"hr\"},{\"@type\":\"Organization\",\"@id\":\"https:\\\/\\\/ajatutaja.com\\\/#organization\",\"name\":\"Ajatutaja\",\"url\":\"https:\\\/\\\/ajatutaja.com\\\/\",\"logo\":{\"@type\":\"ImageObject\",\"inLanguage\":\"hr\",\"@id\":\"https:\\\/\\\/ajatutaja.com\\\/#\\\/schema\\\/logo\\\/image\\\/\",\"url\":\"https:\\\/\\\/ajatutaja.com\\\/wp-content\\\/uploads\\\/2021\\\/10\\\/logo.png\",\"contentUrl\":\"https:\\\/\\\/ajatutaja.com\\\/wp-content\\\/uploads\\\/2021\\\/10\\\/logo.png\",\"width\":555,\"height\":150,\"caption\":\"Ajatutaja\"},\"image\":{\"@id\":\"https:\\\/\\\/ajatutaja.com\\\/#\\\/schema\\\/logo\\\/image\\\/\"}}]}<\/script>\n<!-- \/ Yoast SEO plugin. -->","yoast_head_json":{"title":"Nuna\u00ae Triv\u2122 LX komplet 2v1 All Season - Caviar | Ajatutaja","description":"Nuna\u00ae Triv\u2122 lx komplet All Season je popolna re\u0161itev za vse letne \u010dase in vremenske razmere.","robots":{"index":"index","follow":"follow","max-snippet":"max-snippet:-1","max-image-preview":"max-image-preview:large","max-video-preview":"max-video-preview:-1"},"canonical":"https:\/\/ajatutaja.com\/izdelek\/nuna-triv-lx-komplet-2v1-all-season-caviar\/","og_locale":"hr_HR","og_type":"article","og_title":"Nuna\u00ae Triv\u2122 LX komplet 2v1 All Season - Caviar | Ajatutaja","og_description":"Nuna\u00ae Triv\u2122 lx komplet All Season je popolna re\u0161itev za vse letne \u010dase in vremenske razmere.","og_url":"https:\/\/ajatutaja.com\/izdelek\/nuna-triv-lx-komplet-2v1-all-season-caviar\/","og_site_name":"Ajatutaja","article_modified_time":"2026-01-23T16:14:06+00:00","og_image":[{"width":750,"height":750,"url":"https:\/\/ajatutaja.com\/wp-content\/uploads\/2024\/09\/Nuna-triv-lx-paket-all-season-black.jpg","type":"image\/jpeg"}],"twitter_card":"summary_large_image","twitter_misc":{"Procijenjeno vrijeme \u010ditanja":"4 minute"},"schema":{"@context":"https:\/\/schema.org","@graph":[{"@type":"WebPage","@id":"https:\/\/ajatutaja.com\/izdelek\/nuna-triv-lx-komplet-2v1-all-season-caviar\/","url":"https:\/\/ajatutaja.com\/izdelek\/nuna-triv-lx-komplet-2v1-all-season-caviar\/","name":"Nuna\u00ae Triv\u2122 LX komplet 2v1 All Season - Caviar | Ajatutaja","isPartOf":{"@id":"https:\/\/ajatutaja.com\/#website"},"primaryImageOfPage":{"@id":"https:\/\/ajatutaja.com\/izdelek\/nuna-triv-lx-komplet-2v1-all-season-caviar\/#primaryimage"},"image":{"@id":"https:\/\/ajatutaja.com\/izdelek\/nuna-triv-lx-komplet-2v1-all-season-caviar\/#primaryimage"},"thumbnailUrl":"https:\/\/ajatutaja.com\/wp-content\/uploads\/2024\/09\/Nuna-triv-lx-paket-all-season-black.jpg","datePublished":"2025-10-13T15:20:28+00:00","dateModified":"2026-01-23T16:14:06+00:00","description":"Nuna\u00ae Triv\u2122 lx komplet All Season je popolna re\u0161itev za vse letne \u010dase in vremenske razmere.","breadcrumb":{"@id":"https:\/\/ajatutaja.com\/izdelek\/nuna-triv-lx-komplet-2v1-all-season-caviar\/#breadcrumb"},"inLanguage":"hr","potentialAction":[{"@type":"ReadAction","target":["https:\/\/ajatutaja.com\/izdelek\/nuna-triv-lx-komplet-2v1-all-season-caviar\/"]}]},{"@type":"ImageObject","inLanguage":"hr","@id":"https:\/\/ajatutaja.com\/izdelek\/nuna-triv-lx-komplet-2v1-all-season-caviar\/#primaryimage","url":"https:\/\/ajatutaja.com\/wp-content\/uploads\/2024\/09\/Nuna-triv-lx-paket-all-season-black.jpg","contentUrl":"https:\/\/ajatutaja.com\/wp-content\/uploads\/2024\/09\/Nuna-triv-lx-paket-all-season-black.jpg","width":750,"height":750},{"@type":"BreadcrumbList","@id":"https:\/\/ajatutaja.com\/izdelek\/nuna-triv-lx-komplet-2v1-all-season-caviar\/#breadcrumb","itemListElement":[{"@type":"ListItem","position":1,"name":"Home","item":"https:\/\/ajatutaja.com\/hr\/"},{"@type":"ListItem","position":2,"name":"Trgovina","item":"https:\/\/ajatutaja.com\/hr\/trgovina\/"},{"@type":"ListItem","position":3,"name":"Nuna\u00ae Triv\u2122 LX komplet 2v1 All Season &#8211; Caviar"}]},{"@type":"WebSite","@id":"https:\/\/ajatutaja.com\/#website","url":"https:\/\/ajatutaja.com\/","name":"Ajatutaja","description":"Otro\u0161ka spletna trgovina AJATUTAJA","publisher":{"@id":"https:\/\/ajatutaja.com\/#organization"},"potentialAction":[{"@type":"SearchAction","target":{"@type":"EntryPoint","urlTemplate":"https:\/\/ajatutaja.com\/?s={search_term_string}"},"query-input":{"@type":"PropertyValueSpecification","valueRequired":true,"valueName":"search_term_string"}}],"inLanguage":"hr"},{"@type":"Organization","@id":"https:\/\/ajatutaja.com\/#organization","name":"Ajatutaja","url":"https:\/\/ajatutaja.com\/","logo":{"@type":"ImageObject","inLanguage":"hr","@id":"https:\/\/ajatutaja.com\/#\/schema\/logo\/image\/","url":"https:\/\/ajatutaja.com\/wp-content\/uploads\/2021\/10\/logo.png","contentUrl":"https:\/\/ajatutaja.com\/wp-content\/uploads\/2021\/10\/logo.png","width":555,"height":150,"caption":"Ajatutaja"},"image":{"@id":"https:\/\/ajatutaja.com\/#\/schema\/logo\/image\/"}}]}},"brands":[{"id":2379,"name":"Nuna","slug":"nuna-vozicki"},{"id":2374,"name":"Vozi\u010dki","slug":"vozicki"}],"_links":{"self":[{"href":"https:\/\/ajatutaja.com\/hr\/wp-json\/wp\/v2\/product\/67946","targetHints":{"allow":["GET"]}}],"collection":[{"href":"https:\/\/ajatutaja.com\/hr\/wp-json\/wp\/v2\/product"}],"about":[{"href":"https:\/\/ajatutaja.com\/hr\/wp-json\/wp\/v2\/types\/product"}],"wp:featuredmedia":[{"embeddable":true,"href":"https:\/\/ajatutaja.com\/hr\/wp-json\/wp\/v2\/media\/82678"}],"wp:attachment":[{"href":"https:\/\/ajatutaja.com\/hr\/wp-json\/wp\/v2\/media?parent=67946"}],"wp:term":[{"taxonomy":"pwb-brand","embeddable":true,"href":"https:\/\/ajatutaja.com\/hr\/wp-json\/wp\/v2\/pwb-brand?post=67946"},{"taxonomy":"product_brand","embeddable":true,"href":"https:\/\/ajatutaja.com\/hr\/wp-json\/wp\/v2\/product_brand?post=67946"},{"taxonomy":"product_cat","embeddable":true,"href":"https:\/\/ajatutaja.com\/hr\/wp-json\/wp\/v2\/product_cat?post=67946"},{"taxonomy":"product_tag","embeddable":true,"href":"https:\/\/ajatutaja.com\/hr\/wp-json\/wp\/v2\/product_tag?post=67946"}],"curies":[{"name":"wp","href":"https:\/\/api.w.org\/{rel}","templated":true}]}}