{"id":67717,"date":"2024-09-05T16:53:26","date_gmt":"2024-09-05T14:53:26","guid":{"rendered":"https:\/\/ajatutaja.com\/?post_type=product&#038;p=67717"},"modified":"2025-11-16T16:43:21","modified_gmt":"2025-11-16T15:43:21","slug":"zimski-pajac-in-vreca-elodie-powder-pink","status":"publish","type":"product","link":"https:\/\/ajatutaja.com\/hr\/proizvod\/zimski-pajac-in-vreca-elodie-powder-pink\/","title":{"rendered":"Zimski pajac in vre\u010da Elodie &#8211; Powder Pink"},"content":{"rendered":"<p>[vc_row][vc_column][vc_column_text]<\/p>\n<div class=\"product-content product-tab-0 product-content-current\">\n<p style=\"text-align: justify\">Multifukncijski zimski pajacek Elodie odlikuje inovativen patent z zadrgo, s katerim ga enostavno spremenite v zimsko vre\u010do. Uporabite ga lahko v avtosede\u017eu ali otro\u0161kem vozi\u010dku.<\/p>\n<p style=\"text-align: justify\">\u010ce \u017eelite svojega mal\u010dka razvajati \u00a0z udobjem in toploto v zimskih dneh, potem je ta luksuzna linija mehkih in toplih pajackov Elodie prava izbira. Dodajte \u0161e kapico, previjalno torbo, dudo, rokavi\u010dke in se igrajte s kombinacijami, ki vam jih ponuja vrhunska blagovna znamka Elodie.<\/p>\n<p style=\"text-align: justify\">Pajacek je tako mehak, topel in ne\u017een, da bo va\u0161 otrok imel ob\u010dutek, kot da je na oblaku, ko pa ga zlo\u017eite se zmanj\u0161a in je priro\u010den za shranjevanje.<\/p>\n<h3>Lastnosti zimskega pajaca 2v1 Elodie:<\/h3>\n<ul>\n<li>Enostavno obla\u010denje s pomo\u010djo dveh zadrg po celi dol\u017eini<\/li>\n<li>V dveh velikostih: 0-6 m in 6-12 m.<\/li>\n<li>Rokavi z zavihki za\u0161\u010ditijo male ro\u010dice pred mrazom<\/li>\n<li>Kapuca je oblo\u017een z mehkim in udobnim bomba\u017eem<\/li>\n<li>Enostavno vzdr\u017eevanje, strojno pranje<\/li>\n<li>Surovinska sestava: 100% poliester \/ polnjenje: 100% poliester.<\/li>\n<\/ul>\n<\/div>\n<p>[\/vc_column_text][\/vc_column][\/vc_row]<\/p>\n","protected":false},"excerpt":{"rendered":"<p style=\"text-align: justify\">\u010cudovit zimski pajac Elodie &#8211; Powder Pink se enostavno spremeni v zimsko vre\u010do. S pomo\u010djo zadrge namre\u010d enostavno preuredimo zimsko vre\u010do v pajaca za dojen\u010dka in obratno. Zimska vre\u010da tako postane uporabna tudi v lupinici in ne samo v vozi\u010dku ali ko\u0161ari za novorojen\u010dka.<\/p>\n<p style=\"text-align: justify\">Zimski pajac Elodie je na voljo v dveh velikostih.<\/p>\n","protected":false},"featured_media":67724,"template":"","meta":[],"pwb-brand":[2412,2703,2696,2409],"product_brand":[],"product_cat":[2689,2609,2360,2372],"product_tag":[4154,4162],"class_list":{"0":"post-67717","1":"product","2":"type-product","3":"status-publish","4":"has-post-thumbnail","6":"pwb-brand-elodie-potepanje","7":"pwb-brand-elodie-moda","8":"pwb-brand-moda","9":"pwb-brand-potepanje","10":"product_cat-jakne-in-zimski-pajaci","11":"product_cat-moda","12":"product_cat-vozicki","13":"product_cat-zimske-vrece-za-vozicek","14":"product_tag-elodie","15":"product_tag-elodie-zimska-vreca","17":"first","18":"instock","19":"taxable","20":"shipping-taxable","21":"purchasable","22":"product-type-variable","23":"add-to-wishlist-before_image"},"yoast_head":"<!-- This site is optimized with the Yoast SEO plugin v27.3 - https:\/\/yoast.com\/product\/yoast-seo-wordpress\/ -->\n<title>Zimski pajac in vre\u010da Elodie - Powder Pink | Ajatutaja<\/title>\n<meta name=\"description\" content=\"Multifukncijski zimski pajacek za dojen\u010dka Elodie odlikuje inovativen patent z zadrgo, s katerim ga enostavno spremenite v zimsko vre\u010do. Uporaben v vozi\u010dku in avtosede\u017eu.\" \/>\n<meta name=\"robots\" content=\"index, follow, max-snippet:-1, max-image-preview:large, max-video-preview:-1\" \/>\n<link rel=\"canonical\" href=\"https:\/\/ajatutaja.com\/izdelek\/zimski-pajac-in-vreca-elodie-powder-pink\/\" \/>\n<meta property=\"og:locale\" content=\"hr_HR\" \/>\n<meta property=\"og:type\" content=\"article\" \/>\n<meta property=\"og:title\" content=\"Zimski pajac in vre\u010da Elodie - Powder Pink | Ajatutaja\" \/>\n<meta property=\"og:description\" content=\"Multifukncijski zimski pajacek za dojen\u010dka Elodie odlikuje inovativen patent z zadrgo, s katerim ga enostavno spremenite v zimsko vre\u010do. Uporaben v vozi\u010dku in avtosede\u017eu.\" \/>\n<meta property=\"og:url\" content=\"https:\/\/ajatutaja.com\/izdelek\/zimski-pajac-in-vreca-elodie-powder-pink\/\" \/>\n<meta property=\"og:site_name\" content=\"Ajatutaja\" \/>\n<meta property=\"article:modified_time\" content=\"2025-11-16T15:43:21+00:00\" \/>\n<meta property=\"og:image\" content=\"https:\/\/ajatutaja.com\/wp-content\/uploads\/2024\/09\/Elodie-pajac-in-zimska-vreca-ajatutaja-powder-pink-1.png\" \/>\n\t<meta property=\"og:image:width\" content=\"739\" \/>\n\t<meta property=\"og:image:height\" content=\"738\" \/>\n\t<meta property=\"og:image:type\" content=\"image\/png\" \/>\n<meta name=\"twitter:card\" content=\"summary_large_image\" \/>\n<meta name=\"twitter:label1\" content=\"Procijenjeno vrijeme \u010ditanja\" \/>\n\t<meta name=\"twitter:data1\" content=\"1 minuta\" \/>\n<script type=\"application\/ld+json\" class=\"yoast-schema-graph\">{\"@context\":\"https:\\\/\\\/schema.org\",\"@graph\":[{\"@type\":\"WebPage\",\"@id\":\"https:\\\/\\\/ajatutaja.com\\\/izdelek\\\/zimski-pajac-in-vreca-elodie-powder-pink\\\/\",\"url\":\"https:\\\/\\\/ajatutaja.com\\\/izdelek\\\/zimski-pajac-in-vreca-elodie-powder-pink\\\/\",\"name\":\"Zimski pajac in vre\u010da Elodie - Powder Pink | Ajatutaja\",\"isPartOf\":{\"@id\":\"https:\\\/\\\/ajatutaja.com\\\/#website\"},\"primaryImageOfPage\":{\"@id\":\"https:\\\/\\\/ajatutaja.com\\\/izdelek\\\/zimski-pajac-in-vreca-elodie-powder-pink\\\/#primaryimage\"},\"image\":{\"@id\":\"https:\\\/\\\/ajatutaja.com\\\/izdelek\\\/zimski-pajac-in-vreca-elodie-powder-pink\\\/#primaryimage\"},\"thumbnailUrl\":\"https:\\\/\\\/ajatutaja.com\\\/wp-content\\\/uploads\\\/2024\\\/09\\\/Elodie-pajac-in-zimska-vreca-ajatutaja-powder-pink-1.png\",\"datePublished\":\"2024-09-05T14:53:26+00:00\",\"dateModified\":\"2025-11-16T15:43:21+00:00\",\"description\":\"Multifukncijski zimski pajacek za dojen\u010dka Elodie odlikuje inovativen patent z zadrgo, s katerim ga enostavno spremenite v zimsko vre\u010do. Uporaben v vozi\u010dku in avtosede\u017eu.\",\"breadcrumb\":{\"@id\":\"https:\\\/\\\/ajatutaja.com\\\/izdelek\\\/zimski-pajac-in-vreca-elodie-powder-pink\\\/#breadcrumb\"},\"inLanguage\":\"hr\",\"potentialAction\":[{\"@type\":\"ReadAction\",\"target\":[\"https:\\\/\\\/ajatutaja.com\\\/izdelek\\\/zimski-pajac-in-vreca-elodie-powder-pink\\\/\"]}]},{\"@type\":\"ImageObject\",\"inLanguage\":\"hr\",\"@id\":\"https:\\\/\\\/ajatutaja.com\\\/izdelek\\\/zimski-pajac-in-vreca-elodie-powder-pink\\\/#primaryimage\",\"url\":\"https:\\\/\\\/ajatutaja.com\\\/wp-content\\\/uploads\\\/2024\\\/09\\\/Elodie-pajac-in-zimska-vreca-ajatutaja-powder-pink-1.png\",\"contentUrl\":\"https:\\\/\\\/ajatutaja.com\\\/wp-content\\\/uploads\\\/2024\\\/09\\\/Elodie-pajac-in-zimska-vreca-ajatutaja-powder-pink-1.png\",\"width\":739,\"height\":738},{\"@type\":\"BreadcrumbList\",\"@id\":\"https:\\\/\\\/ajatutaja.com\\\/izdelek\\\/zimski-pajac-in-vreca-elodie-powder-pink\\\/#breadcrumb\",\"itemListElement\":[{\"@type\":\"ListItem\",\"position\":1,\"name\":\"Home\",\"item\":\"https:\\\/\\\/ajatutaja.com\\\/hr\\\/\"},{\"@type\":\"ListItem\",\"position\":2,\"name\":\"Trgovina\",\"item\":\"https:\\\/\\\/ajatutaja.com\\\/hr\\\/trgovina\\\/\"},{\"@type\":\"ListItem\",\"position\":3,\"name\":\"Zimski pajac in vre\u010da Elodie &#8211; Powder Pink\"}]},{\"@type\":\"WebSite\",\"@id\":\"https:\\\/\\\/ajatutaja.com\\\/#website\",\"url\":\"https:\\\/\\\/ajatutaja.com\\\/\",\"name\":\"Ajatutaja\",\"description\":\"Otro\u0161ka spletna trgovina AJATUTAJA\",\"publisher\":{\"@id\":\"https:\\\/\\\/ajatutaja.com\\\/#organization\"},\"potentialAction\":[{\"@type\":\"SearchAction\",\"target\":{\"@type\":\"EntryPoint\",\"urlTemplate\":\"https:\\\/\\\/ajatutaja.com\\\/?s={search_term_string}\"},\"query-input\":{\"@type\":\"PropertyValueSpecification\",\"valueRequired\":true,\"valueName\":\"search_term_string\"}}],\"inLanguage\":\"hr\"},{\"@type\":\"Organization\",\"@id\":\"https:\\\/\\\/ajatutaja.com\\\/#organization\",\"name\":\"Ajatutaja\",\"url\":\"https:\\\/\\\/ajatutaja.com\\\/\",\"logo\":{\"@type\":\"ImageObject\",\"inLanguage\":\"hr\",\"@id\":\"https:\\\/\\\/ajatutaja.com\\\/#\\\/schema\\\/logo\\\/image\\\/\",\"url\":\"https:\\\/\\\/ajatutaja.com\\\/wp-content\\\/uploads\\\/2021\\\/10\\\/logo.png\",\"contentUrl\":\"https:\\\/\\\/ajatutaja.com\\\/wp-content\\\/uploads\\\/2021\\\/10\\\/logo.png\",\"width\":555,\"height\":150,\"caption\":\"Ajatutaja\"},\"image\":{\"@id\":\"https:\\\/\\\/ajatutaja.com\\\/#\\\/schema\\\/logo\\\/image\\\/\"}}]}<\/script>\n<!-- \/ Yoast SEO plugin. -->","yoast_head_json":{"title":"Zimski pajac in vre\u010da Elodie - Powder Pink | Ajatutaja","description":"Multifukncijski zimski pajacek za dojen\u010dka Elodie odlikuje inovativen patent z zadrgo, s katerim ga enostavno spremenite v zimsko vre\u010do. Uporaben v vozi\u010dku in avtosede\u017eu.","robots":{"index":"index","follow":"follow","max-snippet":"max-snippet:-1","max-image-preview":"max-image-preview:large","max-video-preview":"max-video-preview:-1"},"canonical":"https:\/\/ajatutaja.com\/izdelek\/zimski-pajac-in-vreca-elodie-powder-pink\/","og_locale":"hr_HR","og_type":"article","og_title":"Zimski pajac in vre\u010da Elodie - Powder Pink | Ajatutaja","og_description":"Multifukncijski zimski pajacek za dojen\u010dka Elodie odlikuje inovativen patent z zadrgo, s katerim ga enostavno spremenite v zimsko vre\u010do. Uporaben v vozi\u010dku in avtosede\u017eu.","og_url":"https:\/\/ajatutaja.com\/izdelek\/zimski-pajac-in-vreca-elodie-powder-pink\/","og_site_name":"Ajatutaja","article_modified_time":"2025-11-16T15:43:21+00:00","og_image":[{"width":739,"height":738,"url":"https:\/\/ajatutaja.com\/wp-content\/uploads\/2024\/09\/Elodie-pajac-in-zimska-vreca-ajatutaja-powder-pink-1.png","type":"image\/png"}],"twitter_card":"summary_large_image","twitter_misc":{"Procijenjeno vrijeme \u010ditanja":"1 minuta"},"schema":{"@context":"https:\/\/schema.org","@graph":[{"@type":"WebPage","@id":"https:\/\/ajatutaja.com\/izdelek\/zimski-pajac-in-vreca-elodie-powder-pink\/","url":"https:\/\/ajatutaja.com\/izdelek\/zimski-pajac-in-vreca-elodie-powder-pink\/","name":"Zimski pajac in vre\u010da Elodie - Powder Pink | Ajatutaja","isPartOf":{"@id":"https:\/\/ajatutaja.com\/#website"},"primaryImageOfPage":{"@id":"https:\/\/ajatutaja.com\/izdelek\/zimski-pajac-in-vreca-elodie-powder-pink\/#primaryimage"},"image":{"@id":"https:\/\/ajatutaja.com\/izdelek\/zimski-pajac-in-vreca-elodie-powder-pink\/#primaryimage"},"thumbnailUrl":"https:\/\/ajatutaja.com\/wp-content\/uploads\/2024\/09\/Elodie-pajac-in-zimska-vreca-ajatutaja-powder-pink-1.png","datePublished":"2024-09-05T14:53:26+00:00","dateModified":"2025-11-16T15:43:21+00:00","description":"Multifukncijski zimski pajacek za dojen\u010dka Elodie odlikuje inovativen patent z zadrgo, s katerim ga enostavno spremenite v zimsko vre\u010do. Uporaben v vozi\u010dku in avtosede\u017eu.","breadcrumb":{"@id":"https:\/\/ajatutaja.com\/izdelek\/zimski-pajac-in-vreca-elodie-powder-pink\/#breadcrumb"},"inLanguage":"hr","potentialAction":[{"@type":"ReadAction","target":["https:\/\/ajatutaja.com\/izdelek\/zimski-pajac-in-vreca-elodie-powder-pink\/"]}]},{"@type":"ImageObject","inLanguage":"hr","@id":"https:\/\/ajatutaja.com\/izdelek\/zimski-pajac-in-vreca-elodie-powder-pink\/#primaryimage","url":"https:\/\/ajatutaja.com\/wp-content\/uploads\/2024\/09\/Elodie-pajac-in-zimska-vreca-ajatutaja-powder-pink-1.png","contentUrl":"https:\/\/ajatutaja.com\/wp-content\/uploads\/2024\/09\/Elodie-pajac-in-zimska-vreca-ajatutaja-powder-pink-1.png","width":739,"height":738},{"@type":"BreadcrumbList","@id":"https:\/\/ajatutaja.com\/izdelek\/zimski-pajac-in-vreca-elodie-powder-pink\/#breadcrumb","itemListElement":[{"@type":"ListItem","position":1,"name":"Home","item":"https:\/\/ajatutaja.com\/hr\/"},{"@type":"ListItem","position":2,"name":"Trgovina","item":"https:\/\/ajatutaja.com\/hr\/trgovina\/"},{"@type":"ListItem","position":3,"name":"Zimski pajac in vre\u010da Elodie &#8211; Powder Pink"}]},{"@type":"WebSite","@id":"https:\/\/ajatutaja.com\/#website","url":"https:\/\/ajatutaja.com\/","name":"Ajatutaja","description":"Otro\u0161ka spletna trgovina AJATUTAJA","publisher":{"@id":"https:\/\/ajatutaja.com\/#organization"},"potentialAction":[{"@type":"SearchAction","target":{"@type":"EntryPoint","urlTemplate":"https:\/\/ajatutaja.com\/?s={search_term_string}"},"query-input":{"@type":"PropertyValueSpecification","valueRequired":true,"valueName":"search_term_string"}}],"inLanguage":"hr"},{"@type":"Organization","@id":"https:\/\/ajatutaja.com\/#organization","name":"Ajatutaja","url":"https:\/\/ajatutaja.com\/","logo":{"@type":"ImageObject","inLanguage":"hr","@id":"https:\/\/ajatutaja.com\/#\/schema\/logo\/image\/","url":"https:\/\/ajatutaja.com\/wp-content\/uploads\/2021\/10\/logo.png","contentUrl":"https:\/\/ajatutaja.com\/wp-content\/uploads\/2021\/10\/logo.png","width":555,"height":150,"caption":"Ajatutaja"},"image":{"@id":"https:\/\/ajatutaja.com\/#\/schema\/logo\/image\/"}}]}},"brands":[{"id":2412,"name":"Elodie","slug":"elodie-potepanje"},{"id":2703,"name":"Elodie","slug":"elodie-moda"},{"id":2696,"name":"Moda","slug":"moda"},{"id":2409,"name":"Potepanje","slug":"potepanje"}],"_links":{"self":[{"href":"https:\/\/ajatutaja.com\/hr\/wp-json\/wp\/v2\/product\/67717","targetHints":{"allow":["GET"]}}],"collection":[{"href":"https:\/\/ajatutaja.com\/hr\/wp-json\/wp\/v2\/product"}],"about":[{"href":"https:\/\/ajatutaja.com\/hr\/wp-json\/wp\/v2\/types\/product"}],"wp:featuredmedia":[{"embeddable":true,"href":"https:\/\/ajatutaja.com\/hr\/wp-json\/wp\/v2\/media\/67724"}],"wp:attachment":[{"href":"https:\/\/ajatutaja.com\/hr\/wp-json\/wp\/v2\/media?parent=67717"}],"wp:term":[{"taxonomy":"pwb-brand","embeddable":true,"href":"https:\/\/ajatutaja.com\/hr\/wp-json\/wp\/v2\/pwb-brand?post=67717"},{"taxonomy":"product_brand","embeddable":true,"href":"https:\/\/ajatutaja.com\/hr\/wp-json\/wp\/v2\/product_brand?post=67717"},{"taxonomy":"product_cat","embeddable":true,"href":"https:\/\/ajatutaja.com\/hr\/wp-json\/wp\/v2\/product_cat?post=67717"},{"taxonomy":"product_tag","embeddable":true,"href":"https:\/\/ajatutaja.com\/hr\/wp-json\/wp\/v2\/product_tag?post=67717"}],"curies":[{"name":"wp","href":"https:\/\/api.w.org\/{rel}","templated":true}]}}