{"id":67712,"date":"2024-09-05T15:28:33","date_gmt":"2024-09-05T13:28:33","guid":{"rendered":"https:\/\/ajatutaja.com\/?post_type=product&#038;p=67712"},"modified":"2024-09-05T15:40:35","modified_gmt":"2024-09-05T13:40:35","slug":"zimska-vreca-elodie-fairytale-forest","status":"publish","type":"product","link":"https:\/\/ajatutaja.com\/hr\/proizvod\/zimska-vreca-elodie-fairytale-forest\/","title":{"rendered":"Zimska vre\u010da Elodie &#8211; Fairytale Forest"},"content":{"rendered":"<p>[vc_row][vc_column][vc_column_text]<\/p>\n<div class=\"product-content product-tab-0 product-content-current\">\n<p style=\"text-align: justify;\">Elodie <strong>zimska vre\u010da<\/strong> je tako lahka, mehka, topla in ne\u017ena. Va\u0161 otrok bo tako imel ob\u010dutek, kot da je na oblaku, ko pa jo zlo\u017eite se zmanj\u0161a in je priro\u010dna za shranjevanje.<\/p>\n<p style=\"text-align: justify;\">Zunanja tkanina zimske vre\u010de Elodie je izdelana iz 100% poliestra obdelana z BIONIC-FINISH\u00ae RUDOLF \u2013 najnovej\u0161o tehnologijo ekolo\u0161ke obdelave, ki nudi u\u010dinkovito za\u0161\u010dito pred naravnimi vplivi (veter, de\u017e, sneg\u2026).<\/p>\n<h3 style=\"text-align: justify;\">Lastnosti zimske vre\u010de Elodie:<\/h3>\n<ul>\n<li>Univerzalni dizajn, ki ustreza ve\u010dini vozi\u010dkov na trgu<\/li>\n<li>Odporen proti vetru in vodi z Bionic Finish RUDOLF tehniko obdelavo tkanine<\/li>\n<li>Izolirana notranjost za visoko uravnavanje toplote<\/li>\n<li>Snemljiv zgornji pokrov z zadrgo, ki se odpira na obeh straneh in omogo\u010da ve\u010d na\u010dinov pokritosti<\/li>\n<li>Pritrditvenia gumbka na pokrovu za prilagodljivo udobje ovratnega dela<\/li>\n<li>Vsestranske in univerzalne luknje za varnostni pas va\u0161ega vozi\u010dka. Deluje tudi na vozik\u010dkih z\u00a0 nesnemljivimi jermeni.<\/li>\n<li>Pametna dizajn fiksiranja, ki prepre\u010duje drsenje vre\u010de<\/li>\n<li>Odstranljiva obroba na kapuci iz umetnega krzna \/\/ Odstranljiva kapuca<\/li>\n<li>Enostavno vzdr\u017eevanje, strojno pranje in su\u0161enje<\/li>\n<li>Prihaja v elegantni vre\u010dki za shranjevanje<\/li>\n<li>Velikost: 52 X 97 cm<\/li>\n<li>Vrhnji material je izdelan in recilkiranih materialov<\/li>\n<li>Zunanja tkanina: 100 % recikliran poliester | Podloga: 100% poliester | Oblazinjenje: 100 % recikliran poliester | Ovratnik: 100% poliester<\/li>\n<\/ul>\n<p><strong>Vzdr\u017eevanje:\u00a0<\/strong><br \/>\nPralno v pralnem stroju navzven z zaprtimi zadrgami in drugimi zaponkami na programu 40 stopinj. Su\u0161ite v su\u0161ilnem stroju pri nizki temperaturi, dokler se popolnoma ne posu\u0161i.<\/p>\n<p>Ovratnik iz umetnega krzna: odstranite ovratnik in lo\u010deno operite v pralnem stroju na ne\u017enem programu 30 stopinj. Pustite, da se posu\u0161i. Lahko se pojavi nekaj obarjanja vlaken krznenega ovratnika.<\/p>\n<p style=\"text-align: justify;\"><em>Dodajte \u0161e kapico, previjalno torbo, dudo, rokavi\u010dke in se igrajte z kombinacijami, ki vam jih ponuja vrhunska blagovna znamka Elodie.\u00a0<\/em><\/p>\n<\/div>\n<p>[\/vc_column_text][\/vc_column][\/vc_row]<\/p>\n","protected":false},"excerpt":{"rendered":"<p style=\"text-align: justify;\">Zimska vre\u010da za vozi\u010dek Elodie Fairytale Forest je univerzalne velikosti in jo lahko uporabite v kateremkoli otro\u0161kem vozi\u010dku. \u010ce \u017eelite svojega mal\u010dka razvajti z udobjem in toploto v zimskih dneh, potem je ta luksuzna linija mehkih in toplih zimskih vre\u010d Elodie, prava izbira za vas.<\/p>\n<p>&nbsp;<\/p>\n","protected":false},"featured_media":67695,"template":"","meta":[],"pwb-brand":[2412,2409],"product_brand":[],"product_cat":[2360,2372],"product_tag":[4154,4162,5365],"class_list":{"0":"post-67712","1":"product","2":"type-product","3":"status-publish","4":"has-post-thumbnail","6":"pwb-brand-elodie-potepanje","7":"pwb-brand-potepanje","8":"product_cat-vozicki","9":"product_cat-zimske-vrece-za-vozicek","10":"product_tag-elodie","11":"product_tag-elodie-zimska-vreca","12":"product_tag-free-bird","14":"first","15":"onbackorder","16":"taxable","17":"shipping-taxable","18":"purchasable","19":"product-type-simple","20":"add-to-wishlist-before_image"},"yoast_head":"<!-- This site is optimized with the Yoast SEO plugin v27.3 - https:\/\/yoast.com\/product\/yoast-seo-wordpress\/ -->\n<title>Zimska vre\u010da Elodie - Fairytale Forest | Ajatutaja<\/title>\n<meta name=\"description\" content=\"Mehka in topla zimska vre\u010da bo grela va\u0161ega mal\u010dka na sprehodu z vozi\u010dkom. Zimska vre\u010da Elodie je univerzalne velikosti in \u010dudovitega izgleda.\" \/>\n<meta name=\"robots\" content=\"index, follow, max-snippet:-1, max-image-preview:large, max-video-preview:-1\" \/>\n<link rel=\"canonical\" href=\"https:\/\/ajatutaja.com\/izdelek\/zimska-vreca-elodie-fairytale-forest\/\" \/>\n<meta property=\"og:locale\" content=\"hr_HR\" \/>\n<meta property=\"og:type\" content=\"article\" \/>\n<meta property=\"og:title\" content=\"Zimska vre\u010da Elodie - Fairytale Forest | Ajatutaja\" \/>\n<meta property=\"og:description\" content=\"Mehka in topla zimska vre\u010da bo grela va\u0161ega mal\u010dka na sprehodu z vozi\u010dkom. Zimska vre\u010da Elodie je univerzalne velikosti in \u010dudovitega izgleda.\" \/>\n<meta property=\"og:url\" content=\"https:\/\/ajatutaja.com\/izdelek\/zimska-vreca-elodie-fairytale-forest\/\" \/>\n<meta property=\"og:site_name\" content=\"Ajatutaja\" \/>\n<meta property=\"article:modified_time\" content=\"2024-09-05T13:40:35+00:00\" \/>\n<meta property=\"og:image\" content=\"https:\/\/ajatutaja.com\/wp-content\/uploads\/2024\/09\/Elodie-zimska-vreca-ajatutaja-fairytale-forest-1.png\" \/>\n\t<meta property=\"og:image:width\" content=\"737\" \/>\n\t<meta property=\"og:image:height\" content=\"735\" \/>\n\t<meta property=\"og:image:type\" content=\"image\/png\" \/>\n<meta name=\"twitter:card\" content=\"summary_large_image\" \/>\n<meta name=\"twitter:label1\" content=\"Procijenjeno vrijeme \u010ditanja\" \/>\n\t<meta name=\"twitter:data1\" content=\"2 minute\" \/>\n<script type=\"application\/ld+json\" class=\"yoast-schema-graph\">{\"@context\":\"https:\\\/\\\/schema.org\",\"@graph\":[{\"@type\":\"WebPage\",\"@id\":\"https:\\\/\\\/ajatutaja.com\\\/izdelek\\\/zimska-vreca-elodie-fairytale-forest\\\/\",\"url\":\"https:\\\/\\\/ajatutaja.com\\\/izdelek\\\/zimska-vreca-elodie-fairytale-forest\\\/\",\"name\":\"Zimska vre\u010da Elodie - Fairytale Forest | Ajatutaja\",\"isPartOf\":{\"@id\":\"https:\\\/\\\/ajatutaja.com\\\/#website\"},\"primaryImageOfPage\":{\"@id\":\"https:\\\/\\\/ajatutaja.com\\\/izdelek\\\/zimska-vreca-elodie-fairytale-forest\\\/#primaryimage\"},\"image\":{\"@id\":\"https:\\\/\\\/ajatutaja.com\\\/izdelek\\\/zimska-vreca-elodie-fairytale-forest\\\/#primaryimage\"},\"thumbnailUrl\":\"https:\\\/\\\/ajatutaja.com\\\/wp-content\\\/uploads\\\/2024\\\/09\\\/Elodie-zimska-vreca-ajatutaja-fairytale-forest-1.png\",\"datePublished\":\"2024-09-05T13:28:33+00:00\",\"dateModified\":\"2024-09-05T13:40:35+00:00\",\"description\":\"Mehka in topla zimska vre\u010da bo grela va\u0161ega mal\u010dka na sprehodu z vozi\u010dkom. Zimska vre\u010da Elodie je univerzalne velikosti in \u010dudovitega izgleda.\",\"breadcrumb\":{\"@id\":\"https:\\\/\\\/ajatutaja.com\\\/izdelek\\\/zimska-vreca-elodie-fairytale-forest\\\/#breadcrumb\"},\"inLanguage\":\"hr\",\"potentialAction\":[{\"@type\":\"ReadAction\",\"target\":[\"https:\\\/\\\/ajatutaja.com\\\/izdelek\\\/zimska-vreca-elodie-fairytale-forest\\\/\"]}]},{\"@type\":\"ImageObject\",\"inLanguage\":\"hr\",\"@id\":\"https:\\\/\\\/ajatutaja.com\\\/izdelek\\\/zimska-vreca-elodie-fairytale-forest\\\/#primaryimage\",\"url\":\"https:\\\/\\\/ajatutaja.com\\\/wp-content\\\/uploads\\\/2024\\\/09\\\/Elodie-zimska-vreca-ajatutaja-fairytale-forest-1.png\",\"contentUrl\":\"https:\\\/\\\/ajatutaja.com\\\/wp-content\\\/uploads\\\/2024\\\/09\\\/Elodie-zimska-vreca-ajatutaja-fairytale-forest-1.png\",\"width\":737,\"height\":735},{\"@type\":\"BreadcrumbList\",\"@id\":\"https:\\\/\\\/ajatutaja.com\\\/izdelek\\\/zimska-vreca-elodie-fairytale-forest\\\/#breadcrumb\",\"itemListElement\":[{\"@type\":\"ListItem\",\"position\":1,\"name\":\"Home\",\"item\":\"https:\\\/\\\/ajatutaja.com\\\/hr\\\/\"},{\"@type\":\"ListItem\",\"position\":2,\"name\":\"Trgovina\",\"item\":\"https:\\\/\\\/ajatutaja.com\\\/hr\\\/trgovina\\\/\"},{\"@type\":\"ListItem\",\"position\":3,\"name\":\"Zimska vre\u010da Elodie &#8211; Fairytale Forest\"}]},{\"@type\":\"WebSite\",\"@id\":\"https:\\\/\\\/ajatutaja.com\\\/#website\",\"url\":\"https:\\\/\\\/ajatutaja.com\\\/\",\"name\":\"Ajatutaja\",\"description\":\"Otro\u0161ka spletna trgovina AJATUTAJA\",\"publisher\":{\"@id\":\"https:\\\/\\\/ajatutaja.com\\\/#organization\"},\"potentialAction\":[{\"@type\":\"SearchAction\",\"target\":{\"@type\":\"EntryPoint\",\"urlTemplate\":\"https:\\\/\\\/ajatutaja.com\\\/?s={search_term_string}\"},\"query-input\":{\"@type\":\"PropertyValueSpecification\",\"valueRequired\":true,\"valueName\":\"search_term_string\"}}],\"inLanguage\":\"hr\"},{\"@type\":\"Organization\",\"@id\":\"https:\\\/\\\/ajatutaja.com\\\/#organization\",\"name\":\"Ajatutaja\",\"url\":\"https:\\\/\\\/ajatutaja.com\\\/\",\"logo\":{\"@type\":\"ImageObject\",\"inLanguage\":\"hr\",\"@id\":\"https:\\\/\\\/ajatutaja.com\\\/#\\\/schema\\\/logo\\\/image\\\/\",\"url\":\"https:\\\/\\\/ajatutaja.com\\\/wp-content\\\/uploads\\\/2021\\\/10\\\/logo.png\",\"contentUrl\":\"https:\\\/\\\/ajatutaja.com\\\/wp-content\\\/uploads\\\/2021\\\/10\\\/logo.png\",\"width\":555,\"height\":150,\"caption\":\"Ajatutaja\"},\"image\":{\"@id\":\"https:\\\/\\\/ajatutaja.com\\\/#\\\/schema\\\/logo\\\/image\\\/\"}}]}<\/script>\n<!-- \/ Yoast SEO plugin. -->","yoast_head_json":{"title":"Zimska vre\u010da Elodie - Fairytale Forest | Ajatutaja","description":"Mehka in topla zimska vre\u010da bo grela va\u0161ega mal\u010dka na sprehodu z vozi\u010dkom. Zimska vre\u010da Elodie je univerzalne velikosti in \u010dudovitega izgleda.","robots":{"index":"index","follow":"follow","max-snippet":"max-snippet:-1","max-image-preview":"max-image-preview:large","max-video-preview":"max-video-preview:-1"},"canonical":"https:\/\/ajatutaja.com\/izdelek\/zimska-vreca-elodie-fairytale-forest\/","og_locale":"hr_HR","og_type":"article","og_title":"Zimska vre\u010da Elodie - Fairytale Forest | Ajatutaja","og_description":"Mehka in topla zimska vre\u010da bo grela va\u0161ega mal\u010dka na sprehodu z vozi\u010dkom. Zimska vre\u010da Elodie je univerzalne velikosti in \u010dudovitega izgleda.","og_url":"https:\/\/ajatutaja.com\/izdelek\/zimska-vreca-elodie-fairytale-forest\/","og_site_name":"Ajatutaja","article_modified_time":"2024-09-05T13:40:35+00:00","og_image":[{"width":737,"height":735,"url":"https:\/\/ajatutaja.com\/wp-content\/uploads\/2024\/09\/Elodie-zimska-vreca-ajatutaja-fairytale-forest-1.png","type":"image\/png"}],"twitter_card":"summary_large_image","twitter_misc":{"Procijenjeno vrijeme \u010ditanja":"2 minute"},"schema":{"@context":"https:\/\/schema.org","@graph":[{"@type":"WebPage","@id":"https:\/\/ajatutaja.com\/izdelek\/zimska-vreca-elodie-fairytale-forest\/","url":"https:\/\/ajatutaja.com\/izdelek\/zimska-vreca-elodie-fairytale-forest\/","name":"Zimska vre\u010da Elodie - Fairytale Forest | Ajatutaja","isPartOf":{"@id":"https:\/\/ajatutaja.com\/#website"},"primaryImageOfPage":{"@id":"https:\/\/ajatutaja.com\/izdelek\/zimska-vreca-elodie-fairytale-forest\/#primaryimage"},"image":{"@id":"https:\/\/ajatutaja.com\/izdelek\/zimska-vreca-elodie-fairytale-forest\/#primaryimage"},"thumbnailUrl":"https:\/\/ajatutaja.com\/wp-content\/uploads\/2024\/09\/Elodie-zimska-vreca-ajatutaja-fairytale-forest-1.png","datePublished":"2024-09-05T13:28:33+00:00","dateModified":"2024-09-05T13:40:35+00:00","description":"Mehka in topla zimska vre\u010da bo grela va\u0161ega mal\u010dka na sprehodu z vozi\u010dkom. Zimska vre\u010da Elodie je univerzalne velikosti in \u010dudovitega izgleda.","breadcrumb":{"@id":"https:\/\/ajatutaja.com\/izdelek\/zimska-vreca-elodie-fairytale-forest\/#breadcrumb"},"inLanguage":"hr","potentialAction":[{"@type":"ReadAction","target":["https:\/\/ajatutaja.com\/izdelek\/zimska-vreca-elodie-fairytale-forest\/"]}]},{"@type":"ImageObject","inLanguage":"hr","@id":"https:\/\/ajatutaja.com\/izdelek\/zimska-vreca-elodie-fairytale-forest\/#primaryimage","url":"https:\/\/ajatutaja.com\/wp-content\/uploads\/2024\/09\/Elodie-zimska-vreca-ajatutaja-fairytale-forest-1.png","contentUrl":"https:\/\/ajatutaja.com\/wp-content\/uploads\/2024\/09\/Elodie-zimska-vreca-ajatutaja-fairytale-forest-1.png","width":737,"height":735},{"@type":"BreadcrumbList","@id":"https:\/\/ajatutaja.com\/izdelek\/zimska-vreca-elodie-fairytale-forest\/#breadcrumb","itemListElement":[{"@type":"ListItem","position":1,"name":"Home","item":"https:\/\/ajatutaja.com\/hr\/"},{"@type":"ListItem","position":2,"name":"Trgovina","item":"https:\/\/ajatutaja.com\/hr\/trgovina\/"},{"@type":"ListItem","position":3,"name":"Zimska vre\u010da Elodie &#8211; Fairytale Forest"}]},{"@type":"WebSite","@id":"https:\/\/ajatutaja.com\/#website","url":"https:\/\/ajatutaja.com\/","name":"Ajatutaja","description":"Otro\u0161ka spletna trgovina AJATUTAJA","publisher":{"@id":"https:\/\/ajatutaja.com\/#organization"},"potentialAction":[{"@type":"SearchAction","target":{"@type":"EntryPoint","urlTemplate":"https:\/\/ajatutaja.com\/?s={search_term_string}"},"query-input":{"@type":"PropertyValueSpecification","valueRequired":true,"valueName":"search_term_string"}}],"inLanguage":"hr"},{"@type":"Organization","@id":"https:\/\/ajatutaja.com\/#organization","name":"Ajatutaja","url":"https:\/\/ajatutaja.com\/","logo":{"@type":"ImageObject","inLanguage":"hr","@id":"https:\/\/ajatutaja.com\/#\/schema\/logo\/image\/","url":"https:\/\/ajatutaja.com\/wp-content\/uploads\/2021\/10\/logo.png","contentUrl":"https:\/\/ajatutaja.com\/wp-content\/uploads\/2021\/10\/logo.png","width":555,"height":150,"caption":"Ajatutaja"},"image":{"@id":"https:\/\/ajatutaja.com\/#\/schema\/logo\/image\/"}}]}},"brands":[{"id":2412,"name":"Elodie","slug":"elodie-potepanje"},{"id":2409,"name":"Potepanje","slug":"potepanje"}],"_links":{"self":[{"href":"https:\/\/ajatutaja.com\/hr\/wp-json\/wp\/v2\/product\/67712","targetHints":{"allow":["GET"]}}],"collection":[{"href":"https:\/\/ajatutaja.com\/hr\/wp-json\/wp\/v2\/product"}],"about":[{"href":"https:\/\/ajatutaja.com\/hr\/wp-json\/wp\/v2\/types\/product"}],"wp:featuredmedia":[{"embeddable":true,"href":"https:\/\/ajatutaja.com\/hr\/wp-json\/wp\/v2\/media\/67695"}],"wp:attachment":[{"href":"https:\/\/ajatutaja.com\/hr\/wp-json\/wp\/v2\/media?parent=67712"}],"wp:term":[{"taxonomy":"pwb-brand","embeddable":true,"href":"https:\/\/ajatutaja.com\/hr\/wp-json\/wp\/v2\/pwb-brand?post=67712"},{"taxonomy":"product_brand","embeddable":true,"href":"https:\/\/ajatutaja.com\/hr\/wp-json\/wp\/v2\/product_brand?post=67712"},{"taxonomy":"product_cat","embeddable":true,"href":"https:\/\/ajatutaja.com\/hr\/wp-json\/wp\/v2\/product_cat?post=67712"},{"taxonomy":"product_tag","embeddable":true,"href":"https:\/\/ajatutaja.com\/hr\/wp-json\/wp\/v2\/product_tag?post=67712"}],"curies":[{"name":"wp","href":"https:\/\/api.w.org\/{rel}","templated":true}]}}