{"id":67647,"date":"2025-12-18T19:55:00","date_gmt":"2025-12-18T18:55:00","guid":{"rendered":"https:\/\/ajatutaja.com\/?post_type=product&#038;p=67647"},"modified":"2025-12-18T19:55:05","modified_gmt":"2025-12-18T18:55:05","slug":"piramida-iz-kock-little-dutch-forest-friends","status":"publish","type":"product","link":"https:\/\/ajatutaja.com\/hr\/proizvod\/piramida-iz-kock-little-dutch-forest-friends\/","title":{"rendered":"Piramida iz kock Little Dutch &#8211; Forest Friends"},"content":{"rendered":"<p>[vc_row][vc_column][vc_column_text]<\/p>\n<h3>Lastnosti piramida iz kock Little Dutch:<\/h3>\n<ul>\n<li>Izdelano iz kartona<\/li>\n<li>Barvano z otrokom prijaznimi barvami na vodni osnovi<\/li>\n<li>Dimenzije: 14 x 14 x 14 cm \/ Najmanj\u0161i blok je 5 cm, najve\u010dji blok pa 14 cm.<\/li>\n<li>Starost: 18m +<\/li>\n<li>Komplet: 10 kock razli\u010dnih velikosti<\/li>\n<\/ul>\n<p><span lang=\"sl\">Ko kon\u010date z igranjem, igre ne pu\u0161\u010dajte zunaj ali na de\u017eju, ampak jo shranite na suhem mestu.<\/span>[\/vc_column_text][\/vc_column][\/vc_row]<\/p>\n","protected":false},"excerpt":{"rendered":"<p id=\"tw-target-text\" dir=\"ltr\" data-placeholder=\"Prevod\">\u010cudovite kocke za zlaganje piramide Little Dutch z motivom Forest Friends u\u010dijo otroke, kako sestavljati, zlagati in \u0161teti do 10. Na vseh straneh stolpa za zlaganje so razli\u010dne slike in odtisi, ki se lepo ujemajo. Kocke so narejene iz trpe\u017enega kartona in so odporne na udarce.<\/p>\n","protected":false},"featured_media":67648,"template":"","meta":[],"pwb-brand":[2452,2457],"product_brand":[],"product_cat":[3990,2441,2715,2362,2445],"product_tag":[5596,4002],"class_list":{"0":"post-67647","1":"product","2":"type-product","3":"status-publish","4":"has-post-thumbnail","6":"pwb-brand-igranje","7":"pwb-brand-little-dutch-igra","8":"product_cat-18-mesecev-igrace","9":"product_cat-aktivnostne-igrace","10":"product_cat-darilo-do-15e","11":"product_cat-igranje","12":"product_cat-sestavljanke","13":"product_tag-forest-friends","14":"product_tag-little-dutch","16":"first","17":"instock","18":"taxable","19":"shipping-taxable","20":"purchasable","21":"product-type-simple","22":"add-to-wishlist-before_image"},"yoast_head":"<!-- This site is optimized with the Yoast SEO plugin v27.3 - https:\/\/yoast.com\/product\/yoast-seo-wordpress\/ -->\n<title>Piramida iz kock Little Dutch - Forest Friends | Ajatutaja<\/title>\n<meta name=\"description\" content=\"\u010cudovite kocke za zlaganje Little Dutch u\u010dijo otroke, kako sestavljati stolp ali piramido, zlagati in \u0161teti do 10.\" \/>\n<meta name=\"robots\" content=\"index, follow, max-snippet:-1, max-image-preview:large, max-video-preview:-1\" \/>\n<link rel=\"canonical\" href=\"https:\/\/ajatutaja.com\/izdelek\/piramida-iz-kock-little-dutch-forest-friends\/\" \/>\n<meta property=\"og:locale\" content=\"hr_HR\" \/>\n<meta property=\"og:type\" content=\"article\" \/>\n<meta property=\"og:title\" content=\"Piramida iz kock Little Dutch - Forest Friends | Ajatutaja\" \/>\n<meta property=\"og:description\" content=\"\u010cudovite kocke za zlaganje Little Dutch u\u010dijo otroke, kako sestavljati stolp ali piramido, zlagati in \u0161teti do 10.\" \/>\n<meta property=\"og:url\" content=\"https:\/\/ajatutaja.com\/izdelek\/piramida-iz-kock-little-dutch-forest-friends\/\" \/>\n<meta property=\"og:site_name\" content=\"Ajatutaja\" \/>\n<meta property=\"article:modified_time\" content=\"2025-12-18T18:55:05+00:00\" \/>\n<meta property=\"og:image\" content=\"https:\/\/ajatutaja.com\/wp-content\/uploads\/2024\/09\/Little-Dutch-Kocka-Forest-Friends-1.jpg\" \/>\n\t<meta property=\"og:image:width\" content=\"1400\" \/>\n\t<meta property=\"og:image:height\" content=\"1400\" \/>\n\t<meta property=\"og:image:type\" content=\"image\/jpeg\" \/>\n<meta name=\"twitter:card\" content=\"summary_large_image\" \/>\n<script type=\"application\/ld+json\" class=\"yoast-schema-graph\">{\"@context\":\"https:\\\/\\\/schema.org\",\"@graph\":[{\"@type\":\"WebPage\",\"@id\":\"https:\\\/\\\/ajatutaja.com\\\/izdelek\\\/piramida-iz-kock-little-dutch-forest-friends\\\/\",\"url\":\"https:\\\/\\\/ajatutaja.com\\\/izdelek\\\/piramida-iz-kock-little-dutch-forest-friends\\\/\",\"name\":\"Piramida iz kock Little Dutch - Forest Friends | Ajatutaja\",\"isPartOf\":{\"@id\":\"https:\\\/\\\/ajatutaja.com\\\/#website\"},\"primaryImageOfPage\":{\"@id\":\"https:\\\/\\\/ajatutaja.com\\\/izdelek\\\/piramida-iz-kock-little-dutch-forest-friends\\\/#primaryimage\"},\"image\":{\"@id\":\"https:\\\/\\\/ajatutaja.com\\\/izdelek\\\/piramida-iz-kock-little-dutch-forest-friends\\\/#primaryimage\"},\"thumbnailUrl\":\"https:\\\/\\\/ajatutaja.com\\\/wp-content\\\/uploads\\\/2024\\\/09\\\/Little-Dutch-Kocka-Forest-Friends-1.jpg\",\"datePublished\":\"2025-12-18T18:55:00+00:00\",\"dateModified\":\"2025-12-18T18:55:05+00:00\",\"description\":\"\u010cudovite kocke za zlaganje Little Dutch u\u010dijo otroke, kako sestavljati stolp ali piramido, zlagati in \u0161teti do 10.\",\"breadcrumb\":{\"@id\":\"https:\\\/\\\/ajatutaja.com\\\/izdelek\\\/piramida-iz-kock-little-dutch-forest-friends\\\/#breadcrumb\"},\"inLanguage\":\"hr\",\"potentialAction\":[{\"@type\":\"ReadAction\",\"target\":[\"https:\\\/\\\/ajatutaja.com\\\/izdelek\\\/piramida-iz-kock-little-dutch-forest-friends\\\/\"]}]},{\"@type\":\"ImageObject\",\"inLanguage\":\"hr\",\"@id\":\"https:\\\/\\\/ajatutaja.com\\\/izdelek\\\/piramida-iz-kock-little-dutch-forest-friends\\\/#primaryimage\",\"url\":\"https:\\\/\\\/ajatutaja.com\\\/wp-content\\\/uploads\\\/2024\\\/09\\\/Little-Dutch-Kocka-Forest-Friends-1.jpg\",\"contentUrl\":\"https:\\\/\\\/ajatutaja.com\\\/wp-content\\\/uploads\\\/2024\\\/09\\\/Little-Dutch-Kocka-Forest-Friends-1.jpg\",\"width\":1400,\"height\":1400},{\"@type\":\"BreadcrumbList\",\"@id\":\"https:\\\/\\\/ajatutaja.com\\\/izdelek\\\/piramida-iz-kock-little-dutch-forest-friends\\\/#breadcrumb\",\"itemListElement\":[{\"@type\":\"ListItem\",\"position\":1,\"name\":\"Home\",\"item\":\"https:\\\/\\\/ajatutaja.com\\\/hr\\\/\"},{\"@type\":\"ListItem\",\"position\":2,\"name\":\"Trgovina\",\"item\":\"https:\\\/\\\/ajatutaja.com\\\/hr\\\/trgovina\\\/\"},{\"@type\":\"ListItem\",\"position\":3,\"name\":\"Piramida iz kock Little Dutch &#8211; Forest Friends\"}]},{\"@type\":\"WebSite\",\"@id\":\"https:\\\/\\\/ajatutaja.com\\\/#website\",\"url\":\"https:\\\/\\\/ajatutaja.com\\\/\",\"name\":\"Ajatutaja\",\"description\":\"Otro\u0161ka spletna trgovina AJATUTAJA\",\"publisher\":{\"@id\":\"https:\\\/\\\/ajatutaja.com\\\/#organization\"},\"potentialAction\":[{\"@type\":\"SearchAction\",\"target\":{\"@type\":\"EntryPoint\",\"urlTemplate\":\"https:\\\/\\\/ajatutaja.com\\\/?s={search_term_string}\"},\"query-input\":{\"@type\":\"PropertyValueSpecification\",\"valueRequired\":true,\"valueName\":\"search_term_string\"}}],\"inLanguage\":\"hr\"},{\"@type\":\"Organization\",\"@id\":\"https:\\\/\\\/ajatutaja.com\\\/#organization\",\"name\":\"Ajatutaja\",\"url\":\"https:\\\/\\\/ajatutaja.com\\\/\",\"logo\":{\"@type\":\"ImageObject\",\"inLanguage\":\"hr\",\"@id\":\"https:\\\/\\\/ajatutaja.com\\\/#\\\/schema\\\/logo\\\/image\\\/\",\"url\":\"https:\\\/\\\/ajatutaja.com\\\/wp-content\\\/uploads\\\/2021\\\/10\\\/logo.png\",\"contentUrl\":\"https:\\\/\\\/ajatutaja.com\\\/wp-content\\\/uploads\\\/2021\\\/10\\\/logo.png\",\"width\":555,\"height\":150,\"caption\":\"Ajatutaja\"},\"image\":{\"@id\":\"https:\\\/\\\/ajatutaja.com\\\/#\\\/schema\\\/logo\\\/image\\\/\"}}]}<\/script>\n<!-- \/ Yoast SEO plugin. -->","yoast_head_json":{"title":"Piramida iz kock Little Dutch - Forest Friends | Ajatutaja","description":"\u010cudovite kocke za zlaganje Little Dutch u\u010dijo otroke, kako sestavljati stolp ali piramido, zlagati in \u0161teti do 10.","robots":{"index":"index","follow":"follow","max-snippet":"max-snippet:-1","max-image-preview":"max-image-preview:large","max-video-preview":"max-video-preview:-1"},"canonical":"https:\/\/ajatutaja.com\/izdelek\/piramida-iz-kock-little-dutch-forest-friends\/","og_locale":"hr_HR","og_type":"article","og_title":"Piramida iz kock Little Dutch - Forest Friends | Ajatutaja","og_description":"\u010cudovite kocke za zlaganje Little Dutch u\u010dijo otroke, kako sestavljati stolp ali piramido, zlagati in \u0161teti do 10.","og_url":"https:\/\/ajatutaja.com\/izdelek\/piramida-iz-kock-little-dutch-forest-friends\/","og_site_name":"Ajatutaja","article_modified_time":"2025-12-18T18:55:05+00:00","og_image":[{"width":1400,"height":1400,"url":"https:\/\/ajatutaja.com\/wp-content\/uploads\/2024\/09\/Little-Dutch-Kocka-Forest-Friends-1.jpg","type":"image\/jpeg"}],"twitter_card":"summary_large_image","schema":{"@context":"https:\/\/schema.org","@graph":[{"@type":"WebPage","@id":"https:\/\/ajatutaja.com\/izdelek\/piramida-iz-kock-little-dutch-forest-friends\/","url":"https:\/\/ajatutaja.com\/izdelek\/piramida-iz-kock-little-dutch-forest-friends\/","name":"Piramida iz kock Little Dutch - Forest Friends | Ajatutaja","isPartOf":{"@id":"https:\/\/ajatutaja.com\/#website"},"primaryImageOfPage":{"@id":"https:\/\/ajatutaja.com\/izdelek\/piramida-iz-kock-little-dutch-forest-friends\/#primaryimage"},"image":{"@id":"https:\/\/ajatutaja.com\/izdelek\/piramida-iz-kock-little-dutch-forest-friends\/#primaryimage"},"thumbnailUrl":"https:\/\/ajatutaja.com\/wp-content\/uploads\/2024\/09\/Little-Dutch-Kocka-Forest-Friends-1.jpg","datePublished":"2025-12-18T18:55:00+00:00","dateModified":"2025-12-18T18:55:05+00:00","description":"\u010cudovite kocke za zlaganje Little Dutch u\u010dijo otroke, kako sestavljati stolp ali piramido, zlagati in \u0161teti do 10.","breadcrumb":{"@id":"https:\/\/ajatutaja.com\/izdelek\/piramida-iz-kock-little-dutch-forest-friends\/#breadcrumb"},"inLanguage":"hr","potentialAction":[{"@type":"ReadAction","target":["https:\/\/ajatutaja.com\/izdelek\/piramida-iz-kock-little-dutch-forest-friends\/"]}]},{"@type":"ImageObject","inLanguage":"hr","@id":"https:\/\/ajatutaja.com\/izdelek\/piramida-iz-kock-little-dutch-forest-friends\/#primaryimage","url":"https:\/\/ajatutaja.com\/wp-content\/uploads\/2024\/09\/Little-Dutch-Kocka-Forest-Friends-1.jpg","contentUrl":"https:\/\/ajatutaja.com\/wp-content\/uploads\/2024\/09\/Little-Dutch-Kocka-Forest-Friends-1.jpg","width":1400,"height":1400},{"@type":"BreadcrumbList","@id":"https:\/\/ajatutaja.com\/izdelek\/piramida-iz-kock-little-dutch-forest-friends\/#breadcrumb","itemListElement":[{"@type":"ListItem","position":1,"name":"Home","item":"https:\/\/ajatutaja.com\/hr\/"},{"@type":"ListItem","position":2,"name":"Trgovina","item":"https:\/\/ajatutaja.com\/hr\/trgovina\/"},{"@type":"ListItem","position":3,"name":"Piramida iz kock Little Dutch &#8211; Forest Friends"}]},{"@type":"WebSite","@id":"https:\/\/ajatutaja.com\/#website","url":"https:\/\/ajatutaja.com\/","name":"Ajatutaja","description":"Otro\u0161ka spletna trgovina AJATUTAJA","publisher":{"@id":"https:\/\/ajatutaja.com\/#organization"},"potentialAction":[{"@type":"SearchAction","target":{"@type":"EntryPoint","urlTemplate":"https:\/\/ajatutaja.com\/?s={search_term_string}"},"query-input":{"@type":"PropertyValueSpecification","valueRequired":true,"valueName":"search_term_string"}}],"inLanguage":"hr"},{"@type":"Organization","@id":"https:\/\/ajatutaja.com\/#organization","name":"Ajatutaja","url":"https:\/\/ajatutaja.com\/","logo":{"@type":"ImageObject","inLanguage":"hr","@id":"https:\/\/ajatutaja.com\/#\/schema\/logo\/image\/","url":"https:\/\/ajatutaja.com\/wp-content\/uploads\/2021\/10\/logo.png","contentUrl":"https:\/\/ajatutaja.com\/wp-content\/uploads\/2021\/10\/logo.png","width":555,"height":150,"caption":"Ajatutaja"},"image":{"@id":"https:\/\/ajatutaja.com\/#\/schema\/logo\/image\/"}}]}},"brands":[{"id":2452,"name":"Igranje","slug":"igranje"},{"id":2457,"name":"Little Dutch","slug":"little-dutch-igra"}],"_links":{"self":[{"href":"https:\/\/ajatutaja.com\/hr\/wp-json\/wp\/v2\/product\/67647","targetHints":{"allow":["GET"]}}],"collection":[{"href":"https:\/\/ajatutaja.com\/hr\/wp-json\/wp\/v2\/product"}],"about":[{"href":"https:\/\/ajatutaja.com\/hr\/wp-json\/wp\/v2\/types\/product"}],"wp:featuredmedia":[{"embeddable":true,"href":"https:\/\/ajatutaja.com\/hr\/wp-json\/wp\/v2\/media\/67648"}],"wp:attachment":[{"href":"https:\/\/ajatutaja.com\/hr\/wp-json\/wp\/v2\/media?parent=67647"}],"wp:term":[{"taxonomy":"pwb-brand","embeddable":true,"href":"https:\/\/ajatutaja.com\/hr\/wp-json\/wp\/v2\/pwb-brand?post=67647"},{"taxonomy":"product_brand","embeddable":true,"href":"https:\/\/ajatutaja.com\/hr\/wp-json\/wp\/v2\/product_brand?post=67647"},{"taxonomy":"product_cat","embeddable":true,"href":"https:\/\/ajatutaja.com\/hr\/wp-json\/wp\/v2\/product_cat?post=67647"},{"taxonomy":"product_tag","embeddable":true,"href":"https:\/\/ajatutaja.com\/hr\/wp-json\/wp\/v2\/product_tag?post=67647"}],"curies":[{"name":"wp","href":"https:\/\/api.w.org\/{rel}","templated":true}]}}