{"id":67615,"date":"2024-09-04T15:33:43","date_gmt":"2024-09-04T13:33:43","guid":{"rendered":"https:\/\/ajatutaja.com\/?post_type=product&#038;p=67615"},"modified":"2026-03-12T14:55:02","modified_gmt":"2026-03-12T13:55:02","slug":"little-dutch-magnetna-knjiga-forest-friends","status":"publish","type":"product","link":"https:\/\/ajatutaja.com\/hr\/proizvod\/little-dutch-magnetna-knjiga-forest-friends\/","title":{"rendered":"Little Dutch Magnetna knjiga z liki Forest Friends"},"content":{"rendered":"<p>[vc_row][vc_column][vc_column_text]Magnetna knjiga Little Dutch nudi vznemirljivo sestavljanje magnetkov bo poskrblo za nove in nove zgodbe s kmetije.\u00a0 V kompletu magnetne igra\u010de za otroke 3 leta in ve\u010d je 80 magnetkov in 6 kartic aktivnosti. Neskon\u010dne kombinacije sestavljanja magnetov bodo zabavale otroka in tudi odrasle. Igra bo poskrbela za bogato besedi\u0161\u010de in dobro koordinacijo gibov rok in prstov. Odli\u010dna potovalna igra\u010da se izka\u017ee doma in na poti. \u0160katla je iz trdnega kartona za enostavno shranjevanje vseh kosov, magnetni pokrov pa slu\u017ei kot igralna povr\u0161ina.<\/p>\n<h3>Lastnosti magnetne knjige Little Dutch:<\/h3>\n<ul>\n<li>Izdelano iz kartona<\/li>\n<li>Barvano z otrokom prijaznimi barvami na vodni osnovi<\/li>\n<li>Dimenzije: 19 x 26 x 4,1 cm<\/li>\n<li>Starost: 3 leta +<\/li>\n<li>Komplet: \u0161katla v obliki knjige z magnetno stranico, 6 kartic z razli\u010dnim ozadjem in 80 magnetnih figuric.<\/li>\n<li><span lang=\"sl\">OPOZORILO! Ko kon\u010date z igranjem, igre ne pu\u0161\u010dajte zunaj ali na de\u017eju, ampak jo shranite na suhem mestu.<\/span><\/li>\n<li>OPOZORILO! Uporabljati pod neposrednim nadzorom odrasle osebe.\u00a0Zaradi majhnih delov ni primerno za otroke, mlaj\u0161e od 3 let. Nevarnost zadu\u0161itve!<\/li>\n<\/ul>\n<h4><span lang=\"sl\">Ta igra\u010da razvija: <\/span><\/h4>\n<ul>\n<li><span lang=\"sl\">motori\u010dne sposobnosti rok in prstov <\/span><\/li>\n<li><span lang=\"sl\">koordinacijo gibov in uporabo obeh rok hkrati <\/span><\/li>\n<li><span lang=\"sl\">ustvarjalnost in domi\u0161ljijo <\/span><\/li>\n<li><span lang=\"sl\">spomin in pozornost <\/span><\/li>\n<li><span lang=\"sl\">prostorsko razmi\u0161ljanje in logiko <\/span><\/li>\n<li><span lang=\"sl\">govorne in komunikacijske sposobnosti <\/span><\/li>\n<li><span lang=\"sl\">vztrajnost in \u0161tevilne druge uporabne ve\u0161\u010dine<\/span><\/li>\n<\/ul>\n<p>[\/vc_column_text][\/vc_column][\/vc_row]<\/p>\n","protected":false},"excerpt":{"rendered":"<p id=\"tw-target-text\" dir=\"ltr\" data-placeholder=\"Prevod\">Magnetna \u0161katla Little Dutch z motivom kmetije iz kolekcije Forest Friends je zabavna in pou\u010dna igra z magnetki, ki bo poskrbela za bogato besedi\u0161\u010de in dobro koordinacijo gibov rok in prstov va\u0161ega otroka. V kompletu je kar 80 magnetkov, ki bodo popeljali otroka skozi pravo gozdno avanturo.<\/p>\n","protected":false},"featured_media":67620,"template":"","meta":[],"pwb-brand":[2452,2457],"product_brand":[],"product_cat":[3992,2441,5072,2610,2715,2712,2713,2362,2447],"product_tag":[5596,4002],"class_list":{"0":"post-67615","1":"product","2":"type-product","3":"status-publish","4":"has-post-thumbnail","6":"pwb-brand-igranje","7":"pwb-brand-little-dutch-igra","8":"product_cat-3-leta-igrace","9":"product_cat-aktivnostne-igrace","10":"product_cat-bozicna-darila","11":"product_cat-darila","12":"product_cat-darilo-do-15e","13":"product_cat-darilo-za-decka","14":"product_cat-darilo-za-deklico","15":"product_cat-igranje","16":"product_cat-magnetne-igre","17":"product_tag-forest-friends","18":"product_tag-little-dutch","20":"first","21":"instock","22":"taxable","23":"shipping-taxable","24":"purchasable","25":"product-type-simple","26":"add-to-wishlist-before_image"},"yoast_head":"<!-- This site is optimized with the Yoast SEO plugin v27.3 - https:\/\/yoast.com\/product\/yoast-seo-wordpress\/ -->\n<title>Little Dutch Magnetna knjiga z liki Forest Friends | Ajatutaja<\/title>\n<meta name=\"description\" content=\"Magnetna \u0161katla Little Dutch je zabavna in pou\u010dna igra z magnetki, ki bo poskrbela za bogato besedi\u0161\u010de in dobro koordinacijo gibov rok in prstov va\u0161ega otroka.\" \/>\n<meta name=\"robots\" content=\"index, follow, max-snippet:-1, max-image-preview:large, max-video-preview:-1\" \/>\n<link rel=\"canonical\" href=\"https:\/\/ajatutaja.com\/hr\/proizvod\/little-dutch-magnetna-knjiga-forest-friends\/\" \/>\n<meta property=\"og:locale\" content=\"hr_HR\" \/>\n<meta property=\"og:type\" content=\"article\" \/>\n<meta property=\"og:title\" content=\"Little Dutch Magnetna knjiga z liki Forest Friends | Ajatutaja\" \/>\n<meta property=\"og:description\" content=\"Magnetna \u0161katla Little Dutch je zabavna in pou\u010dna igra z magnetki, ki bo poskrbela za bogato besedi\u0161\u010de in dobro koordinacijo gibov rok in prstov va\u0161ega otroka.\" \/>\n<meta property=\"og:url\" content=\"https:\/\/ajatutaja.com\/hr\/proizvod\/little-dutch-magnetna-knjiga-forest-friends\/\" \/>\n<meta property=\"og:site_name\" content=\"Ajatutaja\" \/>\n<meta property=\"article:modified_time\" content=\"2026-03-12T13:55:02+00:00\" \/>\n<meta property=\"og:image\" content=\"https:\/\/ajatutaja.com\/wp-content\/uploads\/2024\/09\/Little-Dutch-sestavljanka-Magnetna-Knjigca-Forest-Friends-5.jpg\" \/>\n\t<meta property=\"og:image:width\" content=\"1300\" \/>\n\t<meta property=\"og:image:height\" content=\"1300\" \/>\n\t<meta property=\"og:image:type\" content=\"image\/jpeg\" \/>\n<meta name=\"twitter:card\" content=\"summary_large_image\" \/>\n<meta name=\"twitter:label1\" content=\"Procijenjeno vrijeme \u010ditanja\" \/>\n\t<meta name=\"twitter:data1\" content=\"1 minuta\" \/>\n<script type=\"application\/ld+json\" class=\"yoast-schema-graph\">{\"@context\":\"https:\\\/\\\/schema.org\",\"@graph\":[{\"@type\":\"WebPage\",\"@id\":\"https:\\\/\\\/ajatutaja.com\\\/hr\\\/proizvod\\\/little-dutch-magnetna-knjiga-forest-friends\\\/\",\"url\":\"https:\\\/\\\/ajatutaja.com\\\/hr\\\/proizvod\\\/little-dutch-magnetna-knjiga-forest-friends\\\/\",\"name\":\"Little Dutch Magnetna knjiga z liki Forest Friends | Ajatutaja\",\"isPartOf\":{\"@id\":\"https:\\\/\\\/ajatutaja.com\\\/#website\"},\"primaryImageOfPage\":{\"@id\":\"https:\\\/\\\/ajatutaja.com\\\/hr\\\/proizvod\\\/little-dutch-magnetna-knjiga-forest-friends\\\/#primaryimage\"},\"image\":{\"@id\":\"https:\\\/\\\/ajatutaja.com\\\/hr\\\/proizvod\\\/little-dutch-magnetna-knjiga-forest-friends\\\/#primaryimage\"},\"thumbnailUrl\":\"https:\\\/\\\/ajatutaja.com\\\/wp-content\\\/uploads\\\/2024\\\/09\\\/Little-Dutch-sestavljanka-Magnetna-Knjigca-Forest-Friends-5.jpg\",\"datePublished\":\"2024-09-04T13:33:43+00:00\",\"dateModified\":\"2026-03-12T13:55:02+00:00\",\"description\":\"Magnetna \u0161katla Little Dutch je zabavna in pou\u010dna igra z magnetki, ki bo poskrbela za bogato besedi\u0161\u010de in dobro koordinacijo gibov rok in prstov va\u0161ega otroka.\",\"breadcrumb\":{\"@id\":\"https:\\\/\\\/ajatutaja.com\\\/hr\\\/proizvod\\\/little-dutch-magnetna-knjiga-forest-friends\\\/#breadcrumb\"},\"inLanguage\":\"hr\",\"potentialAction\":[{\"@type\":\"ReadAction\",\"target\":[\"https:\\\/\\\/ajatutaja.com\\\/hr\\\/proizvod\\\/little-dutch-magnetna-knjiga-forest-friends\\\/\"]}]},{\"@type\":\"ImageObject\",\"inLanguage\":\"hr\",\"@id\":\"https:\\\/\\\/ajatutaja.com\\\/hr\\\/proizvod\\\/little-dutch-magnetna-knjiga-forest-friends\\\/#primaryimage\",\"url\":\"https:\\\/\\\/ajatutaja.com\\\/wp-content\\\/uploads\\\/2024\\\/09\\\/Little-Dutch-sestavljanka-Magnetna-Knjigca-Forest-Friends-5.jpg\",\"contentUrl\":\"https:\\\/\\\/ajatutaja.com\\\/wp-content\\\/uploads\\\/2024\\\/09\\\/Little-Dutch-sestavljanka-Magnetna-Knjigca-Forest-Friends-5.jpg\",\"width\":1300,\"height\":1300},{\"@type\":\"BreadcrumbList\",\"@id\":\"https:\\\/\\\/ajatutaja.com\\\/hr\\\/proizvod\\\/little-dutch-magnetna-knjiga-forest-friends\\\/#breadcrumb\",\"itemListElement\":[{\"@type\":\"ListItem\",\"position\":1,\"name\":\"Home\",\"item\":\"https:\\\/\\\/ajatutaja.com\\\/hr\\\/\"},{\"@type\":\"ListItem\",\"position\":2,\"name\":\"Trgovina\",\"item\":\"https:\\\/\\\/ajatutaja.com\\\/hr\\\/trgovina\\\/\"},{\"@type\":\"ListItem\",\"position\":3,\"name\":\"Little Dutch Magnetna knjiga z liki Forest Friends\"}]},{\"@type\":\"WebSite\",\"@id\":\"https:\\\/\\\/ajatutaja.com\\\/#website\",\"url\":\"https:\\\/\\\/ajatutaja.com\\\/\",\"name\":\"Ajatutaja\",\"description\":\"Otro\u0161ka spletna trgovina AJATUTAJA\",\"publisher\":{\"@id\":\"https:\\\/\\\/ajatutaja.com\\\/#organization\"},\"potentialAction\":[{\"@type\":\"SearchAction\",\"target\":{\"@type\":\"EntryPoint\",\"urlTemplate\":\"https:\\\/\\\/ajatutaja.com\\\/?s={search_term_string}\"},\"query-input\":{\"@type\":\"PropertyValueSpecification\",\"valueRequired\":true,\"valueName\":\"search_term_string\"}}],\"inLanguage\":\"hr\"},{\"@type\":\"Organization\",\"@id\":\"https:\\\/\\\/ajatutaja.com\\\/#organization\",\"name\":\"Ajatutaja\",\"url\":\"https:\\\/\\\/ajatutaja.com\\\/\",\"logo\":{\"@type\":\"ImageObject\",\"inLanguage\":\"hr\",\"@id\":\"https:\\\/\\\/ajatutaja.com\\\/#\\\/schema\\\/logo\\\/image\\\/\",\"url\":\"https:\\\/\\\/ajatutaja.com\\\/wp-content\\\/uploads\\\/2021\\\/10\\\/logo.png\",\"contentUrl\":\"https:\\\/\\\/ajatutaja.com\\\/wp-content\\\/uploads\\\/2021\\\/10\\\/logo.png\",\"width\":555,\"height\":150,\"caption\":\"Ajatutaja\"},\"image\":{\"@id\":\"https:\\\/\\\/ajatutaja.com\\\/#\\\/schema\\\/logo\\\/image\\\/\"}}]}<\/script>\n<!-- \/ Yoast SEO plugin. -->","yoast_head_json":{"title":"Little Dutch Magnetna knjiga z liki Forest Friends | Ajatutaja","description":"Magnetna \u0161katla Little Dutch je zabavna in pou\u010dna igra z magnetki, ki bo poskrbela za bogato besedi\u0161\u010de in dobro koordinacijo gibov rok in prstov va\u0161ega otroka.","robots":{"index":"index","follow":"follow","max-snippet":"max-snippet:-1","max-image-preview":"max-image-preview:large","max-video-preview":"max-video-preview:-1"},"canonical":"https:\/\/ajatutaja.com\/hr\/proizvod\/little-dutch-magnetna-knjiga-forest-friends\/","og_locale":"hr_HR","og_type":"article","og_title":"Little Dutch Magnetna knjiga z liki Forest Friends | Ajatutaja","og_description":"Magnetna \u0161katla Little Dutch je zabavna in pou\u010dna igra z magnetki, ki bo poskrbela za bogato besedi\u0161\u010de in dobro koordinacijo gibov rok in prstov va\u0161ega otroka.","og_url":"https:\/\/ajatutaja.com\/hr\/proizvod\/little-dutch-magnetna-knjiga-forest-friends\/","og_site_name":"Ajatutaja","article_modified_time":"2026-03-12T13:55:02+00:00","og_image":[{"width":1300,"height":1300,"url":"https:\/\/ajatutaja.com\/wp-content\/uploads\/2024\/09\/Little-Dutch-sestavljanka-Magnetna-Knjigca-Forest-Friends-5.jpg","type":"image\/jpeg"}],"twitter_card":"summary_large_image","twitter_misc":{"Procijenjeno vrijeme \u010ditanja":"1 minuta"},"schema":{"@context":"https:\/\/schema.org","@graph":[{"@type":"WebPage","@id":"https:\/\/ajatutaja.com\/hr\/proizvod\/little-dutch-magnetna-knjiga-forest-friends\/","url":"https:\/\/ajatutaja.com\/hr\/proizvod\/little-dutch-magnetna-knjiga-forest-friends\/","name":"Little Dutch Magnetna knjiga z liki Forest Friends | Ajatutaja","isPartOf":{"@id":"https:\/\/ajatutaja.com\/#website"},"primaryImageOfPage":{"@id":"https:\/\/ajatutaja.com\/hr\/proizvod\/little-dutch-magnetna-knjiga-forest-friends\/#primaryimage"},"image":{"@id":"https:\/\/ajatutaja.com\/hr\/proizvod\/little-dutch-magnetna-knjiga-forest-friends\/#primaryimage"},"thumbnailUrl":"https:\/\/ajatutaja.com\/wp-content\/uploads\/2024\/09\/Little-Dutch-sestavljanka-Magnetna-Knjigca-Forest-Friends-5.jpg","datePublished":"2024-09-04T13:33:43+00:00","dateModified":"2026-03-12T13:55:02+00:00","description":"Magnetna \u0161katla Little Dutch je zabavna in pou\u010dna igra z magnetki, ki bo poskrbela za bogato besedi\u0161\u010de in dobro koordinacijo gibov rok in prstov va\u0161ega otroka.","breadcrumb":{"@id":"https:\/\/ajatutaja.com\/hr\/proizvod\/little-dutch-magnetna-knjiga-forest-friends\/#breadcrumb"},"inLanguage":"hr","potentialAction":[{"@type":"ReadAction","target":["https:\/\/ajatutaja.com\/hr\/proizvod\/little-dutch-magnetna-knjiga-forest-friends\/"]}]},{"@type":"ImageObject","inLanguage":"hr","@id":"https:\/\/ajatutaja.com\/hr\/proizvod\/little-dutch-magnetna-knjiga-forest-friends\/#primaryimage","url":"https:\/\/ajatutaja.com\/wp-content\/uploads\/2024\/09\/Little-Dutch-sestavljanka-Magnetna-Knjigca-Forest-Friends-5.jpg","contentUrl":"https:\/\/ajatutaja.com\/wp-content\/uploads\/2024\/09\/Little-Dutch-sestavljanka-Magnetna-Knjigca-Forest-Friends-5.jpg","width":1300,"height":1300},{"@type":"BreadcrumbList","@id":"https:\/\/ajatutaja.com\/hr\/proizvod\/little-dutch-magnetna-knjiga-forest-friends\/#breadcrumb","itemListElement":[{"@type":"ListItem","position":1,"name":"Home","item":"https:\/\/ajatutaja.com\/hr\/"},{"@type":"ListItem","position":2,"name":"Trgovina","item":"https:\/\/ajatutaja.com\/hr\/trgovina\/"},{"@type":"ListItem","position":3,"name":"Little Dutch Magnetna knjiga z liki Forest Friends"}]},{"@type":"WebSite","@id":"https:\/\/ajatutaja.com\/#website","url":"https:\/\/ajatutaja.com\/","name":"Ajatutaja","description":"Otro\u0161ka spletna trgovina AJATUTAJA","publisher":{"@id":"https:\/\/ajatutaja.com\/#organization"},"potentialAction":[{"@type":"SearchAction","target":{"@type":"EntryPoint","urlTemplate":"https:\/\/ajatutaja.com\/?s={search_term_string}"},"query-input":{"@type":"PropertyValueSpecification","valueRequired":true,"valueName":"search_term_string"}}],"inLanguage":"hr"},{"@type":"Organization","@id":"https:\/\/ajatutaja.com\/#organization","name":"Ajatutaja","url":"https:\/\/ajatutaja.com\/","logo":{"@type":"ImageObject","inLanguage":"hr","@id":"https:\/\/ajatutaja.com\/#\/schema\/logo\/image\/","url":"https:\/\/ajatutaja.com\/wp-content\/uploads\/2021\/10\/logo.png","contentUrl":"https:\/\/ajatutaja.com\/wp-content\/uploads\/2021\/10\/logo.png","width":555,"height":150,"caption":"Ajatutaja"},"image":{"@id":"https:\/\/ajatutaja.com\/#\/schema\/logo\/image\/"}}]}},"brands":[{"id":2452,"name":"Igranje","slug":"igranje"},{"id":2457,"name":"Little Dutch","slug":"little-dutch-igra"}],"_links":{"self":[{"href":"https:\/\/ajatutaja.com\/hr\/wp-json\/wp\/v2\/product\/67615","targetHints":{"allow":["GET"]}}],"collection":[{"href":"https:\/\/ajatutaja.com\/hr\/wp-json\/wp\/v2\/product"}],"about":[{"href":"https:\/\/ajatutaja.com\/hr\/wp-json\/wp\/v2\/types\/product"}],"wp:featuredmedia":[{"embeddable":true,"href":"https:\/\/ajatutaja.com\/hr\/wp-json\/wp\/v2\/media\/67620"}],"wp:attachment":[{"href":"https:\/\/ajatutaja.com\/hr\/wp-json\/wp\/v2\/media?parent=67615"}],"wp:term":[{"taxonomy":"pwb-brand","embeddable":true,"href":"https:\/\/ajatutaja.com\/hr\/wp-json\/wp\/v2\/pwb-brand?post=67615"},{"taxonomy":"product_brand","embeddable":true,"href":"https:\/\/ajatutaja.com\/hr\/wp-json\/wp\/v2\/product_brand?post=67615"},{"taxonomy":"product_cat","embeddable":true,"href":"https:\/\/ajatutaja.com\/hr\/wp-json\/wp\/v2\/product_cat?post=67615"},{"taxonomy":"product_tag","embeddable":true,"href":"https:\/\/ajatutaja.com\/hr\/wp-json\/wp\/v2\/product_tag?post=67615"}],"curies":[{"name":"wp","href":"https:\/\/api.w.org\/{rel}","templated":true}]}}