{"id":67595,"date":"2024-09-04T14:29:06","date_gmt":"2024-09-04T12:29:06","guid":{"rendered":"https:\/\/ajatutaja.com\/?post_type=product&#038;p=67595"},"modified":"2026-03-12T14:42:11","modified_gmt":"2026-03-12T13:42:11","slug":"midi-nahrbtnik-elodie-fairytale-forest","status":"publish","type":"product","link":"https:\/\/ajatutaja.com\/hr\/proizvod\/midi-nahrbtnik-elodie-fairytale-forest\/","title":{"rendered":"Midi nahrbtnik Elodie &#8211; Fairytale Forest"},"content":{"rendered":"<p>[vc_row][vc_column][vc_column_text]<\/p>\n<h3>Otro\u0161ki midi nahrbtnik Elodie ima naslednje lastnosti:<\/h3>\n<ul>\n<li>Vklju\u010duje sedalo iz termo materiala, ki bo poskrbel, da bodo med postanki male ritke na toplem.<\/li>\n<li>Termo-\u017eep na strani, da bo pija\u010dka ohranila temperaturo.<\/li>\n<li>Podlo\u017eene in nastavljive naramnice.<\/li>\n<li>Prsni pasek, ki bo poskrbel da nahrbtnik ne bo drsel iz ramen.<\/li>\n<li>Dvojna zadrga od vrha do dna za najhitrej\u0161i mo\u017eni dostop do vsebine.<\/li>\n<li>Dimenzije: Vi\u0161ina: 36 cm x \u0160irina: 25 cm<\/li>\n<li>Volumen: 9.45 Lt<\/li>\n<li>Surovinska sestava: Zunanji in notranji del 100%poliester z detajli iz eko usnja<\/li>\n<\/ul>\n<p>[\/vc_column_text][\/vc_column][\/vc_row]<\/p>\n","protected":false},"excerpt":{"rendered":"<p>Pripravite svojega otroka na nore dogodiv\u0161\u010dine z novim in ve\u010djim MIDI otro\u0161kim nahrbtnikom skandinavske blagovne znamke Elodie! Otro\u0161ki nahrbtnik Elodie Midi je idealna izbira za male raziskovalce, ki \u017eelijo v stilu u\u017eivati na prvih piknikih, \u0161olskih izletih ali obisku pri prijateljih.<\/p>\n","protected":false},"featured_media":67588,"template":"","meta":[],"pwb-brand":[2412,2409],"product_brand":[],"product_cat":[2400,2361],"product_tag":[4154,5339],"class_list":{"0":"post-67595","1":"product","2":"type-product","3":"status-publish","4":"has-post-thumbnail","6":"pwb-brand-elodie-potepanje","7":"pwb-brand-potepanje","8":"product_cat-otroski-nahrbtniki","9":"product_cat-potepanje","10":"product_tag-elodie","11":"product_tag-elodie-nahrbtnik","13":"first","14":"instock","15":"taxable","16":"shipping-taxable","17":"purchasable","18":"product-type-simple","19":"add-to-wishlist-before_image"},"yoast_head":"<!-- This site is optimized with the Yoast SEO plugin v27.3 - https:\/\/yoast.com\/product\/yoast-seo-wordpress\/ -->\n<title>Midi nahrbtnik Elodie - Fairytale Forest | Ajatutaja<\/title>\n<meta name=\"description\" content=\"Pripravite svojega otroka na nore dogodiv\u0161\u010dine z novim in ve\u010djim MIDI otro\u0161kim nahrbtnikom skandinavske blagovne znamke Elodie!\u00a0\" \/>\n<meta name=\"robots\" content=\"index, follow, max-snippet:-1, max-image-preview:large, max-video-preview:-1\" \/>\n<link rel=\"canonical\" href=\"https:\/\/ajatutaja.com\/izdelek\/midi-nahrbtnik-elodie-fairytale-forest\/\" \/>\n<meta property=\"og:locale\" content=\"hr_HR\" \/>\n<meta property=\"og:type\" content=\"article\" \/>\n<meta property=\"og:title\" content=\"Midi nahrbtnik Elodie - Fairytale Forest | Ajatutaja\" \/>\n<meta property=\"og:description\" content=\"Pripravite svojega otroka na nore dogodiv\u0161\u010dine z novim in ve\u010djim MIDI otro\u0161kim nahrbtnikom skandinavske blagovne znamke Elodie!\u00a0\" \/>\n<meta property=\"og:url\" content=\"https:\/\/ajatutaja.com\/izdelek\/midi-nahrbtnik-elodie-fairytale-forest\/\" \/>\n<meta property=\"og:site_name\" content=\"Ajatutaja\" \/>\n<meta property=\"article:modified_time\" content=\"2026-03-12T13:42:11+00:00\" \/>\n<meta property=\"og:image\" content=\"https:\/\/ajatutaja.com\/wp-content\/uploads\/2024\/09\/Elodie-otroski-nahrbtnik-midi-ajatutaja-fairytale-forest-1.png\" \/>\n\t<meta property=\"og:image:width\" content=\"911\" \/>\n\t<meta property=\"og:image:height\" content=\"907\" \/>\n\t<meta property=\"og:image:type\" content=\"image\/png\" \/>\n<meta name=\"twitter:card\" content=\"summary_large_image\" \/>\n<meta name=\"twitter:label1\" content=\"Procijenjeno vrijeme \u010ditanja\" \/>\n\t<meta name=\"twitter:data1\" content=\"1 minuta\" \/>\n<script type=\"application\/ld+json\" class=\"yoast-schema-graph\">{\"@context\":\"https:\\\/\\\/schema.org\",\"@graph\":[{\"@type\":\"WebPage\",\"@id\":\"https:\\\/\\\/ajatutaja.com\\\/izdelek\\\/midi-nahrbtnik-elodie-fairytale-forest\\\/\",\"url\":\"https:\\\/\\\/ajatutaja.com\\\/izdelek\\\/midi-nahrbtnik-elodie-fairytale-forest\\\/\",\"name\":\"Midi nahrbtnik Elodie - Fairytale Forest | Ajatutaja\",\"isPartOf\":{\"@id\":\"https:\\\/\\\/ajatutaja.com\\\/#website\"},\"primaryImageOfPage\":{\"@id\":\"https:\\\/\\\/ajatutaja.com\\\/izdelek\\\/midi-nahrbtnik-elodie-fairytale-forest\\\/#primaryimage\"},\"image\":{\"@id\":\"https:\\\/\\\/ajatutaja.com\\\/izdelek\\\/midi-nahrbtnik-elodie-fairytale-forest\\\/#primaryimage\"},\"thumbnailUrl\":\"https:\\\/\\\/ajatutaja.com\\\/wp-content\\\/uploads\\\/2024\\\/09\\\/Elodie-otroski-nahrbtnik-midi-ajatutaja-fairytale-forest-1.png\",\"datePublished\":\"2024-09-04T12:29:06+00:00\",\"dateModified\":\"2026-03-12T13:42:11+00:00\",\"description\":\"Pripravite svojega otroka na nore dogodiv\u0161\u010dine z novim in ve\u010djim MIDI otro\u0161kim nahrbtnikom skandinavske blagovne znamke Elodie!\u00a0\",\"breadcrumb\":{\"@id\":\"https:\\\/\\\/ajatutaja.com\\\/izdelek\\\/midi-nahrbtnik-elodie-fairytale-forest\\\/#breadcrumb\"},\"inLanguage\":\"hr\",\"potentialAction\":[{\"@type\":\"ReadAction\",\"target\":[\"https:\\\/\\\/ajatutaja.com\\\/izdelek\\\/midi-nahrbtnik-elodie-fairytale-forest\\\/\"]}]},{\"@type\":\"ImageObject\",\"inLanguage\":\"hr\",\"@id\":\"https:\\\/\\\/ajatutaja.com\\\/izdelek\\\/midi-nahrbtnik-elodie-fairytale-forest\\\/#primaryimage\",\"url\":\"https:\\\/\\\/ajatutaja.com\\\/wp-content\\\/uploads\\\/2024\\\/09\\\/Elodie-otroski-nahrbtnik-midi-ajatutaja-fairytale-forest-1.png\",\"contentUrl\":\"https:\\\/\\\/ajatutaja.com\\\/wp-content\\\/uploads\\\/2024\\\/09\\\/Elodie-otroski-nahrbtnik-midi-ajatutaja-fairytale-forest-1.png\",\"width\":911,\"height\":907},{\"@type\":\"BreadcrumbList\",\"@id\":\"https:\\\/\\\/ajatutaja.com\\\/izdelek\\\/midi-nahrbtnik-elodie-fairytale-forest\\\/#breadcrumb\",\"itemListElement\":[{\"@type\":\"ListItem\",\"position\":1,\"name\":\"Home\",\"item\":\"https:\\\/\\\/ajatutaja.com\\\/hr\\\/\"},{\"@type\":\"ListItem\",\"position\":2,\"name\":\"Trgovina\",\"item\":\"https:\\\/\\\/ajatutaja.com\\\/hr\\\/trgovina\\\/\"},{\"@type\":\"ListItem\",\"position\":3,\"name\":\"Midi nahrbtnik Elodie &#8211; Fairytale Forest\"}]},{\"@type\":\"WebSite\",\"@id\":\"https:\\\/\\\/ajatutaja.com\\\/#website\",\"url\":\"https:\\\/\\\/ajatutaja.com\\\/\",\"name\":\"Ajatutaja\",\"description\":\"Otro\u0161ka spletna trgovina AJATUTAJA\",\"publisher\":{\"@id\":\"https:\\\/\\\/ajatutaja.com\\\/#organization\"},\"potentialAction\":[{\"@type\":\"SearchAction\",\"target\":{\"@type\":\"EntryPoint\",\"urlTemplate\":\"https:\\\/\\\/ajatutaja.com\\\/?s={search_term_string}\"},\"query-input\":{\"@type\":\"PropertyValueSpecification\",\"valueRequired\":true,\"valueName\":\"search_term_string\"}}],\"inLanguage\":\"hr\"},{\"@type\":\"Organization\",\"@id\":\"https:\\\/\\\/ajatutaja.com\\\/#organization\",\"name\":\"Ajatutaja\",\"url\":\"https:\\\/\\\/ajatutaja.com\\\/\",\"logo\":{\"@type\":\"ImageObject\",\"inLanguage\":\"hr\",\"@id\":\"https:\\\/\\\/ajatutaja.com\\\/#\\\/schema\\\/logo\\\/image\\\/\",\"url\":\"https:\\\/\\\/ajatutaja.com\\\/wp-content\\\/uploads\\\/2021\\\/10\\\/logo.png\",\"contentUrl\":\"https:\\\/\\\/ajatutaja.com\\\/wp-content\\\/uploads\\\/2021\\\/10\\\/logo.png\",\"width\":555,\"height\":150,\"caption\":\"Ajatutaja\"},\"image\":{\"@id\":\"https:\\\/\\\/ajatutaja.com\\\/#\\\/schema\\\/logo\\\/image\\\/\"}}]}<\/script>\n<!-- \/ Yoast SEO plugin. -->","yoast_head_json":{"title":"Midi nahrbtnik Elodie - Fairytale Forest | Ajatutaja","description":"Pripravite svojega otroka na nore dogodiv\u0161\u010dine z novim in ve\u010djim MIDI otro\u0161kim nahrbtnikom skandinavske blagovne znamke Elodie!\u00a0","robots":{"index":"index","follow":"follow","max-snippet":"max-snippet:-1","max-image-preview":"max-image-preview:large","max-video-preview":"max-video-preview:-1"},"canonical":"https:\/\/ajatutaja.com\/izdelek\/midi-nahrbtnik-elodie-fairytale-forest\/","og_locale":"hr_HR","og_type":"article","og_title":"Midi nahrbtnik Elodie - Fairytale Forest | Ajatutaja","og_description":"Pripravite svojega otroka na nore dogodiv\u0161\u010dine z novim in ve\u010djim MIDI otro\u0161kim nahrbtnikom skandinavske blagovne znamke Elodie!\u00a0","og_url":"https:\/\/ajatutaja.com\/izdelek\/midi-nahrbtnik-elodie-fairytale-forest\/","og_site_name":"Ajatutaja","article_modified_time":"2026-03-12T13:42:11+00:00","og_image":[{"width":911,"height":907,"url":"https:\/\/ajatutaja.com\/wp-content\/uploads\/2024\/09\/Elodie-otroski-nahrbtnik-midi-ajatutaja-fairytale-forest-1.png","type":"image\/png"}],"twitter_card":"summary_large_image","twitter_misc":{"Procijenjeno vrijeme \u010ditanja":"1 minuta"},"schema":{"@context":"https:\/\/schema.org","@graph":[{"@type":"WebPage","@id":"https:\/\/ajatutaja.com\/izdelek\/midi-nahrbtnik-elodie-fairytale-forest\/","url":"https:\/\/ajatutaja.com\/izdelek\/midi-nahrbtnik-elodie-fairytale-forest\/","name":"Midi nahrbtnik Elodie - Fairytale Forest | Ajatutaja","isPartOf":{"@id":"https:\/\/ajatutaja.com\/#website"},"primaryImageOfPage":{"@id":"https:\/\/ajatutaja.com\/izdelek\/midi-nahrbtnik-elodie-fairytale-forest\/#primaryimage"},"image":{"@id":"https:\/\/ajatutaja.com\/izdelek\/midi-nahrbtnik-elodie-fairytale-forest\/#primaryimage"},"thumbnailUrl":"https:\/\/ajatutaja.com\/wp-content\/uploads\/2024\/09\/Elodie-otroski-nahrbtnik-midi-ajatutaja-fairytale-forest-1.png","datePublished":"2024-09-04T12:29:06+00:00","dateModified":"2026-03-12T13:42:11+00:00","description":"Pripravite svojega otroka na nore dogodiv\u0161\u010dine z novim in ve\u010djim MIDI otro\u0161kim nahrbtnikom skandinavske blagovne znamke Elodie!\u00a0","breadcrumb":{"@id":"https:\/\/ajatutaja.com\/izdelek\/midi-nahrbtnik-elodie-fairytale-forest\/#breadcrumb"},"inLanguage":"hr","potentialAction":[{"@type":"ReadAction","target":["https:\/\/ajatutaja.com\/izdelek\/midi-nahrbtnik-elodie-fairytale-forest\/"]}]},{"@type":"ImageObject","inLanguage":"hr","@id":"https:\/\/ajatutaja.com\/izdelek\/midi-nahrbtnik-elodie-fairytale-forest\/#primaryimage","url":"https:\/\/ajatutaja.com\/wp-content\/uploads\/2024\/09\/Elodie-otroski-nahrbtnik-midi-ajatutaja-fairytale-forest-1.png","contentUrl":"https:\/\/ajatutaja.com\/wp-content\/uploads\/2024\/09\/Elodie-otroski-nahrbtnik-midi-ajatutaja-fairytale-forest-1.png","width":911,"height":907},{"@type":"BreadcrumbList","@id":"https:\/\/ajatutaja.com\/izdelek\/midi-nahrbtnik-elodie-fairytale-forest\/#breadcrumb","itemListElement":[{"@type":"ListItem","position":1,"name":"Home","item":"https:\/\/ajatutaja.com\/hr\/"},{"@type":"ListItem","position":2,"name":"Trgovina","item":"https:\/\/ajatutaja.com\/hr\/trgovina\/"},{"@type":"ListItem","position":3,"name":"Midi nahrbtnik Elodie &#8211; Fairytale Forest"}]},{"@type":"WebSite","@id":"https:\/\/ajatutaja.com\/#website","url":"https:\/\/ajatutaja.com\/","name":"Ajatutaja","description":"Otro\u0161ka spletna trgovina AJATUTAJA","publisher":{"@id":"https:\/\/ajatutaja.com\/#organization"},"potentialAction":[{"@type":"SearchAction","target":{"@type":"EntryPoint","urlTemplate":"https:\/\/ajatutaja.com\/?s={search_term_string}"},"query-input":{"@type":"PropertyValueSpecification","valueRequired":true,"valueName":"search_term_string"}}],"inLanguage":"hr"},{"@type":"Organization","@id":"https:\/\/ajatutaja.com\/#organization","name":"Ajatutaja","url":"https:\/\/ajatutaja.com\/","logo":{"@type":"ImageObject","inLanguage":"hr","@id":"https:\/\/ajatutaja.com\/#\/schema\/logo\/image\/","url":"https:\/\/ajatutaja.com\/wp-content\/uploads\/2021\/10\/logo.png","contentUrl":"https:\/\/ajatutaja.com\/wp-content\/uploads\/2021\/10\/logo.png","width":555,"height":150,"caption":"Ajatutaja"},"image":{"@id":"https:\/\/ajatutaja.com\/#\/schema\/logo\/image\/"}}]}},"brands":[{"id":2412,"name":"Elodie","slug":"elodie-potepanje"},{"id":2409,"name":"Potepanje","slug":"potepanje"}],"_links":{"self":[{"href":"https:\/\/ajatutaja.com\/hr\/wp-json\/wp\/v2\/product\/67595","targetHints":{"allow":["GET"]}}],"collection":[{"href":"https:\/\/ajatutaja.com\/hr\/wp-json\/wp\/v2\/product"}],"about":[{"href":"https:\/\/ajatutaja.com\/hr\/wp-json\/wp\/v2\/types\/product"}],"wp:featuredmedia":[{"embeddable":true,"href":"https:\/\/ajatutaja.com\/hr\/wp-json\/wp\/v2\/media\/67588"}],"wp:attachment":[{"href":"https:\/\/ajatutaja.com\/hr\/wp-json\/wp\/v2\/media?parent=67595"}],"wp:term":[{"taxonomy":"pwb-brand","embeddable":true,"href":"https:\/\/ajatutaja.com\/hr\/wp-json\/wp\/v2\/pwb-brand?post=67595"},{"taxonomy":"product_brand","embeddable":true,"href":"https:\/\/ajatutaja.com\/hr\/wp-json\/wp\/v2\/product_brand?post=67595"},{"taxonomy":"product_cat","embeddable":true,"href":"https:\/\/ajatutaja.com\/hr\/wp-json\/wp\/v2\/product_cat?post=67595"},{"taxonomy":"product_tag","embeddable":true,"href":"https:\/\/ajatutaja.com\/hr\/wp-json\/wp\/v2\/product_tag?post=67595"}],"curies":[{"name":"wp","href":"https:\/\/api.w.org\/{rel}","templated":true}]}}