{"id":67431,"date":"2024-09-01T10:44:57","date_gmt":"2024-09-01T08:44:57","guid":{"rendered":"https:\/\/ajatutaja.com\/?post_type=product&#038;p=67431"},"modified":"2026-03-12T14:38:01","modified_gmt":"2026-03-12T13:38:01","slug":"stolcek-za-hranjenje-joie-mimzy-recline","status":"publish","type":"product","link":"https:\/\/ajatutaja.com\/hr\/proizvod\/stolcek-za-hranjenje-joie-mimzy-recline\/","title":{"rendered":"Stol\u010dek za hranjenje Joie\u00ae Mimzy\u2122 Recline &#8211; Wild Muted"},"content":{"rendered":"<p>[vc_row][vc_column][vc_column_text]<\/p>\n<h4>Lastnosti stol\u010dka za hranjenje Joie Mimzy Recline:<\/h4>\n<ul>\n<li>Uporaba od rojstva otroka do 15 kg telesne te\u017ee<\/li>\n<li>Dimenzije stol\u010dka (dol\u017eina x \u0161irina x vi\u0161ina): 78 x 57 x 104 cm \/Dimenzije zlo\u017eenega stol\u010dka (dol\u017eina x \u0161irina x vi\u0161ina): 31,3 x 51 x 120 cm<\/li>\n<li>Te\u017ea: 10,95 kg<\/li>\n<li>Stol\u010dek omogo\u010da, da so dojen\u010dki \u017ee od prvih mesecev naprej aktivno vklju\u010deni v dru\u017einsko omizje<\/li>\n<li>Aluminijasto ogrodje in nedrse\u010de dno zagotavljata odli\u010dno stabilnost; nedrse\u010de dno opremljeno z dvema prednjima kolesoma, ki omogo\u010data enostavno drsenje in zlaganje brez napora<\/li>\n<li>Vklju\u010deni 5-to\u010dkovni varnostni pas, varovalni okvir in snemljiv pladenj za hranjenje z dvema vstavkoma, prilagodljiva opora za noge in mehko oblazinjenje<\/li>\n<li>Zlo\u017eljiv stol\u010dek, ki samostojno stoji<\/li>\n<li>Snemljiv pladenj z dvema vstavkoma, ki se ju lahko opere v pomivalnem stroju<\/li>\n<li>Kompaktno zlaganje skupaj s pritrjenim pladnjem na spodnji del ogrodja<\/li>\n<li>5 mo\u017enih naklonov sede\u017ea \u2013 za prve mesece na voljo povsem le\u017ee\u010d naklon<\/li>\n<li>3 mo\u017ene pozicije po globini nastavljivega pladnja<\/li>\n<li>7 mo\u017enih vi\u0161in sede\u017ea<\/li>\n<li>3 mo\u017ene vi\u0161ine opore za noge<\/li>\n<li>Mehko oblazinjenje sede\u017ene blazine, ki se lahko opere v pralnem stroju<\/li>\n<li>Testi in certifikati: Otro\u0161ki stol\u010dek hranjenje Joie\u00ae Mimzy\u2122 Recline je v skladu z evropskimi standardi EN 14988:2017+A1:2020<\/li>\n<\/ul>\n<p>[\/vc_column_text][\/vc_column][\/vc_row]<\/p>\n","protected":false},"excerpt":{"rendered":"<p>Stol\u010dek za hranjenje Joie Mimzy Recline je izjemno prakti\u010den in vsestranski otro\u0161ki stol\u010dek za prehranjevanje, ki raste skupaj z va\u0161im otrokom in ponuja zanesljivost in udobje. Naklon stol\u010dka omogo\u010da mal\u010dku dodatno udobje in po\u010ditek. Enostavno zlaganje, dvojna oblazinjenost sede\u017ea in odstranljiv dvojni pladenj navdu\u0161i vsakega star\u0161a.<\/p>\n","protected":false},"featured_media":67432,"template":"","meta":[],"pwb-brand":[2269],"product_brand":[],"product_cat":[2266,2315],"product_tag":[4073,5591],"class_list":{"0":"post-67431","1":"product","2":"type-product","3":"status-publish","4":"has-post-thumbnail","6":"pwb-brand-hranjenje","7":"product_cat-hranjenje","8":"product_cat-stolcki-za-hranjenje","9":"product_tag-joie","10":"product_tag-joie-mimzy","12":"first","13":"onbackorder","14":"taxable","15":"shipping-taxable","16":"purchasable","17":"product-type-simple","18":"add-to-wishlist-before_image"},"yoast_head":"<!-- This site is optimized with the Yoast SEO plugin v27.3 - https:\/\/yoast.com\/product\/yoast-seo-wordpress\/ -->\n<title>Stol\u010dek za hranjenje Joie\u00ae Mimzy\u2122 Recline - Wild Muted | Ajatutaja<\/title>\n<meta name=\"description\" content=\"Otro\u0161ki stol\u010dek za hranjenje Joie Mimzy Recline je izjemno prakti\u010den in vsestranski otro\u0161ki stol\u010dek, ki raste skupaj z va\u0161im otrokom in ponuja zanesljivost in udobje.\" \/>\n<meta name=\"robots\" content=\"index, follow, max-snippet:-1, max-image-preview:large, max-video-preview:-1\" \/>\n<link rel=\"canonical\" href=\"https:\/\/ajatutaja.com\/izdelek\/stolcek-za-hranjenje-joie-mimzy-recline\/\" \/>\n<meta property=\"og:locale\" content=\"hr_HR\" \/>\n<meta property=\"og:type\" content=\"article\" \/>\n<meta property=\"og:title\" content=\"Stol\u010dek za hranjenje Joie\u00ae Mimzy\u2122 Recline - Wild Muted | Ajatutaja\" \/>\n<meta property=\"og:description\" content=\"Otro\u0161ki stol\u010dek za hranjenje Joie Mimzy Recline je izjemno prakti\u010den in vsestranski otro\u0161ki stol\u010dek, ki raste skupaj z va\u0161im otrokom in ponuja zanesljivost in udobje.\" \/>\n<meta property=\"og:url\" content=\"https:\/\/ajatutaja.com\/izdelek\/stolcek-za-hranjenje-joie-mimzy-recline\/\" \/>\n<meta property=\"og:site_name\" content=\"Ajatutaja\" \/>\n<meta property=\"article:modified_time\" content=\"2026-03-12T13:38:01+00:00\" \/>\n<meta property=\"og:image\" content=\"https:\/\/ajatutaja.com\/wp-content\/uploads\/2024\/09\/joie-stolcek-za-hranjenje-otroka-mimzy-recline-wild-muted-1.jpg\" \/>\n\t<meta property=\"og:image:width\" content=\"750\" \/>\n\t<meta property=\"og:image:height\" content=\"750\" \/>\n\t<meta property=\"og:image:type\" content=\"image\/jpeg\" \/>\n<meta name=\"twitter:card\" content=\"summary_large_image\" \/>\n<meta name=\"twitter:label1\" content=\"Procijenjeno vrijeme \u010ditanja\" \/>\n\t<meta name=\"twitter:data1\" content=\"1 minuta\" \/>\n<script type=\"application\/ld+json\" class=\"yoast-schema-graph\">{\"@context\":\"https:\\\/\\\/schema.org\",\"@graph\":[{\"@type\":\"WebPage\",\"@id\":\"https:\\\/\\\/ajatutaja.com\\\/izdelek\\\/stolcek-za-hranjenje-joie-mimzy-recline\\\/\",\"url\":\"https:\\\/\\\/ajatutaja.com\\\/izdelek\\\/stolcek-za-hranjenje-joie-mimzy-recline\\\/\",\"name\":\"Stol\u010dek za hranjenje Joie\u00ae Mimzy\u2122 Recline - Wild Muted | Ajatutaja\",\"isPartOf\":{\"@id\":\"https:\\\/\\\/ajatutaja.com\\\/#website\"},\"primaryImageOfPage\":{\"@id\":\"https:\\\/\\\/ajatutaja.com\\\/izdelek\\\/stolcek-za-hranjenje-joie-mimzy-recline\\\/#primaryimage\"},\"image\":{\"@id\":\"https:\\\/\\\/ajatutaja.com\\\/izdelek\\\/stolcek-za-hranjenje-joie-mimzy-recline\\\/#primaryimage\"},\"thumbnailUrl\":\"https:\\\/\\\/ajatutaja.com\\\/wp-content\\\/uploads\\\/2024\\\/09\\\/joie-stolcek-za-hranjenje-otroka-mimzy-recline-wild-muted-1.jpg\",\"datePublished\":\"2024-09-01T08:44:57+00:00\",\"dateModified\":\"2026-03-12T13:38:01+00:00\",\"description\":\"Otro\u0161ki stol\u010dek za hranjenje Joie Mimzy Recline je izjemno prakti\u010den in vsestranski otro\u0161ki stol\u010dek, ki raste skupaj z va\u0161im otrokom in ponuja zanesljivost in udobje.\",\"breadcrumb\":{\"@id\":\"https:\\\/\\\/ajatutaja.com\\\/izdelek\\\/stolcek-za-hranjenje-joie-mimzy-recline\\\/#breadcrumb\"},\"inLanguage\":\"hr\",\"potentialAction\":[{\"@type\":\"ReadAction\",\"target\":[\"https:\\\/\\\/ajatutaja.com\\\/izdelek\\\/stolcek-za-hranjenje-joie-mimzy-recline\\\/\"]}]},{\"@type\":\"ImageObject\",\"inLanguage\":\"hr\",\"@id\":\"https:\\\/\\\/ajatutaja.com\\\/izdelek\\\/stolcek-za-hranjenje-joie-mimzy-recline\\\/#primaryimage\",\"url\":\"https:\\\/\\\/ajatutaja.com\\\/wp-content\\\/uploads\\\/2024\\\/09\\\/joie-stolcek-za-hranjenje-otroka-mimzy-recline-wild-muted-1.jpg\",\"contentUrl\":\"https:\\\/\\\/ajatutaja.com\\\/wp-content\\\/uploads\\\/2024\\\/09\\\/joie-stolcek-za-hranjenje-otroka-mimzy-recline-wild-muted-1.jpg\",\"width\":750,\"height\":750},{\"@type\":\"BreadcrumbList\",\"@id\":\"https:\\\/\\\/ajatutaja.com\\\/izdelek\\\/stolcek-za-hranjenje-joie-mimzy-recline\\\/#breadcrumb\",\"itemListElement\":[{\"@type\":\"ListItem\",\"position\":1,\"name\":\"Home\",\"item\":\"https:\\\/\\\/ajatutaja.com\\\/hr\\\/\"},{\"@type\":\"ListItem\",\"position\":2,\"name\":\"Trgovina\",\"item\":\"https:\\\/\\\/ajatutaja.com\\\/hr\\\/trgovina\\\/\"},{\"@type\":\"ListItem\",\"position\":3,\"name\":\"Stol\u010dek za hranjenje Joie\u00ae Mimzy\u2122 Recline &#8211; Wild Muted\"}]},{\"@type\":\"WebSite\",\"@id\":\"https:\\\/\\\/ajatutaja.com\\\/#website\",\"url\":\"https:\\\/\\\/ajatutaja.com\\\/\",\"name\":\"Ajatutaja\",\"description\":\"Otro\u0161ka spletna trgovina AJATUTAJA\",\"publisher\":{\"@id\":\"https:\\\/\\\/ajatutaja.com\\\/#organization\"},\"potentialAction\":[{\"@type\":\"SearchAction\",\"target\":{\"@type\":\"EntryPoint\",\"urlTemplate\":\"https:\\\/\\\/ajatutaja.com\\\/?s={search_term_string}\"},\"query-input\":{\"@type\":\"PropertyValueSpecification\",\"valueRequired\":true,\"valueName\":\"search_term_string\"}}],\"inLanguage\":\"hr\"},{\"@type\":\"Organization\",\"@id\":\"https:\\\/\\\/ajatutaja.com\\\/#organization\",\"name\":\"Ajatutaja\",\"url\":\"https:\\\/\\\/ajatutaja.com\\\/\",\"logo\":{\"@type\":\"ImageObject\",\"inLanguage\":\"hr\",\"@id\":\"https:\\\/\\\/ajatutaja.com\\\/#\\\/schema\\\/logo\\\/image\\\/\",\"url\":\"https:\\\/\\\/ajatutaja.com\\\/wp-content\\\/uploads\\\/2021\\\/10\\\/logo.png\",\"contentUrl\":\"https:\\\/\\\/ajatutaja.com\\\/wp-content\\\/uploads\\\/2021\\\/10\\\/logo.png\",\"width\":555,\"height\":150,\"caption\":\"Ajatutaja\"},\"image\":{\"@id\":\"https:\\\/\\\/ajatutaja.com\\\/#\\\/schema\\\/logo\\\/image\\\/\"}}]}<\/script>\n<!-- \/ Yoast SEO plugin. -->","yoast_head_json":{"title":"Stol\u010dek za hranjenje Joie\u00ae Mimzy\u2122 Recline - Wild Muted | Ajatutaja","description":"Otro\u0161ki stol\u010dek za hranjenje Joie Mimzy Recline je izjemno prakti\u010den in vsestranski otro\u0161ki stol\u010dek, ki raste skupaj z va\u0161im otrokom in ponuja zanesljivost in udobje.","robots":{"index":"index","follow":"follow","max-snippet":"max-snippet:-1","max-image-preview":"max-image-preview:large","max-video-preview":"max-video-preview:-1"},"canonical":"https:\/\/ajatutaja.com\/izdelek\/stolcek-za-hranjenje-joie-mimzy-recline\/","og_locale":"hr_HR","og_type":"article","og_title":"Stol\u010dek za hranjenje Joie\u00ae Mimzy\u2122 Recline - Wild Muted | Ajatutaja","og_description":"Otro\u0161ki stol\u010dek za hranjenje Joie Mimzy Recline je izjemno prakti\u010den in vsestranski otro\u0161ki stol\u010dek, ki raste skupaj z va\u0161im otrokom in ponuja zanesljivost in udobje.","og_url":"https:\/\/ajatutaja.com\/izdelek\/stolcek-za-hranjenje-joie-mimzy-recline\/","og_site_name":"Ajatutaja","article_modified_time":"2026-03-12T13:38:01+00:00","og_image":[{"width":750,"height":750,"url":"https:\/\/ajatutaja.com\/wp-content\/uploads\/2024\/09\/joie-stolcek-za-hranjenje-otroka-mimzy-recline-wild-muted-1.jpg","type":"image\/jpeg"}],"twitter_card":"summary_large_image","twitter_misc":{"Procijenjeno vrijeme \u010ditanja":"1 minuta"},"schema":{"@context":"https:\/\/schema.org","@graph":[{"@type":"WebPage","@id":"https:\/\/ajatutaja.com\/izdelek\/stolcek-za-hranjenje-joie-mimzy-recline\/","url":"https:\/\/ajatutaja.com\/izdelek\/stolcek-za-hranjenje-joie-mimzy-recline\/","name":"Stol\u010dek za hranjenje Joie\u00ae Mimzy\u2122 Recline - Wild Muted | Ajatutaja","isPartOf":{"@id":"https:\/\/ajatutaja.com\/#website"},"primaryImageOfPage":{"@id":"https:\/\/ajatutaja.com\/izdelek\/stolcek-za-hranjenje-joie-mimzy-recline\/#primaryimage"},"image":{"@id":"https:\/\/ajatutaja.com\/izdelek\/stolcek-za-hranjenje-joie-mimzy-recline\/#primaryimage"},"thumbnailUrl":"https:\/\/ajatutaja.com\/wp-content\/uploads\/2024\/09\/joie-stolcek-za-hranjenje-otroka-mimzy-recline-wild-muted-1.jpg","datePublished":"2024-09-01T08:44:57+00:00","dateModified":"2026-03-12T13:38:01+00:00","description":"Otro\u0161ki stol\u010dek za hranjenje Joie Mimzy Recline je izjemno prakti\u010den in vsestranski otro\u0161ki stol\u010dek, ki raste skupaj z va\u0161im otrokom in ponuja zanesljivost in udobje.","breadcrumb":{"@id":"https:\/\/ajatutaja.com\/izdelek\/stolcek-za-hranjenje-joie-mimzy-recline\/#breadcrumb"},"inLanguage":"hr","potentialAction":[{"@type":"ReadAction","target":["https:\/\/ajatutaja.com\/izdelek\/stolcek-za-hranjenje-joie-mimzy-recline\/"]}]},{"@type":"ImageObject","inLanguage":"hr","@id":"https:\/\/ajatutaja.com\/izdelek\/stolcek-za-hranjenje-joie-mimzy-recline\/#primaryimage","url":"https:\/\/ajatutaja.com\/wp-content\/uploads\/2024\/09\/joie-stolcek-za-hranjenje-otroka-mimzy-recline-wild-muted-1.jpg","contentUrl":"https:\/\/ajatutaja.com\/wp-content\/uploads\/2024\/09\/joie-stolcek-za-hranjenje-otroka-mimzy-recline-wild-muted-1.jpg","width":750,"height":750},{"@type":"BreadcrumbList","@id":"https:\/\/ajatutaja.com\/izdelek\/stolcek-za-hranjenje-joie-mimzy-recline\/#breadcrumb","itemListElement":[{"@type":"ListItem","position":1,"name":"Home","item":"https:\/\/ajatutaja.com\/hr\/"},{"@type":"ListItem","position":2,"name":"Trgovina","item":"https:\/\/ajatutaja.com\/hr\/trgovina\/"},{"@type":"ListItem","position":3,"name":"Stol\u010dek za hranjenje Joie\u00ae Mimzy\u2122 Recline &#8211; Wild Muted"}]},{"@type":"WebSite","@id":"https:\/\/ajatutaja.com\/#website","url":"https:\/\/ajatutaja.com\/","name":"Ajatutaja","description":"Otro\u0161ka spletna trgovina AJATUTAJA","publisher":{"@id":"https:\/\/ajatutaja.com\/#organization"},"potentialAction":[{"@type":"SearchAction","target":{"@type":"EntryPoint","urlTemplate":"https:\/\/ajatutaja.com\/?s={search_term_string}"},"query-input":{"@type":"PropertyValueSpecification","valueRequired":true,"valueName":"search_term_string"}}],"inLanguage":"hr"},{"@type":"Organization","@id":"https:\/\/ajatutaja.com\/#organization","name":"Ajatutaja","url":"https:\/\/ajatutaja.com\/","logo":{"@type":"ImageObject","inLanguage":"hr","@id":"https:\/\/ajatutaja.com\/#\/schema\/logo\/image\/","url":"https:\/\/ajatutaja.com\/wp-content\/uploads\/2021\/10\/logo.png","contentUrl":"https:\/\/ajatutaja.com\/wp-content\/uploads\/2021\/10\/logo.png","width":555,"height":150,"caption":"Ajatutaja"},"image":{"@id":"https:\/\/ajatutaja.com\/#\/schema\/logo\/image\/"}}]}},"brands":[{"id":2269,"name":"Hranjenje","slug":"hranjenje"}],"_links":{"self":[{"href":"https:\/\/ajatutaja.com\/hr\/wp-json\/wp\/v2\/product\/67431","targetHints":{"allow":["GET"]}}],"collection":[{"href":"https:\/\/ajatutaja.com\/hr\/wp-json\/wp\/v2\/product"}],"about":[{"href":"https:\/\/ajatutaja.com\/hr\/wp-json\/wp\/v2\/types\/product"}],"wp:featuredmedia":[{"embeddable":true,"href":"https:\/\/ajatutaja.com\/hr\/wp-json\/wp\/v2\/media\/67432"}],"wp:attachment":[{"href":"https:\/\/ajatutaja.com\/hr\/wp-json\/wp\/v2\/media?parent=67431"}],"wp:term":[{"taxonomy":"pwb-brand","embeddable":true,"href":"https:\/\/ajatutaja.com\/hr\/wp-json\/wp\/v2\/pwb-brand?post=67431"},{"taxonomy":"product_brand","embeddable":true,"href":"https:\/\/ajatutaja.com\/hr\/wp-json\/wp\/v2\/product_brand?post=67431"},{"taxonomy":"product_cat","embeddable":true,"href":"https:\/\/ajatutaja.com\/hr\/wp-json\/wp\/v2\/product_cat?post=67431"},{"taxonomy":"product_tag","embeddable":true,"href":"https:\/\/ajatutaja.com\/hr\/wp-json\/wp\/v2\/product_tag?post=67431"}],"curies":[{"name":"wp","href":"https:\/\/api.w.org\/{rel}","templated":true}]}}