{"id":67360,"date":"2024-08-23T16:31:13","date_gmt":"2024-08-23T14:31:13","guid":{"rendered":"https:\/\/ajatutaja.com\/?post_type=product&#038;p=67360"},"modified":"2025-12-04T15:28:08","modified_gmt":"2025-12-04T14:28:08","slug":"little-dutch-lesen-set-za-piknik","status":"publish","type":"product","link":"https:\/\/ajatutaja.com\/hr\/proizvod\/little-dutch-lesen-set-za-piknik\/","title":{"rendered":"Little Dutch Lesen Set za piknik"},"content":{"rendered":"<h3>Lastnosti lesenega seta za piknik Little Dutch:<\/h3>\n<ul>\n<li>Velikost:\u00a026x15x17,2 cm<\/li>\n<li>Material: Les FSC<\/li>\n<li>Vzdr\u017eevanje: \u010cistite z vla\u017eno krpo<\/li>\n<li>Priporo\u010dljiva starost: 3+ leta<\/li>\n<\/ul>\n<p>Ta 31-delni igralni set bo spodbudil domi\u0161ljijo va\u0161ega mal\u010dka. Lesena ko\u0161ara za piknik je napolnjena z okusno hrano, dvema kompletoma skodelic, kro\u017enikov in jedilnega pribora ter seveda odejo za pripravo odra za igranje vlog. Sadje v tem kompletu je mogo\u010de razdeliti z lesenim no\u017eem in sestaviti nazaj z je\u017ekom. Na voljo so sendvi\u010di, roglji\u010dki in bagete, ki jih lahko oblo\u017eite z vklju\u010denimi rezinami sira, paradi\u017enika in zelene solate za pravo do\u017eivetje piknika. Pokrov\u010dek marmelade in pokrov\u010dek steklenice pomaran\u010dnega soka je mogo\u010de odpreti in zapreti, na voljo pa je tudi poslastica za male sladkosnede.<\/p>\n","protected":false},"excerpt":{"rendered":"<p>V \u010dudoviti ro\u017enati ko\u0161ari se skriva vse, kar potrebujete za prijeten piknik na prostem. Naredite si sendvi\u010d s sirom, paradi\u017enikom in zeleno solato. U\u017eivajte v delitvi sadja s prijatelji in popijte skodelico pomaran\u010dnega soka. Poi\u0161\u010dite svoje mesto in naj se piknik pri\u010dne.<\/p>\n","protected":false},"featured_media":67361,"template":"","meta":[],"pwb-brand":[2452,2457],"product_brand":[],"product_cat":[3992,2717,2713,2450,2451,2362,2448,2443],"product_tag":[4002],"class_list":{"0":"post-67360","1":"product","2":"type-product","3":"status-publish","4":"has-post-thumbnail","6":"pwb-brand-igranje","7":"pwb-brand-little-dutch-igra","8":"product_cat-3-leta-igrace","9":"product_cat-darilo-do-50e","10":"product_cat-darilo-za-deklico","11":"product_cat-druzabne-igre","12":"product_cat-igra-na-prostem","13":"product_cat-igranje","14":"product_cat-igranje-vlog","15":"product_cat-lesene-igrace","16":"product_tag-little-dutch","18":"first","19":"onbackorder","20":"taxable","21":"shipping-taxable","22":"purchasable","23":"product-type-simple","24":"add-to-wishlist-before_image"},"yoast_head":"<!-- This site is optimized with the Yoast SEO plugin v27.3 - https:\/\/yoast.com\/product\/yoast-seo-wordpress\/ -->\n<title>Little Dutch Lesen Set za piknik | Ajatutaja<\/title>\n<meta name=\"description\" content=\"V \u010dudoviti ro\u017enati ko\u0161ari se skriva vse, kar potrebujete za prijeten piknik na prostem. Naredite si sendvi\u010d s sirom, paradi\u017enikom in zeleno solato.\" \/>\n<meta name=\"robots\" content=\"index, follow, max-snippet:-1, max-image-preview:large, max-video-preview:-1\" \/>\n<link rel=\"canonical\" href=\"https:\/\/ajatutaja.com\/izdelek\/little-dutch-lesen-set-za-piknik\/\" \/>\n<meta property=\"og:locale\" content=\"hr_HR\" \/>\n<meta property=\"og:type\" content=\"article\" \/>\n<meta property=\"og:title\" content=\"Little Dutch Lesen Set za piknik | Ajatutaja\" \/>\n<meta property=\"og:description\" content=\"V \u010dudoviti ro\u017enati ko\u0161ari se skriva vse, kar potrebujete za prijeten piknik na prostem. Naredite si sendvi\u010d s sirom, paradi\u017enikom in zeleno solato.\" \/>\n<meta property=\"og:url\" content=\"https:\/\/ajatutaja.com\/izdelek\/little-dutch-lesen-set-za-piknik\/\" \/>\n<meta property=\"og:site_name\" content=\"Ajatutaja\" \/>\n<meta property=\"article:modified_time\" content=\"2025-12-04T14:28:08+00:00\" \/>\n<meta property=\"og:image\" content=\"https:\/\/ajatutaja.com\/wp-content\/uploads\/2024\/08\/0-set-za-piknik-1.jpg\" \/>\n\t<meta property=\"og:image:width\" content=\"1500\" \/>\n\t<meta property=\"og:image:height\" content=\"1500\" \/>\n\t<meta property=\"og:image:type\" content=\"image\/jpeg\" \/>\n<meta name=\"twitter:card\" content=\"summary_large_image\" \/>\n<meta name=\"twitter:label1\" content=\"Procijenjeno vrijeme \u010ditanja\" \/>\n\t<meta name=\"twitter:data1\" content=\"1 minuta\" \/>\n<script type=\"application\/ld+json\" class=\"yoast-schema-graph\">{\"@context\":\"https:\\\/\\\/schema.org\",\"@graph\":[{\"@type\":\"WebPage\",\"@id\":\"https:\\\/\\\/ajatutaja.com\\\/izdelek\\\/little-dutch-lesen-set-za-piknik\\\/\",\"url\":\"https:\\\/\\\/ajatutaja.com\\\/izdelek\\\/little-dutch-lesen-set-za-piknik\\\/\",\"name\":\"Little Dutch Lesen Set za piknik | Ajatutaja\",\"isPartOf\":{\"@id\":\"https:\\\/\\\/ajatutaja.com\\\/#website\"},\"primaryImageOfPage\":{\"@id\":\"https:\\\/\\\/ajatutaja.com\\\/izdelek\\\/little-dutch-lesen-set-za-piknik\\\/#primaryimage\"},\"image\":{\"@id\":\"https:\\\/\\\/ajatutaja.com\\\/izdelek\\\/little-dutch-lesen-set-za-piknik\\\/#primaryimage\"},\"thumbnailUrl\":\"https:\\\/\\\/ajatutaja.com\\\/wp-content\\\/uploads\\\/2024\\\/08\\\/0-set-za-piknik-1.jpg\",\"datePublished\":\"2024-08-23T14:31:13+00:00\",\"dateModified\":\"2025-12-04T14:28:08+00:00\",\"description\":\"V \u010dudoviti ro\u017enati ko\u0161ari se skriva vse, kar potrebujete za prijeten piknik na prostem. Naredite si sendvi\u010d s sirom, paradi\u017enikom in zeleno solato.\",\"breadcrumb\":{\"@id\":\"https:\\\/\\\/ajatutaja.com\\\/izdelek\\\/little-dutch-lesen-set-za-piknik\\\/#breadcrumb\"},\"inLanguage\":\"hr\",\"potentialAction\":[{\"@type\":\"ReadAction\",\"target\":[\"https:\\\/\\\/ajatutaja.com\\\/izdelek\\\/little-dutch-lesen-set-za-piknik\\\/\"]}]},{\"@type\":\"ImageObject\",\"inLanguage\":\"hr\",\"@id\":\"https:\\\/\\\/ajatutaja.com\\\/izdelek\\\/little-dutch-lesen-set-za-piknik\\\/#primaryimage\",\"url\":\"https:\\\/\\\/ajatutaja.com\\\/wp-content\\\/uploads\\\/2024\\\/08\\\/0-set-za-piknik-1.jpg\",\"contentUrl\":\"https:\\\/\\\/ajatutaja.com\\\/wp-content\\\/uploads\\\/2024\\\/08\\\/0-set-za-piknik-1.jpg\",\"width\":1500,\"height\":1500},{\"@type\":\"BreadcrumbList\",\"@id\":\"https:\\\/\\\/ajatutaja.com\\\/izdelek\\\/little-dutch-lesen-set-za-piknik\\\/#breadcrumb\",\"itemListElement\":[{\"@type\":\"ListItem\",\"position\":1,\"name\":\"Home\",\"item\":\"https:\\\/\\\/ajatutaja.com\\\/hr\\\/\"},{\"@type\":\"ListItem\",\"position\":2,\"name\":\"Trgovina\",\"item\":\"https:\\\/\\\/ajatutaja.com\\\/hr\\\/trgovina\\\/\"},{\"@type\":\"ListItem\",\"position\":3,\"name\":\"Little Dutch Lesen Set za piknik\"}]},{\"@type\":\"WebSite\",\"@id\":\"https:\\\/\\\/ajatutaja.com\\\/#website\",\"url\":\"https:\\\/\\\/ajatutaja.com\\\/\",\"name\":\"Ajatutaja\",\"description\":\"Otro\u0161ka spletna trgovina AJATUTAJA\",\"publisher\":{\"@id\":\"https:\\\/\\\/ajatutaja.com\\\/#organization\"},\"potentialAction\":[{\"@type\":\"SearchAction\",\"target\":{\"@type\":\"EntryPoint\",\"urlTemplate\":\"https:\\\/\\\/ajatutaja.com\\\/?s={search_term_string}\"},\"query-input\":{\"@type\":\"PropertyValueSpecification\",\"valueRequired\":true,\"valueName\":\"search_term_string\"}}],\"inLanguage\":\"hr\"},{\"@type\":\"Organization\",\"@id\":\"https:\\\/\\\/ajatutaja.com\\\/#organization\",\"name\":\"Ajatutaja\",\"url\":\"https:\\\/\\\/ajatutaja.com\\\/\",\"logo\":{\"@type\":\"ImageObject\",\"inLanguage\":\"hr\",\"@id\":\"https:\\\/\\\/ajatutaja.com\\\/#\\\/schema\\\/logo\\\/image\\\/\",\"url\":\"https:\\\/\\\/ajatutaja.com\\\/wp-content\\\/uploads\\\/2021\\\/10\\\/logo.png\",\"contentUrl\":\"https:\\\/\\\/ajatutaja.com\\\/wp-content\\\/uploads\\\/2021\\\/10\\\/logo.png\",\"width\":555,\"height\":150,\"caption\":\"Ajatutaja\"},\"image\":{\"@id\":\"https:\\\/\\\/ajatutaja.com\\\/#\\\/schema\\\/logo\\\/image\\\/\"}}]}<\/script>\n<!-- \/ Yoast SEO plugin. -->","yoast_head_json":{"title":"Little Dutch Lesen Set za piknik | Ajatutaja","description":"V \u010dudoviti ro\u017enati ko\u0161ari se skriva vse, kar potrebujete za prijeten piknik na prostem. Naredite si sendvi\u010d s sirom, paradi\u017enikom in zeleno solato.","robots":{"index":"index","follow":"follow","max-snippet":"max-snippet:-1","max-image-preview":"max-image-preview:large","max-video-preview":"max-video-preview:-1"},"canonical":"https:\/\/ajatutaja.com\/izdelek\/little-dutch-lesen-set-za-piknik\/","og_locale":"hr_HR","og_type":"article","og_title":"Little Dutch Lesen Set za piknik | Ajatutaja","og_description":"V \u010dudoviti ro\u017enati ko\u0161ari se skriva vse, kar potrebujete za prijeten piknik na prostem. Naredite si sendvi\u010d s sirom, paradi\u017enikom in zeleno solato.","og_url":"https:\/\/ajatutaja.com\/izdelek\/little-dutch-lesen-set-za-piknik\/","og_site_name":"Ajatutaja","article_modified_time":"2025-12-04T14:28:08+00:00","og_image":[{"width":1500,"height":1500,"url":"https:\/\/ajatutaja.com\/wp-content\/uploads\/2024\/08\/0-set-za-piknik-1.jpg","type":"image\/jpeg"}],"twitter_card":"summary_large_image","twitter_misc":{"Procijenjeno vrijeme \u010ditanja":"1 minuta"},"schema":{"@context":"https:\/\/schema.org","@graph":[{"@type":"WebPage","@id":"https:\/\/ajatutaja.com\/izdelek\/little-dutch-lesen-set-za-piknik\/","url":"https:\/\/ajatutaja.com\/izdelek\/little-dutch-lesen-set-za-piknik\/","name":"Little Dutch Lesen Set za piknik | Ajatutaja","isPartOf":{"@id":"https:\/\/ajatutaja.com\/#website"},"primaryImageOfPage":{"@id":"https:\/\/ajatutaja.com\/izdelek\/little-dutch-lesen-set-za-piknik\/#primaryimage"},"image":{"@id":"https:\/\/ajatutaja.com\/izdelek\/little-dutch-lesen-set-za-piknik\/#primaryimage"},"thumbnailUrl":"https:\/\/ajatutaja.com\/wp-content\/uploads\/2024\/08\/0-set-za-piknik-1.jpg","datePublished":"2024-08-23T14:31:13+00:00","dateModified":"2025-12-04T14:28:08+00:00","description":"V \u010dudoviti ro\u017enati ko\u0161ari se skriva vse, kar potrebujete za prijeten piknik na prostem. Naredite si sendvi\u010d s sirom, paradi\u017enikom in zeleno solato.","breadcrumb":{"@id":"https:\/\/ajatutaja.com\/izdelek\/little-dutch-lesen-set-za-piknik\/#breadcrumb"},"inLanguage":"hr","potentialAction":[{"@type":"ReadAction","target":["https:\/\/ajatutaja.com\/izdelek\/little-dutch-lesen-set-za-piknik\/"]}]},{"@type":"ImageObject","inLanguage":"hr","@id":"https:\/\/ajatutaja.com\/izdelek\/little-dutch-lesen-set-za-piknik\/#primaryimage","url":"https:\/\/ajatutaja.com\/wp-content\/uploads\/2024\/08\/0-set-za-piknik-1.jpg","contentUrl":"https:\/\/ajatutaja.com\/wp-content\/uploads\/2024\/08\/0-set-za-piknik-1.jpg","width":1500,"height":1500},{"@type":"BreadcrumbList","@id":"https:\/\/ajatutaja.com\/izdelek\/little-dutch-lesen-set-za-piknik\/#breadcrumb","itemListElement":[{"@type":"ListItem","position":1,"name":"Home","item":"https:\/\/ajatutaja.com\/hr\/"},{"@type":"ListItem","position":2,"name":"Trgovina","item":"https:\/\/ajatutaja.com\/hr\/trgovina\/"},{"@type":"ListItem","position":3,"name":"Little Dutch Lesen Set za piknik"}]},{"@type":"WebSite","@id":"https:\/\/ajatutaja.com\/#website","url":"https:\/\/ajatutaja.com\/","name":"Ajatutaja","description":"Otro\u0161ka spletna trgovina AJATUTAJA","publisher":{"@id":"https:\/\/ajatutaja.com\/#organization"},"potentialAction":[{"@type":"SearchAction","target":{"@type":"EntryPoint","urlTemplate":"https:\/\/ajatutaja.com\/?s={search_term_string}"},"query-input":{"@type":"PropertyValueSpecification","valueRequired":true,"valueName":"search_term_string"}}],"inLanguage":"hr"},{"@type":"Organization","@id":"https:\/\/ajatutaja.com\/#organization","name":"Ajatutaja","url":"https:\/\/ajatutaja.com\/","logo":{"@type":"ImageObject","inLanguage":"hr","@id":"https:\/\/ajatutaja.com\/#\/schema\/logo\/image\/","url":"https:\/\/ajatutaja.com\/wp-content\/uploads\/2021\/10\/logo.png","contentUrl":"https:\/\/ajatutaja.com\/wp-content\/uploads\/2021\/10\/logo.png","width":555,"height":150,"caption":"Ajatutaja"},"image":{"@id":"https:\/\/ajatutaja.com\/#\/schema\/logo\/image\/"}}]}},"brands":[{"id":2452,"name":"Igranje","slug":"igranje"},{"id":2457,"name":"Little Dutch","slug":"little-dutch-igra"}],"_links":{"self":[{"href":"https:\/\/ajatutaja.com\/hr\/wp-json\/wp\/v2\/product\/67360","targetHints":{"allow":["GET"]}}],"collection":[{"href":"https:\/\/ajatutaja.com\/hr\/wp-json\/wp\/v2\/product"}],"about":[{"href":"https:\/\/ajatutaja.com\/hr\/wp-json\/wp\/v2\/types\/product"}],"wp:featuredmedia":[{"embeddable":true,"href":"https:\/\/ajatutaja.com\/hr\/wp-json\/wp\/v2\/media\/67361"}],"wp:attachment":[{"href":"https:\/\/ajatutaja.com\/hr\/wp-json\/wp\/v2\/media?parent=67360"}],"wp:term":[{"taxonomy":"pwb-brand","embeddable":true,"href":"https:\/\/ajatutaja.com\/hr\/wp-json\/wp\/v2\/pwb-brand?post=67360"},{"taxonomy":"product_brand","embeddable":true,"href":"https:\/\/ajatutaja.com\/hr\/wp-json\/wp\/v2\/product_brand?post=67360"},{"taxonomy":"product_cat","embeddable":true,"href":"https:\/\/ajatutaja.com\/hr\/wp-json\/wp\/v2\/product_cat?post=67360"},{"taxonomy":"product_tag","embeddable":true,"href":"https:\/\/ajatutaja.com\/hr\/wp-json\/wp\/v2\/product_tag?post=67360"}],"curies":[{"name":"wp","href":"https:\/\/api.w.org\/{rel}","templated":true}]}}