{"id":67127,"date":"2025-02-07T07:55:39","date_gmt":"2025-02-07T06:55:39","guid":{"rendered":"https:\/\/ajatutaja.com\/?post_type=product&#038;p=67127"},"modified":"2026-02-07T08:02:44","modified_gmt":"2026-02-07T07:02:44","slug":"termo-jeklenicka-za-vodo-stephen-joseph","status":"publish","type":"product","link":"https:\/\/ajatutaja.com\/hr\/proizvod\/termo-jeklenicka-za-vodo-stephen-joseph\/","title":{"rendered":"Termo jekleni\u010dka z ro\u010dajem Stephen Joseph &#8211; Gradbenik"},"content":{"rendered":"<p>[vc_row][vc_column][vc_column_text]Pri Stephen Joseph so program priljubljenih fla\u0161k \u0161e raz\u0161irili; tokrat s termo jeklenko z dvojno steno iz nerjave\u010dega jekla, ki poskrbi, da teko\u010dina v fla\u0161ki ohranja svojo temperaturo in tako vro\u010di napitki ostanejo vro\u010di in hladni napitki, tudi na vro\u010dem soncu ostanejo sve\u017ei in hladni.<\/p>\n<h3>Lastnosti termo jekleni\u010dke Stephen Joseph:<\/h3>\n<ul>\n<li>FlipTop jekleni\u010dka, ki ne poliva.<\/li>\n<li>Z ro\u010dajem za enostavno prena\u0161anje.<\/li>\n<li>Prilo\u017eeni sta 2 slamici in \u0161\u010detka za \u010di\u0161\u010denje slamice.<\/li>\n<li>Trpe\u017ena jeklena fla\u0161ka ter izredno varni dodatki iz PP plastike.<\/li>\n<li>Ohranja temperaturo toplo ali hladno do 6 ur.<\/li>\n<li>Dr\u017ei 414 ml teko\u010dine.<\/li>\n<li>Brez BPA, PVC in ftalatov.<\/li>\n<li>Varno za pomivanje v pomivalnem stroju &#8211; na zgornji ko\u0161ari.<\/li>\n<li>Velikost cca: 7 cm x 7 cm x 19 cm<\/li>\n<li>Ni za uporabo v mikrovalovni pe\u010dici!<\/li>\n<\/ul>\n<p>Vse termo fla\u0161ke se lepo kombinirajo tudi z ostalimi izdelki Stephen Joseph, tako lahko v enakem motivu najdete tudi druge izdelke in ustvarite sanjski kompletek.[\/vc_column_text][\/vc_column][\/vc_row]<\/p>\n","protected":false},"excerpt":{"rendered":"<p style=\"text-align: justify\">Prikupna Flip Top termovka Stephen Joseph ima dvojno steno iz nerjave\u010dega jekla in bo poskrbela, da bo va\u0161 mal\u010dek pil vodo optimalne temperature tako poleti, kot pozimi. Zagotavlja enostavno pitje in prena\u0161anje s pomo\u010djo ro\u010daja.<\/p>\n","protected":false},"featured_media":67143,"template":"","meta":[],"pwb-brand":[2269,4076],"product_brand":[],"product_cat":[2307,2266,2312],"product_tag":[4031,3980],"class_list":{"0":"post-67127","1":"product","2":"type-product","3":"status-publish","4":"has-post-thumbnail","6":"pwb-brand-hranjenje","7":"pwb-brand-stephen-joseph-hranjenje","8":"product_cat-flaske-in-steklenicke","9":"product_cat-hranjenje","10":"product_cat-termo-posodice-in-termovke","11":"product_tag-gradbenik","12":"product_tag-stephen-joseph","14":"first","15":"instock","16":"taxable","17":"shipping-taxable","18":"purchasable","19":"product-type-simple","20":"add-to-wishlist-before_image"},"yoast_head":"<!-- This site is optimized with the Yoast SEO plugin v27.3 - https:\/\/yoast.com\/product\/yoast-seo-wordpress\/ -->\n<title>Termo jekleni\u010dka z ro\u010dajem Stephen Joseph - Gradbenik | Ajatutaja<\/title>\n<meta name=\"description\" content=\"Prikupna Flip Top termovka Stephen Joseph ima dvojno steno iz nerjave\u010dega jekla, ki bo poskrbela, da bo va\u0161 mal\u010dek pil vodo optimalne temperature tako poleti, kot pozimi. Enostavno prena\u0161anje s pomo\u010djo ro\u010daja.\" \/>\n<meta name=\"robots\" content=\"index, follow, max-snippet:-1, max-image-preview:large, max-video-preview:-1\" \/>\n<link rel=\"canonical\" href=\"https:\/\/ajatutaja.com\/izdelek\/termo-jeklenicka-za-vodo-stephen-joseph\/\" \/>\n<meta property=\"og:locale\" content=\"hr_HR\" \/>\n<meta property=\"og:type\" content=\"article\" \/>\n<meta property=\"og:title\" content=\"Termo jekleni\u010dka z ro\u010dajem Stephen Joseph - Gradbenik | Ajatutaja\" \/>\n<meta property=\"og:description\" content=\"Prikupna Flip Top termovka Stephen Joseph ima dvojno steno iz nerjave\u010dega jekla, ki bo poskrbela, da bo va\u0161 mal\u010dek pil vodo optimalne temperature tako poleti, kot pozimi. Enostavno prena\u0161anje s pomo\u010djo ro\u010daja.\" \/>\n<meta property=\"og:url\" content=\"https:\/\/ajatutaja.com\/izdelek\/termo-jeklenicka-za-vodo-stephen-joseph\/\" \/>\n<meta property=\"og:site_name\" content=\"Ajatutaja\" \/>\n<meta property=\"article:modified_time\" content=\"2026-02-07T07:02:44+00:00\" \/>\n<meta property=\"og:image\" content=\"https:\/\/ajatutaja.com\/wp-content\/uploads\/2024\/08\/Termo-jeklenicka-gradbenik-SJ950209.jpg\" \/>\n\t<meta property=\"og:image:width\" content=\"800\" \/>\n\t<meta property=\"og:image:height\" content=\"800\" \/>\n\t<meta property=\"og:image:type\" content=\"image\/jpeg\" \/>\n<meta name=\"twitter:card\" content=\"summary_large_image\" \/>\n<meta name=\"twitter:label1\" content=\"Procijenjeno vrijeme \u010ditanja\" \/>\n\t<meta name=\"twitter:data1\" content=\"1 minuta\" \/>\n<script type=\"application\/ld+json\" class=\"yoast-schema-graph\">{\"@context\":\"https:\\\/\\\/schema.org\",\"@graph\":[{\"@type\":\"WebPage\",\"@id\":\"https:\\\/\\\/ajatutaja.com\\\/izdelek\\\/termo-jeklenicka-za-vodo-stephen-joseph\\\/\",\"url\":\"https:\\\/\\\/ajatutaja.com\\\/izdelek\\\/termo-jeklenicka-za-vodo-stephen-joseph\\\/\",\"name\":\"Termo jekleni\u010dka z ro\u010dajem Stephen Joseph - Gradbenik | Ajatutaja\",\"isPartOf\":{\"@id\":\"https:\\\/\\\/ajatutaja.com\\\/#website\"},\"primaryImageOfPage\":{\"@id\":\"https:\\\/\\\/ajatutaja.com\\\/izdelek\\\/termo-jeklenicka-za-vodo-stephen-joseph\\\/#primaryimage\"},\"image\":{\"@id\":\"https:\\\/\\\/ajatutaja.com\\\/izdelek\\\/termo-jeklenicka-za-vodo-stephen-joseph\\\/#primaryimage\"},\"thumbnailUrl\":\"https:\\\/\\\/ajatutaja.com\\\/wp-content\\\/uploads\\\/2024\\\/08\\\/Termo-jeklenicka-gradbenik-SJ950209.jpg\",\"datePublished\":\"2025-02-07T06:55:39+00:00\",\"dateModified\":\"2026-02-07T07:02:44+00:00\",\"description\":\"Prikupna Flip Top termovka Stephen Joseph ima dvojno steno iz nerjave\u010dega jekla, ki bo poskrbela, da bo va\u0161 mal\u010dek pil vodo optimalne temperature tako poleti, kot pozimi. Enostavno prena\u0161anje s pomo\u010djo ro\u010daja.\",\"breadcrumb\":{\"@id\":\"https:\\\/\\\/ajatutaja.com\\\/izdelek\\\/termo-jeklenicka-za-vodo-stephen-joseph\\\/#breadcrumb\"},\"inLanguage\":\"hr\",\"potentialAction\":[{\"@type\":\"ReadAction\",\"target\":[\"https:\\\/\\\/ajatutaja.com\\\/izdelek\\\/termo-jeklenicka-za-vodo-stephen-joseph\\\/\"]}]},{\"@type\":\"ImageObject\",\"inLanguage\":\"hr\",\"@id\":\"https:\\\/\\\/ajatutaja.com\\\/izdelek\\\/termo-jeklenicka-za-vodo-stephen-joseph\\\/#primaryimage\",\"url\":\"https:\\\/\\\/ajatutaja.com\\\/wp-content\\\/uploads\\\/2024\\\/08\\\/Termo-jeklenicka-gradbenik-SJ950209.jpg\",\"contentUrl\":\"https:\\\/\\\/ajatutaja.com\\\/wp-content\\\/uploads\\\/2024\\\/08\\\/Termo-jeklenicka-gradbenik-SJ950209.jpg\",\"width\":800,\"height\":800},{\"@type\":\"BreadcrumbList\",\"@id\":\"https:\\\/\\\/ajatutaja.com\\\/izdelek\\\/termo-jeklenicka-za-vodo-stephen-joseph\\\/#breadcrumb\",\"itemListElement\":[{\"@type\":\"ListItem\",\"position\":1,\"name\":\"Home\",\"item\":\"https:\\\/\\\/ajatutaja.com\\\/hr\\\/\"},{\"@type\":\"ListItem\",\"position\":2,\"name\":\"Trgovina\",\"item\":\"https:\\\/\\\/ajatutaja.com\\\/hr\\\/trgovina\\\/\"},{\"@type\":\"ListItem\",\"position\":3,\"name\":\"Termo jekleni\u010dka z ro\u010dajem Stephen Joseph &#8211; Gradbenik\"}]},{\"@type\":\"WebSite\",\"@id\":\"https:\\\/\\\/ajatutaja.com\\\/#website\",\"url\":\"https:\\\/\\\/ajatutaja.com\\\/\",\"name\":\"Ajatutaja\",\"description\":\"Otro\u0161ka spletna trgovina AJATUTAJA\",\"publisher\":{\"@id\":\"https:\\\/\\\/ajatutaja.com\\\/#organization\"},\"potentialAction\":[{\"@type\":\"SearchAction\",\"target\":{\"@type\":\"EntryPoint\",\"urlTemplate\":\"https:\\\/\\\/ajatutaja.com\\\/?s={search_term_string}\"},\"query-input\":{\"@type\":\"PropertyValueSpecification\",\"valueRequired\":true,\"valueName\":\"search_term_string\"}}],\"inLanguage\":\"hr\"},{\"@type\":\"Organization\",\"@id\":\"https:\\\/\\\/ajatutaja.com\\\/#organization\",\"name\":\"Ajatutaja\",\"url\":\"https:\\\/\\\/ajatutaja.com\\\/\",\"logo\":{\"@type\":\"ImageObject\",\"inLanguage\":\"hr\",\"@id\":\"https:\\\/\\\/ajatutaja.com\\\/#\\\/schema\\\/logo\\\/image\\\/\",\"url\":\"https:\\\/\\\/ajatutaja.com\\\/wp-content\\\/uploads\\\/2021\\\/10\\\/logo.png\",\"contentUrl\":\"https:\\\/\\\/ajatutaja.com\\\/wp-content\\\/uploads\\\/2021\\\/10\\\/logo.png\",\"width\":555,\"height\":150,\"caption\":\"Ajatutaja\"},\"image\":{\"@id\":\"https:\\\/\\\/ajatutaja.com\\\/#\\\/schema\\\/logo\\\/image\\\/\"}}]}<\/script>\n<!-- \/ Yoast SEO plugin. -->","yoast_head_json":{"title":"Termo jekleni\u010dka z ro\u010dajem Stephen Joseph - Gradbenik | Ajatutaja","description":"Prikupna Flip Top termovka Stephen Joseph ima dvojno steno iz nerjave\u010dega jekla, ki bo poskrbela, da bo va\u0161 mal\u010dek pil vodo optimalne temperature tako poleti, kot pozimi. Enostavno prena\u0161anje s pomo\u010djo ro\u010daja.","robots":{"index":"index","follow":"follow","max-snippet":"max-snippet:-1","max-image-preview":"max-image-preview:large","max-video-preview":"max-video-preview:-1"},"canonical":"https:\/\/ajatutaja.com\/izdelek\/termo-jeklenicka-za-vodo-stephen-joseph\/","og_locale":"hr_HR","og_type":"article","og_title":"Termo jekleni\u010dka z ro\u010dajem Stephen Joseph - Gradbenik | Ajatutaja","og_description":"Prikupna Flip Top termovka Stephen Joseph ima dvojno steno iz nerjave\u010dega jekla, ki bo poskrbela, da bo va\u0161 mal\u010dek pil vodo optimalne temperature tako poleti, kot pozimi. Enostavno prena\u0161anje s pomo\u010djo ro\u010daja.","og_url":"https:\/\/ajatutaja.com\/izdelek\/termo-jeklenicka-za-vodo-stephen-joseph\/","og_site_name":"Ajatutaja","article_modified_time":"2026-02-07T07:02:44+00:00","og_image":[{"width":800,"height":800,"url":"https:\/\/ajatutaja.com\/wp-content\/uploads\/2024\/08\/Termo-jeklenicka-gradbenik-SJ950209.jpg","type":"image\/jpeg"}],"twitter_card":"summary_large_image","twitter_misc":{"Procijenjeno vrijeme \u010ditanja":"1 minuta"},"schema":{"@context":"https:\/\/schema.org","@graph":[{"@type":"WebPage","@id":"https:\/\/ajatutaja.com\/izdelek\/termo-jeklenicka-za-vodo-stephen-joseph\/","url":"https:\/\/ajatutaja.com\/izdelek\/termo-jeklenicka-za-vodo-stephen-joseph\/","name":"Termo jekleni\u010dka z ro\u010dajem Stephen Joseph - Gradbenik | Ajatutaja","isPartOf":{"@id":"https:\/\/ajatutaja.com\/#website"},"primaryImageOfPage":{"@id":"https:\/\/ajatutaja.com\/izdelek\/termo-jeklenicka-za-vodo-stephen-joseph\/#primaryimage"},"image":{"@id":"https:\/\/ajatutaja.com\/izdelek\/termo-jeklenicka-za-vodo-stephen-joseph\/#primaryimage"},"thumbnailUrl":"https:\/\/ajatutaja.com\/wp-content\/uploads\/2024\/08\/Termo-jeklenicka-gradbenik-SJ950209.jpg","datePublished":"2025-02-07T06:55:39+00:00","dateModified":"2026-02-07T07:02:44+00:00","description":"Prikupna Flip Top termovka Stephen Joseph ima dvojno steno iz nerjave\u010dega jekla, ki bo poskrbela, da bo va\u0161 mal\u010dek pil vodo optimalne temperature tako poleti, kot pozimi. Enostavno prena\u0161anje s pomo\u010djo ro\u010daja.","breadcrumb":{"@id":"https:\/\/ajatutaja.com\/izdelek\/termo-jeklenicka-za-vodo-stephen-joseph\/#breadcrumb"},"inLanguage":"hr","potentialAction":[{"@type":"ReadAction","target":["https:\/\/ajatutaja.com\/izdelek\/termo-jeklenicka-za-vodo-stephen-joseph\/"]}]},{"@type":"ImageObject","inLanguage":"hr","@id":"https:\/\/ajatutaja.com\/izdelek\/termo-jeklenicka-za-vodo-stephen-joseph\/#primaryimage","url":"https:\/\/ajatutaja.com\/wp-content\/uploads\/2024\/08\/Termo-jeklenicka-gradbenik-SJ950209.jpg","contentUrl":"https:\/\/ajatutaja.com\/wp-content\/uploads\/2024\/08\/Termo-jeklenicka-gradbenik-SJ950209.jpg","width":800,"height":800},{"@type":"BreadcrumbList","@id":"https:\/\/ajatutaja.com\/izdelek\/termo-jeklenicka-za-vodo-stephen-joseph\/#breadcrumb","itemListElement":[{"@type":"ListItem","position":1,"name":"Home","item":"https:\/\/ajatutaja.com\/hr\/"},{"@type":"ListItem","position":2,"name":"Trgovina","item":"https:\/\/ajatutaja.com\/hr\/trgovina\/"},{"@type":"ListItem","position":3,"name":"Termo jekleni\u010dka z ro\u010dajem Stephen Joseph &#8211; Gradbenik"}]},{"@type":"WebSite","@id":"https:\/\/ajatutaja.com\/#website","url":"https:\/\/ajatutaja.com\/","name":"Ajatutaja","description":"Otro\u0161ka spletna trgovina AJATUTAJA","publisher":{"@id":"https:\/\/ajatutaja.com\/#organization"},"potentialAction":[{"@type":"SearchAction","target":{"@type":"EntryPoint","urlTemplate":"https:\/\/ajatutaja.com\/?s={search_term_string}"},"query-input":{"@type":"PropertyValueSpecification","valueRequired":true,"valueName":"search_term_string"}}],"inLanguage":"hr"},{"@type":"Organization","@id":"https:\/\/ajatutaja.com\/#organization","name":"Ajatutaja","url":"https:\/\/ajatutaja.com\/","logo":{"@type":"ImageObject","inLanguage":"hr","@id":"https:\/\/ajatutaja.com\/#\/schema\/logo\/image\/","url":"https:\/\/ajatutaja.com\/wp-content\/uploads\/2021\/10\/logo.png","contentUrl":"https:\/\/ajatutaja.com\/wp-content\/uploads\/2021\/10\/logo.png","width":555,"height":150,"caption":"Ajatutaja"},"image":{"@id":"https:\/\/ajatutaja.com\/#\/schema\/logo\/image\/"}}]}},"brands":[{"id":2269,"name":"Hranjenje","slug":"hranjenje"},{"id":4076,"name":"Stephen Joseph","slug":"stephen-joseph-hranjenje"}],"_links":{"self":[{"href":"https:\/\/ajatutaja.com\/hr\/wp-json\/wp\/v2\/product\/67127","targetHints":{"allow":["GET"]}}],"collection":[{"href":"https:\/\/ajatutaja.com\/hr\/wp-json\/wp\/v2\/product"}],"about":[{"href":"https:\/\/ajatutaja.com\/hr\/wp-json\/wp\/v2\/types\/product"}],"wp:featuredmedia":[{"embeddable":true,"href":"https:\/\/ajatutaja.com\/hr\/wp-json\/wp\/v2\/media\/67143"}],"wp:attachment":[{"href":"https:\/\/ajatutaja.com\/hr\/wp-json\/wp\/v2\/media?parent=67127"}],"wp:term":[{"taxonomy":"pwb-brand","embeddable":true,"href":"https:\/\/ajatutaja.com\/hr\/wp-json\/wp\/v2\/pwb-brand?post=67127"},{"taxonomy":"product_brand","embeddable":true,"href":"https:\/\/ajatutaja.com\/hr\/wp-json\/wp\/v2\/product_brand?post=67127"},{"taxonomy":"product_cat","embeddable":true,"href":"https:\/\/ajatutaja.com\/hr\/wp-json\/wp\/v2\/product_cat?post=67127"},{"taxonomy":"product_tag","embeddable":true,"href":"https:\/\/ajatutaja.com\/hr\/wp-json\/wp\/v2\/product_tag?post=67127"}],"curies":[{"name":"wp","href":"https:\/\/api.w.org\/{rel}","templated":true}]}}