{"id":66959,"date":"2023-05-10T09:59:01","date_gmt":"2023-05-10T07:59:01","guid":{"rendered":"https:\/\/ajatutaja.com\/?post_type=product&#038;p=66959"},"modified":"2024-08-10T10:05:26","modified_gmt":"2024-08-10T08:05:26","slug":"nahrbtnik-stephen-joseph-shark","status":"publish","type":"product","link":"https:\/\/ajatutaja.com\/hr\/proizvod\/nahrbtnik-stephen-joseph-shark\/","title":{"rendered":"Nahrbtnik Stephen Joseph &#8211; Shark"},"content":{"rendered":"<h3>Lastnosti Nahrbtnika Stephen Joseph:<\/h3>\n<ul>\n<li>Sestava: 100% poliester<\/li>\n<li>Velikost: 26.6 cm \u00d7 35.5 cm \u00d7 8.8 cm.<\/li>\n<li>V notranjosti je tablica, na katero lahko napi\u0161ete ime otroka<\/li>\n<li>Enostavno \u010di\u0161\u010denje. Pralen na programu za ob\u010dutljivo perilo pri hladnih temperaturah.<\/li>\n<li>Ne vsebuje BPA, ftalatov in PVC<\/li>\n<li>Primeren za otroke med 4. in 8. letom starosti.<\/li>\n<\/ul>\n","protected":false},"excerpt":{"rendered":"<p>Prikupen otro\u0161ki nahrbtnik Stephen Jospeh je narejen iz trpe\u017enih materialov, z nastavljivimi in oblazinjenimi naramnicami, ki se idealno prilegajo razli\u010dnim starostim otrok. Nahrbtnik se enostavno odpira in zapira z zadrgo. Ob straneh ima mre\u017east stranki \u017eep, spredaj pa dodaten lo\u010den predal\u010dek, ki se zapira z zadrgo, primeren za copatke, svin\u010dnike ali ostale drobnarije.<\/p>\n","protected":false},"featured_media":66960,"template":"","meta":[],"pwb-brand":[2409,2437],"product_brand":[],"product_cat":[2400,2361],"product_tag":[4037,5351,3980],"class_list":{"0":"post-66959","1":"product","2":"type-product","3":"status-publish","4":"has-post-thumbnail","6":"pwb-brand-potepanje","7":"pwb-brand-stephen-joseph","8":"product_cat-otroski-nahrbtniki","9":"product_cat-potepanje","10":"product_tag-shark","11":"product_tag-sj-nahrbtnik-sidekick","12":"product_tag-stephen-joseph","14":"first","15":"instock","16":"taxable","17":"shipping-taxable","18":"purchasable","19":"product-type-simple","20":"add-to-wishlist-before_image"},"yoast_head":"<!-- This site is optimized with the Yoast SEO plugin v27.3 - https:\/\/yoast.com\/product\/yoast-seo-wordpress\/ -->\n<title>Nahrbtnik Stephen Joseph - Shark | Ajatutaja<\/title>\n<meta name=\"description\" content=\"Nahrbtnik Stephen Jospeh bo idealen sopotnik va\u0161ega mal\u010dka, saj je narejen iz trpe\u017enih materialov, z nastavljivimi in oblazinjenimi naramnicami, ki se idealno prilegajo razli\u010dnim starostim otrok.\" \/>\n<meta name=\"robots\" content=\"index, follow, max-snippet:-1, max-image-preview:large, max-video-preview:-1\" \/>\n<link rel=\"canonical\" href=\"https:\/\/ajatutaja.com\/izdelek\/nahrbtnik-stephen-joseph-shark\/\" \/>\n<meta property=\"og:locale\" content=\"hr_HR\" \/>\n<meta property=\"og:type\" content=\"article\" \/>\n<meta property=\"og:title\" content=\"Nahrbtnik Stephen Joseph - Shark | Ajatutaja\" \/>\n<meta property=\"og:description\" content=\"Nahrbtnik Stephen Jospeh bo idealen sopotnik va\u0161ega mal\u010dka, saj je narejen iz trpe\u017enih materialov, z nastavljivimi in oblazinjenimi naramnicami, ki se idealno prilegajo razli\u010dnim starostim otrok.\" \/>\n<meta property=\"og:url\" content=\"https:\/\/ajatutaja.com\/izdelek\/nahrbtnik-stephen-joseph-shark\/\" \/>\n<meta property=\"og:site_name\" content=\"Ajatutaja\" \/>\n<meta property=\"article:modified_time\" content=\"2024-08-10T08:05:26+00:00\" \/>\n<meta property=\"og:image\" content=\"https:\/\/ajatutaja.com\/wp-content\/uploads\/2024\/08\/Nahrbtnik-za-vrtec-stephen-joseph-shark-1.jpg\" \/>\n\t<meta property=\"og:image:width\" content=\"800\" \/>\n\t<meta property=\"og:image:height\" content=\"800\" \/>\n\t<meta property=\"og:image:type\" content=\"image\/jpeg\" \/>\n<meta name=\"twitter:card\" content=\"summary_large_image\" \/>\n<script type=\"application\/ld+json\" class=\"yoast-schema-graph\">{\"@context\":\"https:\\\/\\\/schema.org\",\"@graph\":[{\"@type\":\"WebPage\",\"@id\":\"https:\\\/\\\/ajatutaja.com\\\/izdelek\\\/nahrbtnik-stephen-joseph-shark\\\/\",\"url\":\"https:\\\/\\\/ajatutaja.com\\\/izdelek\\\/nahrbtnik-stephen-joseph-shark\\\/\",\"name\":\"Nahrbtnik Stephen Joseph - Shark | Ajatutaja\",\"isPartOf\":{\"@id\":\"https:\\\/\\\/ajatutaja.com\\\/#website\"},\"primaryImageOfPage\":{\"@id\":\"https:\\\/\\\/ajatutaja.com\\\/izdelek\\\/nahrbtnik-stephen-joseph-shark\\\/#primaryimage\"},\"image\":{\"@id\":\"https:\\\/\\\/ajatutaja.com\\\/izdelek\\\/nahrbtnik-stephen-joseph-shark\\\/#primaryimage\"},\"thumbnailUrl\":\"https:\\\/\\\/ajatutaja.com\\\/wp-content\\\/uploads\\\/2024\\\/08\\\/Nahrbtnik-za-vrtec-stephen-joseph-shark-1.jpg\",\"datePublished\":\"2023-05-10T07:59:01+00:00\",\"dateModified\":\"2024-08-10T08:05:26+00:00\",\"description\":\"Nahrbtnik Stephen Jospeh bo idealen sopotnik va\u0161ega mal\u010dka, saj je narejen iz trpe\u017enih materialov, z nastavljivimi in oblazinjenimi naramnicami, ki se idealno prilegajo razli\u010dnim starostim otrok.\",\"breadcrumb\":{\"@id\":\"https:\\\/\\\/ajatutaja.com\\\/izdelek\\\/nahrbtnik-stephen-joseph-shark\\\/#breadcrumb\"},\"inLanguage\":\"hr\",\"potentialAction\":[{\"@type\":\"ReadAction\",\"target\":[\"https:\\\/\\\/ajatutaja.com\\\/izdelek\\\/nahrbtnik-stephen-joseph-shark\\\/\"]}]},{\"@type\":\"ImageObject\",\"inLanguage\":\"hr\",\"@id\":\"https:\\\/\\\/ajatutaja.com\\\/izdelek\\\/nahrbtnik-stephen-joseph-shark\\\/#primaryimage\",\"url\":\"https:\\\/\\\/ajatutaja.com\\\/wp-content\\\/uploads\\\/2024\\\/08\\\/Nahrbtnik-za-vrtec-stephen-joseph-shark-1.jpg\",\"contentUrl\":\"https:\\\/\\\/ajatutaja.com\\\/wp-content\\\/uploads\\\/2024\\\/08\\\/Nahrbtnik-za-vrtec-stephen-joseph-shark-1.jpg\",\"width\":800,\"height\":800},{\"@type\":\"BreadcrumbList\",\"@id\":\"https:\\\/\\\/ajatutaja.com\\\/izdelek\\\/nahrbtnik-stephen-joseph-shark\\\/#breadcrumb\",\"itemListElement\":[{\"@type\":\"ListItem\",\"position\":1,\"name\":\"Home\",\"item\":\"https:\\\/\\\/ajatutaja.com\\\/hr\\\/\"},{\"@type\":\"ListItem\",\"position\":2,\"name\":\"Trgovina\",\"item\":\"https:\\\/\\\/ajatutaja.com\\\/hr\\\/trgovina\\\/\"},{\"@type\":\"ListItem\",\"position\":3,\"name\":\"Nahrbtnik Stephen Joseph &#8211; Shark\"}]},{\"@type\":\"WebSite\",\"@id\":\"https:\\\/\\\/ajatutaja.com\\\/#website\",\"url\":\"https:\\\/\\\/ajatutaja.com\\\/\",\"name\":\"Ajatutaja\",\"description\":\"Otro\u0161ka spletna trgovina AJATUTAJA\",\"publisher\":{\"@id\":\"https:\\\/\\\/ajatutaja.com\\\/#organization\"},\"potentialAction\":[{\"@type\":\"SearchAction\",\"target\":{\"@type\":\"EntryPoint\",\"urlTemplate\":\"https:\\\/\\\/ajatutaja.com\\\/?s={search_term_string}\"},\"query-input\":{\"@type\":\"PropertyValueSpecification\",\"valueRequired\":true,\"valueName\":\"search_term_string\"}}],\"inLanguage\":\"hr\"},{\"@type\":\"Organization\",\"@id\":\"https:\\\/\\\/ajatutaja.com\\\/#organization\",\"name\":\"Ajatutaja\",\"url\":\"https:\\\/\\\/ajatutaja.com\\\/\",\"logo\":{\"@type\":\"ImageObject\",\"inLanguage\":\"hr\",\"@id\":\"https:\\\/\\\/ajatutaja.com\\\/#\\\/schema\\\/logo\\\/image\\\/\",\"url\":\"https:\\\/\\\/ajatutaja.com\\\/wp-content\\\/uploads\\\/2021\\\/10\\\/logo.png\",\"contentUrl\":\"https:\\\/\\\/ajatutaja.com\\\/wp-content\\\/uploads\\\/2021\\\/10\\\/logo.png\",\"width\":555,\"height\":150,\"caption\":\"Ajatutaja\"},\"image\":{\"@id\":\"https:\\\/\\\/ajatutaja.com\\\/#\\\/schema\\\/logo\\\/image\\\/\"}}]}<\/script>\n<!-- \/ Yoast SEO plugin. -->","yoast_head_json":{"title":"Nahrbtnik Stephen Joseph - Shark | Ajatutaja","description":"Nahrbtnik Stephen Jospeh bo idealen sopotnik va\u0161ega mal\u010dka, saj je narejen iz trpe\u017enih materialov, z nastavljivimi in oblazinjenimi naramnicami, ki se idealno prilegajo razli\u010dnim starostim otrok.","robots":{"index":"index","follow":"follow","max-snippet":"max-snippet:-1","max-image-preview":"max-image-preview:large","max-video-preview":"max-video-preview:-1"},"canonical":"https:\/\/ajatutaja.com\/izdelek\/nahrbtnik-stephen-joseph-shark\/","og_locale":"hr_HR","og_type":"article","og_title":"Nahrbtnik Stephen Joseph - Shark | Ajatutaja","og_description":"Nahrbtnik Stephen Jospeh bo idealen sopotnik va\u0161ega mal\u010dka, saj je narejen iz trpe\u017enih materialov, z nastavljivimi in oblazinjenimi naramnicami, ki se idealno prilegajo razli\u010dnim starostim otrok.","og_url":"https:\/\/ajatutaja.com\/izdelek\/nahrbtnik-stephen-joseph-shark\/","og_site_name":"Ajatutaja","article_modified_time":"2024-08-10T08:05:26+00:00","og_image":[{"width":800,"height":800,"url":"https:\/\/ajatutaja.com\/wp-content\/uploads\/2024\/08\/Nahrbtnik-za-vrtec-stephen-joseph-shark-1.jpg","type":"image\/jpeg"}],"twitter_card":"summary_large_image","schema":{"@context":"https:\/\/schema.org","@graph":[{"@type":"WebPage","@id":"https:\/\/ajatutaja.com\/izdelek\/nahrbtnik-stephen-joseph-shark\/","url":"https:\/\/ajatutaja.com\/izdelek\/nahrbtnik-stephen-joseph-shark\/","name":"Nahrbtnik Stephen Joseph - Shark | Ajatutaja","isPartOf":{"@id":"https:\/\/ajatutaja.com\/#website"},"primaryImageOfPage":{"@id":"https:\/\/ajatutaja.com\/izdelek\/nahrbtnik-stephen-joseph-shark\/#primaryimage"},"image":{"@id":"https:\/\/ajatutaja.com\/izdelek\/nahrbtnik-stephen-joseph-shark\/#primaryimage"},"thumbnailUrl":"https:\/\/ajatutaja.com\/wp-content\/uploads\/2024\/08\/Nahrbtnik-za-vrtec-stephen-joseph-shark-1.jpg","datePublished":"2023-05-10T07:59:01+00:00","dateModified":"2024-08-10T08:05:26+00:00","description":"Nahrbtnik Stephen Jospeh bo idealen sopotnik va\u0161ega mal\u010dka, saj je narejen iz trpe\u017enih materialov, z nastavljivimi in oblazinjenimi naramnicami, ki se idealno prilegajo razli\u010dnim starostim otrok.","breadcrumb":{"@id":"https:\/\/ajatutaja.com\/izdelek\/nahrbtnik-stephen-joseph-shark\/#breadcrumb"},"inLanguage":"hr","potentialAction":[{"@type":"ReadAction","target":["https:\/\/ajatutaja.com\/izdelek\/nahrbtnik-stephen-joseph-shark\/"]}]},{"@type":"ImageObject","inLanguage":"hr","@id":"https:\/\/ajatutaja.com\/izdelek\/nahrbtnik-stephen-joseph-shark\/#primaryimage","url":"https:\/\/ajatutaja.com\/wp-content\/uploads\/2024\/08\/Nahrbtnik-za-vrtec-stephen-joseph-shark-1.jpg","contentUrl":"https:\/\/ajatutaja.com\/wp-content\/uploads\/2024\/08\/Nahrbtnik-za-vrtec-stephen-joseph-shark-1.jpg","width":800,"height":800},{"@type":"BreadcrumbList","@id":"https:\/\/ajatutaja.com\/izdelek\/nahrbtnik-stephen-joseph-shark\/#breadcrumb","itemListElement":[{"@type":"ListItem","position":1,"name":"Home","item":"https:\/\/ajatutaja.com\/hr\/"},{"@type":"ListItem","position":2,"name":"Trgovina","item":"https:\/\/ajatutaja.com\/hr\/trgovina\/"},{"@type":"ListItem","position":3,"name":"Nahrbtnik Stephen Joseph &#8211; Shark"}]},{"@type":"WebSite","@id":"https:\/\/ajatutaja.com\/#website","url":"https:\/\/ajatutaja.com\/","name":"Ajatutaja","description":"Otro\u0161ka spletna trgovina AJATUTAJA","publisher":{"@id":"https:\/\/ajatutaja.com\/#organization"},"potentialAction":[{"@type":"SearchAction","target":{"@type":"EntryPoint","urlTemplate":"https:\/\/ajatutaja.com\/?s={search_term_string}"},"query-input":{"@type":"PropertyValueSpecification","valueRequired":true,"valueName":"search_term_string"}}],"inLanguage":"hr"},{"@type":"Organization","@id":"https:\/\/ajatutaja.com\/#organization","name":"Ajatutaja","url":"https:\/\/ajatutaja.com\/","logo":{"@type":"ImageObject","inLanguage":"hr","@id":"https:\/\/ajatutaja.com\/#\/schema\/logo\/image\/","url":"https:\/\/ajatutaja.com\/wp-content\/uploads\/2021\/10\/logo.png","contentUrl":"https:\/\/ajatutaja.com\/wp-content\/uploads\/2021\/10\/logo.png","width":555,"height":150,"caption":"Ajatutaja"},"image":{"@id":"https:\/\/ajatutaja.com\/#\/schema\/logo\/image\/"}}]}},"brands":[{"id":2409,"name":"Potepanje","slug":"potepanje"},{"id":2437,"name":"Stephen Joseph","slug":"stephen-joseph"}],"_links":{"self":[{"href":"https:\/\/ajatutaja.com\/hr\/wp-json\/wp\/v2\/product\/66959","targetHints":{"allow":["GET"]}}],"collection":[{"href":"https:\/\/ajatutaja.com\/hr\/wp-json\/wp\/v2\/product"}],"about":[{"href":"https:\/\/ajatutaja.com\/hr\/wp-json\/wp\/v2\/types\/product"}],"wp:featuredmedia":[{"embeddable":true,"href":"https:\/\/ajatutaja.com\/hr\/wp-json\/wp\/v2\/media\/66960"}],"wp:attachment":[{"href":"https:\/\/ajatutaja.com\/hr\/wp-json\/wp\/v2\/media?parent=66959"}],"wp:term":[{"taxonomy":"pwb-brand","embeddable":true,"href":"https:\/\/ajatutaja.com\/hr\/wp-json\/wp\/v2\/pwb-brand?post=66959"},{"taxonomy":"product_brand","embeddable":true,"href":"https:\/\/ajatutaja.com\/hr\/wp-json\/wp\/v2\/product_brand?post=66959"},{"taxonomy":"product_cat","embeddable":true,"href":"https:\/\/ajatutaja.com\/hr\/wp-json\/wp\/v2\/product_cat?post=66959"},{"taxonomy":"product_tag","embeddable":true,"href":"https:\/\/ajatutaja.com\/hr\/wp-json\/wp\/v2\/product_tag?post=66959"}],"curies":[{"name":"wp","href":"https:\/\/api.w.org\/{rel}","templated":true}]}}