{"id":66874,"date":"2024-08-08T21:15:42","date_gmt":"2024-08-08T19:15:42","guid":{"rendered":"https:\/\/ajatutaja.com\/?post_type=product&#038;p=66874"},"modified":"2024-09-04T15:22:14","modified_gmt":"2024-09-04T13:22:14","slug":"presiti-otroski-nahrbtnik-stephen-joseph-gasilci","status":"publish","type":"product","link":"https:\/\/ajatutaja.com\/hr\/proizvod\/presiti-otroski-nahrbtnik-stephen-joseph-gasilci\/","title":{"rendered":"Pre\u0161iti otro\u0161ki nahrbtnik Stephen Joseph &#8211; Gasilci"},"content":{"rendered":"<p>[vc_row][vc_column][vc_column_text]Nahrbtnik iz bomba\u017ea se enostavno odpira, saj ima na vrhu vrvico in magnetno zapiranje, s strani ima \u017eepek z zadrgo in \u010dudovit obesek, naramnice so nastavljive.<\/p>\n<h3>Lastnosti otro\u0161kega nahrbtnika Stephen Joseph Quilted:<\/h3>\n<ul>\n<li>Sestava: 100% bomba\u017e<\/li>\n<li>Nastavljive naramnice<\/li>\n<li>Nahrbtnik iz bomba\u017ea se enostavno odpira, saj ima na vrhu vrvico in magnetno zapiranje, s strani ima \u017eepek z zadrgo in \u010dudovit obesek, naramnice so nastavljive.<\/li>\n<li>Opremljen s stranskim predalom, ki se odpira na zadrgo<\/li>\n<li>Velikost: 30,5cm x 34,5cm.<\/li>\n<li>Enostavno \u010di\u0161\u010denje in vzdr\u017eevanje, saj je pralen v pralnem stroju na 40\u00b0C. Prepovedano uporaba su\u0161ilnega stroja.<\/li>\n<li>Ne vsebuje BPA, ftalatov in PVC<\/li>\n<li>Nahrbtnik je primeren za otroke med 3. in 6. letom starosti oziroma za otroke, ki so veliki med 100cm do 125 cm<\/li>\n<\/ul>\n<p>[\/vc_column_text][\/vc_column][\/vc_row]<\/p>\n","protected":false},"excerpt":{"rendered":"<p>Otro\u0161ki pre\u0161iti nahrbtnik Stephen Jospeh je &#8220;Best seller&#8221; med nahrbtniki! Odli\u010dno se obnese tudi kot previjalni nahrbtnik, saj vanj lahko spravite pleni\u010dke, rob\u010dke in ostale potrebne stvari za va\u0161ega dojen\u010dka. Nahrbtnik iz bomba\u017ea se enostavno odpira, saj ima na vrhu vrvico in magnetno zapiranje, s strani ima \u017eepek z zadrgo in \u010dudovit obesek, naramnice so nastavljive.<\/p>\n","protected":false},"featured_media":66792,"template":"","meta":[],"pwb-brand":[2409,2437],"product_brand":[],"product_cat":[2400,2361],"product_tag":[5579,4394,5575,3980],"class_list":{"0":"post-66874","1":"product","2":"type-product","3":"status-publish","4":"has-post-thumbnail","6":"pwb-brand-potepanje","7":"pwb-brand-stephen-joseph","8":"product_cat-otroski-nahrbtniki","9":"product_cat-potepanje","10":"product_tag-gasilec","11":"product_tag-nahrbtnik-za-vrtec","12":"product_tag-sj-nahrbtnik-quilted","13":"product_tag-stephen-joseph","15":"first","16":"instock","17":"taxable","18":"shipping-taxable","19":"purchasable","20":"product-type-simple","21":"add-to-wishlist-before_image"},"yoast_head":"<!-- This site is optimized with the Yoast SEO plugin v27.3 - https:\/\/yoast.com\/product\/yoast-seo-wordpress\/ -->\n<title>Pre\u0161iti otro\u0161ki nahrbtnik Stephen Joseph - Gasilci | Ajatutaja<\/title>\n<meta name=\"description\" content=\"Otro\u0161ki pre\u0161iti nahrbtnik Stephen Jospeh je &quot;Best seller&quot; med nahrbtniki! Nahrbtnik iz bomba\u017ea se enostavno odpira, saj ima na vrhu vrvico in magnetno zapiranje, s strani ima \u017eepek z zadrgo in \u010dudovit obesek, naramnice so nastavljive.\" \/>\n<meta name=\"robots\" content=\"index, follow, max-snippet:-1, max-image-preview:large, max-video-preview:-1\" \/>\n<link rel=\"canonical\" href=\"https:\/\/ajatutaja.com\/izdelek\/presiti-otroski-nahrbtnik-stephen-joseph-gasilci\/\" \/>\n<meta property=\"og:locale\" content=\"hr_HR\" \/>\n<meta property=\"og:type\" content=\"article\" \/>\n<meta property=\"og:title\" content=\"Pre\u0161iti otro\u0161ki nahrbtnik Stephen Joseph - Gasilci | Ajatutaja\" \/>\n<meta property=\"og:description\" content=\"Otro\u0161ki pre\u0161iti nahrbtnik Stephen Jospeh je &quot;Best seller&quot; med nahrbtniki! Nahrbtnik iz bomba\u017ea se enostavno odpira, saj ima na vrhu vrvico in magnetno zapiranje, s strani ima \u017eepek z zadrgo in \u010dudovit obesek, naramnice so nastavljive.\" \/>\n<meta property=\"og:url\" content=\"https:\/\/ajatutaja.com\/izdelek\/presiti-otroski-nahrbtnik-stephen-joseph-gasilci\/\" \/>\n<meta property=\"og:site_name\" content=\"Ajatutaja\" \/>\n<meta property=\"article:modified_time\" content=\"2024-09-04T13:22:14+00:00\" \/>\n<meta property=\"og:image\" content=\"https:\/\/ajatutaja.com\/wp-content\/uploads\/2023\/08\/Otroski-presit-nahrbtnik-Stephen-Joseph-gasilec-SJ100111B-1.jpg\" \/>\n\t<meta property=\"og:image:width\" content=\"800\" \/>\n\t<meta property=\"og:image:height\" content=\"800\" \/>\n\t<meta property=\"og:image:type\" content=\"image\/jpeg\" \/>\n<meta name=\"twitter:card\" content=\"summary_large_image\" \/>\n<meta name=\"twitter:label1\" content=\"Procijenjeno vrijeme \u010ditanja\" \/>\n\t<meta name=\"twitter:data1\" content=\"1 minuta\" \/>\n<script type=\"application\/ld+json\" class=\"yoast-schema-graph\">{\"@context\":\"https:\\\/\\\/schema.org\",\"@graph\":[{\"@type\":\"WebPage\",\"@id\":\"https:\\\/\\\/ajatutaja.com\\\/izdelek\\\/presiti-otroski-nahrbtnik-stephen-joseph-gasilci\\\/\",\"url\":\"https:\\\/\\\/ajatutaja.com\\\/izdelek\\\/presiti-otroski-nahrbtnik-stephen-joseph-gasilci\\\/\",\"name\":\"Pre\u0161iti otro\u0161ki nahrbtnik Stephen Joseph - Gasilci | Ajatutaja\",\"isPartOf\":{\"@id\":\"https:\\\/\\\/ajatutaja.com\\\/#website\"},\"primaryImageOfPage\":{\"@id\":\"https:\\\/\\\/ajatutaja.com\\\/izdelek\\\/presiti-otroski-nahrbtnik-stephen-joseph-gasilci\\\/#primaryimage\"},\"image\":{\"@id\":\"https:\\\/\\\/ajatutaja.com\\\/izdelek\\\/presiti-otroski-nahrbtnik-stephen-joseph-gasilci\\\/#primaryimage\"},\"thumbnailUrl\":\"https:\\\/\\\/ajatutaja.com\\\/wp-content\\\/uploads\\\/2023\\\/08\\\/Otroski-presit-nahrbtnik-Stephen-Joseph-gasilec-SJ100111B-1.jpg\",\"datePublished\":\"2024-08-08T19:15:42+00:00\",\"dateModified\":\"2024-09-04T13:22:14+00:00\",\"description\":\"Otro\u0161ki pre\u0161iti nahrbtnik Stephen Jospeh je \\\"Best seller\\\" med nahrbtniki! Nahrbtnik iz bomba\u017ea se enostavno odpira, saj ima na vrhu vrvico in magnetno zapiranje, s strani ima \u017eepek z zadrgo in \u010dudovit obesek, naramnice so nastavljive.\",\"breadcrumb\":{\"@id\":\"https:\\\/\\\/ajatutaja.com\\\/izdelek\\\/presiti-otroski-nahrbtnik-stephen-joseph-gasilci\\\/#breadcrumb\"},\"inLanguage\":\"hr\",\"potentialAction\":[{\"@type\":\"ReadAction\",\"target\":[\"https:\\\/\\\/ajatutaja.com\\\/izdelek\\\/presiti-otroski-nahrbtnik-stephen-joseph-gasilci\\\/\"]}]},{\"@type\":\"ImageObject\",\"inLanguage\":\"hr\",\"@id\":\"https:\\\/\\\/ajatutaja.com\\\/izdelek\\\/presiti-otroski-nahrbtnik-stephen-joseph-gasilci\\\/#primaryimage\",\"url\":\"https:\\\/\\\/ajatutaja.com\\\/wp-content\\\/uploads\\\/2023\\\/08\\\/Otroski-presit-nahrbtnik-Stephen-Joseph-gasilec-SJ100111B-1.jpg\",\"contentUrl\":\"https:\\\/\\\/ajatutaja.com\\\/wp-content\\\/uploads\\\/2023\\\/08\\\/Otroski-presit-nahrbtnik-Stephen-Joseph-gasilec-SJ100111B-1.jpg\",\"width\":800,\"height\":800},{\"@type\":\"BreadcrumbList\",\"@id\":\"https:\\\/\\\/ajatutaja.com\\\/izdelek\\\/presiti-otroski-nahrbtnik-stephen-joseph-gasilci\\\/#breadcrumb\",\"itemListElement\":[{\"@type\":\"ListItem\",\"position\":1,\"name\":\"Home\",\"item\":\"https:\\\/\\\/ajatutaja.com\\\/hr\\\/\"},{\"@type\":\"ListItem\",\"position\":2,\"name\":\"Trgovina\",\"item\":\"https:\\\/\\\/ajatutaja.com\\\/hr\\\/trgovina\\\/\"},{\"@type\":\"ListItem\",\"position\":3,\"name\":\"Pre\u0161iti otro\u0161ki nahrbtnik Stephen Joseph &#8211; Gasilci\"}]},{\"@type\":\"WebSite\",\"@id\":\"https:\\\/\\\/ajatutaja.com\\\/#website\",\"url\":\"https:\\\/\\\/ajatutaja.com\\\/\",\"name\":\"Ajatutaja\",\"description\":\"Otro\u0161ka spletna trgovina AJATUTAJA\",\"publisher\":{\"@id\":\"https:\\\/\\\/ajatutaja.com\\\/#organization\"},\"potentialAction\":[{\"@type\":\"SearchAction\",\"target\":{\"@type\":\"EntryPoint\",\"urlTemplate\":\"https:\\\/\\\/ajatutaja.com\\\/?s={search_term_string}\"},\"query-input\":{\"@type\":\"PropertyValueSpecification\",\"valueRequired\":true,\"valueName\":\"search_term_string\"}}],\"inLanguage\":\"hr\"},{\"@type\":\"Organization\",\"@id\":\"https:\\\/\\\/ajatutaja.com\\\/#organization\",\"name\":\"Ajatutaja\",\"url\":\"https:\\\/\\\/ajatutaja.com\\\/\",\"logo\":{\"@type\":\"ImageObject\",\"inLanguage\":\"hr\",\"@id\":\"https:\\\/\\\/ajatutaja.com\\\/#\\\/schema\\\/logo\\\/image\\\/\",\"url\":\"https:\\\/\\\/ajatutaja.com\\\/wp-content\\\/uploads\\\/2021\\\/10\\\/logo.png\",\"contentUrl\":\"https:\\\/\\\/ajatutaja.com\\\/wp-content\\\/uploads\\\/2021\\\/10\\\/logo.png\",\"width\":555,\"height\":150,\"caption\":\"Ajatutaja\"},\"image\":{\"@id\":\"https:\\\/\\\/ajatutaja.com\\\/#\\\/schema\\\/logo\\\/image\\\/\"}}]}<\/script>\n<!-- \/ Yoast SEO plugin. -->","yoast_head_json":{"title":"Pre\u0161iti otro\u0161ki nahrbtnik Stephen Joseph - Gasilci | Ajatutaja","description":"Otro\u0161ki pre\u0161iti nahrbtnik Stephen Jospeh je \"Best seller\" med nahrbtniki! Nahrbtnik iz bomba\u017ea se enostavno odpira, saj ima na vrhu vrvico in magnetno zapiranje, s strani ima \u017eepek z zadrgo in \u010dudovit obesek, naramnice so nastavljive.","robots":{"index":"index","follow":"follow","max-snippet":"max-snippet:-1","max-image-preview":"max-image-preview:large","max-video-preview":"max-video-preview:-1"},"canonical":"https:\/\/ajatutaja.com\/izdelek\/presiti-otroski-nahrbtnik-stephen-joseph-gasilci\/","og_locale":"hr_HR","og_type":"article","og_title":"Pre\u0161iti otro\u0161ki nahrbtnik Stephen Joseph - Gasilci | Ajatutaja","og_description":"Otro\u0161ki pre\u0161iti nahrbtnik Stephen Jospeh je \"Best seller\" med nahrbtniki! Nahrbtnik iz bomba\u017ea se enostavno odpira, saj ima na vrhu vrvico in magnetno zapiranje, s strani ima \u017eepek z zadrgo in \u010dudovit obesek, naramnice so nastavljive.","og_url":"https:\/\/ajatutaja.com\/izdelek\/presiti-otroski-nahrbtnik-stephen-joseph-gasilci\/","og_site_name":"Ajatutaja","article_modified_time":"2024-09-04T13:22:14+00:00","og_image":[{"width":800,"height":800,"url":"https:\/\/ajatutaja.com\/wp-content\/uploads\/2023\/08\/Otroski-presit-nahrbtnik-Stephen-Joseph-gasilec-SJ100111B-1.jpg","type":"image\/jpeg"}],"twitter_card":"summary_large_image","twitter_misc":{"Procijenjeno vrijeme \u010ditanja":"1 minuta"},"schema":{"@context":"https:\/\/schema.org","@graph":[{"@type":"WebPage","@id":"https:\/\/ajatutaja.com\/izdelek\/presiti-otroski-nahrbtnik-stephen-joseph-gasilci\/","url":"https:\/\/ajatutaja.com\/izdelek\/presiti-otroski-nahrbtnik-stephen-joseph-gasilci\/","name":"Pre\u0161iti otro\u0161ki nahrbtnik Stephen Joseph - Gasilci | Ajatutaja","isPartOf":{"@id":"https:\/\/ajatutaja.com\/#website"},"primaryImageOfPage":{"@id":"https:\/\/ajatutaja.com\/izdelek\/presiti-otroski-nahrbtnik-stephen-joseph-gasilci\/#primaryimage"},"image":{"@id":"https:\/\/ajatutaja.com\/izdelek\/presiti-otroski-nahrbtnik-stephen-joseph-gasilci\/#primaryimage"},"thumbnailUrl":"https:\/\/ajatutaja.com\/wp-content\/uploads\/2023\/08\/Otroski-presit-nahrbtnik-Stephen-Joseph-gasilec-SJ100111B-1.jpg","datePublished":"2024-08-08T19:15:42+00:00","dateModified":"2024-09-04T13:22:14+00:00","description":"Otro\u0161ki pre\u0161iti nahrbtnik Stephen Jospeh je \"Best seller\" med nahrbtniki! Nahrbtnik iz bomba\u017ea se enostavno odpira, saj ima na vrhu vrvico in magnetno zapiranje, s strani ima \u017eepek z zadrgo in \u010dudovit obesek, naramnice so nastavljive.","breadcrumb":{"@id":"https:\/\/ajatutaja.com\/izdelek\/presiti-otroski-nahrbtnik-stephen-joseph-gasilci\/#breadcrumb"},"inLanguage":"hr","potentialAction":[{"@type":"ReadAction","target":["https:\/\/ajatutaja.com\/izdelek\/presiti-otroski-nahrbtnik-stephen-joseph-gasilci\/"]}]},{"@type":"ImageObject","inLanguage":"hr","@id":"https:\/\/ajatutaja.com\/izdelek\/presiti-otroski-nahrbtnik-stephen-joseph-gasilci\/#primaryimage","url":"https:\/\/ajatutaja.com\/wp-content\/uploads\/2023\/08\/Otroski-presit-nahrbtnik-Stephen-Joseph-gasilec-SJ100111B-1.jpg","contentUrl":"https:\/\/ajatutaja.com\/wp-content\/uploads\/2023\/08\/Otroski-presit-nahrbtnik-Stephen-Joseph-gasilec-SJ100111B-1.jpg","width":800,"height":800},{"@type":"BreadcrumbList","@id":"https:\/\/ajatutaja.com\/izdelek\/presiti-otroski-nahrbtnik-stephen-joseph-gasilci\/#breadcrumb","itemListElement":[{"@type":"ListItem","position":1,"name":"Home","item":"https:\/\/ajatutaja.com\/hr\/"},{"@type":"ListItem","position":2,"name":"Trgovina","item":"https:\/\/ajatutaja.com\/hr\/trgovina\/"},{"@type":"ListItem","position":3,"name":"Pre\u0161iti otro\u0161ki nahrbtnik Stephen Joseph &#8211; Gasilci"}]},{"@type":"WebSite","@id":"https:\/\/ajatutaja.com\/#website","url":"https:\/\/ajatutaja.com\/","name":"Ajatutaja","description":"Otro\u0161ka spletna trgovina AJATUTAJA","publisher":{"@id":"https:\/\/ajatutaja.com\/#organization"},"potentialAction":[{"@type":"SearchAction","target":{"@type":"EntryPoint","urlTemplate":"https:\/\/ajatutaja.com\/?s={search_term_string}"},"query-input":{"@type":"PropertyValueSpecification","valueRequired":true,"valueName":"search_term_string"}}],"inLanguage":"hr"},{"@type":"Organization","@id":"https:\/\/ajatutaja.com\/#organization","name":"Ajatutaja","url":"https:\/\/ajatutaja.com\/","logo":{"@type":"ImageObject","inLanguage":"hr","@id":"https:\/\/ajatutaja.com\/#\/schema\/logo\/image\/","url":"https:\/\/ajatutaja.com\/wp-content\/uploads\/2021\/10\/logo.png","contentUrl":"https:\/\/ajatutaja.com\/wp-content\/uploads\/2021\/10\/logo.png","width":555,"height":150,"caption":"Ajatutaja"},"image":{"@id":"https:\/\/ajatutaja.com\/#\/schema\/logo\/image\/"}}]}},"brands":[{"id":2409,"name":"Potepanje","slug":"potepanje"},{"id":2437,"name":"Stephen Joseph","slug":"stephen-joseph"}],"_links":{"self":[{"href":"https:\/\/ajatutaja.com\/hr\/wp-json\/wp\/v2\/product\/66874","targetHints":{"allow":["GET"]}}],"collection":[{"href":"https:\/\/ajatutaja.com\/hr\/wp-json\/wp\/v2\/product"}],"about":[{"href":"https:\/\/ajatutaja.com\/hr\/wp-json\/wp\/v2\/types\/product"}],"wp:featuredmedia":[{"embeddable":true,"href":"https:\/\/ajatutaja.com\/hr\/wp-json\/wp\/v2\/media\/66792"}],"wp:attachment":[{"href":"https:\/\/ajatutaja.com\/hr\/wp-json\/wp\/v2\/media?parent=66874"}],"wp:term":[{"taxonomy":"pwb-brand","embeddable":true,"href":"https:\/\/ajatutaja.com\/hr\/wp-json\/wp\/v2\/pwb-brand?post=66874"},{"taxonomy":"product_brand","embeddable":true,"href":"https:\/\/ajatutaja.com\/hr\/wp-json\/wp\/v2\/product_brand?post=66874"},{"taxonomy":"product_cat","embeddable":true,"href":"https:\/\/ajatutaja.com\/hr\/wp-json\/wp\/v2\/product_cat?post=66874"},{"taxonomy":"product_tag","embeddable":true,"href":"https:\/\/ajatutaja.com\/hr\/wp-json\/wp\/v2\/product_tag?post=66874"}],"curies":[{"name":"wp","href":"https:\/\/api.w.org\/{rel}","templated":true}]}}