{"id":66693,"date":"2024-08-06T14:28:09","date_gmt":"2024-08-06T12:28:09","guid":{"rendered":"https:\/\/ajatutaja.com\/?post_type=product&#038;p=66693"},"modified":"2026-03-12T14:42:03","modified_gmt":"2026-03-12T13:42:03","slug":"lesen-poganjalec-little-dutch-18m-little-farm-traktor","status":"publish","type":"product","link":"https:\/\/ajatutaja.com\/hr\/proizvod\/lesen-poganjalec-little-dutch-18m-little-farm-traktor\/","title":{"rendered":"Lesen poganjalec Little Dutch (18m+) Little Farm Traktor"},"content":{"rendered":"<p>[vc_row][vc_column][vc_column_text]<span lang=\"sl\">Predal na zadnji strani traktorja nudi priro\u010den prostor za zbiranje in shranjevanje najljub\u0161ih igra\u010d. Ne glede na to, ali gre za majhne pli\u0161aste \u017eivali ali druge igra\u010de, predal spodbuja organizacijo in igralnemu \u010dasu doda interaktivni element. Zahvaljujo\u010d gumijastim trakom na kolesih, pa vam ne bo treba skrbeti za tla, ko je va\u0161 otrok na pustolov\u0161\u010dini na kmetiji. <\/span><\/p>\n<h3>Lesen Traktor Little dutch ima naslednje lastnosti:<\/h3>\n<ul>\n<li>Dimenzija: 54,5 x 31,5 x 18,5 cm<\/li>\n<li>Material: Les<\/li>\n<li>Starost otroka: 18m+<\/li>\n<li>Izdelek je skladen z evropsko uredbo REACH in evropsko direktivo EN-71.<\/li>\n<\/ul>\n<p>[\/vc_column_text][\/vc_column][\/vc_row]<\/p>\n","protected":false},"excerpt":{"rendered":"<p>Little Dutch leseni traktor s 4 kolesi slu\u017ei tako kot igra\u010da za sedenje kot pripomo\u010dek za stabilnost pri prvih korakih. Va\u0161 mal\u010dek lahko udobno sedi na traktorju in se dr\u017ei za volan, ter samostojno poganja. Ta traktor pa lahko mal\u010dek tudi samo potiska in ta bo va\u0161emu otroku pomagal stabilizirati ter izbolj\u0161ati motori\u010dne sposobnosti in ravnote\u017eje.<\/p>\n<p>Odli\u010dna ideja kot darilo za 1.rojstni dan!<\/p>\n","protected":false},"featured_media":66695,"template":"","meta":[],"pwb-brand":[2452,2457],"product_brand":[],"product_cat":[3990,2441,5072,2712,2362,2443],"product_tag":[4002,5361],"class_list":{"0":"post-66693","1":"product","2":"type-product","3":"status-publish","4":"has-post-thumbnail","6":"pwb-brand-igranje","7":"pwb-brand-little-dutch-igra","8":"product_cat-18-mesecev-igrace","9":"product_cat-aktivnostne-igrace","10":"product_cat-bozicna-darila","11":"product_cat-darilo-za-decka","12":"product_cat-igranje","13":"product_cat-lesene-igrace","14":"product_tag-little-dutch","15":"product_tag-little-farm","17":"first","18":"instock","19":"taxable","20":"shipping-taxable","21":"purchasable","22":"product-type-simple","23":"add-to-wishlist-before_image"},"yoast_head":"<!-- This site is optimized with the Yoast SEO plugin v27.3 - https:\/\/yoast.com\/product\/yoast-seo-wordpress\/ -->\n<title>Lesen poganjalec Little Dutch (18m+) Little Farm Traktor | Ajatutaja<\/title>\n<meta name=\"description\" content=\"Little Dutch leseni traktor s 4 kolesi slu\u017ei tako kot igra\u010da za sedenje kot pripomo\u010dek za stabilnost pri prvih korakih. Va\u0161 mal\u010dek lahko udobno sedi na traktorju in se dr\u017ei za volan, ter samostojno poganja.\" \/>\n<meta name=\"robots\" content=\"index, follow, max-snippet:-1, max-image-preview:large, max-video-preview:-1\" \/>\n<link rel=\"canonical\" href=\"https:\/\/ajatutaja.com\/izdelek\/lesen-poganjalec-little-dutch-18m-little-farm-traktor\/\" \/>\n<meta property=\"og:locale\" content=\"hr_HR\" \/>\n<meta property=\"og:type\" content=\"article\" \/>\n<meta property=\"og:title\" content=\"Lesen poganjalec Little Dutch (18m+) Little Farm Traktor | Ajatutaja\" \/>\n<meta property=\"og:description\" content=\"Little Dutch leseni traktor s 4 kolesi slu\u017ei tako kot igra\u010da za sedenje kot pripomo\u010dek za stabilnost pri prvih korakih. Va\u0161 mal\u010dek lahko udobno sedi na traktorju in se dr\u017ei za volan, ter samostojno poganja.\" \/>\n<meta property=\"og:url\" content=\"https:\/\/ajatutaja.com\/izdelek\/lesen-poganjalec-little-dutch-18m-little-farm-traktor\/\" \/>\n<meta property=\"og:site_name\" content=\"Ajatutaja\" \/>\n<meta property=\"article:modified_time\" content=\"2026-03-12T13:42:03+00:00\" \/>\n<meta property=\"og:image\" content=\"https:\/\/ajatutaja.com\/wp-content\/uploads\/2024\/08\/Little-dutch-lesen-traktor-2.jpg\" \/>\n\t<meta property=\"og:image:width\" content=\"480\" \/>\n\t<meta property=\"og:image:height\" content=\"480\" \/>\n\t<meta property=\"og:image:type\" content=\"image\/jpeg\" \/>\n<meta name=\"twitter:card\" content=\"summary_large_image\" \/>\n<meta name=\"twitter:label1\" content=\"Procijenjeno vrijeme \u010ditanja\" \/>\n\t<meta name=\"twitter:data1\" content=\"1 minuta\" \/>\n<script type=\"application\/ld+json\" class=\"yoast-schema-graph\">{\"@context\":\"https:\\\/\\\/schema.org\",\"@graph\":[{\"@type\":\"WebPage\",\"@id\":\"https:\\\/\\\/ajatutaja.com\\\/izdelek\\\/lesen-poganjalec-little-dutch-18m-little-farm-traktor\\\/\",\"url\":\"https:\\\/\\\/ajatutaja.com\\\/izdelek\\\/lesen-poganjalec-little-dutch-18m-little-farm-traktor\\\/\",\"name\":\"Lesen poganjalec Little Dutch (18m+) Little Farm Traktor | Ajatutaja\",\"isPartOf\":{\"@id\":\"https:\\\/\\\/ajatutaja.com\\\/#website\"},\"primaryImageOfPage\":{\"@id\":\"https:\\\/\\\/ajatutaja.com\\\/izdelek\\\/lesen-poganjalec-little-dutch-18m-little-farm-traktor\\\/#primaryimage\"},\"image\":{\"@id\":\"https:\\\/\\\/ajatutaja.com\\\/izdelek\\\/lesen-poganjalec-little-dutch-18m-little-farm-traktor\\\/#primaryimage\"},\"thumbnailUrl\":\"https:\\\/\\\/ajatutaja.com\\\/wp-content\\\/uploads\\\/2024\\\/08\\\/Little-dutch-lesen-traktor-2.jpg\",\"datePublished\":\"2024-08-06T12:28:09+00:00\",\"dateModified\":\"2026-03-12T13:42:03+00:00\",\"description\":\"Little Dutch leseni traktor s 4 kolesi slu\u017ei tako kot igra\u010da za sedenje kot pripomo\u010dek za stabilnost pri prvih korakih. Va\u0161 mal\u010dek lahko udobno sedi na traktorju in se dr\u017ei za volan, ter samostojno poganja.\",\"breadcrumb\":{\"@id\":\"https:\\\/\\\/ajatutaja.com\\\/izdelek\\\/lesen-poganjalec-little-dutch-18m-little-farm-traktor\\\/#breadcrumb\"},\"inLanguage\":\"hr\",\"potentialAction\":[{\"@type\":\"ReadAction\",\"target\":[\"https:\\\/\\\/ajatutaja.com\\\/izdelek\\\/lesen-poganjalec-little-dutch-18m-little-farm-traktor\\\/\"]}]},{\"@type\":\"ImageObject\",\"inLanguage\":\"hr\",\"@id\":\"https:\\\/\\\/ajatutaja.com\\\/izdelek\\\/lesen-poganjalec-little-dutch-18m-little-farm-traktor\\\/#primaryimage\",\"url\":\"https:\\\/\\\/ajatutaja.com\\\/wp-content\\\/uploads\\\/2024\\\/08\\\/Little-dutch-lesen-traktor-2.jpg\",\"contentUrl\":\"https:\\\/\\\/ajatutaja.com\\\/wp-content\\\/uploads\\\/2024\\\/08\\\/Little-dutch-lesen-traktor-2.jpg\",\"width\":480,\"height\":480},{\"@type\":\"BreadcrumbList\",\"@id\":\"https:\\\/\\\/ajatutaja.com\\\/izdelek\\\/lesen-poganjalec-little-dutch-18m-little-farm-traktor\\\/#breadcrumb\",\"itemListElement\":[{\"@type\":\"ListItem\",\"position\":1,\"name\":\"Home\",\"item\":\"https:\\\/\\\/ajatutaja.com\\\/hr\\\/\"},{\"@type\":\"ListItem\",\"position\":2,\"name\":\"Trgovina\",\"item\":\"https:\\\/\\\/ajatutaja.com\\\/hr\\\/trgovina\\\/\"},{\"@type\":\"ListItem\",\"position\":3,\"name\":\"Lesen poganjalec Little Dutch (18m+) Little Farm Traktor\"}]},{\"@type\":\"WebSite\",\"@id\":\"https:\\\/\\\/ajatutaja.com\\\/#website\",\"url\":\"https:\\\/\\\/ajatutaja.com\\\/\",\"name\":\"Ajatutaja\",\"description\":\"Otro\u0161ka spletna trgovina AJATUTAJA\",\"publisher\":{\"@id\":\"https:\\\/\\\/ajatutaja.com\\\/#organization\"},\"potentialAction\":[{\"@type\":\"SearchAction\",\"target\":{\"@type\":\"EntryPoint\",\"urlTemplate\":\"https:\\\/\\\/ajatutaja.com\\\/?s={search_term_string}\"},\"query-input\":{\"@type\":\"PropertyValueSpecification\",\"valueRequired\":true,\"valueName\":\"search_term_string\"}}],\"inLanguage\":\"hr\"},{\"@type\":\"Organization\",\"@id\":\"https:\\\/\\\/ajatutaja.com\\\/#organization\",\"name\":\"Ajatutaja\",\"url\":\"https:\\\/\\\/ajatutaja.com\\\/\",\"logo\":{\"@type\":\"ImageObject\",\"inLanguage\":\"hr\",\"@id\":\"https:\\\/\\\/ajatutaja.com\\\/#\\\/schema\\\/logo\\\/image\\\/\",\"url\":\"https:\\\/\\\/ajatutaja.com\\\/wp-content\\\/uploads\\\/2021\\\/10\\\/logo.png\",\"contentUrl\":\"https:\\\/\\\/ajatutaja.com\\\/wp-content\\\/uploads\\\/2021\\\/10\\\/logo.png\",\"width\":555,\"height\":150,\"caption\":\"Ajatutaja\"},\"image\":{\"@id\":\"https:\\\/\\\/ajatutaja.com\\\/#\\\/schema\\\/logo\\\/image\\\/\"}}]}<\/script>\n<!-- \/ Yoast SEO plugin. -->","yoast_head_json":{"title":"Lesen poganjalec Little Dutch (18m+) Little Farm Traktor | Ajatutaja","description":"Little Dutch leseni traktor s 4 kolesi slu\u017ei tako kot igra\u010da za sedenje kot pripomo\u010dek za stabilnost pri prvih korakih. Va\u0161 mal\u010dek lahko udobno sedi na traktorju in se dr\u017ei za volan, ter samostojno poganja.","robots":{"index":"index","follow":"follow","max-snippet":"max-snippet:-1","max-image-preview":"max-image-preview:large","max-video-preview":"max-video-preview:-1"},"canonical":"https:\/\/ajatutaja.com\/izdelek\/lesen-poganjalec-little-dutch-18m-little-farm-traktor\/","og_locale":"hr_HR","og_type":"article","og_title":"Lesen poganjalec Little Dutch (18m+) Little Farm Traktor | Ajatutaja","og_description":"Little Dutch leseni traktor s 4 kolesi slu\u017ei tako kot igra\u010da za sedenje kot pripomo\u010dek za stabilnost pri prvih korakih. Va\u0161 mal\u010dek lahko udobno sedi na traktorju in se dr\u017ei za volan, ter samostojno poganja.","og_url":"https:\/\/ajatutaja.com\/izdelek\/lesen-poganjalec-little-dutch-18m-little-farm-traktor\/","og_site_name":"Ajatutaja","article_modified_time":"2026-03-12T13:42:03+00:00","og_image":[{"width":480,"height":480,"url":"https:\/\/ajatutaja.com\/wp-content\/uploads\/2024\/08\/Little-dutch-lesen-traktor-2.jpg","type":"image\/jpeg"}],"twitter_card":"summary_large_image","twitter_misc":{"Procijenjeno vrijeme \u010ditanja":"1 minuta"},"schema":{"@context":"https:\/\/schema.org","@graph":[{"@type":"WebPage","@id":"https:\/\/ajatutaja.com\/izdelek\/lesen-poganjalec-little-dutch-18m-little-farm-traktor\/","url":"https:\/\/ajatutaja.com\/izdelek\/lesen-poganjalec-little-dutch-18m-little-farm-traktor\/","name":"Lesen poganjalec Little Dutch (18m+) Little Farm Traktor | Ajatutaja","isPartOf":{"@id":"https:\/\/ajatutaja.com\/#website"},"primaryImageOfPage":{"@id":"https:\/\/ajatutaja.com\/izdelek\/lesen-poganjalec-little-dutch-18m-little-farm-traktor\/#primaryimage"},"image":{"@id":"https:\/\/ajatutaja.com\/izdelek\/lesen-poganjalec-little-dutch-18m-little-farm-traktor\/#primaryimage"},"thumbnailUrl":"https:\/\/ajatutaja.com\/wp-content\/uploads\/2024\/08\/Little-dutch-lesen-traktor-2.jpg","datePublished":"2024-08-06T12:28:09+00:00","dateModified":"2026-03-12T13:42:03+00:00","description":"Little Dutch leseni traktor s 4 kolesi slu\u017ei tako kot igra\u010da za sedenje kot pripomo\u010dek za stabilnost pri prvih korakih. Va\u0161 mal\u010dek lahko udobno sedi na traktorju in se dr\u017ei za volan, ter samostojno poganja.","breadcrumb":{"@id":"https:\/\/ajatutaja.com\/izdelek\/lesen-poganjalec-little-dutch-18m-little-farm-traktor\/#breadcrumb"},"inLanguage":"hr","potentialAction":[{"@type":"ReadAction","target":["https:\/\/ajatutaja.com\/izdelek\/lesen-poganjalec-little-dutch-18m-little-farm-traktor\/"]}]},{"@type":"ImageObject","inLanguage":"hr","@id":"https:\/\/ajatutaja.com\/izdelek\/lesen-poganjalec-little-dutch-18m-little-farm-traktor\/#primaryimage","url":"https:\/\/ajatutaja.com\/wp-content\/uploads\/2024\/08\/Little-dutch-lesen-traktor-2.jpg","contentUrl":"https:\/\/ajatutaja.com\/wp-content\/uploads\/2024\/08\/Little-dutch-lesen-traktor-2.jpg","width":480,"height":480},{"@type":"BreadcrumbList","@id":"https:\/\/ajatutaja.com\/izdelek\/lesen-poganjalec-little-dutch-18m-little-farm-traktor\/#breadcrumb","itemListElement":[{"@type":"ListItem","position":1,"name":"Home","item":"https:\/\/ajatutaja.com\/hr\/"},{"@type":"ListItem","position":2,"name":"Trgovina","item":"https:\/\/ajatutaja.com\/hr\/trgovina\/"},{"@type":"ListItem","position":3,"name":"Lesen poganjalec Little Dutch (18m+) Little Farm Traktor"}]},{"@type":"WebSite","@id":"https:\/\/ajatutaja.com\/#website","url":"https:\/\/ajatutaja.com\/","name":"Ajatutaja","description":"Otro\u0161ka spletna trgovina AJATUTAJA","publisher":{"@id":"https:\/\/ajatutaja.com\/#organization"},"potentialAction":[{"@type":"SearchAction","target":{"@type":"EntryPoint","urlTemplate":"https:\/\/ajatutaja.com\/?s={search_term_string}"},"query-input":{"@type":"PropertyValueSpecification","valueRequired":true,"valueName":"search_term_string"}}],"inLanguage":"hr"},{"@type":"Organization","@id":"https:\/\/ajatutaja.com\/#organization","name":"Ajatutaja","url":"https:\/\/ajatutaja.com\/","logo":{"@type":"ImageObject","inLanguage":"hr","@id":"https:\/\/ajatutaja.com\/#\/schema\/logo\/image\/","url":"https:\/\/ajatutaja.com\/wp-content\/uploads\/2021\/10\/logo.png","contentUrl":"https:\/\/ajatutaja.com\/wp-content\/uploads\/2021\/10\/logo.png","width":555,"height":150,"caption":"Ajatutaja"},"image":{"@id":"https:\/\/ajatutaja.com\/#\/schema\/logo\/image\/"}}]}},"brands":[{"id":2452,"name":"Igranje","slug":"igranje"},{"id":2457,"name":"Little Dutch","slug":"little-dutch-igra"}],"_links":{"self":[{"href":"https:\/\/ajatutaja.com\/hr\/wp-json\/wp\/v2\/product\/66693","targetHints":{"allow":["GET"]}}],"collection":[{"href":"https:\/\/ajatutaja.com\/hr\/wp-json\/wp\/v2\/product"}],"about":[{"href":"https:\/\/ajatutaja.com\/hr\/wp-json\/wp\/v2\/types\/product"}],"wp:featuredmedia":[{"embeddable":true,"href":"https:\/\/ajatutaja.com\/hr\/wp-json\/wp\/v2\/media\/66695"}],"wp:attachment":[{"href":"https:\/\/ajatutaja.com\/hr\/wp-json\/wp\/v2\/media?parent=66693"}],"wp:term":[{"taxonomy":"pwb-brand","embeddable":true,"href":"https:\/\/ajatutaja.com\/hr\/wp-json\/wp\/v2\/pwb-brand?post=66693"},{"taxonomy":"product_brand","embeddable":true,"href":"https:\/\/ajatutaja.com\/hr\/wp-json\/wp\/v2\/product_brand?post=66693"},{"taxonomy":"product_cat","embeddable":true,"href":"https:\/\/ajatutaja.com\/hr\/wp-json\/wp\/v2\/product_cat?post=66693"},{"taxonomy":"product_tag","embeddable":true,"href":"https:\/\/ajatutaja.com\/hr\/wp-json\/wp\/v2\/product_tag?post=66693"}],"curies":[{"name":"wp","href":"https:\/\/api.w.org\/{rel}","templated":true}]}}