{"id":66658,"date":"2025-04-05T20:10:19","date_gmt":"2025-04-05T18:10:19","guid":{"rendered":"https:\/\/ajatutaja.com\/?post_type=product&#038;p=66658"},"modified":"2026-04-08T15:55:16","modified_gmt":"2026-04-08T13:55:16","slug":"gugalnik-4moms-mamaroo-5-0-limited-edition","status":"publish","type":"product","link":"https:\/\/ajatutaja.com\/hr\/proizvod\/gugalnik-4moms-mamaroo-5-0-limited-edition\/","title":{"rendered":"Gugalnik 4moms mamaRoo 5.0 &#8211; Limited Edition"},"content":{"rendered":"<p>[vc_row][vc_column][vc_column_text]<\/p>\n<p style=\"text-align: justify\">Gugalnik za dojen\u010dke mamaRoo 5.0\u00a0 BLACK Classic 4moms\u00ae je primeren za otroke od rojstva, pa do pribli\u017eno 9 kilogramov telesna te\u017ee. Ima nastavljiv naklon in omogo\u010da otrokom optimalen po\u010ditek. Primeren je tudi za igro, saj ima pomi\u010dni lok s tremi pli\u0161astimi igra\u010dami, ki so snemljive in pralne. Nosilna plo\u0161\u010da je opremljena z led zaslonom, dvemi zvo\u010dniki in s priklju\u010dkom za elektri\u010dno napajanje. Gugalnik mamaRoo je zelo stabilen, zahvaljujo\u010d se \u0161iroki in veliki nosilni plo\u0161\u010di.<br \/>\nMamaRoo\u00ae 5.0 je elektri\u010dni gugalnik in le\u017ealnik ameri\u0161kega proizvajalca 4moms\u00ae, ki s \u0161tevilnimi funkcijami (zibanjem vibriranjem in zvoki) umirijo va\u0161ega mal\u010dka in ga popeljejo dojen\u010dka v sladki spanec. Model plush ima pisano in izredno mehko tkanino.<\/p>\n<h3 style=\"text-align: justify\">Lastnosti najnovej\u0161ega modela 4moms mamaRoo 5.0:<\/h3>\n<ul>\n<li style=\"text-align: justify\"><strong>Integracija WiFi pametnega doma<\/strong> (glasovni nadzor z Amazon Alexa in Google Home)<\/li>\n<li><strong>Funkcija FIND YOUR ROO<\/strong> omogo\u010da pametno izbiro ustreznega zibanja za va\u0161ega mal\u010dka<\/li>\n<li style=\"text-align: justify\"><strong>5 edinstvenih gibanj<\/strong> (vo\u017enja z avtom, kenguru, gugalnica, uspavanka, valovanje morja) \u2013 na\u0161i mal\u010dki so razli\u010dni, zato je potreben tudi razli\u010den pristop. Nekaterim bolj ustreza gugalnica, drugim vo\u017enja z avtomobilom, vsi pa se bodo po\u010dutili fantasti\u010dno v tem resni\u010dno superiornem gugalniku<\/li>\n<li style=\"text-align: justify\"><strong>5 hitrosti<\/strong> \u2013 najsi bo va\u0161 mal\u010dek zaspan ali pa poln energije, hitrost gibanja naj bo prilagojena njegovemu trenutnemu po\u010dutju.<\/li>\n<li style=\"text-align: justify\"><strong>4 zvoki iz narave<\/strong> \u2013 otro\u0161ki gugalniki imajo dve funkiciji \u2013 umirjanje otroka in razbremenitev mamice, ki mora doma tudi kaj postoriti. \u017duborenje vode, enoli\u010dni zvok fena ali zvok avtomobila bodo pomagali opraviti to nalogo<\/li>\n<li style=\"text-align: justify\"><strong>MP3 kompatibilen<\/strong> \u2013 na mamaroo lahko priklju\u010dimo svoj telefon in predvajamo katerokoli glasbo preko zvo\u010dnikov gugalnika<\/li>\n<li style=\"text-align: justify\"><strong>Bluetooth<\/strong> \u2013 ta otro\u0161ki gugalnik lahko upravljate daljinsko preko va\u0161e pametne naprave (telefon ali tablica)<\/li>\n<li style=\"text-align: justify\"><strong>Nastavljiv naklon sede\u017ea<\/strong> \u2013 zdaj razigran, zelo kmalu pa zaspan \u2013 naklon sede\u017ea lahko prilagodimo stanju budnosti na\u0161ega otroka in maksimiziramo njegovo udobje<\/li>\n<li style=\"text-align: justify\"><strong>Snemljiva igra\u010da nad glavo dojen\u010dka<\/strong> \u2013 da ne bomo preve\u010d pogre\u0161ali mamice, se igramo s \u010dudovitimi \u017eogicami<\/li>\n<li style=\"text-align: justify\"><strong>5 to\u010dkovni varnostni pas<\/strong> \u2013 varnost otroka je vedno na prvem mestu, zato ga je potrebno ob uporabi gugalnika za\u0161\u010dititi z varnostnim pasom<\/li>\n<li style=\"text-align: justify\"><strong>Prilo\u017een AC adapter<\/strong> \u2013 naprava deluje brez baterij<\/li>\n<li style=\"text-align: justify\"><strong>Kompaktna izvedba<\/strong> \u2013 prostor je pomemben. Ta gugalnik predstavlja 1\/2 velikosti tradicionalnega otro\u0161kega gugalnika<\/li>\n<li style=\"text-align: justify\"><strong>\u010cudovit dodatni kos pohi\u0161tva v va\u0161em stanovanju<\/strong> \u2013 \u010deprav to ni temeljna funkcija te naprave, pa je nemogo\u010de spregledati njen \u010dudovit dizajn, ki bo polep\u0161al vsako otro\u0161ko ali dnevno sobo<\/li>\n<\/ul>\n<p style=\"text-align: justify\">Tehni\u010dne lastnosti gugalnika mamaRoo 5.0:<br \/>\n\u2022 namenjeno dojen\u010dkom od rojstva do vsaj 6 meseca starosti oz. 9 kg ob nadzoru star\u0161ev<br \/>\n\u2022 konzolo je mo\u017eno upravljati tudi preko Bluetooth<br \/>\n\u2022 te\u017ea\u00a0 6.4 kg<br \/>\n\u2022 dimenzije: 60 x 67 x 90 cm<\/p>\n<p>OPOZORILO:\u00a0 Ne pu\u0161\u010dajte otroka v le\u017ealniku 4moms mamaRoo brez nadzora![\/vc_column_text][\/vc_column][\/vc_row]<\/p>\n","protected":false},"excerpt":{"rendered":"<div>\n<p style=\"text-align: justify\">Najnovej\u0161i model gugalnika za dojen\u010dke MamaRoo 5.0 je edinstven po\u010divalnik, ki posnema 5 naravnih gibov in predvaja 4 razli\u010dne zvoke, s katerimi pomirijo in potola\u017eijo svojega mal\u010dka. Novost je &#8220;Integracija WiFi pametnega doma&#8221; (glasovni nadzor z Amazon Alexa in Google Home) in funkcija &#8220;Find your Roo&#8221;.<\/p>\n<\/div>\n","protected":false},"featured_media":66659,"template":"","meta":[],"pwb-brand":[2627,2611],"product_brand":[],"product_cat":[2598,2593],"product_tag":[4111,5046],"class_list":{"0":"post-66658","1":"product","2":"type-product","3":"status-publish","4":"has-post-thumbnail","6":"pwb-brand-4moms-mamaroo","7":"pwb-brand-spanje","8":"product_cat-otroski-lezalniki","9":"product_cat-spanje","10":"product_tag-4moms","11":"product_tag-mamaroo-5-0","13":"first","14":"outofstock","15":"taxable","16":"shipping-taxable","17":"purchasable","18":"product-type-simple","19":"add-to-wishlist-before_image"},"yoast_head":"<!-- This site is optimized with the Yoast SEO plugin v27.3 - https:\/\/yoast.com\/product\/yoast-seo-wordpress\/ -->\n<title>Gugalnik mamaRoo<\/title>\n<meta name=\"description\" content=\"MamaRoo 5.0 je najnovej\u0161i elektri\u010dni gugalnik in le\u017ealnik za dojen\u010dke proizvajalca 4moms. Va\u0161ega otroka bo gugalnik pomiril zibal in gugal, ter ga popeljal v sladki spanec.\" \/>\n<meta name=\"robots\" content=\"index, follow, max-snippet:-1, max-image-preview:large, max-video-preview:-1\" \/>\n<link rel=\"canonical\" href=\"https:\/\/ajatutaja.com\/izdelek\/gugalnik-4moms-mamaroo-5-0-limited-edition\/\" \/>\n<meta property=\"og:locale\" content=\"hr_HR\" \/>\n<meta property=\"og:type\" content=\"article\" \/>\n<meta property=\"og:title\" content=\"Gugalnik mamaRoo\" \/>\n<meta property=\"og:description\" content=\"MamaRoo 5.0 je najnovej\u0161i elektri\u010dni gugalnik in le\u017ealnik za dojen\u010dke proizvajalca 4moms. Va\u0161ega otroka bo gugalnik pomiril zibal in gugal, ter ga popeljal v sladki spanec.\" \/>\n<meta property=\"og:url\" content=\"https:\/\/ajatutaja.com\/izdelek\/gugalnik-4moms-mamaroo-5-0-limited-edition\/\" \/>\n<meta property=\"og:site_name\" content=\"Ajatutaja\" \/>\n<meta property=\"article:modified_time\" content=\"2026-04-08T13:55:16+00:00\" \/>\n<meta property=\"og:image\" content=\"https:\/\/ajatutaja.com\/wp-content\/uploads\/2024\/08\/4moms-mamaroo-5-ajatutaja-limited-edition-1.png\" \/>\n\t<meta property=\"og:image:width\" content=\"1000\" \/>\n\t<meta property=\"og:image:height\" content=\"1000\" \/>\n\t<meta property=\"og:image:type\" content=\"image\/png\" \/>\n<meta name=\"twitter:card\" content=\"summary_large_image\" \/>\n<meta name=\"twitter:label1\" content=\"Procijenjeno vrijeme \u010ditanja\" \/>\n\t<meta name=\"twitter:data1\" content=\"2 minute\" \/>\n<script type=\"application\/ld+json\" class=\"yoast-schema-graph\">{\"@context\":\"https:\\\/\\\/schema.org\",\"@graph\":[{\"@type\":\"WebPage\",\"@id\":\"https:\\\/\\\/ajatutaja.com\\\/izdelek\\\/gugalnik-4moms-mamaroo-5-0-limited-edition\\\/\",\"url\":\"https:\\\/\\\/ajatutaja.com\\\/izdelek\\\/gugalnik-4moms-mamaroo-5-0-limited-edition\\\/\",\"name\":\"Gugalnik mamaRoo\",\"isPartOf\":{\"@id\":\"https:\\\/\\\/ajatutaja.com\\\/#website\"},\"primaryImageOfPage\":{\"@id\":\"https:\\\/\\\/ajatutaja.com\\\/izdelek\\\/gugalnik-4moms-mamaroo-5-0-limited-edition\\\/#primaryimage\"},\"image\":{\"@id\":\"https:\\\/\\\/ajatutaja.com\\\/izdelek\\\/gugalnik-4moms-mamaroo-5-0-limited-edition\\\/#primaryimage\"},\"thumbnailUrl\":\"https:\\\/\\\/ajatutaja.com\\\/wp-content\\\/uploads\\\/2024\\\/08\\\/4moms-mamaroo-5-ajatutaja-limited-edition-1.png\",\"datePublished\":\"2025-04-05T18:10:19+00:00\",\"dateModified\":\"2026-04-08T13:55:16+00:00\",\"description\":\"MamaRoo 5.0 je najnovej\u0161i elektri\u010dni gugalnik in le\u017ealnik za dojen\u010dke proizvajalca 4moms. Va\u0161ega otroka bo gugalnik pomiril zibal in gugal, ter ga popeljal v sladki spanec.\",\"breadcrumb\":{\"@id\":\"https:\\\/\\\/ajatutaja.com\\\/izdelek\\\/gugalnik-4moms-mamaroo-5-0-limited-edition\\\/#breadcrumb\"},\"inLanguage\":\"hr\",\"potentialAction\":[{\"@type\":\"ReadAction\",\"target\":[\"https:\\\/\\\/ajatutaja.com\\\/izdelek\\\/gugalnik-4moms-mamaroo-5-0-limited-edition\\\/\"]}]},{\"@type\":\"ImageObject\",\"inLanguage\":\"hr\",\"@id\":\"https:\\\/\\\/ajatutaja.com\\\/izdelek\\\/gugalnik-4moms-mamaroo-5-0-limited-edition\\\/#primaryimage\",\"url\":\"https:\\\/\\\/ajatutaja.com\\\/wp-content\\\/uploads\\\/2024\\\/08\\\/4moms-mamaroo-5-ajatutaja-limited-edition-1.png\",\"contentUrl\":\"https:\\\/\\\/ajatutaja.com\\\/wp-content\\\/uploads\\\/2024\\\/08\\\/4moms-mamaroo-5-ajatutaja-limited-edition-1.png\",\"width\":1000,\"height\":1000},{\"@type\":\"BreadcrumbList\",\"@id\":\"https:\\\/\\\/ajatutaja.com\\\/izdelek\\\/gugalnik-4moms-mamaroo-5-0-limited-edition\\\/#breadcrumb\",\"itemListElement\":[{\"@type\":\"ListItem\",\"position\":1,\"name\":\"Home\",\"item\":\"https:\\\/\\\/ajatutaja.com\\\/hr\\\/\"},{\"@type\":\"ListItem\",\"position\":2,\"name\":\"Trgovina\",\"item\":\"https:\\\/\\\/ajatutaja.com\\\/hr\\\/trgovina\\\/\"},{\"@type\":\"ListItem\",\"position\":3,\"name\":\"Gugalnik 4moms mamaRoo 5.0 &#8211; Limited Edition\"}]},{\"@type\":\"WebSite\",\"@id\":\"https:\\\/\\\/ajatutaja.com\\\/#website\",\"url\":\"https:\\\/\\\/ajatutaja.com\\\/\",\"name\":\"Ajatutaja\",\"description\":\"Otro\u0161ka spletna trgovina AJATUTAJA\",\"publisher\":{\"@id\":\"https:\\\/\\\/ajatutaja.com\\\/#organization\"},\"potentialAction\":[{\"@type\":\"SearchAction\",\"target\":{\"@type\":\"EntryPoint\",\"urlTemplate\":\"https:\\\/\\\/ajatutaja.com\\\/?s={search_term_string}\"},\"query-input\":{\"@type\":\"PropertyValueSpecification\",\"valueRequired\":true,\"valueName\":\"search_term_string\"}}],\"inLanguage\":\"hr\"},{\"@type\":\"Organization\",\"@id\":\"https:\\\/\\\/ajatutaja.com\\\/#organization\",\"name\":\"Ajatutaja\",\"url\":\"https:\\\/\\\/ajatutaja.com\\\/\",\"logo\":{\"@type\":\"ImageObject\",\"inLanguage\":\"hr\",\"@id\":\"https:\\\/\\\/ajatutaja.com\\\/#\\\/schema\\\/logo\\\/image\\\/\",\"url\":\"https:\\\/\\\/ajatutaja.com\\\/wp-content\\\/uploads\\\/2021\\\/10\\\/logo.png\",\"contentUrl\":\"https:\\\/\\\/ajatutaja.com\\\/wp-content\\\/uploads\\\/2021\\\/10\\\/logo.png\",\"width\":555,\"height\":150,\"caption\":\"Ajatutaja\"},\"image\":{\"@id\":\"https:\\\/\\\/ajatutaja.com\\\/#\\\/schema\\\/logo\\\/image\\\/\"}}]}<\/script>\n<!-- \/ Yoast SEO plugin. -->","yoast_head_json":{"title":"Gugalnik mamaRoo","description":"MamaRoo 5.0 je najnovej\u0161i elektri\u010dni gugalnik in le\u017ealnik za dojen\u010dke proizvajalca 4moms. Va\u0161ega otroka bo gugalnik pomiril zibal in gugal, ter ga popeljal v sladki spanec.","robots":{"index":"index","follow":"follow","max-snippet":"max-snippet:-1","max-image-preview":"max-image-preview:large","max-video-preview":"max-video-preview:-1"},"canonical":"https:\/\/ajatutaja.com\/izdelek\/gugalnik-4moms-mamaroo-5-0-limited-edition\/","og_locale":"hr_HR","og_type":"article","og_title":"Gugalnik mamaRoo","og_description":"MamaRoo 5.0 je najnovej\u0161i elektri\u010dni gugalnik in le\u017ealnik za dojen\u010dke proizvajalca 4moms. Va\u0161ega otroka bo gugalnik pomiril zibal in gugal, ter ga popeljal v sladki spanec.","og_url":"https:\/\/ajatutaja.com\/izdelek\/gugalnik-4moms-mamaroo-5-0-limited-edition\/","og_site_name":"Ajatutaja","article_modified_time":"2026-04-08T13:55:16+00:00","og_image":[{"width":1000,"height":1000,"url":"https:\/\/ajatutaja.com\/wp-content\/uploads\/2024\/08\/4moms-mamaroo-5-ajatutaja-limited-edition-1.png","type":"image\/png"}],"twitter_card":"summary_large_image","twitter_misc":{"Procijenjeno vrijeme \u010ditanja":"2 minute"},"schema":{"@context":"https:\/\/schema.org","@graph":[{"@type":"WebPage","@id":"https:\/\/ajatutaja.com\/izdelek\/gugalnik-4moms-mamaroo-5-0-limited-edition\/","url":"https:\/\/ajatutaja.com\/izdelek\/gugalnik-4moms-mamaroo-5-0-limited-edition\/","name":"Gugalnik mamaRoo","isPartOf":{"@id":"https:\/\/ajatutaja.com\/#website"},"primaryImageOfPage":{"@id":"https:\/\/ajatutaja.com\/izdelek\/gugalnik-4moms-mamaroo-5-0-limited-edition\/#primaryimage"},"image":{"@id":"https:\/\/ajatutaja.com\/izdelek\/gugalnik-4moms-mamaroo-5-0-limited-edition\/#primaryimage"},"thumbnailUrl":"https:\/\/ajatutaja.com\/wp-content\/uploads\/2024\/08\/4moms-mamaroo-5-ajatutaja-limited-edition-1.png","datePublished":"2025-04-05T18:10:19+00:00","dateModified":"2026-04-08T13:55:16+00:00","description":"MamaRoo 5.0 je najnovej\u0161i elektri\u010dni gugalnik in le\u017ealnik za dojen\u010dke proizvajalca 4moms. Va\u0161ega otroka bo gugalnik pomiril zibal in gugal, ter ga popeljal v sladki spanec.","breadcrumb":{"@id":"https:\/\/ajatutaja.com\/izdelek\/gugalnik-4moms-mamaroo-5-0-limited-edition\/#breadcrumb"},"inLanguage":"hr","potentialAction":[{"@type":"ReadAction","target":["https:\/\/ajatutaja.com\/izdelek\/gugalnik-4moms-mamaroo-5-0-limited-edition\/"]}]},{"@type":"ImageObject","inLanguage":"hr","@id":"https:\/\/ajatutaja.com\/izdelek\/gugalnik-4moms-mamaroo-5-0-limited-edition\/#primaryimage","url":"https:\/\/ajatutaja.com\/wp-content\/uploads\/2024\/08\/4moms-mamaroo-5-ajatutaja-limited-edition-1.png","contentUrl":"https:\/\/ajatutaja.com\/wp-content\/uploads\/2024\/08\/4moms-mamaroo-5-ajatutaja-limited-edition-1.png","width":1000,"height":1000},{"@type":"BreadcrumbList","@id":"https:\/\/ajatutaja.com\/izdelek\/gugalnik-4moms-mamaroo-5-0-limited-edition\/#breadcrumb","itemListElement":[{"@type":"ListItem","position":1,"name":"Home","item":"https:\/\/ajatutaja.com\/hr\/"},{"@type":"ListItem","position":2,"name":"Trgovina","item":"https:\/\/ajatutaja.com\/hr\/trgovina\/"},{"@type":"ListItem","position":3,"name":"Gugalnik 4moms mamaRoo 5.0 &#8211; Limited Edition"}]},{"@type":"WebSite","@id":"https:\/\/ajatutaja.com\/#website","url":"https:\/\/ajatutaja.com\/","name":"Ajatutaja","description":"Otro\u0161ka spletna trgovina AJATUTAJA","publisher":{"@id":"https:\/\/ajatutaja.com\/#organization"},"potentialAction":[{"@type":"SearchAction","target":{"@type":"EntryPoint","urlTemplate":"https:\/\/ajatutaja.com\/?s={search_term_string}"},"query-input":{"@type":"PropertyValueSpecification","valueRequired":true,"valueName":"search_term_string"}}],"inLanguage":"hr"},{"@type":"Organization","@id":"https:\/\/ajatutaja.com\/#organization","name":"Ajatutaja","url":"https:\/\/ajatutaja.com\/","logo":{"@type":"ImageObject","inLanguage":"hr","@id":"https:\/\/ajatutaja.com\/#\/schema\/logo\/image\/","url":"https:\/\/ajatutaja.com\/wp-content\/uploads\/2021\/10\/logo.png","contentUrl":"https:\/\/ajatutaja.com\/wp-content\/uploads\/2021\/10\/logo.png","width":555,"height":150,"caption":"Ajatutaja"},"image":{"@id":"https:\/\/ajatutaja.com\/#\/schema\/logo\/image\/"}}]}},"brands":[{"id":2627,"name":"4moms","slug":"4moms-mamaroo"},{"id":2611,"name":"Spanje","slug":"spanje"}],"_links":{"self":[{"href":"https:\/\/ajatutaja.com\/hr\/wp-json\/wp\/v2\/product\/66658","targetHints":{"allow":["GET"]}}],"collection":[{"href":"https:\/\/ajatutaja.com\/hr\/wp-json\/wp\/v2\/product"}],"about":[{"href":"https:\/\/ajatutaja.com\/hr\/wp-json\/wp\/v2\/types\/product"}],"wp:featuredmedia":[{"embeddable":true,"href":"https:\/\/ajatutaja.com\/hr\/wp-json\/wp\/v2\/media\/66659"}],"wp:attachment":[{"href":"https:\/\/ajatutaja.com\/hr\/wp-json\/wp\/v2\/media?parent=66658"}],"wp:term":[{"taxonomy":"pwb-brand","embeddable":true,"href":"https:\/\/ajatutaja.com\/hr\/wp-json\/wp\/v2\/pwb-brand?post=66658"},{"taxonomy":"product_brand","embeddable":true,"href":"https:\/\/ajatutaja.com\/hr\/wp-json\/wp\/v2\/product_brand?post=66658"},{"taxonomy":"product_cat","embeddable":true,"href":"https:\/\/ajatutaja.com\/hr\/wp-json\/wp\/v2\/product_cat?post=66658"},{"taxonomy":"product_tag","embeddable":true,"href":"https:\/\/ajatutaja.com\/hr\/wp-json\/wp\/v2\/product_tag?post=66658"}],"curies":[{"name":"wp","href":"https:\/\/api.w.org\/{rel}","templated":true}]}}