{"id":66595,"date":"2024-08-02T16:38:49","date_gmt":"2024-08-02T14:38:49","guid":{"rendered":"https:\/\/ajatutaja.com\/?post_type=product&#038;p=66595"},"modified":"2026-03-04T12:54:57","modified_gmt":"2026-03-04T11:54:57","slug":"nocna-lucka-tiger","status":"publish","type":"product","link":"https:\/\/ajatutaja.com\/hr\/proizvod\/nocna-lucka-tiger\/","title":{"rendered":"No\u010dna lu\u010dka Tiger"},"content":{"rendered":"<p>[vc_row][vc_column][vc_column_text]<\/p>\n<div class=\"std\">\n<p style=\"text-align: justify\">Prikupna led no\u010dna lu\u010dka Angel, bo super izgledala na no\u010dni omarici va\u0161ega mal\u010dka<em>. S svojim ne\u017enim sijajem bo <\/em><em>odganjala vse po\u0161asti\u00a0<\/em> iz otro\u0161ke sobice in tako pomirila vsakega otroka.<\/p>\n<p style=\"text-align: justify\"><em>Posteljnina, lu\u010dke in drugi dekorativni izdelki A Little Lovely Company so na voljo tudi v Ajatutaja Koper.<\/em><\/p>\n<p><strong>LASTNOSTI NO\u010cNE LU\u010cKE:<\/strong><\/p>\n<ul>\n<li>Ne vsebuje PVC, brez BPA, svinca in ftalatov;<\/li>\n<li>LED \u017earnice, ki se ne segreje in tako zagotavlja varno uporabo tudi za otro\u0161ke roke;<\/li>\n<li>Vklop na dotik<\/li>\n<li>Sveti pribli\u017eno 20 ur<\/li>\n<li>Velikosti: 9,6 x 13,4 x 8,6 cm<\/li>\n<li>Lu\u010dka deluje s 3 LR44 baterijami (prilo\u017eene ob nakupu),<\/li>\n<li>Ima tudi nastavitev, da se lu\u010dka po 15 minutah ugasne.<\/li>\n<li>OPOZORILO: Izdelek ni igra\u010da<\/li>\n<\/ul>\n<\/div>\n<p>[\/vc_column_text][\/vc_column][\/vc_row]<\/p>\n","protected":false},"excerpt":{"rendered":"<p style=\"text-align: justify\"><em>Prikupna\u00a0<strong> LED<\/strong> <strong>lu\u010dka Angel\u010dek<\/strong><\/em> se odli\u010dno poda vsakemu prostoru. Idealno kot darilo za majhne in ve\u010dje otroke.<\/p>\n<p style=\"text-align: justify\">\n","protected":false},"featured_media":66598,"template":"","meta":[],"pwb-brand":[2621,2611],"product_brand":[],"product_cat":[2715,2606,2593],"product_tag":[4112],"class_list":{"0":"post-66595","1":"product","2":"type-product","3":"status-publish","4":"has-post-thumbnail","6":"pwb-brand-a-little-lovely-company","7":"pwb-brand-spanje","8":"product_cat-darilo-do-15e","9":"product_cat-nocne-lucke","10":"product_cat-spanje","11":"product_tag-a-little-lovely-company","13":"first","14":"instock","15":"taxable","16":"shipping-taxable","17":"purchasable","18":"product-type-simple","19":"add-to-wishlist-before_image"},"yoast_head":"<!-- This site is optimized with the Yoast SEO plugin v27.3 - https:\/\/yoast.com\/product\/yoast-seo-wordpress\/ -->\n<title>No\u010dna lu\u010dka Tiger | Ajatutaja<\/title>\n<meta name=\"description\" content=\"Prikupna led no\u010dna lu\u010dka Obla\u010dek bo super izgledala na no\u010dni omarici va\u0161ega mal\u010dka. S svojim ne\u017enim sijajem bo odganjala vse po\u0161asti iz otro\u0161ke sobice.\" \/>\n<meta name=\"robots\" content=\"index, follow, max-snippet:-1, max-image-preview:large, max-video-preview:-1\" \/>\n<link rel=\"canonical\" href=\"https:\/\/ajatutaja.com\/hr\/proizvod\/nocna-lucka-tiger\/\" \/>\n<meta property=\"og:locale\" content=\"hr_HR\" \/>\n<meta property=\"og:type\" content=\"article\" \/>\n<meta property=\"og:title\" content=\"No\u010dna lu\u010dka Tiger | Ajatutaja\" \/>\n<meta property=\"og:description\" content=\"Prikupna led no\u010dna lu\u010dka Obla\u010dek bo super izgledala na no\u010dni omarici va\u0161ega mal\u010dka. S svojim ne\u017enim sijajem bo odganjala vse po\u0161asti iz otro\u0161ke sobice.\" \/>\n<meta property=\"og:url\" content=\"https:\/\/ajatutaja.com\/hr\/proizvod\/nocna-lucka-tiger\/\" \/>\n<meta property=\"og:site_name\" content=\"Ajatutaja\" \/>\n<meta property=\"article:modified_time\" content=\"2026-03-04T11:54:57+00:00\" \/>\n<meta property=\"og:image\" content=\"https:\/\/ajatutaja.com\/wp-content\/uploads\/2024\/08\/0Nocna-lucka-tiger-2.jpg\" \/>\n\t<meta property=\"og:image:width\" content=\"1142\" \/>\n\t<meta property=\"og:image:height\" content=\"1200\" \/>\n\t<meta property=\"og:image:type\" content=\"image\/jpeg\" \/>\n<meta name=\"twitter:card\" content=\"summary_large_image\" \/>\n<meta name=\"twitter:label1\" content=\"Procijenjeno vrijeme \u010ditanja\" \/>\n\t<meta name=\"twitter:data1\" content=\"1 minuta\" \/>\n<script type=\"application\/ld+json\" class=\"yoast-schema-graph\">{\"@context\":\"https:\\\/\\\/schema.org\",\"@graph\":[{\"@type\":\"WebPage\",\"@id\":\"https:\\\/\\\/ajatutaja.com\\\/hr\\\/proizvod\\\/nocna-lucka-tiger\\\/\",\"url\":\"https:\\\/\\\/ajatutaja.com\\\/hr\\\/proizvod\\\/nocna-lucka-tiger\\\/\",\"name\":\"No\u010dna lu\u010dka Tiger | Ajatutaja\",\"isPartOf\":{\"@id\":\"https:\\\/\\\/ajatutaja.com\\\/#website\"},\"primaryImageOfPage\":{\"@id\":\"https:\\\/\\\/ajatutaja.com\\\/hr\\\/proizvod\\\/nocna-lucka-tiger\\\/#primaryimage\"},\"image\":{\"@id\":\"https:\\\/\\\/ajatutaja.com\\\/hr\\\/proizvod\\\/nocna-lucka-tiger\\\/#primaryimage\"},\"thumbnailUrl\":\"https:\\\/\\\/ajatutaja.com\\\/wp-content\\\/uploads\\\/2024\\\/08\\\/0Nocna-lucka-tiger-2.jpg\",\"datePublished\":\"2024-08-02T14:38:49+00:00\",\"dateModified\":\"2026-03-04T11:54:57+00:00\",\"description\":\"Prikupna led no\u010dna lu\u010dka Obla\u010dek bo super izgledala na no\u010dni omarici va\u0161ega mal\u010dka. S svojim ne\u017enim sijajem bo odganjala vse po\u0161asti iz otro\u0161ke sobice.\",\"breadcrumb\":{\"@id\":\"https:\\\/\\\/ajatutaja.com\\\/hr\\\/proizvod\\\/nocna-lucka-tiger\\\/#breadcrumb\"},\"inLanguage\":\"hr\",\"potentialAction\":[{\"@type\":\"ReadAction\",\"target\":[\"https:\\\/\\\/ajatutaja.com\\\/hr\\\/proizvod\\\/nocna-lucka-tiger\\\/\"]}]},{\"@type\":\"ImageObject\",\"inLanguage\":\"hr\",\"@id\":\"https:\\\/\\\/ajatutaja.com\\\/hr\\\/proizvod\\\/nocna-lucka-tiger\\\/#primaryimage\",\"url\":\"https:\\\/\\\/ajatutaja.com\\\/wp-content\\\/uploads\\\/2024\\\/08\\\/0Nocna-lucka-tiger-2.jpg\",\"contentUrl\":\"https:\\\/\\\/ajatutaja.com\\\/wp-content\\\/uploads\\\/2024\\\/08\\\/0Nocna-lucka-tiger-2.jpg\",\"width\":1142,\"height\":1200},{\"@type\":\"BreadcrumbList\",\"@id\":\"https:\\\/\\\/ajatutaja.com\\\/hr\\\/proizvod\\\/nocna-lucka-tiger\\\/#breadcrumb\",\"itemListElement\":[{\"@type\":\"ListItem\",\"position\":1,\"name\":\"Home\",\"item\":\"https:\\\/\\\/ajatutaja.com\\\/hr\\\/\"},{\"@type\":\"ListItem\",\"position\":2,\"name\":\"Trgovina\",\"item\":\"https:\\\/\\\/ajatutaja.com\\\/hr\\\/trgovina\\\/\"},{\"@type\":\"ListItem\",\"position\":3,\"name\":\"No\u010dna lu\u010dka Tiger\"}]},{\"@type\":\"WebSite\",\"@id\":\"https:\\\/\\\/ajatutaja.com\\\/#website\",\"url\":\"https:\\\/\\\/ajatutaja.com\\\/\",\"name\":\"Ajatutaja\",\"description\":\"Otro\u0161ka spletna trgovina AJATUTAJA\",\"publisher\":{\"@id\":\"https:\\\/\\\/ajatutaja.com\\\/#organization\"},\"potentialAction\":[{\"@type\":\"SearchAction\",\"target\":{\"@type\":\"EntryPoint\",\"urlTemplate\":\"https:\\\/\\\/ajatutaja.com\\\/?s={search_term_string}\"},\"query-input\":{\"@type\":\"PropertyValueSpecification\",\"valueRequired\":true,\"valueName\":\"search_term_string\"}}],\"inLanguage\":\"hr\"},{\"@type\":\"Organization\",\"@id\":\"https:\\\/\\\/ajatutaja.com\\\/#organization\",\"name\":\"Ajatutaja\",\"url\":\"https:\\\/\\\/ajatutaja.com\\\/\",\"logo\":{\"@type\":\"ImageObject\",\"inLanguage\":\"hr\",\"@id\":\"https:\\\/\\\/ajatutaja.com\\\/#\\\/schema\\\/logo\\\/image\\\/\",\"url\":\"https:\\\/\\\/ajatutaja.com\\\/wp-content\\\/uploads\\\/2021\\\/10\\\/logo.png\",\"contentUrl\":\"https:\\\/\\\/ajatutaja.com\\\/wp-content\\\/uploads\\\/2021\\\/10\\\/logo.png\",\"width\":555,\"height\":150,\"caption\":\"Ajatutaja\"},\"image\":{\"@id\":\"https:\\\/\\\/ajatutaja.com\\\/#\\\/schema\\\/logo\\\/image\\\/\"}}]}<\/script>\n<!-- \/ Yoast SEO plugin. -->","yoast_head_json":{"title":"No\u010dna lu\u010dka Tiger | Ajatutaja","description":"Prikupna led no\u010dna lu\u010dka Obla\u010dek bo super izgledala na no\u010dni omarici va\u0161ega mal\u010dka. S svojim ne\u017enim sijajem bo odganjala vse po\u0161asti iz otro\u0161ke sobice.","robots":{"index":"index","follow":"follow","max-snippet":"max-snippet:-1","max-image-preview":"max-image-preview:large","max-video-preview":"max-video-preview:-1"},"canonical":"https:\/\/ajatutaja.com\/hr\/proizvod\/nocna-lucka-tiger\/","og_locale":"hr_HR","og_type":"article","og_title":"No\u010dna lu\u010dka Tiger | Ajatutaja","og_description":"Prikupna led no\u010dna lu\u010dka Obla\u010dek bo super izgledala na no\u010dni omarici va\u0161ega mal\u010dka. S svojim ne\u017enim sijajem bo odganjala vse po\u0161asti iz otro\u0161ke sobice.","og_url":"https:\/\/ajatutaja.com\/hr\/proizvod\/nocna-lucka-tiger\/","og_site_name":"Ajatutaja","article_modified_time":"2026-03-04T11:54:57+00:00","og_image":[{"width":1142,"height":1200,"url":"https:\/\/ajatutaja.com\/wp-content\/uploads\/2024\/08\/0Nocna-lucka-tiger-2.jpg","type":"image\/jpeg"}],"twitter_card":"summary_large_image","twitter_misc":{"Procijenjeno vrijeme \u010ditanja":"1 minuta"},"schema":{"@context":"https:\/\/schema.org","@graph":[{"@type":"WebPage","@id":"https:\/\/ajatutaja.com\/hr\/proizvod\/nocna-lucka-tiger\/","url":"https:\/\/ajatutaja.com\/hr\/proizvod\/nocna-lucka-tiger\/","name":"No\u010dna lu\u010dka Tiger | Ajatutaja","isPartOf":{"@id":"https:\/\/ajatutaja.com\/#website"},"primaryImageOfPage":{"@id":"https:\/\/ajatutaja.com\/hr\/proizvod\/nocna-lucka-tiger\/#primaryimage"},"image":{"@id":"https:\/\/ajatutaja.com\/hr\/proizvod\/nocna-lucka-tiger\/#primaryimage"},"thumbnailUrl":"https:\/\/ajatutaja.com\/wp-content\/uploads\/2024\/08\/0Nocna-lucka-tiger-2.jpg","datePublished":"2024-08-02T14:38:49+00:00","dateModified":"2026-03-04T11:54:57+00:00","description":"Prikupna led no\u010dna lu\u010dka Obla\u010dek bo super izgledala na no\u010dni omarici va\u0161ega mal\u010dka. S svojim ne\u017enim sijajem bo odganjala vse po\u0161asti iz otro\u0161ke sobice.","breadcrumb":{"@id":"https:\/\/ajatutaja.com\/hr\/proizvod\/nocna-lucka-tiger\/#breadcrumb"},"inLanguage":"hr","potentialAction":[{"@type":"ReadAction","target":["https:\/\/ajatutaja.com\/hr\/proizvod\/nocna-lucka-tiger\/"]}]},{"@type":"ImageObject","inLanguage":"hr","@id":"https:\/\/ajatutaja.com\/hr\/proizvod\/nocna-lucka-tiger\/#primaryimage","url":"https:\/\/ajatutaja.com\/wp-content\/uploads\/2024\/08\/0Nocna-lucka-tiger-2.jpg","contentUrl":"https:\/\/ajatutaja.com\/wp-content\/uploads\/2024\/08\/0Nocna-lucka-tiger-2.jpg","width":1142,"height":1200},{"@type":"BreadcrumbList","@id":"https:\/\/ajatutaja.com\/hr\/proizvod\/nocna-lucka-tiger\/#breadcrumb","itemListElement":[{"@type":"ListItem","position":1,"name":"Home","item":"https:\/\/ajatutaja.com\/hr\/"},{"@type":"ListItem","position":2,"name":"Trgovina","item":"https:\/\/ajatutaja.com\/hr\/trgovina\/"},{"@type":"ListItem","position":3,"name":"No\u010dna lu\u010dka Tiger"}]},{"@type":"WebSite","@id":"https:\/\/ajatutaja.com\/#website","url":"https:\/\/ajatutaja.com\/","name":"Ajatutaja","description":"Otro\u0161ka spletna trgovina AJATUTAJA","publisher":{"@id":"https:\/\/ajatutaja.com\/#organization"},"potentialAction":[{"@type":"SearchAction","target":{"@type":"EntryPoint","urlTemplate":"https:\/\/ajatutaja.com\/?s={search_term_string}"},"query-input":{"@type":"PropertyValueSpecification","valueRequired":true,"valueName":"search_term_string"}}],"inLanguage":"hr"},{"@type":"Organization","@id":"https:\/\/ajatutaja.com\/#organization","name":"Ajatutaja","url":"https:\/\/ajatutaja.com\/","logo":{"@type":"ImageObject","inLanguage":"hr","@id":"https:\/\/ajatutaja.com\/#\/schema\/logo\/image\/","url":"https:\/\/ajatutaja.com\/wp-content\/uploads\/2021\/10\/logo.png","contentUrl":"https:\/\/ajatutaja.com\/wp-content\/uploads\/2021\/10\/logo.png","width":555,"height":150,"caption":"Ajatutaja"},"image":{"@id":"https:\/\/ajatutaja.com\/#\/schema\/logo\/image\/"}}]}},"brands":[{"id":2621,"name":"A Little Lovely Company","slug":"a-little-lovely-company"},{"id":2611,"name":"Spanje","slug":"spanje"}],"_links":{"self":[{"href":"https:\/\/ajatutaja.com\/hr\/wp-json\/wp\/v2\/product\/66595","targetHints":{"allow":["GET"]}}],"collection":[{"href":"https:\/\/ajatutaja.com\/hr\/wp-json\/wp\/v2\/product"}],"about":[{"href":"https:\/\/ajatutaja.com\/hr\/wp-json\/wp\/v2\/types\/product"}],"wp:featuredmedia":[{"embeddable":true,"href":"https:\/\/ajatutaja.com\/hr\/wp-json\/wp\/v2\/media\/66598"}],"wp:attachment":[{"href":"https:\/\/ajatutaja.com\/hr\/wp-json\/wp\/v2\/media?parent=66595"}],"wp:term":[{"taxonomy":"pwb-brand","embeddable":true,"href":"https:\/\/ajatutaja.com\/hr\/wp-json\/wp\/v2\/pwb-brand?post=66595"},{"taxonomy":"product_brand","embeddable":true,"href":"https:\/\/ajatutaja.com\/hr\/wp-json\/wp\/v2\/product_brand?post=66595"},{"taxonomy":"product_cat","embeddable":true,"href":"https:\/\/ajatutaja.com\/hr\/wp-json\/wp\/v2\/product_cat?post=66595"},{"taxonomy":"product_tag","embeddable":true,"href":"https:\/\/ajatutaja.com\/hr\/wp-json\/wp\/v2\/product_tag?post=66595"}],"curies":[{"name":"wp","href":"https:\/\/api.w.org\/{rel}","templated":true}]}}