{"id":66524,"date":"2024-07-31T14:12:26","date_gmt":"2024-07-31T12:12:26","guid":{"rendered":"https:\/\/ajatutaja.com\/?post_type=product&#038;p=66524"},"modified":"2026-03-12T14:42:03","modified_gmt":"2026-03-12T13:42:03","slug":"leseno-letalo-s-pilotom-little-dutch","status":"publish","type":"product","link":"https:\/\/ajatutaja.com\/hr\/proizvod\/leseno-letalo-s-pilotom-little-dutch\/","title":{"rendered":"Leseno letalo s pilotom Little Dutch"},"content":{"rendered":"<p>[vc_row][vc_column][vc_column_text]<\/p>\n<h3><strong>Lastnosti lesene igra\u010de Little Dutch Airplane:<\/strong><\/h3>\n<ul>\n<li>Leseno letalo s pilotom<\/li>\n<li>Velikost: 17,5 x 10,5 x 16,5 cm<\/li>\n<li>Starost: 18 mes+<\/li>\n<li>Barvano z otrokom prijaznimi barvami na vodni osnovi<\/li>\n<li>Sestava: MDF, les<\/li>\n<li>Skladnost: izdelek je skladen z evropsko direktivo\u00a0EN-71-1-2-3<\/li>\n<\/ul>\n<p><strong>Little Dutch<\/strong> izdeluje brez\u010dasne igra\u010de visoke kakovosti, z elegantnimi barvami, odtisi in ilustracijami. Vsi izdelki so skladni z evropskimi direktivami in se proizvajajo brez dela otrok in na dru\u017ebeno odgovoren na\u010din.[\/vc_column_text][\/vc_column][\/vc_row]<\/p>\n","protected":false},"excerpt":{"rendered":"<p><span lang=\"sl\">Naj domi\u0161ljija va\u0161ega otroka poleti v vi\u0161ine s \u010dudovito izdelanim lesenim letalom Little Dutch. <\/span><span lang=\"sl\">Odstranljiva figura pilot je zdru\u017eljiva z drugimi igralnimi kompleti v hi\u0161i za pun\u010dke, prikolici in \u0161olskemu avtobusu. <\/span><\/p>\n","protected":false},"featured_media":66525,"template":"","meta":[],"pwb-brand":[2452,2457],"product_brand":[],"product_cat":[3990,5072,2715,2712,2448,2443],"product_tag":[5338,4002],"class_list":{"0":"post-66524","1":"product","2":"type-product","3":"status-publish","4":"has-post-thumbnail","6":"pwb-brand-igranje","7":"pwb-brand-little-dutch-igra","8":"product_cat-18-mesecev-igrace","9":"product_cat-bozicna-darila","10":"product_cat-darilo-do-15e","11":"product_cat-darilo-za-decka","12":"product_cat-igranje-vlog","13":"product_cat-lesene-igrace","14":"product_tag-lesena-hiska-za-puncke","15":"product_tag-little-dutch","17":"first","18":"instock","19":"taxable","20":"shipping-taxable","21":"purchasable","22":"product-type-simple","23":"add-to-wishlist-before_image"},"yoast_head":"<!-- This site is optimized with the Yoast SEO plugin v27.3 - https:\/\/yoast.com\/product\/yoast-seo-wordpress\/ -->\n<title>Leseno letalo s pilotom Little Dutch | Ajatutaja<\/title>\n<meta name=\"description\" content=\"Naj domi\u0161ljija va\u0161ega otroka poleti v vi\u0161ine s \u010dudovito izdelanim lesenim letalom Little Dutch. Odstranljiva figura pilot je zdru\u017eljiva z drugimi igralnimi kompleti v hi\u0161i za pun\u010dke, prikolici in \u0161olskemu avtobusu.\" \/>\n<meta name=\"robots\" content=\"index, follow, max-snippet:-1, max-image-preview:large, max-video-preview:-1\" \/>\n<link rel=\"canonical\" href=\"https:\/\/ajatutaja.com\/izdelek\/leseno-letalo-s-pilotom-little-dutch\/\" \/>\n<meta property=\"og:locale\" content=\"hr_HR\" \/>\n<meta property=\"og:type\" content=\"article\" \/>\n<meta property=\"og:title\" content=\"Leseno letalo s pilotom Little Dutch | Ajatutaja\" \/>\n<meta property=\"og:description\" content=\"Naj domi\u0161ljija va\u0161ega otroka poleti v vi\u0161ine s \u010dudovito izdelanim lesenim letalom Little Dutch. Odstranljiva figura pilot je zdru\u017eljiva z drugimi igralnimi kompleti v hi\u0161i za pun\u010dke, prikolici in \u0161olskemu avtobusu.\" \/>\n<meta property=\"og:url\" content=\"https:\/\/ajatutaja.com\/izdelek\/leseno-letalo-s-pilotom-little-dutch\/\" \/>\n<meta property=\"og:site_name\" content=\"Ajatutaja\" \/>\n<meta property=\"article:modified_time\" content=\"2026-03-12T13:42:03+00:00\" \/>\n<meta property=\"og:image\" content=\"https:\/\/ajatutaja.com\/wp-content\/uploads\/2024\/07\/Little-dutch-lesena-igraca-letalo-ajatutaja-1.webp\" \/>\n\t<meta property=\"og:image:width\" content=\"1000\" \/>\n\t<meta property=\"og:image:height\" content=\"1000\" \/>\n\t<meta property=\"og:image:type\" content=\"image\/webp\" \/>\n<meta name=\"twitter:card\" content=\"summary_large_image\" \/>\n<meta name=\"twitter:label1\" content=\"Procijenjeno vrijeme \u010ditanja\" \/>\n\t<meta name=\"twitter:data1\" content=\"1 minuta\" \/>\n<script type=\"application\/ld+json\" class=\"yoast-schema-graph\">{\"@context\":\"https:\\\/\\\/schema.org\",\"@graph\":[{\"@type\":\"WebPage\",\"@id\":\"https:\\\/\\\/ajatutaja.com\\\/izdelek\\\/leseno-letalo-s-pilotom-little-dutch\\\/\",\"url\":\"https:\\\/\\\/ajatutaja.com\\\/izdelek\\\/leseno-letalo-s-pilotom-little-dutch\\\/\",\"name\":\"Leseno letalo s pilotom Little Dutch | Ajatutaja\",\"isPartOf\":{\"@id\":\"https:\\\/\\\/ajatutaja.com\\\/#website\"},\"primaryImageOfPage\":{\"@id\":\"https:\\\/\\\/ajatutaja.com\\\/izdelek\\\/leseno-letalo-s-pilotom-little-dutch\\\/#primaryimage\"},\"image\":{\"@id\":\"https:\\\/\\\/ajatutaja.com\\\/izdelek\\\/leseno-letalo-s-pilotom-little-dutch\\\/#primaryimage\"},\"thumbnailUrl\":\"https:\\\/\\\/ajatutaja.com\\\/wp-content\\\/uploads\\\/2024\\\/07\\\/Little-dutch-lesena-igraca-letalo-ajatutaja-1.webp\",\"datePublished\":\"2024-07-31T12:12:26+00:00\",\"dateModified\":\"2026-03-12T13:42:03+00:00\",\"description\":\"Naj domi\u0161ljija va\u0161ega otroka poleti v vi\u0161ine s \u010dudovito izdelanim lesenim letalom Little Dutch. Odstranljiva figura pilot je zdru\u017eljiva z drugimi igralnimi kompleti v hi\u0161i za pun\u010dke, prikolici in \u0161olskemu avtobusu.\",\"breadcrumb\":{\"@id\":\"https:\\\/\\\/ajatutaja.com\\\/izdelek\\\/leseno-letalo-s-pilotom-little-dutch\\\/#breadcrumb\"},\"inLanguage\":\"hr\",\"potentialAction\":[{\"@type\":\"ReadAction\",\"target\":[\"https:\\\/\\\/ajatutaja.com\\\/izdelek\\\/leseno-letalo-s-pilotom-little-dutch\\\/\"]}]},{\"@type\":\"ImageObject\",\"inLanguage\":\"hr\",\"@id\":\"https:\\\/\\\/ajatutaja.com\\\/izdelek\\\/leseno-letalo-s-pilotom-little-dutch\\\/#primaryimage\",\"url\":\"https:\\\/\\\/ajatutaja.com\\\/wp-content\\\/uploads\\\/2024\\\/07\\\/Little-dutch-lesena-igraca-letalo-ajatutaja-1.webp\",\"contentUrl\":\"https:\\\/\\\/ajatutaja.com\\\/wp-content\\\/uploads\\\/2024\\\/07\\\/Little-dutch-lesena-igraca-letalo-ajatutaja-1.webp\",\"width\":1000,\"height\":1000},{\"@type\":\"BreadcrumbList\",\"@id\":\"https:\\\/\\\/ajatutaja.com\\\/izdelek\\\/leseno-letalo-s-pilotom-little-dutch\\\/#breadcrumb\",\"itemListElement\":[{\"@type\":\"ListItem\",\"position\":1,\"name\":\"Home\",\"item\":\"https:\\\/\\\/ajatutaja.com\\\/hr\\\/\"},{\"@type\":\"ListItem\",\"position\":2,\"name\":\"Trgovina\",\"item\":\"https:\\\/\\\/ajatutaja.com\\\/hr\\\/trgovina\\\/\"},{\"@type\":\"ListItem\",\"position\":3,\"name\":\"Leseno letalo s pilotom Little Dutch\"}]},{\"@type\":\"WebSite\",\"@id\":\"https:\\\/\\\/ajatutaja.com\\\/#website\",\"url\":\"https:\\\/\\\/ajatutaja.com\\\/\",\"name\":\"Ajatutaja\",\"description\":\"Otro\u0161ka spletna trgovina AJATUTAJA\",\"publisher\":{\"@id\":\"https:\\\/\\\/ajatutaja.com\\\/#organization\"},\"potentialAction\":[{\"@type\":\"SearchAction\",\"target\":{\"@type\":\"EntryPoint\",\"urlTemplate\":\"https:\\\/\\\/ajatutaja.com\\\/?s={search_term_string}\"},\"query-input\":{\"@type\":\"PropertyValueSpecification\",\"valueRequired\":true,\"valueName\":\"search_term_string\"}}],\"inLanguage\":\"hr\"},{\"@type\":\"Organization\",\"@id\":\"https:\\\/\\\/ajatutaja.com\\\/#organization\",\"name\":\"Ajatutaja\",\"url\":\"https:\\\/\\\/ajatutaja.com\\\/\",\"logo\":{\"@type\":\"ImageObject\",\"inLanguage\":\"hr\",\"@id\":\"https:\\\/\\\/ajatutaja.com\\\/#\\\/schema\\\/logo\\\/image\\\/\",\"url\":\"https:\\\/\\\/ajatutaja.com\\\/wp-content\\\/uploads\\\/2021\\\/10\\\/logo.png\",\"contentUrl\":\"https:\\\/\\\/ajatutaja.com\\\/wp-content\\\/uploads\\\/2021\\\/10\\\/logo.png\",\"width\":555,\"height\":150,\"caption\":\"Ajatutaja\"},\"image\":{\"@id\":\"https:\\\/\\\/ajatutaja.com\\\/#\\\/schema\\\/logo\\\/image\\\/\"}}]}<\/script>\n<!-- \/ Yoast SEO plugin. -->","yoast_head_json":{"title":"Leseno letalo s pilotom Little Dutch | Ajatutaja","description":"Naj domi\u0161ljija va\u0161ega otroka poleti v vi\u0161ine s \u010dudovito izdelanim lesenim letalom Little Dutch. Odstranljiva figura pilot je zdru\u017eljiva z drugimi igralnimi kompleti v hi\u0161i za pun\u010dke, prikolici in \u0161olskemu avtobusu.","robots":{"index":"index","follow":"follow","max-snippet":"max-snippet:-1","max-image-preview":"max-image-preview:large","max-video-preview":"max-video-preview:-1"},"canonical":"https:\/\/ajatutaja.com\/izdelek\/leseno-letalo-s-pilotom-little-dutch\/","og_locale":"hr_HR","og_type":"article","og_title":"Leseno letalo s pilotom Little Dutch | Ajatutaja","og_description":"Naj domi\u0161ljija va\u0161ega otroka poleti v vi\u0161ine s \u010dudovito izdelanim lesenim letalom Little Dutch. Odstranljiva figura pilot je zdru\u017eljiva z drugimi igralnimi kompleti v hi\u0161i za pun\u010dke, prikolici in \u0161olskemu avtobusu.","og_url":"https:\/\/ajatutaja.com\/izdelek\/leseno-letalo-s-pilotom-little-dutch\/","og_site_name":"Ajatutaja","article_modified_time":"2026-03-12T13:42:03+00:00","og_image":[{"width":1000,"height":1000,"url":"https:\/\/ajatutaja.com\/wp-content\/uploads\/2024\/07\/Little-dutch-lesena-igraca-letalo-ajatutaja-1.webp","type":"image\/webp"}],"twitter_card":"summary_large_image","twitter_misc":{"Procijenjeno vrijeme \u010ditanja":"1 minuta"},"schema":{"@context":"https:\/\/schema.org","@graph":[{"@type":"WebPage","@id":"https:\/\/ajatutaja.com\/izdelek\/leseno-letalo-s-pilotom-little-dutch\/","url":"https:\/\/ajatutaja.com\/izdelek\/leseno-letalo-s-pilotom-little-dutch\/","name":"Leseno letalo s pilotom Little Dutch | Ajatutaja","isPartOf":{"@id":"https:\/\/ajatutaja.com\/#website"},"primaryImageOfPage":{"@id":"https:\/\/ajatutaja.com\/izdelek\/leseno-letalo-s-pilotom-little-dutch\/#primaryimage"},"image":{"@id":"https:\/\/ajatutaja.com\/izdelek\/leseno-letalo-s-pilotom-little-dutch\/#primaryimage"},"thumbnailUrl":"https:\/\/ajatutaja.com\/wp-content\/uploads\/2024\/07\/Little-dutch-lesena-igraca-letalo-ajatutaja-1.webp","datePublished":"2024-07-31T12:12:26+00:00","dateModified":"2026-03-12T13:42:03+00:00","description":"Naj domi\u0161ljija va\u0161ega otroka poleti v vi\u0161ine s \u010dudovito izdelanim lesenim letalom Little Dutch. Odstranljiva figura pilot je zdru\u017eljiva z drugimi igralnimi kompleti v hi\u0161i za pun\u010dke, prikolici in \u0161olskemu avtobusu.","breadcrumb":{"@id":"https:\/\/ajatutaja.com\/izdelek\/leseno-letalo-s-pilotom-little-dutch\/#breadcrumb"},"inLanguage":"hr","potentialAction":[{"@type":"ReadAction","target":["https:\/\/ajatutaja.com\/izdelek\/leseno-letalo-s-pilotom-little-dutch\/"]}]},{"@type":"ImageObject","inLanguage":"hr","@id":"https:\/\/ajatutaja.com\/izdelek\/leseno-letalo-s-pilotom-little-dutch\/#primaryimage","url":"https:\/\/ajatutaja.com\/wp-content\/uploads\/2024\/07\/Little-dutch-lesena-igraca-letalo-ajatutaja-1.webp","contentUrl":"https:\/\/ajatutaja.com\/wp-content\/uploads\/2024\/07\/Little-dutch-lesena-igraca-letalo-ajatutaja-1.webp","width":1000,"height":1000},{"@type":"BreadcrumbList","@id":"https:\/\/ajatutaja.com\/izdelek\/leseno-letalo-s-pilotom-little-dutch\/#breadcrumb","itemListElement":[{"@type":"ListItem","position":1,"name":"Home","item":"https:\/\/ajatutaja.com\/hr\/"},{"@type":"ListItem","position":2,"name":"Trgovina","item":"https:\/\/ajatutaja.com\/hr\/trgovina\/"},{"@type":"ListItem","position":3,"name":"Leseno letalo s pilotom Little Dutch"}]},{"@type":"WebSite","@id":"https:\/\/ajatutaja.com\/#website","url":"https:\/\/ajatutaja.com\/","name":"Ajatutaja","description":"Otro\u0161ka spletna trgovina AJATUTAJA","publisher":{"@id":"https:\/\/ajatutaja.com\/#organization"},"potentialAction":[{"@type":"SearchAction","target":{"@type":"EntryPoint","urlTemplate":"https:\/\/ajatutaja.com\/?s={search_term_string}"},"query-input":{"@type":"PropertyValueSpecification","valueRequired":true,"valueName":"search_term_string"}}],"inLanguage":"hr"},{"@type":"Organization","@id":"https:\/\/ajatutaja.com\/#organization","name":"Ajatutaja","url":"https:\/\/ajatutaja.com\/","logo":{"@type":"ImageObject","inLanguage":"hr","@id":"https:\/\/ajatutaja.com\/#\/schema\/logo\/image\/","url":"https:\/\/ajatutaja.com\/wp-content\/uploads\/2021\/10\/logo.png","contentUrl":"https:\/\/ajatutaja.com\/wp-content\/uploads\/2021\/10\/logo.png","width":555,"height":150,"caption":"Ajatutaja"},"image":{"@id":"https:\/\/ajatutaja.com\/#\/schema\/logo\/image\/"}}]}},"brands":[{"id":2452,"name":"Igranje","slug":"igranje"},{"id":2457,"name":"Little Dutch","slug":"little-dutch-igra"}],"_links":{"self":[{"href":"https:\/\/ajatutaja.com\/hr\/wp-json\/wp\/v2\/product\/66524","targetHints":{"allow":["GET"]}}],"collection":[{"href":"https:\/\/ajatutaja.com\/hr\/wp-json\/wp\/v2\/product"}],"about":[{"href":"https:\/\/ajatutaja.com\/hr\/wp-json\/wp\/v2\/types\/product"}],"wp:featuredmedia":[{"embeddable":true,"href":"https:\/\/ajatutaja.com\/hr\/wp-json\/wp\/v2\/media\/66525"}],"wp:attachment":[{"href":"https:\/\/ajatutaja.com\/hr\/wp-json\/wp\/v2\/media?parent=66524"}],"wp:term":[{"taxonomy":"pwb-brand","embeddable":true,"href":"https:\/\/ajatutaja.com\/hr\/wp-json\/wp\/v2\/pwb-brand?post=66524"},{"taxonomy":"product_brand","embeddable":true,"href":"https:\/\/ajatutaja.com\/hr\/wp-json\/wp\/v2\/product_brand?post=66524"},{"taxonomy":"product_cat","embeddable":true,"href":"https:\/\/ajatutaja.com\/hr\/wp-json\/wp\/v2\/product_cat?post=66524"},{"taxonomy":"product_tag","embeddable":true,"href":"https:\/\/ajatutaja.com\/hr\/wp-json\/wp\/v2\/product_tag?post=66524"}],"curies":[{"name":"wp","href":"https:\/\/api.w.org\/{rel}","templated":true}]}}