{"id":66488,"date":"2024-07-29T15:47:44","date_gmt":"2024-07-29T13:47:44","guid":{"rendered":"https:\/\/ajatutaja.com\/?post_type=product&#038;p=66488"},"modified":"2026-03-12T14:54:56","modified_gmt":"2026-03-12T13:54:56","slug":"effiki-ninica-doudou-organski-bombaz","status":"publish","type":"product","link":"https:\/\/ajatutaja.com\/hr\/proizvod\/effiki-ninica-doudou-organski-bombaz\/","title":{"rendered":"Effiki ninica DOUDOU (Organski bomba\u017e)"},"content":{"rendered":"<p>[vc_row][vc_column][vc_column_text]<\/p>\n<div class=\"product-content product-tab-0 product-content-current\">\n<h4 style=\"text-align: justify\">Lastnosti Effiki ninice DouDou:<\/h4>\n<ul>\n<li style=\"text-align: justify\">Material: 100% organski bomba\u017e \/ Polnilo: 100% PES (Poliesterska vlakna)<\/li>\n<li>Dimenzije: 30x50cm<\/li>\n<li><span lang=\"sl\">CE in EN-71 certifikat &#8211; izdelek varen za otroke od prvih dni \u017eivljenja<\/span><\/li>\n<li><span lang=\"sl\">OEKO-TEX certifikat<\/span><\/li>\n<li style=\"text-align: justify\">Izdelano v EU<\/li>\n<li style=\"text-align: justify\">Vzdr\u017eevanje: ro\u010dno pranje in su\u0161enje na zraku<\/li>\n<li style=\"text-align: justify\">Barve: siva, be\u017e in bela<\/li>\n<\/ul>\n<p>Prikupen zaj\u010dek Effiki BUNNY je v celoti izdelan v EU iz najbolj\u0161ih materialov prijaznim okolju in va\u0161emu otroku. Obo\u017eujejo ga tudi odrasli! Effiki DOUDOU bo z va\u0161im mal\u010dkom bo spal, potoval in se igral. Igra\u010dka ima mednarodni certifikat CE, zato je tudi varen za dojen\u010dke.<\/p>\n<\/div>\n<p>[\/vc_column_text][\/vc_column][\/vc_row]<\/p>\n","protected":false},"excerpt":{"rendered":"<p style=\"text-align: justify\">Effiki ninica DOUDOU je tako mehka in ljubka, da\u00a0 bo v hipu postala najbolj\u0161i prijatelj va\u0161ega novorojen\u010dka. Pletenina iz najkakovostnej\u0161ega organskega bomba\u017ea, ne\u017enega in prijetnega na dotik, prijaznega do ne\u017ene otro\u0161ke ko\u017ee. Idealno kot darilo ob rojstvu, nepogre\u0161ljiv dodatek za vsako otro\u0161ko sobico in lepo darilo za nose\u010dnico ob Baby shower zabavi.<\/p>\n<p style=\"text-align: justify\">\n","protected":false},"featured_media":66498,"template":"","meta":[],"pwb-brand":[2462,2452],"product_brand":[],"product_cat":[3986,2710,2716,2711,5064,2605,2439],"product_tag":[4149,4152],"class_list":{"0":"post-66488","1":"product","2":"type-product","3":"status-publish","4":"has-post-thumbnail","6":"pwb-brand-effiki","7":"pwb-brand-igranje","8":"product_cat-novorojencek-igrace","9":"product_cat-babyshower-darila","10":"product_cat-darilo-do-30e","11":"product_cat-darilo-ob-rojstvu","12":"product_cat-mehke-in-plisaste-igrace","13":"product_cat-ninice","14":"product_cat-ninice-za-dojencke","15":"product_tag-effiki","16":"product_tag-effiki-zajcek","18":"first","19":"instock","20":"taxable","21":"shipping-taxable","22":"purchasable","23":"product-type-simple","24":"add-to-wishlist-before_image"},"yoast_head":"<!-- This site is optimized with the Yoast SEO plugin v27.3 - https:\/\/yoast.com\/product\/yoast-seo-wordpress\/ -->\n<title>Effiki ninica DOUDOU (Organski bomba\u017e) | Ajatutaja<\/title>\n<meta name=\"description\" content=\"Effiki ninica DOUDOU je tako mehka in ljubka, da\u00a0 bo v hipu postala najbolj\u0161i prijatelj va\u0161ega novorojen\u010dka.\" \/>\n<meta name=\"robots\" content=\"index, follow, max-snippet:-1, max-image-preview:large, max-video-preview:-1\" \/>\n<link rel=\"canonical\" href=\"https:\/\/ajatutaja.com\/izdelek\/effiki-ninica-doudou-organski-bombaz\/\" \/>\n<meta property=\"og:locale\" content=\"hr_HR\" \/>\n<meta property=\"og:type\" content=\"article\" \/>\n<meta property=\"og:title\" content=\"Effiki ninica DOUDOU (Organski bomba\u017e) | Ajatutaja\" \/>\n<meta property=\"og:description\" content=\"Effiki ninica DOUDOU je tako mehka in ljubka, da\u00a0 bo v hipu postala najbolj\u0161i prijatelj va\u0161ega novorojen\u010dka.\" \/>\n<meta property=\"og:url\" content=\"https:\/\/ajatutaja.com\/izdelek\/effiki-ninica-doudou-organski-bombaz\/\" \/>\n<meta property=\"og:site_name\" content=\"Ajatutaja\" \/>\n<meta property=\"article:modified_time\" content=\"2026-03-12T13:54:56+00:00\" \/>\n<meta property=\"og:image\" content=\"https:\/\/ajatutaja.com\/wp-content\/uploads\/2024\/07\/Effiki-ninica-doudou-zajcek-organski-bombaz-grey.webp\" \/>\n\t<meta property=\"og:image:width\" content=\"1080\" \/>\n\t<meta property=\"og:image:height\" content=\"1080\" \/>\n\t<meta property=\"og:image:type\" content=\"image\/webp\" \/>\n<meta name=\"twitter:card\" content=\"summary_large_image\" \/>\n<meta name=\"twitter:label1\" content=\"Procijenjeno vrijeme \u010ditanja\" \/>\n\t<meta name=\"twitter:data1\" content=\"1 minuta\" \/>\n<script type=\"application\/ld+json\" class=\"yoast-schema-graph\">{\"@context\":\"https:\\\/\\\/schema.org\",\"@graph\":[{\"@type\":\"WebPage\",\"@id\":\"https:\\\/\\\/ajatutaja.com\\\/izdelek\\\/effiki-ninica-doudou-organski-bombaz\\\/\",\"url\":\"https:\\\/\\\/ajatutaja.com\\\/izdelek\\\/effiki-ninica-doudou-organski-bombaz\\\/\",\"name\":\"Effiki ninica DOUDOU (Organski bomba\u017e) | Ajatutaja\",\"isPartOf\":{\"@id\":\"https:\\\/\\\/ajatutaja.com\\\/#website\"},\"primaryImageOfPage\":{\"@id\":\"https:\\\/\\\/ajatutaja.com\\\/izdelek\\\/effiki-ninica-doudou-organski-bombaz\\\/#primaryimage\"},\"image\":{\"@id\":\"https:\\\/\\\/ajatutaja.com\\\/izdelek\\\/effiki-ninica-doudou-organski-bombaz\\\/#primaryimage\"},\"thumbnailUrl\":\"https:\\\/\\\/ajatutaja.com\\\/wp-content\\\/uploads\\\/2024\\\/07\\\/Effiki-ninica-doudou-zajcek-organski-bombaz-grey.webp\",\"datePublished\":\"2024-07-29T13:47:44+00:00\",\"dateModified\":\"2026-03-12T13:54:56+00:00\",\"description\":\"Effiki ninica DOUDOU je tako mehka in ljubka, da\u00a0 bo v hipu postala najbolj\u0161i prijatelj va\u0161ega novorojen\u010dka.\",\"breadcrumb\":{\"@id\":\"https:\\\/\\\/ajatutaja.com\\\/izdelek\\\/effiki-ninica-doudou-organski-bombaz\\\/#breadcrumb\"},\"inLanguage\":\"hr\",\"potentialAction\":[{\"@type\":\"ReadAction\",\"target\":[\"https:\\\/\\\/ajatutaja.com\\\/izdelek\\\/effiki-ninica-doudou-organski-bombaz\\\/\"]}]},{\"@type\":\"ImageObject\",\"inLanguage\":\"hr\",\"@id\":\"https:\\\/\\\/ajatutaja.com\\\/izdelek\\\/effiki-ninica-doudou-organski-bombaz\\\/#primaryimage\",\"url\":\"https:\\\/\\\/ajatutaja.com\\\/wp-content\\\/uploads\\\/2024\\\/07\\\/Effiki-ninica-doudou-zajcek-organski-bombaz-grey.webp\",\"contentUrl\":\"https:\\\/\\\/ajatutaja.com\\\/wp-content\\\/uploads\\\/2024\\\/07\\\/Effiki-ninica-doudou-zajcek-organski-bombaz-grey.webp\",\"width\":1080,\"height\":1080},{\"@type\":\"BreadcrumbList\",\"@id\":\"https:\\\/\\\/ajatutaja.com\\\/izdelek\\\/effiki-ninica-doudou-organski-bombaz\\\/#breadcrumb\",\"itemListElement\":[{\"@type\":\"ListItem\",\"position\":1,\"name\":\"Home\",\"item\":\"https:\\\/\\\/ajatutaja.com\\\/hr\\\/\"},{\"@type\":\"ListItem\",\"position\":2,\"name\":\"Trgovina\",\"item\":\"https:\\\/\\\/ajatutaja.com\\\/hr\\\/trgovina\\\/\"},{\"@type\":\"ListItem\",\"position\":3,\"name\":\"Effiki ninica DOUDOU (Organski bomba\u017e)\"}]},{\"@type\":\"WebSite\",\"@id\":\"https:\\\/\\\/ajatutaja.com\\\/#website\",\"url\":\"https:\\\/\\\/ajatutaja.com\\\/\",\"name\":\"Ajatutaja\",\"description\":\"Otro\u0161ka spletna trgovina AJATUTAJA\",\"publisher\":{\"@id\":\"https:\\\/\\\/ajatutaja.com\\\/#organization\"},\"potentialAction\":[{\"@type\":\"SearchAction\",\"target\":{\"@type\":\"EntryPoint\",\"urlTemplate\":\"https:\\\/\\\/ajatutaja.com\\\/?s={search_term_string}\"},\"query-input\":{\"@type\":\"PropertyValueSpecification\",\"valueRequired\":true,\"valueName\":\"search_term_string\"}}],\"inLanguage\":\"hr\"},{\"@type\":\"Organization\",\"@id\":\"https:\\\/\\\/ajatutaja.com\\\/#organization\",\"name\":\"Ajatutaja\",\"url\":\"https:\\\/\\\/ajatutaja.com\\\/\",\"logo\":{\"@type\":\"ImageObject\",\"inLanguage\":\"hr\",\"@id\":\"https:\\\/\\\/ajatutaja.com\\\/#\\\/schema\\\/logo\\\/image\\\/\",\"url\":\"https:\\\/\\\/ajatutaja.com\\\/wp-content\\\/uploads\\\/2021\\\/10\\\/logo.png\",\"contentUrl\":\"https:\\\/\\\/ajatutaja.com\\\/wp-content\\\/uploads\\\/2021\\\/10\\\/logo.png\",\"width\":555,\"height\":150,\"caption\":\"Ajatutaja\"},\"image\":{\"@id\":\"https:\\\/\\\/ajatutaja.com\\\/#\\\/schema\\\/logo\\\/image\\\/\"}}]}<\/script>\n<!-- \/ Yoast SEO plugin. -->","yoast_head_json":{"title":"Effiki ninica DOUDOU (Organski bomba\u017e) | Ajatutaja","description":"Effiki ninica DOUDOU je tako mehka in ljubka, da\u00a0 bo v hipu postala najbolj\u0161i prijatelj va\u0161ega novorojen\u010dka.","robots":{"index":"index","follow":"follow","max-snippet":"max-snippet:-1","max-image-preview":"max-image-preview:large","max-video-preview":"max-video-preview:-1"},"canonical":"https:\/\/ajatutaja.com\/izdelek\/effiki-ninica-doudou-organski-bombaz\/","og_locale":"hr_HR","og_type":"article","og_title":"Effiki ninica DOUDOU (Organski bomba\u017e) | Ajatutaja","og_description":"Effiki ninica DOUDOU je tako mehka in ljubka, da\u00a0 bo v hipu postala najbolj\u0161i prijatelj va\u0161ega novorojen\u010dka.","og_url":"https:\/\/ajatutaja.com\/izdelek\/effiki-ninica-doudou-organski-bombaz\/","og_site_name":"Ajatutaja","article_modified_time":"2026-03-12T13:54:56+00:00","og_image":[{"width":1080,"height":1080,"url":"https:\/\/ajatutaja.com\/wp-content\/uploads\/2024\/07\/Effiki-ninica-doudou-zajcek-organski-bombaz-grey.webp","type":"image\/webp"}],"twitter_card":"summary_large_image","twitter_misc":{"Procijenjeno vrijeme \u010ditanja":"1 minuta"},"schema":{"@context":"https:\/\/schema.org","@graph":[{"@type":"WebPage","@id":"https:\/\/ajatutaja.com\/izdelek\/effiki-ninica-doudou-organski-bombaz\/","url":"https:\/\/ajatutaja.com\/izdelek\/effiki-ninica-doudou-organski-bombaz\/","name":"Effiki ninica DOUDOU (Organski bomba\u017e) | Ajatutaja","isPartOf":{"@id":"https:\/\/ajatutaja.com\/#website"},"primaryImageOfPage":{"@id":"https:\/\/ajatutaja.com\/izdelek\/effiki-ninica-doudou-organski-bombaz\/#primaryimage"},"image":{"@id":"https:\/\/ajatutaja.com\/izdelek\/effiki-ninica-doudou-organski-bombaz\/#primaryimage"},"thumbnailUrl":"https:\/\/ajatutaja.com\/wp-content\/uploads\/2024\/07\/Effiki-ninica-doudou-zajcek-organski-bombaz-grey.webp","datePublished":"2024-07-29T13:47:44+00:00","dateModified":"2026-03-12T13:54:56+00:00","description":"Effiki ninica DOUDOU je tako mehka in ljubka, da\u00a0 bo v hipu postala najbolj\u0161i prijatelj va\u0161ega novorojen\u010dka.","breadcrumb":{"@id":"https:\/\/ajatutaja.com\/izdelek\/effiki-ninica-doudou-organski-bombaz\/#breadcrumb"},"inLanguage":"hr","potentialAction":[{"@type":"ReadAction","target":["https:\/\/ajatutaja.com\/izdelek\/effiki-ninica-doudou-organski-bombaz\/"]}]},{"@type":"ImageObject","inLanguage":"hr","@id":"https:\/\/ajatutaja.com\/izdelek\/effiki-ninica-doudou-organski-bombaz\/#primaryimage","url":"https:\/\/ajatutaja.com\/wp-content\/uploads\/2024\/07\/Effiki-ninica-doudou-zajcek-organski-bombaz-grey.webp","contentUrl":"https:\/\/ajatutaja.com\/wp-content\/uploads\/2024\/07\/Effiki-ninica-doudou-zajcek-organski-bombaz-grey.webp","width":1080,"height":1080},{"@type":"BreadcrumbList","@id":"https:\/\/ajatutaja.com\/izdelek\/effiki-ninica-doudou-organski-bombaz\/#breadcrumb","itemListElement":[{"@type":"ListItem","position":1,"name":"Home","item":"https:\/\/ajatutaja.com\/hr\/"},{"@type":"ListItem","position":2,"name":"Trgovina","item":"https:\/\/ajatutaja.com\/hr\/trgovina\/"},{"@type":"ListItem","position":3,"name":"Effiki ninica DOUDOU (Organski bomba\u017e)"}]},{"@type":"WebSite","@id":"https:\/\/ajatutaja.com\/#website","url":"https:\/\/ajatutaja.com\/","name":"Ajatutaja","description":"Otro\u0161ka spletna trgovina AJATUTAJA","publisher":{"@id":"https:\/\/ajatutaja.com\/#organization"},"potentialAction":[{"@type":"SearchAction","target":{"@type":"EntryPoint","urlTemplate":"https:\/\/ajatutaja.com\/?s={search_term_string}"},"query-input":{"@type":"PropertyValueSpecification","valueRequired":true,"valueName":"search_term_string"}}],"inLanguage":"hr"},{"@type":"Organization","@id":"https:\/\/ajatutaja.com\/#organization","name":"Ajatutaja","url":"https:\/\/ajatutaja.com\/","logo":{"@type":"ImageObject","inLanguage":"hr","@id":"https:\/\/ajatutaja.com\/#\/schema\/logo\/image\/","url":"https:\/\/ajatutaja.com\/wp-content\/uploads\/2021\/10\/logo.png","contentUrl":"https:\/\/ajatutaja.com\/wp-content\/uploads\/2021\/10\/logo.png","width":555,"height":150,"caption":"Ajatutaja"},"image":{"@id":"https:\/\/ajatutaja.com\/#\/schema\/logo\/image\/"}}]}},"brands":[{"id":2462,"name":"Effiki","slug":"effiki"},{"id":2452,"name":"Igranje","slug":"igranje"}],"_links":{"self":[{"href":"https:\/\/ajatutaja.com\/hr\/wp-json\/wp\/v2\/product\/66488","targetHints":{"allow":["GET"]}}],"collection":[{"href":"https:\/\/ajatutaja.com\/hr\/wp-json\/wp\/v2\/product"}],"about":[{"href":"https:\/\/ajatutaja.com\/hr\/wp-json\/wp\/v2\/types\/product"}],"wp:featuredmedia":[{"embeddable":true,"href":"https:\/\/ajatutaja.com\/hr\/wp-json\/wp\/v2\/media\/66498"}],"wp:attachment":[{"href":"https:\/\/ajatutaja.com\/hr\/wp-json\/wp\/v2\/media?parent=66488"}],"wp:term":[{"taxonomy":"pwb-brand","embeddable":true,"href":"https:\/\/ajatutaja.com\/hr\/wp-json\/wp\/v2\/pwb-brand?post=66488"},{"taxonomy":"product_brand","embeddable":true,"href":"https:\/\/ajatutaja.com\/hr\/wp-json\/wp\/v2\/product_brand?post=66488"},{"taxonomy":"product_cat","embeddable":true,"href":"https:\/\/ajatutaja.com\/hr\/wp-json\/wp\/v2\/product_cat?post=66488"},{"taxonomy":"product_tag","embeddable":true,"href":"https:\/\/ajatutaja.com\/hr\/wp-json\/wp\/v2\/product_tag?post=66488"}],"curies":[{"name":"wp","href":"https:\/\/api.w.org\/{rel}","templated":true}]}}