{"id":66472,"date":"2024-07-28T21:31:50","date_gmt":"2024-07-28T19:31:50","guid":{"rendered":"https:\/\/ajatutaja.com\/?post_type=product&#038;p=66472"},"modified":"2026-03-04T19:39:05","modified_gmt":"2026-03-04T18:39:05","slug":"goki-lesena-zvocna-ropotuljica","status":"publish","type":"product","link":"https:\/\/ajatutaja.com\/hr\/proizvod\/goki-lesena-zvocna-ropotuljica\/","title":{"rendered":"Lesena zvo\u010dna ropotuljica GOKI"},"content":{"rendered":"<p>[vc_row][vc_column][vc_column_text]<\/p>\n<h4>Lastnosti igra\u010de Goki:<\/h4>\n<ul>\n<li style=\"text-align: justify\">Dimenzije: 5.7 x 5.7 x 5.7 cm<\/li>\n<li>Material: Les<\/li>\n<li>Primerbo za otroke 3 mesece+<\/li>\n<li style=\"text-align: justify\">Proizvedeno v Nem\u010diji.<\/li>\n<li style=\"text-align: justify\">\u010ci\u0161\u010denje z vla\u017eno in mehko krpo. Prepovedana uporaba ostra \u010distila in druga dezinfekcijska sredstva.<\/li>\n<\/ul>\n<p>[\/vc_column_text][\/vc_column][\/vc_row]<\/p>\n","protected":false},"excerpt":{"rendered":"<p>Lesena zvo\u010dna ropotuljica GOKI iz javorjevega in bukovega lesa, je nepogre\u0161ljiva za male otro\u0161ke ro\u010dice. Barvita, elasti\u010dna oprijemalna igra\u010da v obliki kocke s premi\u010dnim lesenim obro\u010dkom in zvon\u010dkom vabi k odkrivanju vseh \u010dutov.<\/p>\n","protected":false},"featured_media":66473,"template":"","meta":[],"pwb-brand":[2456,2452],"product_brand":[],"product_cat":[3987,2443],"product_tag":[4180],"class_list":{"0":"post-66472","1":"product","2":"type-product","3":"status-publish","4":"has-post-thumbnail","6":"pwb-brand-goki","7":"pwb-brand-igranje","8":"product_cat-3-mesece-igrace","9":"product_cat-lesene-igrace","10":"product_tag-goki","12":"first","13":"instock","14":"taxable","15":"shipping-taxable","16":"purchasable","17":"product-type-simple","18":"add-to-wishlist-before_image"},"yoast_head":"<!-- This site is optimized with the Yoast SEO plugin v27.3 - https:\/\/yoast.com\/product\/yoast-seo-wordpress\/ -->\n<title>Lesena zvo\u010dna ropotuljica GOKI | Ajatutaja<\/title>\n<meta name=\"description\" content=\"Lesena zvo\u010dna ropotuljica GOKI je iz javorjevega in bukovega lesa je nepogre\u0161ljiva za male otro\u0161ke ro\u010dice. Barvita, elasti\u010dna oprijemalna igra\u010da v obliki kocke s premi\u010dnim lesenim obro\u010dkom in zvon\u010dkom vabi k odkrivanju vseh \u010dutov.\" \/>\n<meta name=\"robots\" content=\"index, follow, max-snippet:-1, max-image-preview:large, max-video-preview:-1\" \/>\n<link rel=\"canonical\" href=\"https:\/\/ajatutaja.com\/izdelek\/goki-lesena-zvocna-ropotuljica\/\" \/>\n<meta property=\"og:locale\" content=\"hr_HR\" \/>\n<meta property=\"og:type\" content=\"article\" \/>\n<meta property=\"og:title\" content=\"Lesena zvo\u010dna ropotuljica GOKI | Ajatutaja\" \/>\n<meta property=\"og:description\" content=\"Lesena zvo\u010dna ropotuljica GOKI je iz javorjevega in bukovega lesa je nepogre\u0161ljiva za male otro\u0161ke ro\u010dice. Barvita, elasti\u010dna oprijemalna igra\u010da v obliki kocke s premi\u010dnim lesenim obro\u010dkom in zvon\u010dkom vabi k odkrivanju vseh \u010dutov.\" \/>\n<meta property=\"og:url\" content=\"https:\/\/ajatutaja.com\/izdelek\/goki-lesena-zvocna-ropotuljica\/\" \/>\n<meta property=\"og:site_name\" content=\"Ajatutaja\" \/>\n<meta property=\"article:modified_time\" content=\"2026-03-04T18:39:05+00:00\" \/>\n<meta property=\"og:image\" content=\"https:\/\/ajatutaja.com\/wp-content\/uploads\/2024\/07\/65194_s.jpg\" \/>\n\t<meta property=\"og:image:width\" content=\"600\" \/>\n\t<meta property=\"og:image:height\" content=\"600\" \/>\n\t<meta property=\"og:image:type\" content=\"image\/jpeg\" \/>\n<meta name=\"twitter:card\" content=\"summary_large_image\" \/>\n<script type=\"application\/ld+json\" class=\"yoast-schema-graph\">{\"@context\":\"https:\\\/\\\/schema.org\",\"@graph\":[{\"@type\":\"WebPage\",\"@id\":\"https:\\\/\\\/ajatutaja.com\\\/izdelek\\\/goki-lesena-zvocna-ropotuljica\\\/\",\"url\":\"https:\\\/\\\/ajatutaja.com\\\/izdelek\\\/goki-lesena-zvocna-ropotuljica\\\/\",\"name\":\"Lesena zvo\u010dna ropotuljica GOKI | Ajatutaja\",\"isPartOf\":{\"@id\":\"https:\\\/\\\/ajatutaja.com\\\/#website\"},\"primaryImageOfPage\":{\"@id\":\"https:\\\/\\\/ajatutaja.com\\\/izdelek\\\/goki-lesena-zvocna-ropotuljica\\\/#primaryimage\"},\"image\":{\"@id\":\"https:\\\/\\\/ajatutaja.com\\\/izdelek\\\/goki-lesena-zvocna-ropotuljica\\\/#primaryimage\"},\"thumbnailUrl\":\"https:\\\/\\\/ajatutaja.com\\\/wp-content\\\/uploads\\\/2024\\\/07\\\/65194_s.jpg\",\"datePublished\":\"2024-07-28T19:31:50+00:00\",\"dateModified\":\"2026-03-04T18:39:05+00:00\",\"description\":\"Lesena zvo\u010dna ropotuljica GOKI je iz javorjevega in bukovega lesa je nepogre\u0161ljiva za male otro\u0161ke ro\u010dice. Barvita, elasti\u010dna oprijemalna igra\u010da v obliki kocke s premi\u010dnim lesenim obro\u010dkom in zvon\u010dkom vabi k odkrivanju vseh \u010dutov.\",\"breadcrumb\":{\"@id\":\"https:\\\/\\\/ajatutaja.com\\\/izdelek\\\/goki-lesena-zvocna-ropotuljica\\\/#breadcrumb\"},\"inLanguage\":\"hr\",\"potentialAction\":[{\"@type\":\"ReadAction\",\"target\":[\"https:\\\/\\\/ajatutaja.com\\\/izdelek\\\/goki-lesena-zvocna-ropotuljica\\\/\"]}]},{\"@type\":\"ImageObject\",\"inLanguage\":\"hr\",\"@id\":\"https:\\\/\\\/ajatutaja.com\\\/izdelek\\\/goki-lesena-zvocna-ropotuljica\\\/#primaryimage\",\"url\":\"https:\\\/\\\/ajatutaja.com\\\/wp-content\\\/uploads\\\/2024\\\/07\\\/65194_s.jpg\",\"contentUrl\":\"https:\\\/\\\/ajatutaja.com\\\/wp-content\\\/uploads\\\/2024\\\/07\\\/65194_s.jpg\",\"width\":600,\"height\":600},{\"@type\":\"BreadcrumbList\",\"@id\":\"https:\\\/\\\/ajatutaja.com\\\/izdelek\\\/goki-lesena-zvocna-ropotuljica\\\/#breadcrumb\",\"itemListElement\":[{\"@type\":\"ListItem\",\"position\":1,\"name\":\"Home\",\"item\":\"https:\\\/\\\/ajatutaja.com\\\/hr\\\/\"},{\"@type\":\"ListItem\",\"position\":2,\"name\":\"Trgovina\",\"item\":\"https:\\\/\\\/ajatutaja.com\\\/hr\\\/trgovina\\\/\"},{\"@type\":\"ListItem\",\"position\":3,\"name\":\"Lesena zvo\u010dna ropotuljica GOKI\"}]},{\"@type\":\"WebSite\",\"@id\":\"https:\\\/\\\/ajatutaja.com\\\/#website\",\"url\":\"https:\\\/\\\/ajatutaja.com\\\/\",\"name\":\"Ajatutaja\",\"description\":\"Otro\u0161ka spletna trgovina AJATUTAJA\",\"publisher\":{\"@id\":\"https:\\\/\\\/ajatutaja.com\\\/#organization\"},\"potentialAction\":[{\"@type\":\"SearchAction\",\"target\":{\"@type\":\"EntryPoint\",\"urlTemplate\":\"https:\\\/\\\/ajatutaja.com\\\/?s={search_term_string}\"},\"query-input\":{\"@type\":\"PropertyValueSpecification\",\"valueRequired\":true,\"valueName\":\"search_term_string\"}}],\"inLanguage\":\"hr\"},{\"@type\":\"Organization\",\"@id\":\"https:\\\/\\\/ajatutaja.com\\\/#organization\",\"name\":\"Ajatutaja\",\"url\":\"https:\\\/\\\/ajatutaja.com\\\/\",\"logo\":{\"@type\":\"ImageObject\",\"inLanguage\":\"hr\",\"@id\":\"https:\\\/\\\/ajatutaja.com\\\/#\\\/schema\\\/logo\\\/image\\\/\",\"url\":\"https:\\\/\\\/ajatutaja.com\\\/wp-content\\\/uploads\\\/2021\\\/10\\\/logo.png\",\"contentUrl\":\"https:\\\/\\\/ajatutaja.com\\\/wp-content\\\/uploads\\\/2021\\\/10\\\/logo.png\",\"width\":555,\"height\":150,\"caption\":\"Ajatutaja\"},\"image\":{\"@id\":\"https:\\\/\\\/ajatutaja.com\\\/#\\\/schema\\\/logo\\\/image\\\/\"}}]}<\/script>\n<!-- \/ Yoast SEO plugin. -->","yoast_head_json":{"title":"Lesena zvo\u010dna ropotuljica GOKI | Ajatutaja","description":"Lesena zvo\u010dna ropotuljica GOKI je iz javorjevega in bukovega lesa je nepogre\u0161ljiva za male otro\u0161ke ro\u010dice. Barvita, elasti\u010dna oprijemalna igra\u010da v obliki kocke s premi\u010dnim lesenim obro\u010dkom in zvon\u010dkom vabi k odkrivanju vseh \u010dutov.","robots":{"index":"index","follow":"follow","max-snippet":"max-snippet:-1","max-image-preview":"max-image-preview:large","max-video-preview":"max-video-preview:-1"},"canonical":"https:\/\/ajatutaja.com\/izdelek\/goki-lesena-zvocna-ropotuljica\/","og_locale":"hr_HR","og_type":"article","og_title":"Lesena zvo\u010dna ropotuljica GOKI | Ajatutaja","og_description":"Lesena zvo\u010dna ropotuljica GOKI je iz javorjevega in bukovega lesa je nepogre\u0161ljiva za male otro\u0161ke ro\u010dice. Barvita, elasti\u010dna oprijemalna igra\u010da v obliki kocke s premi\u010dnim lesenim obro\u010dkom in zvon\u010dkom vabi k odkrivanju vseh \u010dutov.","og_url":"https:\/\/ajatutaja.com\/izdelek\/goki-lesena-zvocna-ropotuljica\/","og_site_name":"Ajatutaja","article_modified_time":"2026-03-04T18:39:05+00:00","og_image":[{"width":600,"height":600,"url":"https:\/\/ajatutaja.com\/wp-content\/uploads\/2024\/07\/65194_s.jpg","type":"image\/jpeg"}],"twitter_card":"summary_large_image","schema":{"@context":"https:\/\/schema.org","@graph":[{"@type":"WebPage","@id":"https:\/\/ajatutaja.com\/izdelek\/goki-lesena-zvocna-ropotuljica\/","url":"https:\/\/ajatutaja.com\/izdelek\/goki-lesena-zvocna-ropotuljica\/","name":"Lesena zvo\u010dna ropotuljica GOKI | Ajatutaja","isPartOf":{"@id":"https:\/\/ajatutaja.com\/#website"},"primaryImageOfPage":{"@id":"https:\/\/ajatutaja.com\/izdelek\/goki-lesena-zvocna-ropotuljica\/#primaryimage"},"image":{"@id":"https:\/\/ajatutaja.com\/izdelek\/goki-lesena-zvocna-ropotuljica\/#primaryimage"},"thumbnailUrl":"https:\/\/ajatutaja.com\/wp-content\/uploads\/2024\/07\/65194_s.jpg","datePublished":"2024-07-28T19:31:50+00:00","dateModified":"2026-03-04T18:39:05+00:00","description":"Lesena zvo\u010dna ropotuljica GOKI je iz javorjevega in bukovega lesa je nepogre\u0161ljiva za male otro\u0161ke ro\u010dice. Barvita, elasti\u010dna oprijemalna igra\u010da v obliki kocke s premi\u010dnim lesenim obro\u010dkom in zvon\u010dkom vabi k odkrivanju vseh \u010dutov.","breadcrumb":{"@id":"https:\/\/ajatutaja.com\/izdelek\/goki-lesena-zvocna-ropotuljica\/#breadcrumb"},"inLanguage":"hr","potentialAction":[{"@type":"ReadAction","target":["https:\/\/ajatutaja.com\/izdelek\/goki-lesena-zvocna-ropotuljica\/"]}]},{"@type":"ImageObject","inLanguage":"hr","@id":"https:\/\/ajatutaja.com\/izdelek\/goki-lesena-zvocna-ropotuljica\/#primaryimage","url":"https:\/\/ajatutaja.com\/wp-content\/uploads\/2024\/07\/65194_s.jpg","contentUrl":"https:\/\/ajatutaja.com\/wp-content\/uploads\/2024\/07\/65194_s.jpg","width":600,"height":600},{"@type":"BreadcrumbList","@id":"https:\/\/ajatutaja.com\/izdelek\/goki-lesena-zvocna-ropotuljica\/#breadcrumb","itemListElement":[{"@type":"ListItem","position":1,"name":"Home","item":"https:\/\/ajatutaja.com\/hr\/"},{"@type":"ListItem","position":2,"name":"Trgovina","item":"https:\/\/ajatutaja.com\/hr\/trgovina\/"},{"@type":"ListItem","position":3,"name":"Lesena zvo\u010dna ropotuljica GOKI"}]},{"@type":"WebSite","@id":"https:\/\/ajatutaja.com\/#website","url":"https:\/\/ajatutaja.com\/","name":"Ajatutaja","description":"Otro\u0161ka spletna trgovina AJATUTAJA","publisher":{"@id":"https:\/\/ajatutaja.com\/#organization"},"potentialAction":[{"@type":"SearchAction","target":{"@type":"EntryPoint","urlTemplate":"https:\/\/ajatutaja.com\/?s={search_term_string}"},"query-input":{"@type":"PropertyValueSpecification","valueRequired":true,"valueName":"search_term_string"}}],"inLanguage":"hr"},{"@type":"Organization","@id":"https:\/\/ajatutaja.com\/#organization","name":"Ajatutaja","url":"https:\/\/ajatutaja.com\/","logo":{"@type":"ImageObject","inLanguage":"hr","@id":"https:\/\/ajatutaja.com\/#\/schema\/logo\/image\/","url":"https:\/\/ajatutaja.com\/wp-content\/uploads\/2021\/10\/logo.png","contentUrl":"https:\/\/ajatutaja.com\/wp-content\/uploads\/2021\/10\/logo.png","width":555,"height":150,"caption":"Ajatutaja"},"image":{"@id":"https:\/\/ajatutaja.com\/#\/schema\/logo\/image\/"}}]}},"brands":[{"id":2456,"name":"Goki","slug":"goki"},{"id":2452,"name":"Igranje","slug":"igranje"}],"_links":{"self":[{"href":"https:\/\/ajatutaja.com\/hr\/wp-json\/wp\/v2\/product\/66472","targetHints":{"allow":["GET"]}}],"collection":[{"href":"https:\/\/ajatutaja.com\/hr\/wp-json\/wp\/v2\/product"}],"about":[{"href":"https:\/\/ajatutaja.com\/hr\/wp-json\/wp\/v2\/types\/product"}],"wp:featuredmedia":[{"embeddable":true,"href":"https:\/\/ajatutaja.com\/hr\/wp-json\/wp\/v2\/media\/66473"}],"wp:attachment":[{"href":"https:\/\/ajatutaja.com\/hr\/wp-json\/wp\/v2\/media?parent=66472"}],"wp:term":[{"taxonomy":"pwb-brand","embeddable":true,"href":"https:\/\/ajatutaja.com\/hr\/wp-json\/wp\/v2\/pwb-brand?post=66472"},{"taxonomy":"product_brand","embeddable":true,"href":"https:\/\/ajatutaja.com\/hr\/wp-json\/wp\/v2\/product_brand?post=66472"},{"taxonomy":"product_cat","embeddable":true,"href":"https:\/\/ajatutaja.com\/hr\/wp-json\/wp\/v2\/product_cat?post=66472"},{"taxonomy":"product_tag","embeddable":true,"href":"https:\/\/ajatutaja.com\/hr\/wp-json\/wp\/v2\/product_tag?post=66472"}],"curies":[{"name":"wp","href":"https:\/\/api.w.org\/{rel}","templated":true}]}}