{"id":66399,"date":"2024-07-24T16:28:36","date_gmt":"2024-07-24T14:28:36","guid":{"rendered":"https:\/\/ajatutaja.com\/?post_type=product&#038;p=66399"},"modified":"2026-04-19T23:47:02","modified_gmt":"2026-04-19T21:47:02","slug":"baby-nova-steklenicka-ozko-grlo-120-ml-mint","status":"publish","type":"product","link":"https:\/\/ajatutaja.com\/hr\/proizvod\/baby-nova-steklenicka-ozko-grlo-120-ml-mint\/","title":{"rendered":"Baby Nova stekleni\u010dka ozko grlo 120 ml &#8211; Mint"},"content":{"rendered":"<p>[vc_row][vc_column][vc_column_text]<\/p>\n<p style=\"text-align: justify\">Baby Nova stekleni\u010dka 125 ml z vzorcem &#8211; za prvo stekleni\u010dko, ki jo uporabljamo pri hranjenju na\u0161ih mal\u010dkov, se ponovno uveljavlja naravni material steklo, ki je trden, prozoren, temperaturno obstojen, enostaven za \u010di\u0161\u010denje in neprepusten za mikroorganizme. Steklo je tudi najbolj primerno za samega otroka in z ekolo\u0161kega vidika za okolje, v katerem \u017eivimo.<\/p>\n<p>Stekleni\u010dke Baby Nova so zelo odporne na prekuhavanje, tudi \u010di\u0161\u010denje v pomivalnem stroju ni problem.\u00a0 S pravilno uporabo in nego so stekleni\u010dke dolgo obstojne in ne prevzemajo nobene vonjave ali razbarvanja zaradi \u010daja ali soka.<\/p>\n<p>Lastnosti stekleni\u010dke Baby Nova:<\/p>\n<ul>\n<li>Uporabljajo se v porodni\u0161nicah po Sloveniji!<\/li>\n<li>Prilo\u017een silikonski cucelj \u00bbUNI\u00ab velikost, s pretokom za \u010daj (S).<\/li>\n<li>Primerno za dojen\u010dke in mal\u010dke v starosti 0-24 mesecev<\/li>\n<li>Anti-Colic cucelj<\/li>\n<li>Ne vsebuje BPA (Bisfenola-A)<\/li>\n<li>Ustreza Evropskemu standardu EN 14350 (10\/20211)<\/li>\n<\/ul>\n<p style=\"text-align: justify\">Steklena stekleni\u010dka Baby Nova je namenjena za hranjene otroka takoj po njegovem rojstvu in je posebej primerna za star\u0161e, ki dajejo velik pomen na higieno. Steklenice so odporne na kuhanje in \u010di\u0161\u010denje v pomivalnem stroju. Steklenice Baby Nova so zelo vzdr\u017eljive in ne absorbirajo vonja ali made\u017eev \u010daja\/mleka\/soka, seveda ob pravilnem vzdr\u017eevanju!<\/p>\n<p><span style=\"color: #999999\"><em><strong>O blagovni znamki BABY-NOVA<\/strong><\/em><\/span><\/p>\n<p style=\"text-align: justify\"><span style=\"color: #999999\"><em>Za izdelki BABY-NOVA stoji nem\u0161ko dru\u017einsko podjetje Novatex GmbH, ki v sodelovanju z zobozdravniki, ortodonti, znanstveniki in star\u0161i \u017ee ve\u010d kot 25 let raziskuje in razvija inovativne re\u0161itve za otro\u0161ko nego in hranjenje. V lasti imajo tovarno v mestu Langenstein v Nem\u010diji.<\/em><\/span><\/p>\n<p style=\"text-align: justify\"><span style=\"color: #999999\"><em>\u0160tevilni izdelki BABY-NOVA so prejemniki ocene \u201codli\u010dno\u201d (Sehr gut), ki jo podeljuje nem\u0161ka revija za potro\u0161nike <span lang=\"SL\"><span lang=\"SL\">\u00d6<\/span>KO<\/span> TEST, duda BABY-NOVA Dentistar pa je prva duda na svetu nagrajena s nazivom \u201czobom prijazna\u201d (Toothfriendly).<\/em><\/span><\/p>\n<p>[\/vc_column_text][\/vc_column][\/vc_row]<\/p>\n","protected":false},"excerpt":{"rendered":"<p style=\"text-align: justify\">Steklena fla\u0161ka z vzorcem 125 ml BABY NOVA\u00a0 je v kompletu z zelo mehkim silikonskim cucljem okrogle oblike (S). Majhna 125 ml stekleni\u010dka je idealna za prvi obrok za zelo majhne otroke in za star\u0161e, ki dajejo velik poudarek na higieno. Cucelj je univerzalne velikosti od 0-24 mesecev.<\/p>\n","protected":false},"featured_media":66395,"template":"","meta":[],"pwb-brand":[2325,2269],"product_brand":[],"product_cat":[2307,2266],"product_tag":[3976,4306],"class_list":{"0":"post-66399","1":"product","2":"type-product","3":"status-publish","4":"has-post-thumbnail","6":"pwb-brand-baby-nova-hranjenje","7":"pwb-brand-hranjenje","8":"product_cat-flaske-in-steklenicke","9":"product_cat-hranjenje","10":"product_tag-baby-nova","11":"product_tag-kaj-potrebujem-za-novorojencka","13":"first","14":"instock","15":"taxable","16":"shipping-taxable","17":"purchasable","18":"product-type-simple","19":"add-to-wishlist-before_image"},"yoast_head":"<!-- This site is optimized with the Yoast SEO plugin v27.3 - https:\/\/yoast.com\/product\/yoast-seo-wordpress\/ -->\n<title>Baby Nova stekleni\u010dka ozko grlo 120 ml - Mint | Ajatutaja<\/title>\n<meta name=\"description\" content=\"Baby Nova stekleni\u010dka z vzorcem 125 ml z zelo mehkim silikonskim cuceljem okrogle oblike za mleko univerzalne velikosti od 0-24 mesecev. Ne vsebuje BPA.\" \/>\n<meta name=\"robots\" content=\"index, follow, max-snippet:-1, max-image-preview:large, max-video-preview:-1\" \/>\n<link rel=\"canonical\" href=\"https:\/\/ajatutaja.com\/izdelek\/baby-nova-steklenicka-ozko-grlo-120-ml-mint\/\" \/>\n<meta property=\"og:locale\" content=\"hr_HR\" \/>\n<meta property=\"og:type\" content=\"article\" \/>\n<meta property=\"og:title\" content=\"Baby Nova stekleni\u010dka ozko grlo 120 ml - Mint | Ajatutaja\" \/>\n<meta property=\"og:description\" content=\"Baby Nova stekleni\u010dka z vzorcem 125 ml z zelo mehkim silikonskim cuceljem okrogle oblike za mleko univerzalne velikosti od 0-24 mesecev. Ne vsebuje BPA.\" \/>\n<meta property=\"og:url\" content=\"https:\/\/ajatutaja.com\/izdelek\/baby-nova-steklenicka-ozko-grlo-120-ml-mint\/\" \/>\n<meta property=\"og:site_name\" content=\"Ajatutaja\" \/>\n<meta property=\"article:modified_time\" content=\"2026-04-19T21:47:02+00:00\" \/>\n<meta property=\"og:image\" content=\"https:\/\/ajatutaja.com\/wp-content\/uploads\/2024\/07\/Baby-nova-steklenicka-ajatutaja-125ml-mint-1.jpg\" \/>\n\t<meta property=\"og:image:width\" content=\"800\" \/>\n\t<meta property=\"og:image:height\" content=\"800\" \/>\n\t<meta property=\"og:image:type\" content=\"image\/jpeg\" \/>\n<meta name=\"twitter:card\" content=\"summary_large_image\" \/>\n<meta name=\"twitter:label1\" content=\"Procijenjeno vrijeme \u010ditanja\" \/>\n\t<meta name=\"twitter:data1\" content=\"2 minute\" \/>\n<script type=\"application\/ld+json\" class=\"yoast-schema-graph\">{\"@context\":\"https:\\\/\\\/schema.org\",\"@graph\":[{\"@type\":\"WebPage\",\"@id\":\"https:\\\/\\\/ajatutaja.com\\\/izdelek\\\/baby-nova-steklenicka-ozko-grlo-120-ml-mint\\\/\",\"url\":\"https:\\\/\\\/ajatutaja.com\\\/izdelek\\\/baby-nova-steklenicka-ozko-grlo-120-ml-mint\\\/\",\"name\":\"Baby Nova stekleni\u010dka ozko grlo 120 ml - Mint | Ajatutaja\",\"isPartOf\":{\"@id\":\"https:\\\/\\\/ajatutaja.com\\\/#website\"},\"primaryImageOfPage\":{\"@id\":\"https:\\\/\\\/ajatutaja.com\\\/izdelek\\\/baby-nova-steklenicka-ozko-grlo-120-ml-mint\\\/#primaryimage\"},\"image\":{\"@id\":\"https:\\\/\\\/ajatutaja.com\\\/izdelek\\\/baby-nova-steklenicka-ozko-grlo-120-ml-mint\\\/#primaryimage\"},\"thumbnailUrl\":\"https:\\\/\\\/ajatutaja.com\\\/wp-content\\\/uploads\\\/2024\\\/07\\\/Baby-nova-steklenicka-ajatutaja-125ml-mint-1.jpg\",\"datePublished\":\"2024-07-24T14:28:36+00:00\",\"dateModified\":\"2026-04-19T21:47:02+00:00\",\"description\":\"Baby Nova stekleni\u010dka z vzorcem 125 ml z zelo mehkim silikonskim cuceljem okrogle oblike za mleko univerzalne velikosti od 0-24 mesecev. Ne vsebuje BPA.\",\"breadcrumb\":{\"@id\":\"https:\\\/\\\/ajatutaja.com\\\/izdelek\\\/baby-nova-steklenicka-ozko-grlo-120-ml-mint\\\/#breadcrumb\"},\"inLanguage\":\"hr\",\"potentialAction\":[{\"@type\":\"ReadAction\",\"target\":[\"https:\\\/\\\/ajatutaja.com\\\/izdelek\\\/baby-nova-steklenicka-ozko-grlo-120-ml-mint\\\/\"]}]},{\"@type\":\"ImageObject\",\"inLanguage\":\"hr\",\"@id\":\"https:\\\/\\\/ajatutaja.com\\\/izdelek\\\/baby-nova-steklenicka-ozko-grlo-120-ml-mint\\\/#primaryimage\",\"url\":\"https:\\\/\\\/ajatutaja.com\\\/wp-content\\\/uploads\\\/2024\\\/07\\\/Baby-nova-steklenicka-ajatutaja-125ml-mint-1.jpg\",\"contentUrl\":\"https:\\\/\\\/ajatutaja.com\\\/wp-content\\\/uploads\\\/2024\\\/07\\\/Baby-nova-steklenicka-ajatutaja-125ml-mint-1.jpg\",\"width\":800,\"height\":800},{\"@type\":\"BreadcrumbList\",\"@id\":\"https:\\\/\\\/ajatutaja.com\\\/izdelek\\\/baby-nova-steklenicka-ozko-grlo-120-ml-mint\\\/#breadcrumb\",\"itemListElement\":[{\"@type\":\"ListItem\",\"position\":1,\"name\":\"Home\",\"item\":\"https:\\\/\\\/ajatutaja.com\\\/hr\\\/\"},{\"@type\":\"ListItem\",\"position\":2,\"name\":\"Trgovina\",\"item\":\"https:\\\/\\\/ajatutaja.com\\\/hr\\\/trgovina\\\/\"},{\"@type\":\"ListItem\",\"position\":3,\"name\":\"Baby Nova stekleni\u010dka ozko grlo 120 ml &#8211; Mint\"}]},{\"@type\":\"WebSite\",\"@id\":\"https:\\\/\\\/ajatutaja.com\\\/#website\",\"url\":\"https:\\\/\\\/ajatutaja.com\\\/\",\"name\":\"Ajatutaja\",\"description\":\"Otro\u0161ka spletna trgovina AJATUTAJA\",\"publisher\":{\"@id\":\"https:\\\/\\\/ajatutaja.com\\\/#organization\"},\"potentialAction\":[{\"@type\":\"SearchAction\",\"target\":{\"@type\":\"EntryPoint\",\"urlTemplate\":\"https:\\\/\\\/ajatutaja.com\\\/?s={search_term_string}\"},\"query-input\":{\"@type\":\"PropertyValueSpecification\",\"valueRequired\":true,\"valueName\":\"search_term_string\"}}],\"inLanguage\":\"hr\"},{\"@type\":\"Organization\",\"@id\":\"https:\\\/\\\/ajatutaja.com\\\/#organization\",\"name\":\"Ajatutaja\",\"url\":\"https:\\\/\\\/ajatutaja.com\\\/\",\"logo\":{\"@type\":\"ImageObject\",\"inLanguage\":\"hr\",\"@id\":\"https:\\\/\\\/ajatutaja.com\\\/#\\\/schema\\\/logo\\\/image\\\/\",\"url\":\"https:\\\/\\\/ajatutaja.com\\\/wp-content\\\/uploads\\\/2021\\\/10\\\/logo.png\",\"contentUrl\":\"https:\\\/\\\/ajatutaja.com\\\/wp-content\\\/uploads\\\/2021\\\/10\\\/logo.png\",\"width\":555,\"height\":150,\"caption\":\"Ajatutaja\"},\"image\":{\"@id\":\"https:\\\/\\\/ajatutaja.com\\\/#\\\/schema\\\/logo\\\/image\\\/\"}}]}<\/script>\n<!-- \/ Yoast SEO plugin. -->","yoast_head_json":{"title":"Baby Nova stekleni\u010dka ozko grlo 120 ml - Mint | Ajatutaja","description":"Baby Nova stekleni\u010dka z vzorcem 125 ml z zelo mehkim silikonskim cuceljem okrogle oblike za mleko univerzalne velikosti od 0-24 mesecev. Ne vsebuje BPA.","robots":{"index":"index","follow":"follow","max-snippet":"max-snippet:-1","max-image-preview":"max-image-preview:large","max-video-preview":"max-video-preview:-1"},"canonical":"https:\/\/ajatutaja.com\/izdelek\/baby-nova-steklenicka-ozko-grlo-120-ml-mint\/","og_locale":"hr_HR","og_type":"article","og_title":"Baby Nova stekleni\u010dka ozko grlo 120 ml - Mint | Ajatutaja","og_description":"Baby Nova stekleni\u010dka z vzorcem 125 ml z zelo mehkim silikonskim cuceljem okrogle oblike za mleko univerzalne velikosti od 0-24 mesecev. Ne vsebuje BPA.","og_url":"https:\/\/ajatutaja.com\/izdelek\/baby-nova-steklenicka-ozko-grlo-120-ml-mint\/","og_site_name":"Ajatutaja","article_modified_time":"2026-04-19T21:47:02+00:00","og_image":[{"width":800,"height":800,"url":"https:\/\/ajatutaja.com\/wp-content\/uploads\/2024\/07\/Baby-nova-steklenicka-ajatutaja-125ml-mint-1.jpg","type":"image\/jpeg"}],"twitter_card":"summary_large_image","twitter_misc":{"Procijenjeno vrijeme \u010ditanja":"2 minute"},"schema":{"@context":"https:\/\/schema.org","@graph":[{"@type":"WebPage","@id":"https:\/\/ajatutaja.com\/izdelek\/baby-nova-steklenicka-ozko-grlo-120-ml-mint\/","url":"https:\/\/ajatutaja.com\/izdelek\/baby-nova-steklenicka-ozko-grlo-120-ml-mint\/","name":"Baby Nova stekleni\u010dka ozko grlo 120 ml - Mint | Ajatutaja","isPartOf":{"@id":"https:\/\/ajatutaja.com\/#website"},"primaryImageOfPage":{"@id":"https:\/\/ajatutaja.com\/izdelek\/baby-nova-steklenicka-ozko-grlo-120-ml-mint\/#primaryimage"},"image":{"@id":"https:\/\/ajatutaja.com\/izdelek\/baby-nova-steklenicka-ozko-grlo-120-ml-mint\/#primaryimage"},"thumbnailUrl":"https:\/\/ajatutaja.com\/wp-content\/uploads\/2024\/07\/Baby-nova-steklenicka-ajatutaja-125ml-mint-1.jpg","datePublished":"2024-07-24T14:28:36+00:00","dateModified":"2026-04-19T21:47:02+00:00","description":"Baby Nova stekleni\u010dka z vzorcem 125 ml z zelo mehkim silikonskim cuceljem okrogle oblike za mleko univerzalne velikosti od 0-24 mesecev. Ne vsebuje BPA.","breadcrumb":{"@id":"https:\/\/ajatutaja.com\/izdelek\/baby-nova-steklenicka-ozko-grlo-120-ml-mint\/#breadcrumb"},"inLanguage":"hr","potentialAction":[{"@type":"ReadAction","target":["https:\/\/ajatutaja.com\/izdelek\/baby-nova-steklenicka-ozko-grlo-120-ml-mint\/"]}]},{"@type":"ImageObject","inLanguage":"hr","@id":"https:\/\/ajatutaja.com\/izdelek\/baby-nova-steklenicka-ozko-grlo-120-ml-mint\/#primaryimage","url":"https:\/\/ajatutaja.com\/wp-content\/uploads\/2024\/07\/Baby-nova-steklenicka-ajatutaja-125ml-mint-1.jpg","contentUrl":"https:\/\/ajatutaja.com\/wp-content\/uploads\/2024\/07\/Baby-nova-steklenicka-ajatutaja-125ml-mint-1.jpg","width":800,"height":800},{"@type":"BreadcrumbList","@id":"https:\/\/ajatutaja.com\/izdelek\/baby-nova-steklenicka-ozko-grlo-120-ml-mint\/#breadcrumb","itemListElement":[{"@type":"ListItem","position":1,"name":"Home","item":"https:\/\/ajatutaja.com\/hr\/"},{"@type":"ListItem","position":2,"name":"Trgovina","item":"https:\/\/ajatutaja.com\/hr\/trgovina\/"},{"@type":"ListItem","position":3,"name":"Baby Nova stekleni\u010dka ozko grlo 120 ml &#8211; Mint"}]},{"@type":"WebSite","@id":"https:\/\/ajatutaja.com\/#website","url":"https:\/\/ajatutaja.com\/","name":"Ajatutaja","description":"Otro\u0161ka spletna trgovina AJATUTAJA","publisher":{"@id":"https:\/\/ajatutaja.com\/#organization"},"potentialAction":[{"@type":"SearchAction","target":{"@type":"EntryPoint","urlTemplate":"https:\/\/ajatutaja.com\/?s={search_term_string}"},"query-input":{"@type":"PropertyValueSpecification","valueRequired":true,"valueName":"search_term_string"}}],"inLanguage":"hr"},{"@type":"Organization","@id":"https:\/\/ajatutaja.com\/#organization","name":"Ajatutaja","url":"https:\/\/ajatutaja.com\/","logo":{"@type":"ImageObject","inLanguage":"hr","@id":"https:\/\/ajatutaja.com\/#\/schema\/logo\/image\/","url":"https:\/\/ajatutaja.com\/wp-content\/uploads\/2021\/10\/logo.png","contentUrl":"https:\/\/ajatutaja.com\/wp-content\/uploads\/2021\/10\/logo.png","width":555,"height":150,"caption":"Ajatutaja"},"image":{"@id":"https:\/\/ajatutaja.com\/#\/schema\/logo\/image\/"}}]}},"brands":[{"id":2325,"name":"Baby Nova","slug":"baby-nova-hranjenje"},{"id":2269,"name":"Hranjenje","slug":"hranjenje"}],"_links":{"self":[{"href":"https:\/\/ajatutaja.com\/hr\/wp-json\/wp\/v2\/product\/66399","targetHints":{"allow":["GET"]}}],"collection":[{"href":"https:\/\/ajatutaja.com\/hr\/wp-json\/wp\/v2\/product"}],"about":[{"href":"https:\/\/ajatutaja.com\/hr\/wp-json\/wp\/v2\/types\/product"}],"wp:featuredmedia":[{"embeddable":true,"href":"https:\/\/ajatutaja.com\/hr\/wp-json\/wp\/v2\/media\/66395"}],"wp:attachment":[{"href":"https:\/\/ajatutaja.com\/hr\/wp-json\/wp\/v2\/media?parent=66399"}],"wp:term":[{"taxonomy":"pwb-brand","embeddable":true,"href":"https:\/\/ajatutaja.com\/hr\/wp-json\/wp\/v2\/pwb-brand?post=66399"},{"taxonomy":"product_brand","embeddable":true,"href":"https:\/\/ajatutaja.com\/hr\/wp-json\/wp\/v2\/product_brand?post=66399"},{"taxonomy":"product_cat","embeddable":true,"href":"https:\/\/ajatutaja.com\/hr\/wp-json\/wp\/v2\/product_cat?post=66399"},{"taxonomy":"product_tag","embeddable":true,"href":"https:\/\/ajatutaja.com\/hr\/wp-json\/wp\/v2\/product_tag?post=66399"}],"curies":[{"name":"wp","href":"https:\/\/api.w.org\/{rel}","templated":true}]}}