{"id":66366,"date":"2024-07-24T12:32:47","date_gmt":"2024-07-24T10:32:47","guid":{"rendered":"https:\/\/ajatutaja.com\/?post_type=product&#038;p=66366"},"modified":"2026-02-24T15:03:58","modified_gmt":"2026-02-24T14:03:58","slug":"noui-noui-napihljiva-sedezna-blazina-seat-cushion","status":"publish","type":"product","link":"https:\/\/ajatutaja.com\/hr\/proizvod\/noui-noui-napihljiva-sedezna-blazina-seat-cushion\/","title":{"rendered":"Noui Noui napihljiva sede\u017ena blazina Seat Cushion"},"content":{"rendered":"<p>[vc_row][vc_column][vc_column_text]<\/p>\n<h4>Noui Noui blazina ima nasednje lastnosti:<\/h4>\n<ul>\n<li>Napihljiva blazina je na voljo v 3 vzor\u010dkih (OCEAN\/modra, SAFARI\/siva, PRINCESS\/roza)<\/li>\n<li>V kompletu s transportno torbico<\/li>\n<li>Ustreza standardu REACH &amp; RoHS<\/li>\n<li>Priporo\u010dljivo za starost 2leti+<\/li>\n<li>Max obremenitev 50 kg<\/li>\n<li>Enostavna za brisanje z vla\u017eno krbo<\/li>\n<li>Velikost blazine: 51 x 36 cm<\/li>\n<li>Material: TPU<\/li>\n<li>Ni primerno za pralni stroj<\/li>\n<li>Danski dizajn.<\/li>\n<\/ul>\n<p>[\/vc_column_text][\/vc_column][\/vc_row]<\/p>\n","protected":false},"excerpt":{"rendered":"<p>Noui Noui napihljiva sede\u017ena blazina Seat Cushion je namenjena otrokom, ki so preveliki za otro\u0161ki stol\u010dek za hranjenje in premajhni za navaden kuhinjski stol. Sede\u017ena blazina je prfakti\u010dna za uporabo in zavzame zelo malo prostora, ko ni napihnjena. Nadvse primerna za obiske in potovanja.<\/p>\n","protected":false},"featured_media":66374,"template":"","meta":[],"pwb-brand":[2269,5563],"product_brand":[],"product_cat":[2266,2314,2315],"product_tag":[5564],"class_list":{"0":"post-66366","1":"product","2":"type-product","3":"status-publish","4":"has-post-thumbnail","6":"pwb-brand-hranjenje","7":"pwb-brand-noui-noui","8":"product_cat-hranjenje","9":"product_cat-pripomocki-za-hranjenje","10":"product_cat-stolcki-za-hranjenje","11":"product_tag-noui-noui","13":"first","14":"instock","15":"taxable","16":"shipping-taxable","17":"purchasable","18":"product-type-variable","19":"add-to-wishlist-before_image"},"yoast_head":"<!-- This site is optimized with the Yoast SEO plugin v27.3 - https:\/\/yoast.com\/product\/yoast-seo-wordpress\/ -->\n<title>Noui Noui napihljiva sede\u017ena blazina Seat Cushion | Ajatutaja<\/title>\n<meta name=\"description\" content=\"Termo jekleni\u010dka Noui Noui s prikupnimi vzorci in barvami je idealne velikosti za dr\u017eanje malih rok. Zelo priro\u010dna, ne pu\u0161\u010da in se ne polomi. Teko\u010dina bo v njej ostala hladna ali topla do 8 ur.\" \/>\n<meta name=\"robots\" content=\"index, follow, max-snippet:-1, max-image-preview:large, max-video-preview:-1\" \/>\n<link rel=\"canonical\" href=\"https:\/\/ajatutaja.com\/izdelek\/noui-noui-napihljiva-sedezna-blazina-seat-cushion\/\" \/>\n<meta property=\"og:locale\" content=\"hr_HR\" \/>\n<meta property=\"og:type\" content=\"article\" \/>\n<meta property=\"og:title\" content=\"Noui Noui napihljiva sede\u017ena blazina Seat Cushion | Ajatutaja\" \/>\n<meta property=\"og:description\" content=\"Termo jekleni\u010dka Noui Noui s prikupnimi vzorci in barvami je idealne velikosti za dr\u017eanje malih rok. Zelo priro\u010dna, ne pu\u0161\u010da in se ne polomi. Teko\u010dina bo v njej ostala hladna ali topla do 8 ur.\" \/>\n<meta property=\"og:url\" content=\"https:\/\/ajatutaja.com\/izdelek\/noui-noui-napihljiva-sedezna-blazina-seat-cushion\/\" \/>\n<meta property=\"og:site_name\" content=\"Ajatutaja\" \/>\n<meta property=\"article:modified_time\" content=\"2026-02-24T14:03:58+00:00\" \/>\n<meta property=\"og:image\" content=\"https:\/\/ajatutaja.com\/wp-content\/uploads\/2024\/07\/Noui-Noui-Napihljiva-sedezna-blazina-ajatutaja-01.jpg\" \/>\n\t<meta property=\"og:image:width\" content=\"550\" \/>\n\t<meta property=\"og:image:height\" content=\"550\" \/>\n\t<meta property=\"og:image:type\" content=\"image\/jpeg\" \/>\n<meta name=\"twitter:card\" content=\"summary_large_image\" \/>\n<script type=\"application\/ld+json\" class=\"yoast-schema-graph\">{\"@context\":\"https:\\\/\\\/schema.org\",\"@graph\":[{\"@type\":\"WebPage\",\"@id\":\"https:\\\/\\\/ajatutaja.com\\\/izdelek\\\/noui-noui-napihljiva-sedezna-blazina-seat-cushion\\\/\",\"url\":\"https:\\\/\\\/ajatutaja.com\\\/izdelek\\\/noui-noui-napihljiva-sedezna-blazina-seat-cushion\\\/\",\"name\":\"Noui Noui napihljiva sede\u017ena blazina Seat Cushion | Ajatutaja\",\"isPartOf\":{\"@id\":\"https:\\\/\\\/ajatutaja.com\\\/#website\"},\"primaryImageOfPage\":{\"@id\":\"https:\\\/\\\/ajatutaja.com\\\/izdelek\\\/noui-noui-napihljiva-sedezna-blazina-seat-cushion\\\/#primaryimage\"},\"image\":{\"@id\":\"https:\\\/\\\/ajatutaja.com\\\/izdelek\\\/noui-noui-napihljiva-sedezna-blazina-seat-cushion\\\/#primaryimage\"},\"thumbnailUrl\":\"https:\\\/\\\/ajatutaja.com\\\/wp-content\\\/uploads\\\/2024\\\/07\\\/Noui-Noui-Napihljiva-sedezna-blazina-ajatutaja-01.jpg\",\"datePublished\":\"2024-07-24T10:32:47+00:00\",\"dateModified\":\"2026-02-24T14:03:58+00:00\",\"description\":\"Termo jekleni\u010dka Noui Noui s prikupnimi vzorci in barvami je idealne velikosti za dr\u017eanje malih rok. Zelo priro\u010dna, ne pu\u0161\u010da in se ne polomi. Teko\u010dina bo v njej ostala hladna ali topla do 8 ur.\",\"breadcrumb\":{\"@id\":\"https:\\\/\\\/ajatutaja.com\\\/izdelek\\\/noui-noui-napihljiva-sedezna-blazina-seat-cushion\\\/#breadcrumb\"},\"inLanguage\":\"hr\",\"potentialAction\":[{\"@type\":\"ReadAction\",\"target\":[\"https:\\\/\\\/ajatutaja.com\\\/izdelek\\\/noui-noui-napihljiva-sedezna-blazina-seat-cushion\\\/\"]}]},{\"@type\":\"ImageObject\",\"inLanguage\":\"hr\",\"@id\":\"https:\\\/\\\/ajatutaja.com\\\/izdelek\\\/noui-noui-napihljiva-sedezna-blazina-seat-cushion\\\/#primaryimage\",\"url\":\"https:\\\/\\\/ajatutaja.com\\\/wp-content\\\/uploads\\\/2024\\\/07\\\/Noui-Noui-Napihljiva-sedezna-blazina-ajatutaja-01.jpg\",\"contentUrl\":\"https:\\\/\\\/ajatutaja.com\\\/wp-content\\\/uploads\\\/2024\\\/07\\\/Noui-Noui-Napihljiva-sedezna-blazina-ajatutaja-01.jpg\",\"width\":550,\"height\":550},{\"@type\":\"BreadcrumbList\",\"@id\":\"https:\\\/\\\/ajatutaja.com\\\/izdelek\\\/noui-noui-napihljiva-sedezna-blazina-seat-cushion\\\/#breadcrumb\",\"itemListElement\":[{\"@type\":\"ListItem\",\"position\":1,\"name\":\"Home\",\"item\":\"https:\\\/\\\/ajatutaja.com\\\/hr\\\/\"},{\"@type\":\"ListItem\",\"position\":2,\"name\":\"Trgovina\",\"item\":\"https:\\\/\\\/ajatutaja.com\\\/hr\\\/trgovina\\\/\"},{\"@type\":\"ListItem\",\"position\":3,\"name\":\"Noui Noui napihljiva sede\u017ena blazina Seat Cushion\"}]},{\"@type\":\"WebSite\",\"@id\":\"https:\\\/\\\/ajatutaja.com\\\/#website\",\"url\":\"https:\\\/\\\/ajatutaja.com\\\/\",\"name\":\"Ajatutaja\",\"description\":\"Otro\u0161ka spletna trgovina AJATUTAJA\",\"publisher\":{\"@id\":\"https:\\\/\\\/ajatutaja.com\\\/#organization\"},\"potentialAction\":[{\"@type\":\"SearchAction\",\"target\":{\"@type\":\"EntryPoint\",\"urlTemplate\":\"https:\\\/\\\/ajatutaja.com\\\/?s={search_term_string}\"},\"query-input\":{\"@type\":\"PropertyValueSpecification\",\"valueRequired\":true,\"valueName\":\"search_term_string\"}}],\"inLanguage\":\"hr\"},{\"@type\":\"Organization\",\"@id\":\"https:\\\/\\\/ajatutaja.com\\\/#organization\",\"name\":\"Ajatutaja\",\"url\":\"https:\\\/\\\/ajatutaja.com\\\/\",\"logo\":{\"@type\":\"ImageObject\",\"inLanguage\":\"hr\",\"@id\":\"https:\\\/\\\/ajatutaja.com\\\/#\\\/schema\\\/logo\\\/image\\\/\",\"url\":\"https:\\\/\\\/ajatutaja.com\\\/wp-content\\\/uploads\\\/2021\\\/10\\\/logo.png\",\"contentUrl\":\"https:\\\/\\\/ajatutaja.com\\\/wp-content\\\/uploads\\\/2021\\\/10\\\/logo.png\",\"width\":555,\"height\":150,\"caption\":\"Ajatutaja\"},\"image\":{\"@id\":\"https:\\\/\\\/ajatutaja.com\\\/#\\\/schema\\\/logo\\\/image\\\/\"}}]}<\/script>\n<!-- \/ Yoast SEO plugin. -->","yoast_head_json":{"title":"Noui Noui napihljiva sede\u017ena blazina Seat Cushion | Ajatutaja","description":"Termo jekleni\u010dka Noui Noui s prikupnimi vzorci in barvami je idealne velikosti za dr\u017eanje malih rok. Zelo priro\u010dna, ne pu\u0161\u010da in se ne polomi. Teko\u010dina bo v njej ostala hladna ali topla do 8 ur.","robots":{"index":"index","follow":"follow","max-snippet":"max-snippet:-1","max-image-preview":"max-image-preview:large","max-video-preview":"max-video-preview:-1"},"canonical":"https:\/\/ajatutaja.com\/izdelek\/noui-noui-napihljiva-sedezna-blazina-seat-cushion\/","og_locale":"hr_HR","og_type":"article","og_title":"Noui Noui napihljiva sede\u017ena blazina Seat Cushion | Ajatutaja","og_description":"Termo jekleni\u010dka Noui Noui s prikupnimi vzorci in barvami je idealne velikosti za dr\u017eanje malih rok. Zelo priro\u010dna, ne pu\u0161\u010da in se ne polomi. Teko\u010dina bo v njej ostala hladna ali topla do 8 ur.","og_url":"https:\/\/ajatutaja.com\/izdelek\/noui-noui-napihljiva-sedezna-blazina-seat-cushion\/","og_site_name":"Ajatutaja","article_modified_time":"2026-02-24T14:03:58+00:00","og_image":[{"width":550,"height":550,"url":"https:\/\/ajatutaja.com\/wp-content\/uploads\/2024\/07\/Noui-Noui-Napihljiva-sedezna-blazina-ajatutaja-01.jpg","type":"image\/jpeg"}],"twitter_card":"summary_large_image","schema":{"@context":"https:\/\/schema.org","@graph":[{"@type":"WebPage","@id":"https:\/\/ajatutaja.com\/izdelek\/noui-noui-napihljiva-sedezna-blazina-seat-cushion\/","url":"https:\/\/ajatutaja.com\/izdelek\/noui-noui-napihljiva-sedezna-blazina-seat-cushion\/","name":"Noui Noui napihljiva sede\u017ena blazina Seat Cushion | Ajatutaja","isPartOf":{"@id":"https:\/\/ajatutaja.com\/#website"},"primaryImageOfPage":{"@id":"https:\/\/ajatutaja.com\/izdelek\/noui-noui-napihljiva-sedezna-blazina-seat-cushion\/#primaryimage"},"image":{"@id":"https:\/\/ajatutaja.com\/izdelek\/noui-noui-napihljiva-sedezna-blazina-seat-cushion\/#primaryimage"},"thumbnailUrl":"https:\/\/ajatutaja.com\/wp-content\/uploads\/2024\/07\/Noui-Noui-Napihljiva-sedezna-blazina-ajatutaja-01.jpg","datePublished":"2024-07-24T10:32:47+00:00","dateModified":"2026-02-24T14:03:58+00:00","description":"Termo jekleni\u010dka Noui Noui s prikupnimi vzorci in barvami je idealne velikosti za dr\u017eanje malih rok. Zelo priro\u010dna, ne pu\u0161\u010da in se ne polomi. Teko\u010dina bo v njej ostala hladna ali topla do 8 ur.","breadcrumb":{"@id":"https:\/\/ajatutaja.com\/izdelek\/noui-noui-napihljiva-sedezna-blazina-seat-cushion\/#breadcrumb"},"inLanguage":"hr","potentialAction":[{"@type":"ReadAction","target":["https:\/\/ajatutaja.com\/izdelek\/noui-noui-napihljiva-sedezna-blazina-seat-cushion\/"]}]},{"@type":"ImageObject","inLanguage":"hr","@id":"https:\/\/ajatutaja.com\/izdelek\/noui-noui-napihljiva-sedezna-blazina-seat-cushion\/#primaryimage","url":"https:\/\/ajatutaja.com\/wp-content\/uploads\/2024\/07\/Noui-Noui-Napihljiva-sedezna-blazina-ajatutaja-01.jpg","contentUrl":"https:\/\/ajatutaja.com\/wp-content\/uploads\/2024\/07\/Noui-Noui-Napihljiva-sedezna-blazina-ajatutaja-01.jpg","width":550,"height":550},{"@type":"BreadcrumbList","@id":"https:\/\/ajatutaja.com\/izdelek\/noui-noui-napihljiva-sedezna-blazina-seat-cushion\/#breadcrumb","itemListElement":[{"@type":"ListItem","position":1,"name":"Home","item":"https:\/\/ajatutaja.com\/hr\/"},{"@type":"ListItem","position":2,"name":"Trgovina","item":"https:\/\/ajatutaja.com\/hr\/trgovina\/"},{"@type":"ListItem","position":3,"name":"Noui Noui napihljiva sede\u017ena blazina Seat Cushion"}]},{"@type":"WebSite","@id":"https:\/\/ajatutaja.com\/#website","url":"https:\/\/ajatutaja.com\/","name":"Ajatutaja","description":"Otro\u0161ka spletna trgovina AJATUTAJA","publisher":{"@id":"https:\/\/ajatutaja.com\/#organization"},"potentialAction":[{"@type":"SearchAction","target":{"@type":"EntryPoint","urlTemplate":"https:\/\/ajatutaja.com\/?s={search_term_string}"},"query-input":{"@type":"PropertyValueSpecification","valueRequired":true,"valueName":"search_term_string"}}],"inLanguage":"hr"},{"@type":"Organization","@id":"https:\/\/ajatutaja.com\/#organization","name":"Ajatutaja","url":"https:\/\/ajatutaja.com\/","logo":{"@type":"ImageObject","inLanguage":"hr","@id":"https:\/\/ajatutaja.com\/#\/schema\/logo\/image\/","url":"https:\/\/ajatutaja.com\/wp-content\/uploads\/2021\/10\/logo.png","contentUrl":"https:\/\/ajatutaja.com\/wp-content\/uploads\/2021\/10\/logo.png","width":555,"height":150,"caption":"Ajatutaja"},"image":{"@id":"https:\/\/ajatutaja.com\/#\/schema\/logo\/image\/"}}]}},"brands":[{"id":2269,"name":"Hranjenje","slug":"hranjenje"},{"id":5563,"name":"Noui Noui","slug":"noui-noui"}],"_links":{"self":[{"href":"https:\/\/ajatutaja.com\/hr\/wp-json\/wp\/v2\/product\/66366","targetHints":{"allow":["GET"]}}],"collection":[{"href":"https:\/\/ajatutaja.com\/hr\/wp-json\/wp\/v2\/product"}],"about":[{"href":"https:\/\/ajatutaja.com\/hr\/wp-json\/wp\/v2\/types\/product"}],"wp:featuredmedia":[{"embeddable":true,"href":"https:\/\/ajatutaja.com\/hr\/wp-json\/wp\/v2\/media\/66374"}],"wp:attachment":[{"href":"https:\/\/ajatutaja.com\/hr\/wp-json\/wp\/v2\/media?parent=66366"}],"wp:term":[{"taxonomy":"pwb-brand","embeddable":true,"href":"https:\/\/ajatutaja.com\/hr\/wp-json\/wp\/v2\/pwb-brand?post=66366"},{"taxonomy":"product_brand","embeddable":true,"href":"https:\/\/ajatutaja.com\/hr\/wp-json\/wp\/v2\/product_brand?post=66366"},{"taxonomy":"product_cat","embeddable":true,"href":"https:\/\/ajatutaja.com\/hr\/wp-json\/wp\/v2\/product_cat?post=66366"},{"taxonomy":"product_tag","embeddable":true,"href":"https:\/\/ajatutaja.com\/hr\/wp-json\/wp\/v2\/product_tag?post=66366"}],"curies":[{"name":"wp","href":"https:\/\/api.w.org\/{rel}","templated":true}]}}