{"id":66257,"date":"2024-07-19T16:57:04","date_gmt":"2024-07-19T14:57:04","guid":{"rendered":"https:\/\/ajatutaja.com\/?post_type=product&#038;p=66257"},"modified":"2026-03-25T23:46:00","modified_gmt":"2026-03-25T22:46:00","slug":"lansinoh-hladilne-gel-blazinice-za-dojenje-pak-2","status":"publish","type":"product","link":"https:\/\/ajatutaja.com\/hr\/proizvod\/lansinoh-hladilne-gel-blazinice-za-dojenje-pak-2\/","title":{"rendered":"Lansinoh\u00ae hladilne gel blazinice za dojenje (pak. 2)"},"content":{"rendered":"<p>[vc_row][vc_column][vc_column_text]Hladilne gel blazinice so popolna re\u0161itev v prvih dneh dojenja, ko so podoji pogosti, bradavice pa lahko zato popokajo, dojenje lahko zelo boli &#8211; te blazinice vam pomagajo, da lahko dojite \u0161e naprej, tudi v tem te\u017ekem obdobju.<\/p>\n<p>Namestite in odstranite jih lahko ve\u010dkrat med podoji, in to kar do 3 dni!\u00a0 Najbolje, da jih vmes hranite v hladilniku za \u0161e ve\u010dji hladilni u\u010dinek.<\/p>\n<h3>Lansonoh hladilne gel bazinice za dojenje imajo naslednje lastnosti:<\/h3>\n<ul>\n<li>Vklju\u010deni 2 hladilni gel blazinici v posameznih pladnjih za shranjevanje<\/li>\n<li>#1 hladilne blazinice v ZDA<\/li>\n<li>celi in \u0161\u010diti razpokane bradavice, podpira naravno celjenje bradavic<\/li>\n<li>takoj\u0161nje olaj\u0161anje s hlajenjem<\/li>\n<li>mehka tkanina na hrbtni strani \u0161\u010diti pred drgnenjem in dra\u017eenjem<\/li>\n<li>absorbcijski gel pomaga prepre\u010devati pu\u0161\u010danje<\/li>\n<li>pokriva celo bradavico in obmo\u010dje kolobarja<\/li>\n<li>vklju\u010duje prakti\u010den pladenj za enostavno shranjevanje<\/li>\n<li>ponovno uporabni do 3 dni<\/li>\n<li>100 % vegansko<\/li>\n<\/ul>\n<p>Uporaba:<\/p>\n<ul>\n<li>Odstranite iz pladnja za shranjevanje in blazinico namestite z gelom na bradavico. Pred dojenjem odstranite hladilno blazinico in ne\u017eno o\u010distite bradavico, \u010de so na njej ostanki gela. Ne nana\u0161ajte skupaj z lanolinom.<\/li>\n<li>Hranite v hladilniku za dodatni hladilni u\u010dinek.<\/li>\n<li>Ponovno lahko uporabite hladilno gel blazinico do 72 ur.<\/li>\n<\/ul>\n<p>Sestavine: rastlinski glicerin, polimer, voda. 100 % vegansko.[\/vc_column_text][\/vc_column][\/vc_row]<\/p>\n","protected":false},"excerpt":{"rendered":"<p>Lansinoh hladilne gel blazinice za dojenje pomagajo bla\u017eiti in za\u0161\u010dititi razpokane in ranjene bradavice med podoji. Inovativne blazinice s hidrogelom nudijo takoj\u0161njo olaj\u0161anje, \u010de se soo\u010date z ranjenimi bradavicami in potrebujete ve\u010d kot le lanolin. Blazinice lahko ve\u010dkrat uporabite &#8211; do 72 ur!<\/p>\n","protected":false},"featured_media":66261,"template":"","meta":[],"pwb-brand":[2268,5450],"product_brand":[],"product_cat":[2265,2288],"product_tag":[4396,5452],"class_list":{"0":"post-66257","1":"product","2":"type-product","3":"status-publish","4":"has-post-thumbnail","6":"pwb-brand-dojenje","7":"pwb-brand-lansinoh","8":"product_cat-dojenje","9":"product_cat-pripomocki-za-dojenje","10":"product_tag-blazinice-za-dojenje","11":"product_tag-lansinoh","13":"first","14":"instock","15":"taxable","16":"shipping-taxable","17":"purchasable","18":"product-type-simple","19":"add-to-wishlist-before_image"},"yoast_head":"<!-- This site is optimized with the Yoast SEO plugin v27.3 - https:\/\/yoast.com\/product\/yoast-seo-wordpress\/ -->\n<title>Lansinoh\u00ae hladilne gel blazinice za dojenje (pak. 2) | Ajatutaja<\/title>\n<meta name=\"description\" content=\"Lansinoh hladilne gel blazinice za dojenje pomagajo bla\u017eiti in za\u0161\u010dititi razpokane in ranjene bradavice med podoji. Blazinice lahko ve\u010dkrat uporabite - do 72 ur!\" \/>\n<meta name=\"robots\" content=\"index, follow, max-snippet:-1, max-image-preview:large, max-video-preview:-1\" \/>\n<link rel=\"canonical\" href=\"https:\/\/ajatutaja.com\/izdelek\/lansinoh-hladilne-gel-blazinice-za-dojenje-pak-2\/\" \/>\n<meta property=\"og:locale\" content=\"hr_HR\" \/>\n<meta property=\"og:type\" content=\"article\" \/>\n<meta property=\"og:title\" content=\"Lansinoh\u00ae hladilne gel blazinice za dojenje (pak. 2) | Ajatutaja\" \/>\n<meta property=\"og:description\" content=\"Lansinoh hladilne gel blazinice za dojenje pomagajo bla\u017eiti in za\u0161\u010dititi razpokane in ranjene bradavice med podoji. Blazinice lahko ve\u010dkrat uporabite - do 72 ur!\" \/>\n<meta property=\"og:url\" content=\"https:\/\/ajatutaja.com\/izdelek\/lansinoh-hladilne-gel-blazinice-za-dojenje-pak-2\/\" \/>\n<meta property=\"og:site_name\" content=\"Ajatutaja\" \/>\n<meta property=\"article:modified_time\" content=\"2026-03-25T22:46:00+00:00\" \/>\n<meta property=\"og:image\" content=\"https:\/\/ajatutaja.com\/wp-content\/uploads\/2024\/07\/hladilne-gel-blazinice-za-dojke-lansinoh.png\" \/>\n\t<meta property=\"og:image:width\" content=\"1000\" \/>\n\t<meta property=\"og:image:height\" content=\"1300\" \/>\n\t<meta property=\"og:image:type\" content=\"image\/png\" \/>\n<meta name=\"twitter:card\" content=\"summary_large_image\" \/>\n<meta name=\"twitter:label1\" content=\"Procijenjeno vrijeme \u010ditanja\" \/>\n\t<meta name=\"twitter:data1\" content=\"1 minuta\" \/>\n<script type=\"application\/ld+json\" class=\"yoast-schema-graph\">{\"@context\":\"https:\\\/\\\/schema.org\",\"@graph\":[{\"@type\":\"WebPage\",\"@id\":\"https:\\\/\\\/ajatutaja.com\\\/izdelek\\\/lansinoh-hladilne-gel-blazinice-za-dojenje-pak-2\\\/\",\"url\":\"https:\\\/\\\/ajatutaja.com\\\/izdelek\\\/lansinoh-hladilne-gel-blazinice-za-dojenje-pak-2\\\/\",\"name\":\"Lansinoh\u00ae hladilne gel blazinice za dojenje (pak. 2) | Ajatutaja\",\"isPartOf\":{\"@id\":\"https:\\\/\\\/ajatutaja.com\\\/#website\"},\"primaryImageOfPage\":{\"@id\":\"https:\\\/\\\/ajatutaja.com\\\/izdelek\\\/lansinoh-hladilne-gel-blazinice-za-dojenje-pak-2\\\/#primaryimage\"},\"image\":{\"@id\":\"https:\\\/\\\/ajatutaja.com\\\/izdelek\\\/lansinoh-hladilne-gel-blazinice-za-dojenje-pak-2\\\/#primaryimage\"},\"thumbnailUrl\":\"https:\\\/\\\/ajatutaja.com\\\/wp-content\\\/uploads\\\/2024\\\/07\\\/hladilne-gel-blazinice-za-dojke-lansinoh.png\",\"datePublished\":\"2024-07-19T14:57:04+00:00\",\"dateModified\":\"2026-03-25T22:46:00+00:00\",\"description\":\"Lansinoh hladilne gel blazinice za dojenje pomagajo bla\u017eiti in za\u0161\u010dititi razpokane in ranjene bradavice med podoji. Blazinice lahko ve\u010dkrat uporabite - do 72 ur!\",\"breadcrumb\":{\"@id\":\"https:\\\/\\\/ajatutaja.com\\\/izdelek\\\/lansinoh-hladilne-gel-blazinice-za-dojenje-pak-2\\\/#breadcrumb\"},\"inLanguage\":\"hr\",\"potentialAction\":[{\"@type\":\"ReadAction\",\"target\":[\"https:\\\/\\\/ajatutaja.com\\\/izdelek\\\/lansinoh-hladilne-gel-blazinice-za-dojenje-pak-2\\\/\"]}]},{\"@type\":\"ImageObject\",\"inLanguage\":\"hr\",\"@id\":\"https:\\\/\\\/ajatutaja.com\\\/izdelek\\\/lansinoh-hladilne-gel-blazinice-za-dojenje-pak-2\\\/#primaryimage\",\"url\":\"https:\\\/\\\/ajatutaja.com\\\/wp-content\\\/uploads\\\/2024\\\/07\\\/hladilne-gel-blazinice-za-dojke-lansinoh.png\",\"contentUrl\":\"https:\\\/\\\/ajatutaja.com\\\/wp-content\\\/uploads\\\/2024\\\/07\\\/hladilne-gel-blazinice-za-dojke-lansinoh.png\",\"width\":1000,\"height\":1300},{\"@type\":\"BreadcrumbList\",\"@id\":\"https:\\\/\\\/ajatutaja.com\\\/izdelek\\\/lansinoh-hladilne-gel-blazinice-za-dojenje-pak-2\\\/#breadcrumb\",\"itemListElement\":[{\"@type\":\"ListItem\",\"position\":1,\"name\":\"Home\",\"item\":\"https:\\\/\\\/ajatutaja.com\\\/hr\\\/\"},{\"@type\":\"ListItem\",\"position\":2,\"name\":\"Trgovina\",\"item\":\"https:\\\/\\\/ajatutaja.com\\\/hr\\\/trgovina\\\/\"},{\"@type\":\"ListItem\",\"position\":3,\"name\":\"Lansinoh\u00ae hladilne gel blazinice za dojenje (pak. 2)\"}]},{\"@type\":\"WebSite\",\"@id\":\"https:\\\/\\\/ajatutaja.com\\\/#website\",\"url\":\"https:\\\/\\\/ajatutaja.com\\\/\",\"name\":\"Ajatutaja\",\"description\":\"Otro\u0161ka spletna trgovina AJATUTAJA\",\"publisher\":{\"@id\":\"https:\\\/\\\/ajatutaja.com\\\/#organization\"},\"potentialAction\":[{\"@type\":\"SearchAction\",\"target\":{\"@type\":\"EntryPoint\",\"urlTemplate\":\"https:\\\/\\\/ajatutaja.com\\\/?s={search_term_string}\"},\"query-input\":{\"@type\":\"PropertyValueSpecification\",\"valueRequired\":true,\"valueName\":\"search_term_string\"}}],\"inLanguage\":\"hr\"},{\"@type\":\"Organization\",\"@id\":\"https:\\\/\\\/ajatutaja.com\\\/#organization\",\"name\":\"Ajatutaja\",\"url\":\"https:\\\/\\\/ajatutaja.com\\\/\",\"logo\":{\"@type\":\"ImageObject\",\"inLanguage\":\"hr\",\"@id\":\"https:\\\/\\\/ajatutaja.com\\\/#\\\/schema\\\/logo\\\/image\\\/\",\"url\":\"https:\\\/\\\/ajatutaja.com\\\/wp-content\\\/uploads\\\/2021\\\/10\\\/logo.png\",\"contentUrl\":\"https:\\\/\\\/ajatutaja.com\\\/wp-content\\\/uploads\\\/2021\\\/10\\\/logo.png\",\"width\":555,\"height\":150,\"caption\":\"Ajatutaja\"},\"image\":{\"@id\":\"https:\\\/\\\/ajatutaja.com\\\/#\\\/schema\\\/logo\\\/image\\\/\"}}]}<\/script>\n<!-- \/ Yoast SEO plugin. -->","yoast_head_json":{"title":"Lansinoh\u00ae hladilne gel blazinice za dojenje (pak. 2) | Ajatutaja","description":"Lansinoh hladilne gel blazinice za dojenje pomagajo bla\u017eiti in za\u0161\u010dititi razpokane in ranjene bradavice med podoji. Blazinice lahko ve\u010dkrat uporabite - do 72 ur!","robots":{"index":"index","follow":"follow","max-snippet":"max-snippet:-1","max-image-preview":"max-image-preview:large","max-video-preview":"max-video-preview:-1"},"canonical":"https:\/\/ajatutaja.com\/izdelek\/lansinoh-hladilne-gel-blazinice-za-dojenje-pak-2\/","og_locale":"hr_HR","og_type":"article","og_title":"Lansinoh\u00ae hladilne gel blazinice za dojenje (pak. 2) | Ajatutaja","og_description":"Lansinoh hladilne gel blazinice za dojenje pomagajo bla\u017eiti in za\u0161\u010dititi razpokane in ranjene bradavice med podoji. Blazinice lahko ve\u010dkrat uporabite - do 72 ur!","og_url":"https:\/\/ajatutaja.com\/izdelek\/lansinoh-hladilne-gel-blazinice-za-dojenje-pak-2\/","og_site_name":"Ajatutaja","article_modified_time":"2026-03-25T22:46:00+00:00","og_image":[{"width":1000,"height":1300,"url":"https:\/\/ajatutaja.com\/wp-content\/uploads\/2024\/07\/hladilne-gel-blazinice-za-dojke-lansinoh.png","type":"image\/png"}],"twitter_card":"summary_large_image","twitter_misc":{"Procijenjeno vrijeme \u010ditanja":"1 minuta"},"schema":{"@context":"https:\/\/schema.org","@graph":[{"@type":"WebPage","@id":"https:\/\/ajatutaja.com\/izdelek\/lansinoh-hladilne-gel-blazinice-za-dojenje-pak-2\/","url":"https:\/\/ajatutaja.com\/izdelek\/lansinoh-hladilne-gel-blazinice-za-dojenje-pak-2\/","name":"Lansinoh\u00ae hladilne gel blazinice za dojenje (pak. 2) | Ajatutaja","isPartOf":{"@id":"https:\/\/ajatutaja.com\/#website"},"primaryImageOfPage":{"@id":"https:\/\/ajatutaja.com\/izdelek\/lansinoh-hladilne-gel-blazinice-za-dojenje-pak-2\/#primaryimage"},"image":{"@id":"https:\/\/ajatutaja.com\/izdelek\/lansinoh-hladilne-gel-blazinice-za-dojenje-pak-2\/#primaryimage"},"thumbnailUrl":"https:\/\/ajatutaja.com\/wp-content\/uploads\/2024\/07\/hladilne-gel-blazinice-za-dojke-lansinoh.png","datePublished":"2024-07-19T14:57:04+00:00","dateModified":"2026-03-25T22:46:00+00:00","description":"Lansinoh hladilne gel blazinice za dojenje pomagajo bla\u017eiti in za\u0161\u010dititi razpokane in ranjene bradavice med podoji. Blazinice lahko ve\u010dkrat uporabite - do 72 ur!","breadcrumb":{"@id":"https:\/\/ajatutaja.com\/izdelek\/lansinoh-hladilne-gel-blazinice-za-dojenje-pak-2\/#breadcrumb"},"inLanguage":"hr","potentialAction":[{"@type":"ReadAction","target":["https:\/\/ajatutaja.com\/izdelek\/lansinoh-hladilne-gel-blazinice-za-dojenje-pak-2\/"]}]},{"@type":"ImageObject","inLanguage":"hr","@id":"https:\/\/ajatutaja.com\/izdelek\/lansinoh-hladilne-gel-blazinice-za-dojenje-pak-2\/#primaryimage","url":"https:\/\/ajatutaja.com\/wp-content\/uploads\/2024\/07\/hladilne-gel-blazinice-za-dojke-lansinoh.png","contentUrl":"https:\/\/ajatutaja.com\/wp-content\/uploads\/2024\/07\/hladilne-gel-blazinice-za-dojke-lansinoh.png","width":1000,"height":1300},{"@type":"BreadcrumbList","@id":"https:\/\/ajatutaja.com\/izdelek\/lansinoh-hladilne-gel-blazinice-za-dojenje-pak-2\/#breadcrumb","itemListElement":[{"@type":"ListItem","position":1,"name":"Home","item":"https:\/\/ajatutaja.com\/hr\/"},{"@type":"ListItem","position":2,"name":"Trgovina","item":"https:\/\/ajatutaja.com\/hr\/trgovina\/"},{"@type":"ListItem","position":3,"name":"Lansinoh\u00ae hladilne gel blazinice za dojenje (pak. 2)"}]},{"@type":"WebSite","@id":"https:\/\/ajatutaja.com\/#website","url":"https:\/\/ajatutaja.com\/","name":"Ajatutaja","description":"Otro\u0161ka spletna trgovina AJATUTAJA","publisher":{"@id":"https:\/\/ajatutaja.com\/#organization"},"potentialAction":[{"@type":"SearchAction","target":{"@type":"EntryPoint","urlTemplate":"https:\/\/ajatutaja.com\/?s={search_term_string}"},"query-input":{"@type":"PropertyValueSpecification","valueRequired":true,"valueName":"search_term_string"}}],"inLanguage":"hr"},{"@type":"Organization","@id":"https:\/\/ajatutaja.com\/#organization","name":"Ajatutaja","url":"https:\/\/ajatutaja.com\/","logo":{"@type":"ImageObject","inLanguage":"hr","@id":"https:\/\/ajatutaja.com\/#\/schema\/logo\/image\/","url":"https:\/\/ajatutaja.com\/wp-content\/uploads\/2021\/10\/logo.png","contentUrl":"https:\/\/ajatutaja.com\/wp-content\/uploads\/2021\/10\/logo.png","width":555,"height":150,"caption":"Ajatutaja"},"image":{"@id":"https:\/\/ajatutaja.com\/#\/schema\/logo\/image\/"}}]}},"brands":[{"id":2268,"name":"Dojenje","slug":"dojenje"},{"id":5450,"name":"Lansinoh","slug":"lansinoh"}],"_links":{"self":[{"href":"https:\/\/ajatutaja.com\/hr\/wp-json\/wp\/v2\/product\/66257","targetHints":{"allow":["GET"]}}],"collection":[{"href":"https:\/\/ajatutaja.com\/hr\/wp-json\/wp\/v2\/product"}],"about":[{"href":"https:\/\/ajatutaja.com\/hr\/wp-json\/wp\/v2\/types\/product"}],"wp:featuredmedia":[{"embeddable":true,"href":"https:\/\/ajatutaja.com\/hr\/wp-json\/wp\/v2\/media\/66261"}],"wp:attachment":[{"href":"https:\/\/ajatutaja.com\/hr\/wp-json\/wp\/v2\/media?parent=66257"}],"wp:term":[{"taxonomy":"pwb-brand","embeddable":true,"href":"https:\/\/ajatutaja.com\/hr\/wp-json\/wp\/v2\/pwb-brand?post=66257"},{"taxonomy":"product_brand","embeddable":true,"href":"https:\/\/ajatutaja.com\/hr\/wp-json\/wp\/v2\/product_brand?post=66257"},{"taxonomy":"product_cat","embeddable":true,"href":"https:\/\/ajatutaja.com\/hr\/wp-json\/wp\/v2\/product_cat?post=66257"},{"taxonomy":"product_tag","embeddable":true,"href":"https:\/\/ajatutaja.com\/hr\/wp-json\/wp\/v2\/product_tag?post=66257"}],"curies":[{"name":"wp","href":"https:\/\/api.w.org\/{rel}","templated":true}]}}