{"id":66016,"date":"2024-07-05T12:17:48","date_gmt":"2024-07-05T10:17:48","guid":{"rendered":"https:\/\/ajatutaja.com\/?post_type=product&#038;p=66016"},"modified":"2026-01-17T12:06:24","modified_gmt":"2026-01-17T11:06:24","slug":"miniland-termovka-600ml-valencia","status":"publish","type":"product","link":"https:\/\/ajatutaja.com\/hr\/proizvod\/miniland-termovka-600ml-valencia\/","title":{"rendered":"Miniland Termovka 600ml &#8211; Valencia"},"content":{"rendered":"<h3>Lastnosti termovke Miniland :<\/h3>\n<ul>\n<li>Volumen:\u00a0600 ml<\/li>\n<li>Pranje: ro\u010dno. Ni primerno\u00a0za pomivanje\u00a0v pomivalnem stroju!<\/li>\n<li>100% brez BPA<\/li>\n<\/ul>\n","protected":false},"excerpt":{"rendered":"<p>Termovka Miniland (600ml) u\u010dinkovito vzdr\u017euje temperaturo hrane, zahvaljujo\u010d dvojni inox steni in eksluzivni plasti aluminija. Lepo se dopolnjuje z ostalimi izdelki iz kolekcije Miniland.<\/p>\n","protected":false},"featured_media":66017,"template":"","meta":[],"pwb-brand":[2269],"product_brand":[],"product_cat":[2266,2312],"product_tag":[4812],"class_list":{"0":"post-66016","1":"product","2":"type-product","3":"status-publish","4":"has-post-thumbnail","6":"pwb-brand-hranjenje","7":"product_cat-hranjenje","8":"product_cat-termo-posodice-in-termovke","9":"product_tag-miniland","11":"first","12":"instock","13":"taxable","14":"shipping-taxable","15":"purchasable","16":"product-type-simple","17":"add-to-wishlist-before_image"},"yoast_head":"<!-- This site is optimized with the Yoast SEO plugin v27.3 - https:\/\/yoast.com\/product\/yoast-seo-wordpress\/ -->\n<title>Miniland Termovka 600ml - Valencia | Ajatutaja<\/title>\n<meta name=\"description\" content=\"Termovka Miniland (280ml) u\u010dinkovito vzdr\u017euje temperaturo hrane, zahvaljujo\u010d dvojni inox steni in eksluzivni plasti aluminija.\" \/>\n<meta name=\"robots\" content=\"index, follow, max-snippet:-1, max-image-preview:large, max-video-preview:-1\" \/>\n<link rel=\"canonical\" href=\"https:\/\/ajatutaja.com\/izdelek\/miniland-termovka-600ml-valencia\/\" \/>\n<meta property=\"og:locale\" content=\"hr_HR\" \/>\n<meta property=\"og:type\" content=\"article\" \/>\n<meta property=\"og:title\" content=\"Miniland Termovka 600ml - Valencia | Ajatutaja\" \/>\n<meta property=\"og:description\" content=\"Termovka Miniland (280ml) u\u010dinkovito vzdr\u017euje temperaturo hrane, zahvaljujo\u010d dvojni inox steni in eksluzivni plasti aluminija.\" \/>\n<meta property=\"og:url\" content=\"https:\/\/ajatutaja.com\/izdelek\/miniland-termovka-600ml-valencia\/\" \/>\n<meta property=\"og:site_name\" content=\"Ajatutaja\" \/>\n<meta property=\"article:modified_time\" content=\"2026-01-17T11:06:24+00:00\" \/>\n<meta property=\"og:image\" content=\"https:\/\/ajatutaja.com\/wp-content\/uploads\/2024\/07\/miniland-termovka-valencia-600ml-ajatutaja-1.png\" \/>\n\t<meta property=\"og:image:width\" content=\"1080\" \/>\n\t<meta property=\"og:image:height\" content=\"1080\" \/>\n\t<meta property=\"og:image:type\" content=\"image\/png\" \/>\n<meta name=\"twitter:card\" content=\"summary_large_image\" \/>\n<script type=\"application\/ld+json\" class=\"yoast-schema-graph\">{\"@context\":\"https:\\\/\\\/schema.org\",\"@graph\":[{\"@type\":\"WebPage\",\"@id\":\"https:\\\/\\\/ajatutaja.com\\\/izdelek\\\/miniland-termovka-600ml-valencia\\\/\",\"url\":\"https:\\\/\\\/ajatutaja.com\\\/izdelek\\\/miniland-termovka-600ml-valencia\\\/\",\"name\":\"Miniland Termovka 600ml - Valencia | Ajatutaja\",\"isPartOf\":{\"@id\":\"https:\\\/\\\/ajatutaja.com\\\/#website\"},\"primaryImageOfPage\":{\"@id\":\"https:\\\/\\\/ajatutaja.com\\\/izdelek\\\/miniland-termovka-600ml-valencia\\\/#primaryimage\"},\"image\":{\"@id\":\"https:\\\/\\\/ajatutaja.com\\\/izdelek\\\/miniland-termovka-600ml-valencia\\\/#primaryimage\"},\"thumbnailUrl\":\"https:\\\/\\\/ajatutaja.com\\\/wp-content\\\/uploads\\\/2024\\\/07\\\/miniland-termovka-valencia-600ml-ajatutaja-1.png\",\"datePublished\":\"2024-07-05T10:17:48+00:00\",\"dateModified\":\"2026-01-17T11:06:24+00:00\",\"description\":\"Termovka Miniland (280ml) u\u010dinkovito vzdr\u017euje temperaturo hrane, zahvaljujo\u010d dvojni inox steni in eksluzivni plasti aluminija.\",\"breadcrumb\":{\"@id\":\"https:\\\/\\\/ajatutaja.com\\\/izdelek\\\/miniland-termovka-600ml-valencia\\\/#breadcrumb\"},\"inLanguage\":\"hr\",\"potentialAction\":[{\"@type\":\"ReadAction\",\"target\":[\"https:\\\/\\\/ajatutaja.com\\\/izdelek\\\/miniland-termovka-600ml-valencia\\\/\"]}]},{\"@type\":\"ImageObject\",\"inLanguage\":\"hr\",\"@id\":\"https:\\\/\\\/ajatutaja.com\\\/izdelek\\\/miniland-termovka-600ml-valencia\\\/#primaryimage\",\"url\":\"https:\\\/\\\/ajatutaja.com\\\/wp-content\\\/uploads\\\/2024\\\/07\\\/miniland-termovka-valencia-600ml-ajatutaja-1.png\",\"contentUrl\":\"https:\\\/\\\/ajatutaja.com\\\/wp-content\\\/uploads\\\/2024\\\/07\\\/miniland-termovka-valencia-600ml-ajatutaja-1.png\",\"width\":1080,\"height\":1080},{\"@type\":\"BreadcrumbList\",\"@id\":\"https:\\\/\\\/ajatutaja.com\\\/izdelek\\\/miniland-termovka-600ml-valencia\\\/#breadcrumb\",\"itemListElement\":[{\"@type\":\"ListItem\",\"position\":1,\"name\":\"Home\",\"item\":\"https:\\\/\\\/ajatutaja.com\\\/hr\\\/\"},{\"@type\":\"ListItem\",\"position\":2,\"name\":\"Trgovina\",\"item\":\"https:\\\/\\\/ajatutaja.com\\\/hr\\\/trgovina\\\/\"},{\"@type\":\"ListItem\",\"position\":3,\"name\":\"Miniland Termovka 600ml &#8211; Valencia\"}]},{\"@type\":\"WebSite\",\"@id\":\"https:\\\/\\\/ajatutaja.com\\\/#website\",\"url\":\"https:\\\/\\\/ajatutaja.com\\\/\",\"name\":\"Ajatutaja\",\"description\":\"Otro\u0161ka spletna trgovina AJATUTAJA\",\"publisher\":{\"@id\":\"https:\\\/\\\/ajatutaja.com\\\/#organization\"},\"potentialAction\":[{\"@type\":\"SearchAction\",\"target\":{\"@type\":\"EntryPoint\",\"urlTemplate\":\"https:\\\/\\\/ajatutaja.com\\\/?s={search_term_string}\"},\"query-input\":{\"@type\":\"PropertyValueSpecification\",\"valueRequired\":true,\"valueName\":\"search_term_string\"}}],\"inLanguage\":\"hr\"},{\"@type\":\"Organization\",\"@id\":\"https:\\\/\\\/ajatutaja.com\\\/#organization\",\"name\":\"Ajatutaja\",\"url\":\"https:\\\/\\\/ajatutaja.com\\\/\",\"logo\":{\"@type\":\"ImageObject\",\"inLanguage\":\"hr\",\"@id\":\"https:\\\/\\\/ajatutaja.com\\\/#\\\/schema\\\/logo\\\/image\\\/\",\"url\":\"https:\\\/\\\/ajatutaja.com\\\/wp-content\\\/uploads\\\/2021\\\/10\\\/logo.png\",\"contentUrl\":\"https:\\\/\\\/ajatutaja.com\\\/wp-content\\\/uploads\\\/2021\\\/10\\\/logo.png\",\"width\":555,\"height\":150,\"caption\":\"Ajatutaja\"},\"image\":{\"@id\":\"https:\\\/\\\/ajatutaja.com\\\/#\\\/schema\\\/logo\\\/image\\\/\"}}]}<\/script>\n<!-- \/ Yoast SEO plugin. -->","yoast_head_json":{"title":"Miniland Termovka 600ml - Valencia | Ajatutaja","description":"Termovka Miniland (280ml) u\u010dinkovito vzdr\u017euje temperaturo hrane, zahvaljujo\u010d dvojni inox steni in eksluzivni plasti aluminija.","robots":{"index":"index","follow":"follow","max-snippet":"max-snippet:-1","max-image-preview":"max-image-preview:large","max-video-preview":"max-video-preview:-1"},"canonical":"https:\/\/ajatutaja.com\/izdelek\/miniland-termovka-600ml-valencia\/","og_locale":"hr_HR","og_type":"article","og_title":"Miniland Termovka 600ml - Valencia | Ajatutaja","og_description":"Termovka Miniland (280ml) u\u010dinkovito vzdr\u017euje temperaturo hrane, zahvaljujo\u010d dvojni inox steni in eksluzivni plasti aluminija.","og_url":"https:\/\/ajatutaja.com\/izdelek\/miniland-termovka-600ml-valencia\/","og_site_name":"Ajatutaja","article_modified_time":"2026-01-17T11:06:24+00:00","og_image":[{"width":1080,"height":1080,"url":"https:\/\/ajatutaja.com\/wp-content\/uploads\/2024\/07\/miniland-termovka-valencia-600ml-ajatutaja-1.png","type":"image\/png"}],"twitter_card":"summary_large_image","schema":{"@context":"https:\/\/schema.org","@graph":[{"@type":"WebPage","@id":"https:\/\/ajatutaja.com\/izdelek\/miniland-termovka-600ml-valencia\/","url":"https:\/\/ajatutaja.com\/izdelek\/miniland-termovka-600ml-valencia\/","name":"Miniland Termovka 600ml - Valencia | Ajatutaja","isPartOf":{"@id":"https:\/\/ajatutaja.com\/#website"},"primaryImageOfPage":{"@id":"https:\/\/ajatutaja.com\/izdelek\/miniland-termovka-600ml-valencia\/#primaryimage"},"image":{"@id":"https:\/\/ajatutaja.com\/izdelek\/miniland-termovka-600ml-valencia\/#primaryimage"},"thumbnailUrl":"https:\/\/ajatutaja.com\/wp-content\/uploads\/2024\/07\/miniland-termovka-valencia-600ml-ajatutaja-1.png","datePublished":"2024-07-05T10:17:48+00:00","dateModified":"2026-01-17T11:06:24+00:00","description":"Termovka Miniland (280ml) u\u010dinkovito vzdr\u017euje temperaturo hrane, zahvaljujo\u010d dvojni inox steni in eksluzivni plasti aluminija.","breadcrumb":{"@id":"https:\/\/ajatutaja.com\/izdelek\/miniland-termovka-600ml-valencia\/#breadcrumb"},"inLanguage":"hr","potentialAction":[{"@type":"ReadAction","target":["https:\/\/ajatutaja.com\/izdelek\/miniland-termovka-600ml-valencia\/"]}]},{"@type":"ImageObject","inLanguage":"hr","@id":"https:\/\/ajatutaja.com\/izdelek\/miniland-termovka-600ml-valencia\/#primaryimage","url":"https:\/\/ajatutaja.com\/wp-content\/uploads\/2024\/07\/miniland-termovka-valencia-600ml-ajatutaja-1.png","contentUrl":"https:\/\/ajatutaja.com\/wp-content\/uploads\/2024\/07\/miniland-termovka-valencia-600ml-ajatutaja-1.png","width":1080,"height":1080},{"@type":"BreadcrumbList","@id":"https:\/\/ajatutaja.com\/izdelek\/miniland-termovka-600ml-valencia\/#breadcrumb","itemListElement":[{"@type":"ListItem","position":1,"name":"Home","item":"https:\/\/ajatutaja.com\/hr\/"},{"@type":"ListItem","position":2,"name":"Trgovina","item":"https:\/\/ajatutaja.com\/hr\/trgovina\/"},{"@type":"ListItem","position":3,"name":"Miniland Termovka 600ml &#8211; Valencia"}]},{"@type":"WebSite","@id":"https:\/\/ajatutaja.com\/#website","url":"https:\/\/ajatutaja.com\/","name":"Ajatutaja","description":"Otro\u0161ka spletna trgovina AJATUTAJA","publisher":{"@id":"https:\/\/ajatutaja.com\/#organization"},"potentialAction":[{"@type":"SearchAction","target":{"@type":"EntryPoint","urlTemplate":"https:\/\/ajatutaja.com\/?s={search_term_string}"},"query-input":{"@type":"PropertyValueSpecification","valueRequired":true,"valueName":"search_term_string"}}],"inLanguage":"hr"},{"@type":"Organization","@id":"https:\/\/ajatutaja.com\/#organization","name":"Ajatutaja","url":"https:\/\/ajatutaja.com\/","logo":{"@type":"ImageObject","inLanguage":"hr","@id":"https:\/\/ajatutaja.com\/#\/schema\/logo\/image\/","url":"https:\/\/ajatutaja.com\/wp-content\/uploads\/2021\/10\/logo.png","contentUrl":"https:\/\/ajatutaja.com\/wp-content\/uploads\/2021\/10\/logo.png","width":555,"height":150,"caption":"Ajatutaja"},"image":{"@id":"https:\/\/ajatutaja.com\/#\/schema\/logo\/image\/"}}]}},"brands":[{"id":2269,"name":"Hranjenje","slug":"hranjenje"}],"_links":{"self":[{"href":"https:\/\/ajatutaja.com\/hr\/wp-json\/wp\/v2\/product\/66016","targetHints":{"allow":["GET"]}}],"collection":[{"href":"https:\/\/ajatutaja.com\/hr\/wp-json\/wp\/v2\/product"}],"about":[{"href":"https:\/\/ajatutaja.com\/hr\/wp-json\/wp\/v2\/types\/product"}],"wp:featuredmedia":[{"embeddable":true,"href":"https:\/\/ajatutaja.com\/hr\/wp-json\/wp\/v2\/media\/66017"}],"wp:attachment":[{"href":"https:\/\/ajatutaja.com\/hr\/wp-json\/wp\/v2\/media?parent=66016"}],"wp:term":[{"taxonomy":"pwb-brand","embeddable":true,"href":"https:\/\/ajatutaja.com\/hr\/wp-json\/wp\/v2\/pwb-brand?post=66016"},{"taxonomy":"product_brand","embeddable":true,"href":"https:\/\/ajatutaja.com\/hr\/wp-json\/wp\/v2\/product_brand?post=66016"},{"taxonomy":"product_cat","embeddable":true,"href":"https:\/\/ajatutaja.com\/hr\/wp-json\/wp\/v2\/product_cat?post=66016"},{"taxonomy":"product_tag","embeddable":true,"href":"https:\/\/ajatutaja.com\/hr\/wp-json\/wp\/v2\/product_tag?post=66016"}],"curies":[{"name":"wp","href":"https:\/\/api.w.org\/{rel}","templated":true}]}}