{"id":65602,"date":"2024-06-10T13:54:35","date_gmt":"2024-06-10T11:54:35","guid":{"rendered":"https:\/\/ajatutaja.com\/?post_type=product&#038;p=65602"},"modified":"2026-03-12T14:42:10","modified_gmt":"2026-03-12T13:42:10","slug":"senzoricna-ortopedska-talna-podloga-muffik-natural","status":"publish","type":"product","link":"https:\/\/ajatutaja.com\/hr\/proizvod\/senzoricna-ortopedska-talna-podloga-muffik-natural\/","title":{"rendered":"Senzori\u010dna ortopedska talna podloga MUFFIK\u00ae &#8211; Natural"},"content":{"rendered":"<p>[vc_row][vc_column][vc_column_text]Set 3D je idealen za trening ravnote\u017eja. Primeren je za otroke, ki za\u010denjajo s hojo (od enega leta starosti naprej).<\/p>\n<p><strong>Lastnosti ortopedskih senzori\u010dnih podlog Muffik:<\/strong><\/p>\n<ul>\n<li>Spodbuja pre\u017eivljanje \u010dasa na trebu\u0161\u010dku in vpliva na kakovost gibalnega razvoja,<\/li>\n<li>spodbuja krepitev trupa, ramenskega obro\u010da in rok,<\/li>\n<li>spodbuja razvoj senzorike,<\/li>\n<li>nudi nedrse\u010do podlogo za igro in razvoj.<\/li>\n<li>Material: pro\u017een PVC brez ftalatov in drugih \u0161kodljivih snovi<\/li>\n<li>EU standard EN 71-1:2014 + A1:2018 and EN 71-2:2011 + A1:2014 and EN 71-3:2019-08<\/li>\n<li>Velikosti posamezne podloge: 29,79 x 29,79 cm.<\/li>\n<\/ul>\n<p><strong>Set vsebuje 8 kosov :<\/strong><\/p>\n<ul>\n<li>1 x korenine \u2013 <em>trda<\/em>,<\/li>\n<li>1 x korenine &#8211; <em>mehka<\/em><\/li>\n<li>1 x dino jajca \u2013 <em>trda<\/em>,<\/li>\n<li>1 x hlodi \u2013 <em>trda<\/em>,<\/li>\n<li>1 x orehi \u2013 <em>trda,<\/em><\/li>\n<li>1 x kamen\u010dki &#8211; <em>trda,<\/em><\/li>\n<li>1 x kostanj &#8211; <em>trda<\/em>,<\/li>\n<li>1 x meadows &#8211; <em>mehka<\/em><\/li>\n<\/ul>\n<p>Modeli za izdelavo podlog so izdelani iz naravnih materialov kot so kamni, stor\u017ei, \u0161koljke, hlodi in podobno. Same podloge, pa so izdelane iz nedrse\u010dega PVC. Izdelek je zasnovan in v celoti izdelano v <strong>EU<\/strong>.[\/vc_column_text][\/vc_column][\/vc_row]<\/p>\n","protected":false},"excerpt":{"rendered":"<p>Senzori\u010dna ortopedska talne podloga Muffik\u00ae &#8211; Natural vsebuje idealno kombinacijo trdih in mehkih podlog za stimulacijo podplatov za prepre\u010devanje in rehabilitacijo ploskih stopal in zru\u0161enih stopal. Vklju\u010duje tudi 3D vrste podlog, ki krepijo ne samo stopala, gle\u017enje, kolena in kolke, temve\u010d tudi globoke mi\u0161ice in globok stabilizacijski sistem hrbtenice, ki je bistvenega pomena za pravilno dr\u017eo in zdrav razvoj vsa\u0161ega mal\u010dka. Ortopedske podloge razvijajo domi\u0161ljijo, fino motoriko, koordinacijo, orientacijo v prostoru, orientacijo desno-levo in hitrost reakcije. Komplet naravne barve se popolnoma prilega notranjosti va\u0161ega doma.<\/p>\n","protected":false},"featured_media":65581,"template":"","meta":[],"pwb-brand":[5556],"product_brand":[],"product_cat":[3989,2441,2362,2442],"product_tag":[5555],"class_list":{"0":"post-65602","1":"product","2":"type-product","3":"status-publish","4":"has-post-thumbnail","6":"pwb-brand-muffik","7":"product_cat-12-mesecev-igrace","8":"product_cat-aktivnostne-igrace","9":"product_cat-igranje","10":"product_cat-senzoricne-igrace","11":"product_tag-muffik","13":"first","14":"instock","15":"taxable","16":"shipping-taxable","17":"purchasable","18":"product-type-simple","19":"add-to-wishlist-before_image"},"yoast_head":"<!-- This site is optimized with the Yoast SEO plugin v27.3 - https:\/\/yoast.com\/product\/yoast-seo-wordpress\/ -->\n<title>Senzori\u010dna ortopedska talna podloga MUFFIK\u00ae - Natural | Ajatutaja<\/title>\n<meta name=\"description\" content=\"Senzori\u010dna ortopedska talne podloga Muffik\u00ae - Natural vsebuje idealno kombinacijo trdih in mehkih podlog za stimulacijo podplatov za prepre\u010devanje in rehabilitacijo ploskih stopal in zru\u0161enih stopal.\" \/>\n<meta name=\"robots\" content=\"index, follow, max-snippet:-1, max-image-preview:large, max-video-preview:-1\" \/>\n<link rel=\"canonical\" href=\"https:\/\/ajatutaja.com\/izdelek\/senzoricna-ortopedska-talna-podloga-muffik-natural\/\" \/>\n<meta property=\"og:locale\" content=\"hr_HR\" \/>\n<meta property=\"og:type\" content=\"article\" \/>\n<meta property=\"og:title\" content=\"Senzori\u010dna ortopedska talna podloga MUFFIK\u00ae - Natural | Ajatutaja\" \/>\n<meta property=\"og:description\" content=\"Senzori\u010dna ortopedska talne podloga Muffik\u00ae - Natural vsebuje idealno kombinacijo trdih in mehkih podlog za stimulacijo podplatov za prepre\u010devanje in rehabilitacijo ploskih stopal in zru\u0161enih stopal.\" \/>\n<meta property=\"og:url\" content=\"https:\/\/ajatutaja.com\/izdelek\/senzoricna-ortopedska-talna-podloga-muffik-natural\/\" \/>\n<meta property=\"og:site_name\" content=\"Ajatutaja\" \/>\n<meta property=\"article:modified_time\" content=\"2026-03-12T13:42:10+00:00\" \/>\n<meta property=\"og:image\" content=\"https:\/\/ajatutaja.com\/wp-content\/uploads\/2024\/06\/Talna-ortopedska-senzoricna-podloga-muffik-NATURAL-1.jpg\" \/>\n\t<meta property=\"og:image:width\" content=\"2000\" \/>\n\t<meta property=\"og:image:height\" content=\"1248\" \/>\n\t<meta property=\"og:image:type\" content=\"image\/jpeg\" \/>\n<meta name=\"twitter:card\" content=\"summary_large_image\" \/>\n<meta name=\"twitter:label1\" content=\"Procijenjeno vrijeme \u010ditanja\" \/>\n\t<meta name=\"twitter:data1\" content=\"1 minuta\" \/>\n<script type=\"application\/ld+json\" class=\"yoast-schema-graph\">{\"@context\":\"https:\\\/\\\/schema.org\",\"@graph\":[{\"@type\":\"WebPage\",\"@id\":\"https:\\\/\\\/ajatutaja.com\\\/izdelek\\\/senzoricna-ortopedska-talna-podloga-muffik-natural\\\/\",\"url\":\"https:\\\/\\\/ajatutaja.com\\\/izdelek\\\/senzoricna-ortopedska-talna-podloga-muffik-natural\\\/\",\"name\":\"Senzori\u010dna ortopedska talna podloga MUFFIK\u00ae - Natural | Ajatutaja\",\"isPartOf\":{\"@id\":\"https:\\\/\\\/ajatutaja.com\\\/#website\"},\"primaryImageOfPage\":{\"@id\":\"https:\\\/\\\/ajatutaja.com\\\/izdelek\\\/senzoricna-ortopedska-talna-podloga-muffik-natural\\\/#primaryimage\"},\"image\":{\"@id\":\"https:\\\/\\\/ajatutaja.com\\\/izdelek\\\/senzoricna-ortopedska-talna-podloga-muffik-natural\\\/#primaryimage\"},\"thumbnailUrl\":\"https:\\\/\\\/ajatutaja.com\\\/wp-content\\\/uploads\\\/2024\\\/06\\\/Talna-ortopedska-senzoricna-podloga-muffik-NATURAL-1.jpg\",\"datePublished\":\"2024-06-10T11:54:35+00:00\",\"dateModified\":\"2026-03-12T13:42:10+00:00\",\"description\":\"Senzori\u010dna ortopedska talne podloga Muffik\u00ae - Natural vsebuje idealno kombinacijo trdih in mehkih podlog za stimulacijo podplatov za prepre\u010devanje in rehabilitacijo ploskih stopal in zru\u0161enih stopal.\",\"breadcrumb\":{\"@id\":\"https:\\\/\\\/ajatutaja.com\\\/izdelek\\\/senzoricna-ortopedska-talna-podloga-muffik-natural\\\/#breadcrumb\"},\"inLanguage\":\"hr\",\"potentialAction\":[{\"@type\":\"ReadAction\",\"target\":[\"https:\\\/\\\/ajatutaja.com\\\/izdelek\\\/senzoricna-ortopedska-talna-podloga-muffik-natural\\\/\"]}]},{\"@type\":\"ImageObject\",\"inLanguage\":\"hr\",\"@id\":\"https:\\\/\\\/ajatutaja.com\\\/izdelek\\\/senzoricna-ortopedska-talna-podloga-muffik-natural\\\/#primaryimage\",\"url\":\"https:\\\/\\\/ajatutaja.com\\\/wp-content\\\/uploads\\\/2024\\\/06\\\/Talna-ortopedska-senzoricna-podloga-muffik-NATURAL-1.jpg\",\"contentUrl\":\"https:\\\/\\\/ajatutaja.com\\\/wp-content\\\/uploads\\\/2024\\\/06\\\/Talna-ortopedska-senzoricna-podloga-muffik-NATURAL-1.jpg\",\"width\":2000,\"height\":1248},{\"@type\":\"BreadcrumbList\",\"@id\":\"https:\\\/\\\/ajatutaja.com\\\/izdelek\\\/senzoricna-ortopedska-talna-podloga-muffik-natural\\\/#breadcrumb\",\"itemListElement\":[{\"@type\":\"ListItem\",\"position\":1,\"name\":\"Home\",\"item\":\"https:\\\/\\\/ajatutaja.com\\\/hr\\\/\"},{\"@type\":\"ListItem\",\"position\":2,\"name\":\"Trgovina\",\"item\":\"https:\\\/\\\/ajatutaja.com\\\/hr\\\/trgovina\\\/\"},{\"@type\":\"ListItem\",\"position\":3,\"name\":\"Senzori\u010dna ortopedska talna podloga MUFFIK\u00ae &#8211; Natural\"}]},{\"@type\":\"WebSite\",\"@id\":\"https:\\\/\\\/ajatutaja.com\\\/#website\",\"url\":\"https:\\\/\\\/ajatutaja.com\\\/\",\"name\":\"Ajatutaja\",\"description\":\"Otro\u0161ka spletna trgovina AJATUTAJA\",\"publisher\":{\"@id\":\"https:\\\/\\\/ajatutaja.com\\\/#organization\"},\"potentialAction\":[{\"@type\":\"SearchAction\",\"target\":{\"@type\":\"EntryPoint\",\"urlTemplate\":\"https:\\\/\\\/ajatutaja.com\\\/?s={search_term_string}\"},\"query-input\":{\"@type\":\"PropertyValueSpecification\",\"valueRequired\":true,\"valueName\":\"search_term_string\"}}],\"inLanguage\":\"hr\"},{\"@type\":\"Organization\",\"@id\":\"https:\\\/\\\/ajatutaja.com\\\/#organization\",\"name\":\"Ajatutaja\",\"url\":\"https:\\\/\\\/ajatutaja.com\\\/\",\"logo\":{\"@type\":\"ImageObject\",\"inLanguage\":\"hr\",\"@id\":\"https:\\\/\\\/ajatutaja.com\\\/#\\\/schema\\\/logo\\\/image\\\/\",\"url\":\"https:\\\/\\\/ajatutaja.com\\\/wp-content\\\/uploads\\\/2021\\\/10\\\/logo.png\",\"contentUrl\":\"https:\\\/\\\/ajatutaja.com\\\/wp-content\\\/uploads\\\/2021\\\/10\\\/logo.png\",\"width\":555,\"height\":150,\"caption\":\"Ajatutaja\"},\"image\":{\"@id\":\"https:\\\/\\\/ajatutaja.com\\\/#\\\/schema\\\/logo\\\/image\\\/\"}}]}<\/script>\n<!-- \/ Yoast SEO plugin. -->","yoast_head_json":{"title":"Senzori\u010dna ortopedska talna podloga MUFFIK\u00ae - Natural | Ajatutaja","description":"Senzori\u010dna ortopedska talne podloga Muffik\u00ae - Natural vsebuje idealno kombinacijo trdih in mehkih podlog za stimulacijo podplatov za prepre\u010devanje in rehabilitacijo ploskih stopal in zru\u0161enih stopal.","robots":{"index":"index","follow":"follow","max-snippet":"max-snippet:-1","max-image-preview":"max-image-preview:large","max-video-preview":"max-video-preview:-1"},"canonical":"https:\/\/ajatutaja.com\/izdelek\/senzoricna-ortopedska-talna-podloga-muffik-natural\/","og_locale":"hr_HR","og_type":"article","og_title":"Senzori\u010dna ortopedska talna podloga MUFFIK\u00ae - Natural | Ajatutaja","og_description":"Senzori\u010dna ortopedska talne podloga Muffik\u00ae - Natural vsebuje idealno kombinacijo trdih in mehkih podlog za stimulacijo podplatov za prepre\u010devanje in rehabilitacijo ploskih stopal in zru\u0161enih stopal.","og_url":"https:\/\/ajatutaja.com\/izdelek\/senzoricna-ortopedska-talna-podloga-muffik-natural\/","og_site_name":"Ajatutaja","article_modified_time":"2026-03-12T13:42:10+00:00","og_image":[{"width":2000,"height":1248,"url":"https:\/\/ajatutaja.com\/wp-content\/uploads\/2024\/06\/Talna-ortopedska-senzoricna-podloga-muffik-NATURAL-1.jpg","type":"image\/jpeg"}],"twitter_card":"summary_large_image","twitter_misc":{"Procijenjeno vrijeme \u010ditanja":"1 minuta"},"schema":{"@context":"https:\/\/schema.org","@graph":[{"@type":"WebPage","@id":"https:\/\/ajatutaja.com\/izdelek\/senzoricna-ortopedska-talna-podloga-muffik-natural\/","url":"https:\/\/ajatutaja.com\/izdelek\/senzoricna-ortopedska-talna-podloga-muffik-natural\/","name":"Senzori\u010dna ortopedska talna podloga MUFFIK\u00ae - Natural | Ajatutaja","isPartOf":{"@id":"https:\/\/ajatutaja.com\/#website"},"primaryImageOfPage":{"@id":"https:\/\/ajatutaja.com\/izdelek\/senzoricna-ortopedska-talna-podloga-muffik-natural\/#primaryimage"},"image":{"@id":"https:\/\/ajatutaja.com\/izdelek\/senzoricna-ortopedska-talna-podloga-muffik-natural\/#primaryimage"},"thumbnailUrl":"https:\/\/ajatutaja.com\/wp-content\/uploads\/2024\/06\/Talna-ortopedska-senzoricna-podloga-muffik-NATURAL-1.jpg","datePublished":"2024-06-10T11:54:35+00:00","dateModified":"2026-03-12T13:42:10+00:00","description":"Senzori\u010dna ortopedska talne podloga Muffik\u00ae - Natural vsebuje idealno kombinacijo trdih in mehkih podlog za stimulacijo podplatov za prepre\u010devanje in rehabilitacijo ploskih stopal in zru\u0161enih stopal.","breadcrumb":{"@id":"https:\/\/ajatutaja.com\/izdelek\/senzoricna-ortopedska-talna-podloga-muffik-natural\/#breadcrumb"},"inLanguage":"hr","potentialAction":[{"@type":"ReadAction","target":["https:\/\/ajatutaja.com\/izdelek\/senzoricna-ortopedska-talna-podloga-muffik-natural\/"]}]},{"@type":"ImageObject","inLanguage":"hr","@id":"https:\/\/ajatutaja.com\/izdelek\/senzoricna-ortopedska-talna-podloga-muffik-natural\/#primaryimage","url":"https:\/\/ajatutaja.com\/wp-content\/uploads\/2024\/06\/Talna-ortopedska-senzoricna-podloga-muffik-NATURAL-1.jpg","contentUrl":"https:\/\/ajatutaja.com\/wp-content\/uploads\/2024\/06\/Talna-ortopedska-senzoricna-podloga-muffik-NATURAL-1.jpg","width":2000,"height":1248},{"@type":"BreadcrumbList","@id":"https:\/\/ajatutaja.com\/izdelek\/senzoricna-ortopedska-talna-podloga-muffik-natural\/#breadcrumb","itemListElement":[{"@type":"ListItem","position":1,"name":"Home","item":"https:\/\/ajatutaja.com\/hr\/"},{"@type":"ListItem","position":2,"name":"Trgovina","item":"https:\/\/ajatutaja.com\/hr\/trgovina\/"},{"@type":"ListItem","position":3,"name":"Senzori\u010dna ortopedska talna podloga MUFFIK\u00ae &#8211; Natural"}]},{"@type":"WebSite","@id":"https:\/\/ajatutaja.com\/#website","url":"https:\/\/ajatutaja.com\/","name":"Ajatutaja","description":"Otro\u0161ka spletna trgovina AJATUTAJA","publisher":{"@id":"https:\/\/ajatutaja.com\/#organization"},"potentialAction":[{"@type":"SearchAction","target":{"@type":"EntryPoint","urlTemplate":"https:\/\/ajatutaja.com\/?s={search_term_string}"},"query-input":{"@type":"PropertyValueSpecification","valueRequired":true,"valueName":"search_term_string"}}],"inLanguage":"hr"},{"@type":"Organization","@id":"https:\/\/ajatutaja.com\/#organization","name":"Ajatutaja","url":"https:\/\/ajatutaja.com\/","logo":{"@type":"ImageObject","inLanguage":"hr","@id":"https:\/\/ajatutaja.com\/#\/schema\/logo\/image\/","url":"https:\/\/ajatutaja.com\/wp-content\/uploads\/2021\/10\/logo.png","contentUrl":"https:\/\/ajatutaja.com\/wp-content\/uploads\/2021\/10\/logo.png","width":555,"height":150,"caption":"Ajatutaja"},"image":{"@id":"https:\/\/ajatutaja.com\/#\/schema\/logo\/image\/"}}]}},"brands":[{"id":5556,"name":"Muffik\u00ae","slug":"muffik"}],"_links":{"self":[{"href":"https:\/\/ajatutaja.com\/hr\/wp-json\/wp\/v2\/product\/65602","targetHints":{"allow":["GET"]}}],"collection":[{"href":"https:\/\/ajatutaja.com\/hr\/wp-json\/wp\/v2\/product"}],"about":[{"href":"https:\/\/ajatutaja.com\/hr\/wp-json\/wp\/v2\/types\/product"}],"wp:featuredmedia":[{"embeddable":true,"href":"https:\/\/ajatutaja.com\/hr\/wp-json\/wp\/v2\/media\/65581"}],"wp:attachment":[{"href":"https:\/\/ajatutaja.com\/hr\/wp-json\/wp\/v2\/media?parent=65602"}],"wp:term":[{"taxonomy":"pwb-brand","embeddable":true,"href":"https:\/\/ajatutaja.com\/hr\/wp-json\/wp\/v2\/pwb-brand?post=65602"},{"taxonomy":"product_brand","embeddable":true,"href":"https:\/\/ajatutaja.com\/hr\/wp-json\/wp\/v2\/product_brand?post=65602"},{"taxonomy":"product_cat","embeddable":true,"href":"https:\/\/ajatutaja.com\/hr\/wp-json\/wp\/v2\/product_cat?post=65602"},{"taxonomy":"product_tag","embeddable":true,"href":"https:\/\/ajatutaja.com\/hr\/wp-json\/wp\/v2\/product_tag?post=65602"}],"curies":[{"name":"wp","href":"https:\/\/api.w.org\/{rel}","templated":true}]}}