{"id":65600,"date":"2024-06-10T13:42:35","date_gmt":"2024-06-10T11:42:35","guid":{"rendered":"https:\/\/ajatutaja.com\/?post_type=product&#038;p=65600"},"modified":"2026-03-12T14:52:01","modified_gmt":"2026-03-12T13:52:01","slug":"senzoricna-ortopedska-talna-podloga-muffik-set-huge-1","status":"publish","type":"product","link":"https:\/\/ajatutaja.com\/hr\/proizvod\/senzoricna-ortopedska-talna-podloga-muffik-set-huge-1\/","title":{"rendered":"Senzori\u010dna ortopedska talna podloga MUFFIK\u00ae &#8211; Set HUGE 1"},"content":{"rendered":"<p>[vc_row][vc_column][vc_column_text]<strong>MUFFIK SET HUGE 1<\/strong>\u00a0 je sestavljen iz seta <strong>MEDIUM 1<\/strong> in celotne ponudbe <strong>3D<\/strong> podlog.\u00a0 Raznolikost podlage po kateri hodijo je pomembna za krepitev stopal, stopalnih lokov, nog ter krepitev trupa in celotnega telesa. Zaradi 3D podlog pa dobimo popolna ravnote\u017eno ortopedsko igra\u010do, s katero boste okrepili ne le stopala, gle\u017enje, kolena in kolke, temve\u010d predvsem globoke mi\u0161ice in sistem globoke stabilizacije hrbtenice, ki je nujen za pravilno dr\u017eo in zdrav razvoj.<\/p>\n<p><strong>Lastnosti ortopedskih senzori\u010dnih podlog Muffik:<\/strong><\/p>\n<ul>\n<li>Raznolika podlaga primerna za prve korake,<\/li>\n<li>za oblikovanje stopalnih lokov,<\/li>\n<li>za krepitev stopal, gle\u017enjev, kolen in centra telesa,<\/li>\n<li>za odpravljanje valgusa gle\u017enjev,<\/li>\n<li>prepre\u010duje in izbolj\u0161uje ploska stopala,<\/li>\n<li>prepre\u010duje obra\u010danje prstov in stopal navznoter,<\/li>\n<li>prepre\u010duje hojo po prstih,<\/li>\n<li>slu\u017ei kot refleksna in akupunkturna masa\u017ea,<\/li>\n<li>vpliva na bolj\u0161o prekrvavitev stopal,<\/li>\n<li>krepi globoke stabilizatorje trupa.<\/li>\n<li>Material: pro\u017een PVC brez ftalatov in drugih \u0161kodljivih snovi<\/li>\n<li>EU standard EN 71-1:2014 + A1:2018 and EN 71-2:2011 + A1:2014 and EN 71-3:2019-08<\/li>\n<li>Velikosti posamezne podloge: 29,79 x 29,79 cm.<\/li>\n<\/ul>\n<p><strong>Set vsebuje 13 kosov:<\/strong><\/p>\n<ul>\n<li>1 x trava \u2013 <em>mehka<\/em>,<\/li>\n<li>1 x dino jajca \u2013 <em>trda<\/em>,<\/li>\n<li>1 x kamen\u010dki \u2013 <em>trda,<\/em><\/li>\n<li>1 x Muffik \u2013 trda<em>,<\/em><\/li>\n<li>1 x \u0161koljke \u2013 <em>trda<\/em>,<\/li>\n<li>1 x orehi \u2013 <em>trda<\/em>,<\/li>\n<li>1 x gozd \u2013 <em>trda<\/em>,<\/li>\n<li>3 x Twister \u2013 <em>trda<\/em>,<\/li>\n<li>1 x pla\u017ea \u2013 <em>mehka<\/em>,<\/li>\n<li>1 x hlodi \u2013 <em>trda<\/em>,<\/li>\n<li>1 x je\u017eek \u2013 <em>trda.<\/em><\/li>\n<\/ul>\n<p>Modeli za izdelavo podlog so izdelani iz naravnih materialov kot so kamni, stor\u017ei, \u0161koljke, hlodi in podobno. Same podloge, pa so izdelane iz nedrse\u010dega PVC. Izdelek je zasnovan in v celoti izdelano v <strong>EU<\/strong>.[\/vc_column_text][\/vc_column][\/vc_row]<\/p>\n","protected":false},"excerpt":{"rendered":"<p>Muffik\u00ae SET HUGE 1\u00a0 je sestavljen iz seta MEDIUM 1 in celotne ponudbe 3D podlog. Gre za popolno kombinacijo osnovnih mehkih in trdih podlog ter 3D podlog za trening ravnote\u017eja. Set ponuja \u0161iroko paleto razli\u010dnih taktilnih izku\u0161enj, ki so primerne \u017ee za otroke, ki za\u010denjajo s prvimi koraki. Vsebuje trde, mehke, hladne, tople, bodi\u010daste, gladke, ravne in \u0161trle\u010de povr\u0161ine, ki omogo\u010dajo otrokom raznoliko in koristno raziskovanje sveta okoli sebe.<\/p>\n","protected":false},"featured_media":65574,"template":"","meta":[],"pwb-brand":[5556],"product_brand":[],"product_cat":[3989,2441,2362,2442],"product_tag":[5555],"class_list":{"0":"post-65600","1":"product","2":"type-product","3":"status-publish","4":"has-post-thumbnail","6":"pwb-brand-muffik","7":"product_cat-12-mesecev-igrace","8":"product_cat-aktivnostne-igrace","9":"product_cat-igranje","10":"product_cat-senzoricne-igrace","11":"product_tag-muffik","13":"first","14":"instock","15":"taxable","16":"shipping-taxable","17":"purchasable","18":"product-type-simple","19":"add-to-wishlist-before_image"},"yoast_head":"<!-- This site is optimized with the Yoast SEO plugin v27.3 - https:\/\/yoast.com\/product\/yoast-seo-wordpress\/ -->\n<title>Senzori\u010dna ortopedska talna podloga MUFFIK\u00ae - Set HUGE 1 | Ajatutaja<\/title>\n<meta name=\"description\" content=\"Muffik\u00ae SET HUGE 1\u00a0 je sestavljen iz seta MEDIUM 1 in celotne ponudbe 3D podlog. Gre za popolno kombinacijo osnovnih mehkih in trdih podlog ter 3D podlog za trening ravnote\u017eja.\" \/>\n<meta name=\"robots\" content=\"index, follow, max-snippet:-1, max-image-preview:large, max-video-preview:-1\" \/>\n<link rel=\"canonical\" href=\"https:\/\/ajatutaja.com\/izdelek\/senzoricna-ortopedska-talna-podloga-muffik-set-huge-1\/\" \/>\n<meta property=\"og:locale\" content=\"hr_HR\" \/>\n<meta property=\"og:type\" content=\"article\" \/>\n<meta property=\"og:title\" content=\"Senzori\u010dna ortopedska talna podloga MUFFIK\u00ae - Set HUGE 1 | Ajatutaja\" \/>\n<meta property=\"og:description\" content=\"Muffik\u00ae SET HUGE 1\u00a0 je sestavljen iz seta MEDIUM 1 in celotne ponudbe 3D podlog. Gre za popolno kombinacijo osnovnih mehkih in trdih podlog ter 3D podlog za trening ravnote\u017eja.\" \/>\n<meta property=\"og:url\" content=\"https:\/\/ajatutaja.com\/izdelek\/senzoricna-ortopedska-talna-podloga-muffik-set-huge-1\/\" \/>\n<meta property=\"og:site_name\" content=\"Ajatutaja\" \/>\n<meta property=\"article:modified_time\" content=\"2026-03-12T13:52:01+00:00\" \/>\n<meta property=\"og:image\" content=\"https:\/\/ajatutaja.com\/wp-content\/uploads\/2024\/06\/Talna-ortopedska-senzoricna-podloga-muffik-HUGE-1-SET-1.jpg\" \/>\n\t<meta property=\"og:image:width\" content=\"2000\" \/>\n\t<meta property=\"og:image:height\" content=\"1629\" \/>\n\t<meta property=\"og:image:type\" content=\"image\/jpeg\" \/>\n<meta name=\"twitter:card\" content=\"summary_large_image\" \/>\n<meta name=\"twitter:label1\" content=\"Procijenjeno vrijeme \u010ditanja\" \/>\n\t<meta name=\"twitter:data1\" content=\"1 minuta\" \/>\n<script type=\"application\/ld+json\" class=\"yoast-schema-graph\">{\"@context\":\"https:\\\/\\\/schema.org\",\"@graph\":[{\"@type\":\"WebPage\",\"@id\":\"https:\\\/\\\/ajatutaja.com\\\/izdelek\\\/senzoricna-ortopedska-talna-podloga-muffik-set-huge-1\\\/\",\"url\":\"https:\\\/\\\/ajatutaja.com\\\/izdelek\\\/senzoricna-ortopedska-talna-podloga-muffik-set-huge-1\\\/\",\"name\":\"Senzori\u010dna ortopedska talna podloga MUFFIK\u00ae - Set HUGE 1 | Ajatutaja\",\"isPartOf\":{\"@id\":\"https:\\\/\\\/ajatutaja.com\\\/#website\"},\"primaryImageOfPage\":{\"@id\":\"https:\\\/\\\/ajatutaja.com\\\/izdelek\\\/senzoricna-ortopedska-talna-podloga-muffik-set-huge-1\\\/#primaryimage\"},\"image\":{\"@id\":\"https:\\\/\\\/ajatutaja.com\\\/izdelek\\\/senzoricna-ortopedska-talna-podloga-muffik-set-huge-1\\\/#primaryimage\"},\"thumbnailUrl\":\"https:\\\/\\\/ajatutaja.com\\\/wp-content\\\/uploads\\\/2024\\\/06\\\/Talna-ortopedska-senzoricna-podloga-muffik-HUGE-1-SET-1.jpg\",\"datePublished\":\"2024-06-10T11:42:35+00:00\",\"dateModified\":\"2026-03-12T13:52:01+00:00\",\"description\":\"Muffik\u00ae SET HUGE 1\u00a0 je sestavljen iz seta MEDIUM 1 in celotne ponudbe 3D podlog. Gre za popolno kombinacijo osnovnih mehkih in trdih podlog ter 3D podlog za trening ravnote\u017eja.\",\"breadcrumb\":{\"@id\":\"https:\\\/\\\/ajatutaja.com\\\/izdelek\\\/senzoricna-ortopedska-talna-podloga-muffik-set-huge-1\\\/#breadcrumb\"},\"inLanguage\":\"hr\",\"potentialAction\":[{\"@type\":\"ReadAction\",\"target\":[\"https:\\\/\\\/ajatutaja.com\\\/izdelek\\\/senzoricna-ortopedska-talna-podloga-muffik-set-huge-1\\\/\"]}]},{\"@type\":\"ImageObject\",\"inLanguage\":\"hr\",\"@id\":\"https:\\\/\\\/ajatutaja.com\\\/izdelek\\\/senzoricna-ortopedska-talna-podloga-muffik-set-huge-1\\\/#primaryimage\",\"url\":\"https:\\\/\\\/ajatutaja.com\\\/wp-content\\\/uploads\\\/2024\\\/06\\\/Talna-ortopedska-senzoricna-podloga-muffik-HUGE-1-SET-1.jpg\",\"contentUrl\":\"https:\\\/\\\/ajatutaja.com\\\/wp-content\\\/uploads\\\/2024\\\/06\\\/Talna-ortopedska-senzoricna-podloga-muffik-HUGE-1-SET-1.jpg\",\"width\":2000,\"height\":1629},{\"@type\":\"BreadcrumbList\",\"@id\":\"https:\\\/\\\/ajatutaja.com\\\/izdelek\\\/senzoricna-ortopedska-talna-podloga-muffik-set-huge-1\\\/#breadcrumb\",\"itemListElement\":[{\"@type\":\"ListItem\",\"position\":1,\"name\":\"Home\",\"item\":\"https:\\\/\\\/ajatutaja.com\\\/hr\\\/\"},{\"@type\":\"ListItem\",\"position\":2,\"name\":\"Trgovina\",\"item\":\"https:\\\/\\\/ajatutaja.com\\\/hr\\\/trgovina\\\/\"},{\"@type\":\"ListItem\",\"position\":3,\"name\":\"Senzori\u010dna ortopedska talna podloga MUFFIK\u00ae &#8211; Set HUGE 1\"}]},{\"@type\":\"WebSite\",\"@id\":\"https:\\\/\\\/ajatutaja.com\\\/#website\",\"url\":\"https:\\\/\\\/ajatutaja.com\\\/\",\"name\":\"Ajatutaja\",\"description\":\"Otro\u0161ka spletna trgovina AJATUTAJA\",\"publisher\":{\"@id\":\"https:\\\/\\\/ajatutaja.com\\\/#organization\"},\"potentialAction\":[{\"@type\":\"SearchAction\",\"target\":{\"@type\":\"EntryPoint\",\"urlTemplate\":\"https:\\\/\\\/ajatutaja.com\\\/?s={search_term_string}\"},\"query-input\":{\"@type\":\"PropertyValueSpecification\",\"valueRequired\":true,\"valueName\":\"search_term_string\"}}],\"inLanguage\":\"hr\"},{\"@type\":\"Organization\",\"@id\":\"https:\\\/\\\/ajatutaja.com\\\/#organization\",\"name\":\"Ajatutaja\",\"url\":\"https:\\\/\\\/ajatutaja.com\\\/\",\"logo\":{\"@type\":\"ImageObject\",\"inLanguage\":\"hr\",\"@id\":\"https:\\\/\\\/ajatutaja.com\\\/#\\\/schema\\\/logo\\\/image\\\/\",\"url\":\"https:\\\/\\\/ajatutaja.com\\\/wp-content\\\/uploads\\\/2021\\\/10\\\/logo.png\",\"contentUrl\":\"https:\\\/\\\/ajatutaja.com\\\/wp-content\\\/uploads\\\/2021\\\/10\\\/logo.png\",\"width\":555,\"height\":150,\"caption\":\"Ajatutaja\"},\"image\":{\"@id\":\"https:\\\/\\\/ajatutaja.com\\\/#\\\/schema\\\/logo\\\/image\\\/\"}}]}<\/script>\n<!-- \/ Yoast SEO plugin. -->","yoast_head_json":{"title":"Senzori\u010dna ortopedska talna podloga MUFFIK\u00ae - Set HUGE 1 | Ajatutaja","description":"Muffik\u00ae SET HUGE 1\u00a0 je sestavljen iz seta MEDIUM 1 in celotne ponudbe 3D podlog. Gre za popolno kombinacijo osnovnih mehkih in trdih podlog ter 3D podlog za trening ravnote\u017eja.","robots":{"index":"index","follow":"follow","max-snippet":"max-snippet:-1","max-image-preview":"max-image-preview:large","max-video-preview":"max-video-preview:-1"},"canonical":"https:\/\/ajatutaja.com\/izdelek\/senzoricna-ortopedska-talna-podloga-muffik-set-huge-1\/","og_locale":"hr_HR","og_type":"article","og_title":"Senzori\u010dna ortopedska talna podloga MUFFIK\u00ae - Set HUGE 1 | Ajatutaja","og_description":"Muffik\u00ae SET HUGE 1\u00a0 je sestavljen iz seta MEDIUM 1 in celotne ponudbe 3D podlog. Gre za popolno kombinacijo osnovnih mehkih in trdih podlog ter 3D podlog za trening ravnote\u017eja.","og_url":"https:\/\/ajatutaja.com\/izdelek\/senzoricna-ortopedska-talna-podloga-muffik-set-huge-1\/","og_site_name":"Ajatutaja","article_modified_time":"2026-03-12T13:52:01+00:00","og_image":[{"width":2000,"height":1629,"url":"https:\/\/ajatutaja.com\/wp-content\/uploads\/2024\/06\/Talna-ortopedska-senzoricna-podloga-muffik-HUGE-1-SET-1.jpg","type":"image\/jpeg"}],"twitter_card":"summary_large_image","twitter_misc":{"Procijenjeno vrijeme \u010ditanja":"1 minuta"},"schema":{"@context":"https:\/\/schema.org","@graph":[{"@type":"WebPage","@id":"https:\/\/ajatutaja.com\/izdelek\/senzoricna-ortopedska-talna-podloga-muffik-set-huge-1\/","url":"https:\/\/ajatutaja.com\/izdelek\/senzoricna-ortopedska-talna-podloga-muffik-set-huge-1\/","name":"Senzori\u010dna ortopedska talna podloga MUFFIK\u00ae - Set HUGE 1 | Ajatutaja","isPartOf":{"@id":"https:\/\/ajatutaja.com\/#website"},"primaryImageOfPage":{"@id":"https:\/\/ajatutaja.com\/izdelek\/senzoricna-ortopedska-talna-podloga-muffik-set-huge-1\/#primaryimage"},"image":{"@id":"https:\/\/ajatutaja.com\/izdelek\/senzoricna-ortopedska-talna-podloga-muffik-set-huge-1\/#primaryimage"},"thumbnailUrl":"https:\/\/ajatutaja.com\/wp-content\/uploads\/2024\/06\/Talna-ortopedska-senzoricna-podloga-muffik-HUGE-1-SET-1.jpg","datePublished":"2024-06-10T11:42:35+00:00","dateModified":"2026-03-12T13:52:01+00:00","description":"Muffik\u00ae SET HUGE 1\u00a0 je sestavljen iz seta MEDIUM 1 in celotne ponudbe 3D podlog. Gre za popolno kombinacijo osnovnih mehkih in trdih podlog ter 3D podlog za trening ravnote\u017eja.","breadcrumb":{"@id":"https:\/\/ajatutaja.com\/izdelek\/senzoricna-ortopedska-talna-podloga-muffik-set-huge-1\/#breadcrumb"},"inLanguage":"hr","potentialAction":[{"@type":"ReadAction","target":["https:\/\/ajatutaja.com\/izdelek\/senzoricna-ortopedska-talna-podloga-muffik-set-huge-1\/"]}]},{"@type":"ImageObject","inLanguage":"hr","@id":"https:\/\/ajatutaja.com\/izdelek\/senzoricna-ortopedska-talna-podloga-muffik-set-huge-1\/#primaryimage","url":"https:\/\/ajatutaja.com\/wp-content\/uploads\/2024\/06\/Talna-ortopedska-senzoricna-podloga-muffik-HUGE-1-SET-1.jpg","contentUrl":"https:\/\/ajatutaja.com\/wp-content\/uploads\/2024\/06\/Talna-ortopedska-senzoricna-podloga-muffik-HUGE-1-SET-1.jpg","width":2000,"height":1629},{"@type":"BreadcrumbList","@id":"https:\/\/ajatutaja.com\/izdelek\/senzoricna-ortopedska-talna-podloga-muffik-set-huge-1\/#breadcrumb","itemListElement":[{"@type":"ListItem","position":1,"name":"Home","item":"https:\/\/ajatutaja.com\/hr\/"},{"@type":"ListItem","position":2,"name":"Trgovina","item":"https:\/\/ajatutaja.com\/hr\/trgovina\/"},{"@type":"ListItem","position":3,"name":"Senzori\u010dna ortopedska talna podloga MUFFIK\u00ae &#8211; Set HUGE 1"}]},{"@type":"WebSite","@id":"https:\/\/ajatutaja.com\/#website","url":"https:\/\/ajatutaja.com\/","name":"Ajatutaja","description":"Otro\u0161ka spletna trgovina AJATUTAJA","publisher":{"@id":"https:\/\/ajatutaja.com\/#organization"},"potentialAction":[{"@type":"SearchAction","target":{"@type":"EntryPoint","urlTemplate":"https:\/\/ajatutaja.com\/?s={search_term_string}"},"query-input":{"@type":"PropertyValueSpecification","valueRequired":true,"valueName":"search_term_string"}}],"inLanguage":"hr"},{"@type":"Organization","@id":"https:\/\/ajatutaja.com\/#organization","name":"Ajatutaja","url":"https:\/\/ajatutaja.com\/","logo":{"@type":"ImageObject","inLanguage":"hr","@id":"https:\/\/ajatutaja.com\/#\/schema\/logo\/image\/","url":"https:\/\/ajatutaja.com\/wp-content\/uploads\/2021\/10\/logo.png","contentUrl":"https:\/\/ajatutaja.com\/wp-content\/uploads\/2021\/10\/logo.png","width":555,"height":150,"caption":"Ajatutaja"},"image":{"@id":"https:\/\/ajatutaja.com\/#\/schema\/logo\/image\/"}}]}},"brands":[{"id":5556,"name":"Muffik\u00ae","slug":"muffik"}],"_links":{"self":[{"href":"https:\/\/ajatutaja.com\/hr\/wp-json\/wp\/v2\/product\/65600","targetHints":{"allow":["GET"]}}],"collection":[{"href":"https:\/\/ajatutaja.com\/hr\/wp-json\/wp\/v2\/product"}],"about":[{"href":"https:\/\/ajatutaja.com\/hr\/wp-json\/wp\/v2\/types\/product"}],"wp:featuredmedia":[{"embeddable":true,"href":"https:\/\/ajatutaja.com\/hr\/wp-json\/wp\/v2\/media\/65574"}],"wp:attachment":[{"href":"https:\/\/ajatutaja.com\/hr\/wp-json\/wp\/v2\/media?parent=65600"}],"wp:term":[{"taxonomy":"pwb-brand","embeddable":true,"href":"https:\/\/ajatutaja.com\/hr\/wp-json\/wp\/v2\/pwb-brand?post=65600"},{"taxonomy":"product_brand","embeddable":true,"href":"https:\/\/ajatutaja.com\/hr\/wp-json\/wp\/v2\/product_brand?post=65600"},{"taxonomy":"product_cat","embeddable":true,"href":"https:\/\/ajatutaja.com\/hr\/wp-json\/wp\/v2\/product_cat?post=65600"},{"taxonomy":"product_tag","embeddable":true,"href":"https:\/\/ajatutaja.com\/hr\/wp-json\/wp\/v2\/product_tag?post=65600"}],"curies":[{"name":"wp","href":"https:\/\/api.w.org\/{rel}","templated":true}]}}