{"id":65598,"date":"2024-06-10T13:30:02","date_gmt":"2024-06-10T11:30:02","guid":{"rendered":"https:\/\/ajatutaja.com\/?post_type=product&#038;p=65598"},"modified":"2025-11-18T12:19:18","modified_gmt":"2025-11-18T11:19:18","slug":"senzoricna-ortopedska-talna-podloga-muffik-kaca","status":"publish","type":"product","link":"https:\/\/ajatutaja.com\/hr\/proizvod\/senzoricna-ortopedska-talna-podloga-muffik-kaca\/","title":{"rendered":"Senzori\u010dna ortopedska talna podloga MUFFIK\u00ae &#8211; Ka\u010da"},"content":{"rendered":"<p>[vc_row][vc_column][vc_column_text]Senzori\u010dna ortopedska talna podloga MUFFIK\u00ae &#8211; Ka\u010da je lahko uporabna samostojna ali pa v kombinaciji z drugimi seti MUFFIK\u00ae, ki se kupijo lo\u010deno. 6 delni set Ka\u010da je popoln za krepitev centra telesa ter pridobivanje bolj\u0161ega ravnote\u017eja. Poleg ostalih pozitivnih u\u010dinkov pripomore tudi h krepitvi stopalnih lokov, krepitvi valgusa gle\u017enjev in kolen.<\/p>\n<p><strong>Lastnosti ortopedskih senzori\u010dnih podlog Muffik:<\/strong><\/p>\n<ul>\n<li>Trening ravnote\u017eja,<\/li>\n<li>krepitev stopal, gle\u017enjev, kolen in trupa,<\/li>\n<li>odpravljanje valgusa stopal in kolen,<\/li>\n<li>krepitev globokih stabilizatorjev trupa,<\/li>\n<li>aktivacija stopalnih lokov,<\/li>\n<li>prepre\u010duje ploska stopala,<\/li>\n<li>zmanj\u0161uje hojo po prstih,<\/li>\n<li>zmanj\u0161uje stiskanje prstov na nogah,<\/li>\n<li>zmanj\u0161uje obra\u010danje prstov in stopal na noter,<\/li>\n<li>vpliva na bolj\u0161o prekrvavitev stopal<\/li>\n<li>Material: pro\u017een PVC brez ftalatov in drugih \u0161kodljivih snovi<\/li>\n<li>EU standard EN 71-1:2014 + A1:2018 and EN 71-2:2011 + A1:2014 and EN 71-3:2019-08<\/li>\n<li>Velikosti posamezne podloge: 29,79 x 29,79 cm.<\/li>\n<li>3 barve na voljo<\/li>\n<\/ul>\n<p><strong>Set vsebuje 6 kosov (manj\u0161e podloge):<\/strong><\/p>\n<ul>\n<li>1 x ka\u010da glava,<\/li>\n<li>2 x ka\u010da ravni del,<\/li>\n<li>2 x ka\u010da krivulja,<\/li>\n<li>1 x ka\u010da rep<i>.<\/i><\/li>\n<\/ul>\n<p>Modeli za izdelavo podlog so izdelani iz naravnih materialov kot so kamni, stor\u017ei, \u0161koljke, hlodi in podobno. Same podloge, pa so izdelane iz nedrse\u010dega PVC. Izdelek je zasnovan in v celoti izdelano v <strong>EU<\/strong>.[\/vc_column_text][\/vc_column][\/vc_row]<\/p>\n","protected":false},"excerpt":{"rendered":"<p>Senzori\u010dna ortopedska talna podloga Muffik\u00ae &#8211; set Ka\u010da je ustvarjena predvsem kot funkcionalna ravnote\u017ena gred, s katero se poleg stopal, gle\u017enjev, kolen in kolkov okrepi tudi globoke mi\u0161ice in sistem globoke stabilizacije hrbtenice, ki je nujen za pravilno dr\u017eo in zdrav razvoj. Idealen je za prepre\u010devanje in rehabilitacijo valgusa gle\u017enjev, kolen in oslabljenega jedra telesa. Hkrati pri otrocih spodbuja domi\u0161ljijo in pripomore k izmi\u0161ljanju avanturisti\u010dnih iger.<\/p>\n","protected":false},"featured_media":65618,"template":"","meta":[],"pwb-brand":[5556],"product_brand":[],"product_cat":[3989,3975,2441,2362,2442],"product_tag":[5555],"class_list":{"0":"post-65598","1":"product","2":"type-product","3":"status-publish","4":"has-post-thumbnail","6":"pwb-brand-muffik","7":"product_cat-12-mesecev-igrace","8":"product_cat-akcija","9":"product_cat-aktivnostne-igrace","10":"product_cat-igranje","11":"product_cat-senzoricne-igrace","12":"product_tag-muffik","14":"first","15":"instock","16":"sale","17":"taxable","18":"shipping-taxable","19":"purchasable","20":"product-type-variable","21":"add-to-wishlist-before_image"},"yoast_head":"<!-- This site is optimized with the Yoast SEO plugin v27.3 - https:\/\/yoast.com\/product\/yoast-seo-wordpress\/ -->\n<title>Senzori\u010dna ortopedska talna podloga MUFFIK\u00ae - Ka\u010da | Ajatutaja<\/title>\n<meta name=\"description\" content=\"6 delni set Ka\u010da je popoln za krepitev centra telesa ter pridobivanje bolj\u0161ega ravnote\u017eja. Poleg ostalih pozitivnih u\u010dinkov pripomore tudi h krepitvi stopalnih lokov, krepitvi valgusa gle\u017enjev in kolen.\" \/>\n<meta name=\"robots\" content=\"index, follow, max-snippet:-1, max-image-preview:large, max-video-preview:-1\" \/>\n<link rel=\"canonical\" href=\"https:\/\/ajatutaja.com\/izdelek\/senzoricna-ortopedska-talna-podloga-muffik-kaca\/\" \/>\n<meta property=\"og:locale\" content=\"hr_HR\" \/>\n<meta property=\"og:type\" content=\"article\" \/>\n<meta property=\"og:title\" content=\"Senzori\u010dna ortopedska talna podloga MUFFIK\u00ae - Ka\u010da | Ajatutaja\" \/>\n<meta property=\"og:description\" content=\"6 delni set Ka\u010da je popoln za krepitev centra telesa ter pridobivanje bolj\u0161ega ravnote\u017eja. Poleg ostalih pozitivnih u\u010dinkov pripomore tudi h krepitvi stopalnih lokov, krepitvi valgusa gle\u017enjev in kolen.\" \/>\n<meta property=\"og:url\" content=\"https:\/\/ajatutaja.com\/izdelek\/senzoricna-ortopedska-talna-podloga-muffik-kaca\/\" \/>\n<meta property=\"og:site_name\" content=\"Ajatutaja\" \/>\n<meta property=\"article:modified_time\" content=\"2025-11-18T11:19:18+00:00\" \/>\n<meta property=\"og:image\" content=\"https:\/\/ajatutaja.com\/wp-content\/uploads\/2024\/06\/Talna-ortopedska-senzoricna-podloga-muffik-SNAKE-BEIGE.jpg\" \/>\n\t<meta property=\"og:image:width\" content=\"768\" \/>\n\t<meta property=\"og:image:height\" content=\"768\" \/>\n\t<meta property=\"og:image:type\" content=\"image\/jpeg\" \/>\n<meta name=\"twitter:card\" content=\"summary_large_image\" \/>\n<meta name=\"twitter:label1\" content=\"Procijenjeno vrijeme \u010ditanja\" \/>\n\t<meta name=\"twitter:data1\" content=\"1 minuta\" \/>\n<script type=\"application\/ld+json\" class=\"yoast-schema-graph\">{\"@context\":\"https:\\\/\\\/schema.org\",\"@graph\":[{\"@type\":\"WebPage\",\"@id\":\"https:\\\/\\\/ajatutaja.com\\\/izdelek\\\/senzoricna-ortopedska-talna-podloga-muffik-kaca\\\/\",\"url\":\"https:\\\/\\\/ajatutaja.com\\\/izdelek\\\/senzoricna-ortopedska-talna-podloga-muffik-kaca\\\/\",\"name\":\"Senzori\u010dna ortopedska talna podloga MUFFIK\u00ae - Ka\u010da | Ajatutaja\",\"isPartOf\":{\"@id\":\"https:\\\/\\\/ajatutaja.com\\\/#website\"},\"primaryImageOfPage\":{\"@id\":\"https:\\\/\\\/ajatutaja.com\\\/izdelek\\\/senzoricna-ortopedska-talna-podloga-muffik-kaca\\\/#primaryimage\"},\"image\":{\"@id\":\"https:\\\/\\\/ajatutaja.com\\\/izdelek\\\/senzoricna-ortopedska-talna-podloga-muffik-kaca\\\/#primaryimage\"},\"thumbnailUrl\":\"https:\\\/\\\/ajatutaja.com\\\/wp-content\\\/uploads\\\/2024\\\/06\\\/Talna-ortopedska-senzoricna-podloga-muffik-SNAKE-BEIGE.jpg\",\"datePublished\":\"2024-06-10T11:30:02+00:00\",\"dateModified\":\"2025-11-18T11:19:18+00:00\",\"description\":\"6 delni set Ka\u010da je popoln za krepitev centra telesa ter pridobivanje bolj\u0161ega ravnote\u017eja. Poleg ostalih pozitivnih u\u010dinkov pripomore tudi h krepitvi stopalnih lokov, krepitvi valgusa gle\u017enjev in kolen.\",\"breadcrumb\":{\"@id\":\"https:\\\/\\\/ajatutaja.com\\\/izdelek\\\/senzoricna-ortopedska-talna-podloga-muffik-kaca\\\/#breadcrumb\"},\"inLanguage\":\"hr\",\"potentialAction\":[{\"@type\":\"ReadAction\",\"target\":[\"https:\\\/\\\/ajatutaja.com\\\/izdelek\\\/senzoricna-ortopedska-talna-podloga-muffik-kaca\\\/\"]}]},{\"@type\":\"ImageObject\",\"inLanguage\":\"hr\",\"@id\":\"https:\\\/\\\/ajatutaja.com\\\/izdelek\\\/senzoricna-ortopedska-talna-podloga-muffik-kaca\\\/#primaryimage\",\"url\":\"https:\\\/\\\/ajatutaja.com\\\/wp-content\\\/uploads\\\/2024\\\/06\\\/Talna-ortopedska-senzoricna-podloga-muffik-SNAKE-BEIGE.jpg\",\"contentUrl\":\"https:\\\/\\\/ajatutaja.com\\\/wp-content\\\/uploads\\\/2024\\\/06\\\/Talna-ortopedska-senzoricna-podloga-muffik-SNAKE-BEIGE.jpg\",\"width\":768,\"height\":768},{\"@type\":\"BreadcrumbList\",\"@id\":\"https:\\\/\\\/ajatutaja.com\\\/izdelek\\\/senzoricna-ortopedska-talna-podloga-muffik-kaca\\\/#breadcrumb\",\"itemListElement\":[{\"@type\":\"ListItem\",\"position\":1,\"name\":\"Home\",\"item\":\"https:\\\/\\\/ajatutaja.com\\\/hr\\\/\"},{\"@type\":\"ListItem\",\"position\":2,\"name\":\"Trgovina\",\"item\":\"https:\\\/\\\/ajatutaja.com\\\/hr\\\/trgovina\\\/\"},{\"@type\":\"ListItem\",\"position\":3,\"name\":\"Senzori\u010dna ortopedska talna podloga MUFFIK\u00ae &#8211; Ka\u010da\"}]},{\"@type\":\"WebSite\",\"@id\":\"https:\\\/\\\/ajatutaja.com\\\/#website\",\"url\":\"https:\\\/\\\/ajatutaja.com\\\/\",\"name\":\"Ajatutaja\",\"description\":\"Otro\u0161ka spletna trgovina AJATUTAJA\",\"publisher\":{\"@id\":\"https:\\\/\\\/ajatutaja.com\\\/#organization\"},\"potentialAction\":[{\"@type\":\"SearchAction\",\"target\":{\"@type\":\"EntryPoint\",\"urlTemplate\":\"https:\\\/\\\/ajatutaja.com\\\/?s={search_term_string}\"},\"query-input\":{\"@type\":\"PropertyValueSpecification\",\"valueRequired\":true,\"valueName\":\"search_term_string\"}}],\"inLanguage\":\"hr\"},{\"@type\":\"Organization\",\"@id\":\"https:\\\/\\\/ajatutaja.com\\\/#organization\",\"name\":\"Ajatutaja\",\"url\":\"https:\\\/\\\/ajatutaja.com\\\/\",\"logo\":{\"@type\":\"ImageObject\",\"inLanguage\":\"hr\",\"@id\":\"https:\\\/\\\/ajatutaja.com\\\/#\\\/schema\\\/logo\\\/image\\\/\",\"url\":\"https:\\\/\\\/ajatutaja.com\\\/wp-content\\\/uploads\\\/2021\\\/10\\\/logo.png\",\"contentUrl\":\"https:\\\/\\\/ajatutaja.com\\\/wp-content\\\/uploads\\\/2021\\\/10\\\/logo.png\",\"width\":555,\"height\":150,\"caption\":\"Ajatutaja\"},\"image\":{\"@id\":\"https:\\\/\\\/ajatutaja.com\\\/#\\\/schema\\\/logo\\\/image\\\/\"}}]}<\/script>\n<!-- \/ Yoast SEO plugin. -->","yoast_head_json":{"title":"Senzori\u010dna ortopedska talna podloga MUFFIK\u00ae - Ka\u010da | Ajatutaja","description":"6 delni set Ka\u010da je popoln za krepitev centra telesa ter pridobivanje bolj\u0161ega ravnote\u017eja. Poleg ostalih pozitivnih u\u010dinkov pripomore tudi h krepitvi stopalnih lokov, krepitvi valgusa gle\u017enjev in kolen.","robots":{"index":"index","follow":"follow","max-snippet":"max-snippet:-1","max-image-preview":"max-image-preview:large","max-video-preview":"max-video-preview:-1"},"canonical":"https:\/\/ajatutaja.com\/izdelek\/senzoricna-ortopedska-talna-podloga-muffik-kaca\/","og_locale":"hr_HR","og_type":"article","og_title":"Senzori\u010dna ortopedska talna podloga MUFFIK\u00ae - Ka\u010da | Ajatutaja","og_description":"6 delni set Ka\u010da je popoln za krepitev centra telesa ter pridobivanje bolj\u0161ega ravnote\u017eja. Poleg ostalih pozitivnih u\u010dinkov pripomore tudi h krepitvi stopalnih lokov, krepitvi valgusa gle\u017enjev in kolen.","og_url":"https:\/\/ajatutaja.com\/izdelek\/senzoricna-ortopedska-talna-podloga-muffik-kaca\/","og_site_name":"Ajatutaja","article_modified_time":"2025-11-18T11:19:18+00:00","og_image":[{"width":768,"height":768,"url":"https:\/\/ajatutaja.com\/wp-content\/uploads\/2024\/06\/Talna-ortopedska-senzoricna-podloga-muffik-SNAKE-BEIGE.jpg","type":"image\/jpeg"}],"twitter_card":"summary_large_image","twitter_misc":{"Procijenjeno vrijeme \u010ditanja":"1 minuta"},"schema":{"@context":"https:\/\/schema.org","@graph":[{"@type":"WebPage","@id":"https:\/\/ajatutaja.com\/izdelek\/senzoricna-ortopedska-talna-podloga-muffik-kaca\/","url":"https:\/\/ajatutaja.com\/izdelek\/senzoricna-ortopedska-talna-podloga-muffik-kaca\/","name":"Senzori\u010dna ortopedska talna podloga MUFFIK\u00ae - Ka\u010da | Ajatutaja","isPartOf":{"@id":"https:\/\/ajatutaja.com\/#website"},"primaryImageOfPage":{"@id":"https:\/\/ajatutaja.com\/izdelek\/senzoricna-ortopedska-talna-podloga-muffik-kaca\/#primaryimage"},"image":{"@id":"https:\/\/ajatutaja.com\/izdelek\/senzoricna-ortopedska-talna-podloga-muffik-kaca\/#primaryimage"},"thumbnailUrl":"https:\/\/ajatutaja.com\/wp-content\/uploads\/2024\/06\/Talna-ortopedska-senzoricna-podloga-muffik-SNAKE-BEIGE.jpg","datePublished":"2024-06-10T11:30:02+00:00","dateModified":"2025-11-18T11:19:18+00:00","description":"6 delni set Ka\u010da je popoln za krepitev centra telesa ter pridobivanje bolj\u0161ega ravnote\u017eja. Poleg ostalih pozitivnih u\u010dinkov pripomore tudi h krepitvi stopalnih lokov, krepitvi valgusa gle\u017enjev in kolen.","breadcrumb":{"@id":"https:\/\/ajatutaja.com\/izdelek\/senzoricna-ortopedska-talna-podloga-muffik-kaca\/#breadcrumb"},"inLanguage":"hr","potentialAction":[{"@type":"ReadAction","target":["https:\/\/ajatutaja.com\/izdelek\/senzoricna-ortopedska-talna-podloga-muffik-kaca\/"]}]},{"@type":"ImageObject","inLanguage":"hr","@id":"https:\/\/ajatutaja.com\/izdelek\/senzoricna-ortopedska-talna-podloga-muffik-kaca\/#primaryimage","url":"https:\/\/ajatutaja.com\/wp-content\/uploads\/2024\/06\/Talna-ortopedska-senzoricna-podloga-muffik-SNAKE-BEIGE.jpg","contentUrl":"https:\/\/ajatutaja.com\/wp-content\/uploads\/2024\/06\/Talna-ortopedska-senzoricna-podloga-muffik-SNAKE-BEIGE.jpg","width":768,"height":768},{"@type":"BreadcrumbList","@id":"https:\/\/ajatutaja.com\/izdelek\/senzoricna-ortopedska-talna-podloga-muffik-kaca\/#breadcrumb","itemListElement":[{"@type":"ListItem","position":1,"name":"Home","item":"https:\/\/ajatutaja.com\/hr\/"},{"@type":"ListItem","position":2,"name":"Trgovina","item":"https:\/\/ajatutaja.com\/hr\/trgovina\/"},{"@type":"ListItem","position":3,"name":"Senzori\u010dna ortopedska talna podloga MUFFIK\u00ae &#8211; Ka\u010da"}]},{"@type":"WebSite","@id":"https:\/\/ajatutaja.com\/#website","url":"https:\/\/ajatutaja.com\/","name":"Ajatutaja","description":"Otro\u0161ka spletna trgovina AJATUTAJA","publisher":{"@id":"https:\/\/ajatutaja.com\/#organization"},"potentialAction":[{"@type":"SearchAction","target":{"@type":"EntryPoint","urlTemplate":"https:\/\/ajatutaja.com\/?s={search_term_string}"},"query-input":{"@type":"PropertyValueSpecification","valueRequired":true,"valueName":"search_term_string"}}],"inLanguage":"hr"},{"@type":"Organization","@id":"https:\/\/ajatutaja.com\/#organization","name":"Ajatutaja","url":"https:\/\/ajatutaja.com\/","logo":{"@type":"ImageObject","inLanguage":"hr","@id":"https:\/\/ajatutaja.com\/#\/schema\/logo\/image\/","url":"https:\/\/ajatutaja.com\/wp-content\/uploads\/2021\/10\/logo.png","contentUrl":"https:\/\/ajatutaja.com\/wp-content\/uploads\/2021\/10\/logo.png","width":555,"height":150,"caption":"Ajatutaja"},"image":{"@id":"https:\/\/ajatutaja.com\/#\/schema\/logo\/image\/"}}]}},"brands":[{"id":5556,"name":"Muffik\u00ae","slug":"muffik"}],"_links":{"self":[{"href":"https:\/\/ajatutaja.com\/hr\/wp-json\/wp\/v2\/product\/65598","targetHints":{"allow":["GET"]}}],"collection":[{"href":"https:\/\/ajatutaja.com\/hr\/wp-json\/wp\/v2\/product"}],"about":[{"href":"https:\/\/ajatutaja.com\/hr\/wp-json\/wp\/v2\/types\/product"}],"wp:featuredmedia":[{"embeddable":true,"href":"https:\/\/ajatutaja.com\/hr\/wp-json\/wp\/v2\/media\/65618"}],"wp:attachment":[{"href":"https:\/\/ajatutaja.com\/hr\/wp-json\/wp\/v2\/media?parent=65598"}],"wp:term":[{"taxonomy":"pwb-brand","embeddable":true,"href":"https:\/\/ajatutaja.com\/hr\/wp-json\/wp\/v2\/pwb-brand?post=65598"},{"taxonomy":"product_brand","embeddable":true,"href":"https:\/\/ajatutaja.com\/hr\/wp-json\/wp\/v2\/product_brand?post=65598"},{"taxonomy":"product_cat","embeddable":true,"href":"https:\/\/ajatutaja.com\/hr\/wp-json\/wp\/v2\/product_cat?post=65598"},{"taxonomy":"product_tag","embeddable":true,"href":"https:\/\/ajatutaja.com\/hr\/wp-json\/wp\/v2\/product_tag?post=65598"}],"curies":[{"name":"wp","href":"https:\/\/api.w.org\/{rel}","templated":true}]}}