{"id":65534,"date":"2024-06-11T16:38:13","date_gmt":"2024-06-11T14:38:13","guid":{"rendered":"https:\/\/ajatutaja.com\/?post_type=product&#038;p=65534"},"modified":"2026-03-12T14:37:51","modified_gmt":"2026-03-12T13:37:51","slug":"senzoricna-ortopedska-talna-podloga-muffik-baby-set-pastel","status":"publish","type":"product","link":"https:\/\/ajatutaja.com\/hr\/proizvod\/senzoricna-ortopedska-talna-podloga-muffik-baby-set-pastel\/","title":{"rendered":"Senzori\u010dna ortopedska talna podloga MUFFIK\u00ae &#8211; Baby set Pastel"},"content":{"rendered":"<p>[vc_row][vc_column][vc_column_text]Set najmehkej\u0161ih podlog Muffik Baby je namenjen dojen\u010dkom, saj popolno podpira percepcijo in razvoj motori\u010dnih sposobnosti, razvoj otrokove domi\u0161ljije, barvne kombinacije pa ga spodbujajo h gibanju in igri. Posebej oblikovan za najmlaj\u0161e raziskovalce.<\/p>\n<p><strong>Lastnosti ortopedskih senzori\u010dnih podlog Muffik:<\/strong><\/p>\n<ul>\n<li>Spodbuja pre\u017eivljanje \u010dasa na trebu\u0161\u010dku in vpliva na kakovost gibalnega razvoja,<\/li>\n<li>spodbuja krepitev trupa, ramenskega obro\u010da in rok,<\/li>\n<li>spodbuja razvoj senzorike,<\/li>\n<li>nudi nedrse\u010do podlogo za igro in razvoj,<\/li>\n<li>Material: pro\u017een PVC brez ftalatov in drugih \u0161kodljivih snovi<\/li>\n<li>EU standard EN 71-1:2014 + A1:2018 and EN 71-2:2011 + A1:2014 and EN 71-3:2019-08<\/li>\n<li>Velikosti posamezne podloge: 29,79 x 29,79 cm.<\/li>\n<\/ul>\n<p><strong>Set vsebuje 6 kosov (manj\u0161e podloge):<\/strong><\/p>\n<ul>\n<li>1 x travnik \u2013 <em>mehka<\/em>,<\/li>\n<li>1 x Muffik \u2013 <em>mehka<\/em>,<\/li>\n<li>1 x dino jajca \u2013 <em>mehka<\/em>,<\/li>\n<li>1 x \u0161koljke \u2013\u00a0<em>mehka,<\/em><\/li>\n<li>1 x trava \u2013 <em>mehka<\/em>,<\/li>\n<li>1 x pla\u017ea \u2013 <em>mehka.<\/em><\/li>\n<\/ul>\n<p>Modeli za izdelavo podlog so izdelani iz naravnih materialov kot so kamni, stor\u017ei, \u0161koljke, hlodi in podobno. Same podloge, pa so izdelane iz nedrse\u010dega PVC. Izdelek je zasnovan in v celoti izdelano v <strong>EU<\/strong>.[\/vc_column_text][\/vc_column][\/vc_row]<\/p>\n","protected":false},"excerpt":{"rendered":"<p>Senzori\u010dna ortopedska talne podloga Muffik\u00ae &#8211; Baby je posebej sestavljena iz najmehkej\u0161ih vrst podlog za na\u0161e mal\u010dke, ki \u0161e ne hodijo, a so zelo radovedni. Podloge motivirajo dojen\u010dkov trebu\u0161\u010dek in razvijajo njihove tipne receptorje. Pri starej\u0161ih dojen\u010dkih pomagajo pravilno plezati in krepijo hrbtne, ramenske in vratne mi\u0161ice. Otrok se valja po njih in ne\u017eno masira celotno telo, kar ga motivira za nadaljnje gibanje in napredovanje. Ko se dojen\u010dek postavi na vse \u0161tiri, protizdrsna tla<strong> Muffik<\/strong> pomagajo prepre\u010diti \u201csindrom spolzkih tal\u201d, kjer dojen\u010dek drsi po tleh, namesto da bi se premikal po vseh \u0161tirih.<\/p>\n","protected":false},"featured_media":65536,"template":"","meta":[],"pwb-brand":[5556],"product_brand":[],"product_cat":[3986,2441,2710,5072,2610,2711,2362,2442],"product_tag":[5555],"class_list":{"0":"post-65534","1":"product","2":"type-product","3":"status-publish","4":"has-post-thumbnail","6":"pwb-brand-muffik","7":"product_cat-novorojencek-igrace","8":"product_cat-aktivnostne-igrace","9":"product_cat-babyshower-darila","10":"product_cat-bozicna-darila","11":"product_cat-darila","12":"product_cat-darilo-ob-rojstvu","13":"product_cat-igranje","14":"product_cat-senzoricne-igrace","15":"product_tag-muffik","17":"first","18":"onbackorder","19":"taxable","20":"shipping-taxable","21":"purchasable","22":"product-type-simple","23":"add-to-wishlist-before_image"},"yoast_head":"<!-- This site is optimized with the Yoast SEO plugin v27.3 - https:\/\/yoast.com\/product\/yoast-seo-wordpress\/ -->\n<title>Senzori\u010dna ortopedska talna podloga MUFFIK\u00ae - Baby set Pastel | Ajatutaja<\/title>\n<meta name=\"description\" content=\"Senzori\u010dna ortopedska talne podloga Muffik\u00ae - Baby je posebej sestavljena iz najmehkej\u0161ih vrst podlog za na\u0161e mal\u010dke, ki \u0161e ne hodijo, a so zelo radovedni. Podloge motivirajo dojen\u010dkov trebu\u0161\u010dek in razvijajo njihove tipne receptorje.\" \/>\n<meta name=\"robots\" content=\"index, follow, max-snippet:-1, max-image-preview:large, max-video-preview:-1\" \/>\n<link rel=\"canonical\" href=\"https:\/\/ajatutaja.com\/izdelek\/senzoricna-ortopedska-talna-podloga-muffik-baby-set-pastel\/\" \/>\n<meta property=\"og:locale\" content=\"hr_HR\" \/>\n<meta property=\"og:type\" content=\"article\" \/>\n<meta property=\"og:title\" content=\"Senzori\u010dna ortopedska talna podloga MUFFIK\u00ae - Baby set Pastel | Ajatutaja\" \/>\n<meta property=\"og:description\" content=\"Senzori\u010dna ortopedska talne podloga Muffik\u00ae - Baby je posebej sestavljena iz najmehkej\u0161ih vrst podlog za na\u0161e mal\u010dke, ki \u0161e ne hodijo, a so zelo radovedni. Podloge motivirajo dojen\u010dkov trebu\u0161\u010dek in razvijajo njihove tipne receptorje.\" \/>\n<meta property=\"og:url\" content=\"https:\/\/ajatutaja.com\/izdelek\/senzoricna-ortopedska-talna-podloga-muffik-baby-set-pastel\/\" \/>\n<meta property=\"og:site_name\" content=\"Ajatutaja\" \/>\n<meta property=\"article:modified_time\" content=\"2026-03-12T13:37:51+00:00\" \/>\n<meta property=\"og:image\" content=\"https:\/\/ajatutaja.com\/wp-content\/uploads\/2024\/06\/Talna-ortopedska-senzoricna-podloga-muffik-baby-pastel-.jpg\" \/>\n\t<meta property=\"og:image:width\" content=\"2000\" \/>\n\t<meta property=\"og:image:height\" content=\"1500\" \/>\n\t<meta property=\"og:image:type\" content=\"image\/jpeg\" \/>\n<meta name=\"twitter:card\" content=\"summary_large_image\" \/>\n<meta name=\"twitter:label1\" content=\"Procijenjeno vrijeme \u010ditanja\" \/>\n\t<meta name=\"twitter:data1\" content=\"1 minuta\" \/>\n<script type=\"application\/ld+json\" class=\"yoast-schema-graph\">{\"@context\":\"https:\\\/\\\/schema.org\",\"@graph\":[{\"@type\":\"WebPage\",\"@id\":\"https:\\\/\\\/ajatutaja.com\\\/izdelek\\\/senzoricna-ortopedska-talna-podloga-muffik-baby-set-pastel\\\/\",\"url\":\"https:\\\/\\\/ajatutaja.com\\\/izdelek\\\/senzoricna-ortopedska-talna-podloga-muffik-baby-set-pastel\\\/\",\"name\":\"Senzori\u010dna ortopedska talna podloga MUFFIK\u00ae - Baby set Pastel | Ajatutaja\",\"isPartOf\":{\"@id\":\"https:\\\/\\\/ajatutaja.com\\\/#website\"},\"primaryImageOfPage\":{\"@id\":\"https:\\\/\\\/ajatutaja.com\\\/izdelek\\\/senzoricna-ortopedska-talna-podloga-muffik-baby-set-pastel\\\/#primaryimage\"},\"image\":{\"@id\":\"https:\\\/\\\/ajatutaja.com\\\/izdelek\\\/senzoricna-ortopedska-talna-podloga-muffik-baby-set-pastel\\\/#primaryimage\"},\"thumbnailUrl\":\"https:\\\/\\\/ajatutaja.com\\\/wp-content\\\/uploads\\\/2024\\\/06\\\/Talna-ortopedska-senzoricna-podloga-muffik-baby-pastel-.jpg\",\"datePublished\":\"2024-06-11T14:38:13+00:00\",\"dateModified\":\"2026-03-12T13:37:51+00:00\",\"description\":\"Senzori\u010dna ortopedska talne podloga Muffik\u00ae - Baby je posebej sestavljena iz najmehkej\u0161ih vrst podlog za na\u0161e mal\u010dke, ki \u0161e ne hodijo, a so zelo radovedni. Podloge motivirajo dojen\u010dkov trebu\u0161\u010dek in razvijajo njihove tipne receptorje.\",\"breadcrumb\":{\"@id\":\"https:\\\/\\\/ajatutaja.com\\\/izdelek\\\/senzoricna-ortopedska-talna-podloga-muffik-baby-set-pastel\\\/#breadcrumb\"},\"inLanguage\":\"hr\",\"potentialAction\":[{\"@type\":\"ReadAction\",\"target\":[\"https:\\\/\\\/ajatutaja.com\\\/izdelek\\\/senzoricna-ortopedska-talna-podloga-muffik-baby-set-pastel\\\/\"]}]},{\"@type\":\"ImageObject\",\"inLanguage\":\"hr\",\"@id\":\"https:\\\/\\\/ajatutaja.com\\\/izdelek\\\/senzoricna-ortopedska-talna-podloga-muffik-baby-set-pastel\\\/#primaryimage\",\"url\":\"https:\\\/\\\/ajatutaja.com\\\/wp-content\\\/uploads\\\/2024\\\/06\\\/Talna-ortopedska-senzoricna-podloga-muffik-baby-pastel-.jpg\",\"contentUrl\":\"https:\\\/\\\/ajatutaja.com\\\/wp-content\\\/uploads\\\/2024\\\/06\\\/Talna-ortopedska-senzoricna-podloga-muffik-baby-pastel-.jpg\",\"width\":2000,\"height\":1500},{\"@type\":\"BreadcrumbList\",\"@id\":\"https:\\\/\\\/ajatutaja.com\\\/izdelek\\\/senzoricna-ortopedska-talna-podloga-muffik-baby-set-pastel\\\/#breadcrumb\",\"itemListElement\":[{\"@type\":\"ListItem\",\"position\":1,\"name\":\"Home\",\"item\":\"https:\\\/\\\/ajatutaja.com\\\/hr\\\/\"},{\"@type\":\"ListItem\",\"position\":2,\"name\":\"Trgovina\",\"item\":\"https:\\\/\\\/ajatutaja.com\\\/hr\\\/trgovina\\\/\"},{\"@type\":\"ListItem\",\"position\":3,\"name\":\"Senzori\u010dna ortopedska talna podloga MUFFIK\u00ae &#8211; Baby set Pastel\"}]},{\"@type\":\"WebSite\",\"@id\":\"https:\\\/\\\/ajatutaja.com\\\/#website\",\"url\":\"https:\\\/\\\/ajatutaja.com\\\/\",\"name\":\"Ajatutaja\",\"description\":\"Otro\u0161ka spletna trgovina AJATUTAJA\",\"publisher\":{\"@id\":\"https:\\\/\\\/ajatutaja.com\\\/#organization\"},\"potentialAction\":[{\"@type\":\"SearchAction\",\"target\":{\"@type\":\"EntryPoint\",\"urlTemplate\":\"https:\\\/\\\/ajatutaja.com\\\/?s={search_term_string}\"},\"query-input\":{\"@type\":\"PropertyValueSpecification\",\"valueRequired\":true,\"valueName\":\"search_term_string\"}}],\"inLanguage\":\"hr\"},{\"@type\":\"Organization\",\"@id\":\"https:\\\/\\\/ajatutaja.com\\\/#organization\",\"name\":\"Ajatutaja\",\"url\":\"https:\\\/\\\/ajatutaja.com\\\/\",\"logo\":{\"@type\":\"ImageObject\",\"inLanguage\":\"hr\",\"@id\":\"https:\\\/\\\/ajatutaja.com\\\/#\\\/schema\\\/logo\\\/image\\\/\",\"url\":\"https:\\\/\\\/ajatutaja.com\\\/wp-content\\\/uploads\\\/2021\\\/10\\\/logo.png\",\"contentUrl\":\"https:\\\/\\\/ajatutaja.com\\\/wp-content\\\/uploads\\\/2021\\\/10\\\/logo.png\",\"width\":555,\"height\":150,\"caption\":\"Ajatutaja\"},\"image\":{\"@id\":\"https:\\\/\\\/ajatutaja.com\\\/#\\\/schema\\\/logo\\\/image\\\/\"}}]}<\/script>\n<!-- \/ Yoast SEO plugin. -->","yoast_head_json":{"title":"Senzori\u010dna ortopedska talna podloga MUFFIK\u00ae - Baby set Pastel | Ajatutaja","description":"Senzori\u010dna ortopedska talne podloga Muffik\u00ae - Baby je posebej sestavljena iz najmehkej\u0161ih vrst podlog za na\u0161e mal\u010dke, ki \u0161e ne hodijo, a so zelo radovedni. Podloge motivirajo dojen\u010dkov trebu\u0161\u010dek in razvijajo njihove tipne receptorje.","robots":{"index":"index","follow":"follow","max-snippet":"max-snippet:-1","max-image-preview":"max-image-preview:large","max-video-preview":"max-video-preview:-1"},"canonical":"https:\/\/ajatutaja.com\/izdelek\/senzoricna-ortopedska-talna-podloga-muffik-baby-set-pastel\/","og_locale":"hr_HR","og_type":"article","og_title":"Senzori\u010dna ortopedska talna podloga MUFFIK\u00ae - Baby set Pastel | Ajatutaja","og_description":"Senzori\u010dna ortopedska talne podloga Muffik\u00ae - Baby je posebej sestavljena iz najmehkej\u0161ih vrst podlog za na\u0161e mal\u010dke, ki \u0161e ne hodijo, a so zelo radovedni. Podloge motivirajo dojen\u010dkov trebu\u0161\u010dek in razvijajo njihove tipne receptorje.","og_url":"https:\/\/ajatutaja.com\/izdelek\/senzoricna-ortopedska-talna-podloga-muffik-baby-set-pastel\/","og_site_name":"Ajatutaja","article_modified_time":"2026-03-12T13:37:51+00:00","og_image":[{"width":2000,"height":1500,"url":"https:\/\/ajatutaja.com\/wp-content\/uploads\/2024\/06\/Talna-ortopedska-senzoricna-podloga-muffik-baby-pastel-.jpg","type":"image\/jpeg"}],"twitter_card":"summary_large_image","twitter_misc":{"Procijenjeno vrijeme \u010ditanja":"1 minuta"},"schema":{"@context":"https:\/\/schema.org","@graph":[{"@type":"WebPage","@id":"https:\/\/ajatutaja.com\/izdelek\/senzoricna-ortopedska-talna-podloga-muffik-baby-set-pastel\/","url":"https:\/\/ajatutaja.com\/izdelek\/senzoricna-ortopedska-talna-podloga-muffik-baby-set-pastel\/","name":"Senzori\u010dna ortopedska talna podloga MUFFIK\u00ae - Baby set Pastel | Ajatutaja","isPartOf":{"@id":"https:\/\/ajatutaja.com\/#website"},"primaryImageOfPage":{"@id":"https:\/\/ajatutaja.com\/izdelek\/senzoricna-ortopedska-talna-podloga-muffik-baby-set-pastel\/#primaryimage"},"image":{"@id":"https:\/\/ajatutaja.com\/izdelek\/senzoricna-ortopedska-talna-podloga-muffik-baby-set-pastel\/#primaryimage"},"thumbnailUrl":"https:\/\/ajatutaja.com\/wp-content\/uploads\/2024\/06\/Talna-ortopedska-senzoricna-podloga-muffik-baby-pastel-.jpg","datePublished":"2024-06-11T14:38:13+00:00","dateModified":"2026-03-12T13:37:51+00:00","description":"Senzori\u010dna ortopedska talne podloga Muffik\u00ae - Baby je posebej sestavljena iz najmehkej\u0161ih vrst podlog za na\u0161e mal\u010dke, ki \u0161e ne hodijo, a so zelo radovedni. Podloge motivirajo dojen\u010dkov trebu\u0161\u010dek in razvijajo njihove tipne receptorje.","breadcrumb":{"@id":"https:\/\/ajatutaja.com\/izdelek\/senzoricna-ortopedska-talna-podloga-muffik-baby-set-pastel\/#breadcrumb"},"inLanguage":"hr","potentialAction":[{"@type":"ReadAction","target":["https:\/\/ajatutaja.com\/izdelek\/senzoricna-ortopedska-talna-podloga-muffik-baby-set-pastel\/"]}]},{"@type":"ImageObject","inLanguage":"hr","@id":"https:\/\/ajatutaja.com\/izdelek\/senzoricna-ortopedska-talna-podloga-muffik-baby-set-pastel\/#primaryimage","url":"https:\/\/ajatutaja.com\/wp-content\/uploads\/2024\/06\/Talna-ortopedska-senzoricna-podloga-muffik-baby-pastel-.jpg","contentUrl":"https:\/\/ajatutaja.com\/wp-content\/uploads\/2024\/06\/Talna-ortopedska-senzoricna-podloga-muffik-baby-pastel-.jpg","width":2000,"height":1500},{"@type":"BreadcrumbList","@id":"https:\/\/ajatutaja.com\/izdelek\/senzoricna-ortopedska-talna-podloga-muffik-baby-set-pastel\/#breadcrumb","itemListElement":[{"@type":"ListItem","position":1,"name":"Home","item":"https:\/\/ajatutaja.com\/hr\/"},{"@type":"ListItem","position":2,"name":"Trgovina","item":"https:\/\/ajatutaja.com\/hr\/trgovina\/"},{"@type":"ListItem","position":3,"name":"Senzori\u010dna ortopedska talna podloga MUFFIK\u00ae &#8211; Baby set Pastel"}]},{"@type":"WebSite","@id":"https:\/\/ajatutaja.com\/#website","url":"https:\/\/ajatutaja.com\/","name":"Ajatutaja","description":"Otro\u0161ka spletna trgovina AJATUTAJA","publisher":{"@id":"https:\/\/ajatutaja.com\/#organization"},"potentialAction":[{"@type":"SearchAction","target":{"@type":"EntryPoint","urlTemplate":"https:\/\/ajatutaja.com\/?s={search_term_string}"},"query-input":{"@type":"PropertyValueSpecification","valueRequired":true,"valueName":"search_term_string"}}],"inLanguage":"hr"},{"@type":"Organization","@id":"https:\/\/ajatutaja.com\/#organization","name":"Ajatutaja","url":"https:\/\/ajatutaja.com\/","logo":{"@type":"ImageObject","inLanguage":"hr","@id":"https:\/\/ajatutaja.com\/#\/schema\/logo\/image\/","url":"https:\/\/ajatutaja.com\/wp-content\/uploads\/2021\/10\/logo.png","contentUrl":"https:\/\/ajatutaja.com\/wp-content\/uploads\/2021\/10\/logo.png","width":555,"height":150,"caption":"Ajatutaja"},"image":{"@id":"https:\/\/ajatutaja.com\/#\/schema\/logo\/image\/"}}]}},"brands":[{"id":5556,"name":"Muffik\u00ae","slug":"muffik"}],"_links":{"self":[{"href":"https:\/\/ajatutaja.com\/hr\/wp-json\/wp\/v2\/product\/65534","targetHints":{"allow":["GET"]}}],"collection":[{"href":"https:\/\/ajatutaja.com\/hr\/wp-json\/wp\/v2\/product"}],"about":[{"href":"https:\/\/ajatutaja.com\/hr\/wp-json\/wp\/v2\/types\/product"}],"wp:featuredmedia":[{"embeddable":true,"href":"https:\/\/ajatutaja.com\/hr\/wp-json\/wp\/v2\/media\/65536"}],"wp:attachment":[{"href":"https:\/\/ajatutaja.com\/hr\/wp-json\/wp\/v2\/media?parent=65534"}],"wp:term":[{"taxonomy":"pwb-brand","embeddable":true,"href":"https:\/\/ajatutaja.com\/hr\/wp-json\/wp\/v2\/pwb-brand?post=65534"},{"taxonomy":"product_brand","embeddable":true,"href":"https:\/\/ajatutaja.com\/hr\/wp-json\/wp\/v2\/product_brand?post=65534"},{"taxonomy":"product_cat","embeddable":true,"href":"https:\/\/ajatutaja.com\/hr\/wp-json\/wp\/v2\/product_cat?post=65534"},{"taxonomy":"product_tag","embeddable":true,"href":"https:\/\/ajatutaja.com\/hr\/wp-json\/wp\/v2\/product_tag?post=65534"}],"curies":[{"name":"wp","href":"https:\/\/api.w.org\/{rel}","templated":true}]}}