{"id":65127,"date":"2024-05-28T10:57:12","date_gmt":"2024-05-28T08:57:12","guid":{"rendered":"https:\/\/ajatutaja.com\/?post_type=product&#038;p=65127"},"modified":"2025-12-02T08:58:54","modified_gmt":"2025-12-02T07:58:54","slug":"joie-otroski-vozicek-pact-pro-pebble","status":"publish","type":"product","link":"https:\/\/ajatutaja.com\/hr\/proizvod\/joie-otroski-vozicek-pact-pro-pebble\/","title":{"rendered":"Joie\u00ae otro\u0161ki vozi\u010dek PACT\u2122 Pro &#8211; Pebble"},"content":{"rendered":"<p>[vc_row][vc_column][vc_column_text]<\/p>\n<h3>Lastnosti kompaktnega potovalnega vozi\u010dka Joie Pact Pro:<strong><br \/>\n<\/strong><\/h3>\n<ul>\n<li>Uporaba vozi\u010dka od rojstva do 22 kg (za novorojen\u010dke je primeren popolnoma le\u017ee\u010d polo\u017eaj naslonjala \u0161portnega sede\u017ea)<\/li>\n<li>Ustvarjen za brezskrbna in enostavna dru\u017einska potepanja, popoln sopotnik za sprehode skozi mesto ali v osr\u010dje narave<\/li>\n<li>Prilagodljiv naklon naslona sede\u017ea na poljubno stopnjo s pomo\u010djo mehanizma<\/li>\n<li>Trdno in lahko ogrodje s 4 vzmetenimi kolesi iz EVA pene<\/li>\n<li>Mo\u017enost zaklepanja sprednjih koles , ter enostavna in hitra zavora in sprostitev blokade koles<\/li>\n<li>Hiter in enostaven zavorni sistem; aktivacija z nogo<\/li>\n<li>5-to\u010dkovni varnostni pas<\/li>\n<li>Kompaktno plo\u0161\u010dato avtomatsko zlaganje vozi\u010dka; samodejno zlaganje v enem koraku<\/li>\n<li>Zlo\u017een vozi\u010dek samostojno stoji<\/li>\n<li>Enostavno enoro\u010dno vodenje vozi\u010dka<\/li>\n<li>Izjemno lahek vozi\u010dek s te\u017eo samo 6,3 kg<\/li>\n<li>Podalj\u0161ana strehica z UV za\u0161\u010dito UPF 50+<\/li>\n<li>Oblazinjen varovalni lok, ki se ga tudi enostavno odstrani<\/li>\n<li>Nadvse udoben; mehka opora za noge z dvema mo\u017enima pozicijama<\/li>\n<li>Hitro dosegljiva velika ko\u0161arica s privzdignjeno stranico, ki dodatno varuje vsebino ko\u0161arice na poti<\/li>\n<li>Zra\u010dna ko\u0161arica pod vozi\u010dkom omogo\u010da preva\u017eanje tako mokrih kot suhih potreb\u0161\u010din<\/li>\n<li>Odli\u010dno vzmetenje koles za mirno in prijetno vo\u017enjo; EVA pena<\/li>\n<li>Ve\u010dplastna tekstura in izredno mehke in zra\u010dne\u00a0tkanine<\/li>\n<li>Nastavljivo krmilo po vi\u0161ini iz umetnega usnja<\/li>\n<li>Za novorojen\u010dke je na voljo udobna ko\u0161ara za novorojen\u010dka Joie\u00ae Ramble ali Joie\u00ae Ramble XL; adapterji za namestitev so prilo\u017eeni<\/li>\n<li>Hitra in enostavna namestitev otro\u0161kega avtosede\u017ea lupinice (40 &#8211; 75 cm)\u00a0blagovne znamke Joie\u00ae na ogrodje vozi\u010dka brez potrebnih adapterjev; Joie\u00ae Gemm, Joie\u00ae i-Gemm 3, Joie\u00ae i-Level Recline,\u00a0Joie\u00ae i-Snug 2 in Joie\u00ae i-Jemini<\/li>\n<li>Prilo\u017eeni sta tudi potovalna torba za vozi\u010dek in de\u017ena prevleka za vozi\u010dek<\/li>\n<\/ul>\n<p><strong>Dimenzije in te\u017ea vozi\u010dka Joie Pact Pro:<\/strong><\/p>\n<ul>\n<li>Dimenzije vozi\u010dka: 83\u00a0x 47\u00a0x 106 cm<\/li>\n<li>Dimenzije zlo\u017eenega vozi\u010dka: 66,1\u00a0x 47,1\u00a0x 24,3\u00a0cm<\/li>\n<li>Te\u017ea: 6,3\u00a0kg<\/li>\n<li>Maksimalna te\u017ea obremenitve sede\u017ea vozi\u010dka: 22 kg<\/li>\n<li>Nosilnost nakupovalne ko\u0161ara: 4.5 kg<\/li>\n<\/ul>\n<h3>Kaj je vklju\u010deno v ceno?<\/h3>\n<p>Ogrodje vozi\u010dka s \u0161portnim sede\u017eem in podalj\u0161ano strehico<br \/>\nPrednje varovalo<br \/>\nNakupovalna ko\u0161ara<br \/>\nTorba za prena\u0161anje vozi\u010dka<br \/>\nDe\u017ena prevleka<br \/>\nAdapterji za namestitev ko\u0161are za novorojen\u010dka Joie\u00ae Ramble ali Joie\u00ae Ramble XL<br \/>\nAdapterji za namestitev otro\u0161kega avtosede\u017ea\/lupinice Maxi Cosi, Nuna, BeSafe, Joie\u00ae Gemm, Joie\u00ae i-Gemm 3, Joie\u00ae i-Level Recline, Joie\u00ae i-Snug 2 in Joie\u00ae i-Jemini[\/vc_column_text][\/vc_column][\/vc_row]<\/p>\n","protected":false},"excerpt":{"rendered":"<p>Otro\u0161ki potovalni vozi\u010dek Joie\u00ae PACT\u2122 Pro\u00a0 za otroke od rojstva dalje navdu\u0161uje z izjemnimi lastnostmi, kot so enostavno zlaganje z eno roko, odli\u010dno vzmetenje, ki omogo\u010da lahkotno in udobno vo\u017enjo ter nastavljiv naslon za nogice, raztegljivo stre\u0161ico z UPF50+ za\u0161\u010dito in z zra\u010dniki, ter nosilnostjo do 22 kg.<\/p>\n<p>Na ogrodje je mo\u017eno namestiti tudi Joie Ramble ko\u0161aro za novorojen\u010dka in avtosede\u017e\/lupinico Joie in drugih blagovnih znamk.<\/p>\n","protected":false},"featured_media":65116,"template":"","meta":[],"pwb-brand":[4525,2374],"product_brand":[],"product_cat":[2367,2361,2360,2399],"product_tag":[4073,4206,4214],"class_list":{"0":"post-65127","1":"product","2":"type-product","3":"status-publish","4":"has-post-thumbnail","6":"pwb-brand-joie-vozicki","7":"pwb-brand-vozicki","8":"product_cat-lahki-marela-vozicki","9":"product_cat-potepanje","10":"product_cat-vozicki","11":"product_cat-vozicki-marele","12":"product_tag-joie","13":"product_tag-joie-pact","14":"product_tag-vozicki-joie","16":"first","17":"instock","18":"taxable","19":"shipping-taxable","20":"purchasable","21":"product-type-simple","22":"add-to-wishlist-before_image"},"yoast_head":"<!-- This site is optimized with the Yoast SEO plugin v27.3 - https:\/\/yoast.com\/product\/yoast-seo-wordpress\/ -->\n<title>Joie\u00ae otro\u0161ki vozi\u010dek PACT\u2122 Pro - Pebble | Ajatutaja<\/title>\n<meta name=\"description\" content=\"Najnovej\u0161i potovalni vozi\u010dek Joie\u00ae Pact Pro je primeren za uporabo od rojstva naprej. Maksimalna nosilnost vozi\u010dka je vse do 22 kg.\" \/>\n<meta name=\"robots\" content=\"index, follow, max-snippet:-1, max-image-preview:large, max-video-preview:-1\" \/>\n<link rel=\"canonical\" href=\"https:\/\/ajatutaja.com\/izdelek\/joie-otroski-vozicek-pact-pro-pebble\/\" \/>\n<meta property=\"og:locale\" content=\"hr_HR\" \/>\n<meta property=\"og:type\" content=\"article\" \/>\n<meta property=\"og:title\" content=\"Joie\u00ae otro\u0161ki vozi\u010dek PACT\u2122 Pro - Pebble | Ajatutaja\" \/>\n<meta property=\"og:description\" content=\"Najnovej\u0161i potovalni vozi\u010dek Joie\u00ae Pact Pro je primeren za uporabo od rojstva naprej. Maksimalna nosilnost vozi\u010dka je vse do 22 kg.\" \/>\n<meta property=\"og:url\" content=\"https:\/\/ajatutaja.com\/izdelek\/joie-otroski-vozicek-pact-pro-pebble\/\" \/>\n<meta property=\"og:site_name\" content=\"Ajatutaja\" \/>\n<meta property=\"article:modified_time\" content=\"2025-12-02T07:58:54+00:00\" \/>\n<meta property=\"og:image\" content=\"https:\/\/ajatutaja.com\/wp-content\/uploads\/2024\/05\/Joie-pact-pro-pebble-sportni-vozicek-marela-buggy-1.jpg\" \/>\n\t<meta property=\"og:image:width\" content=\"1200\" \/>\n\t<meta property=\"og:image:height\" content=\"1200\" \/>\n\t<meta property=\"og:image:type\" content=\"image\/jpeg\" \/>\n<meta name=\"twitter:card\" content=\"summary_large_image\" \/>\n<meta name=\"twitter:label1\" content=\"Procijenjeno vrijeme \u010ditanja\" \/>\n\t<meta name=\"twitter:data1\" content=\"2 minute\" \/>\n<script type=\"application\/ld+json\" class=\"yoast-schema-graph\">{\"@context\":\"https:\\\/\\\/schema.org\",\"@graph\":[{\"@type\":\"WebPage\",\"@id\":\"https:\\\/\\\/ajatutaja.com\\\/izdelek\\\/joie-otroski-vozicek-pact-pro-pebble\\\/\",\"url\":\"https:\\\/\\\/ajatutaja.com\\\/izdelek\\\/joie-otroski-vozicek-pact-pro-pebble\\\/\",\"name\":\"Joie\u00ae otro\u0161ki vozi\u010dek PACT\u2122 Pro - Pebble | Ajatutaja\",\"isPartOf\":{\"@id\":\"https:\\\/\\\/ajatutaja.com\\\/#website\"},\"primaryImageOfPage\":{\"@id\":\"https:\\\/\\\/ajatutaja.com\\\/izdelek\\\/joie-otroski-vozicek-pact-pro-pebble\\\/#primaryimage\"},\"image\":{\"@id\":\"https:\\\/\\\/ajatutaja.com\\\/izdelek\\\/joie-otroski-vozicek-pact-pro-pebble\\\/#primaryimage\"},\"thumbnailUrl\":\"https:\\\/\\\/ajatutaja.com\\\/wp-content\\\/uploads\\\/2024\\\/05\\\/Joie-pact-pro-pebble-sportni-vozicek-marela-buggy-1.jpg\",\"datePublished\":\"2024-05-28T08:57:12+00:00\",\"dateModified\":\"2025-12-02T07:58:54+00:00\",\"description\":\"Najnovej\u0161i potovalni vozi\u010dek Joie\u00ae Pact Pro je primeren za uporabo od rojstva naprej. Maksimalna nosilnost vozi\u010dka je vse do 22 kg.\",\"breadcrumb\":{\"@id\":\"https:\\\/\\\/ajatutaja.com\\\/izdelek\\\/joie-otroski-vozicek-pact-pro-pebble\\\/#breadcrumb\"},\"inLanguage\":\"hr\",\"potentialAction\":[{\"@type\":\"ReadAction\",\"target\":[\"https:\\\/\\\/ajatutaja.com\\\/izdelek\\\/joie-otroski-vozicek-pact-pro-pebble\\\/\"]}]},{\"@type\":\"ImageObject\",\"inLanguage\":\"hr\",\"@id\":\"https:\\\/\\\/ajatutaja.com\\\/izdelek\\\/joie-otroski-vozicek-pact-pro-pebble\\\/#primaryimage\",\"url\":\"https:\\\/\\\/ajatutaja.com\\\/wp-content\\\/uploads\\\/2024\\\/05\\\/Joie-pact-pro-pebble-sportni-vozicek-marela-buggy-1.jpg\",\"contentUrl\":\"https:\\\/\\\/ajatutaja.com\\\/wp-content\\\/uploads\\\/2024\\\/05\\\/Joie-pact-pro-pebble-sportni-vozicek-marela-buggy-1.jpg\",\"width\":1200,\"height\":1200},{\"@type\":\"BreadcrumbList\",\"@id\":\"https:\\\/\\\/ajatutaja.com\\\/izdelek\\\/joie-otroski-vozicek-pact-pro-pebble\\\/#breadcrumb\",\"itemListElement\":[{\"@type\":\"ListItem\",\"position\":1,\"name\":\"Home\",\"item\":\"https:\\\/\\\/ajatutaja.com\\\/hr\\\/\"},{\"@type\":\"ListItem\",\"position\":2,\"name\":\"Trgovina\",\"item\":\"https:\\\/\\\/ajatutaja.com\\\/hr\\\/trgovina\\\/\"},{\"@type\":\"ListItem\",\"position\":3,\"name\":\"Joie\u00ae otro\u0161ki vozi\u010dek PACT\u2122 Pro &#8211; Pebble\"}]},{\"@type\":\"WebSite\",\"@id\":\"https:\\\/\\\/ajatutaja.com\\\/#website\",\"url\":\"https:\\\/\\\/ajatutaja.com\\\/\",\"name\":\"Ajatutaja\",\"description\":\"Otro\u0161ka spletna trgovina AJATUTAJA\",\"publisher\":{\"@id\":\"https:\\\/\\\/ajatutaja.com\\\/#organization\"},\"potentialAction\":[{\"@type\":\"SearchAction\",\"target\":{\"@type\":\"EntryPoint\",\"urlTemplate\":\"https:\\\/\\\/ajatutaja.com\\\/?s={search_term_string}\"},\"query-input\":{\"@type\":\"PropertyValueSpecification\",\"valueRequired\":true,\"valueName\":\"search_term_string\"}}],\"inLanguage\":\"hr\"},{\"@type\":\"Organization\",\"@id\":\"https:\\\/\\\/ajatutaja.com\\\/#organization\",\"name\":\"Ajatutaja\",\"url\":\"https:\\\/\\\/ajatutaja.com\\\/\",\"logo\":{\"@type\":\"ImageObject\",\"inLanguage\":\"hr\",\"@id\":\"https:\\\/\\\/ajatutaja.com\\\/#\\\/schema\\\/logo\\\/image\\\/\",\"url\":\"https:\\\/\\\/ajatutaja.com\\\/wp-content\\\/uploads\\\/2021\\\/10\\\/logo.png\",\"contentUrl\":\"https:\\\/\\\/ajatutaja.com\\\/wp-content\\\/uploads\\\/2021\\\/10\\\/logo.png\",\"width\":555,\"height\":150,\"caption\":\"Ajatutaja\"},\"image\":{\"@id\":\"https:\\\/\\\/ajatutaja.com\\\/#\\\/schema\\\/logo\\\/image\\\/\"}}]}<\/script>\n<!-- \/ Yoast SEO plugin. -->","yoast_head_json":{"title":"Joie\u00ae otro\u0161ki vozi\u010dek PACT\u2122 Pro - Pebble | Ajatutaja","description":"Najnovej\u0161i potovalni vozi\u010dek Joie\u00ae Pact Pro je primeren za uporabo od rojstva naprej. Maksimalna nosilnost vozi\u010dka je vse do 22 kg.","robots":{"index":"index","follow":"follow","max-snippet":"max-snippet:-1","max-image-preview":"max-image-preview:large","max-video-preview":"max-video-preview:-1"},"canonical":"https:\/\/ajatutaja.com\/izdelek\/joie-otroski-vozicek-pact-pro-pebble\/","og_locale":"hr_HR","og_type":"article","og_title":"Joie\u00ae otro\u0161ki vozi\u010dek PACT\u2122 Pro - Pebble | Ajatutaja","og_description":"Najnovej\u0161i potovalni vozi\u010dek Joie\u00ae Pact Pro je primeren za uporabo od rojstva naprej. Maksimalna nosilnost vozi\u010dka je vse do 22 kg.","og_url":"https:\/\/ajatutaja.com\/izdelek\/joie-otroski-vozicek-pact-pro-pebble\/","og_site_name":"Ajatutaja","article_modified_time":"2025-12-02T07:58:54+00:00","og_image":[{"width":1200,"height":1200,"url":"https:\/\/ajatutaja.com\/wp-content\/uploads\/2024\/05\/Joie-pact-pro-pebble-sportni-vozicek-marela-buggy-1.jpg","type":"image\/jpeg"}],"twitter_card":"summary_large_image","twitter_misc":{"Procijenjeno vrijeme \u010ditanja":"2 minute"},"schema":{"@context":"https:\/\/schema.org","@graph":[{"@type":"WebPage","@id":"https:\/\/ajatutaja.com\/izdelek\/joie-otroski-vozicek-pact-pro-pebble\/","url":"https:\/\/ajatutaja.com\/izdelek\/joie-otroski-vozicek-pact-pro-pebble\/","name":"Joie\u00ae otro\u0161ki vozi\u010dek PACT\u2122 Pro - Pebble | Ajatutaja","isPartOf":{"@id":"https:\/\/ajatutaja.com\/#website"},"primaryImageOfPage":{"@id":"https:\/\/ajatutaja.com\/izdelek\/joie-otroski-vozicek-pact-pro-pebble\/#primaryimage"},"image":{"@id":"https:\/\/ajatutaja.com\/izdelek\/joie-otroski-vozicek-pact-pro-pebble\/#primaryimage"},"thumbnailUrl":"https:\/\/ajatutaja.com\/wp-content\/uploads\/2024\/05\/Joie-pact-pro-pebble-sportni-vozicek-marela-buggy-1.jpg","datePublished":"2024-05-28T08:57:12+00:00","dateModified":"2025-12-02T07:58:54+00:00","description":"Najnovej\u0161i potovalni vozi\u010dek Joie\u00ae Pact Pro je primeren za uporabo od rojstva naprej. Maksimalna nosilnost vozi\u010dka je vse do 22 kg.","breadcrumb":{"@id":"https:\/\/ajatutaja.com\/izdelek\/joie-otroski-vozicek-pact-pro-pebble\/#breadcrumb"},"inLanguage":"hr","potentialAction":[{"@type":"ReadAction","target":["https:\/\/ajatutaja.com\/izdelek\/joie-otroski-vozicek-pact-pro-pebble\/"]}]},{"@type":"ImageObject","inLanguage":"hr","@id":"https:\/\/ajatutaja.com\/izdelek\/joie-otroski-vozicek-pact-pro-pebble\/#primaryimage","url":"https:\/\/ajatutaja.com\/wp-content\/uploads\/2024\/05\/Joie-pact-pro-pebble-sportni-vozicek-marela-buggy-1.jpg","contentUrl":"https:\/\/ajatutaja.com\/wp-content\/uploads\/2024\/05\/Joie-pact-pro-pebble-sportni-vozicek-marela-buggy-1.jpg","width":1200,"height":1200},{"@type":"BreadcrumbList","@id":"https:\/\/ajatutaja.com\/izdelek\/joie-otroski-vozicek-pact-pro-pebble\/#breadcrumb","itemListElement":[{"@type":"ListItem","position":1,"name":"Home","item":"https:\/\/ajatutaja.com\/hr\/"},{"@type":"ListItem","position":2,"name":"Trgovina","item":"https:\/\/ajatutaja.com\/hr\/trgovina\/"},{"@type":"ListItem","position":3,"name":"Joie\u00ae otro\u0161ki vozi\u010dek PACT\u2122 Pro &#8211; Pebble"}]},{"@type":"WebSite","@id":"https:\/\/ajatutaja.com\/#website","url":"https:\/\/ajatutaja.com\/","name":"Ajatutaja","description":"Otro\u0161ka spletna trgovina AJATUTAJA","publisher":{"@id":"https:\/\/ajatutaja.com\/#organization"},"potentialAction":[{"@type":"SearchAction","target":{"@type":"EntryPoint","urlTemplate":"https:\/\/ajatutaja.com\/?s={search_term_string}"},"query-input":{"@type":"PropertyValueSpecification","valueRequired":true,"valueName":"search_term_string"}}],"inLanguage":"hr"},{"@type":"Organization","@id":"https:\/\/ajatutaja.com\/#organization","name":"Ajatutaja","url":"https:\/\/ajatutaja.com\/","logo":{"@type":"ImageObject","inLanguage":"hr","@id":"https:\/\/ajatutaja.com\/#\/schema\/logo\/image\/","url":"https:\/\/ajatutaja.com\/wp-content\/uploads\/2021\/10\/logo.png","contentUrl":"https:\/\/ajatutaja.com\/wp-content\/uploads\/2021\/10\/logo.png","width":555,"height":150,"caption":"Ajatutaja"},"image":{"@id":"https:\/\/ajatutaja.com\/#\/schema\/logo\/image\/"}}]}},"brands":[{"id":4525,"name":"Joie","slug":"joie-vozicki"},{"id":2374,"name":"Vozi\u010dki","slug":"vozicki"}],"_links":{"self":[{"href":"https:\/\/ajatutaja.com\/hr\/wp-json\/wp\/v2\/product\/65127","targetHints":{"allow":["GET"]}}],"collection":[{"href":"https:\/\/ajatutaja.com\/hr\/wp-json\/wp\/v2\/product"}],"about":[{"href":"https:\/\/ajatutaja.com\/hr\/wp-json\/wp\/v2\/types\/product"}],"wp:featuredmedia":[{"embeddable":true,"href":"https:\/\/ajatutaja.com\/hr\/wp-json\/wp\/v2\/media\/65116"}],"wp:attachment":[{"href":"https:\/\/ajatutaja.com\/hr\/wp-json\/wp\/v2\/media?parent=65127"}],"wp:term":[{"taxonomy":"pwb-brand","embeddable":true,"href":"https:\/\/ajatutaja.com\/hr\/wp-json\/wp\/v2\/pwb-brand?post=65127"},{"taxonomy":"product_brand","embeddable":true,"href":"https:\/\/ajatutaja.com\/hr\/wp-json\/wp\/v2\/product_brand?post=65127"},{"taxonomy":"product_cat","embeddable":true,"href":"https:\/\/ajatutaja.com\/hr\/wp-json\/wp\/v2\/product_cat?post=65127"},{"taxonomy":"product_tag","embeddable":true,"href":"https:\/\/ajatutaja.com\/hr\/wp-json\/wp\/v2\/product_tag?post=65127"}],"curies":[{"name":"wp","href":"https:\/\/api.w.org\/{rel}","templated":true}]}}