{"id":65094,"date":"2024-05-26T08:01:42","date_gmt":"2024-05-26T06:01:42","guid":{"rendered":"https:\/\/ajatutaja.com\/?post_type=product&#038;p=65094"},"modified":"2026-03-04T12:58:41","modified_gmt":"2026-03-04T11:58:41","slug":"oplatoys-lesena-igra-gradnik-acro-bat","status":"publish","type":"product","link":"https:\/\/ajatutaja.com\/hr\/proizvod\/oplatoys-lesena-igra-gradnik-acro-bat\/","title":{"rendered":"OplaToys lesena igra Gradnik Acro &#8211; Bat"},"content":{"rendered":"<p>[vc_row][vc_column][vc_column_text]Acro Bat je preprosta ro\u010dno izdelana lesena igra\u010da z ne\u0161teto mo\u017enostmi. Figure omogo\u010dajo sestavljanje razli\u010dnih simetri\u010dnih vzorcev in razgibanih konstrukcij v najrazli\u010dnej\u0161ih vi\u0161inah.<br \/>\nPo eni strani stroge linije nakazujejo logiko sestavljanja in natikanja akrobatov enega v drugega. Po drugi strani pa omogo\u010dajo postavitev figur izven na videz logi\u010dnega. Premi\u0161ljeno oblikovani akrobati z glavo, rokami in nogami vsebujejo razli\u010dne \u00bbravnote\u017enostne to\u010dke\u00ab, s katerimi lahko dose\u017eemo nenavadne postavitve. \u010ce se prepustimo domi\u0161ljiji, postanejo figure razposajeni akrobati, ki stojijo na glavi, bo\u010dno slonijo na roki drugega akrobata ali pa drug drugega \u00bbdr\u017eijo na nogah\u00ab.<\/p>\n<p>Sestavljanje figur ob uporabi de\u0161\u010dic in pal\u010dk, na katerih visijo akrobati, omogo\u010di otroku novo dojemanje logi\u010dnih zakonitosti in hkrati spodbuja domi\u0161ljijo. S tem igra\u010da pridobi na vrednosti, saj dobijo akrobati pomemben rekvizit, s katerim otrok \u0161e dodatno uri preciznost, koordinacijo, propriorecepcijo in zakonitosti gravitacije.<\/p>\n<p>Sestavljanje figur ob uporabi de\u0161\u010dic in pal\u010dk, na katerih visijo akrobati, omogo\u010di otroku novo dojemanje logi\u010dnih zakonitosti in hkrati spodbuja domi\u0161ljijo. Posebnost so o\u017eje de\u0161\u010dice in kroglica, ki igra\u010do nadgradijo, saj se akrobati spremenijo v nosilne stebre dr\u010d in \u017elebov, po katerih se kroglica kotali. Spremljanje njenega kotaljenja razvija vidno sledenje, ve\u0161\u010dino, ki je klju\u010dnega pomena za u\u010denje in osvajanje \u017eivljenjskih ve\u0161\u010din.<\/p>\n<p>Velikost figur omogo\u010da razvoj grobega prijema, pri katerem se aktivirajo mi\u0161ice dlani. S preciznej\u0161imi prijemi otrok uri mi\u0161ice na prstih in s tem propriorecepcijo. Pri vtikanju pal\u010dke v luknje na figurah se aktivira tako triprstni kot tudi dvoprstni prijem. Manipuliranje s figurami omogo\u010da razvoj dobre koordinacije prstov in obeh rok ter integracijo med o\u010dmi in roko. Pri tem se otrok uri v potrpe\u017eljivosti in vztrajnosti.<\/p>\n<p>Nevtralna barva ni naklju\u010dje, ampak zavestna odlo\u010ditev, ki omogo\u010da ve\u010d ustvarjalnega mi\u0161ljenja, dojemanja estetike simetri\u010dnih in asimetri\u010dnih konstrukcij.<\/p>\n<h3>Lastnosti lesene igra\u010de \/ Gradnik Acro -Bat OplaToys:<\/h3>\n<ul>\n<li>Primerno za otroke starosti 3+ leta<\/li>\n<li>Set vsebuje 51 delov<\/li>\n<li>Pospravljeno v li\u010dno \u0161katlo iz kartona in zato nadvse primerno kot darilo.<\/li>\n<li>Igra\u010da je ro\u010dno izdelana, oljena z oljem s certifikatom EN71-3 varnost igra\u010d, ki je tudi testiran v NLZOH. Igra\u010de imajo pridobljeno oznako CE ter oznako, kakor dolo\u010da EU uredba o varnosti igra\u010d<\/li>\n<li>Igra\u010da je izdelane iz bukve, lahko prihaja do razli\u010dnih nians- vsak ko\u0161\u010dek lesa je edinstven.<\/li>\n<li>V celoti ro\u010dno izdelano v Sloveniji.<\/li>\n<\/ul>\n<h4>Kaj vklju\u010duje set Acro &#8211; Bat?<\/h4>\n<ul>\n<li>ACRO BAT figurica, 22 kos<\/li>\n<li>ACRO BAT z izvrtino fi 6.5 mm, 6 kos<\/li>\n<li>Lesena kroglica, 1 kos<\/li>\n<li>Palice okrogle fi 6mm, L 17,6, 2 kos<\/li>\n<li>Palice okrogle fi 6mm, L 8,8, 4 kos<\/li>\n<li>Palice \u0161.22, L 17,6 mm, 2 kos<\/li>\n<li>Palica \u0161.22, L 8,8 mm, 4 kos<\/li>\n<li>Palica \u0161 22, L 5,8 mm, 6 kos<\/li>\n<li>Palica \u0161 14, L 17,6 mm, 2 kos<\/li>\n<li>Palica \u0161 14, L 8,8 mm, 2 kos<\/li>\n<\/ul>\n<p>[\/vc_column_text][\/vc_column][\/vc_row]<\/p>\n","protected":false},"excerpt":{"rendered":"<p>OplaToys lesena igra &#8211; Gradnik Acro \u2013 Bat je preprosta igra\u010da z ne\u0161teto mo\u017enostmi. Figure omogo\u010dajo sestavljanje razli\u010dnih simetri\u010dnih vzorcev in razgibanih konstrukcij v najrazli\u010dnej\u0161ih vi\u0161inah. Premi\u0161ljeno oblikovani akrobati z glavo, rokami in nogami vsebujejo razli\u010dne \u00bbravnote\u017enostne to\u010dke\u00ab, s katerimi lahko dose\u017eemo nenavadne postavitve. \u010ce se prepustimo domi\u0161ljiji, postanejo figure razposajeni akrobati, ki stojijo na glavi, bo\u010dno slonijo na roki drugega akrobata ali pa drug drugega \u00bbdr\u017eijo na nogah\u00ab.<\/p>\n","protected":false},"featured_media":65095,"template":"","meta":[],"pwb-brand":[2452,5525],"product_brand":[],"product_cat":[3992,5072,2610,2717,2712,2713,2450,2362,2443,2449,2445,5412],"product_tag":[5549,5527,4307,5548],"class_list":{"0":"post-65094","1":"product","2":"type-product","3":"status-publish","4":"has-post-thumbnail","6":"pwb-brand-igranje","7":"pwb-brand-oplatoys","8":"product_cat-3-leta-igrace","9":"product_cat-bozicna-darila","10":"product_cat-darila","11":"product_cat-darilo-do-50e","12":"product_cat-darilo-za-decka","13":"product_cat-darilo-za-deklico","14":"product_cat-druzabne-igre","15":"product_cat-igranje","16":"product_cat-lesene-igrace","17":"product_cat-miselne-igre","18":"product_cat-sestavljanke","19":"product_cat-ustvarjalne-igrace","20":"product_tag-gradnik-acrobat","21":"product_tag-oplatoys","22":"product_tag-slovenski-proizvod","23":"product_tag-waldorf","25":"first","26":"instock","27":"taxable","28":"shipping-taxable","29":"purchasable","30":"product-type-simple","31":"add-to-wishlist-before_image"},"yoast_head":"<!-- This site is optimized with the Yoast SEO plugin v27.3 - https:\/\/yoast.com\/product\/yoast-seo-wordpress\/ -->\n<title>OplaToys lesena igra Gradnik Acro - Bat | Ajatutaja<\/title>\n<meta name=\"description\" content=\"OplaToys lesena igra - gradnik Acro \u2013 Bat je preprosta igra\u010da z ne\u0161teto mo\u017enostmi. Figure omogo\u010dajo sestavljanje razli\u010dnih simetri\u010dnih vzorcev in razgibanih konstrukcij v najrazli\u010dnej\u0161ih vi\u0161inah.\" \/>\n<meta name=\"robots\" content=\"index, follow, max-snippet:-1, max-image-preview:large, max-video-preview:-1\" \/>\n<link rel=\"canonical\" href=\"https:\/\/ajatutaja.com\/izdelek\/oplatoys-lesena-igra-gradnik-acro-bat\/\" \/>\n<meta property=\"og:locale\" content=\"hr_HR\" \/>\n<meta property=\"og:type\" content=\"article\" \/>\n<meta property=\"og:title\" content=\"OplaToys lesena igra Gradnik Acro - Bat | Ajatutaja\" \/>\n<meta property=\"og:description\" content=\"OplaToys lesena igra - gradnik Acro \u2013 Bat je preprosta igra\u010da z ne\u0161teto mo\u017enostmi. Figure omogo\u010dajo sestavljanje razli\u010dnih simetri\u010dnih vzorcev in razgibanih konstrukcij v najrazli\u010dnej\u0161ih vi\u0161inah.\" \/>\n<meta property=\"og:url\" content=\"https:\/\/ajatutaja.com\/izdelek\/oplatoys-lesena-igra-gradnik-acro-bat\/\" \/>\n<meta property=\"og:site_name\" content=\"Ajatutaja\" \/>\n<meta property=\"article:modified_time\" content=\"2026-03-04T11:58:41+00:00\" \/>\n<meta property=\"og:image\" content=\"https:\/\/ajatutaja.com\/wp-content\/uploads\/2024\/05\/Lesene-igrace-oplatoys-acrobat-sestavljanka-ajatutaja-koper-1.jpg\" \/>\n\t<meta property=\"og:image:width\" content=\"2003\" \/>\n\t<meta property=\"og:image:height\" content=\"1958\" \/>\n\t<meta property=\"og:image:type\" content=\"image\/jpeg\" \/>\n<meta name=\"twitter:card\" content=\"summary_large_image\" \/>\n<meta name=\"twitter:label1\" content=\"Procijenjeno vrijeme \u010ditanja\" \/>\n\t<meta name=\"twitter:data1\" content=\"2 minute\" \/>\n<script type=\"application\/ld+json\" class=\"yoast-schema-graph\">{\"@context\":\"https:\\\/\\\/schema.org\",\"@graph\":[{\"@type\":\"WebPage\",\"@id\":\"https:\\\/\\\/ajatutaja.com\\\/izdelek\\\/oplatoys-lesena-igra-gradnik-acro-bat\\\/\",\"url\":\"https:\\\/\\\/ajatutaja.com\\\/izdelek\\\/oplatoys-lesena-igra-gradnik-acro-bat\\\/\",\"name\":\"OplaToys lesena igra Gradnik Acro - Bat | Ajatutaja\",\"isPartOf\":{\"@id\":\"https:\\\/\\\/ajatutaja.com\\\/#website\"},\"primaryImageOfPage\":{\"@id\":\"https:\\\/\\\/ajatutaja.com\\\/izdelek\\\/oplatoys-lesena-igra-gradnik-acro-bat\\\/#primaryimage\"},\"image\":{\"@id\":\"https:\\\/\\\/ajatutaja.com\\\/izdelek\\\/oplatoys-lesena-igra-gradnik-acro-bat\\\/#primaryimage\"},\"thumbnailUrl\":\"https:\\\/\\\/ajatutaja.com\\\/wp-content\\\/uploads\\\/2024\\\/05\\\/Lesene-igrace-oplatoys-acrobat-sestavljanka-ajatutaja-koper-1.jpg\",\"datePublished\":\"2024-05-26T06:01:42+00:00\",\"dateModified\":\"2026-03-04T11:58:41+00:00\",\"description\":\"OplaToys lesena igra - gradnik Acro \u2013 Bat je preprosta igra\u010da z ne\u0161teto mo\u017enostmi. Figure omogo\u010dajo sestavljanje razli\u010dnih simetri\u010dnih vzorcev in razgibanih konstrukcij v najrazli\u010dnej\u0161ih vi\u0161inah.\",\"breadcrumb\":{\"@id\":\"https:\\\/\\\/ajatutaja.com\\\/izdelek\\\/oplatoys-lesena-igra-gradnik-acro-bat\\\/#breadcrumb\"},\"inLanguage\":\"hr\",\"potentialAction\":[{\"@type\":\"ReadAction\",\"target\":[\"https:\\\/\\\/ajatutaja.com\\\/izdelek\\\/oplatoys-lesena-igra-gradnik-acro-bat\\\/\"]}]},{\"@type\":\"ImageObject\",\"inLanguage\":\"hr\",\"@id\":\"https:\\\/\\\/ajatutaja.com\\\/izdelek\\\/oplatoys-lesena-igra-gradnik-acro-bat\\\/#primaryimage\",\"url\":\"https:\\\/\\\/ajatutaja.com\\\/wp-content\\\/uploads\\\/2024\\\/05\\\/Lesene-igrace-oplatoys-acrobat-sestavljanka-ajatutaja-koper-1.jpg\",\"contentUrl\":\"https:\\\/\\\/ajatutaja.com\\\/wp-content\\\/uploads\\\/2024\\\/05\\\/Lesene-igrace-oplatoys-acrobat-sestavljanka-ajatutaja-koper-1.jpg\",\"width\":2003,\"height\":1958},{\"@type\":\"BreadcrumbList\",\"@id\":\"https:\\\/\\\/ajatutaja.com\\\/izdelek\\\/oplatoys-lesena-igra-gradnik-acro-bat\\\/#breadcrumb\",\"itemListElement\":[{\"@type\":\"ListItem\",\"position\":1,\"name\":\"Home\",\"item\":\"https:\\\/\\\/ajatutaja.com\\\/hr\\\/\"},{\"@type\":\"ListItem\",\"position\":2,\"name\":\"Trgovina\",\"item\":\"https:\\\/\\\/ajatutaja.com\\\/hr\\\/trgovina\\\/\"},{\"@type\":\"ListItem\",\"position\":3,\"name\":\"OplaToys lesena igra Gradnik Acro &#8211; Bat\"}]},{\"@type\":\"WebSite\",\"@id\":\"https:\\\/\\\/ajatutaja.com\\\/#website\",\"url\":\"https:\\\/\\\/ajatutaja.com\\\/\",\"name\":\"Ajatutaja\",\"description\":\"Otro\u0161ka spletna trgovina AJATUTAJA\",\"publisher\":{\"@id\":\"https:\\\/\\\/ajatutaja.com\\\/#organization\"},\"potentialAction\":[{\"@type\":\"SearchAction\",\"target\":{\"@type\":\"EntryPoint\",\"urlTemplate\":\"https:\\\/\\\/ajatutaja.com\\\/?s={search_term_string}\"},\"query-input\":{\"@type\":\"PropertyValueSpecification\",\"valueRequired\":true,\"valueName\":\"search_term_string\"}}],\"inLanguage\":\"hr\"},{\"@type\":\"Organization\",\"@id\":\"https:\\\/\\\/ajatutaja.com\\\/#organization\",\"name\":\"Ajatutaja\",\"url\":\"https:\\\/\\\/ajatutaja.com\\\/\",\"logo\":{\"@type\":\"ImageObject\",\"inLanguage\":\"hr\",\"@id\":\"https:\\\/\\\/ajatutaja.com\\\/#\\\/schema\\\/logo\\\/image\\\/\",\"url\":\"https:\\\/\\\/ajatutaja.com\\\/wp-content\\\/uploads\\\/2021\\\/10\\\/logo.png\",\"contentUrl\":\"https:\\\/\\\/ajatutaja.com\\\/wp-content\\\/uploads\\\/2021\\\/10\\\/logo.png\",\"width\":555,\"height\":150,\"caption\":\"Ajatutaja\"},\"image\":{\"@id\":\"https:\\\/\\\/ajatutaja.com\\\/#\\\/schema\\\/logo\\\/image\\\/\"}}]}<\/script>\n<!-- \/ Yoast SEO plugin. -->","yoast_head_json":{"title":"OplaToys lesena igra Gradnik Acro - Bat | Ajatutaja","description":"OplaToys lesena igra - gradnik Acro \u2013 Bat je preprosta igra\u010da z ne\u0161teto mo\u017enostmi. Figure omogo\u010dajo sestavljanje razli\u010dnih simetri\u010dnih vzorcev in razgibanih konstrukcij v najrazli\u010dnej\u0161ih vi\u0161inah.","robots":{"index":"index","follow":"follow","max-snippet":"max-snippet:-1","max-image-preview":"max-image-preview:large","max-video-preview":"max-video-preview:-1"},"canonical":"https:\/\/ajatutaja.com\/izdelek\/oplatoys-lesena-igra-gradnik-acro-bat\/","og_locale":"hr_HR","og_type":"article","og_title":"OplaToys lesena igra Gradnik Acro - Bat | Ajatutaja","og_description":"OplaToys lesena igra - gradnik Acro \u2013 Bat je preprosta igra\u010da z ne\u0161teto mo\u017enostmi. Figure omogo\u010dajo sestavljanje razli\u010dnih simetri\u010dnih vzorcev in razgibanih konstrukcij v najrazli\u010dnej\u0161ih vi\u0161inah.","og_url":"https:\/\/ajatutaja.com\/izdelek\/oplatoys-lesena-igra-gradnik-acro-bat\/","og_site_name":"Ajatutaja","article_modified_time":"2026-03-04T11:58:41+00:00","og_image":[{"width":2003,"height":1958,"url":"https:\/\/ajatutaja.com\/wp-content\/uploads\/2024\/05\/Lesene-igrace-oplatoys-acrobat-sestavljanka-ajatutaja-koper-1.jpg","type":"image\/jpeg"}],"twitter_card":"summary_large_image","twitter_misc":{"Procijenjeno vrijeme \u010ditanja":"2 minute"},"schema":{"@context":"https:\/\/schema.org","@graph":[{"@type":"WebPage","@id":"https:\/\/ajatutaja.com\/izdelek\/oplatoys-lesena-igra-gradnik-acro-bat\/","url":"https:\/\/ajatutaja.com\/izdelek\/oplatoys-lesena-igra-gradnik-acro-bat\/","name":"OplaToys lesena igra Gradnik Acro - Bat | Ajatutaja","isPartOf":{"@id":"https:\/\/ajatutaja.com\/#website"},"primaryImageOfPage":{"@id":"https:\/\/ajatutaja.com\/izdelek\/oplatoys-lesena-igra-gradnik-acro-bat\/#primaryimage"},"image":{"@id":"https:\/\/ajatutaja.com\/izdelek\/oplatoys-lesena-igra-gradnik-acro-bat\/#primaryimage"},"thumbnailUrl":"https:\/\/ajatutaja.com\/wp-content\/uploads\/2024\/05\/Lesene-igrace-oplatoys-acrobat-sestavljanka-ajatutaja-koper-1.jpg","datePublished":"2024-05-26T06:01:42+00:00","dateModified":"2026-03-04T11:58:41+00:00","description":"OplaToys lesena igra - gradnik Acro \u2013 Bat je preprosta igra\u010da z ne\u0161teto mo\u017enostmi. Figure omogo\u010dajo sestavljanje razli\u010dnih simetri\u010dnih vzorcev in razgibanih konstrukcij v najrazli\u010dnej\u0161ih vi\u0161inah.","breadcrumb":{"@id":"https:\/\/ajatutaja.com\/izdelek\/oplatoys-lesena-igra-gradnik-acro-bat\/#breadcrumb"},"inLanguage":"hr","potentialAction":[{"@type":"ReadAction","target":["https:\/\/ajatutaja.com\/izdelek\/oplatoys-lesena-igra-gradnik-acro-bat\/"]}]},{"@type":"ImageObject","inLanguage":"hr","@id":"https:\/\/ajatutaja.com\/izdelek\/oplatoys-lesena-igra-gradnik-acro-bat\/#primaryimage","url":"https:\/\/ajatutaja.com\/wp-content\/uploads\/2024\/05\/Lesene-igrace-oplatoys-acrobat-sestavljanka-ajatutaja-koper-1.jpg","contentUrl":"https:\/\/ajatutaja.com\/wp-content\/uploads\/2024\/05\/Lesene-igrace-oplatoys-acrobat-sestavljanka-ajatutaja-koper-1.jpg","width":2003,"height":1958},{"@type":"BreadcrumbList","@id":"https:\/\/ajatutaja.com\/izdelek\/oplatoys-lesena-igra-gradnik-acro-bat\/#breadcrumb","itemListElement":[{"@type":"ListItem","position":1,"name":"Home","item":"https:\/\/ajatutaja.com\/hr\/"},{"@type":"ListItem","position":2,"name":"Trgovina","item":"https:\/\/ajatutaja.com\/hr\/trgovina\/"},{"@type":"ListItem","position":3,"name":"OplaToys lesena igra Gradnik Acro &#8211; Bat"}]},{"@type":"WebSite","@id":"https:\/\/ajatutaja.com\/#website","url":"https:\/\/ajatutaja.com\/","name":"Ajatutaja","description":"Otro\u0161ka spletna trgovina AJATUTAJA","publisher":{"@id":"https:\/\/ajatutaja.com\/#organization"},"potentialAction":[{"@type":"SearchAction","target":{"@type":"EntryPoint","urlTemplate":"https:\/\/ajatutaja.com\/?s={search_term_string}"},"query-input":{"@type":"PropertyValueSpecification","valueRequired":true,"valueName":"search_term_string"}}],"inLanguage":"hr"},{"@type":"Organization","@id":"https:\/\/ajatutaja.com\/#organization","name":"Ajatutaja","url":"https:\/\/ajatutaja.com\/","logo":{"@type":"ImageObject","inLanguage":"hr","@id":"https:\/\/ajatutaja.com\/#\/schema\/logo\/image\/","url":"https:\/\/ajatutaja.com\/wp-content\/uploads\/2021\/10\/logo.png","contentUrl":"https:\/\/ajatutaja.com\/wp-content\/uploads\/2021\/10\/logo.png","width":555,"height":150,"caption":"Ajatutaja"},"image":{"@id":"https:\/\/ajatutaja.com\/#\/schema\/logo\/image\/"}}]}},"brands":[{"id":2452,"name":"Igranje","slug":"igranje"},{"id":5525,"name":"OplaToys","slug":"oplatoys"}],"_links":{"self":[{"href":"https:\/\/ajatutaja.com\/hr\/wp-json\/wp\/v2\/product\/65094","targetHints":{"allow":["GET"]}}],"collection":[{"href":"https:\/\/ajatutaja.com\/hr\/wp-json\/wp\/v2\/product"}],"about":[{"href":"https:\/\/ajatutaja.com\/hr\/wp-json\/wp\/v2\/types\/product"}],"wp:featuredmedia":[{"embeddable":true,"href":"https:\/\/ajatutaja.com\/hr\/wp-json\/wp\/v2\/media\/65095"}],"wp:attachment":[{"href":"https:\/\/ajatutaja.com\/hr\/wp-json\/wp\/v2\/media?parent=65094"}],"wp:term":[{"taxonomy":"pwb-brand","embeddable":true,"href":"https:\/\/ajatutaja.com\/hr\/wp-json\/wp\/v2\/pwb-brand?post=65094"},{"taxonomy":"product_brand","embeddable":true,"href":"https:\/\/ajatutaja.com\/hr\/wp-json\/wp\/v2\/product_brand?post=65094"},{"taxonomy":"product_cat","embeddable":true,"href":"https:\/\/ajatutaja.com\/hr\/wp-json\/wp\/v2\/product_cat?post=65094"},{"taxonomy":"product_tag","embeddable":true,"href":"https:\/\/ajatutaja.com\/hr\/wp-json\/wp\/v2\/product_tag?post=65094"}],"curies":[{"name":"wp","href":"https:\/\/api.w.org\/{rel}","templated":true}]}}