{"id":65029,"date":"2024-11-26T20:43:47","date_gmt":"2024-11-26T19:43:47","guid":{"rendered":"https:\/\/ajatutaja.com\/?post_type=product&#038;p=65029"},"modified":"2025-12-22T15:11:02","modified_gmt":"2025-12-22T14:11:02","slug":"plan-toys-lesena-igraca-majavi-prijatelj","status":"publish","type":"product","link":"https:\/\/ajatutaja.com\/hr\/proizvod\/plan-toys-lesena-igraca-majavi-prijatelj\/","title":{"rendered":"Plan Toys lesena igra\u010da Majavi prijatelj &#8211; Mro\u017e"},"content":{"rendered":"<p>[vc_row][vc_column][vc_column_text]Pripravite se na igrive dogodiv\u0161\u010dine z majavimi prijatelji! Dojen\u010dki bodo o\u010darani, ko bodo opazovali to \u010dudovito majavo \u017eivalico, kako se ne\u017eno ziblje, prevrne in kotali. Ta obte\u017eena igra\u010da, zasnovana za spodbujanje vizualnega razvoja in privabljanje dojen\u010dkov med trebu\u0161\u010dkom, je popoln spremljevalec v zgodnjih fazah odkrivanja. S svojo mehko sivo barvo in o\u010darljivimi gibi vzbuja radovednost, izbolj\u0161uje koordinacijo o\u010di in rok ter doda kan\u010dek muhavosti v njihovo igro.<\/p>\n<h3>Lastnosti Plan Toys senzor\u010dnih krogel:<\/h3>\n<ul>\n<li>Na voljo 3 \u017eivalice, ki se kupijo lo\u010deno<\/li>\n<li>Igra\u010da je primerna za otroke starosti od 6 mesecev+<\/li>\n<li>Trajnostno izdelano iz lesa kav\u010dukovca brez kemikalij, lepil brez formaldehida, organskih pigmentov, barvil na vodni osnovi in testirano na varnost<\/li>\n<li>Embala\u017ea je izdelana iz recikliranega papirja, rastlinska barvila<\/li>\n<li>Otrok lahko igra\u010do daje v usta, saj ne vsebuje \u0161kodljivih snovi<\/li>\n<li>Mere posamezne krogle: 6 x 7,5 cm<\/li>\n<li>\u010ci\u0161\u010denje in nega z mehko in vla\u017eno krpo. Ne namakajte!<\/li>\n<\/ul>\n<p>Male otro\u0161ke rokice obo\u017eujejo dotik in igro s Plan Toys lesenimi igra\u010dami, ki so tako ekolo\u0161ke, trajnostne in visokokakovostne, kot so le lahko najbolj\u0161e igra\u010de. Vse igra\u010de so eti\u010dno izdelano na Tajskem iz kav\u010dukovcev, ki ne proizvajajo ve\u010d lateksa.<\/p>\n<p>Lesene igra\u010de Plan Toys so pojem za trajnost in igro, ki prispeva k pravemu razvoj otroka ob pravem \u010dasu. Glavna skrb inovativnega podjetja je izdelovati varne lesene didakti\u010dne igra\u010de na montessori osnovi ua razli\u010dne starostne mejnike med. Lesene izoba\u017eevalne in pou\u010dne igra\u010de Plan Toys so oblikovane tako krepijo tako fizi\u010dni kot kognitivni razvoj dojen\u010dka, mal\u010dka in otroka. Z mo\u010dno misijo ustvarjanja trajnostnega sveta, PlanToys upo\u0161teva vsak posamezen korak proizvodnje lesenih igra\u010d najvi\u0161je kakovosti, tako da \u010dim bolj zmanj\u0161a vpliv na okolje. To poslanstvo se izvaja prek treh stebrov poslovanja PlanToys, znanih tudi kot \u00bbTrajnostni na\u010din\u00ab. To vklju\u010duje trajnostni material, trajnostno proizvodnjo in trajnostni dizajn.<\/p>\n<p><em>Izdelki Plan Toys so po na\u010delih eti\u010dne proizvodnje izdelani na Tajskem. Narejeni so iz lesa kav\u010dukovca, neformaldehidnega lepila, ki ga izdelujejo sami, organskih pigmentov ter barv na vodni osnovi. Poleg lesa s FSC certifikatom pri izdelavi igra\u010d uporabljajo tudi \u00bbPlanwood\u00ab \u2013 izjemen ekolo\u0161ki material iz stisnjene \u017eagovine, ki ga prav tako izdelujejo v svoji tovarni. Vsi izdelki so pakirani v reciklirani in okolju prijazni embala\u017ei, vse igra\u010de pa so skladne z Evropsko direktivo za igra\u010de (DIN EN 71).<\/em>[\/vc_column_text][\/vc_column][\/vc_row]<\/p>\n","protected":false},"excerpt":{"rendered":"<p>Lesena igra\u010da Majavi prijatelj Mro\u017e je zasnovana za spodbujanje vizualnega razvoja in privabljanje dojen\u010dkov, da pasejo kravice in se igrajo na trebu\u0161\u010dku.\u00a0 S svojimi barvami in o\u010darljivimi gibi vzbujajo radovednost, izbolj\u0161ujejo koordinacijo o\u010di in rok ter dodajo kan\u010dek muhavosti v njihovo igro.<\/p>\n","protected":false},"featured_media":65034,"template":"","meta":[],"pwb-brand":[2452,5542],"product_brand":[],"product_cat":[3988,2441,5072,2715,2711,2362,2443],"product_tag":[5544],"class_list":{"0":"post-65029","1":"product","2":"type-product","3":"status-publish","4":"has-post-thumbnail","6":"pwb-brand-igranje","7":"pwb-brand-plan-toys","8":"product_cat-6-mesecev-igrace","9":"product_cat-aktivnostne-igrace","10":"product_cat-bozicna-darila","11":"product_cat-darilo-do-15e","12":"product_cat-darilo-ob-rojstvu","13":"product_cat-igranje","14":"product_cat-lesene-igrace","15":"product_tag-plan-toys","17":"first","18":"outofstock","19":"taxable","20":"shipping-taxable","21":"purchasable","22":"product-type-variable","23":"add-to-wishlist-before_image"},"yoast_head":"<!-- This site is optimized with the Yoast SEO plugin v27.3 - https:\/\/yoast.com\/product\/yoast-seo-wordpress\/ -->\n<title>Plan Toys lesena igra\u010da Majavi prijatelj - Mro\u017e | Ajatutaja<\/title>\n<meta name=\"description\" content=\"Lesena igra\u010da Majavi prijatelj je zasnovana za spodbujanje vizualnega razvoja in privabljanje dojen\u010dkov, da pasejo kravice in se igrajo na trebu\u0161\u010dku.\u00a0\" \/>\n<meta name=\"robots\" content=\"index, follow, max-snippet:-1, max-image-preview:large, max-video-preview:-1\" \/>\n<link rel=\"canonical\" href=\"https:\/\/ajatutaja.com\/izdelek\/plan-toys-lesena-igraca-majavi-prijatelj\/\" \/>\n<meta property=\"og:locale\" content=\"hr_HR\" \/>\n<meta property=\"og:type\" content=\"article\" \/>\n<meta property=\"og:title\" content=\"Plan Toys lesena igra\u010da Majavi prijatelj - Mro\u017e | Ajatutaja\" \/>\n<meta property=\"og:description\" content=\"Lesena igra\u010da Majavi prijatelj je zasnovana za spodbujanje vizualnega razvoja in privabljanje dojen\u010dkov, da pasejo kravice in se igrajo na trebu\u0161\u010dku.\u00a0\" \/>\n<meta property=\"og:url\" content=\"https:\/\/ajatutaja.com\/izdelek\/plan-toys-lesena-igraca-majavi-prijatelj\/\" \/>\n<meta property=\"og:site_name\" content=\"Ajatutaja\" \/>\n<meta property=\"article:modified_time\" content=\"2025-12-22T14:11:02+00:00\" \/>\n<meta property=\"og:image\" content=\"https:\/\/ajatutaja.com\/wp-content\/uploads\/2024\/05\/PlanToys_Majav-Mroz-Cas-za-trebuscek-igraca_5280.jpg\" \/>\n\t<meta property=\"og:image:width\" content=\"1080\" \/>\n\t<meta property=\"og:image:height\" content=\"1080\" \/>\n\t<meta property=\"og:image:type\" content=\"image\/jpeg\" \/>\n<meta name=\"twitter:card\" content=\"summary_large_image\" \/>\n<meta name=\"twitter:label1\" content=\"Procijenjeno vrijeme \u010ditanja\" \/>\n\t<meta name=\"twitter:data1\" content=\"2 minute\" \/>\n<script type=\"application\/ld+json\" class=\"yoast-schema-graph\">{\"@context\":\"https:\\\/\\\/schema.org\",\"@graph\":[{\"@type\":\"WebPage\",\"@id\":\"https:\\\/\\\/ajatutaja.com\\\/izdelek\\\/plan-toys-lesena-igraca-majavi-prijatelj\\\/\",\"url\":\"https:\\\/\\\/ajatutaja.com\\\/izdelek\\\/plan-toys-lesena-igraca-majavi-prijatelj\\\/\",\"name\":\"Plan Toys lesena igra\u010da Majavi prijatelj - Mro\u017e | Ajatutaja\",\"isPartOf\":{\"@id\":\"https:\\\/\\\/ajatutaja.com\\\/#website\"},\"primaryImageOfPage\":{\"@id\":\"https:\\\/\\\/ajatutaja.com\\\/izdelek\\\/plan-toys-lesena-igraca-majavi-prijatelj\\\/#primaryimage\"},\"image\":{\"@id\":\"https:\\\/\\\/ajatutaja.com\\\/izdelek\\\/plan-toys-lesena-igraca-majavi-prijatelj\\\/#primaryimage\"},\"thumbnailUrl\":\"https:\\\/\\\/ajatutaja.com\\\/wp-content\\\/uploads\\\/2024\\\/05\\\/PlanToys_Majav-Mroz-Cas-za-trebuscek-igraca_5280.jpg\",\"datePublished\":\"2024-11-26T19:43:47+00:00\",\"dateModified\":\"2025-12-22T14:11:02+00:00\",\"description\":\"Lesena igra\u010da Majavi prijatelj je zasnovana za spodbujanje vizualnega razvoja in privabljanje dojen\u010dkov, da pasejo kravice in se igrajo na trebu\u0161\u010dku.\u00a0\",\"breadcrumb\":{\"@id\":\"https:\\\/\\\/ajatutaja.com\\\/izdelek\\\/plan-toys-lesena-igraca-majavi-prijatelj\\\/#breadcrumb\"},\"inLanguage\":\"hr\",\"potentialAction\":[{\"@type\":\"ReadAction\",\"target\":[\"https:\\\/\\\/ajatutaja.com\\\/izdelek\\\/plan-toys-lesena-igraca-majavi-prijatelj\\\/\"]}]},{\"@type\":\"ImageObject\",\"inLanguage\":\"hr\",\"@id\":\"https:\\\/\\\/ajatutaja.com\\\/izdelek\\\/plan-toys-lesena-igraca-majavi-prijatelj\\\/#primaryimage\",\"url\":\"https:\\\/\\\/ajatutaja.com\\\/wp-content\\\/uploads\\\/2024\\\/05\\\/PlanToys_Majav-Mroz-Cas-za-trebuscek-igraca_5280.jpg\",\"contentUrl\":\"https:\\\/\\\/ajatutaja.com\\\/wp-content\\\/uploads\\\/2024\\\/05\\\/PlanToys_Majav-Mroz-Cas-za-trebuscek-igraca_5280.jpg\",\"width\":1080,\"height\":1080},{\"@type\":\"BreadcrumbList\",\"@id\":\"https:\\\/\\\/ajatutaja.com\\\/izdelek\\\/plan-toys-lesena-igraca-majavi-prijatelj\\\/#breadcrumb\",\"itemListElement\":[{\"@type\":\"ListItem\",\"position\":1,\"name\":\"Home\",\"item\":\"https:\\\/\\\/ajatutaja.com\\\/hr\\\/\"},{\"@type\":\"ListItem\",\"position\":2,\"name\":\"Trgovina\",\"item\":\"https:\\\/\\\/ajatutaja.com\\\/hr\\\/trgovina\\\/\"},{\"@type\":\"ListItem\",\"position\":3,\"name\":\"Plan Toys lesena igra\u010da Majavi prijatelj &#8211; Mro\u017e\"}]},{\"@type\":\"WebSite\",\"@id\":\"https:\\\/\\\/ajatutaja.com\\\/#website\",\"url\":\"https:\\\/\\\/ajatutaja.com\\\/\",\"name\":\"Ajatutaja\",\"description\":\"Otro\u0161ka spletna trgovina AJATUTAJA\",\"publisher\":{\"@id\":\"https:\\\/\\\/ajatutaja.com\\\/#organization\"},\"potentialAction\":[{\"@type\":\"SearchAction\",\"target\":{\"@type\":\"EntryPoint\",\"urlTemplate\":\"https:\\\/\\\/ajatutaja.com\\\/?s={search_term_string}\"},\"query-input\":{\"@type\":\"PropertyValueSpecification\",\"valueRequired\":true,\"valueName\":\"search_term_string\"}}],\"inLanguage\":\"hr\"},{\"@type\":\"Organization\",\"@id\":\"https:\\\/\\\/ajatutaja.com\\\/#organization\",\"name\":\"Ajatutaja\",\"url\":\"https:\\\/\\\/ajatutaja.com\\\/\",\"logo\":{\"@type\":\"ImageObject\",\"inLanguage\":\"hr\",\"@id\":\"https:\\\/\\\/ajatutaja.com\\\/#\\\/schema\\\/logo\\\/image\\\/\",\"url\":\"https:\\\/\\\/ajatutaja.com\\\/wp-content\\\/uploads\\\/2021\\\/10\\\/logo.png\",\"contentUrl\":\"https:\\\/\\\/ajatutaja.com\\\/wp-content\\\/uploads\\\/2021\\\/10\\\/logo.png\",\"width\":555,\"height\":150,\"caption\":\"Ajatutaja\"},\"image\":{\"@id\":\"https:\\\/\\\/ajatutaja.com\\\/#\\\/schema\\\/logo\\\/image\\\/\"}}]}<\/script>\n<!-- \/ Yoast SEO plugin. -->","yoast_head_json":{"title":"Plan Toys lesena igra\u010da Majavi prijatelj - Mro\u017e | Ajatutaja","description":"Lesena igra\u010da Majavi prijatelj je zasnovana za spodbujanje vizualnega razvoja in privabljanje dojen\u010dkov, da pasejo kravice in se igrajo na trebu\u0161\u010dku.\u00a0","robots":{"index":"index","follow":"follow","max-snippet":"max-snippet:-1","max-image-preview":"max-image-preview:large","max-video-preview":"max-video-preview:-1"},"canonical":"https:\/\/ajatutaja.com\/izdelek\/plan-toys-lesena-igraca-majavi-prijatelj\/","og_locale":"hr_HR","og_type":"article","og_title":"Plan Toys lesena igra\u010da Majavi prijatelj - Mro\u017e | Ajatutaja","og_description":"Lesena igra\u010da Majavi prijatelj je zasnovana za spodbujanje vizualnega razvoja in privabljanje dojen\u010dkov, da pasejo kravice in se igrajo na trebu\u0161\u010dku.\u00a0","og_url":"https:\/\/ajatutaja.com\/izdelek\/plan-toys-lesena-igraca-majavi-prijatelj\/","og_site_name":"Ajatutaja","article_modified_time":"2025-12-22T14:11:02+00:00","og_image":[{"width":1080,"height":1080,"url":"https:\/\/ajatutaja.com\/wp-content\/uploads\/2024\/05\/PlanToys_Majav-Mroz-Cas-za-trebuscek-igraca_5280.jpg","type":"image\/jpeg"}],"twitter_card":"summary_large_image","twitter_misc":{"Procijenjeno vrijeme \u010ditanja":"2 minute"},"schema":{"@context":"https:\/\/schema.org","@graph":[{"@type":"WebPage","@id":"https:\/\/ajatutaja.com\/izdelek\/plan-toys-lesena-igraca-majavi-prijatelj\/","url":"https:\/\/ajatutaja.com\/izdelek\/plan-toys-lesena-igraca-majavi-prijatelj\/","name":"Plan Toys lesena igra\u010da Majavi prijatelj - Mro\u017e | Ajatutaja","isPartOf":{"@id":"https:\/\/ajatutaja.com\/#website"},"primaryImageOfPage":{"@id":"https:\/\/ajatutaja.com\/izdelek\/plan-toys-lesena-igraca-majavi-prijatelj\/#primaryimage"},"image":{"@id":"https:\/\/ajatutaja.com\/izdelek\/plan-toys-lesena-igraca-majavi-prijatelj\/#primaryimage"},"thumbnailUrl":"https:\/\/ajatutaja.com\/wp-content\/uploads\/2024\/05\/PlanToys_Majav-Mroz-Cas-za-trebuscek-igraca_5280.jpg","datePublished":"2024-11-26T19:43:47+00:00","dateModified":"2025-12-22T14:11:02+00:00","description":"Lesena igra\u010da Majavi prijatelj je zasnovana za spodbujanje vizualnega razvoja in privabljanje dojen\u010dkov, da pasejo kravice in se igrajo na trebu\u0161\u010dku.\u00a0","breadcrumb":{"@id":"https:\/\/ajatutaja.com\/izdelek\/plan-toys-lesena-igraca-majavi-prijatelj\/#breadcrumb"},"inLanguage":"hr","potentialAction":[{"@type":"ReadAction","target":["https:\/\/ajatutaja.com\/izdelek\/plan-toys-lesena-igraca-majavi-prijatelj\/"]}]},{"@type":"ImageObject","inLanguage":"hr","@id":"https:\/\/ajatutaja.com\/izdelek\/plan-toys-lesena-igraca-majavi-prijatelj\/#primaryimage","url":"https:\/\/ajatutaja.com\/wp-content\/uploads\/2024\/05\/PlanToys_Majav-Mroz-Cas-za-trebuscek-igraca_5280.jpg","contentUrl":"https:\/\/ajatutaja.com\/wp-content\/uploads\/2024\/05\/PlanToys_Majav-Mroz-Cas-za-trebuscek-igraca_5280.jpg","width":1080,"height":1080},{"@type":"BreadcrumbList","@id":"https:\/\/ajatutaja.com\/izdelek\/plan-toys-lesena-igraca-majavi-prijatelj\/#breadcrumb","itemListElement":[{"@type":"ListItem","position":1,"name":"Home","item":"https:\/\/ajatutaja.com\/hr\/"},{"@type":"ListItem","position":2,"name":"Trgovina","item":"https:\/\/ajatutaja.com\/hr\/trgovina\/"},{"@type":"ListItem","position":3,"name":"Plan Toys lesena igra\u010da Majavi prijatelj &#8211; Mro\u017e"}]},{"@type":"WebSite","@id":"https:\/\/ajatutaja.com\/#website","url":"https:\/\/ajatutaja.com\/","name":"Ajatutaja","description":"Otro\u0161ka spletna trgovina AJATUTAJA","publisher":{"@id":"https:\/\/ajatutaja.com\/#organization"},"potentialAction":[{"@type":"SearchAction","target":{"@type":"EntryPoint","urlTemplate":"https:\/\/ajatutaja.com\/?s={search_term_string}"},"query-input":{"@type":"PropertyValueSpecification","valueRequired":true,"valueName":"search_term_string"}}],"inLanguage":"hr"},{"@type":"Organization","@id":"https:\/\/ajatutaja.com\/#organization","name":"Ajatutaja","url":"https:\/\/ajatutaja.com\/","logo":{"@type":"ImageObject","inLanguage":"hr","@id":"https:\/\/ajatutaja.com\/#\/schema\/logo\/image\/","url":"https:\/\/ajatutaja.com\/wp-content\/uploads\/2021\/10\/logo.png","contentUrl":"https:\/\/ajatutaja.com\/wp-content\/uploads\/2021\/10\/logo.png","width":555,"height":150,"caption":"Ajatutaja"},"image":{"@id":"https:\/\/ajatutaja.com\/#\/schema\/logo\/image\/"}}]}},"brands":[{"id":2452,"name":"Igranje","slug":"igranje"},{"id":5542,"name":"Plan Toys","slug":"plan-toys"}],"_links":{"self":[{"href":"https:\/\/ajatutaja.com\/hr\/wp-json\/wp\/v2\/product\/65029","targetHints":{"allow":["GET"]}}],"collection":[{"href":"https:\/\/ajatutaja.com\/hr\/wp-json\/wp\/v2\/product"}],"about":[{"href":"https:\/\/ajatutaja.com\/hr\/wp-json\/wp\/v2\/types\/product"}],"wp:featuredmedia":[{"embeddable":true,"href":"https:\/\/ajatutaja.com\/hr\/wp-json\/wp\/v2\/media\/65034"}],"wp:attachment":[{"href":"https:\/\/ajatutaja.com\/hr\/wp-json\/wp\/v2\/media?parent=65029"}],"wp:term":[{"taxonomy":"pwb-brand","embeddable":true,"href":"https:\/\/ajatutaja.com\/hr\/wp-json\/wp\/v2\/pwb-brand?post=65029"},{"taxonomy":"product_brand","embeddable":true,"href":"https:\/\/ajatutaja.com\/hr\/wp-json\/wp\/v2\/product_brand?post=65029"},{"taxonomy":"product_cat","embeddable":true,"href":"https:\/\/ajatutaja.com\/hr\/wp-json\/wp\/v2\/product_cat?post=65029"},{"taxonomy":"product_tag","embeddable":true,"href":"https:\/\/ajatutaja.com\/hr\/wp-json\/wp\/v2\/product_tag?post=65029"}],"curies":[{"name":"wp","href":"https:\/\/api.w.org\/{rel}","templated":true}]}}