{"id":64694,"date":"2024-05-20T19:31:52","date_gmt":"2024-05-20T17:31:52","guid":{"rendered":"https:\/\/ajatutaja.com\/?post_type=product&#038;p=64694"},"modified":"2025-12-04T15:04:45","modified_gmt":"2025-12-04T14:04:45","slug":"topmark-otroski-tricikel-4v1-lio-lilac","status":"publish","type":"product","link":"https:\/\/ajatutaja.com\/hr\/proizvod\/topmark-otroski-tricikel-4v1-lio-lilac\/","title":{"rendered":"Topmark\u00ae otro\u0161ki tricikel 4v1 Lio &#8211; Lilac"},"content":{"rendered":"<p>[vc_row][vc_column][vc_column_text]<\/p>\n<div class=\"value\">\n<p>Topmark Lio 4v1 je idealen pripomo\u010dek za pridobivanje ravnote\u017eja, ki pride \u0161e kako prav pri prehodu na kolo s pedali. Preko vo\u017enje bo va\u0161 otrok vadil koordinacijo, gibalne sposobnosti in vzdr\u017eeval pravilno ravnote\u017eje. Kolo je izjemno enostavno spremeniti iz tricikla v ravnote\u017eno kolo, tako da zlo\u017eite zadnji kolesi navznoter, omogo\u010da pa vo\u017enjo s pedali ali brez. Tako je prehod na kolo s pedali \u0161e la\u017eje. Pedala je enostavno sestaviti in priro\u010dno shraniti na okvir pod sede\u017eem. Sedlo in krmilo sta nastavljiva glede na potrebe otroka. Ravnote\u017eno kolo je kompaktno in lahko, zato je povsem lahek za prena\u0161anje.<\/p>\n<h3>Lastnosti tricikla Topmark Kaya 4v1:<\/h3>\n<ul>\n<li>Poganjalec 4v1 za mal\u010dke<\/li>\n<li>Vklju\u010duje snemljivo varovalo\/ograjico za otroka, prilagodljiva in snemljivi pedali, ter snemljiv ro\u010daj\/krmilo za stra\u0161evsko upravjanje<\/li>\n<li>Primerno za otroke od 1 do 5 leta starosti<\/li>\n<li>Mo\u017enost tricikla ali dvocikla\/poganjal\u010dka<\/li>\n<li>Idealen za u\u010denje ravnote\u017eja<\/li>\n<li>Enostavna monta\u017ea<\/li>\n<li>Otrok naj uporablja poganjalec samo pod nadzorom odrasle osebe<\/li>\n<\/ul>\n<h3>Tehni\u010dne lastnosti:<strong><br \/>\n<\/strong><\/h3>\n<ul>\n<li>Dimenzije odprtega (nezlo\u017eenega) poganjalca: 69 x 45 x 51 cm<\/li>\n<li>Te\u017ea: 4,5 kg<\/li>\n<li>Nosilnost do 25 kg<\/li>\n<\/ul>\n<\/div>\n<p>[\/vc_column_text][\/vc_column][\/vc_row]<\/p>\n","protected":false},"excerpt":{"rendered":"<p><span lang=\"sl\">Otro\u0161ki tricikel z varovalom in podalj\u0161anim vodilomTopmark Lio 4v1 lahko preprosto spremenite iz tricikla v ravnote\u017eno kolo (poganjal\u010dka), tako da zlo\u017eite obe zadnji kolesi. Uporaben s pedali ali brez. Poleg tega se med vadbo z ravnote\u017enim kolesom Lio spodbuja koordinirano gibanje va\u0161ega otroka in va\u0161 otrok se nau\u010di ohranjati ravnote\u017eje.<\/span><\/p>\n","protected":false},"featured_media":64695,"template":"","meta":[],"pwb-brand":[5133],"product_brand":[],"product_cat":[2713,2451,2406,2361],"product_tag":[5521,5135],"class_list":{"0":"post-64694","1":"product","2":"type-product","3":"status-publish","4":"has-post-thumbnail","6":"pwb-brand-topmark","7":"product_cat-darilo-za-deklico","8":"product_cat-igra-na-prostem","9":"product_cat-otroski-skiroji-in-poganjalci","10":"product_cat-potepanje","11":"product_tag-lio","12":"product_tag-topmark","14":"first","15":"onbackorder","16":"taxable","17":"shipping-taxable","18":"purchasable","19":"product-type-simple","20":"add-to-wishlist-before_image"},"yoast_head":"<!-- This site is optimized with the Yoast SEO plugin v27.3 - https:\/\/yoast.com\/product\/yoast-seo-wordpress\/ -->\n<title>Topmark\u00ae otro\u0161ki tricikel 4v1 Lio - Lilac | Ajatutaja<\/title>\n<meta name=\"description\" content=\"Otro\u0161ki tricikel z varovalom in podalj\u0161anim vodilomTopmark Lio 4v1 lahko preprosto spremenite iz tricikla v ravnote\u017eno kolo (poganjal\u010dka), tako da zlo\u017eite obe zadnji kolesi.\" \/>\n<meta name=\"robots\" content=\"index, follow, max-snippet:-1, max-image-preview:large, max-video-preview:-1\" \/>\n<link rel=\"canonical\" href=\"https:\/\/ajatutaja.com\/izdelek\/topmark-otroski-tricikel-4v1-lio-lilac\/\" \/>\n<meta property=\"og:locale\" content=\"hr_HR\" \/>\n<meta property=\"og:type\" content=\"article\" \/>\n<meta property=\"og:title\" content=\"Topmark\u00ae otro\u0161ki tricikel 4v1 Lio - Lilac | Ajatutaja\" \/>\n<meta property=\"og:description\" content=\"Otro\u0161ki tricikel z varovalom in podalj\u0161anim vodilomTopmark Lio 4v1 lahko preprosto spremenite iz tricikla v ravnote\u017eno kolo (poganjal\u010dka), tako da zlo\u017eite obe zadnji kolesi.\" \/>\n<meta property=\"og:url\" content=\"https:\/\/ajatutaja.com\/izdelek\/topmark-otroski-tricikel-4v1-lio-lilac\/\" \/>\n<meta property=\"og:site_name\" content=\"Ajatutaja\" \/>\n<meta property=\"article:modified_time\" content=\"2025-12-04T14:04:45+00:00\" \/>\n<meta property=\"og:image\" content=\"https:\/\/ajatutaja.com\/wp-content\/uploads\/2024\/05\/Tricikel-topmark-lio-ajatutaja-1.jpg\" \/>\n\t<meta property=\"og:image:width\" content=\"1000\" \/>\n\t<meta property=\"og:image:height\" content=\"1000\" \/>\n\t<meta property=\"og:image:type\" content=\"image\/jpeg\" \/>\n<meta name=\"twitter:card\" content=\"summary_large_image\" \/>\n<meta name=\"twitter:label1\" content=\"Procijenjeno vrijeme \u010ditanja\" \/>\n\t<meta name=\"twitter:data1\" content=\"1 minuta\" \/>\n<script type=\"application\/ld+json\" class=\"yoast-schema-graph\">{\"@context\":\"https:\\\/\\\/schema.org\",\"@graph\":[{\"@type\":\"WebPage\",\"@id\":\"https:\\\/\\\/ajatutaja.com\\\/izdelek\\\/topmark-otroski-tricikel-4v1-lio-lilac\\\/\",\"url\":\"https:\\\/\\\/ajatutaja.com\\\/izdelek\\\/topmark-otroski-tricikel-4v1-lio-lilac\\\/\",\"name\":\"Topmark\u00ae otro\u0161ki tricikel 4v1 Lio - Lilac | Ajatutaja\",\"isPartOf\":{\"@id\":\"https:\\\/\\\/ajatutaja.com\\\/#website\"},\"primaryImageOfPage\":{\"@id\":\"https:\\\/\\\/ajatutaja.com\\\/izdelek\\\/topmark-otroski-tricikel-4v1-lio-lilac\\\/#primaryimage\"},\"image\":{\"@id\":\"https:\\\/\\\/ajatutaja.com\\\/izdelek\\\/topmark-otroski-tricikel-4v1-lio-lilac\\\/#primaryimage\"},\"thumbnailUrl\":\"https:\\\/\\\/ajatutaja.com\\\/wp-content\\\/uploads\\\/2024\\\/05\\\/Tricikel-topmark-lio-ajatutaja-1.jpg\",\"datePublished\":\"2024-05-20T17:31:52+00:00\",\"dateModified\":\"2025-12-04T14:04:45+00:00\",\"description\":\"Otro\u0161ki tricikel z varovalom in podalj\u0161anim vodilomTopmark Lio 4v1 lahko preprosto spremenite iz tricikla v ravnote\u017eno kolo (poganjal\u010dka), tako da zlo\u017eite obe zadnji kolesi.\",\"breadcrumb\":{\"@id\":\"https:\\\/\\\/ajatutaja.com\\\/izdelek\\\/topmark-otroski-tricikel-4v1-lio-lilac\\\/#breadcrumb\"},\"inLanguage\":\"hr\",\"potentialAction\":[{\"@type\":\"ReadAction\",\"target\":[\"https:\\\/\\\/ajatutaja.com\\\/izdelek\\\/topmark-otroski-tricikel-4v1-lio-lilac\\\/\"]}]},{\"@type\":\"ImageObject\",\"inLanguage\":\"hr\",\"@id\":\"https:\\\/\\\/ajatutaja.com\\\/izdelek\\\/topmark-otroski-tricikel-4v1-lio-lilac\\\/#primaryimage\",\"url\":\"https:\\\/\\\/ajatutaja.com\\\/wp-content\\\/uploads\\\/2024\\\/05\\\/Tricikel-topmark-lio-ajatutaja-1.jpg\",\"contentUrl\":\"https:\\\/\\\/ajatutaja.com\\\/wp-content\\\/uploads\\\/2024\\\/05\\\/Tricikel-topmark-lio-ajatutaja-1.jpg\",\"width\":1000,\"height\":1000},{\"@type\":\"BreadcrumbList\",\"@id\":\"https:\\\/\\\/ajatutaja.com\\\/izdelek\\\/topmark-otroski-tricikel-4v1-lio-lilac\\\/#breadcrumb\",\"itemListElement\":[{\"@type\":\"ListItem\",\"position\":1,\"name\":\"Home\",\"item\":\"https:\\\/\\\/ajatutaja.com\\\/hr\\\/\"},{\"@type\":\"ListItem\",\"position\":2,\"name\":\"Trgovina\",\"item\":\"https:\\\/\\\/ajatutaja.com\\\/hr\\\/trgovina\\\/\"},{\"@type\":\"ListItem\",\"position\":3,\"name\":\"Topmark\u00ae otro\u0161ki tricikel 4v1 Lio &#8211; Lilac\"}]},{\"@type\":\"WebSite\",\"@id\":\"https:\\\/\\\/ajatutaja.com\\\/#website\",\"url\":\"https:\\\/\\\/ajatutaja.com\\\/\",\"name\":\"Ajatutaja\",\"description\":\"Otro\u0161ka spletna trgovina AJATUTAJA\",\"publisher\":{\"@id\":\"https:\\\/\\\/ajatutaja.com\\\/#organization\"},\"potentialAction\":[{\"@type\":\"SearchAction\",\"target\":{\"@type\":\"EntryPoint\",\"urlTemplate\":\"https:\\\/\\\/ajatutaja.com\\\/?s={search_term_string}\"},\"query-input\":{\"@type\":\"PropertyValueSpecification\",\"valueRequired\":true,\"valueName\":\"search_term_string\"}}],\"inLanguage\":\"hr\"},{\"@type\":\"Organization\",\"@id\":\"https:\\\/\\\/ajatutaja.com\\\/#organization\",\"name\":\"Ajatutaja\",\"url\":\"https:\\\/\\\/ajatutaja.com\\\/\",\"logo\":{\"@type\":\"ImageObject\",\"inLanguage\":\"hr\",\"@id\":\"https:\\\/\\\/ajatutaja.com\\\/#\\\/schema\\\/logo\\\/image\\\/\",\"url\":\"https:\\\/\\\/ajatutaja.com\\\/wp-content\\\/uploads\\\/2021\\\/10\\\/logo.png\",\"contentUrl\":\"https:\\\/\\\/ajatutaja.com\\\/wp-content\\\/uploads\\\/2021\\\/10\\\/logo.png\",\"width\":555,\"height\":150,\"caption\":\"Ajatutaja\"},\"image\":{\"@id\":\"https:\\\/\\\/ajatutaja.com\\\/#\\\/schema\\\/logo\\\/image\\\/\"}}]}<\/script>\n<!-- \/ Yoast SEO plugin. -->","yoast_head_json":{"title":"Topmark\u00ae otro\u0161ki tricikel 4v1 Lio - Lilac | Ajatutaja","description":"Otro\u0161ki tricikel z varovalom in podalj\u0161anim vodilomTopmark Lio 4v1 lahko preprosto spremenite iz tricikla v ravnote\u017eno kolo (poganjal\u010dka), tako da zlo\u017eite obe zadnji kolesi.","robots":{"index":"index","follow":"follow","max-snippet":"max-snippet:-1","max-image-preview":"max-image-preview:large","max-video-preview":"max-video-preview:-1"},"canonical":"https:\/\/ajatutaja.com\/izdelek\/topmark-otroski-tricikel-4v1-lio-lilac\/","og_locale":"hr_HR","og_type":"article","og_title":"Topmark\u00ae otro\u0161ki tricikel 4v1 Lio - Lilac | Ajatutaja","og_description":"Otro\u0161ki tricikel z varovalom in podalj\u0161anim vodilomTopmark Lio 4v1 lahko preprosto spremenite iz tricikla v ravnote\u017eno kolo (poganjal\u010dka), tako da zlo\u017eite obe zadnji kolesi.","og_url":"https:\/\/ajatutaja.com\/izdelek\/topmark-otroski-tricikel-4v1-lio-lilac\/","og_site_name":"Ajatutaja","article_modified_time":"2025-12-04T14:04:45+00:00","og_image":[{"width":1000,"height":1000,"url":"https:\/\/ajatutaja.com\/wp-content\/uploads\/2024\/05\/Tricikel-topmark-lio-ajatutaja-1.jpg","type":"image\/jpeg"}],"twitter_card":"summary_large_image","twitter_misc":{"Procijenjeno vrijeme \u010ditanja":"1 minuta"},"schema":{"@context":"https:\/\/schema.org","@graph":[{"@type":"WebPage","@id":"https:\/\/ajatutaja.com\/izdelek\/topmark-otroski-tricikel-4v1-lio-lilac\/","url":"https:\/\/ajatutaja.com\/izdelek\/topmark-otroski-tricikel-4v1-lio-lilac\/","name":"Topmark\u00ae otro\u0161ki tricikel 4v1 Lio - Lilac | Ajatutaja","isPartOf":{"@id":"https:\/\/ajatutaja.com\/#website"},"primaryImageOfPage":{"@id":"https:\/\/ajatutaja.com\/izdelek\/topmark-otroski-tricikel-4v1-lio-lilac\/#primaryimage"},"image":{"@id":"https:\/\/ajatutaja.com\/izdelek\/topmark-otroski-tricikel-4v1-lio-lilac\/#primaryimage"},"thumbnailUrl":"https:\/\/ajatutaja.com\/wp-content\/uploads\/2024\/05\/Tricikel-topmark-lio-ajatutaja-1.jpg","datePublished":"2024-05-20T17:31:52+00:00","dateModified":"2025-12-04T14:04:45+00:00","description":"Otro\u0161ki tricikel z varovalom in podalj\u0161anim vodilomTopmark Lio 4v1 lahko preprosto spremenite iz tricikla v ravnote\u017eno kolo (poganjal\u010dka), tako da zlo\u017eite obe zadnji kolesi.","breadcrumb":{"@id":"https:\/\/ajatutaja.com\/izdelek\/topmark-otroski-tricikel-4v1-lio-lilac\/#breadcrumb"},"inLanguage":"hr","potentialAction":[{"@type":"ReadAction","target":["https:\/\/ajatutaja.com\/izdelek\/topmark-otroski-tricikel-4v1-lio-lilac\/"]}]},{"@type":"ImageObject","inLanguage":"hr","@id":"https:\/\/ajatutaja.com\/izdelek\/topmark-otroski-tricikel-4v1-lio-lilac\/#primaryimage","url":"https:\/\/ajatutaja.com\/wp-content\/uploads\/2024\/05\/Tricikel-topmark-lio-ajatutaja-1.jpg","contentUrl":"https:\/\/ajatutaja.com\/wp-content\/uploads\/2024\/05\/Tricikel-topmark-lio-ajatutaja-1.jpg","width":1000,"height":1000},{"@type":"BreadcrumbList","@id":"https:\/\/ajatutaja.com\/izdelek\/topmark-otroski-tricikel-4v1-lio-lilac\/#breadcrumb","itemListElement":[{"@type":"ListItem","position":1,"name":"Home","item":"https:\/\/ajatutaja.com\/hr\/"},{"@type":"ListItem","position":2,"name":"Trgovina","item":"https:\/\/ajatutaja.com\/hr\/trgovina\/"},{"@type":"ListItem","position":3,"name":"Topmark\u00ae otro\u0161ki tricikel 4v1 Lio &#8211; Lilac"}]},{"@type":"WebSite","@id":"https:\/\/ajatutaja.com\/#website","url":"https:\/\/ajatutaja.com\/","name":"Ajatutaja","description":"Otro\u0161ka spletna trgovina AJATUTAJA","publisher":{"@id":"https:\/\/ajatutaja.com\/#organization"},"potentialAction":[{"@type":"SearchAction","target":{"@type":"EntryPoint","urlTemplate":"https:\/\/ajatutaja.com\/?s={search_term_string}"},"query-input":{"@type":"PropertyValueSpecification","valueRequired":true,"valueName":"search_term_string"}}],"inLanguage":"hr"},{"@type":"Organization","@id":"https:\/\/ajatutaja.com\/#organization","name":"Ajatutaja","url":"https:\/\/ajatutaja.com\/","logo":{"@type":"ImageObject","inLanguage":"hr","@id":"https:\/\/ajatutaja.com\/#\/schema\/logo\/image\/","url":"https:\/\/ajatutaja.com\/wp-content\/uploads\/2021\/10\/logo.png","contentUrl":"https:\/\/ajatutaja.com\/wp-content\/uploads\/2021\/10\/logo.png","width":555,"height":150,"caption":"Ajatutaja"},"image":{"@id":"https:\/\/ajatutaja.com\/#\/schema\/logo\/image\/"}}]}},"brands":[{"id":5133,"name":"Topmark","slug":"topmark"}],"_links":{"self":[{"href":"https:\/\/ajatutaja.com\/hr\/wp-json\/wp\/v2\/product\/64694","targetHints":{"allow":["GET"]}}],"collection":[{"href":"https:\/\/ajatutaja.com\/hr\/wp-json\/wp\/v2\/product"}],"about":[{"href":"https:\/\/ajatutaja.com\/hr\/wp-json\/wp\/v2\/types\/product"}],"wp:featuredmedia":[{"embeddable":true,"href":"https:\/\/ajatutaja.com\/hr\/wp-json\/wp\/v2\/media\/64695"}],"wp:attachment":[{"href":"https:\/\/ajatutaja.com\/hr\/wp-json\/wp\/v2\/media?parent=64694"}],"wp:term":[{"taxonomy":"pwb-brand","embeddable":true,"href":"https:\/\/ajatutaja.com\/hr\/wp-json\/wp\/v2\/pwb-brand?post=64694"},{"taxonomy":"product_brand","embeddable":true,"href":"https:\/\/ajatutaja.com\/hr\/wp-json\/wp\/v2\/product_brand?post=64694"},{"taxonomy":"product_cat","embeddable":true,"href":"https:\/\/ajatutaja.com\/hr\/wp-json\/wp\/v2\/product_cat?post=64694"},{"taxonomy":"product_tag","embeddable":true,"href":"https:\/\/ajatutaja.com\/hr\/wp-json\/wp\/v2\/product_tag?post=64694"}],"curies":[{"name":"wp","href":"https:\/\/api.w.org\/{rel}","templated":true}]}}