{"id":64019,"date":"2024-04-24T16:28:00","date_gmt":"2024-04-24T14:28:00","guid":{"rendered":"https:\/\/ajatutaja.com\/?post_type=product&#038;p=64019"},"modified":"2024-04-26T17:00:23","modified_gmt":"2024-04-26T15:00:23","slug":"obojestranska-presita-jakna-za-dojencke-little-dutch-bunny","status":"publish","type":"product","link":"https:\/\/ajatutaja.com\/hr\/proizvod\/obojestranska-presita-jakna-za-dojencke-little-dutch-bunny\/","title":{"rendered":"Obojestranska pre\u0161ita jakna za dojen\u010dke Little Dutch &#8211; Bunny"},"content":{"rendered":"<h3>Lastnosti obojestranske jakne iz organskega bomba\u017ea Little Dutch:<\/h3>\n<ul>\n<li>Velikosti: 62, 68, 74<\/li>\n<li>Materijal: 100% organski bomba\u017e<\/li>\n<li>Strojno pranje pri 30 \u00b0C, ne\u017ena centrifuga, ni primerno za kemijsko \u010di\u0161\u010denje ali beljenje, ni primerno za su\u0161ilec perila, likanje pri nizki temperaturi<\/li>\n<\/ul>\n","protected":false},"excerpt":{"rendered":"<p>Obojestranska pre\u0161ita jakna za dojen\u010dke Little Dutch bo poskrbela, da bo otroku prijetno in toplo. Jakna je izdelana iz certificiranega organskega bomba\u017ea in zato zelo prijazna do ne\u017ene otro\u0161ke ko\u017ee. Jakna je enostavna za obla\u010denje in sla\u010denje z zapiranjem na gumb. Jakna se lepo poda ostalim izdelkom iz kolekcije Little Bunny.<\/p>\n","protected":false},"featured_media":64069,"template":"","meta":[],"pwb-brand":[4893,2696],"product_brand":[],"product_cat":[2689,2609,2684,2683,2682],"product_tag":[5419,4002],"class_list":{"0":"post-64019","1":"product","2":"type-product","3":"status-publish","4":"has-post-thumbnail","6":"pwb-brand-little-dutch-moda","7":"pwb-brand-moda","8":"product_cat-jakne-in-zimski-pajaci","9":"product_cat-moda","10":"product_cat-oblacila-za-decka","11":"product_cat-oblacila-za-deklico","12":"product_cat-oblacila-za-novorojencka","13":"product_tag-baby-bunny","14":"product_tag-little-dutch","16":"first","17":"instock","18":"taxable","19":"shipping-taxable","20":"purchasable","21":"product-type-variable","22":"add-to-wishlist-before_image"},"yoast_head":"<!-- This site is optimized with the Yoast SEO plugin v27.3 - https:\/\/yoast.com\/product\/yoast-seo-wordpress\/ -->\n<title>Obojestranska pre\u0161ita jakna za dojen\u010dke Little Dutch - Bunny | Ajatutaja<\/title>\n<meta name=\"description\" content=\"Obojestranska pre\u0161ita jakna za dojen\u010dke Little Dutch bo poskrbela, da bo otroku prijetno in toplo. Jakna je izdelana iz certificiranega organskega bomba\u017ea in zato zelo prijazna do ne\u017ene otro\u0161ke ko\u017ee.\" \/>\n<meta name=\"robots\" content=\"index, follow, max-snippet:-1, max-image-preview:large, max-video-preview:-1\" \/>\n<link rel=\"canonical\" href=\"https:\/\/ajatutaja.com\/izdelek\/obojestranska-presita-jakna-za-dojencke-little-dutch-bunny\/\" \/>\n<meta property=\"og:locale\" content=\"hr_HR\" \/>\n<meta property=\"og:type\" content=\"article\" \/>\n<meta property=\"og:title\" content=\"Obojestranska pre\u0161ita jakna za dojen\u010dke Little Dutch - Bunny | Ajatutaja\" \/>\n<meta property=\"og:description\" content=\"Obojestranska pre\u0161ita jakna za dojen\u010dke Little Dutch bo poskrbela, da bo otroku prijetno in toplo. Jakna je izdelana iz certificiranega organskega bomba\u017ea in zato zelo prijazna do ne\u017ene otro\u0161ke ko\u017ee.\" \/>\n<meta property=\"og:url\" content=\"https:\/\/ajatutaja.com\/izdelek\/obojestranska-presita-jakna-za-dojencke-little-dutch-bunny\/\" \/>\n<meta property=\"og:site_name\" content=\"Ajatutaja\" \/>\n<meta property=\"article:modified_time\" content=\"2024-04-26T15:00:23+00:00\" \/>\n<meta property=\"og:image\" content=\"https:\/\/ajatutaja.com\/wp-content\/uploads\/2024\/04\/little-dutch-otroska-obojestranska-jakna-bunny-1.jpg\" \/>\n\t<meta property=\"og:image:width\" content=\"1200\" \/>\n\t<meta property=\"og:image:height\" content=\"1200\" \/>\n\t<meta property=\"og:image:type\" content=\"image\/jpeg\" \/>\n<meta name=\"twitter:card\" content=\"summary_large_image\" \/>\n<script type=\"application\/ld+json\" class=\"yoast-schema-graph\">{\"@context\":\"https:\\\/\\\/schema.org\",\"@graph\":[{\"@type\":\"WebPage\",\"@id\":\"https:\\\/\\\/ajatutaja.com\\\/izdelek\\\/obojestranska-presita-jakna-za-dojencke-little-dutch-bunny\\\/\",\"url\":\"https:\\\/\\\/ajatutaja.com\\\/izdelek\\\/obojestranska-presita-jakna-za-dojencke-little-dutch-bunny\\\/\",\"name\":\"Obojestranska pre\u0161ita jakna za dojen\u010dke Little Dutch - Bunny | Ajatutaja\",\"isPartOf\":{\"@id\":\"https:\\\/\\\/ajatutaja.com\\\/#website\"},\"primaryImageOfPage\":{\"@id\":\"https:\\\/\\\/ajatutaja.com\\\/izdelek\\\/obojestranska-presita-jakna-za-dojencke-little-dutch-bunny\\\/#primaryimage\"},\"image\":{\"@id\":\"https:\\\/\\\/ajatutaja.com\\\/izdelek\\\/obojestranska-presita-jakna-za-dojencke-little-dutch-bunny\\\/#primaryimage\"},\"thumbnailUrl\":\"https:\\\/\\\/ajatutaja.com\\\/wp-content\\\/uploads\\\/2024\\\/04\\\/little-dutch-otroska-obojestranska-jakna-bunny-1.jpg\",\"datePublished\":\"2024-04-24T14:28:00+00:00\",\"dateModified\":\"2024-04-26T15:00:23+00:00\",\"description\":\"Obojestranska pre\u0161ita jakna za dojen\u010dke Little Dutch bo poskrbela, da bo otroku prijetno in toplo. Jakna je izdelana iz certificiranega organskega bomba\u017ea in zato zelo prijazna do ne\u017ene otro\u0161ke ko\u017ee.\",\"breadcrumb\":{\"@id\":\"https:\\\/\\\/ajatutaja.com\\\/izdelek\\\/obojestranska-presita-jakna-za-dojencke-little-dutch-bunny\\\/#breadcrumb\"},\"inLanguage\":\"hr\",\"potentialAction\":[{\"@type\":\"ReadAction\",\"target\":[\"https:\\\/\\\/ajatutaja.com\\\/izdelek\\\/obojestranska-presita-jakna-za-dojencke-little-dutch-bunny\\\/\"]}]},{\"@type\":\"ImageObject\",\"inLanguage\":\"hr\",\"@id\":\"https:\\\/\\\/ajatutaja.com\\\/izdelek\\\/obojestranska-presita-jakna-za-dojencke-little-dutch-bunny\\\/#primaryimage\",\"url\":\"https:\\\/\\\/ajatutaja.com\\\/wp-content\\\/uploads\\\/2024\\\/04\\\/little-dutch-otroska-obojestranska-jakna-bunny-1.jpg\",\"contentUrl\":\"https:\\\/\\\/ajatutaja.com\\\/wp-content\\\/uploads\\\/2024\\\/04\\\/little-dutch-otroska-obojestranska-jakna-bunny-1.jpg\",\"width\":1200,\"height\":1200},{\"@type\":\"BreadcrumbList\",\"@id\":\"https:\\\/\\\/ajatutaja.com\\\/izdelek\\\/obojestranska-presita-jakna-za-dojencke-little-dutch-bunny\\\/#breadcrumb\",\"itemListElement\":[{\"@type\":\"ListItem\",\"position\":1,\"name\":\"Home\",\"item\":\"https:\\\/\\\/ajatutaja.com\\\/hr\\\/\"},{\"@type\":\"ListItem\",\"position\":2,\"name\":\"Trgovina\",\"item\":\"https:\\\/\\\/ajatutaja.com\\\/hr\\\/trgovina\\\/\"},{\"@type\":\"ListItem\",\"position\":3,\"name\":\"Obojestranska pre\u0161ita jakna za dojen\u010dke Little Dutch &#8211; Bunny\"}]},{\"@type\":\"WebSite\",\"@id\":\"https:\\\/\\\/ajatutaja.com\\\/#website\",\"url\":\"https:\\\/\\\/ajatutaja.com\\\/\",\"name\":\"Ajatutaja\",\"description\":\"Otro\u0161ka spletna trgovina AJATUTAJA\",\"publisher\":{\"@id\":\"https:\\\/\\\/ajatutaja.com\\\/#organization\"},\"potentialAction\":[{\"@type\":\"SearchAction\",\"target\":{\"@type\":\"EntryPoint\",\"urlTemplate\":\"https:\\\/\\\/ajatutaja.com\\\/?s={search_term_string}\"},\"query-input\":{\"@type\":\"PropertyValueSpecification\",\"valueRequired\":true,\"valueName\":\"search_term_string\"}}],\"inLanguage\":\"hr\"},{\"@type\":\"Organization\",\"@id\":\"https:\\\/\\\/ajatutaja.com\\\/#organization\",\"name\":\"Ajatutaja\",\"url\":\"https:\\\/\\\/ajatutaja.com\\\/\",\"logo\":{\"@type\":\"ImageObject\",\"inLanguage\":\"hr\",\"@id\":\"https:\\\/\\\/ajatutaja.com\\\/#\\\/schema\\\/logo\\\/image\\\/\",\"url\":\"https:\\\/\\\/ajatutaja.com\\\/wp-content\\\/uploads\\\/2021\\\/10\\\/logo.png\",\"contentUrl\":\"https:\\\/\\\/ajatutaja.com\\\/wp-content\\\/uploads\\\/2021\\\/10\\\/logo.png\",\"width\":555,\"height\":150,\"caption\":\"Ajatutaja\"},\"image\":{\"@id\":\"https:\\\/\\\/ajatutaja.com\\\/#\\\/schema\\\/logo\\\/image\\\/\"}}]}<\/script>\n<!-- \/ Yoast SEO plugin. -->","yoast_head_json":{"title":"Obojestranska pre\u0161ita jakna za dojen\u010dke Little Dutch - Bunny | Ajatutaja","description":"Obojestranska pre\u0161ita jakna za dojen\u010dke Little Dutch bo poskrbela, da bo otroku prijetno in toplo. Jakna je izdelana iz certificiranega organskega bomba\u017ea in zato zelo prijazna do ne\u017ene otro\u0161ke ko\u017ee.","robots":{"index":"index","follow":"follow","max-snippet":"max-snippet:-1","max-image-preview":"max-image-preview:large","max-video-preview":"max-video-preview:-1"},"canonical":"https:\/\/ajatutaja.com\/izdelek\/obojestranska-presita-jakna-za-dojencke-little-dutch-bunny\/","og_locale":"hr_HR","og_type":"article","og_title":"Obojestranska pre\u0161ita jakna za dojen\u010dke Little Dutch - Bunny | Ajatutaja","og_description":"Obojestranska pre\u0161ita jakna za dojen\u010dke Little Dutch bo poskrbela, da bo otroku prijetno in toplo. Jakna je izdelana iz certificiranega organskega bomba\u017ea in zato zelo prijazna do ne\u017ene otro\u0161ke ko\u017ee.","og_url":"https:\/\/ajatutaja.com\/izdelek\/obojestranska-presita-jakna-za-dojencke-little-dutch-bunny\/","og_site_name":"Ajatutaja","article_modified_time":"2024-04-26T15:00:23+00:00","og_image":[{"width":1200,"height":1200,"url":"https:\/\/ajatutaja.com\/wp-content\/uploads\/2024\/04\/little-dutch-otroska-obojestranska-jakna-bunny-1.jpg","type":"image\/jpeg"}],"twitter_card":"summary_large_image","schema":{"@context":"https:\/\/schema.org","@graph":[{"@type":"WebPage","@id":"https:\/\/ajatutaja.com\/izdelek\/obojestranska-presita-jakna-za-dojencke-little-dutch-bunny\/","url":"https:\/\/ajatutaja.com\/izdelek\/obojestranska-presita-jakna-za-dojencke-little-dutch-bunny\/","name":"Obojestranska pre\u0161ita jakna za dojen\u010dke Little Dutch - Bunny | Ajatutaja","isPartOf":{"@id":"https:\/\/ajatutaja.com\/#website"},"primaryImageOfPage":{"@id":"https:\/\/ajatutaja.com\/izdelek\/obojestranska-presita-jakna-za-dojencke-little-dutch-bunny\/#primaryimage"},"image":{"@id":"https:\/\/ajatutaja.com\/izdelek\/obojestranska-presita-jakna-za-dojencke-little-dutch-bunny\/#primaryimage"},"thumbnailUrl":"https:\/\/ajatutaja.com\/wp-content\/uploads\/2024\/04\/little-dutch-otroska-obojestranska-jakna-bunny-1.jpg","datePublished":"2024-04-24T14:28:00+00:00","dateModified":"2024-04-26T15:00:23+00:00","description":"Obojestranska pre\u0161ita jakna za dojen\u010dke Little Dutch bo poskrbela, da bo otroku prijetno in toplo. Jakna je izdelana iz certificiranega organskega bomba\u017ea in zato zelo prijazna do ne\u017ene otro\u0161ke ko\u017ee.","breadcrumb":{"@id":"https:\/\/ajatutaja.com\/izdelek\/obojestranska-presita-jakna-za-dojencke-little-dutch-bunny\/#breadcrumb"},"inLanguage":"hr","potentialAction":[{"@type":"ReadAction","target":["https:\/\/ajatutaja.com\/izdelek\/obojestranska-presita-jakna-za-dojencke-little-dutch-bunny\/"]}]},{"@type":"ImageObject","inLanguage":"hr","@id":"https:\/\/ajatutaja.com\/izdelek\/obojestranska-presita-jakna-za-dojencke-little-dutch-bunny\/#primaryimage","url":"https:\/\/ajatutaja.com\/wp-content\/uploads\/2024\/04\/little-dutch-otroska-obojestranska-jakna-bunny-1.jpg","contentUrl":"https:\/\/ajatutaja.com\/wp-content\/uploads\/2024\/04\/little-dutch-otroska-obojestranska-jakna-bunny-1.jpg","width":1200,"height":1200},{"@type":"BreadcrumbList","@id":"https:\/\/ajatutaja.com\/izdelek\/obojestranska-presita-jakna-za-dojencke-little-dutch-bunny\/#breadcrumb","itemListElement":[{"@type":"ListItem","position":1,"name":"Home","item":"https:\/\/ajatutaja.com\/hr\/"},{"@type":"ListItem","position":2,"name":"Trgovina","item":"https:\/\/ajatutaja.com\/hr\/trgovina\/"},{"@type":"ListItem","position":3,"name":"Obojestranska pre\u0161ita jakna za dojen\u010dke Little Dutch &#8211; Bunny"}]},{"@type":"WebSite","@id":"https:\/\/ajatutaja.com\/#website","url":"https:\/\/ajatutaja.com\/","name":"Ajatutaja","description":"Otro\u0161ka spletna trgovina AJATUTAJA","publisher":{"@id":"https:\/\/ajatutaja.com\/#organization"},"potentialAction":[{"@type":"SearchAction","target":{"@type":"EntryPoint","urlTemplate":"https:\/\/ajatutaja.com\/?s={search_term_string}"},"query-input":{"@type":"PropertyValueSpecification","valueRequired":true,"valueName":"search_term_string"}}],"inLanguage":"hr"},{"@type":"Organization","@id":"https:\/\/ajatutaja.com\/#organization","name":"Ajatutaja","url":"https:\/\/ajatutaja.com\/","logo":{"@type":"ImageObject","inLanguage":"hr","@id":"https:\/\/ajatutaja.com\/#\/schema\/logo\/image\/","url":"https:\/\/ajatutaja.com\/wp-content\/uploads\/2021\/10\/logo.png","contentUrl":"https:\/\/ajatutaja.com\/wp-content\/uploads\/2021\/10\/logo.png","width":555,"height":150,"caption":"Ajatutaja"},"image":{"@id":"https:\/\/ajatutaja.com\/#\/schema\/logo\/image\/"}}]}},"brands":[{"id":4893,"name":"Little Dutch","slug":"little-dutch-moda"},{"id":2696,"name":"Moda","slug":"moda"}],"_links":{"self":[{"href":"https:\/\/ajatutaja.com\/hr\/wp-json\/wp\/v2\/product\/64019","targetHints":{"allow":["GET"]}}],"collection":[{"href":"https:\/\/ajatutaja.com\/hr\/wp-json\/wp\/v2\/product"}],"about":[{"href":"https:\/\/ajatutaja.com\/hr\/wp-json\/wp\/v2\/types\/product"}],"wp:featuredmedia":[{"embeddable":true,"href":"https:\/\/ajatutaja.com\/hr\/wp-json\/wp\/v2\/media\/64069"}],"wp:attachment":[{"href":"https:\/\/ajatutaja.com\/hr\/wp-json\/wp\/v2\/media?parent=64019"}],"wp:term":[{"taxonomy":"pwb-brand","embeddable":true,"href":"https:\/\/ajatutaja.com\/hr\/wp-json\/wp\/v2\/pwb-brand?post=64019"},{"taxonomy":"product_brand","embeddable":true,"href":"https:\/\/ajatutaja.com\/hr\/wp-json\/wp\/v2\/product_brand?post=64019"},{"taxonomy":"product_cat","embeddable":true,"href":"https:\/\/ajatutaja.com\/hr\/wp-json\/wp\/v2\/product_cat?post=64019"},{"taxonomy":"product_tag","embeddable":true,"href":"https:\/\/ajatutaja.com\/hr\/wp-json\/wp\/v2\/product_tag?post=64019"}],"curies":[{"name":"wp","href":"https:\/\/api.w.org\/{rel}","templated":true}]}}