{"id":63742,"date":"2024-04-19T19:25:12","date_gmt":"2024-04-19T17:25:12","guid":{"rendered":"https:\/\/ajatutaja.com\/?post_type=product&#038;p=63742"},"modified":"2025-03-28T13:33:38","modified_gmt":"2025-03-28T12:33:38","slug":"igralni-lok-za-aeromoov-travel-cot","status":"publish","type":"product","link":"https:\/\/ajatutaja.com\/hr\/proizvod\/igralni-lok-za-aeromoov-travel-cot\/","title":{"rendered":"Igralni lok za AeroMoov Travel Cot"},"content":{"rendered":"<p>[vc_row][vc_column][vc_column_text]<\/p>\n<h3>Lastnosti igralnega loka Aeromoov:<\/h3>\n<ul>\n<li>Ljubek dodatek k potovalni posteljici AeroMoov (zdru\u017eljivo z izdajo 2022) &#8211; ta se kupi lo\u010deno<\/li>\n<li>Spodbuja prijemalne tehnike in izbolj\u0161a fino motoriko va\u0161ega otroka<\/li>\n<li>Enostaven za namestitev<\/li>\n<li>Popoln za doma, pa tudi za vsako potovanje!<\/li>\n<li>Igra\u010de so pralne v pralnem stroju na 40\u00b0C<\/li>\n<li>Primerno tudi za najljub\u0161e igra\u010de va\u0161ega dojen\u010dka<\/li>\n<\/ul>\n<h3 style=\"text-align: justify\">Lastnosti prenosne postelje AeroMoov Travel cot:<\/h3>\n<ul>\n<li style=\"list-style-type: none\">\n<ul>\n<li>Postavitev v nekaj sekundah<\/li>\n<li>Te\u017eka le 5kg<\/li>\n<li>Enostavno jo pospravimo v prilo\u017eeno prenosno torbo<\/li>\n<li>Dimenzije 63x92x130 cm oz. 72x12x71, ko jo pospravimo<\/li>\n<li>Kompaktna in uporabna tako v sobi, kot na prostem<\/li>\n<li>Zelo kvalitetna vzmetnica iz poliuretanske pene debeline 3 cm<\/li>\n<li>Nosilnost 15 kg<\/li>\n<li>Primerno za otroke od rojstva do cca. 3 let<\/li>\n<li>Uporabna kot otro\u0161ka postelja in stajica<\/li>\n<li>Ustreza vsem varnostnim normativom EN716-1-2008 in A1-2013<\/li>\n<li>Mo\u017ena namestitev sen\u010dnika in mre\u017ee proti mr\u010desu (kupita se lo\u010deno)<\/li>\n<\/ul>\n<\/li>\n<\/ul>\n<p>[\/vc_column_text][\/vc_column][\/vc_row]<\/p>\n","protected":false},"excerpt":{"rendered":"<p>Ta ljubek in prakti\u010den igralni lok za prenosno posteljico Aeromoov travel Cot vklju\u010duje varno grizalo in \u010dudovite mehke igra\u010de iz zra\u010dnega blaga. Igra\u010de, ki jih bo va\u0161 dojen\u010dek rad raziskoval in ki bodo spodbujale razvoj njegove fine motorike.<\/p>\n<p>2 barvi na voljo!<\/p>\n","protected":false},"featured_media":63745,"template":"","meta":[],"pwb-brand":[2612,2611],"product_brand":[],"product_cat":[2361,2401],"product_tag":[4114,4894],"class_list":{"0":"post-63742","1":"product","2":"type-product","3":"status-publish","4":"has-post-thumbnail","6":"pwb-brand-aeromoov-spanje","7":"pwb-brand-spanje","8":"product_cat-potepanje","9":"product_cat-prenosne-postelje","10":"product_tag-aeromoov","11":"product_tag-travel-cot","13":"first","14":"instock","15":"taxable","16":"shipping-taxable","17":"purchasable","18":"product-type-variable","19":"add-to-wishlist-before_image"},"yoast_head":"<!-- This site is optimized with the Yoast SEO plugin v27.3 - https:\/\/yoast.com\/product\/yoast-seo-wordpress\/ -->\n<title>Igralni lok za AeroMoov Travel Cot | Ajatutaja<\/title>\n<meta name=\"description\" content=\"Ta ljubek in prakti\u010den igralni lok za prenosno posteljico Aeromoov travel Cot vklju\u010duje varno grizalo in \u010dudovite mehke igra\u010de iz zra\u010dnega blaga.\" \/>\n<meta name=\"robots\" content=\"index, follow, max-snippet:-1, max-image-preview:large, max-video-preview:-1\" \/>\n<link rel=\"canonical\" href=\"https:\/\/ajatutaja.com\/izdelek\/igralni-lok-za-aeromoov-travel-cot\/\" \/>\n<meta property=\"og:locale\" content=\"hr_HR\" \/>\n<meta property=\"og:type\" content=\"article\" \/>\n<meta property=\"og:title\" content=\"Igralni lok za AeroMoov Travel Cot | Ajatutaja\" \/>\n<meta property=\"og:description\" content=\"Ta ljubek in prakti\u010den igralni lok za prenosno posteljico Aeromoov travel Cot vklju\u010duje varno grizalo in \u010dudovite mehke igra\u010de iz zra\u010dnega blaga.\" \/>\n<meta property=\"og:url\" content=\"https:\/\/ajatutaja.com\/izdelek\/igralni-lok-za-aeromoov-travel-cot\/\" \/>\n<meta property=\"og:site_name\" content=\"Ajatutaja\" \/>\n<meta property=\"article:modified_time\" content=\"2025-03-28T12:33:38+00:00\" \/>\n<meta property=\"og:image\" content=\"https:\/\/ajatutaja.com\/wp-content\/uploads\/2024\/04\/Aeromoov-lok-za-igrace-grey-rock-1.png\" \/>\n\t<meta property=\"og:image:width\" content=\"1080\" \/>\n\t<meta property=\"og:image:height\" content=\"1080\" \/>\n\t<meta property=\"og:image:type\" content=\"image\/png\" \/>\n<meta name=\"twitter:card\" content=\"summary_large_image\" \/>\n<meta name=\"twitter:label1\" content=\"Procijenjeno vrijeme \u010ditanja\" \/>\n\t<meta name=\"twitter:data1\" content=\"1 minuta\" \/>\n<script type=\"application\/ld+json\" class=\"yoast-schema-graph\">{\"@context\":\"https:\\\/\\\/schema.org\",\"@graph\":[{\"@type\":\"WebPage\",\"@id\":\"https:\\\/\\\/ajatutaja.com\\\/izdelek\\\/igralni-lok-za-aeromoov-travel-cot\\\/\",\"url\":\"https:\\\/\\\/ajatutaja.com\\\/izdelek\\\/igralni-lok-za-aeromoov-travel-cot\\\/\",\"name\":\"Igralni lok za AeroMoov Travel Cot | Ajatutaja\",\"isPartOf\":{\"@id\":\"https:\\\/\\\/ajatutaja.com\\\/#website\"},\"primaryImageOfPage\":{\"@id\":\"https:\\\/\\\/ajatutaja.com\\\/izdelek\\\/igralni-lok-za-aeromoov-travel-cot\\\/#primaryimage\"},\"image\":{\"@id\":\"https:\\\/\\\/ajatutaja.com\\\/izdelek\\\/igralni-lok-za-aeromoov-travel-cot\\\/#primaryimage\"},\"thumbnailUrl\":\"https:\\\/\\\/ajatutaja.com\\\/wp-content\\\/uploads\\\/2024\\\/04\\\/Aeromoov-lok-za-igrace-grey-rock-1.png\",\"datePublished\":\"2024-04-19T17:25:12+00:00\",\"dateModified\":\"2025-03-28T12:33:38+00:00\",\"description\":\"Ta ljubek in prakti\u010den igralni lok za prenosno posteljico Aeromoov travel Cot vklju\u010duje varno grizalo in \u010dudovite mehke igra\u010de iz zra\u010dnega blaga.\",\"breadcrumb\":{\"@id\":\"https:\\\/\\\/ajatutaja.com\\\/izdelek\\\/igralni-lok-za-aeromoov-travel-cot\\\/#breadcrumb\"},\"inLanguage\":\"hr\",\"potentialAction\":[{\"@type\":\"ReadAction\",\"target\":[\"https:\\\/\\\/ajatutaja.com\\\/izdelek\\\/igralni-lok-za-aeromoov-travel-cot\\\/\"]}]},{\"@type\":\"ImageObject\",\"inLanguage\":\"hr\",\"@id\":\"https:\\\/\\\/ajatutaja.com\\\/izdelek\\\/igralni-lok-za-aeromoov-travel-cot\\\/#primaryimage\",\"url\":\"https:\\\/\\\/ajatutaja.com\\\/wp-content\\\/uploads\\\/2024\\\/04\\\/Aeromoov-lok-za-igrace-grey-rock-1.png\",\"contentUrl\":\"https:\\\/\\\/ajatutaja.com\\\/wp-content\\\/uploads\\\/2024\\\/04\\\/Aeromoov-lok-za-igrace-grey-rock-1.png\",\"width\":1080,\"height\":1080},{\"@type\":\"BreadcrumbList\",\"@id\":\"https:\\\/\\\/ajatutaja.com\\\/izdelek\\\/igralni-lok-za-aeromoov-travel-cot\\\/#breadcrumb\",\"itemListElement\":[{\"@type\":\"ListItem\",\"position\":1,\"name\":\"Home\",\"item\":\"https:\\\/\\\/ajatutaja.com\\\/hr\\\/\"},{\"@type\":\"ListItem\",\"position\":2,\"name\":\"Trgovina\",\"item\":\"https:\\\/\\\/ajatutaja.com\\\/hr\\\/trgovina\\\/\"},{\"@type\":\"ListItem\",\"position\":3,\"name\":\"Igralni lok za AeroMoov Travel Cot\"}]},{\"@type\":\"WebSite\",\"@id\":\"https:\\\/\\\/ajatutaja.com\\\/#website\",\"url\":\"https:\\\/\\\/ajatutaja.com\\\/\",\"name\":\"Ajatutaja\",\"description\":\"Otro\u0161ka spletna trgovina AJATUTAJA\",\"publisher\":{\"@id\":\"https:\\\/\\\/ajatutaja.com\\\/#organization\"},\"potentialAction\":[{\"@type\":\"SearchAction\",\"target\":{\"@type\":\"EntryPoint\",\"urlTemplate\":\"https:\\\/\\\/ajatutaja.com\\\/?s={search_term_string}\"},\"query-input\":{\"@type\":\"PropertyValueSpecification\",\"valueRequired\":true,\"valueName\":\"search_term_string\"}}],\"inLanguage\":\"hr\"},{\"@type\":\"Organization\",\"@id\":\"https:\\\/\\\/ajatutaja.com\\\/#organization\",\"name\":\"Ajatutaja\",\"url\":\"https:\\\/\\\/ajatutaja.com\\\/\",\"logo\":{\"@type\":\"ImageObject\",\"inLanguage\":\"hr\",\"@id\":\"https:\\\/\\\/ajatutaja.com\\\/#\\\/schema\\\/logo\\\/image\\\/\",\"url\":\"https:\\\/\\\/ajatutaja.com\\\/wp-content\\\/uploads\\\/2021\\\/10\\\/logo.png\",\"contentUrl\":\"https:\\\/\\\/ajatutaja.com\\\/wp-content\\\/uploads\\\/2021\\\/10\\\/logo.png\",\"width\":555,\"height\":150,\"caption\":\"Ajatutaja\"},\"image\":{\"@id\":\"https:\\\/\\\/ajatutaja.com\\\/#\\\/schema\\\/logo\\\/image\\\/\"}}]}<\/script>\n<!-- \/ Yoast SEO plugin. -->","yoast_head_json":{"title":"Igralni lok za AeroMoov Travel Cot | Ajatutaja","description":"Ta ljubek in prakti\u010den igralni lok za prenosno posteljico Aeromoov travel Cot vklju\u010duje varno grizalo in \u010dudovite mehke igra\u010de iz zra\u010dnega blaga.","robots":{"index":"index","follow":"follow","max-snippet":"max-snippet:-1","max-image-preview":"max-image-preview:large","max-video-preview":"max-video-preview:-1"},"canonical":"https:\/\/ajatutaja.com\/izdelek\/igralni-lok-za-aeromoov-travel-cot\/","og_locale":"hr_HR","og_type":"article","og_title":"Igralni lok za AeroMoov Travel Cot | Ajatutaja","og_description":"Ta ljubek in prakti\u010den igralni lok za prenosno posteljico Aeromoov travel Cot vklju\u010duje varno grizalo in \u010dudovite mehke igra\u010de iz zra\u010dnega blaga.","og_url":"https:\/\/ajatutaja.com\/izdelek\/igralni-lok-za-aeromoov-travel-cot\/","og_site_name":"Ajatutaja","article_modified_time":"2025-03-28T12:33:38+00:00","og_image":[{"width":1080,"height":1080,"url":"https:\/\/ajatutaja.com\/wp-content\/uploads\/2024\/04\/Aeromoov-lok-za-igrace-grey-rock-1.png","type":"image\/png"}],"twitter_card":"summary_large_image","twitter_misc":{"Procijenjeno vrijeme \u010ditanja":"1 minuta"},"schema":{"@context":"https:\/\/schema.org","@graph":[{"@type":"WebPage","@id":"https:\/\/ajatutaja.com\/izdelek\/igralni-lok-za-aeromoov-travel-cot\/","url":"https:\/\/ajatutaja.com\/izdelek\/igralni-lok-za-aeromoov-travel-cot\/","name":"Igralni lok za AeroMoov Travel Cot | Ajatutaja","isPartOf":{"@id":"https:\/\/ajatutaja.com\/#website"},"primaryImageOfPage":{"@id":"https:\/\/ajatutaja.com\/izdelek\/igralni-lok-za-aeromoov-travel-cot\/#primaryimage"},"image":{"@id":"https:\/\/ajatutaja.com\/izdelek\/igralni-lok-za-aeromoov-travel-cot\/#primaryimage"},"thumbnailUrl":"https:\/\/ajatutaja.com\/wp-content\/uploads\/2024\/04\/Aeromoov-lok-za-igrace-grey-rock-1.png","datePublished":"2024-04-19T17:25:12+00:00","dateModified":"2025-03-28T12:33:38+00:00","description":"Ta ljubek in prakti\u010den igralni lok za prenosno posteljico Aeromoov travel Cot vklju\u010duje varno grizalo in \u010dudovite mehke igra\u010de iz zra\u010dnega blaga.","breadcrumb":{"@id":"https:\/\/ajatutaja.com\/izdelek\/igralni-lok-za-aeromoov-travel-cot\/#breadcrumb"},"inLanguage":"hr","potentialAction":[{"@type":"ReadAction","target":["https:\/\/ajatutaja.com\/izdelek\/igralni-lok-za-aeromoov-travel-cot\/"]}]},{"@type":"ImageObject","inLanguage":"hr","@id":"https:\/\/ajatutaja.com\/izdelek\/igralni-lok-za-aeromoov-travel-cot\/#primaryimage","url":"https:\/\/ajatutaja.com\/wp-content\/uploads\/2024\/04\/Aeromoov-lok-za-igrace-grey-rock-1.png","contentUrl":"https:\/\/ajatutaja.com\/wp-content\/uploads\/2024\/04\/Aeromoov-lok-za-igrace-grey-rock-1.png","width":1080,"height":1080},{"@type":"BreadcrumbList","@id":"https:\/\/ajatutaja.com\/izdelek\/igralni-lok-za-aeromoov-travel-cot\/#breadcrumb","itemListElement":[{"@type":"ListItem","position":1,"name":"Home","item":"https:\/\/ajatutaja.com\/hr\/"},{"@type":"ListItem","position":2,"name":"Trgovina","item":"https:\/\/ajatutaja.com\/hr\/trgovina\/"},{"@type":"ListItem","position":3,"name":"Igralni lok za AeroMoov Travel Cot"}]},{"@type":"WebSite","@id":"https:\/\/ajatutaja.com\/#website","url":"https:\/\/ajatutaja.com\/","name":"Ajatutaja","description":"Otro\u0161ka spletna trgovina AJATUTAJA","publisher":{"@id":"https:\/\/ajatutaja.com\/#organization"},"potentialAction":[{"@type":"SearchAction","target":{"@type":"EntryPoint","urlTemplate":"https:\/\/ajatutaja.com\/?s={search_term_string}"},"query-input":{"@type":"PropertyValueSpecification","valueRequired":true,"valueName":"search_term_string"}}],"inLanguage":"hr"},{"@type":"Organization","@id":"https:\/\/ajatutaja.com\/#organization","name":"Ajatutaja","url":"https:\/\/ajatutaja.com\/","logo":{"@type":"ImageObject","inLanguage":"hr","@id":"https:\/\/ajatutaja.com\/#\/schema\/logo\/image\/","url":"https:\/\/ajatutaja.com\/wp-content\/uploads\/2021\/10\/logo.png","contentUrl":"https:\/\/ajatutaja.com\/wp-content\/uploads\/2021\/10\/logo.png","width":555,"height":150,"caption":"Ajatutaja"},"image":{"@id":"https:\/\/ajatutaja.com\/#\/schema\/logo\/image\/"}}]}},"brands":[{"id":2612,"name":"Aeromoov","slug":"aeromoov-spanje"},{"id":2611,"name":"Spanje","slug":"spanje"}],"_links":{"self":[{"href":"https:\/\/ajatutaja.com\/hr\/wp-json\/wp\/v2\/product\/63742","targetHints":{"allow":["GET"]}}],"collection":[{"href":"https:\/\/ajatutaja.com\/hr\/wp-json\/wp\/v2\/product"}],"about":[{"href":"https:\/\/ajatutaja.com\/hr\/wp-json\/wp\/v2\/types\/product"}],"wp:featuredmedia":[{"embeddable":true,"href":"https:\/\/ajatutaja.com\/hr\/wp-json\/wp\/v2\/media\/63745"}],"wp:attachment":[{"href":"https:\/\/ajatutaja.com\/hr\/wp-json\/wp\/v2\/media?parent=63742"}],"wp:term":[{"taxonomy":"pwb-brand","embeddable":true,"href":"https:\/\/ajatutaja.com\/hr\/wp-json\/wp\/v2\/pwb-brand?post=63742"},{"taxonomy":"product_brand","embeddable":true,"href":"https:\/\/ajatutaja.com\/hr\/wp-json\/wp\/v2\/product_brand?post=63742"},{"taxonomy":"product_cat","embeddable":true,"href":"https:\/\/ajatutaja.com\/hr\/wp-json\/wp\/v2\/product_cat?post=63742"},{"taxonomy":"product_tag","embeddable":true,"href":"https:\/\/ajatutaja.com\/hr\/wp-json\/wp\/v2\/product_tag?post=63742"}],"curies":[{"name":"wp","href":"https:\/\/api.w.org\/{rel}","templated":true}]}}