{"id":63620,"date":"2022-04-19T15:36:08","date_gmt":"2022-04-19T13:36:08","guid":{"rendered":"https:\/\/ajatutaja.com\/?post_type=product&#038;p=63620"},"modified":"2026-04-01T15:38:32","modified_gmt":"2026-04-01T13:38:32","slug":"boxer-kopalke-za-decka-little-dutch-ocean-treasures","status":"publish","type":"product","link":"https:\/\/ajatutaja.com\/hr\/proizvod\/boxer-kopalke-za-decka-little-dutch-ocean-treasures\/","title":{"rendered":"Boxer kopalke za de\u010dka Little Dutch &#8211; Ocean Treasures (98\/104)"},"content":{"rendered":"<h3>Lastnosti Kopalk Little Dutch:<\/h3>\n<ul>\n<li>Kopalke najdete v simpati\u010dnih barvnih odtenkih<\/li>\n<li>Material:\u00a085% recikliran poliester, 15% elastin<\/li>\n<li>Velikosti: 74\/80 cm (9-18 mesecev), 86\/92 cm (18m &#8211; 3 leta), 98\/104 cm (3-4 leta)<\/li>\n<li><strong>\u0160tevilke so nekoliko ve\u010dje od standardnih. \u010ce ste v dvomu katero izbrati, raje izberite manj\u0161o!<\/strong><\/li>\n<\/ul>\n<p>Navodila za pranje:\u00a0strojno pranje na 30 stopinj.<\/p>\n","protected":false},"excerpt":{"rendered":"<p>\u010cudovite kopalke Little Dutch so vse, kar potrebujete, za nepozaben dan na pla\u017ei ali bazenu. Te sr\u010dkane kopalke so narejene iz 85% recikliranega poliestra. Udoben in raztegljiv kroj bo va\u0161emu mal\u010dku omogo\u010dal, da se igra v pesku in se zabava ob vodi v stilu. Elasti\u010den pas in zaveza za vrvico omogo\u010data, da se ta kratek udobno prilega, ne glede na to, ali va\u0161 mal\u010dek plava ali se igra.<\/p>\n","protected":false},"featured_media":63624,"template":"","meta":[],"pwb-brand":[4893,2696],"product_brand":[],"product_cat":[2609,4945],"product_tag":[4002],"class_list":{"0":"post-63620","1":"product","2":"type-product","3":"status-publish","4":"has-post-thumbnail","6":"pwb-brand-little-dutch-moda","7":"pwb-brand-moda","8":"product_cat-moda","9":"product_cat-otroske-kopalke","10":"product_tag-little-dutch","12":"first","13":"outofstock","14":"taxable","15":"shipping-taxable","16":"purchasable","17":"product-type-variable","18":"add-to-wishlist-before_image"},"yoast_head":"<!-- This site is optimized with the Yoast SEO plugin v27.3 - https:\/\/yoast.com\/product\/yoast-seo-wordpress\/ -->\n<title>Boxer kopalke za de\u010dka Little Dutch - Ocean Treasures (98\/104) | Ajatutaja<\/title>\n<meta name=\"description\" content=\"\u010cudovite boxer kopalke Little Dutch so vse, kar potrebujete, za nepozaben dan na pla\u017ei ali bazenu. Izdelane iz 85% recikliranega poliestra.\" \/>\n<meta name=\"robots\" content=\"index, follow, max-snippet:-1, max-image-preview:large, max-video-preview:-1\" \/>\n<link rel=\"canonical\" href=\"https:\/\/ajatutaja.com\/izdelek\/boxer-kopalke-za-decka-little-dutch-ocean-treasures\/\" \/>\n<meta property=\"og:locale\" content=\"hr_HR\" \/>\n<meta property=\"og:type\" content=\"article\" \/>\n<meta property=\"og:title\" content=\"Boxer kopalke za de\u010dka Little Dutch - Ocean Treasures (98\/104) | Ajatutaja\" \/>\n<meta property=\"og:description\" content=\"\u010cudovite boxer kopalke Little Dutch so vse, kar potrebujete, za nepozaben dan na pla\u017ei ali bazenu. Izdelane iz 85% recikliranega poliestra.\" \/>\n<meta property=\"og:url\" content=\"https:\/\/ajatutaja.com\/izdelek\/boxer-kopalke-za-decka-little-dutch-ocean-treasures\/\" \/>\n<meta property=\"og:site_name\" content=\"Ajatutaja\" \/>\n<meta property=\"article:modified_time\" content=\"2026-04-01T13:38:32+00:00\" \/>\n<meta property=\"og:image\" content=\"https:\/\/ajatutaja.com\/wp-content\/uploads\/2024\/04\/boxer-kopalke-little-dutch-Ocean-Treasures-1.jpg\" \/>\n\t<meta property=\"og:image:width\" content=\"1500\" \/>\n\t<meta property=\"og:image:height\" content=\"1500\" \/>\n\t<meta property=\"og:image:type\" content=\"image\/jpeg\" \/>\n<meta name=\"twitter:card\" content=\"summary_large_image\" \/>\n<script type=\"application\/ld+json\" class=\"yoast-schema-graph\">{\"@context\":\"https:\\\/\\\/schema.org\",\"@graph\":[{\"@type\":\"WebPage\",\"@id\":\"https:\\\/\\\/ajatutaja.com\\\/izdelek\\\/boxer-kopalke-za-decka-little-dutch-ocean-treasures\\\/\",\"url\":\"https:\\\/\\\/ajatutaja.com\\\/izdelek\\\/boxer-kopalke-za-decka-little-dutch-ocean-treasures\\\/\",\"name\":\"Boxer kopalke za de\u010dka Little Dutch - Ocean Treasures (98\\\/104) | Ajatutaja\",\"isPartOf\":{\"@id\":\"https:\\\/\\\/ajatutaja.com\\\/#website\"},\"primaryImageOfPage\":{\"@id\":\"https:\\\/\\\/ajatutaja.com\\\/izdelek\\\/boxer-kopalke-za-decka-little-dutch-ocean-treasures\\\/#primaryimage\"},\"image\":{\"@id\":\"https:\\\/\\\/ajatutaja.com\\\/izdelek\\\/boxer-kopalke-za-decka-little-dutch-ocean-treasures\\\/#primaryimage\"},\"thumbnailUrl\":\"https:\\\/\\\/ajatutaja.com\\\/wp-content\\\/uploads\\\/2024\\\/04\\\/boxer-kopalke-little-dutch-Ocean-Treasures-1.jpg\",\"datePublished\":\"2022-04-19T13:36:08+00:00\",\"dateModified\":\"2026-04-01T13:38:32+00:00\",\"description\":\"\u010cudovite boxer kopalke Little Dutch so vse, kar potrebujete, za nepozaben dan na pla\u017ei ali bazenu. Izdelane iz 85% recikliranega poliestra.\",\"breadcrumb\":{\"@id\":\"https:\\\/\\\/ajatutaja.com\\\/izdelek\\\/boxer-kopalke-za-decka-little-dutch-ocean-treasures\\\/#breadcrumb\"},\"inLanguage\":\"hr\",\"potentialAction\":[{\"@type\":\"ReadAction\",\"target\":[\"https:\\\/\\\/ajatutaja.com\\\/izdelek\\\/boxer-kopalke-za-decka-little-dutch-ocean-treasures\\\/\"]}]},{\"@type\":\"ImageObject\",\"inLanguage\":\"hr\",\"@id\":\"https:\\\/\\\/ajatutaja.com\\\/izdelek\\\/boxer-kopalke-za-decka-little-dutch-ocean-treasures\\\/#primaryimage\",\"url\":\"https:\\\/\\\/ajatutaja.com\\\/wp-content\\\/uploads\\\/2024\\\/04\\\/boxer-kopalke-little-dutch-Ocean-Treasures-1.jpg\",\"contentUrl\":\"https:\\\/\\\/ajatutaja.com\\\/wp-content\\\/uploads\\\/2024\\\/04\\\/boxer-kopalke-little-dutch-Ocean-Treasures-1.jpg\",\"width\":1500,\"height\":1500},{\"@type\":\"BreadcrumbList\",\"@id\":\"https:\\\/\\\/ajatutaja.com\\\/izdelek\\\/boxer-kopalke-za-decka-little-dutch-ocean-treasures\\\/#breadcrumb\",\"itemListElement\":[{\"@type\":\"ListItem\",\"position\":1,\"name\":\"Home\",\"item\":\"https:\\\/\\\/ajatutaja.com\\\/hr\\\/\"},{\"@type\":\"ListItem\",\"position\":2,\"name\":\"Trgovina\",\"item\":\"https:\\\/\\\/ajatutaja.com\\\/hr\\\/trgovina\\\/\"},{\"@type\":\"ListItem\",\"position\":3,\"name\":\"Boxer kopalke za de\u010dka Little Dutch &#8211; Ocean Treasures (98\\\/104)\"}]},{\"@type\":\"WebSite\",\"@id\":\"https:\\\/\\\/ajatutaja.com\\\/#website\",\"url\":\"https:\\\/\\\/ajatutaja.com\\\/\",\"name\":\"Ajatutaja\",\"description\":\"Otro\u0161ka spletna trgovina AJATUTAJA\",\"publisher\":{\"@id\":\"https:\\\/\\\/ajatutaja.com\\\/#organization\"},\"potentialAction\":[{\"@type\":\"SearchAction\",\"target\":{\"@type\":\"EntryPoint\",\"urlTemplate\":\"https:\\\/\\\/ajatutaja.com\\\/?s={search_term_string}\"},\"query-input\":{\"@type\":\"PropertyValueSpecification\",\"valueRequired\":true,\"valueName\":\"search_term_string\"}}],\"inLanguage\":\"hr\"},{\"@type\":\"Organization\",\"@id\":\"https:\\\/\\\/ajatutaja.com\\\/#organization\",\"name\":\"Ajatutaja\",\"url\":\"https:\\\/\\\/ajatutaja.com\\\/\",\"logo\":{\"@type\":\"ImageObject\",\"inLanguage\":\"hr\",\"@id\":\"https:\\\/\\\/ajatutaja.com\\\/#\\\/schema\\\/logo\\\/image\\\/\",\"url\":\"https:\\\/\\\/ajatutaja.com\\\/wp-content\\\/uploads\\\/2021\\\/10\\\/logo.png\",\"contentUrl\":\"https:\\\/\\\/ajatutaja.com\\\/wp-content\\\/uploads\\\/2021\\\/10\\\/logo.png\",\"width\":555,\"height\":150,\"caption\":\"Ajatutaja\"},\"image\":{\"@id\":\"https:\\\/\\\/ajatutaja.com\\\/#\\\/schema\\\/logo\\\/image\\\/\"}}]}<\/script>\n<!-- \/ Yoast SEO plugin. -->","yoast_head_json":{"title":"Boxer kopalke za de\u010dka Little Dutch - Ocean Treasures (98\/104) | Ajatutaja","description":"\u010cudovite boxer kopalke Little Dutch so vse, kar potrebujete, za nepozaben dan na pla\u017ei ali bazenu. Izdelane iz 85% recikliranega poliestra.","robots":{"index":"index","follow":"follow","max-snippet":"max-snippet:-1","max-image-preview":"max-image-preview:large","max-video-preview":"max-video-preview:-1"},"canonical":"https:\/\/ajatutaja.com\/izdelek\/boxer-kopalke-za-decka-little-dutch-ocean-treasures\/","og_locale":"hr_HR","og_type":"article","og_title":"Boxer kopalke za de\u010dka Little Dutch - Ocean Treasures (98\/104) | Ajatutaja","og_description":"\u010cudovite boxer kopalke Little Dutch so vse, kar potrebujete, za nepozaben dan na pla\u017ei ali bazenu. Izdelane iz 85% recikliranega poliestra.","og_url":"https:\/\/ajatutaja.com\/izdelek\/boxer-kopalke-za-decka-little-dutch-ocean-treasures\/","og_site_name":"Ajatutaja","article_modified_time":"2026-04-01T13:38:32+00:00","og_image":[{"width":1500,"height":1500,"url":"https:\/\/ajatutaja.com\/wp-content\/uploads\/2024\/04\/boxer-kopalke-little-dutch-Ocean-Treasures-1.jpg","type":"image\/jpeg"}],"twitter_card":"summary_large_image","schema":{"@context":"https:\/\/schema.org","@graph":[{"@type":"WebPage","@id":"https:\/\/ajatutaja.com\/izdelek\/boxer-kopalke-za-decka-little-dutch-ocean-treasures\/","url":"https:\/\/ajatutaja.com\/izdelek\/boxer-kopalke-za-decka-little-dutch-ocean-treasures\/","name":"Boxer kopalke za de\u010dka Little Dutch - Ocean Treasures (98\/104) | Ajatutaja","isPartOf":{"@id":"https:\/\/ajatutaja.com\/#website"},"primaryImageOfPage":{"@id":"https:\/\/ajatutaja.com\/izdelek\/boxer-kopalke-za-decka-little-dutch-ocean-treasures\/#primaryimage"},"image":{"@id":"https:\/\/ajatutaja.com\/izdelek\/boxer-kopalke-za-decka-little-dutch-ocean-treasures\/#primaryimage"},"thumbnailUrl":"https:\/\/ajatutaja.com\/wp-content\/uploads\/2024\/04\/boxer-kopalke-little-dutch-Ocean-Treasures-1.jpg","datePublished":"2022-04-19T13:36:08+00:00","dateModified":"2026-04-01T13:38:32+00:00","description":"\u010cudovite boxer kopalke Little Dutch so vse, kar potrebujete, za nepozaben dan na pla\u017ei ali bazenu. Izdelane iz 85% recikliranega poliestra.","breadcrumb":{"@id":"https:\/\/ajatutaja.com\/izdelek\/boxer-kopalke-za-decka-little-dutch-ocean-treasures\/#breadcrumb"},"inLanguage":"hr","potentialAction":[{"@type":"ReadAction","target":["https:\/\/ajatutaja.com\/izdelek\/boxer-kopalke-za-decka-little-dutch-ocean-treasures\/"]}]},{"@type":"ImageObject","inLanguage":"hr","@id":"https:\/\/ajatutaja.com\/izdelek\/boxer-kopalke-za-decka-little-dutch-ocean-treasures\/#primaryimage","url":"https:\/\/ajatutaja.com\/wp-content\/uploads\/2024\/04\/boxer-kopalke-little-dutch-Ocean-Treasures-1.jpg","contentUrl":"https:\/\/ajatutaja.com\/wp-content\/uploads\/2024\/04\/boxer-kopalke-little-dutch-Ocean-Treasures-1.jpg","width":1500,"height":1500},{"@type":"BreadcrumbList","@id":"https:\/\/ajatutaja.com\/izdelek\/boxer-kopalke-za-decka-little-dutch-ocean-treasures\/#breadcrumb","itemListElement":[{"@type":"ListItem","position":1,"name":"Home","item":"https:\/\/ajatutaja.com\/hr\/"},{"@type":"ListItem","position":2,"name":"Trgovina","item":"https:\/\/ajatutaja.com\/hr\/trgovina\/"},{"@type":"ListItem","position":3,"name":"Boxer kopalke za de\u010dka Little Dutch &#8211; Ocean Treasures (98\/104)"}]},{"@type":"WebSite","@id":"https:\/\/ajatutaja.com\/#website","url":"https:\/\/ajatutaja.com\/","name":"Ajatutaja","description":"Otro\u0161ka spletna trgovina AJATUTAJA","publisher":{"@id":"https:\/\/ajatutaja.com\/#organization"},"potentialAction":[{"@type":"SearchAction","target":{"@type":"EntryPoint","urlTemplate":"https:\/\/ajatutaja.com\/?s={search_term_string}"},"query-input":{"@type":"PropertyValueSpecification","valueRequired":true,"valueName":"search_term_string"}}],"inLanguage":"hr"},{"@type":"Organization","@id":"https:\/\/ajatutaja.com\/#organization","name":"Ajatutaja","url":"https:\/\/ajatutaja.com\/","logo":{"@type":"ImageObject","inLanguage":"hr","@id":"https:\/\/ajatutaja.com\/#\/schema\/logo\/image\/","url":"https:\/\/ajatutaja.com\/wp-content\/uploads\/2021\/10\/logo.png","contentUrl":"https:\/\/ajatutaja.com\/wp-content\/uploads\/2021\/10\/logo.png","width":555,"height":150,"caption":"Ajatutaja"},"image":{"@id":"https:\/\/ajatutaja.com\/#\/schema\/logo\/image\/"}}]}},"brands":[{"id":4893,"name":"Little Dutch","slug":"little-dutch-moda"},{"id":2696,"name":"Moda","slug":"moda"}],"_links":{"self":[{"href":"https:\/\/ajatutaja.com\/hr\/wp-json\/wp\/v2\/product\/63620","targetHints":{"allow":["GET"]}}],"collection":[{"href":"https:\/\/ajatutaja.com\/hr\/wp-json\/wp\/v2\/product"}],"about":[{"href":"https:\/\/ajatutaja.com\/hr\/wp-json\/wp\/v2\/types\/product"}],"wp:featuredmedia":[{"embeddable":true,"href":"https:\/\/ajatutaja.com\/hr\/wp-json\/wp\/v2\/media\/63624"}],"wp:attachment":[{"href":"https:\/\/ajatutaja.com\/hr\/wp-json\/wp\/v2\/media?parent=63620"}],"wp:term":[{"taxonomy":"pwb-brand","embeddable":true,"href":"https:\/\/ajatutaja.com\/hr\/wp-json\/wp\/v2\/pwb-brand?post=63620"},{"taxonomy":"product_brand","embeddable":true,"href":"https:\/\/ajatutaja.com\/hr\/wp-json\/wp\/v2\/product_brand?post=63620"},{"taxonomy":"product_cat","embeddable":true,"href":"https:\/\/ajatutaja.com\/hr\/wp-json\/wp\/v2\/product_cat?post=63620"},{"taxonomy":"product_tag","embeddable":true,"href":"https:\/\/ajatutaja.com\/hr\/wp-json\/wp\/v2\/product_tag?post=63620"}],"curies":[{"name":"wp","href":"https:\/\/api.w.org\/{rel}","templated":true}]}}