{"id":63408,"date":"2023-11-29T10:40:33","date_gmt":"2023-11-29T09:40:33","guid":{"rendered":"https:\/\/ajatutaja.com\/?post_type=product&#038;p=63408"},"modified":"2026-03-09T07:17:56","modified_gmt":"2026-03-09T06:17:56","slug":"avtosedez-besafe-izi-flex-fix-2-i-size-100-150-cm-fresh-black-cab","status":"publish","type":"product","link":"https:\/\/ajatutaja.com\/hr\/proizvod\/avtosedez-besafe-izi-flex-fix-2-i-size-100-150-cm-fresh-black-cab\/","title":{"rendered":"Avtosede\u017e BeSafe iZi Flex FIX 2 i-Size (100-150 cm) &#8211; Fresh Black Cab"},"content":{"rendered":"<p>[vc_row][vc_column][vc_column_text]Avtosede\u017e BeSafe iZi Flex FIX\u00a0 i-Size izpolnjuje vse zakonske zahteve UN R129-02, uvedene junija 2017 in zdru\u017euje visoke standarde varnosti in \u0161tevilne druge prakti\u010dne zna\u010dilnosti, ter je izredno udoben in primeren za otroke vi\u0161ine od 100 do 150 cm. Obenem pa omogo\u010da prevoz treh otrok v avtomobilskih sede\u017eih v eni vrsti na zadnji klopi avtomobila.<\/p>\n<ol>\n<li><em>3 avtomobilski sede\u017ei v vrsti<\/em> (Naredite prostor za do tri otroke v vrsti tako, da preprosto odstranite obe SIP palici s srednjega sede\u017ea).<\/li>\n<li><em>PAD+ blazina<\/em> ( Zasnovana za dodatno za\u0161\u010dito brade in prsnega ko\u0161a, PAD+ nudi mehko in udobno oblazinjenje ob robu varnostnega pasu).<\/li>\n<li><em>Vodila za pasove<\/em> ( Inovativno vodilo za medeni\u010dni pas BeSafe temelji na \u017ee preizku\u0161eni tehnologiji nose\u010dni\u0161kega pasu BeSafe. Ta prepre\u010duje, da bi otrokovo telo zdrsnilo naprej in pod varnostni pas ter vedno zagotavlja pravilno namestitev medeni\u010dnih pasov. Z vodilom za ramenski pas pa je namestitev avtommobilskega varnostnega pasu zdaj \u0161e la\u017eja in natan\u010dnej\u0161a).<\/li>\n<li><em>Nagnjen polo\u017eaj sede\u017ea<\/em> ( Avtosede\u017eu Flex Fix 2 je mo\u017eno enostavno nastaviti polo\u017eaj, kar zagotavlja dodatno udobje in za\u0161\u010dito va\u0161ega otroka. Ko va\u0161 otrok v avtu postane zaspan, nagnjen polo\u017eaj pomaga zagotoviti, da otro\u0161ka glava in trup ostaneta za\u0161\u010ditena).<\/li>\n<li><em>Inovativen naslon za glavo<\/em> (Inovativna konstrukcija vzglavnika z za\u0161\u010ditnim u\u010dinkom kot na trampolinu).<\/li>\n<\/ol>\n<p><a href=\"https:\/\/www.besafe.com\/wp-content\/uploads\/2017\/10\/BeSafe-iZi-Flex-FIX-i-Size-user-manual-2018-01-12-web.pdf\"><strong>NAVODILA ZA UPORABO<\/strong><\/a><\/p>\n<p><strong>Lastnosti avtosede\u017ea BeSafe iZi Flex FIX 2:<\/strong><\/p>\n<ul>\n<li>Skupina: 2,3 ali 15-36 kg<\/li>\n<li>Starost: od 4. do 12. leta starosti<\/li>\n<li>Namestitev: avtomobilski varnostni pas ali ISOfix<\/li>\n<li>Namestitev: Smer vo\u017enje<\/li>\n<li>Te\u017ea avtosede\u017ea: 7 kg<\/li>\n<li>Dimenzije (cm): 42g x 52\u0161 x 64v<\/li>\n<li>Vi\u0161ina v najvi\u0161ji poziciji: 82 cm<\/li>\n<li>Upo\u0161tevajte, da je navedeni starostni razpon le smernica, ki temelji na povpre\u010dnih vrednostih in ne omejuje ali jam\u010di \u010dasa uporabe.<\/li>\n<\/ul>\n<p><strong>Varnost<\/strong><\/p>\n<ul>\n<li>Skladno z novimi predpisi UN R129-02<\/li>\n<li>Podloga je oblikovana za dodatno za\u0161\u010dito brade in prsnega ko\u0161a<\/li>\n<li>Zaklenjen polo\u017eaj za namestitev ISOfix<\/li>\n<li>Za\u0161\u010dita pred bo\u010dnim udarcem (SIP +)<\/li>\n<li>Vodilo za ramena in bok &#8211; za pravilno pozicijo<\/li>\n<\/ul>\n<p><strong>Udobje<\/strong><\/p>\n<ul>\n<li>Naslon za glavo je zasnovan za stransko vidljivost in spalno podporo<\/li>\n<li>Prilagoditev vi\u0161ine (14 stopenj) &#8211; avtosede\u017e, ki raste z otrokom<\/li>\n<li>Prilagoditev naklona sede\u017ea (2 stopnji) &#8211; ko otrok spi ali po\u010diva<\/li>\n<li>Pad+ meh\u010da varnostni pas za dodatno udobje<\/li>\n<li>Vgrajen ro\u010daj za enostavno prena\u0161anje avtosede\u017ea<\/li>\n<\/ul>\n<p>[\/vc_column_text][\/vc_column][\/vc_row]<\/p>\n","protected":false},"excerpt":{"rendered":"<p>Avtosede\u017e BeSafe iZi Flex FIX 2 i-Size je edinstven avtosede\u017e (jaha\u010d z naslonom) za otroke vi\u0161ine od 100 do 150 cm (okvirno od 4 do 12 leta starosti otroka). Novi BeSafe avtosede\u017e iZi Flex FIX 2 i-Size zagotavlja bistveno vi\u0161jo raven prometne varnosti in za\u0161\u010dite za telo in glavo otroka v primeru trka in ve\u010dje udobje med vo\u017enjo.<\/p>\n","protected":false},"featured_media":63405,"template":"","meta":[],"pwb-brand":[2351,2352],"product_brand":[],"product_cat":[2339,2348,2345],"product_tag":[4117,4546],"class_list":{"0":"post-63408","1":"product","2":"type-product","3":"status-publish","4":"has-post-thumbnail","6":"pwb-brand-avtosedezi","7":"pwb-brand-besafe","8":"product_cat-avtosedezi","9":"product_cat-i-size-100-150-cm","10":"product_cat-skupina-2-3-15-36-kg","11":"product_tag-besafe","12":"product_tag-izi-flex-fix","14":"first","15":"instock","16":"taxable","17":"shipping-taxable","18":"purchasable","19":"product-type-simple","20":"add-to-wishlist-before_image"},"yoast_head":"<!-- This site is optimized with the Yoast SEO plugin v27.3 - https:\/\/yoast.com\/product\/yoast-seo-wordpress\/ -->\n<title>Avtosede\u017e BeSafe iZi Flex FIX 2 i-Size (100-150 cm) - Fresh Black Cab | Ajatutaja<\/title>\n<meta name=\"description\" content=\"Novi avtosede\u017e BeSafe iZi Flex FIX 2 i-Size zagotavlja bistveno vi\u0161jo raven prometne varnosti in za\u0161\u010dite za telo in glavo otroka v primeru trka in ve\u010dje udobje med vo\u017enjo.\" \/>\n<meta name=\"robots\" content=\"index, follow, max-snippet:-1, max-image-preview:large, max-video-preview:-1\" \/>\n<link rel=\"canonical\" href=\"https:\/\/ajatutaja.com\/izdelek\/avtosedez-besafe-izi-flex-fix-2-i-size-100-150-cm-fresh-black-cab\/\" \/>\n<meta property=\"og:locale\" content=\"hr_HR\" \/>\n<meta property=\"og:type\" content=\"article\" \/>\n<meta property=\"og:title\" content=\"Avtosede\u017e BeSafe iZi Flex FIX 2 i-Size (100-150 cm) - Fresh Black Cab | Ajatutaja\" \/>\n<meta property=\"og:description\" content=\"Novi avtosede\u017e BeSafe iZi Flex FIX 2 i-Size zagotavlja bistveno vi\u0161jo raven prometne varnosti in za\u0161\u010dite za telo in glavo otroka v primeru trka in ve\u010dje udobje med vo\u017enjo.\" \/>\n<meta property=\"og:url\" content=\"https:\/\/ajatutaja.com\/izdelek\/avtosedez-besafe-izi-flex-fix-2-i-size-100-150-cm-fresh-black-cab\/\" \/>\n<meta property=\"og:site_name\" content=\"Ajatutaja\" \/>\n<meta property=\"article:modified_time\" content=\"2026-03-09T06:17:56+00:00\" \/>\n<meta property=\"og:image\" content=\"https:\/\/ajatutaja.com\/wp-content\/uploads\/2024\/04\/Avtosedez-BeSafe-Flex-FIX-2-fresh-black-cab-11037469-ajatutaja-1.jpg\" \/>\n\t<meta property=\"og:image:width\" content=\"1080\" \/>\n\t<meta property=\"og:image:height\" content=\"1080\" \/>\n\t<meta property=\"og:image:type\" content=\"image\/jpeg\" \/>\n<meta name=\"twitter:card\" content=\"summary_large_image\" \/>\n<meta name=\"twitter:label1\" content=\"Procijenjeno vrijeme \u010ditanja\" \/>\n\t<meta name=\"twitter:data1\" content=\"2 minute\" \/>\n<script type=\"application\/ld+json\" class=\"yoast-schema-graph\">{\"@context\":\"https:\\\/\\\/schema.org\",\"@graph\":[{\"@type\":\"WebPage\",\"@id\":\"https:\\\/\\\/ajatutaja.com\\\/izdelek\\\/avtosedez-besafe-izi-flex-fix-2-i-size-100-150-cm-fresh-black-cab\\\/\",\"url\":\"https:\\\/\\\/ajatutaja.com\\\/izdelek\\\/avtosedez-besafe-izi-flex-fix-2-i-size-100-150-cm-fresh-black-cab\\\/\",\"name\":\"Avtosede\u017e BeSafe iZi Flex FIX 2 i-Size (100-150 cm) - Fresh Black Cab | Ajatutaja\",\"isPartOf\":{\"@id\":\"https:\\\/\\\/ajatutaja.com\\\/#website\"},\"primaryImageOfPage\":{\"@id\":\"https:\\\/\\\/ajatutaja.com\\\/izdelek\\\/avtosedez-besafe-izi-flex-fix-2-i-size-100-150-cm-fresh-black-cab\\\/#primaryimage\"},\"image\":{\"@id\":\"https:\\\/\\\/ajatutaja.com\\\/izdelek\\\/avtosedez-besafe-izi-flex-fix-2-i-size-100-150-cm-fresh-black-cab\\\/#primaryimage\"},\"thumbnailUrl\":\"https:\\\/\\\/ajatutaja.com\\\/wp-content\\\/uploads\\\/2024\\\/04\\\/Avtosedez-BeSafe-Flex-FIX-2-fresh-black-cab-11037469-ajatutaja-1.jpg\",\"datePublished\":\"2023-11-29T09:40:33+00:00\",\"dateModified\":\"2026-03-09T06:17:56+00:00\",\"description\":\"Novi avtosede\u017e BeSafe iZi Flex FIX 2 i-Size zagotavlja bistveno vi\u0161jo raven prometne varnosti in za\u0161\u010dite za telo in glavo otroka v primeru trka in ve\u010dje udobje med vo\u017enjo.\",\"breadcrumb\":{\"@id\":\"https:\\\/\\\/ajatutaja.com\\\/izdelek\\\/avtosedez-besafe-izi-flex-fix-2-i-size-100-150-cm-fresh-black-cab\\\/#breadcrumb\"},\"inLanguage\":\"hr\",\"potentialAction\":[{\"@type\":\"ReadAction\",\"target\":[\"https:\\\/\\\/ajatutaja.com\\\/izdelek\\\/avtosedez-besafe-izi-flex-fix-2-i-size-100-150-cm-fresh-black-cab\\\/\"]}]},{\"@type\":\"ImageObject\",\"inLanguage\":\"hr\",\"@id\":\"https:\\\/\\\/ajatutaja.com\\\/izdelek\\\/avtosedez-besafe-izi-flex-fix-2-i-size-100-150-cm-fresh-black-cab\\\/#primaryimage\",\"url\":\"https:\\\/\\\/ajatutaja.com\\\/wp-content\\\/uploads\\\/2024\\\/04\\\/Avtosedez-BeSafe-Flex-FIX-2-fresh-black-cab-11037469-ajatutaja-1.jpg\",\"contentUrl\":\"https:\\\/\\\/ajatutaja.com\\\/wp-content\\\/uploads\\\/2024\\\/04\\\/Avtosedez-BeSafe-Flex-FIX-2-fresh-black-cab-11037469-ajatutaja-1.jpg\",\"width\":1080,\"height\":1080},{\"@type\":\"BreadcrumbList\",\"@id\":\"https:\\\/\\\/ajatutaja.com\\\/izdelek\\\/avtosedez-besafe-izi-flex-fix-2-i-size-100-150-cm-fresh-black-cab\\\/#breadcrumb\",\"itemListElement\":[{\"@type\":\"ListItem\",\"position\":1,\"name\":\"Home\",\"item\":\"https:\\\/\\\/ajatutaja.com\\\/hr\\\/\"},{\"@type\":\"ListItem\",\"position\":2,\"name\":\"Trgovina\",\"item\":\"https:\\\/\\\/ajatutaja.com\\\/hr\\\/trgovina\\\/\"},{\"@type\":\"ListItem\",\"position\":3,\"name\":\"Avtosede\u017e BeSafe iZi Flex FIX 2 i-Size (100-150 cm) &#8211; Fresh Black Cab\"}]},{\"@type\":\"WebSite\",\"@id\":\"https:\\\/\\\/ajatutaja.com\\\/#website\",\"url\":\"https:\\\/\\\/ajatutaja.com\\\/\",\"name\":\"Ajatutaja\",\"description\":\"Otro\u0161ka spletna trgovina AJATUTAJA\",\"publisher\":{\"@id\":\"https:\\\/\\\/ajatutaja.com\\\/#organization\"},\"potentialAction\":[{\"@type\":\"SearchAction\",\"target\":{\"@type\":\"EntryPoint\",\"urlTemplate\":\"https:\\\/\\\/ajatutaja.com\\\/?s={search_term_string}\"},\"query-input\":{\"@type\":\"PropertyValueSpecification\",\"valueRequired\":true,\"valueName\":\"search_term_string\"}}],\"inLanguage\":\"hr\"},{\"@type\":\"Organization\",\"@id\":\"https:\\\/\\\/ajatutaja.com\\\/#organization\",\"name\":\"Ajatutaja\",\"url\":\"https:\\\/\\\/ajatutaja.com\\\/\",\"logo\":{\"@type\":\"ImageObject\",\"inLanguage\":\"hr\",\"@id\":\"https:\\\/\\\/ajatutaja.com\\\/#\\\/schema\\\/logo\\\/image\\\/\",\"url\":\"https:\\\/\\\/ajatutaja.com\\\/wp-content\\\/uploads\\\/2021\\\/10\\\/logo.png\",\"contentUrl\":\"https:\\\/\\\/ajatutaja.com\\\/wp-content\\\/uploads\\\/2021\\\/10\\\/logo.png\",\"width\":555,\"height\":150,\"caption\":\"Ajatutaja\"},\"image\":{\"@id\":\"https:\\\/\\\/ajatutaja.com\\\/#\\\/schema\\\/logo\\\/image\\\/\"}}]}<\/script>\n<!-- \/ Yoast SEO plugin. -->","yoast_head_json":{"title":"Avtosede\u017e BeSafe iZi Flex FIX 2 i-Size (100-150 cm) - Fresh Black Cab | Ajatutaja","description":"Novi avtosede\u017e BeSafe iZi Flex FIX 2 i-Size zagotavlja bistveno vi\u0161jo raven prometne varnosti in za\u0161\u010dite za telo in glavo otroka v primeru trka in ve\u010dje udobje med vo\u017enjo.","robots":{"index":"index","follow":"follow","max-snippet":"max-snippet:-1","max-image-preview":"max-image-preview:large","max-video-preview":"max-video-preview:-1"},"canonical":"https:\/\/ajatutaja.com\/izdelek\/avtosedez-besafe-izi-flex-fix-2-i-size-100-150-cm-fresh-black-cab\/","og_locale":"hr_HR","og_type":"article","og_title":"Avtosede\u017e BeSafe iZi Flex FIX 2 i-Size (100-150 cm) - Fresh Black Cab | Ajatutaja","og_description":"Novi avtosede\u017e BeSafe iZi Flex FIX 2 i-Size zagotavlja bistveno vi\u0161jo raven prometne varnosti in za\u0161\u010dite za telo in glavo otroka v primeru trka in ve\u010dje udobje med vo\u017enjo.","og_url":"https:\/\/ajatutaja.com\/izdelek\/avtosedez-besafe-izi-flex-fix-2-i-size-100-150-cm-fresh-black-cab\/","og_site_name":"Ajatutaja","article_modified_time":"2026-03-09T06:17:56+00:00","og_image":[{"width":1080,"height":1080,"url":"https:\/\/ajatutaja.com\/wp-content\/uploads\/2024\/04\/Avtosedez-BeSafe-Flex-FIX-2-fresh-black-cab-11037469-ajatutaja-1.jpg","type":"image\/jpeg"}],"twitter_card":"summary_large_image","twitter_misc":{"Procijenjeno vrijeme \u010ditanja":"2 minute"},"schema":{"@context":"https:\/\/schema.org","@graph":[{"@type":"WebPage","@id":"https:\/\/ajatutaja.com\/izdelek\/avtosedez-besafe-izi-flex-fix-2-i-size-100-150-cm-fresh-black-cab\/","url":"https:\/\/ajatutaja.com\/izdelek\/avtosedez-besafe-izi-flex-fix-2-i-size-100-150-cm-fresh-black-cab\/","name":"Avtosede\u017e BeSafe iZi Flex FIX 2 i-Size (100-150 cm) - Fresh Black Cab | Ajatutaja","isPartOf":{"@id":"https:\/\/ajatutaja.com\/#website"},"primaryImageOfPage":{"@id":"https:\/\/ajatutaja.com\/izdelek\/avtosedez-besafe-izi-flex-fix-2-i-size-100-150-cm-fresh-black-cab\/#primaryimage"},"image":{"@id":"https:\/\/ajatutaja.com\/izdelek\/avtosedez-besafe-izi-flex-fix-2-i-size-100-150-cm-fresh-black-cab\/#primaryimage"},"thumbnailUrl":"https:\/\/ajatutaja.com\/wp-content\/uploads\/2024\/04\/Avtosedez-BeSafe-Flex-FIX-2-fresh-black-cab-11037469-ajatutaja-1.jpg","datePublished":"2023-11-29T09:40:33+00:00","dateModified":"2026-03-09T06:17:56+00:00","description":"Novi avtosede\u017e BeSafe iZi Flex FIX 2 i-Size zagotavlja bistveno vi\u0161jo raven prometne varnosti in za\u0161\u010dite za telo in glavo otroka v primeru trka in ve\u010dje udobje med vo\u017enjo.","breadcrumb":{"@id":"https:\/\/ajatutaja.com\/izdelek\/avtosedez-besafe-izi-flex-fix-2-i-size-100-150-cm-fresh-black-cab\/#breadcrumb"},"inLanguage":"hr","potentialAction":[{"@type":"ReadAction","target":["https:\/\/ajatutaja.com\/izdelek\/avtosedez-besafe-izi-flex-fix-2-i-size-100-150-cm-fresh-black-cab\/"]}]},{"@type":"ImageObject","inLanguage":"hr","@id":"https:\/\/ajatutaja.com\/izdelek\/avtosedez-besafe-izi-flex-fix-2-i-size-100-150-cm-fresh-black-cab\/#primaryimage","url":"https:\/\/ajatutaja.com\/wp-content\/uploads\/2024\/04\/Avtosedez-BeSafe-Flex-FIX-2-fresh-black-cab-11037469-ajatutaja-1.jpg","contentUrl":"https:\/\/ajatutaja.com\/wp-content\/uploads\/2024\/04\/Avtosedez-BeSafe-Flex-FIX-2-fresh-black-cab-11037469-ajatutaja-1.jpg","width":1080,"height":1080},{"@type":"BreadcrumbList","@id":"https:\/\/ajatutaja.com\/izdelek\/avtosedez-besafe-izi-flex-fix-2-i-size-100-150-cm-fresh-black-cab\/#breadcrumb","itemListElement":[{"@type":"ListItem","position":1,"name":"Home","item":"https:\/\/ajatutaja.com\/hr\/"},{"@type":"ListItem","position":2,"name":"Trgovina","item":"https:\/\/ajatutaja.com\/hr\/trgovina\/"},{"@type":"ListItem","position":3,"name":"Avtosede\u017e BeSafe iZi Flex FIX 2 i-Size (100-150 cm) &#8211; Fresh Black Cab"}]},{"@type":"WebSite","@id":"https:\/\/ajatutaja.com\/#website","url":"https:\/\/ajatutaja.com\/","name":"Ajatutaja","description":"Otro\u0161ka spletna trgovina AJATUTAJA","publisher":{"@id":"https:\/\/ajatutaja.com\/#organization"},"potentialAction":[{"@type":"SearchAction","target":{"@type":"EntryPoint","urlTemplate":"https:\/\/ajatutaja.com\/?s={search_term_string}"},"query-input":{"@type":"PropertyValueSpecification","valueRequired":true,"valueName":"search_term_string"}}],"inLanguage":"hr"},{"@type":"Organization","@id":"https:\/\/ajatutaja.com\/#organization","name":"Ajatutaja","url":"https:\/\/ajatutaja.com\/","logo":{"@type":"ImageObject","inLanguage":"hr","@id":"https:\/\/ajatutaja.com\/#\/schema\/logo\/image\/","url":"https:\/\/ajatutaja.com\/wp-content\/uploads\/2021\/10\/logo.png","contentUrl":"https:\/\/ajatutaja.com\/wp-content\/uploads\/2021\/10\/logo.png","width":555,"height":150,"caption":"Ajatutaja"},"image":{"@id":"https:\/\/ajatutaja.com\/#\/schema\/logo\/image\/"}}]}},"brands":[{"id":2351,"name":"Avtosede\u017ei","slug":"avtosedezi"},{"id":2352,"name":"BeSafe","slug":"besafe"}],"_links":{"self":[{"href":"https:\/\/ajatutaja.com\/hr\/wp-json\/wp\/v2\/product\/63408","targetHints":{"allow":["GET"]}}],"collection":[{"href":"https:\/\/ajatutaja.com\/hr\/wp-json\/wp\/v2\/product"}],"about":[{"href":"https:\/\/ajatutaja.com\/hr\/wp-json\/wp\/v2\/types\/product"}],"wp:featuredmedia":[{"embeddable":true,"href":"https:\/\/ajatutaja.com\/hr\/wp-json\/wp\/v2\/media\/63405"}],"wp:attachment":[{"href":"https:\/\/ajatutaja.com\/hr\/wp-json\/wp\/v2\/media?parent=63408"}],"wp:term":[{"taxonomy":"pwb-brand","embeddable":true,"href":"https:\/\/ajatutaja.com\/hr\/wp-json\/wp\/v2\/pwb-brand?post=63408"},{"taxonomy":"product_brand","embeddable":true,"href":"https:\/\/ajatutaja.com\/hr\/wp-json\/wp\/v2\/product_brand?post=63408"},{"taxonomy":"product_cat","embeddable":true,"href":"https:\/\/ajatutaja.com\/hr\/wp-json\/wp\/v2\/product_cat?post=63408"},{"taxonomy":"product_tag","embeddable":true,"href":"https:\/\/ajatutaja.com\/hr\/wp-json\/wp\/v2\/product_tag?post=63408"}],"curies":[{"name":"wp","href":"https:\/\/api.w.org\/{rel}","templated":true}]}}