{"id":63238,"date":"2024-04-07T21:26:28","date_gmt":"2024-04-07T19:26:28","guid":{"rendered":"https:\/\/ajatutaja.com\/?post_type=product&#038;p=63238"},"modified":"2026-01-23T19:36:53","modified_gmt":"2026-01-23T18:36:53","slug":"sleepytroll-baby-rocker-nastavek-za-gugalnik-lezalnik","status":"publish","type":"product","link":"https:\/\/ajatutaja.com\/hr\/proizvod\/sleepytroll-baby-rocker-nastavek-za-gugalnik-lezalnik\/","title":{"rendered":"Sleepytroll Baby Rocker nastavek za gugalnik\/le\u017ealnik"},"content":{"rendered":"<p>[vc_row][vc_column][vc_column_text]Nastavek za le\u017ealnik\/gugalnik Sleepytroll ustreza ve\u010dini tradicionalnih dizajnov le\u017ealnikov za dojen\u010dke z okroglimi cevastimi okvirji.<\/p>\n<p>Sleepytroll Baby Rocker Gen 2 &#8211; Pripomo\u010dek za zibanje se kupi lo\u010deno![\/vc_column_text][\/vc_column][\/vc_row]<\/p>\n","protected":false},"excerpt":{"rendered":"<p>Sleepytroll nastavek za guganje se enostavno pritrdi na va\u0161 otro\u0161ki le\u017ealnik in pomiri va\u0161ega mal\u010dka, da zaspi &#8211; ali preprosto ohranja va\u0161ega dojen\u010dka mirnega. Ni potrebe po dragih avtomatskih le\u017ealnikih, ko imate Sleepytroll Baby Rocker in nastavek za le\u017ealnik!<\/p>\n","protected":false},"featured_media":76045,"template":"","meta":[],"pwb-brand":[5497,2611],"product_brand":[],"product_cat":[2598],"product_tag":[5496],"class_list":{"0":"post-63238","1":"product","2":"type-product","3":"status-publish","4":"has-post-thumbnail","6":"pwb-brand-sleepytroll","7":"pwb-brand-spanje","8":"product_cat-otroski-lezalniki","9":"product_tag-sleepytroll","11":"first","12":"instock","13":"taxable","14":"shipping-taxable","15":"purchasable","16":"product-type-simple","17":"add-to-wishlist-before_image"},"yoast_head":"<!-- This site is optimized with the Yoast SEO plugin v27.3 - https:\/\/yoast.com\/product\/yoast-seo-wordpress\/ -->\n<title>Sleepytroll Baby Rocker nastavek za gugalnik\/le\u017ealnik | Ajatutaja<\/title>\n<meta name=\"description\" content=\"Sleepytroll nastavek za guganje se enostavno pritrdi na va\u0161 otro\u0161ki le\u017ealnik in pomiri va\u0161ega mal\u010dka, da zaspi - ali preprosto ohranja va\u0161ega dojen\u010dka mirnega.\" \/>\n<meta name=\"robots\" content=\"index, follow, max-snippet:-1, max-image-preview:large, max-video-preview:-1\" \/>\n<link rel=\"canonical\" href=\"https:\/\/ajatutaja.com\/izdelek\/sleepytroll-baby-rocker-nastavek-za-gugalnik-lezalnik\/\" \/>\n<meta property=\"og:locale\" content=\"hr_HR\" \/>\n<meta property=\"og:type\" content=\"article\" \/>\n<meta property=\"og:title\" content=\"Sleepytroll Baby Rocker nastavek za gugalnik\/le\u017ealnik | Ajatutaja\" \/>\n<meta property=\"og:description\" content=\"Sleepytroll nastavek za guganje se enostavno pritrdi na va\u0161 otro\u0161ki le\u017ealnik in pomiri va\u0161ega mal\u010dka, da zaspi - ali preprosto ohranja va\u0161ega dojen\u010dka mirnega.\" \/>\n<meta property=\"og:url\" content=\"https:\/\/ajatutaja.com\/izdelek\/sleepytroll-baby-rocker-nastavek-za-gugalnik-lezalnik\/\" \/>\n<meta property=\"og:site_name\" content=\"Ajatutaja\" \/>\n<meta property=\"article:modified_time\" content=\"2026-01-23T18:36:53+00:00\" \/>\n<meta property=\"og:image\" content=\"https:\/\/ajatutaja.com\/wp-content\/uploads\/2024\/04\/Sleepytroll-gen-2-nastavek-za-gugalnik-ajatutaja-1.jpg\" \/>\n\t<meta property=\"og:image:width\" content=\"2048\" \/>\n\t<meta property=\"og:image:height\" content=\"1463\" \/>\n\t<meta property=\"og:image:type\" content=\"image\/jpeg\" \/>\n<meta name=\"twitter:card\" content=\"summary_large_image\" \/>\n<meta name=\"twitter:label1\" content=\"Procijenjeno vrijeme \u010ditanja\" \/>\n\t<meta name=\"twitter:data1\" content=\"2 minute\" \/>\n<script type=\"application\/ld+json\" class=\"yoast-schema-graph\">{\"@context\":\"https:\\\/\\\/schema.org\",\"@graph\":[{\"@type\":\"WebPage\",\"@id\":\"https:\\\/\\\/ajatutaja.com\\\/izdelek\\\/sleepytroll-baby-rocker-nastavek-za-gugalnik-lezalnik\\\/\",\"url\":\"https:\\\/\\\/ajatutaja.com\\\/izdelek\\\/sleepytroll-baby-rocker-nastavek-za-gugalnik-lezalnik\\\/\",\"name\":\"Sleepytroll Baby Rocker nastavek za gugalnik\\\/le\u017ealnik | Ajatutaja\",\"isPartOf\":{\"@id\":\"https:\\\/\\\/ajatutaja.com\\\/#website\"},\"primaryImageOfPage\":{\"@id\":\"https:\\\/\\\/ajatutaja.com\\\/izdelek\\\/sleepytroll-baby-rocker-nastavek-za-gugalnik-lezalnik\\\/#primaryimage\"},\"image\":{\"@id\":\"https:\\\/\\\/ajatutaja.com\\\/izdelek\\\/sleepytroll-baby-rocker-nastavek-za-gugalnik-lezalnik\\\/#primaryimage\"},\"thumbnailUrl\":\"https:\\\/\\\/ajatutaja.com\\\/wp-content\\\/uploads\\\/2024\\\/04\\\/Sleepytroll-gen-2-nastavek-za-gugalnik-ajatutaja-1.jpg\",\"datePublished\":\"2024-04-07T19:26:28+00:00\",\"dateModified\":\"2026-01-23T18:36:53+00:00\",\"description\":\"Sleepytroll nastavek za guganje se enostavno pritrdi na va\u0161 otro\u0161ki le\u017ealnik in pomiri va\u0161ega mal\u010dka, da zaspi - ali preprosto ohranja va\u0161ega dojen\u010dka mirnega.\",\"breadcrumb\":{\"@id\":\"https:\\\/\\\/ajatutaja.com\\\/izdelek\\\/sleepytroll-baby-rocker-nastavek-za-gugalnik-lezalnik\\\/#breadcrumb\"},\"inLanguage\":\"hr\",\"potentialAction\":[{\"@type\":\"ReadAction\",\"target\":[\"https:\\\/\\\/ajatutaja.com\\\/izdelek\\\/sleepytroll-baby-rocker-nastavek-za-gugalnik-lezalnik\\\/\"]}]},{\"@type\":\"ImageObject\",\"inLanguage\":\"hr\",\"@id\":\"https:\\\/\\\/ajatutaja.com\\\/izdelek\\\/sleepytroll-baby-rocker-nastavek-za-gugalnik-lezalnik\\\/#primaryimage\",\"url\":\"https:\\\/\\\/ajatutaja.com\\\/wp-content\\\/uploads\\\/2024\\\/04\\\/Sleepytroll-gen-2-nastavek-za-gugalnik-ajatutaja-1.jpg\",\"contentUrl\":\"https:\\\/\\\/ajatutaja.com\\\/wp-content\\\/uploads\\\/2024\\\/04\\\/Sleepytroll-gen-2-nastavek-za-gugalnik-ajatutaja-1.jpg\",\"width\":2048,\"height\":1463},{\"@type\":\"BreadcrumbList\",\"@id\":\"https:\\\/\\\/ajatutaja.com\\\/izdelek\\\/sleepytroll-baby-rocker-nastavek-za-gugalnik-lezalnik\\\/#breadcrumb\",\"itemListElement\":[{\"@type\":\"ListItem\",\"position\":1,\"name\":\"Home\",\"item\":\"https:\\\/\\\/ajatutaja.com\\\/hr\\\/\"},{\"@type\":\"ListItem\",\"position\":2,\"name\":\"Trgovina\",\"item\":\"https:\\\/\\\/ajatutaja.com\\\/hr\\\/trgovina\\\/\"},{\"@type\":\"ListItem\",\"position\":3,\"name\":\"Sleepytroll Baby Rocker nastavek za gugalnik\\\/le\u017ealnik\"}]},{\"@type\":\"WebSite\",\"@id\":\"https:\\\/\\\/ajatutaja.com\\\/#website\",\"url\":\"https:\\\/\\\/ajatutaja.com\\\/\",\"name\":\"Ajatutaja\",\"description\":\"Otro\u0161ka spletna trgovina AJATUTAJA\",\"publisher\":{\"@id\":\"https:\\\/\\\/ajatutaja.com\\\/#organization\"},\"potentialAction\":[{\"@type\":\"SearchAction\",\"target\":{\"@type\":\"EntryPoint\",\"urlTemplate\":\"https:\\\/\\\/ajatutaja.com\\\/?s={search_term_string}\"},\"query-input\":{\"@type\":\"PropertyValueSpecification\",\"valueRequired\":true,\"valueName\":\"search_term_string\"}}],\"inLanguage\":\"hr\"},{\"@type\":\"Organization\",\"@id\":\"https:\\\/\\\/ajatutaja.com\\\/#organization\",\"name\":\"Ajatutaja\",\"url\":\"https:\\\/\\\/ajatutaja.com\\\/\",\"logo\":{\"@type\":\"ImageObject\",\"inLanguage\":\"hr\",\"@id\":\"https:\\\/\\\/ajatutaja.com\\\/#\\\/schema\\\/logo\\\/image\\\/\",\"url\":\"https:\\\/\\\/ajatutaja.com\\\/wp-content\\\/uploads\\\/2021\\\/10\\\/logo.png\",\"contentUrl\":\"https:\\\/\\\/ajatutaja.com\\\/wp-content\\\/uploads\\\/2021\\\/10\\\/logo.png\",\"width\":555,\"height\":150,\"caption\":\"Ajatutaja\"},\"image\":{\"@id\":\"https:\\\/\\\/ajatutaja.com\\\/#\\\/schema\\\/logo\\\/image\\\/\"}}]}<\/script>\n<!-- \/ Yoast SEO plugin. -->","yoast_head_json":{"title":"Sleepytroll Baby Rocker nastavek za gugalnik\/le\u017ealnik | Ajatutaja","description":"Sleepytroll nastavek za guganje se enostavno pritrdi na va\u0161 otro\u0161ki le\u017ealnik in pomiri va\u0161ega mal\u010dka, da zaspi - ali preprosto ohranja va\u0161ega dojen\u010dka mirnega.","robots":{"index":"index","follow":"follow","max-snippet":"max-snippet:-1","max-image-preview":"max-image-preview:large","max-video-preview":"max-video-preview:-1"},"canonical":"https:\/\/ajatutaja.com\/izdelek\/sleepytroll-baby-rocker-nastavek-za-gugalnik-lezalnik\/","og_locale":"hr_HR","og_type":"article","og_title":"Sleepytroll Baby Rocker nastavek za gugalnik\/le\u017ealnik | Ajatutaja","og_description":"Sleepytroll nastavek za guganje se enostavno pritrdi na va\u0161 otro\u0161ki le\u017ealnik in pomiri va\u0161ega mal\u010dka, da zaspi - ali preprosto ohranja va\u0161ega dojen\u010dka mirnega.","og_url":"https:\/\/ajatutaja.com\/izdelek\/sleepytroll-baby-rocker-nastavek-za-gugalnik-lezalnik\/","og_site_name":"Ajatutaja","article_modified_time":"2026-01-23T18:36:53+00:00","og_image":[{"width":2048,"height":1463,"url":"https:\/\/ajatutaja.com\/wp-content\/uploads\/2024\/04\/Sleepytroll-gen-2-nastavek-za-gugalnik-ajatutaja-1.jpg","type":"image\/jpeg"}],"twitter_card":"summary_large_image","twitter_misc":{"Procijenjeno vrijeme \u010ditanja":"2 minute"},"schema":{"@context":"https:\/\/schema.org","@graph":[{"@type":"WebPage","@id":"https:\/\/ajatutaja.com\/izdelek\/sleepytroll-baby-rocker-nastavek-za-gugalnik-lezalnik\/","url":"https:\/\/ajatutaja.com\/izdelek\/sleepytroll-baby-rocker-nastavek-za-gugalnik-lezalnik\/","name":"Sleepytroll Baby Rocker nastavek za gugalnik\/le\u017ealnik | Ajatutaja","isPartOf":{"@id":"https:\/\/ajatutaja.com\/#website"},"primaryImageOfPage":{"@id":"https:\/\/ajatutaja.com\/izdelek\/sleepytroll-baby-rocker-nastavek-za-gugalnik-lezalnik\/#primaryimage"},"image":{"@id":"https:\/\/ajatutaja.com\/izdelek\/sleepytroll-baby-rocker-nastavek-za-gugalnik-lezalnik\/#primaryimage"},"thumbnailUrl":"https:\/\/ajatutaja.com\/wp-content\/uploads\/2024\/04\/Sleepytroll-gen-2-nastavek-za-gugalnik-ajatutaja-1.jpg","datePublished":"2024-04-07T19:26:28+00:00","dateModified":"2026-01-23T18:36:53+00:00","description":"Sleepytroll nastavek za guganje se enostavno pritrdi na va\u0161 otro\u0161ki le\u017ealnik in pomiri va\u0161ega mal\u010dka, da zaspi - ali preprosto ohranja va\u0161ega dojen\u010dka mirnega.","breadcrumb":{"@id":"https:\/\/ajatutaja.com\/izdelek\/sleepytroll-baby-rocker-nastavek-za-gugalnik-lezalnik\/#breadcrumb"},"inLanguage":"hr","potentialAction":[{"@type":"ReadAction","target":["https:\/\/ajatutaja.com\/izdelek\/sleepytroll-baby-rocker-nastavek-za-gugalnik-lezalnik\/"]}]},{"@type":"ImageObject","inLanguage":"hr","@id":"https:\/\/ajatutaja.com\/izdelek\/sleepytroll-baby-rocker-nastavek-za-gugalnik-lezalnik\/#primaryimage","url":"https:\/\/ajatutaja.com\/wp-content\/uploads\/2024\/04\/Sleepytroll-gen-2-nastavek-za-gugalnik-ajatutaja-1.jpg","contentUrl":"https:\/\/ajatutaja.com\/wp-content\/uploads\/2024\/04\/Sleepytroll-gen-2-nastavek-za-gugalnik-ajatutaja-1.jpg","width":2048,"height":1463},{"@type":"BreadcrumbList","@id":"https:\/\/ajatutaja.com\/izdelek\/sleepytroll-baby-rocker-nastavek-za-gugalnik-lezalnik\/#breadcrumb","itemListElement":[{"@type":"ListItem","position":1,"name":"Home","item":"https:\/\/ajatutaja.com\/hr\/"},{"@type":"ListItem","position":2,"name":"Trgovina","item":"https:\/\/ajatutaja.com\/hr\/trgovina\/"},{"@type":"ListItem","position":3,"name":"Sleepytroll Baby Rocker nastavek za gugalnik\/le\u017ealnik"}]},{"@type":"WebSite","@id":"https:\/\/ajatutaja.com\/#website","url":"https:\/\/ajatutaja.com\/","name":"Ajatutaja","description":"Otro\u0161ka spletna trgovina AJATUTAJA","publisher":{"@id":"https:\/\/ajatutaja.com\/#organization"},"potentialAction":[{"@type":"SearchAction","target":{"@type":"EntryPoint","urlTemplate":"https:\/\/ajatutaja.com\/?s={search_term_string}"},"query-input":{"@type":"PropertyValueSpecification","valueRequired":true,"valueName":"search_term_string"}}],"inLanguage":"hr"},{"@type":"Organization","@id":"https:\/\/ajatutaja.com\/#organization","name":"Ajatutaja","url":"https:\/\/ajatutaja.com\/","logo":{"@type":"ImageObject","inLanguage":"hr","@id":"https:\/\/ajatutaja.com\/#\/schema\/logo\/image\/","url":"https:\/\/ajatutaja.com\/wp-content\/uploads\/2021\/10\/logo.png","contentUrl":"https:\/\/ajatutaja.com\/wp-content\/uploads\/2021\/10\/logo.png","width":555,"height":150,"caption":"Ajatutaja"},"image":{"@id":"https:\/\/ajatutaja.com\/#\/schema\/logo\/image\/"}}]}},"brands":[{"id":5497,"name":"Sleepytroll","slug":"sleepytroll"},{"id":2611,"name":"Spanje","slug":"spanje"}],"_links":{"self":[{"href":"https:\/\/ajatutaja.com\/hr\/wp-json\/wp\/v2\/product\/63238","targetHints":{"allow":["GET"]}}],"collection":[{"href":"https:\/\/ajatutaja.com\/hr\/wp-json\/wp\/v2\/product"}],"about":[{"href":"https:\/\/ajatutaja.com\/hr\/wp-json\/wp\/v2\/types\/product"}],"wp:featuredmedia":[{"embeddable":true,"href":"https:\/\/ajatutaja.com\/hr\/wp-json\/wp\/v2\/media\/76045"}],"wp:attachment":[{"href":"https:\/\/ajatutaja.com\/hr\/wp-json\/wp\/v2\/media?parent=63238"}],"wp:term":[{"taxonomy":"pwb-brand","embeddable":true,"href":"https:\/\/ajatutaja.com\/hr\/wp-json\/wp\/v2\/pwb-brand?post=63238"},{"taxonomy":"product_brand","embeddable":true,"href":"https:\/\/ajatutaja.com\/hr\/wp-json\/wp\/v2\/product_brand?post=63238"},{"taxonomy":"product_cat","embeddable":true,"href":"https:\/\/ajatutaja.com\/hr\/wp-json\/wp\/v2\/product_cat?post=63238"},{"taxonomy":"product_tag","embeddable":true,"href":"https:\/\/ajatutaja.com\/hr\/wp-json\/wp\/v2\/product_tag?post=63238"}],"curies":[{"name":"wp","href":"https:\/\/api.w.org\/{rel}","templated":true}]}}