{"id":63219,"date":"2024-04-07T21:50:13","date_gmt":"2024-04-07T19:50:13","guid":{"rendered":"https:\/\/ajatutaja.com\/?post_type=product&#038;p=63219"},"modified":"2026-03-12T14:41:55","modified_gmt":"2026-03-12T13:41:55","slug":"pripomocek-za-zibanje-sleepytroll-baby-rocker","status":"publish","type":"product","link":"https:\/\/ajatutaja.com\/hr\/proizvod\/pripomocek-za-zibanje-sleepytroll-baby-rocker\/","title":{"rendered":"Sleepytroll Baby Rocker Gen 2 &#8211; Pripomo\u010dek za zibanje"},"content":{"rendered":"<p>[vc_row][vc_column][vc_column_text]Otroci so guganja navajeni \u017ee v maternici, zato zibanje otroku pomaga, da la\u017eje zaspi in ima za posledico bolj\u0161o kakovost spanca. Ne\u017eno zibanje, ki ga zagotavlja Sleepytroll, simulira ob\u010dutek dojen\u010dka v naro\u010dju star\u0161ev \u2013 to pomaga dojen\u010dku, da se umiri in hitreje zaspi.<\/p>\n<p>Sleepytroll nikoli ne bo nadomestil star\u0161a, ampak star\u0161u pomaga zibati vozi\u010dek v tistih situacijah, ko ga res potrebuje. Medtem ko dojen\u010dek spi, se star\u0161i lahko posvetijo drugim otrokom, sprostijo ob kavici ali opravijo kak\u0161no drugo delo.<\/p>\n<p>Baby Rocker Gen2 je zasnovan tako, da zagotavlja ne\u017eno, neprekinjeno zibanje, ki brez truda pomiri va\u0161ega mal\u010dka, ne glede na to, ali je v vozi\u010dku, posteljici ali loputi (adapterji za posteljice in lopute so na voljo posebej). U\u017eivate lahko v do 3 urah zibanja in vse preprosto upravljate prek uporabniku prijazne aplikacije. Polnilna baterija zagotavlja kar 12 ur delovanja naprave Baby Rocker Gen2. Z vgrajenima senzorjema zvoka in gibanja se Sleepytroll samodejno odzove, ko se va\u0161 dojen\u010dek preme\u0161a, kar mu pomaga u\u017eivati \u200b\u200bv dalj\u0161em in bolj spro\u0161\u010denem spanju.<\/p>\n<h4>Kaj je vklju\u010deno?<\/h4>\n<p>1 x Sleepytroll baby rocker<br \/>\n1 x USB &#8211; C kabel<br \/>\n1 x uporabni\u0161ki priro\u010dnik<\/p>\n<p><strong>Varnost jemljemo resno<\/strong><br \/>\nSleepytroll varnost je preizkusil T\u00dcV, eden vodilnih svetovnih ponudnikov testnih storitev. Skladen je z CE in FCC predpisi, ki se nana\u0161ajo na izpostavljenost elektromagnetnim poljem, ter z ROHS (Zmanj\u0161anje nevarnih snovi). Sleepytroll uporablja varne NiMH baterije (brez litija). Sleepytroll lahko varno uporabljate tudi na letalu.<\/p>\n<p><strong>Enostaven za uporabo<\/strong><br \/>\nS Sleepytroll Baby Rocker lahko svoj vozi\u010dek preoblikujete v gugajo\u010do oazo za va\u0161ega mal\u010dka. Zahvaljujo\u010d vgrajenemu pasu ga lahko enostavno namestite na kateri koli otro\u0161ki vozi\u010dek in tako omogo\u010dite svojemu otroku udobno in pomirjujo\u010de guganje.<\/p>\n<p><strong>Tehni\u010dne informacije:<\/strong><br \/>\nDimenzije: 74 x 90 x 167 mm<br \/>\nTe\u017ea: 0,65 kg<br \/>\nBaterije: Polnilne NiMH (mo\u017eno jih je nesti na letalo)<br \/>\nVrsta polnilca za polnjenje: USB-C<br \/>\nOcena IP: IPX2 \u2013 Blagi de\u017e \/ pljuski<\/p>\n<h4>Lastnosti naprave Sleepytroll Baby Rocker:<\/h4>\n<div>\n<ul>\n<li>Aparat Sleepytroll GEN 2 nudi tako ro\u010dno upravljanje, kot upravljanje preko aplikacije na va\u0161em telefonu<\/li>\n<li>Primeren za vse otro\u0161ke vozi\u010dke<\/li>\n<li>Lahko se postavi na avtosede\u017ee, le\u017ealnike in posteljice s pomo\u010djo nastavkov, ki se kupijo lo\u010deno<\/li>\n<li>Vgrajena NiMH baterija za hitro polnjenje (brez litija), ki zagotavlja do 12 urno delovanje in potrebuje 2.5 uri za polnjenje s pomo\u010djo USB-C kabla<\/li>\n<li>Vgrajeni senzorji gibanja in zvoka<\/li>\n<li>Nastavljive nastavitve mo\u010di nihanja<\/li>\n<li>Ko zazna dojen\u010dkovo gibanje ali jok, za\u010dne ne\u017eno zibati otro\u0161ki vozi\u010dek, da\u00a0zaspi<\/li>\n<li>Ob\u010dutljivost senzorja je mogo\u010de prilagoditi te\u017ei in velikosti va\u0161ega vozi\u010dka ter otrokovemu vedenju<\/li>\n<li>Nudi do 3 ure neprekinjenega pomirjujo\u010dega gibanja prek aplikacije ali 1 uro z ro\u010dnim pritiskom na gumb za hitro uporabo<\/li>\n<li>\u010ce ga aktivirajo senzorji, bo vozi\u010dek nihal 3\u00a0minute<\/li>\n<li>Uporablja se lahko tudi ro\u010dno, ne da bi vklopili senzorje\u00a0\u2013 nato pa niha 30\u00a0minut, preden se samodejno izklopi<\/li>\n<li>Prilega se vsakemu vozi\u010dku,lupinici &#8211; brez uporabe drugih nastavkov. Za uporabo na posteljici ali gugalniku, pa je potrebno uporabiti nosilce, ki se kupijo lo\u010deno.<\/li>\n<li>Preprosto ga pritrdite na ro\u010daj vozi\u010dka\u00a0\u2013 dodatni nosilci ali dodatki niso potrebni<\/li>\n<li>Lahko se uporablja tudi pri zmrzali do\u00a0\u201310 stopinj<\/li>\n<li>Senzorji zaznajo, kdaj se bo otrok zbudil\u00a0\u2013 samodejno za\u010dne ne\u017eno zibati otro\u0161ki vozi\u010dek, preden se otrok popolnoma prebudi<\/li>\n<li>Oblikovan na Norve\u0161kem.<\/li>\n<li><span data-sheets-value=\"{&quot;1&quot;:2,&quot;2&quot;:&quot;Dimenzije\\r\\n74 x 90 x 167 mm\\r\\n\\r\\nTe\u017eina\\r\\n0,65 kg\\r\\n\\r\\nBaterije\\r\\nPunjivi NiMh (mo\u017ee se unijeti u zrakoplov)\\r\\n\\r\\nIP ocjena\\r\\nIPX2 - Slaba ki\u0161a \/ pljuskovi\\r\\n\\r\\nVrste utika\u010da uklju\u010dene\\r\\nMe\u0111unarodno: SAD, UK, AUS, EU\\r\\n\\r\\nSenzori\\r\\nMikrofon, pokret&quot;}\" data-sheets-userformat=\"{&quot;2&quot;:513,&quot;3&quot;:{&quot;1&quot;:0},&quot;12&quot;:0}\">Dimenzije: 74 x 90 x 167 mm<br \/>\n<\/span><\/li>\n<li>Te\u017ea: <span data-sheets-value=\"{&quot;1&quot;:2,&quot;2&quot;:&quot;Dimenzije\\r\\n74 x 90 x 167 mm\\r\\n\\r\\nTe\u017eina\\r\\n0,65 kg\\r\\n\\r\\nBaterije\\r\\nPunjivi NiMh (mo\u017ee se unijeti u zrakoplov)\\r\\n\\r\\nIP ocjena\\r\\nIPX2 - Slaba ki\u0161a \/ pljuskovi\\r\\n\\r\\nVrste utika\u010da uklju\u010dene\\r\\nMe\u0111unarodno: SAD, UK, AUS, EU\\r\\n\\r\\nSenzori\\r\\nMikrofon, pokret&quot;}\" data-sheets-userformat=\"{&quot;2&quot;:513,&quot;3&quot;:{&quot;1&quot;:0},&quot;12&quot;:0}\">0,65 kg<\/span><\/li>\n<li><a href=\"https:\/\/sleepytroll.com\/pages\/app-and-user-manual\">NAVODILA ZA UPORABO<\/a><\/li>\n<\/ul>\n<p>Zahvaljujo\u010d vgrajenemu traku, se Sleepytroll enostavno namesti na kateri koli vozi\u010dek, dojen\u010dku pa zagotavlja udobno in pomirjujo\u010de guganje. Poleg vozi\u010dka se lahko namesti tudi na ro\u010daj avtosede\u017ea za novorojen\u010dka, s pomo\u010djo nastavka (kupi se posebej) pa na posteljico in le\u017ealnik.<\/p>\n<p>Ker ima vgrajene senzorje gibanja in zvoka, ko dojen\u010dek postane nemiren ali se zbudi, Sleepytroll Rocker samodejno za\u010dne gugati vozi\u010dek za tri minute, kar pomaga dojen\u010dku pri pomirjanju in hitrej\u0161em uspavanju. Senzorski na\u010din je lahko vklopljen vso no\u010d in se izklopi, \u010de se otrok pogosteje zbuja, ker to pomeni, da zibanje ni dovolj in naj star\u0161i poskrbijo za otrokove potrebe. V ro\u010dnem na\u010dinu se gugalnik Sleepytroll samodejno izklopi po 40 minutah zibanja.<\/p>\n<\/div>\n<p>[\/vc_column_text][\/vc_column][\/vc_row]<\/p>\n","protected":false},"excerpt":{"rendered":"<p style=\"text-align: justify\">Sleepytroll Baby rocker je prva prenosna naprava za zibanje vozi\u010dka in guganje druge otro\u0161ke opreme z vgrajenimi senzorji gibanja in zvoka. Sleepytroll omogo\u010da zibanje in s tem pomirjanje oz. uspavanje dojen\u010dka v otro\u0161kem vozi\u010dku, lupinici, po\u010divalniku ali posteljici (z nosilci, ki se kupijo lo\u010deno).\u00a0 Sleepytroll GEN 2 nudi tako ro\u010dno upravljanje, kot upravljanje preko aplikacije na va\u0161em telefonu!<\/p>\n","protected":false},"featured_media":76038,"template":"","meta":[],"pwb-brand":[5497,2611],"product_brand":[],"product_cat":[2370,2593],"product_tag":[5496],"class_list":{"0":"post-63219","1":"product","2":"type-product","3":"status-publish","4":"has-post-thumbnail","6":"pwb-brand-sleepytroll","7":"pwb-brand-spanje","8":"product_cat-dodatna-oprema-vozicki","9":"product_cat-spanje","10":"product_tag-sleepytroll","12":"first","13":"instock","14":"taxable","15":"shipping-taxable","16":"purchasable","17":"product-type-simple","18":"add-to-wishlist-before_image"},"yoast_head":"<!-- This site is optimized with the Yoast SEO plugin v27.6 - https:\/\/yoast.com\/product\/yoast-seo-wordpress\/ -->\n<title>Sleepytroll Baby Rocker Gen 2 - Pripomo\u010dek za zibanje | Ajatutaja<\/title>\n<meta name=\"description\" content=\"Sleepytroll Baby rocker je prva prenosna naprava za zibanje in\u00a0 guganje otro\u0161ke opreme z vgrajenimi senzorji gibanja in zvoka. Sleepytroll GEN 2 nudi tako ro\u010dno upravljanje, kot upravljanje preko aplikacije na va\u0161em telefonu\" \/>\n<meta name=\"robots\" content=\"index, follow, max-snippet:-1, max-image-preview:large, max-video-preview:-1\" \/>\n<link rel=\"canonical\" href=\"https:\/\/ajatutaja.com\/izdelek\/pripomocek-za-zibanje-sleepytroll-baby-rocker\/\" \/>\n<meta property=\"og:locale\" content=\"hr_HR\" \/>\n<meta property=\"og:type\" content=\"article\" \/>\n<meta property=\"og:title\" content=\"Sleepytroll Baby Rocker Gen 2 - Pripomo\u010dek za zibanje | Ajatutaja\" \/>\n<meta property=\"og:description\" content=\"Sleepytroll Baby rocker je prva prenosna naprava za zibanje in\u00a0 guganje otro\u0161ke opreme z vgrajenimi senzorji gibanja in zvoka. Sleepytroll GEN 2 nudi tako ro\u010dno upravljanje, kot upravljanje preko aplikacije na va\u0161em telefonu\" \/>\n<meta property=\"og:url\" content=\"https:\/\/ajatutaja.com\/izdelek\/pripomocek-za-zibanje-sleepytroll-baby-rocker\/\" \/>\n<meta property=\"og:site_name\" content=\"Ajatutaja\" \/>\n<meta property=\"article:modified_time\" content=\"2026-03-12T13:41:55+00:00\" \/>\n<meta property=\"og:image\" content=\"https:\/\/ajatutaja.com\/wp-content\/uploads\/2024\/04\/Sleepytroll-gen-2-ajatutaja-1.jpg\" \/>\n\t<meta property=\"og:image:width\" content=\"1872\" \/>\n\t<meta property=\"og:image:height\" content=\"2400\" \/>\n\t<meta property=\"og:image:type\" content=\"image\/jpeg\" \/>\n<meta name=\"twitter:card\" content=\"summary_large_image\" \/>\n<meta name=\"twitter:label1\" content=\"Procijenjeno vrijeme \u010ditanja\" \/>\n\t<meta name=\"twitter:data1\" content=\"2 minute\" \/>\n<script type=\"application\/ld+json\" class=\"yoast-schema-graph\">{\"@context\":\"https:\\\/\\\/schema.org\",\"@graph\":[{\"@type\":\"WebPage\",\"@id\":\"https:\\\/\\\/ajatutaja.com\\\/izdelek\\\/pripomocek-za-zibanje-sleepytroll-baby-rocker\\\/\",\"url\":\"https:\\\/\\\/ajatutaja.com\\\/izdelek\\\/pripomocek-za-zibanje-sleepytroll-baby-rocker\\\/\",\"name\":\"Sleepytroll Baby Rocker Gen 2 - Pripomo\u010dek za zibanje | Ajatutaja\",\"isPartOf\":{\"@id\":\"https:\\\/\\\/ajatutaja.com\\\/#website\"},\"primaryImageOfPage\":{\"@id\":\"https:\\\/\\\/ajatutaja.com\\\/izdelek\\\/pripomocek-za-zibanje-sleepytroll-baby-rocker\\\/#primaryimage\"},\"image\":{\"@id\":\"https:\\\/\\\/ajatutaja.com\\\/izdelek\\\/pripomocek-za-zibanje-sleepytroll-baby-rocker\\\/#primaryimage\"},\"thumbnailUrl\":\"https:\\\/\\\/ajatutaja.com\\\/wp-content\\\/uploads\\\/2024\\\/04\\\/Sleepytroll-gen-2-ajatutaja-1.jpg\",\"datePublished\":\"2024-04-07T19:50:13+00:00\",\"dateModified\":\"2026-03-12T13:41:55+00:00\",\"description\":\"Sleepytroll Baby rocker je prva prenosna naprava za zibanje in\u00a0 guganje otro\u0161ke opreme z vgrajenimi senzorji gibanja in zvoka. Sleepytroll GEN 2 nudi tako ro\u010dno upravljanje, kot upravljanje preko aplikacije na va\u0161em telefonu\",\"breadcrumb\":{\"@id\":\"https:\\\/\\\/ajatutaja.com\\\/izdelek\\\/pripomocek-za-zibanje-sleepytroll-baby-rocker\\\/#breadcrumb\"},\"inLanguage\":\"hr\",\"potentialAction\":[{\"@type\":\"ReadAction\",\"target\":[\"https:\\\/\\\/ajatutaja.com\\\/izdelek\\\/pripomocek-za-zibanje-sleepytroll-baby-rocker\\\/\"]}]},{\"@type\":\"ImageObject\",\"inLanguage\":\"hr\",\"@id\":\"https:\\\/\\\/ajatutaja.com\\\/izdelek\\\/pripomocek-za-zibanje-sleepytroll-baby-rocker\\\/#primaryimage\",\"url\":\"https:\\\/\\\/ajatutaja.com\\\/wp-content\\\/uploads\\\/2024\\\/04\\\/Sleepytroll-gen-2-ajatutaja-1.jpg\",\"contentUrl\":\"https:\\\/\\\/ajatutaja.com\\\/wp-content\\\/uploads\\\/2024\\\/04\\\/Sleepytroll-gen-2-ajatutaja-1.jpg\",\"width\":1872,\"height\":2400},{\"@type\":\"BreadcrumbList\",\"@id\":\"https:\\\/\\\/ajatutaja.com\\\/izdelek\\\/pripomocek-za-zibanje-sleepytroll-baby-rocker\\\/#breadcrumb\",\"itemListElement\":[{\"@type\":\"ListItem\",\"position\":1,\"name\":\"Home\",\"item\":\"https:\\\/\\\/ajatutaja.com\\\/hr\\\/\"},{\"@type\":\"ListItem\",\"position\":2,\"name\":\"Trgovina\",\"item\":\"https:\\\/\\\/ajatutaja.com\\\/hr\\\/trgovina\\\/\"},{\"@type\":\"ListItem\",\"position\":3,\"name\":\"Sleepytroll Baby Rocker Gen 2 &#8211; Pripomo\u010dek za zibanje\"}]},{\"@type\":\"WebSite\",\"@id\":\"https:\\\/\\\/ajatutaja.com\\\/#website\",\"url\":\"https:\\\/\\\/ajatutaja.com\\\/\",\"name\":\"Ajatutaja\",\"description\":\"Otro\u0161ka spletna trgovina AJATUTAJA\",\"publisher\":{\"@id\":\"https:\\\/\\\/ajatutaja.com\\\/#organization\"},\"potentialAction\":[{\"@type\":\"SearchAction\",\"target\":{\"@type\":\"EntryPoint\",\"urlTemplate\":\"https:\\\/\\\/ajatutaja.com\\\/?s={search_term_string}\"},\"query-input\":{\"@type\":\"PropertyValueSpecification\",\"valueRequired\":true,\"valueName\":\"search_term_string\"}}],\"inLanguage\":\"hr\"},{\"@type\":\"Organization\",\"@id\":\"https:\\\/\\\/ajatutaja.com\\\/#organization\",\"name\":\"Ajatutaja\",\"url\":\"https:\\\/\\\/ajatutaja.com\\\/\",\"logo\":{\"@type\":\"ImageObject\",\"inLanguage\":\"hr\",\"@id\":\"https:\\\/\\\/ajatutaja.com\\\/#\\\/schema\\\/logo\\\/image\\\/\",\"url\":\"https:\\\/\\\/ajatutaja.com\\\/wp-content\\\/uploads\\\/2021\\\/10\\\/logo.png\",\"contentUrl\":\"https:\\\/\\\/ajatutaja.com\\\/wp-content\\\/uploads\\\/2021\\\/10\\\/logo.png\",\"width\":555,\"height\":150,\"caption\":\"Ajatutaja\"},\"image\":{\"@id\":\"https:\\\/\\\/ajatutaja.com\\\/#\\\/schema\\\/logo\\\/image\\\/\"}}]}<\/script>\n<!-- \/ Yoast SEO plugin. -->","yoast_head_json":{"title":"Sleepytroll Baby Rocker Gen 2 - Pripomo\u010dek za zibanje | Ajatutaja","description":"Sleepytroll Baby rocker je prva prenosna naprava za zibanje in\u00a0 guganje otro\u0161ke opreme z vgrajenimi senzorji gibanja in zvoka. Sleepytroll GEN 2 nudi tako ro\u010dno upravljanje, kot upravljanje preko aplikacije na va\u0161em telefonu","robots":{"index":"index","follow":"follow","max-snippet":"max-snippet:-1","max-image-preview":"max-image-preview:large","max-video-preview":"max-video-preview:-1"},"canonical":"https:\/\/ajatutaja.com\/izdelek\/pripomocek-za-zibanje-sleepytroll-baby-rocker\/","og_locale":"hr_HR","og_type":"article","og_title":"Sleepytroll Baby Rocker Gen 2 - Pripomo\u010dek za zibanje | Ajatutaja","og_description":"Sleepytroll Baby rocker je prva prenosna naprava za zibanje in\u00a0 guganje otro\u0161ke opreme z vgrajenimi senzorji gibanja in zvoka. Sleepytroll GEN 2 nudi tako ro\u010dno upravljanje, kot upravljanje preko aplikacije na va\u0161em telefonu","og_url":"https:\/\/ajatutaja.com\/izdelek\/pripomocek-za-zibanje-sleepytroll-baby-rocker\/","og_site_name":"Ajatutaja","article_modified_time":"2026-03-12T13:41:55+00:00","og_image":[{"width":1872,"height":2400,"url":"https:\/\/ajatutaja.com\/wp-content\/uploads\/2024\/04\/Sleepytroll-gen-2-ajatutaja-1.jpg","type":"image\/jpeg"}],"twitter_card":"summary_large_image","twitter_misc":{"Procijenjeno vrijeme \u010ditanja":"2 minute"},"schema":{"@context":"https:\/\/schema.org","@graph":[{"@type":"WebPage","@id":"https:\/\/ajatutaja.com\/izdelek\/pripomocek-za-zibanje-sleepytroll-baby-rocker\/","url":"https:\/\/ajatutaja.com\/izdelek\/pripomocek-za-zibanje-sleepytroll-baby-rocker\/","name":"Sleepytroll Baby Rocker Gen 2 - Pripomo\u010dek za zibanje | Ajatutaja","isPartOf":{"@id":"https:\/\/ajatutaja.com\/#website"},"primaryImageOfPage":{"@id":"https:\/\/ajatutaja.com\/izdelek\/pripomocek-za-zibanje-sleepytroll-baby-rocker\/#primaryimage"},"image":{"@id":"https:\/\/ajatutaja.com\/izdelek\/pripomocek-za-zibanje-sleepytroll-baby-rocker\/#primaryimage"},"thumbnailUrl":"https:\/\/ajatutaja.com\/wp-content\/uploads\/2024\/04\/Sleepytroll-gen-2-ajatutaja-1.jpg","datePublished":"2024-04-07T19:50:13+00:00","dateModified":"2026-03-12T13:41:55+00:00","description":"Sleepytroll Baby rocker je prva prenosna naprava za zibanje in\u00a0 guganje otro\u0161ke opreme z vgrajenimi senzorji gibanja in zvoka. Sleepytroll GEN 2 nudi tako ro\u010dno upravljanje, kot upravljanje preko aplikacije na va\u0161em telefonu","breadcrumb":{"@id":"https:\/\/ajatutaja.com\/izdelek\/pripomocek-za-zibanje-sleepytroll-baby-rocker\/#breadcrumb"},"inLanguage":"hr","potentialAction":[{"@type":"ReadAction","target":["https:\/\/ajatutaja.com\/izdelek\/pripomocek-za-zibanje-sleepytroll-baby-rocker\/"]}]},{"@type":"ImageObject","inLanguage":"hr","@id":"https:\/\/ajatutaja.com\/izdelek\/pripomocek-za-zibanje-sleepytroll-baby-rocker\/#primaryimage","url":"https:\/\/ajatutaja.com\/wp-content\/uploads\/2024\/04\/Sleepytroll-gen-2-ajatutaja-1.jpg","contentUrl":"https:\/\/ajatutaja.com\/wp-content\/uploads\/2024\/04\/Sleepytroll-gen-2-ajatutaja-1.jpg","width":1872,"height":2400},{"@type":"BreadcrumbList","@id":"https:\/\/ajatutaja.com\/izdelek\/pripomocek-za-zibanje-sleepytroll-baby-rocker\/#breadcrumb","itemListElement":[{"@type":"ListItem","position":1,"name":"Home","item":"https:\/\/ajatutaja.com\/hr\/"},{"@type":"ListItem","position":2,"name":"Trgovina","item":"https:\/\/ajatutaja.com\/hr\/trgovina\/"},{"@type":"ListItem","position":3,"name":"Sleepytroll Baby Rocker Gen 2 &#8211; Pripomo\u010dek za zibanje"}]},{"@type":"WebSite","@id":"https:\/\/ajatutaja.com\/#website","url":"https:\/\/ajatutaja.com\/","name":"Ajatutaja","description":"Otro\u0161ka spletna trgovina AJATUTAJA","publisher":{"@id":"https:\/\/ajatutaja.com\/#organization"},"potentialAction":[{"@type":"SearchAction","target":{"@type":"EntryPoint","urlTemplate":"https:\/\/ajatutaja.com\/?s={search_term_string}"},"query-input":{"@type":"PropertyValueSpecification","valueRequired":true,"valueName":"search_term_string"}}],"inLanguage":"hr"},{"@type":"Organization","@id":"https:\/\/ajatutaja.com\/#organization","name":"Ajatutaja","url":"https:\/\/ajatutaja.com\/","logo":{"@type":"ImageObject","inLanguage":"hr","@id":"https:\/\/ajatutaja.com\/#\/schema\/logo\/image\/","url":"https:\/\/ajatutaja.com\/wp-content\/uploads\/2021\/10\/logo.png","contentUrl":"https:\/\/ajatutaja.com\/wp-content\/uploads\/2021\/10\/logo.png","width":555,"height":150,"caption":"Ajatutaja"},"image":{"@id":"https:\/\/ajatutaja.com\/#\/schema\/logo\/image\/"}}]}},"brands":[{"id":5497,"name":"Sleepytroll","slug":"sleepytroll"},{"id":2611,"name":"Spanje","slug":"spanje"}],"_links":{"self":[{"href":"https:\/\/ajatutaja.com\/hr\/wp-json\/wp\/v2\/product\/63219","targetHints":{"allow":["GET"]}}],"collection":[{"href":"https:\/\/ajatutaja.com\/hr\/wp-json\/wp\/v2\/product"}],"about":[{"href":"https:\/\/ajatutaja.com\/hr\/wp-json\/wp\/v2\/types\/product"}],"wp:featuredmedia":[{"embeddable":true,"href":"https:\/\/ajatutaja.com\/hr\/wp-json\/wp\/v2\/media\/76038"}],"wp:attachment":[{"href":"https:\/\/ajatutaja.com\/hr\/wp-json\/wp\/v2\/media?parent=63219"}],"wp:term":[{"taxonomy":"pwb-brand","embeddable":true,"href":"https:\/\/ajatutaja.com\/hr\/wp-json\/wp\/v2\/pwb-brand?post=63219"},{"taxonomy":"product_brand","embeddable":true,"href":"https:\/\/ajatutaja.com\/hr\/wp-json\/wp\/v2\/product_brand?post=63219"},{"taxonomy":"product_cat","embeddable":true,"href":"https:\/\/ajatutaja.com\/hr\/wp-json\/wp\/v2\/product_cat?post=63219"},{"taxonomy":"product_tag","embeddable":true,"href":"https:\/\/ajatutaja.com\/hr\/wp-json\/wp\/v2\/product_tag?post=63219"}],"curies":[{"name":"wp","href":"https:\/\/api.w.org\/{rel}","templated":true}]}}