{"id":63109,"date":"2024-11-13T20:54:40","date_gmt":"2024-11-13T19:54:40","guid":{"rendered":"https:\/\/ajatutaja.com\/?post_type=product&#038;p=63109"},"modified":"2026-03-05T12:03:50","modified_gmt":"2026-03-05T11:03:50","slug":"icandy-peach-7-vozicek-2v1-coco","status":"publish","type":"product","link":"https:\/\/ajatutaja.com\/hr\/proizvod\/icandy-peach-7-vozicek-2v1-coco\/","title":{"rendered":"iCandy Peach 7 vozi\u010dek 2v1 Complete bundle &#8211; Coco"},"content":{"rendered":"<p>[vc_row][vc_column][vc_column_text]iCandy Peach 7 Complete bundle ponuja gunkcionalnost brez primere! Poleg izjemnih funkcij, osnovni paket vozi\u010dka vklju\u010duje tudi vse dodatke, ki jih\u00a0 potrebujejo star\u0161i in otroci, kar zagotavlja brezskrbnost in u\u017eitek v vsakem trenutku.<\/p>\n<h3>Komplet iCandy Peach 7 Complete Bundle vsebuje:<strong><br \/>\n<\/strong><\/h3>\n<ul>\n<li>Vozi\u010dek (alu ogrodje s 4 vzmetenimi kolesi in ro\u010dajem iz eko usnja) z vgrajeno platformo za starej\u0161ega otroka (Ride on board)<\/li>\n<li>\u0160portni sede\u017e s podalj\u0161ano polkro\u017eno strehico in materialom za preureditev v ko\u0161aro za novorojen\u010dka<\/li>\n<li>Okvir za ko\u0161aro\/sede\u017eno enoto<\/li>\n<li>SPF50+ strehica<\/li>\n<li>Adapterji za avtosede\u017e (lupinico BeSafe, Nuna, Cybex, Joie, Maxi Cosi)<\/li>\n<li>Adapterji za dvig ko\u0161are ali sede\u017ene enote<\/li>\n<li>De\u017ena prevleka<\/li>\n<li>Nahrbtnik\/torba za plenice<\/li>\n<li>Univerzalni sen\u010dnik in mre\u017ea proti komarjem<\/li>\n<li>Dr\u017ealo za steklenice<\/li>\n<li>Sen\u010dnik iCandy Parasol z UV za\u0161\u010dito<\/li>\n<\/ul>\n<h3>Vsi dodatki vklju\u010deni<\/h3>\n<p>Osnovni paket poleg vozi\u010dka vklju\u010duje pripadajo\u010di dizajnerski nahrbtnik\/torbo za plenice, Duo Pod (zimska vre\u010da in obloga sede\u017ea), de\u017eno za\u0161\u010dito, za\u0161\u010dito pred soncem z za\u0161\u010ditnim faktorjem SPF50+ in mre\u017eo proti komarjem, adapterje za dvig, adapterje za avtosede\u017e, sponko za sen\u010dnik\/dr\u017ealo za steklenice, dr\u017ealo za steklenice in sen\u010dnik.<\/p>\n<p><strong>Popoln potovalni sistem<\/strong><br \/>\nPopoln potovalni sistem za vse potrebe star\u0161ev &#8211; primeren za otroke od rojstva do 25 kg (15 kg na adapterjih za dvig), saj je na voljo kot paket 2 v 1 &#8211; s ko\u0161aro za novorojen\u010dka in sede\u017eno enoto. Poleg tega, s prilo\u017eenimi adapterji za avtosede\u017e v paketu, zdru\u017eljiv otro\u0161ki avtosede\u017e lahko pritrdite na ogrodje vozi\u010dka v samo nekaj sekundah in ustvarite popoln potovalni sistem 3v1, ki omogo\u010da enostavno potovanje, na cesti in v avtu.<\/p>\n<p><strong>Enostavnost nadgradnje &#8221; Single to Double &#8220;<\/strong><br \/>\nICandy Peach 7 je mogo\u010de preprosto spremeniti v otro\u0161ki vozi\u010dek za dvoj\u010dka ali dva otroka razli\u010dnih starosti z uporabo inovativnih adapterjev iCandy \u2013 popolnoma preprosto za rasto\u010do dru\u017eino. S preprostostjo in lahkotnostjo prilagajanja dizajn vozi\u010dka iCandy ostaja brezkompromisen tudi za dva otroka ali za dvoj\u010dka.<\/p>\n<p><strong>Nastavljiv naslon za glavo<\/strong><br \/>\nNastavljiv naslon za glavo in varnostni pasovi so preprosta in izjemno priro\u010dna funkcija, hkrati pa ohranjajo najpomembnej\u0161e &#8211; podporo za va\u0161ega otroka. Nov enostavno nastavljiv &#8220;Pop-Up&#8221; pas sledi vi\u0161ini va\u0161ega otroka in se premika hitro in enostavno z eno roko \u2013 adijo vle\u010denju pasov in zapletenega prilagajanja trakov, sedaj s premi\u010dno oporo za glavo, ki zagotavlja vrhunsko udobje.<\/p>\n<p><strong>Dizajnerske tkanine<\/strong><br \/>\nElegantna estetika modela vozi\u010dka iCandy <strong>Peach7<\/strong> presega zahteve sodobnih star\u0161ev, ki so v stilu in trendu. Cerium 7 krasijo razko\u0161ne sodobne tkanine z mehkim reliefnim vzorcem. Pli\u0161asti material dopolnjuje visokokakovostno in trdno podvozje Cerium v \u010drni barvi s sijajnim zaklju\u010dkom..<\/p>\n<p><strong>Ride on Board<\/strong><br \/>\nIntegrirana plo\u0161\u010da Ride-On Board ponuja brezhibno re\u0161itev za dru\u017eino z novorojen\u010dkom in mal\u010dkom, ki hodi, vendar \u0161e vedno potrebuje pomo\u010d. Protizdrsna plo\u0161\u010da z nosilnostjo do 20 kg je popolna prakti\u010dna re\u0161itev za majhne utrujene nogice, brez potrebe po dodatnih dodatkih. Pravi re\u0161itelj na poti v vrtec ali trgovino!<\/p>\n<p><strong>Popolnoma prilagodljiv<\/strong><br \/>\nNaslonjalo sede\u017ea, ki ga je mogo\u010de z eno roko preprosto spremeniti v \u0161tiri polo\u017eaje, in nastavljiva opora za noge zagotavljata vrhunsko udobje v vo\u017enji.<\/p>\n<p><strong>Torba Pip-Zip <\/strong><br \/>\nSedma generacija otro\u0161kega vozi\u010dka iCandy Peach nam prina\u0161a \u0161e eno izjemno prakti\u010dno podrobnost: torbo na hrbtni strani sede\u017ea je mogo\u010de popolnoma odstraniti. Z dvema prakti\u010dnima odprtinama z zadrgo, ro\u010dajem za no\u0161enje v roki in trakom za no\u0161enje na hrbtu je domiselna torba &#8216;Pip-Zip&#8217; popoln prostor za shranjevanje vsakdanjih potreb\u0161\u010din na poti (mobilni telefon, klju\u010di\u2026). Odli\u010dna varnostna funkcija za situacije, ko je treba otro\u0161ki vozi\u010dek parkirati, torbo &#8216;Pip-Zip&#8217; lahko enostavno zaprete in vzamete s seboj, kar pomeni, da imate lahko svoje dragocenosti vedno pri roki (ali na hrbtu kot mini nahrbtnik da imate proste roke).<\/p>\n<p><strong>Varno spanje &#8211; potovalna posteljica ni potrebna!<\/strong><br \/>\nProstorna ko\u0161ara za novorojen\u010dka je podlo\u017eena z mehkim razko\u0161nim materialom in je primerna za celono\u010dno spanje &#8211; pozabite na no\u0161enje potovalne posteljice na izlete, morje ali pri babici. Ko\u0161ara za novorojen\u010dka je odli\u010dna re\u0161itev!<\/p>\n<p><strong>Cerium nahrbtnik\/torba za plenice <\/strong><br \/>\nPaketu je prilo\u017een tudi moderen, izjemno funkcionalen minimalisti\u010den nahrbtnik, v enakem stilu in dizajnu kot otro\u0161ki vozi\u010dek iCandy Cerium 7. Unisex nahrbtnik poleg \u0161tevilnih vedno potrebnih \u017eepov vsebuje tudi podlogo za zavijanje in termo dr\u017ealo za stekleni\u010dko, da bo vsebina stekleni\u010dke dlje ostala hladna ali topla.<\/p>\n<p><strong>Bli\u017eina in povezanost, udobje in prakti\u010dnost<\/strong><br \/>\nModel vozi\u010dka iCandy Peach 7 ponuja mo\u017enost postavitve ko\u0161are za novorojen\u010dka in sede\u017enega dela v obe smeri \u2013 proti star\u0161em ali proti svetu ter mo\u017enost namestitve adapterja za dvig za \u0161e bolj\u0161o interakcijo z otrokom.. S postavitvijo adapterja za dvig v smeri proti star\u0161em v kombinaciji s ko\u0161aro za novorojen\u010dka vam bo va\u0161 dojen\u010dek na sprehodih \u0161e bli\u017eje. S postavitvijo adapterjev v smeri stran od star\u0161ev se ustvari dodaten prostor med star\u0161em in ko\u0161aro\/sede\u017eem \u2013 idealno za starej\u0161ega otroka za vo\u017enjo na sistemu Ride-On Board. V kombinaciji s sede\u017eem, obrnjenim stran od star\u0161 in adapterji so prav tako name\u0161\u010deni stran od star\u0161ev, otrok ima dostop do jedilne mize &#8211; u\u017eivajte v dru\u017einskih trenutkih v restavraciji, pri babici ali doma brez dodatnih stol\u010dkov za hranjenje &#8211; samo prinesite vozi\u010dek k mizi.<\/p>\n<p><strong>Dup Pod &#8211; zimska vre\u010da in obloga sede\u017ea, 2v1<\/strong><br \/>\nInovativna zimska vre\u010da iCandy, ki se preprosto odpre in postane sede\u017ena prevleka, sledi slogu in oblikovanju materialov otro\u0161kega vozi\u010dka iCandy Cerium.. Prihaja v paketu z vozi\u010dkom in star\u0161em prihrani dodatne nakupe \u0161tevilnih dodatkov.<\/p>\n<p><strong>Enostavno in izjemno uporabno<\/strong><\/p>\n<ul>\n<li>Raztegljiva nepremo\u010dljiva strehica z veliko mre\u017easto odprtino za prezra\u010devanje in za\u0161\u010dito pred soncem SPF 50+.<\/li>\n<li>Izjemno gladka vo\u017enja s kolesi iz PU pene, odpornimi na predrtje, z dodatno sredinsko izboklino za manj\u0161o obrabo materiala.<\/li>\n<li>Enostavno zlaganje z eno roko, z avtomatskim zaklepanjem vozi\u010dka.<\/li>\n<li>V zlo\u017eenem stanju je vozi\u010dek kompakten in samostoje\u010d, prilo\u017een pa je tudi trak za la\u017eje prena\u0161anje.<\/li>\n<li>Prostorna spodnja ko\u0161ara s prostornino 44 L, ki prenese te\u017eo do 10 kg, z integrirano odto\u010dno odprtino.<\/li>\n<li>Raztegljiv ro\u010daj za upravljanje vozi\u010dkom vi\u0161ine 95 &#8211; 105 cm &#8211; idealen za vse star\u0161e, \u0161e posebej visoke!<\/li>\n<li>Garancija: 5 let<\/li>\n<\/ul>\n<p><strong>TEHNI\u010cNE SPECIFIKACIJE:<\/strong><\/p>\n<ul>\n<li>Dimenzije sede\u017ene enote (cm): 88 x 36 x 23 (dol\u017eina\/\u0161irina\/vi\u0161ina)<\/li>\n<li>Dimenzije ko\u0161are (cm): 88 x 36 x 21 (dol\u017eina\/\u0161irina\/vi\u0161ina)<\/li>\n<li>Dimenzije zlo\u017eenega vozi\u010dka &#8211; brez koles (cm): 70 x 54 x 28 (dol\u017eina\/\u0161irina\/vi\u0161ina)<\/li>\n<li>Dimenzije zlo\u017eenega vozi\u010dka &#8211; s kolesi (cm): 70 x 61 x 29 (dol\u017eina\/\u0161irina\/vi\u0161ina)<\/li>\n<li>Vi\u0161ina ro\u010daja (cm): 95 do 105<\/li>\n<li>Ko\u0161ara (L\/kg): 44 \/ 10<\/li>\n<li>Skupna te\u017ea vozi\u010dka: 12.5 kg<\/li>\n<li>Najve\u010dja obremenitev sede\u017ene enote: 25 kg brez adapterjev za dvig, 15 kg na adapterjih za dvig<\/li>\n<li>Maksimalna obremenitev sede\u017ene enote za dvoj\u010dka ali dva razli\u010dno stara otroka: 15 kg<\/li>\n<li>Mo\u017ena nadgradnja v vozi\u010dek za dva otroka ali dvoj\u010dka<\/li>\n<li>Garancija 5 let.<\/li>\n<\/ul>\n<p>[\/vc_column_text][\/vc_column][\/vc_row]<\/p>\n","protected":false},"excerpt":{"rendered":"<p>Komplet iCandy Peach 7 vozi\u010dek 2v1 Complete bundle &#8211; Coco je namenjen tistim star\u0161em, ki i\u0161\u010dejo nekaj posebnega in unikatnega. Ob nakupu vozi\u010dka zraven \u0161e prejmete prakti\u010den previjalni nahrbtnik, ki je primeren tako za mamice, kot tudi za o\u010dke. Tukaj pa je \u0161e \u010dudovita zimska vre\u010da, ki bo mal\u010dka grela v hladnih zimskih dneh, ter sen\u010dnik in ostalo opremo za poletne mesece.<br \/>\nVsi dodatki so narejeni v istem stilu!<\/p>\n","protected":false},"featured_media":63111,"template":"","meta":[],"pwb-brand":[2377,2374],"product_brand":[],"product_cat":[2363,2360],"product_tag":[4181,4183],"class_list":{"0":"post-63109","1":"product","2":"type-product","3":"status-publish","4":"has-post-thumbnail","6":"pwb-brand-icandy","7":"pwb-brand-vozicki","8":"product_cat-otroski-vozicki-2v1","9":"product_cat-vozicki","10":"product_tag-icandy","11":"product_tag-icandy-new-peach","13":"first","14":"instock","15":"taxable","16":"shipping-taxable","17":"purchasable","18":"product-type-simple","19":"add-to-wishlist-before_image"},"yoast_head":"<!-- This site is optimized with the Yoast SEO plugin v27.3 - https:\/\/yoast.com\/product\/yoast-seo-wordpress\/ -->\n<title>iCandy Peach 7 vozi\u010dek 2v1 Complete bundle - Coco | Ajatutaja<\/title>\n<meta name=\"description\" content=\"Komplet iCandy Peach 7 vozi\u010dek 2v1 Complete bundle - Biscotti je namenjen tistim star\u0161em, ki i\u0161\u010dejo nekaj posebnega in unikatnega.\" \/>\n<meta name=\"robots\" content=\"index, follow, max-snippet:-1, max-image-preview:large, max-video-preview:-1\" \/>\n<link rel=\"canonical\" href=\"https:\/\/ajatutaja.com\/izdelek\/icandy-peach-7-vozicek-2v1-coco\/\" \/>\n<meta property=\"og:locale\" content=\"hr_HR\" \/>\n<meta property=\"og:type\" content=\"article\" \/>\n<meta property=\"og:title\" content=\"iCandy Peach 7 vozi\u010dek 2v1 Complete bundle - Coco | Ajatutaja\" \/>\n<meta property=\"og:description\" content=\"Komplet iCandy Peach 7 vozi\u010dek 2v1 Complete bundle - Biscotti je namenjen tistim star\u0161em, ki i\u0161\u010dejo nekaj posebnega in unikatnega.\" \/>\n<meta property=\"og:url\" content=\"https:\/\/ajatutaja.com\/izdelek\/icandy-peach-7-vozicek-2v1-coco\/\" \/>\n<meta property=\"og:site_name\" content=\"Ajatutaja\" \/>\n<meta property=\"article:modified_time\" content=\"2026-03-05T11:03:50+00:00\" \/>\n<meta property=\"og:image\" content=\"https:\/\/ajatutaja.com\/wp-content\/uploads\/2024\/03\/icandy-otroski-vozicek-s-kosaro-2v1-peach-7-coco-complete-bundle-1.jpg\" \/>\n\t<meta property=\"og:image:width\" content=\"800\" \/>\n\t<meta property=\"og:image:height\" content=\"800\" \/>\n\t<meta property=\"og:image:type\" content=\"image\/jpeg\" \/>\n<meta name=\"twitter:card\" content=\"summary_large_image\" \/>\n<meta name=\"twitter:label1\" content=\"Procijenjeno vrijeme \u010ditanja\" \/>\n\t<meta name=\"twitter:data1\" content=\"6 minuta\" \/>\n<script type=\"application\/ld+json\" class=\"yoast-schema-graph\">{\"@context\":\"https:\\\/\\\/schema.org\",\"@graph\":[{\"@type\":\"WebPage\",\"@id\":\"https:\\\/\\\/ajatutaja.com\\\/izdelek\\\/icandy-peach-7-vozicek-2v1-coco\\\/\",\"url\":\"https:\\\/\\\/ajatutaja.com\\\/izdelek\\\/icandy-peach-7-vozicek-2v1-coco\\\/\",\"name\":\"iCandy Peach 7 vozi\u010dek 2v1 Complete bundle - Coco | Ajatutaja\",\"isPartOf\":{\"@id\":\"https:\\\/\\\/ajatutaja.com\\\/#website\"},\"primaryImageOfPage\":{\"@id\":\"https:\\\/\\\/ajatutaja.com\\\/izdelek\\\/icandy-peach-7-vozicek-2v1-coco\\\/#primaryimage\"},\"image\":{\"@id\":\"https:\\\/\\\/ajatutaja.com\\\/izdelek\\\/icandy-peach-7-vozicek-2v1-coco\\\/#primaryimage\"},\"thumbnailUrl\":\"https:\\\/\\\/ajatutaja.com\\\/wp-content\\\/uploads\\\/2024\\\/03\\\/icandy-otroski-vozicek-s-kosaro-2v1-peach-7-coco-complete-bundle-1.jpg\",\"datePublished\":\"2024-11-13T19:54:40+00:00\",\"dateModified\":\"2026-03-05T11:03:50+00:00\",\"description\":\"Komplet iCandy Peach 7 vozi\u010dek 2v1 Complete bundle - Biscotti je namenjen tistim star\u0161em, ki i\u0161\u010dejo nekaj posebnega in unikatnega.\",\"breadcrumb\":{\"@id\":\"https:\\\/\\\/ajatutaja.com\\\/izdelek\\\/icandy-peach-7-vozicek-2v1-coco\\\/#breadcrumb\"},\"inLanguage\":\"hr\",\"potentialAction\":[{\"@type\":\"ReadAction\",\"target\":[\"https:\\\/\\\/ajatutaja.com\\\/izdelek\\\/icandy-peach-7-vozicek-2v1-coco\\\/\"]}]},{\"@type\":\"ImageObject\",\"inLanguage\":\"hr\",\"@id\":\"https:\\\/\\\/ajatutaja.com\\\/izdelek\\\/icandy-peach-7-vozicek-2v1-coco\\\/#primaryimage\",\"url\":\"https:\\\/\\\/ajatutaja.com\\\/wp-content\\\/uploads\\\/2024\\\/03\\\/icandy-otroski-vozicek-s-kosaro-2v1-peach-7-coco-complete-bundle-1.jpg\",\"contentUrl\":\"https:\\\/\\\/ajatutaja.com\\\/wp-content\\\/uploads\\\/2024\\\/03\\\/icandy-otroski-vozicek-s-kosaro-2v1-peach-7-coco-complete-bundle-1.jpg\",\"width\":800,\"height\":800},{\"@type\":\"BreadcrumbList\",\"@id\":\"https:\\\/\\\/ajatutaja.com\\\/izdelek\\\/icandy-peach-7-vozicek-2v1-coco\\\/#breadcrumb\",\"itemListElement\":[{\"@type\":\"ListItem\",\"position\":1,\"name\":\"Home\",\"item\":\"https:\\\/\\\/ajatutaja.com\\\/hr\\\/\"},{\"@type\":\"ListItem\",\"position\":2,\"name\":\"Trgovina\",\"item\":\"https:\\\/\\\/ajatutaja.com\\\/hr\\\/trgovina\\\/\"},{\"@type\":\"ListItem\",\"position\":3,\"name\":\"iCandy Peach 7 vozi\u010dek 2v1 Complete bundle &#8211; Coco\"}]},{\"@type\":\"WebSite\",\"@id\":\"https:\\\/\\\/ajatutaja.com\\\/#website\",\"url\":\"https:\\\/\\\/ajatutaja.com\\\/\",\"name\":\"Ajatutaja\",\"description\":\"Otro\u0161ka spletna trgovina AJATUTAJA\",\"publisher\":{\"@id\":\"https:\\\/\\\/ajatutaja.com\\\/#organization\"},\"potentialAction\":[{\"@type\":\"SearchAction\",\"target\":{\"@type\":\"EntryPoint\",\"urlTemplate\":\"https:\\\/\\\/ajatutaja.com\\\/?s={search_term_string}\"},\"query-input\":{\"@type\":\"PropertyValueSpecification\",\"valueRequired\":true,\"valueName\":\"search_term_string\"}}],\"inLanguage\":\"hr\"},{\"@type\":\"Organization\",\"@id\":\"https:\\\/\\\/ajatutaja.com\\\/#organization\",\"name\":\"Ajatutaja\",\"url\":\"https:\\\/\\\/ajatutaja.com\\\/\",\"logo\":{\"@type\":\"ImageObject\",\"inLanguage\":\"hr\",\"@id\":\"https:\\\/\\\/ajatutaja.com\\\/#\\\/schema\\\/logo\\\/image\\\/\",\"url\":\"https:\\\/\\\/ajatutaja.com\\\/wp-content\\\/uploads\\\/2021\\\/10\\\/logo.png\",\"contentUrl\":\"https:\\\/\\\/ajatutaja.com\\\/wp-content\\\/uploads\\\/2021\\\/10\\\/logo.png\",\"width\":555,\"height\":150,\"caption\":\"Ajatutaja\"},\"image\":{\"@id\":\"https:\\\/\\\/ajatutaja.com\\\/#\\\/schema\\\/logo\\\/image\\\/\"}}]}<\/script>\n<!-- \/ Yoast SEO plugin. -->","yoast_head_json":{"title":"iCandy Peach 7 vozi\u010dek 2v1 Complete bundle - Coco | Ajatutaja","description":"Komplet iCandy Peach 7 vozi\u010dek 2v1 Complete bundle - Biscotti je namenjen tistim star\u0161em, ki i\u0161\u010dejo nekaj posebnega in unikatnega.","robots":{"index":"index","follow":"follow","max-snippet":"max-snippet:-1","max-image-preview":"max-image-preview:large","max-video-preview":"max-video-preview:-1"},"canonical":"https:\/\/ajatutaja.com\/izdelek\/icandy-peach-7-vozicek-2v1-coco\/","og_locale":"hr_HR","og_type":"article","og_title":"iCandy Peach 7 vozi\u010dek 2v1 Complete bundle - Coco | Ajatutaja","og_description":"Komplet iCandy Peach 7 vozi\u010dek 2v1 Complete bundle - Biscotti je namenjen tistim star\u0161em, ki i\u0161\u010dejo nekaj posebnega in unikatnega.","og_url":"https:\/\/ajatutaja.com\/izdelek\/icandy-peach-7-vozicek-2v1-coco\/","og_site_name":"Ajatutaja","article_modified_time":"2026-03-05T11:03:50+00:00","og_image":[{"width":800,"height":800,"url":"https:\/\/ajatutaja.com\/wp-content\/uploads\/2024\/03\/icandy-otroski-vozicek-s-kosaro-2v1-peach-7-coco-complete-bundle-1.jpg","type":"image\/jpeg"}],"twitter_card":"summary_large_image","twitter_misc":{"Procijenjeno vrijeme \u010ditanja":"6 minuta"},"schema":{"@context":"https:\/\/schema.org","@graph":[{"@type":"WebPage","@id":"https:\/\/ajatutaja.com\/izdelek\/icandy-peach-7-vozicek-2v1-coco\/","url":"https:\/\/ajatutaja.com\/izdelek\/icandy-peach-7-vozicek-2v1-coco\/","name":"iCandy Peach 7 vozi\u010dek 2v1 Complete bundle - Coco | Ajatutaja","isPartOf":{"@id":"https:\/\/ajatutaja.com\/#website"},"primaryImageOfPage":{"@id":"https:\/\/ajatutaja.com\/izdelek\/icandy-peach-7-vozicek-2v1-coco\/#primaryimage"},"image":{"@id":"https:\/\/ajatutaja.com\/izdelek\/icandy-peach-7-vozicek-2v1-coco\/#primaryimage"},"thumbnailUrl":"https:\/\/ajatutaja.com\/wp-content\/uploads\/2024\/03\/icandy-otroski-vozicek-s-kosaro-2v1-peach-7-coco-complete-bundle-1.jpg","datePublished":"2024-11-13T19:54:40+00:00","dateModified":"2026-03-05T11:03:50+00:00","description":"Komplet iCandy Peach 7 vozi\u010dek 2v1 Complete bundle - Biscotti je namenjen tistim star\u0161em, ki i\u0161\u010dejo nekaj posebnega in unikatnega.","breadcrumb":{"@id":"https:\/\/ajatutaja.com\/izdelek\/icandy-peach-7-vozicek-2v1-coco\/#breadcrumb"},"inLanguage":"hr","potentialAction":[{"@type":"ReadAction","target":["https:\/\/ajatutaja.com\/izdelek\/icandy-peach-7-vozicek-2v1-coco\/"]}]},{"@type":"ImageObject","inLanguage":"hr","@id":"https:\/\/ajatutaja.com\/izdelek\/icandy-peach-7-vozicek-2v1-coco\/#primaryimage","url":"https:\/\/ajatutaja.com\/wp-content\/uploads\/2024\/03\/icandy-otroski-vozicek-s-kosaro-2v1-peach-7-coco-complete-bundle-1.jpg","contentUrl":"https:\/\/ajatutaja.com\/wp-content\/uploads\/2024\/03\/icandy-otroski-vozicek-s-kosaro-2v1-peach-7-coco-complete-bundle-1.jpg","width":800,"height":800},{"@type":"BreadcrumbList","@id":"https:\/\/ajatutaja.com\/izdelek\/icandy-peach-7-vozicek-2v1-coco\/#breadcrumb","itemListElement":[{"@type":"ListItem","position":1,"name":"Home","item":"https:\/\/ajatutaja.com\/hr\/"},{"@type":"ListItem","position":2,"name":"Trgovina","item":"https:\/\/ajatutaja.com\/hr\/trgovina\/"},{"@type":"ListItem","position":3,"name":"iCandy Peach 7 vozi\u010dek 2v1 Complete bundle &#8211; Coco"}]},{"@type":"WebSite","@id":"https:\/\/ajatutaja.com\/#website","url":"https:\/\/ajatutaja.com\/","name":"Ajatutaja","description":"Otro\u0161ka spletna trgovina AJATUTAJA","publisher":{"@id":"https:\/\/ajatutaja.com\/#organization"},"potentialAction":[{"@type":"SearchAction","target":{"@type":"EntryPoint","urlTemplate":"https:\/\/ajatutaja.com\/?s={search_term_string}"},"query-input":{"@type":"PropertyValueSpecification","valueRequired":true,"valueName":"search_term_string"}}],"inLanguage":"hr"},{"@type":"Organization","@id":"https:\/\/ajatutaja.com\/#organization","name":"Ajatutaja","url":"https:\/\/ajatutaja.com\/","logo":{"@type":"ImageObject","inLanguage":"hr","@id":"https:\/\/ajatutaja.com\/#\/schema\/logo\/image\/","url":"https:\/\/ajatutaja.com\/wp-content\/uploads\/2021\/10\/logo.png","contentUrl":"https:\/\/ajatutaja.com\/wp-content\/uploads\/2021\/10\/logo.png","width":555,"height":150,"caption":"Ajatutaja"},"image":{"@id":"https:\/\/ajatutaja.com\/#\/schema\/logo\/image\/"}}]}},"brands":[{"id":2377,"name":"ICandy","slug":"icandy"},{"id":2374,"name":"Vozi\u010dki","slug":"vozicki"}],"_links":{"self":[{"href":"https:\/\/ajatutaja.com\/hr\/wp-json\/wp\/v2\/product\/63109","targetHints":{"allow":["GET"]}}],"collection":[{"href":"https:\/\/ajatutaja.com\/hr\/wp-json\/wp\/v2\/product"}],"about":[{"href":"https:\/\/ajatutaja.com\/hr\/wp-json\/wp\/v2\/types\/product"}],"wp:featuredmedia":[{"embeddable":true,"href":"https:\/\/ajatutaja.com\/hr\/wp-json\/wp\/v2\/media\/63111"}],"wp:attachment":[{"href":"https:\/\/ajatutaja.com\/hr\/wp-json\/wp\/v2\/media?parent=63109"}],"wp:term":[{"taxonomy":"pwb-brand","embeddable":true,"href":"https:\/\/ajatutaja.com\/hr\/wp-json\/wp\/v2\/pwb-brand?post=63109"},{"taxonomy":"product_brand","embeddable":true,"href":"https:\/\/ajatutaja.com\/hr\/wp-json\/wp\/v2\/product_brand?post=63109"},{"taxonomy":"product_cat","embeddable":true,"href":"https:\/\/ajatutaja.com\/hr\/wp-json\/wp\/v2\/product_cat?post=63109"},{"taxonomy":"product_tag","embeddable":true,"href":"https:\/\/ajatutaja.com\/hr\/wp-json\/wp\/v2\/product_tag?post=63109"}],"curies":[{"name":"wp","href":"https:\/\/api.w.org\/{rel}","templated":true}]}}