{"id":63093,"date":"2024-03-30T22:47:35","date_gmt":"2024-03-30T21:47:35","guid":{"rendered":"https:\/\/ajatutaja.com\/?post_type=product&#038;p=63093"},"modified":"2026-04-16T14:33:57","modified_gmt":"2026-04-16T12:33:57","slug":"magic-kos-za-plenice-majestic-lichen","status":"publish","type":"product","link":"https:\/\/ajatutaja.com\/hr\/proizvod\/magic-kos-za-plenice-majestic-lichen\/","title":{"rendered":"Magic ko\u0161 za plenice Majestic &#8211; Pigeon Blue"},"content":{"rendered":"<p>[vc_row][vc_column][vc_column_text]Magic ko\u0161 za plenice MAJESTIC je najbolj\u0161i zaveznik vsakega novope\u010denega star\u0161a, ki se sovpada z ve\u010dkratdnevnim previjanjem svojega novorojen\u010dka. Enostaven in poceni za uporabo ter ob pravilni uporabi popolnoma brez neprijetnih vonjav! Ko\u0161 za plenice lahko ob nakupu dodatka (pokrov z ro\u010dajem) uporabljate tudi kot navaden ko\u0161 za odpadke, s \u010dimer je izdelek bolj trajnosten od ostalih ko\u0161ev za plenice.<\/p>\n<h3>Kaj dobite v \u0161katli:<\/h3>\n<ul>\n<li>Ko\u0161 za plenice Majestic z vrtljivim pokrovom<\/li>\n<li>15 vre\u010dk Majestic, ki zadr\u017eijo smrad do 14 dni in so vodonepropustne<\/li>\n<\/ul>\n<h3>Lastnosti ko\u0161a za plenice Magic Majestic:<\/h3>\n<ul>\n<li>Material: Polipropilen<\/li>\n<li>Ne vsebuje \u0161kodljivih snovi<\/li>\n<li>Zadr\u017ei do 25 uporabljenih plenic<\/li>\n<li>Enostaven za uporabo<\/li>\n<li>Elegantnega izgleda<\/li>\n<li>Dimenzije: 52&#215;26 cm<\/li>\n<li>Mo\u017enost uporabe navadnih vre\u010dk za smeti, ki sicer ne zagotavljajo nepropustnosti vlage in neprijetnih vonjav<\/li>\n<li>Na voljo v 6 \u010dudovitih barvah.<\/li>\n<\/ul>\n<h3><img loading=\"lazy\" decoding=\"async\" class=\"aligncenter wp-image-50897 size-large\" src=\"https:\/\/ajatutaja.com\/wp-content\/uploads\/2023\/07\/Magic-kos-za-plenice-majestic-ajatutaja-koper-uporaba-1024x335.jpg\" alt=\"\" width=\"1024\" height=\"335\" srcset=\"https:\/\/ajatutaja.com\/wp-content\/uploads\/2023\/07\/Magic-kos-za-plenice-majestic-ajatutaja-koper-uporaba-1024x335.jpg 1024w, https:\/\/ajatutaja.com\/wp-content\/uploads\/2023\/07\/Magic-kos-za-plenice-majestic-ajatutaja-koper-uporaba-300x98.jpg 300w, https:\/\/ajatutaja.com\/wp-content\/uploads\/2023\/07\/Magic-kos-za-plenice-majestic-ajatutaja-koper-uporaba-768x252.jpg 768w, https:\/\/ajatutaja.com\/wp-content\/uploads\/2023\/07\/Magic-kos-za-plenice-majestic-ajatutaja-koper-uporaba-1536x503.jpg 1536w, https:\/\/ajatutaja.com\/wp-content\/uploads\/2023\/07\/Magic-kos-za-plenice-majestic-ajatutaja-koper-uporaba-2048x671.jpg 2048w\" sizes=\"auto, (max-width: 1024px) 100vw, 1024px\" \/><\/h3>\n<h3><\/h3>\n<h3>NAVODILA ZA UPORABO:<\/h3>\n<p>Majestic je vedno v odprtem polo\u017eaju &#8216;stand-by&#8217;, tako da lahko svojo plenico odvr\u017eete neposredno v odprtino. \u010ce ga radi vr\u017eete v ko\u0161, lahko ro\u010daj obrnete naprej in nazaj. Plenica je zdaj v 100% zaprtem delu vedra brez vonja.<\/p>\n<p>Uporabite lahko katero koli plasti\u010dno vre\u010dko, seveda pa obstajajo vre\u010dke, ki so bolj\u0161e kakovosti. Priporo\u010damo, da ne uporabljate tanke plasti\u010dne nakupovalne vre\u010dke supermarketov. Poleg tega vedno preverite svoje torbe glede lukenj ali po\u0161kodb.<\/p>\n<p><strong>Kako zamenjati vre\u010dko:<\/strong><\/p>\n<p>Z majhnim stranskim gumbom obrnite zgornji del ko\u0161a. Zdaj lahko dvignete celoten zgornji del, vklju\u010dno z vre\u010dko. Vre\u010dko nekajkrat obrnite in jo iztrgajte iz dr\u017eala za vre\u010dko.<\/p>\n<p>Najbolj\u0161a vre\u010dka za uporabo je na\u0161a vre\u010dka MAGIC, ki se pravilno prilega in je mo\u010dna, da zadr\u017ei vonjave in vlago 2 tedna.<\/p>\n<p>PLASTI\u010cNE VRE\u010cKE VEDNO HRANITE PRO\u010c OD OTROK! Zato priporo\u010damo, da zvitek vre\u010dk hranite v zaklenjenem prostoru.[\/vc_column_text][\/vc_column][\/vc_row]<\/p>\n","protected":false},"excerpt":{"rendered":"<div>Magic ko\u0161 za plenice Majestic v celoti zadr\u017ei neprijeten vonj polnih plenic va\u0161ega mal\u010dka. Za uporabo ko\u0161a za plenice Magic, ni nujno potrebno dokupovati posebnih vre\u010dk ali kaset za plenice. Zadostuje enostavna vre\u010da za smeti, ki jo namestite v vedro. Ko\u0161 zadr\u017ei do 25 plenic.<\/div>\n","protected":false},"featured_media":63090,"template":"","meta":[],"pwb-brand":[5328,2658],"product_brand":[],"product_cat":[2652,2608],"product_tag":[5330],"class_list":{"0":"post-63093","1":"product","2":"type-product","3":"status-publish","4":"has-post-thumbnail","6":"pwb-brand-magic","7":"pwb-brand-nega-in-kopanje","8":"product_cat-kosi-za-plenice","9":"product_cat-nega-in-kopanje","10":"product_tag-magic","12":"first","13":"instock","14":"taxable","15":"shipping-taxable","16":"purchasable","17":"product-type-simple","18":"add-to-wishlist-before_image"},"yoast_head":"<!-- This site is optimized with the Yoast SEO plugin v27.3 - https:\/\/yoast.com\/product\/yoast-seo-wordpress\/ -->\n<title>Magic ko\u0161 za plenice Majestic - Pigeon Blue | Ajatutaja<\/title>\n<meta name=\"description\" content=\"Ko\u0161 za plenice Magic Majestic v celoti zadr\u017ei neprijeten vonj polnih plenic va\u0161ega mal\u010dka. Za uporabo ko\u0161a za plenice Magic, ni potrebno dokupovati posebnih vre\u010dk ali kaset za plenice.\" \/>\n<meta name=\"robots\" content=\"index, follow, max-snippet:-1, max-image-preview:large, max-video-preview:-1\" \/>\n<link rel=\"canonical\" href=\"https:\/\/ajatutaja.com\/izdelek\/magic-kos-za-plenice-majestic-lichen\/\" \/>\n<meta property=\"og:locale\" content=\"hr_HR\" \/>\n<meta property=\"og:type\" content=\"article\" \/>\n<meta property=\"og:title\" content=\"Magic ko\u0161 za plenice Majestic - Pigeon Blue | Ajatutaja\" \/>\n<meta property=\"og:description\" content=\"Ko\u0161 za plenice Magic Majestic v celoti zadr\u017ei neprijeten vonj polnih plenic va\u0161ega mal\u010dka. Za uporabo ko\u0161a za plenice Magic, ni potrebno dokupovati posebnih vre\u010dk ali kaset za plenice.\" \/>\n<meta property=\"og:url\" content=\"https:\/\/ajatutaja.com\/izdelek\/magic-kos-za-plenice-majestic-lichen\/\" \/>\n<meta property=\"og:site_name\" content=\"Ajatutaja\" \/>\n<meta property=\"article:modified_time\" content=\"2026-04-16T12:33:57+00:00\" \/>\n<meta property=\"og:image\" content=\"https:\/\/ajatutaja.com\/wp-content\/uploads\/2023\/07\/MAG_C110_pigeonblue_1side.jpg\" \/>\n\t<meta property=\"og:image:width\" content=\"1800\" \/>\n\t<meta property=\"og:image:height\" content=\"1800\" \/>\n\t<meta property=\"og:image:type\" content=\"image\/jpeg\" \/>\n<meta name=\"twitter:card\" content=\"summary_large_image\" \/>\n<meta name=\"twitter:label1\" content=\"Procijenjeno vrijeme \u010ditanja\" \/>\n\t<meta name=\"twitter:data1\" content=\"2 minute\" \/>\n<script type=\"application\/ld+json\" class=\"yoast-schema-graph\">{\"@context\":\"https:\\\/\\\/schema.org\",\"@graph\":[{\"@type\":\"WebPage\",\"@id\":\"https:\\\/\\\/ajatutaja.com\\\/izdelek\\\/magic-kos-za-plenice-majestic-lichen\\\/\",\"url\":\"https:\\\/\\\/ajatutaja.com\\\/izdelek\\\/magic-kos-za-plenice-majestic-lichen\\\/\",\"name\":\"Magic ko\u0161 za plenice Majestic - Pigeon Blue | Ajatutaja\",\"isPartOf\":{\"@id\":\"https:\\\/\\\/ajatutaja.com\\\/#website\"},\"primaryImageOfPage\":{\"@id\":\"https:\\\/\\\/ajatutaja.com\\\/izdelek\\\/magic-kos-za-plenice-majestic-lichen\\\/#primaryimage\"},\"image\":{\"@id\":\"https:\\\/\\\/ajatutaja.com\\\/izdelek\\\/magic-kos-za-plenice-majestic-lichen\\\/#primaryimage\"},\"thumbnailUrl\":\"https:\\\/\\\/ajatutaja.com\\\/wp-content\\\/uploads\\\/2023\\\/07\\\/MAG_C110_pigeonblue_1side.jpg\",\"datePublished\":\"2024-03-30T21:47:35+00:00\",\"dateModified\":\"2026-04-16T12:33:57+00:00\",\"description\":\"Ko\u0161 za plenice Magic Majestic v celoti zadr\u017ei neprijeten vonj polnih plenic va\u0161ega mal\u010dka. Za uporabo ko\u0161a za plenice Magic, ni potrebno dokupovati posebnih vre\u010dk ali kaset za plenice.\",\"breadcrumb\":{\"@id\":\"https:\\\/\\\/ajatutaja.com\\\/izdelek\\\/magic-kos-za-plenice-majestic-lichen\\\/#breadcrumb\"},\"inLanguage\":\"hr\",\"potentialAction\":[{\"@type\":\"ReadAction\",\"target\":[\"https:\\\/\\\/ajatutaja.com\\\/izdelek\\\/magic-kos-za-plenice-majestic-lichen\\\/\"]}]},{\"@type\":\"ImageObject\",\"inLanguage\":\"hr\",\"@id\":\"https:\\\/\\\/ajatutaja.com\\\/izdelek\\\/magic-kos-za-plenice-majestic-lichen\\\/#primaryimage\",\"url\":\"https:\\\/\\\/ajatutaja.com\\\/wp-content\\\/uploads\\\/2023\\\/07\\\/MAG_C110_pigeonblue_1side.jpg\",\"contentUrl\":\"https:\\\/\\\/ajatutaja.com\\\/wp-content\\\/uploads\\\/2023\\\/07\\\/MAG_C110_pigeonblue_1side.jpg\",\"width\":1800,\"height\":1800},{\"@type\":\"BreadcrumbList\",\"@id\":\"https:\\\/\\\/ajatutaja.com\\\/izdelek\\\/magic-kos-za-plenice-majestic-lichen\\\/#breadcrumb\",\"itemListElement\":[{\"@type\":\"ListItem\",\"position\":1,\"name\":\"Home\",\"item\":\"https:\\\/\\\/ajatutaja.com\\\/hr\\\/\"},{\"@type\":\"ListItem\",\"position\":2,\"name\":\"Trgovina\",\"item\":\"https:\\\/\\\/ajatutaja.com\\\/hr\\\/trgovina\\\/\"},{\"@type\":\"ListItem\",\"position\":3,\"name\":\"Magic ko\u0161 za plenice Majestic &#8211; Pigeon Blue\"}]},{\"@type\":\"WebSite\",\"@id\":\"https:\\\/\\\/ajatutaja.com\\\/#website\",\"url\":\"https:\\\/\\\/ajatutaja.com\\\/\",\"name\":\"Ajatutaja\",\"description\":\"Otro\u0161ka spletna trgovina AJATUTAJA\",\"publisher\":{\"@id\":\"https:\\\/\\\/ajatutaja.com\\\/#organization\"},\"potentialAction\":[{\"@type\":\"SearchAction\",\"target\":{\"@type\":\"EntryPoint\",\"urlTemplate\":\"https:\\\/\\\/ajatutaja.com\\\/?s={search_term_string}\"},\"query-input\":{\"@type\":\"PropertyValueSpecification\",\"valueRequired\":true,\"valueName\":\"search_term_string\"}}],\"inLanguage\":\"hr\"},{\"@type\":\"Organization\",\"@id\":\"https:\\\/\\\/ajatutaja.com\\\/#organization\",\"name\":\"Ajatutaja\",\"url\":\"https:\\\/\\\/ajatutaja.com\\\/\",\"logo\":{\"@type\":\"ImageObject\",\"inLanguage\":\"hr\",\"@id\":\"https:\\\/\\\/ajatutaja.com\\\/#\\\/schema\\\/logo\\\/image\\\/\",\"url\":\"https:\\\/\\\/ajatutaja.com\\\/wp-content\\\/uploads\\\/2021\\\/10\\\/logo.png\",\"contentUrl\":\"https:\\\/\\\/ajatutaja.com\\\/wp-content\\\/uploads\\\/2021\\\/10\\\/logo.png\",\"width\":555,\"height\":150,\"caption\":\"Ajatutaja\"},\"image\":{\"@id\":\"https:\\\/\\\/ajatutaja.com\\\/#\\\/schema\\\/logo\\\/image\\\/\"}}]}<\/script>\n<!-- \/ Yoast SEO plugin. -->","yoast_head_json":{"title":"Magic ko\u0161 za plenice Majestic - Pigeon Blue | Ajatutaja","description":"Ko\u0161 za plenice Magic Majestic v celoti zadr\u017ei neprijeten vonj polnih plenic va\u0161ega mal\u010dka. Za uporabo ko\u0161a za plenice Magic, ni potrebno dokupovati posebnih vre\u010dk ali kaset za plenice.","robots":{"index":"index","follow":"follow","max-snippet":"max-snippet:-1","max-image-preview":"max-image-preview:large","max-video-preview":"max-video-preview:-1"},"canonical":"https:\/\/ajatutaja.com\/izdelek\/magic-kos-za-plenice-majestic-lichen\/","og_locale":"hr_HR","og_type":"article","og_title":"Magic ko\u0161 za plenice Majestic - Pigeon Blue | Ajatutaja","og_description":"Ko\u0161 za plenice Magic Majestic v celoti zadr\u017ei neprijeten vonj polnih plenic va\u0161ega mal\u010dka. Za uporabo ko\u0161a za plenice Magic, ni potrebno dokupovati posebnih vre\u010dk ali kaset za plenice.","og_url":"https:\/\/ajatutaja.com\/izdelek\/magic-kos-za-plenice-majestic-lichen\/","og_site_name":"Ajatutaja","article_modified_time":"2026-04-16T12:33:57+00:00","og_image":[{"width":1800,"height":1800,"url":"https:\/\/ajatutaja.com\/wp-content\/uploads\/2023\/07\/MAG_C110_pigeonblue_1side.jpg","type":"image\/jpeg"}],"twitter_card":"summary_large_image","twitter_misc":{"Procijenjeno vrijeme \u010ditanja":"2 minute"},"schema":{"@context":"https:\/\/schema.org","@graph":[{"@type":"WebPage","@id":"https:\/\/ajatutaja.com\/izdelek\/magic-kos-za-plenice-majestic-lichen\/","url":"https:\/\/ajatutaja.com\/izdelek\/magic-kos-za-plenice-majestic-lichen\/","name":"Magic ko\u0161 za plenice Majestic - Pigeon Blue | Ajatutaja","isPartOf":{"@id":"https:\/\/ajatutaja.com\/#website"},"primaryImageOfPage":{"@id":"https:\/\/ajatutaja.com\/izdelek\/magic-kos-za-plenice-majestic-lichen\/#primaryimage"},"image":{"@id":"https:\/\/ajatutaja.com\/izdelek\/magic-kos-za-plenice-majestic-lichen\/#primaryimage"},"thumbnailUrl":"https:\/\/ajatutaja.com\/wp-content\/uploads\/2023\/07\/MAG_C110_pigeonblue_1side.jpg","datePublished":"2024-03-30T21:47:35+00:00","dateModified":"2026-04-16T12:33:57+00:00","description":"Ko\u0161 za plenice Magic Majestic v celoti zadr\u017ei neprijeten vonj polnih plenic va\u0161ega mal\u010dka. Za uporabo ko\u0161a za plenice Magic, ni potrebno dokupovati posebnih vre\u010dk ali kaset za plenice.","breadcrumb":{"@id":"https:\/\/ajatutaja.com\/izdelek\/magic-kos-za-plenice-majestic-lichen\/#breadcrumb"},"inLanguage":"hr","potentialAction":[{"@type":"ReadAction","target":["https:\/\/ajatutaja.com\/izdelek\/magic-kos-za-plenice-majestic-lichen\/"]}]},{"@type":"ImageObject","inLanguage":"hr","@id":"https:\/\/ajatutaja.com\/izdelek\/magic-kos-za-plenice-majestic-lichen\/#primaryimage","url":"https:\/\/ajatutaja.com\/wp-content\/uploads\/2023\/07\/MAG_C110_pigeonblue_1side.jpg","contentUrl":"https:\/\/ajatutaja.com\/wp-content\/uploads\/2023\/07\/MAG_C110_pigeonblue_1side.jpg","width":1800,"height":1800},{"@type":"BreadcrumbList","@id":"https:\/\/ajatutaja.com\/izdelek\/magic-kos-za-plenice-majestic-lichen\/#breadcrumb","itemListElement":[{"@type":"ListItem","position":1,"name":"Home","item":"https:\/\/ajatutaja.com\/hr\/"},{"@type":"ListItem","position":2,"name":"Trgovina","item":"https:\/\/ajatutaja.com\/hr\/trgovina\/"},{"@type":"ListItem","position":3,"name":"Magic ko\u0161 za plenice Majestic &#8211; Pigeon Blue"}]},{"@type":"WebSite","@id":"https:\/\/ajatutaja.com\/#website","url":"https:\/\/ajatutaja.com\/","name":"Ajatutaja","description":"Otro\u0161ka spletna trgovina AJATUTAJA","publisher":{"@id":"https:\/\/ajatutaja.com\/#organization"},"potentialAction":[{"@type":"SearchAction","target":{"@type":"EntryPoint","urlTemplate":"https:\/\/ajatutaja.com\/?s={search_term_string}"},"query-input":{"@type":"PropertyValueSpecification","valueRequired":true,"valueName":"search_term_string"}}],"inLanguage":"hr"},{"@type":"Organization","@id":"https:\/\/ajatutaja.com\/#organization","name":"Ajatutaja","url":"https:\/\/ajatutaja.com\/","logo":{"@type":"ImageObject","inLanguage":"hr","@id":"https:\/\/ajatutaja.com\/#\/schema\/logo\/image\/","url":"https:\/\/ajatutaja.com\/wp-content\/uploads\/2021\/10\/logo.png","contentUrl":"https:\/\/ajatutaja.com\/wp-content\/uploads\/2021\/10\/logo.png","width":555,"height":150,"caption":"Ajatutaja"},"image":{"@id":"https:\/\/ajatutaja.com\/#\/schema\/logo\/image\/"}}]}},"brands":[{"id":5328,"name":"Magic","slug":"magic"},{"id":2658,"name":"Nega in kopanje","slug":"nega-in-kopanje"}],"_links":{"self":[{"href":"https:\/\/ajatutaja.com\/hr\/wp-json\/wp\/v2\/product\/63093","targetHints":{"allow":["GET"]}}],"collection":[{"href":"https:\/\/ajatutaja.com\/hr\/wp-json\/wp\/v2\/product"}],"about":[{"href":"https:\/\/ajatutaja.com\/hr\/wp-json\/wp\/v2\/types\/product"}],"wp:featuredmedia":[{"embeddable":true,"href":"https:\/\/ajatutaja.com\/hr\/wp-json\/wp\/v2\/media\/63090"}],"wp:attachment":[{"href":"https:\/\/ajatutaja.com\/hr\/wp-json\/wp\/v2\/media?parent=63093"}],"wp:term":[{"taxonomy":"pwb-brand","embeddable":true,"href":"https:\/\/ajatutaja.com\/hr\/wp-json\/wp\/v2\/pwb-brand?post=63093"},{"taxonomy":"product_brand","embeddable":true,"href":"https:\/\/ajatutaja.com\/hr\/wp-json\/wp\/v2\/product_brand?post=63093"},{"taxonomy":"product_cat","embeddable":true,"href":"https:\/\/ajatutaja.com\/hr\/wp-json\/wp\/v2\/product_cat?post=63093"},{"taxonomy":"product_tag","embeddable":true,"href":"https:\/\/ajatutaja.com\/hr\/wp-json\/wp\/v2\/product_tag?post=63093"}],"curies":[{"name":"wp","href":"https:\/\/api.w.org\/{rel}","templated":true}]}}