{"id":62996,"date":"2025-08-29T08:40:41","date_gmt":"2025-08-29T06:40:41","guid":{"rendered":"https:\/\/ajatutaja.com\/?post_type=product&#038;p=62996"},"modified":"2025-10-01T20:04:08","modified_gmt":"2025-10-01T18:04:08","slug":"otroski-nahrbtnik-citron-dusty-blue","status":"publish","type":"product","link":"https:\/\/ajatutaja.com\/hr\/proizvod\/otroski-nahrbtnik-citron-dusty-blue\/","title":{"rendered":"Otro\u0161ki nahrbtnik Citron\u00ae &#8211; Dusty Blue"},"content":{"rendered":"<p>[vc_row][vc_column][vc_column_text]Lastnosti otro\u0161kega nahrbtnika Citron:<\/p>\n<ul>\n<li>Primeren za otroke starosti 18m+<\/li>\n<li>Velikost: 32 x 22 x 13 cm<\/li>\n<li>Material: 100% poliester izdelan iz recikliranih plasti\u010dnih steklenic PET, detajli iz eko usnja<\/li>\n<li>Ne vsebuje BPA<\/li>\n<li>Z v\u0161ito etiketo za ime otroka v notranjosti<\/li>\n<li>Vklju\u010duje 2 \u017eepka za stekleni\u010dki do 500ml<\/li>\n<li>Oblazinjene naramnice poskrbijo za udobno no\u0161enje<\/li>\n<li>Nega: Obri\u0161ite z vla\u017eno krpo, brez agresivnih \u010distil. Ne perite nahrbtnika v pralnem stroju.<\/li>\n<\/ul>\n<p>[\/vc_column_text][\/vc_column][\/vc_row]<\/p>\n","protected":false},"excerpt":{"rendered":"<p>\u010cudovit in zelo prostoren otro\u0161ki nahrbtnik Citron\u00ae ima oblazinjene in nastavljive naramnice\u00a0zagotavljajo udobno no\u0161enje. Je nepogre\u0161ljiv sopotnik va\u0161ega mal\u010dka, ko gre v vrtec, za kraj\u0161e \u0161olske izlete ali izlete v naravo. Vanj pa lahko mirno shranite tudi malico ali prigrizke in seveda najljub\u0161o stekleni\u010dko s pija\u010do.<\/p>\n","protected":false},"featured_media":63009,"template":"","meta":[],"pwb-brand":[5487,2409],"product_brand":[],"product_cat":[2400,2361],"product_tag":[5255,5488],"class_list":{"0":"post-62996","1":"product","2":"type-product","3":"status-publish","4":"has-post-thumbnail","6":"pwb-brand-citron","7":"pwb-brand-potepanje","8":"product_cat-otroski-nahrbtniki","9":"product_cat-potepanje","10":"product_tag-citron","11":"product_tag-dusty-blue","13":"first","14":"instock","15":"taxable","16":"shipping-taxable","17":"purchasable","18":"product-type-simple","19":"add-to-wishlist-before_image"},"yoast_head":"<!-- This site is optimized with the Yoast SEO plugin v27.3 - https:\/\/yoast.com\/product\/yoast-seo-wordpress\/ -->\n<title>Otro\u0161ki nahrbtnik Citron\u00ae - Dusty Blue | Ajatutaja<\/title>\n<meta name=\"description\" content=\"\u010cudovit in zelo prostoren otro\u0161ki nahrbtnik Citron\u00ae ima oblazinjene in nastavljive naramnice\u00a0zagotavljajo udobno no\u0161enje. Je nepogre\u0161ljiv sopotnik va\u0161ega mal\u010dka za \u0161olske izlete ali izlete v naravo.\" \/>\n<meta name=\"robots\" content=\"index, follow, max-snippet:-1, max-image-preview:large, max-video-preview:-1\" \/>\n<link rel=\"canonical\" href=\"https:\/\/ajatutaja.com\/izdelek\/otroski-nahrbtnik-citron-dusty-blue\/\" \/>\n<meta property=\"og:locale\" content=\"hr_HR\" \/>\n<meta property=\"og:type\" content=\"article\" \/>\n<meta property=\"og:title\" content=\"Otro\u0161ki nahrbtnik Citron\u00ae - Dusty Blue | Ajatutaja\" \/>\n<meta property=\"og:description\" content=\"\u010cudovit in zelo prostoren otro\u0161ki nahrbtnik Citron\u00ae ima oblazinjene in nastavljive naramnice\u00a0zagotavljajo udobno no\u0161enje. Je nepogre\u0161ljiv sopotnik va\u0161ega mal\u010dka za \u0161olske izlete ali izlete v naravo.\" \/>\n<meta property=\"og:url\" content=\"https:\/\/ajatutaja.com\/izdelek\/otroski-nahrbtnik-citron-dusty-blue\/\" \/>\n<meta property=\"og:site_name\" content=\"Ajatutaja\" \/>\n<meta property=\"article:modified_time\" content=\"2025-10-01T18:04:08+00:00\" \/>\n<meta property=\"og:image\" content=\"https:\/\/ajatutaja.com\/wp-content\/uploads\/2024\/03\/Otroski-nahrbtnik-citron-ajatutaja-dusty-blue-00.jpg\" \/>\n\t<meta property=\"og:image:width\" content=\"2000\" \/>\n\t<meta property=\"og:image:height\" content=\"2000\" \/>\n\t<meta property=\"og:image:type\" content=\"image\/jpeg\" \/>\n<meta name=\"twitter:card\" content=\"summary_large_image\" \/>\n<script type=\"application\/ld+json\" class=\"yoast-schema-graph\">{\"@context\":\"https:\\\/\\\/schema.org\",\"@graph\":[{\"@type\":\"WebPage\",\"@id\":\"https:\\\/\\\/ajatutaja.com\\\/izdelek\\\/otroski-nahrbtnik-citron-dusty-blue\\\/\",\"url\":\"https:\\\/\\\/ajatutaja.com\\\/izdelek\\\/otroski-nahrbtnik-citron-dusty-blue\\\/\",\"name\":\"Otro\u0161ki nahrbtnik Citron\u00ae - Dusty Blue | Ajatutaja\",\"isPartOf\":{\"@id\":\"https:\\\/\\\/ajatutaja.com\\\/#website\"},\"primaryImageOfPage\":{\"@id\":\"https:\\\/\\\/ajatutaja.com\\\/izdelek\\\/otroski-nahrbtnik-citron-dusty-blue\\\/#primaryimage\"},\"image\":{\"@id\":\"https:\\\/\\\/ajatutaja.com\\\/izdelek\\\/otroski-nahrbtnik-citron-dusty-blue\\\/#primaryimage\"},\"thumbnailUrl\":\"https:\\\/\\\/ajatutaja.com\\\/wp-content\\\/uploads\\\/2024\\\/03\\\/Otroski-nahrbtnik-citron-ajatutaja-dusty-blue-00.jpg\",\"datePublished\":\"2025-08-29T06:40:41+00:00\",\"dateModified\":\"2025-10-01T18:04:08+00:00\",\"description\":\"\u010cudovit in zelo prostoren otro\u0161ki nahrbtnik Citron\u00ae ima oblazinjene in nastavljive naramnice\u00a0zagotavljajo udobno no\u0161enje. Je nepogre\u0161ljiv sopotnik va\u0161ega mal\u010dka za \u0161olske izlete ali izlete v naravo.\",\"breadcrumb\":{\"@id\":\"https:\\\/\\\/ajatutaja.com\\\/izdelek\\\/otroski-nahrbtnik-citron-dusty-blue\\\/#breadcrumb\"},\"inLanguage\":\"hr\",\"potentialAction\":[{\"@type\":\"ReadAction\",\"target\":[\"https:\\\/\\\/ajatutaja.com\\\/izdelek\\\/otroski-nahrbtnik-citron-dusty-blue\\\/\"]}]},{\"@type\":\"ImageObject\",\"inLanguage\":\"hr\",\"@id\":\"https:\\\/\\\/ajatutaja.com\\\/izdelek\\\/otroski-nahrbtnik-citron-dusty-blue\\\/#primaryimage\",\"url\":\"https:\\\/\\\/ajatutaja.com\\\/wp-content\\\/uploads\\\/2024\\\/03\\\/Otroski-nahrbtnik-citron-ajatutaja-dusty-blue-00.jpg\",\"contentUrl\":\"https:\\\/\\\/ajatutaja.com\\\/wp-content\\\/uploads\\\/2024\\\/03\\\/Otroski-nahrbtnik-citron-ajatutaja-dusty-blue-00.jpg\",\"width\":2000,\"height\":2000},{\"@type\":\"BreadcrumbList\",\"@id\":\"https:\\\/\\\/ajatutaja.com\\\/izdelek\\\/otroski-nahrbtnik-citron-dusty-blue\\\/#breadcrumb\",\"itemListElement\":[{\"@type\":\"ListItem\",\"position\":1,\"name\":\"Home\",\"item\":\"https:\\\/\\\/ajatutaja.com\\\/hr\\\/\"},{\"@type\":\"ListItem\",\"position\":2,\"name\":\"Trgovina\",\"item\":\"https:\\\/\\\/ajatutaja.com\\\/hr\\\/trgovina\\\/\"},{\"@type\":\"ListItem\",\"position\":3,\"name\":\"Otro\u0161ki nahrbtnik Citron\u00ae &#8211; Dusty Blue\"}]},{\"@type\":\"WebSite\",\"@id\":\"https:\\\/\\\/ajatutaja.com\\\/#website\",\"url\":\"https:\\\/\\\/ajatutaja.com\\\/\",\"name\":\"Ajatutaja\",\"description\":\"Otro\u0161ka spletna trgovina AJATUTAJA\",\"publisher\":{\"@id\":\"https:\\\/\\\/ajatutaja.com\\\/#organization\"},\"potentialAction\":[{\"@type\":\"SearchAction\",\"target\":{\"@type\":\"EntryPoint\",\"urlTemplate\":\"https:\\\/\\\/ajatutaja.com\\\/?s={search_term_string}\"},\"query-input\":{\"@type\":\"PropertyValueSpecification\",\"valueRequired\":true,\"valueName\":\"search_term_string\"}}],\"inLanguage\":\"hr\"},{\"@type\":\"Organization\",\"@id\":\"https:\\\/\\\/ajatutaja.com\\\/#organization\",\"name\":\"Ajatutaja\",\"url\":\"https:\\\/\\\/ajatutaja.com\\\/\",\"logo\":{\"@type\":\"ImageObject\",\"inLanguage\":\"hr\",\"@id\":\"https:\\\/\\\/ajatutaja.com\\\/#\\\/schema\\\/logo\\\/image\\\/\",\"url\":\"https:\\\/\\\/ajatutaja.com\\\/wp-content\\\/uploads\\\/2021\\\/10\\\/logo.png\",\"contentUrl\":\"https:\\\/\\\/ajatutaja.com\\\/wp-content\\\/uploads\\\/2021\\\/10\\\/logo.png\",\"width\":555,\"height\":150,\"caption\":\"Ajatutaja\"},\"image\":{\"@id\":\"https:\\\/\\\/ajatutaja.com\\\/#\\\/schema\\\/logo\\\/image\\\/\"}}]}<\/script>\n<!-- \/ Yoast SEO plugin. -->","yoast_head_json":{"title":"Otro\u0161ki nahrbtnik Citron\u00ae - Dusty Blue | Ajatutaja","description":"\u010cudovit in zelo prostoren otro\u0161ki nahrbtnik Citron\u00ae ima oblazinjene in nastavljive naramnice\u00a0zagotavljajo udobno no\u0161enje. Je nepogre\u0161ljiv sopotnik va\u0161ega mal\u010dka za \u0161olske izlete ali izlete v naravo.","robots":{"index":"index","follow":"follow","max-snippet":"max-snippet:-1","max-image-preview":"max-image-preview:large","max-video-preview":"max-video-preview:-1"},"canonical":"https:\/\/ajatutaja.com\/izdelek\/otroski-nahrbtnik-citron-dusty-blue\/","og_locale":"hr_HR","og_type":"article","og_title":"Otro\u0161ki nahrbtnik Citron\u00ae - Dusty Blue | Ajatutaja","og_description":"\u010cudovit in zelo prostoren otro\u0161ki nahrbtnik Citron\u00ae ima oblazinjene in nastavljive naramnice\u00a0zagotavljajo udobno no\u0161enje. Je nepogre\u0161ljiv sopotnik va\u0161ega mal\u010dka za \u0161olske izlete ali izlete v naravo.","og_url":"https:\/\/ajatutaja.com\/izdelek\/otroski-nahrbtnik-citron-dusty-blue\/","og_site_name":"Ajatutaja","article_modified_time":"2025-10-01T18:04:08+00:00","og_image":[{"width":2000,"height":2000,"url":"https:\/\/ajatutaja.com\/wp-content\/uploads\/2024\/03\/Otroski-nahrbtnik-citron-ajatutaja-dusty-blue-00.jpg","type":"image\/jpeg"}],"twitter_card":"summary_large_image","schema":{"@context":"https:\/\/schema.org","@graph":[{"@type":"WebPage","@id":"https:\/\/ajatutaja.com\/izdelek\/otroski-nahrbtnik-citron-dusty-blue\/","url":"https:\/\/ajatutaja.com\/izdelek\/otroski-nahrbtnik-citron-dusty-blue\/","name":"Otro\u0161ki nahrbtnik Citron\u00ae - Dusty Blue | Ajatutaja","isPartOf":{"@id":"https:\/\/ajatutaja.com\/#website"},"primaryImageOfPage":{"@id":"https:\/\/ajatutaja.com\/izdelek\/otroski-nahrbtnik-citron-dusty-blue\/#primaryimage"},"image":{"@id":"https:\/\/ajatutaja.com\/izdelek\/otroski-nahrbtnik-citron-dusty-blue\/#primaryimage"},"thumbnailUrl":"https:\/\/ajatutaja.com\/wp-content\/uploads\/2024\/03\/Otroski-nahrbtnik-citron-ajatutaja-dusty-blue-00.jpg","datePublished":"2025-08-29T06:40:41+00:00","dateModified":"2025-10-01T18:04:08+00:00","description":"\u010cudovit in zelo prostoren otro\u0161ki nahrbtnik Citron\u00ae ima oblazinjene in nastavljive naramnice\u00a0zagotavljajo udobno no\u0161enje. Je nepogre\u0161ljiv sopotnik va\u0161ega mal\u010dka za \u0161olske izlete ali izlete v naravo.","breadcrumb":{"@id":"https:\/\/ajatutaja.com\/izdelek\/otroski-nahrbtnik-citron-dusty-blue\/#breadcrumb"},"inLanguage":"hr","potentialAction":[{"@type":"ReadAction","target":["https:\/\/ajatutaja.com\/izdelek\/otroski-nahrbtnik-citron-dusty-blue\/"]}]},{"@type":"ImageObject","inLanguage":"hr","@id":"https:\/\/ajatutaja.com\/izdelek\/otroski-nahrbtnik-citron-dusty-blue\/#primaryimage","url":"https:\/\/ajatutaja.com\/wp-content\/uploads\/2024\/03\/Otroski-nahrbtnik-citron-ajatutaja-dusty-blue-00.jpg","contentUrl":"https:\/\/ajatutaja.com\/wp-content\/uploads\/2024\/03\/Otroski-nahrbtnik-citron-ajatutaja-dusty-blue-00.jpg","width":2000,"height":2000},{"@type":"BreadcrumbList","@id":"https:\/\/ajatutaja.com\/izdelek\/otroski-nahrbtnik-citron-dusty-blue\/#breadcrumb","itemListElement":[{"@type":"ListItem","position":1,"name":"Home","item":"https:\/\/ajatutaja.com\/hr\/"},{"@type":"ListItem","position":2,"name":"Trgovina","item":"https:\/\/ajatutaja.com\/hr\/trgovina\/"},{"@type":"ListItem","position":3,"name":"Otro\u0161ki nahrbtnik Citron\u00ae &#8211; Dusty Blue"}]},{"@type":"WebSite","@id":"https:\/\/ajatutaja.com\/#website","url":"https:\/\/ajatutaja.com\/","name":"Ajatutaja","description":"Otro\u0161ka spletna trgovina AJATUTAJA","publisher":{"@id":"https:\/\/ajatutaja.com\/#organization"},"potentialAction":[{"@type":"SearchAction","target":{"@type":"EntryPoint","urlTemplate":"https:\/\/ajatutaja.com\/?s={search_term_string}"},"query-input":{"@type":"PropertyValueSpecification","valueRequired":true,"valueName":"search_term_string"}}],"inLanguage":"hr"},{"@type":"Organization","@id":"https:\/\/ajatutaja.com\/#organization","name":"Ajatutaja","url":"https:\/\/ajatutaja.com\/","logo":{"@type":"ImageObject","inLanguage":"hr","@id":"https:\/\/ajatutaja.com\/#\/schema\/logo\/image\/","url":"https:\/\/ajatutaja.com\/wp-content\/uploads\/2021\/10\/logo.png","contentUrl":"https:\/\/ajatutaja.com\/wp-content\/uploads\/2021\/10\/logo.png","width":555,"height":150,"caption":"Ajatutaja"},"image":{"@id":"https:\/\/ajatutaja.com\/#\/schema\/logo\/image\/"}}]}},"brands":[{"id":5487,"name":"Citron\u00ae","slug":"citron"},{"id":2409,"name":"Potepanje","slug":"potepanje"}],"_links":{"self":[{"href":"https:\/\/ajatutaja.com\/hr\/wp-json\/wp\/v2\/product\/62996","targetHints":{"allow":["GET"]}}],"collection":[{"href":"https:\/\/ajatutaja.com\/hr\/wp-json\/wp\/v2\/product"}],"about":[{"href":"https:\/\/ajatutaja.com\/hr\/wp-json\/wp\/v2\/types\/product"}],"wp:featuredmedia":[{"embeddable":true,"href":"https:\/\/ajatutaja.com\/hr\/wp-json\/wp\/v2\/media\/63009"}],"wp:attachment":[{"href":"https:\/\/ajatutaja.com\/hr\/wp-json\/wp\/v2\/media?parent=62996"}],"wp:term":[{"taxonomy":"pwb-brand","embeddable":true,"href":"https:\/\/ajatutaja.com\/hr\/wp-json\/wp\/v2\/pwb-brand?post=62996"},{"taxonomy":"product_brand","embeddable":true,"href":"https:\/\/ajatutaja.com\/hr\/wp-json\/wp\/v2\/product_brand?post=62996"},{"taxonomy":"product_cat","embeddable":true,"href":"https:\/\/ajatutaja.com\/hr\/wp-json\/wp\/v2\/product_cat?post=62996"},{"taxonomy":"product_tag","embeddable":true,"href":"https:\/\/ajatutaja.com\/hr\/wp-json\/wp\/v2\/product_tag?post=62996"}],"curies":[{"name":"wp","href":"https:\/\/api.w.org\/{rel}","templated":true}]}}