{"id":62961,"date":"2024-03-27T15:00:29","date_gmt":"2024-03-27T14:00:29","guid":{"rendered":"https:\/\/ajatutaja.com\/?post_type=product&#038;p=62961"},"modified":"2026-03-12T14:51:40","modified_gmt":"2026-03-12T13:51:40","slug":"done-by-deer-aktivnostno-vrtljivo-ogledalo-birdee","status":"publish","type":"product","link":"https:\/\/ajatutaja.com\/hr\/proizvod\/done-by-deer-aktivnostno-vrtljivo-ogledalo-birdee\/","title":{"rendered":"Done by Deer &#8211; Aktivnostno vrtljivo ogledalo Birdee"},"content":{"rendered":"<h3>Lastnosti aktivnostnega vrstljivega ogledala Birdee blagovne znamke Done by Deer:<\/h3>\n<div class=\"content-container froala-content\">\n<ul>\n<li>Material: vezan les, les schima, les bukev, akril in TPE.<\/li>\n<li>Dimenzije: 22 x 14,5 cm.<\/li>\n<li>Nega: Obri\u0161ite s \u010disto, mehko, vla\u017eno krpo.<\/li>\n<li>Priporo\u010dljivo od 3. meseca &#8211; popolno za &#8221;pasenje kravic&#8221;\/le\u017eanje na trebuhu in za \u010das, ko se va\u0161 dojen\u010dek lahko usede.<\/li>\n<li>Mehki, zaobljeni robovi \u0161\u010ditijo tla.<\/li>\n<li>Izdelan je iz odgovorno pridobljenega lesa in pobarvano z vodno barvo, ki ne vsebuje \u0161kodljivih snovi, kar igra\u010do naredi varno za va\u0161ega otroka.<\/li>\n<\/ul>\n<\/div>\n","protected":false},"excerpt":{"rendered":"<p style=\"text-align: justify\">Aktivnostno vrtljivo ogledalo blagovne znamke Done by Deer bo spodbuilo va\u0161ega mal\u010dka, da se plazi za vrtljivo igra\u010do. Igra\u010da ima veliko ogledalo, ki ostane v polo\u017eaju, tako da va\u0161 otrok vidi samega sebe med igro. Postavite ga pokonci za \u0161e ve\u010d zabave in va\u0161 mal\u010dek bo vadil fine motori\u010dne spretnosti s premikanjem Birdee in kroglic.<\/p>\n","protected":false},"featured_media":62962,"template":"","meta":[],"pwb-brand":[5196,2452],"product_brand":[],"product_cat":[3987,2441,2362,2443],"product_tag":[3978],"class_list":{"0":"post-62961","1":"product","2":"type-product","3":"status-publish","4":"has-post-thumbnail","6":"pwb-brand-done-by-deer-igranje","7":"pwb-brand-igranje","8":"product_cat-3-mesece-igrace","9":"product_cat-aktivnostne-igrace","10":"product_cat-igranje","11":"product_cat-lesene-igrace","12":"product_tag-done-by-deer","14":"first","15":"instock","16":"taxable","17":"shipping-taxable","18":"purchasable","19":"product-type-simple","20":"add-to-wishlist-before_image"},"yoast_head":"<!-- This site is optimized with the Yoast SEO plugin v27.3 - https:\/\/yoast.com\/product\/yoast-seo-wordpress\/ -->\n<title>Done by Deer - Aktivnostno vrtljivo ogledalo Birdee | Ajatutaja<\/title>\n<meta name=\"description\" content=\"Aktivnostno vrtljivo ogledalo blagovne znamke Done by Deer bo spodbuilo va\u0161ega mal\u010dka, da se plazi za vrtljivo igra\u010do.\" \/>\n<meta name=\"robots\" content=\"index, follow, max-snippet:-1, max-image-preview:large, max-video-preview:-1\" \/>\n<link rel=\"canonical\" href=\"https:\/\/ajatutaja.com\/izdelek\/done-by-deer-aktivnostno-vrtljivo-ogledalo-birdee\/\" \/>\n<meta property=\"og:locale\" content=\"hr_HR\" \/>\n<meta property=\"og:type\" content=\"article\" \/>\n<meta property=\"og:title\" content=\"Done by Deer - Aktivnostno vrtljivo ogledalo Birdee | Ajatutaja\" \/>\n<meta property=\"og:description\" content=\"Aktivnostno vrtljivo ogledalo blagovne znamke Done by Deer bo spodbuilo va\u0161ega mal\u010dka, da se plazi za vrtljivo igra\u010do.\" \/>\n<meta property=\"og:url\" content=\"https:\/\/ajatutaja.com\/izdelek\/done-by-deer-aktivnostno-vrtljivo-ogledalo-birdee\/\" \/>\n<meta property=\"og:site_name\" content=\"Ajatutaja\" \/>\n<meta property=\"article:modified_time\" content=\"2026-03-12T13:51:40+00:00\" \/>\n<meta property=\"og:image\" content=\"https:\/\/ajatutaja.com\/wp-content\/uploads\/2024\/03\/Done-by-Deer-Aktivnostno-vrtljivo-ogledalo-Birdee-ajatutaja-1.webp\" \/>\n\t<meta property=\"og:image:width\" content=\"1200\" \/>\n\t<meta property=\"og:image:height\" content=\"1200\" \/>\n\t<meta property=\"og:image:type\" content=\"image\/webp\" \/>\n<meta name=\"twitter:card\" content=\"summary_large_image\" \/>\n<script type=\"application\/ld+json\" class=\"yoast-schema-graph\">{\"@context\":\"https:\\\/\\\/schema.org\",\"@graph\":[{\"@type\":\"WebPage\",\"@id\":\"https:\\\/\\\/ajatutaja.com\\\/izdelek\\\/done-by-deer-aktivnostno-vrtljivo-ogledalo-birdee\\\/\",\"url\":\"https:\\\/\\\/ajatutaja.com\\\/izdelek\\\/done-by-deer-aktivnostno-vrtljivo-ogledalo-birdee\\\/\",\"name\":\"Done by Deer - Aktivnostno vrtljivo ogledalo Birdee | Ajatutaja\",\"isPartOf\":{\"@id\":\"https:\\\/\\\/ajatutaja.com\\\/#website\"},\"primaryImageOfPage\":{\"@id\":\"https:\\\/\\\/ajatutaja.com\\\/izdelek\\\/done-by-deer-aktivnostno-vrtljivo-ogledalo-birdee\\\/#primaryimage\"},\"image\":{\"@id\":\"https:\\\/\\\/ajatutaja.com\\\/izdelek\\\/done-by-deer-aktivnostno-vrtljivo-ogledalo-birdee\\\/#primaryimage\"},\"thumbnailUrl\":\"https:\\\/\\\/ajatutaja.com\\\/wp-content\\\/uploads\\\/2024\\\/03\\\/Done-by-Deer-Aktivnostno-vrtljivo-ogledalo-Birdee-ajatutaja-1.webp\",\"datePublished\":\"2024-03-27T14:00:29+00:00\",\"dateModified\":\"2026-03-12T13:51:40+00:00\",\"description\":\"Aktivnostno vrtljivo ogledalo blagovne znamke Done by Deer bo spodbuilo va\u0161ega mal\u010dka, da se plazi za vrtljivo igra\u010do.\",\"breadcrumb\":{\"@id\":\"https:\\\/\\\/ajatutaja.com\\\/izdelek\\\/done-by-deer-aktivnostno-vrtljivo-ogledalo-birdee\\\/#breadcrumb\"},\"inLanguage\":\"hr\",\"potentialAction\":[{\"@type\":\"ReadAction\",\"target\":[\"https:\\\/\\\/ajatutaja.com\\\/izdelek\\\/done-by-deer-aktivnostno-vrtljivo-ogledalo-birdee\\\/\"]}]},{\"@type\":\"ImageObject\",\"inLanguage\":\"hr\",\"@id\":\"https:\\\/\\\/ajatutaja.com\\\/izdelek\\\/done-by-deer-aktivnostno-vrtljivo-ogledalo-birdee\\\/#primaryimage\",\"url\":\"https:\\\/\\\/ajatutaja.com\\\/wp-content\\\/uploads\\\/2024\\\/03\\\/Done-by-Deer-Aktivnostno-vrtljivo-ogledalo-Birdee-ajatutaja-1.webp\",\"contentUrl\":\"https:\\\/\\\/ajatutaja.com\\\/wp-content\\\/uploads\\\/2024\\\/03\\\/Done-by-Deer-Aktivnostno-vrtljivo-ogledalo-Birdee-ajatutaja-1.webp\",\"width\":1200,\"height\":1200},{\"@type\":\"BreadcrumbList\",\"@id\":\"https:\\\/\\\/ajatutaja.com\\\/izdelek\\\/done-by-deer-aktivnostno-vrtljivo-ogledalo-birdee\\\/#breadcrumb\",\"itemListElement\":[{\"@type\":\"ListItem\",\"position\":1,\"name\":\"Home\",\"item\":\"https:\\\/\\\/ajatutaja.com\\\/hr\\\/\"},{\"@type\":\"ListItem\",\"position\":2,\"name\":\"Trgovina\",\"item\":\"https:\\\/\\\/ajatutaja.com\\\/hr\\\/trgovina\\\/\"},{\"@type\":\"ListItem\",\"position\":3,\"name\":\"Done by Deer &#8211; Aktivnostno vrtljivo ogledalo Birdee\"}]},{\"@type\":\"WebSite\",\"@id\":\"https:\\\/\\\/ajatutaja.com\\\/#website\",\"url\":\"https:\\\/\\\/ajatutaja.com\\\/\",\"name\":\"Ajatutaja\",\"description\":\"Otro\u0161ka spletna trgovina AJATUTAJA\",\"publisher\":{\"@id\":\"https:\\\/\\\/ajatutaja.com\\\/#organization\"},\"potentialAction\":[{\"@type\":\"SearchAction\",\"target\":{\"@type\":\"EntryPoint\",\"urlTemplate\":\"https:\\\/\\\/ajatutaja.com\\\/?s={search_term_string}\"},\"query-input\":{\"@type\":\"PropertyValueSpecification\",\"valueRequired\":true,\"valueName\":\"search_term_string\"}}],\"inLanguage\":\"hr\"},{\"@type\":\"Organization\",\"@id\":\"https:\\\/\\\/ajatutaja.com\\\/#organization\",\"name\":\"Ajatutaja\",\"url\":\"https:\\\/\\\/ajatutaja.com\\\/\",\"logo\":{\"@type\":\"ImageObject\",\"inLanguage\":\"hr\",\"@id\":\"https:\\\/\\\/ajatutaja.com\\\/#\\\/schema\\\/logo\\\/image\\\/\",\"url\":\"https:\\\/\\\/ajatutaja.com\\\/wp-content\\\/uploads\\\/2021\\\/10\\\/logo.png\",\"contentUrl\":\"https:\\\/\\\/ajatutaja.com\\\/wp-content\\\/uploads\\\/2021\\\/10\\\/logo.png\",\"width\":555,\"height\":150,\"caption\":\"Ajatutaja\"},\"image\":{\"@id\":\"https:\\\/\\\/ajatutaja.com\\\/#\\\/schema\\\/logo\\\/image\\\/\"}}]}<\/script>\n<!-- \/ Yoast SEO plugin. -->","yoast_head_json":{"title":"Done by Deer - Aktivnostno vrtljivo ogledalo Birdee | Ajatutaja","description":"Aktivnostno vrtljivo ogledalo blagovne znamke Done by Deer bo spodbuilo va\u0161ega mal\u010dka, da se plazi za vrtljivo igra\u010do.","robots":{"index":"index","follow":"follow","max-snippet":"max-snippet:-1","max-image-preview":"max-image-preview:large","max-video-preview":"max-video-preview:-1"},"canonical":"https:\/\/ajatutaja.com\/izdelek\/done-by-deer-aktivnostno-vrtljivo-ogledalo-birdee\/","og_locale":"hr_HR","og_type":"article","og_title":"Done by Deer - Aktivnostno vrtljivo ogledalo Birdee | Ajatutaja","og_description":"Aktivnostno vrtljivo ogledalo blagovne znamke Done by Deer bo spodbuilo va\u0161ega mal\u010dka, da se plazi za vrtljivo igra\u010do.","og_url":"https:\/\/ajatutaja.com\/izdelek\/done-by-deer-aktivnostno-vrtljivo-ogledalo-birdee\/","og_site_name":"Ajatutaja","article_modified_time":"2026-03-12T13:51:40+00:00","og_image":[{"width":1200,"height":1200,"url":"https:\/\/ajatutaja.com\/wp-content\/uploads\/2024\/03\/Done-by-Deer-Aktivnostno-vrtljivo-ogledalo-Birdee-ajatutaja-1.webp","type":"image\/webp"}],"twitter_card":"summary_large_image","schema":{"@context":"https:\/\/schema.org","@graph":[{"@type":"WebPage","@id":"https:\/\/ajatutaja.com\/izdelek\/done-by-deer-aktivnostno-vrtljivo-ogledalo-birdee\/","url":"https:\/\/ajatutaja.com\/izdelek\/done-by-deer-aktivnostno-vrtljivo-ogledalo-birdee\/","name":"Done by Deer - Aktivnostno vrtljivo ogledalo Birdee | Ajatutaja","isPartOf":{"@id":"https:\/\/ajatutaja.com\/#website"},"primaryImageOfPage":{"@id":"https:\/\/ajatutaja.com\/izdelek\/done-by-deer-aktivnostno-vrtljivo-ogledalo-birdee\/#primaryimage"},"image":{"@id":"https:\/\/ajatutaja.com\/izdelek\/done-by-deer-aktivnostno-vrtljivo-ogledalo-birdee\/#primaryimage"},"thumbnailUrl":"https:\/\/ajatutaja.com\/wp-content\/uploads\/2024\/03\/Done-by-Deer-Aktivnostno-vrtljivo-ogledalo-Birdee-ajatutaja-1.webp","datePublished":"2024-03-27T14:00:29+00:00","dateModified":"2026-03-12T13:51:40+00:00","description":"Aktivnostno vrtljivo ogledalo blagovne znamke Done by Deer bo spodbuilo va\u0161ega mal\u010dka, da se plazi za vrtljivo igra\u010do.","breadcrumb":{"@id":"https:\/\/ajatutaja.com\/izdelek\/done-by-deer-aktivnostno-vrtljivo-ogledalo-birdee\/#breadcrumb"},"inLanguage":"hr","potentialAction":[{"@type":"ReadAction","target":["https:\/\/ajatutaja.com\/izdelek\/done-by-deer-aktivnostno-vrtljivo-ogledalo-birdee\/"]}]},{"@type":"ImageObject","inLanguage":"hr","@id":"https:\/\/ajatutaja.com\/izdelek\/done-by-deer-aktivnostno-vrtljivo-ogledalo-birdee\/#primaryimage","url":"https:\/\/ajatutaja.com\/wp-content\/uploads\/2024\/03\/Done-by-Deer-Aktivnostno-vrtljivo-ogledalo-Birdee-ajatutaja-1.webp","contentUrl":"https:\/\/ajatutaja.com\/wp-content\/uploads\/2024\/03\/Done-by-Deer-Aktivnostno-vrtljivo-ogledalo-Birdee-ajatutaja-1.webp","width":1200,"height":1200},{"@type":"BreadcrumbList","@id":"https:\/\/ajatutaja.com\/izdelek\/done-by-deer-aktivnostno-vrtljivo-ogledalo-birdee\/#breadcrumb","itemListElement":[{"@type":"ListItem","position":1,"name":"Home","item":"https:\/\/ajatutaja.com\/hr\/"},{"@type":"ListItem","position":2,"name":"Trgovina","item":"https:\/\/ajatutaja.com\/hr\/trgovina\/"},{"@type":"ListItem","position":3,"name":"Done by Deer &#8211; Aktivnostno vrtljivo ogledalo Birdee"}]},{"@type":"WebSite","@id":"https:\/\/ajatutaja.com\/#website","url":"https:\/\/ajatutaja.com\/","name":"Ajatutaja","description":"Otro\u0161ka spletna trgovina AJATUTAJA","publisher":{"@id":"https:\/\/ajatutaja.com\/#organization"},"potentialAction":[{"@type":"SearchAction","target":{"@type":"EntryPoint","urlTemplate":"https:\/\/ajatutaja.com\/?s={search_term_string}"},"query-input":{"@type":"PropertyValueSpecification","valueRequired":true,"valueName":"search_term_string"}}],"inLanguage":"hr"},{"@type":"Organization","@id":"https:\/\/ajatutaja.com\/#organization","name":"Ajatutaja","url":"https:\/\/ajatutaja.com\/","logo":{"@type":"ImageObject","inLanguage":"hr","@id":"https:\/\/ajatutaja.com\/#\/schema\/logo\/image\/","url":"https:\/\/ajatutaja.com\/wp-content\/uploads\/2021\/10\/logo.png","contentUrl":"https:\/\/ajatutaja.com\/wp-content\/uploads\/2021\/10\/logo.png","width":555,"height":150,"caption":"Ajatutaja"},"image":{"@id":"https:\/\/ajatutaja.com\/#\/schema\/logo\/image\/"}}]}},"brands":[{"id":5196,"name":"Done by Deer","slug":"done-by-deer-igranje"},{"id":2452,"name":"Igranje","slug":"igranje"}],"_links":{"self":[{"href":"https:\/\/ajatutaja.com\/hr\/wp-json\/wp\/v2\/product\/62961","targetHints":{"allow":["GET"]}}],"collection":[{"href":"https:\/\/ajatutaja.com\/hr\/wp-json\/wp\/v2\/product"}],"about":[{"href":"https:\/\/ajatutaja.com\/hr\/wp-json\/wp\/v2\/types\/product"}],"wp:featuredmedia":[{"embeddable":true,"href":"https:\/\/ajatutaja.com\/hr\/wp-json\/wp\/v2\/media\/62962"}],"wp:attachment":[{"href":"https:\/\/ajatutaja.com\/hr\/wp-json\/wp\/v2\/media?parent=62961"}],"wp:term":[{"taxonomy":"pwb-brand","embeddable":true,"href":"https:\/\/ajatutaja.com\/hr\/wp-json\/wp\/v2\/pwb-brand?post=62961"},{"taxonomy":"product_brand","embeddable":true,"href":"https:\/\/ajatutaja.com\/hr\/wp-json\/wp\/v2\/product_brand?post=62961"},{"taxonomy":"product_cat","embeddable":true,"href":"https:\/\/ajatutaja.com\/hr\/wp-json\/wp\/v2\/product_cat?post=62961"},{"taxonomy":"product_tag","embeddable":true,"href":"https:\/\/ajatutaja.com\/hr\/wp-json\/wp\/v2\/product_tag?post=62961"}],"curies":[{"name":"wp","href":"https:\/\/api.w.org\/{rel}","templated":true}]}}