{"id":62542,"date":"2025-12-22T15:18:44","date_gmt":"2025-12-22T14:18:44","guid":{"rendered":"https:\/\/ajatutaja.com\/?post_type=product&#038;p=62542"},"modified":"2026-01-22T21:18:47","modified_gmt":"2026-01-22T20:18:47","slug":"bugaboo-kompaktni-vozicek-butterfly-desert-taupe","status":"publish","type":"product","link":"https:\/\/ajatutaja.com\/hr\/proizvod\/bugaboo-kompaktni-vozicek-butterfly-desert-taupe\/","title":{"rendered":"Bugaboo kompaktni vozi\u010dek Butterfly 2 &#8211; Desert Taupe"},"content":{"rendered":"<p>[vc_row][vc_column][vc_column_text]<\/p>\n<h4>Otro\u0161ki vozi\u010dek Bugaboo Butterfly 2 ima naslednje lastnosti:<\/h4>\n<ul>\n<li>Bugaboo Butterfly 2 vsebuje: Ogrodje s kolesi, integriran naslon za noge, osnovni tekstilni komplet, strehico, varnostni pas, sede\u017eno podlogo in naramnico za no\u0161enje<\/li>\n<li>Uporaba vozi\u010dka od rojstva do 4 let starosti otroka oz. do 22 kg telesne te\u017ee<\/li>\n<li>Idealen vozi\u010dek za potovanja z letalom, saj je dimenzije ro\u010dne prtljage (izpolnjuje IATA standarde)<\/li>\n<li>Hitro in enostavno zlaganje z eno roko<\/li>\n<li>Ro\u010daj za la\u017eje prena\u0161anje vozi\u010dka<\/li>\n<li>Izredna vodljivost vozi\u010dka omogo\u010da upravljanje z eno roko<\/li>\n<li>Podalj\u0161ana in zra\u010dna strehica z UV za\u0161\u010dito UPF 50+ s Peekaboo okencem<\/li>\n<li>Udoben in prilagodljiv naslon sede\u017ea iz popolno le\u017ee\u010dega v pravokotno sede\u010di polo\u017eaj<\/li>\n<li>Prilagodljiva opora za noge &#8211; nastavljiva z eno roko<\/li>\n<li>Ergonomsko oblikovan in dobro oblazinjen sede\u017eni del poskrbi za izredno udobje otroka med vo\u017enjo<\/li>\n<li>Velika nakupovalna ko\u0161ara z nosilnostjo 8 kg<\/li>\n<li>Vzemetenje na vseh \u0161tirih kolesih poskrbijo za udobno vo\u017enjo<\/li>\n<li>Vodoodporna tkanina z UV za\u0161\u010dito<\/li>\n<li>Prilo\u017eena je tudi de\u017ena prevleka za brezskrbe sprehode po rahlem de\u017eju<\/li>\n<li>Mo\u017enost namestitve dodatne opreme, ki se kupi lo\u010deno: avtosede\u017ea\/lupinice, prednjega varovala in rolke za 2.otroka<\/li>\n<li>Material:\u00a0Sede\u017ena enota: 100% poliester \/\u00a0Naslon za noge: 100% poliamid<\/li>\n<\/ul>\n<h3>Dimenzije in te\u017ea vozi\u010dka Bugaboo Butterfly 2:<\/h3>\n<ul>\n<li>Dimenzije zlo\u017eenega vozi\u010dka:\u00a044,8 x 24,5 x 55,5 cm<\/li>\n<li>Dimenzije postavljenega vozi\u010dka: 44,8 x 94,5 x 102,8 cm<\/li>\n<li>\u0160irina in globina sede\u017ea: 30 x 24 cm \/\u00a0Dol\u017eina naslonjala sede\u017ea:\u00a068 cm<\/li>\n<li>Dimenzije sprednjih koles: 14,1 cm \/\u00a0Dimenzije zadnjih koles: 15,1 cm<\/li>\n<li>Vi\u0161ina ro\u010daja vozi\u010dka: 102,4 cm<\/li>\n<li>Te\u017ea: 7,3 kg<\/li>\n<\/ul>\n<p>Bugaboo Butterfy 2 vozi\u010dek je bil zasnovan za raziskovanje brez meja \u2013 vozi\u010dek se zlo\u017ei v eni sekundi v izjemno kompakten in trpe\u017een paket, ki je primeren tudi za ro\u010dno prtljago na letalu. Razstavljanje je prav tako hitro in enostavno. Po aktivnem dnevu se va\u0161 otrok lahko sprosti v prostornem sede\u017eu, ki se popolnoma nagne za udoben spanec. Medtem ko odkriva nova okolja, lahko uporabi pokon\u010den polo\u017eaj z optimalno podporo. Za popolno udobje v vseh polo\u017eajih, pa lahko integriran naslon za noge prilagodite z eno roko.<\/p>\n<p>Velika kolesa s popolnim vzmetenjem omogo\u010dajo bolj\u0161i oprijem, vodljivost in odpornost v razli\u010dnih razmerah. Izdelana so iz trpe\u017enih materialov in testirana za ve\u010d kot 4.000 km brez ve\u010djih znakov obrabe. Nadgrajena ko\u0161ara pod sede\u017eem ima nosilnost do 8 kg, zato ni potrebe po omejevanju prtljage. Bugaboo Butterfly 2 ima tudi dodatni \u017eep na zadnji strani sede\u017ea za hitro dostopne potreb\u0161\u010dine.<\/p>\n<p>Na\u0161a napredna zasnova ima najni\u017eji okolijski odtis med vsemi Bugaboo modeli do zdaj. Vozi\u010dek je izdelan iz bioosnovanih materialov in recikliranega aluminija, kar zmanj\u0161uje emisije CO\u2082 za 30 % v primerjavi s prej\u0161njo razli\u010dico. Trajnostna izbira pomeni tudi dalj\u0161o \u017eivljenjsko dobo izdelka.[\/vc_column_text][\/vc_column][\/vc_row]<\/p>\n","protected":false},"excerpt":{"rendered":"<p style=\"text-align: justify\">Otro\u0161ki kompaktni vozi\u010dek Bugaboo Butterfly 2 s svojo nosilnostjo (22 kg), ergonomsko oblikovanim sede\u017eem in 4 vzmetenimi kolesi, zagotavlja dolgo uporabo in brezskrbna potovanja. Vozi\u010dek se v sekundi zlo\u017ei tako kompaktno, da ustreza dimenzijam ro\u010dne prtljage v zra\u010dnem prometu.<\/p>\n","protected":false},"featured_media":84756,"template":"","meta":[],"pwb-brand":[5164,2374],"product_brand":[],"product_cat":[5199,2367,2361,2360,2399],"product_tag":[5155,5165],"class_list":{"0":"post-62542","1":"product","2":"type-product","3":"status-publish","4":"has-post-thumbnail","6":"pwb-brand-bugaboo-vozicki","7":"pwb-brand-vozicki","8":"product_cat-brez-popusta","9":"product_cat-lahki-marela-vozicki","10":"product_cat-potepanje","11":"product_cat-vozicki","12":"product_cat-vozicki-marele","13":"product_tag-bugaboo","14":"product_tag-bugaboo-butterfly","16":"first","17":"instock","18":"taxable","19":"shipping-taxable","20":"purchasable","21":"product-type-simple","22":"add-to-wishlist-before_image"},"yoast_head":"<!-- This site is optimized with the Yoast SEO plugin v27.3 - https:\/\/yoast.com\/product\/yoast-seo-wordpress\/ -->\n<title>Bugaboo kompaktni vozi\u010dek Butterfly 2 - Desert Taupe | Ajatutaja<\/title>\n<meta name=\"description\" content=\"Otro\u0161ki kompaktni vozi\u010dek Bugaboo Butterfly 2 s svojo nosilnostjo, ergonomsko oblikovanim sede\u017eem in 4 vzmetenimi kolesi, zagotavlja dolgo uporabo in brezskrbna potovanja.\" \/>\n<meta name=\"robots\" content=\"index, follow, max-snippet:-1, max-image-preview:large, max-video-preview:-1\" \/>\n<link rel=\"canonical\" href=\"https:\/\/ajatutaja.com\/izdelek\/bugaboo-kompaktni-vozicek-butterfly-desert-taupe\/\" \/>\n<meta property=\"og:locale\" content=\"hr_HR\" \/>\n<meta property=\"og:type\" content=\"article\" \/>\n<meta property=\"og:title\" content=\"Bugaboo kompaktni vozi\u010dek Butterfly 2 - Desert Taupe | Ajatutaja\" \/>\n<meta property=\"og:description\" content=\"Otro\u0161ki kompaktni vozi\u010dek Bugaboo Butterfly 2 s svojo nosilnostjo, ergonomsko oblikovanim sede\u017eem in 4 vzmetenimi kolesi, zagotavlja dolgo uporabo in brezskrbna potovanja.\" \/>\n<meta property=\"og:url\" content=\"https:\/\/ajatutaja.com\/izdelek\/bugaboo-kompaktni-vozicek-butterfly-desert-taupe\/\" \/>\n<meta property=\"og:site_name\" content=\"Ajatutaja\" \/>\n<meta property=\"article:modified_time\" content=\"2026-01-22T20:18:47+00:00\" \/>\n<meta property=\"og:image\" content=\"https:\/\/ajatutaja.com\/wp-content\/uploads\/2026\/01\/Otroski-vozicek-bugabbo-butterfly-2-taupe-ajatutaja-1.jpg\" \/>\n\t<meta property=\"og:image:width\" content=\"600\" \/>\n\t<meta property=\"og:image:height\" content=\"600\" \/>\n\t<meta property=\"og:image:type\" content=\"image\/jpeg\" \/>\n<meta name=\"twitter:card\" content=\"summary_large_image\" \/>\n<meta name=\"twitter:label1\" content=\"Procijenjeno vrijeme \u010ditanja\" \/>\n\t<meta name=\"twitter:data1\" content=\"2 minute\" \/>\n<script type=\"application\/ld+json\" class=\"yoast-schema-graph\">{\"@context\":\"https:\\\/\\\/schema.org\",\"@graph\":[{\"@type\":\"WebPage\",\"@id\":\"https:\\\/\\\/ajatutaja.com\\\/izdelek\\\/bugaboo-kompaktni-vozicek-butterfly-desert-taupe\\\/\",\"url\":\"https:\\\/\\\/ajatutaja.com\\\/izdelek\\\/bugaboo-kompaktni-vozicek-butterfly-desert-taupe\\\/\",\"name\":\"Bugaboo kompaktni vozi\u010dek Butterfly 2 - Desert Taupe | Ajatutaja\",\"isPartOf\":{\"@id\":\"https:\\\/\\\/ajatutaja.com\\\/#website\"},\"primaryImageOfPage\":{\"@id\":\"https:\\\/\\\/ajatutaja.com\\\/izdelek\\\/bugaboo-kompaktni-vozicek-butterfly-desert-taupe\\\/#primaryimage\"},\"image\":{\"@id\":\"https:\\\/\\\/ajatutaja.com\\\/izdelek\\\/bugaboo-kompaktni-vozicek-butterfly-desert-taupe\\\/#primaryimage\"},\"thumbnailUrl\":\"https:\\\/\\\/ajatutaja.com\\\/wp-content\\\/uploads\\\/2026\\\/01\\\/Otroski-vozicek-bugabbo-butterfly-2-taupe-ajatutaja-1.jpg\",\"datePublished\":\"2025-12-22T14:18:44+00:00\",\"dateModified\":\"2026-01-22T20:18:47+00:00\",\"description\":\"Otro\u0161ki kompaktni vozi\u010dek Bugaboo Butterfly 2 s svojo nosilnostjo, ergonomsko oblikovanim sede\u017eem in 4 vzmetenimi kolesi, zagotavlja dolgo uporabo in brezskrbna potovanja.\",\"breadcrumb\":{\"@id\":\"https:\\\/\\\/ajatutaja.com\\\/izdelek\\\/bugaboo-kompaktni-vozicek-butterfly-desert-taupe\\\/#breadcrumb\"},\"inLanguage\":\"hr\",\"potentialAction\":[{\"@type\":\"ReadAction\",\"target\":[\"https:\\\/\\\/ajatutaja.com\\\/izdelek\\\/bugaboo-kompaktni-vozicek-butterfly-desert-taupe\\\/\"]}]},{\"@type\":\"ImageObject\",\"inLanguage\":\"hr\",\"@id\":\"https:\\\/\\\/ajatutaja.com\\\/izdelek\\\/bugaboo-kompaktni-vozicek-butterfly-desert-taupe\\\/#primaryimage\",\"url\":\"https:\\\/\\\/ajatutaja.com\\\/wp-content\\\/uploads\\\/2026\\\/01\\\/Otroski-vozicek-bugabbo-butterfly-2-taupe-ajatutaja-1.jpg\",\"contentUrl\":\"https:\\\/\\\/ajatutaja.com\\\/wp-content\\\/uploads\\\/2026\\\/01\\\/Otroski-vozicek-bugabbo-butterfly-2-taupe-ajatutaja-1.jpg\",\"width\":600,\"height\":600},{\"@type\":\"BreadcrumbList\",\"@id\":\"https:\\\/\\\/ajatutaja.com\\\/izdelek\\\/bugaboo-kompaktni-vozicek-butterfly-desert-taupe\\\/#breadcrumb\",\"itemListElement\":[{\"@type\":\"ListItem\",\"position\":1,\"name\":\"Home\",\"item\":\"https:\\\/\\\/ajatutaja.com\\\/hr\\\/\"},{\"@type\":\"ListItem\",\"position\":2,\"name\":\"Trgovina\",\"item\":\"https:\\\/\\\/ajatutaja.com\\\/hr\\\/trgovina\\\/\"},{\"@type\":\"ListItem\",\"position\":3,\"name\":\"Bugaboo kompaktni vozi\u010dek Butterfly 2 &#8211; Desert Taupe\"}]},{\"@type\":\"WebSite\",\"@id\":\"https:\\\/\\\/ajatutaja.com\\\/#website\",\"url\":\"https:\\\/\\\/ajatutaja.com\\\/\",\"name\":\"Ajatutaja\",\"description\":\"Otro\u0161ka spletna trgovina AJATUTAJA\",\"publisher\":{\"@id\":\"https:\\\/\\\/ajatutaja.com\\\/#organization\"},\"potentialAction\":[{\"@type\":\"SearchAction\",\"target\":{\"@type\":\"EntryPoint\",\"urlTemplate\":\"https:\\\/\\\/ajatutaja.com\\\/?s={search_term_string}\"},\"query-input\":{\"@type\":\"PropertyValueSpecification\",\"valueRequired\":true,\"valueName\":\"search_term_string\"}}],\"inLanguage\":\"hr\"},{\"@type\":\"Organization\",\"@id\":\"https:\\\/\\\/ajatutaja.com\\\/#organization\",\"name\":\"Ajatutaja\",\"url\":\"https:\\\/\\\/ajatutaja.com\\\/\",\"logo\":{\"@type\":\"ImageObject\",\"inLanguage\":\"hr\",\"@id\":\"https:\\\/\\\/ajatutaja.com\\\/#\\\/schema\\\/logo\\\/image\\\/\",\"url\":\"https:\\\/\\\/ajatutaja.com\\\/wp-content\\\/uploads\\\/2021\\\/10\\\/logo.png\",\"contentUrl\":\"https:\\\/\\\/ajatutaja.com\\\/wp-content\\\/uploads\\\/2021\\\/10\\\/logo.png\",\"width\":555,\"height\":150,\"caption\":\"Ajatutaja\"},\"image\":{\"@id\":\"https:\\\/\\\/ajatutaja.com\\\/#\\\/schema\\\/logo\\\/image\\\/\"}}]}<\/script>\n<!-- \/ Yoast SEO plugin. -->","yoast_head_json":{"title":"Bugaboo kompaktni vozi\u010dek Butterfly 2 - Desert Taupe | Ajatutaja","description":"Otro\u0161ki kompaktni vozi\u010dek Bugaboo Butterfly 2 s svojo nosilnostjo, ergonomsko oblikovanim sede\u017eem in 4 vzmetenimi kolesi, zagotavlja dolgo uporabo in brezskrbna potovanja.","robots":{"index":"index","follow":"follow","max-snippet":"max-snippet:-1","max-image-preview":"max-image-preview:large","max-video-preview":"max-video-preview:-1"},"canonical":"https:\/\/ajatutaja.com\/izdelek\/bugaboo-kompaktni-vozicek-butterfly-desert-taupe\/","og_locale":"hr_HR","og_type":"article","og_title":"Bugaboo kompaktni vozi\u010dek Butterfly 2 - Desert Taupe | Ajatutaja","og_description":"Otro\u0161ki kompaktni vozi\u010dek Bugaboo Butterfly 2 s svojo nosilnostjo, ergonomsko oblikovanim sede\u017eem in 4 vzmetenimi kolesi, zagotavlja dolgo uporabo in brezskrbna potovanja.","og_url":"https:\/\/ajatutaja.com\/izdelek\/bugaboo-kompaktni-vozicek-butterfly-desert-taupe\/","og_site_name":"Ajatutaja","article_modified_time":"2026-01-22T20:18:47+00:00","og_image":[{"width":600,"height":600,"url":"https:\/\/ajatutaja.com\/wp-content\/uploads\/2026\/01\/Otroski-vozicek-bugabbo-butterfly-2-taupe-ajatutaja-1.jpg","type":"image\/jpeg"}],"twitter_card":"summary_large_image","twitter_misc":{"Procijenjeno vrijeme \u010ditanja":"2 minute"},"schema":{"@context":"https:\/\/schema.org","@graph":[{"@type":"WebPage","@id":"https:\/\/ajatutaja.com\/izdelek\/bugaboo-kompaktni-vozicek-butterfly-desert-taupe\/","url":"https:\/\/ajatutaja.com\/izdelek\/bugaboo-kompaktni-vozicek-butterfly-desert-taupe\/","name":"Bugaboo kompaktni vozi\u010dek Butterfly 2 - Desert Taupe | Ajatutaja","isPartOf":{"@id":"https:\/\/ajatutaja.com\/#website"},"primaryImageOfPage":{"@id":"https:\/\/ajatutaja.com\/izdelek\/bugaboo-kompaktni-vozicek-butterfly-desert-taupe\/#primaryimage"},"image":{"@id":"https:\/\/ajatutaja.com\/izdelek\/bugaboo-kompaktni-vozicek-butterfly-desert-taupe\/#primaryimage"},"thumbnailUrl":"https:\/\/ajatutaja.com\/wp-content\/uploads\/2026\/01\/Otroski-vozicek-bugabbo-butterfly-2-taupe-ajatutaja-1.jpg","datePublished":"2025-12-22T14:18:44+00:00","dateModified":"2026-01-22T20:18:47+00:00","description":"Otro\u0161ki kompaktni vozi\u010dek Bugaboo Butterfly 2 s svojo nosilnostjo, ergonomsko oblikovanim sede\u017eem in 4 vzmetenimi kolesi, zagotavlja dolgo uporabo in brezskrbna potovanja.","breadcrumb":{"@id":"https:\/\/ajatutaja.com\/izdelek\/bugaboo-kompaktni-vozicek-butterfly-desert-taupe\/#breadcrumb"},"inLanguage":"hr","potentialAction":[{"@type":"ReadAction","target":["https:\/\/ajatutaja.com\/izdelek\/bugaboo-kompaktni-vozicek-butterfly-desert-taupe\/"]}]},{"@type":"ImageObject","inLanguage":"hr","@id":"https:\/\/ajatutaja.com\/izdelek\/bugaboo-kompaktni-vozicek-butterfly-desert-taupe\/#primaryimage","url":"https:\/\/ajatutaja.com\/wp-content\/uploads\/2026\/01\/Otroski-vozicek-bugabbo-butterfly-2-taupe-ajatutaja-1.jpg","contentUrl":"https:\/\/ajatutaja.com\/wp-content\/uploads\/2026\/01\/Otroski-vozicek-bugabbo-butterfly-2-taupe-ajatutaja-1.jpg","width":600,"height":600},{"@type":"BreadcrumbList","@id":"https:\/\/ajatutaja.com\/izdelek\/bugaboo-kompaktni-vozicek-butterfly-desert-taupe\/#breadcrumb","itemListElement":[{"@type":"ListItem","position":1,"name":"Home","item":"https:\/\/ajatutaja.com\/hr\/"},{"@type":"ListItem","position":2,"name":"Trgovina","item":"https:\/\/ajatutaja.com\/hr\/trgovina\/"},{"@type":"ListItem","position":3,"name":"Bugaboo kompaktni vozi\u010dek Butterfly 2 &#8211; Desert Taupe"}]},{"@type":"WebSite","@id":"https:\/\/ajatutaja.com\/#website","url":"https:\/\/ajatutaja.com\/","name":"Ajatutaja","description":"Otro\u0161ka spletna trgovina AJATUTAJA","publisher":{"@id":"https:\/\/ajatutaja.com\/#organization"},"potentialAction":[{"@type":"SearchAction","target":{"@type":"EntryPoint","urlTemplate":"https:\/\/ajatutaja.com\/?s={search_term_string}"},"query-input":{"@type":"PropertyValueSpecification","valueRequired":true,"valueName":"search_term_string"}}],"inLanguage":"hr"},{"@type":"Organization","@id":"https:\/\/ajatutaja.com\/#organization","name":"Ajatutaja","url":"https:\/\/ajatutaja.com\/","logo":{"@type":"ImageObject","inLanguage":"hr","@id":"https:\/\/ajatutaja.com\/#\/schema\/logo\/image\/","url":"https:\/\/ajatutaja.com\/wp-content\/uploads\/2021\/10\/logo.png","contentUrl":"https:\/\/ajatutaja.com\/wp-content\/uploads\/2021\/10\/logo.png","width":555,"height":150,"caption":"Ajatutaja"},"image":{"@id":"https:\/\/ajatutaja.com\/#\/schema\/logo\/image\/"}}]}},"brands":[{"id":5164,"name":"Bugaboo","slug":"bugaboo-vozicki"},{"id":2374,"name":"Vozi\u010dki","slug":"vozicki"}],"_links":{"self":[{"href":"https:\/\/ajatutaja.com\/hr\/wp-json\/wp\/v2\/product\/62542","targetHints":{"allow":["GET"]}}],"collection":[{"href":"https:\/\/ajatutaja.com\/hr\/wp-json\/wp\/v2\/product"}],"about":[{"href":"https:\/\/ajatutaja.com\/hr\/wp-json\/wp\/v2\/types\/product"}],"wp:featuredmedia":[{"embeddable":true,"href":"https:\/\/ajatutaja.com\/hr\/wp-json\/wp\/v2\/media\/84756"}],"wp:attachment":[{"href":"https:\/\/ajatutaja.com\/hr\/wp-json\/wp\/v2\/media?parent=62542"}],"wp:term":[{"taxonomy":"pwb-brand","embeddable":true,"href":"https:\/\/ajatutaja.com\/hr\/wp-json\/wp\/v2\/pwb-brand?post=62542"},{"taxonomy":"product_brand","embeddable":true,"href":"https:\/\/ajatutaja.com\/hr\/wp-json\/wp\/v2\/product_brand?post=62542"},{"taxonomy":"product_cat","embeddable":true,"href":"https:\/\/ajatutaja.com\/hr\/wp-json\/wp\/v2\/product_cat?post=62542"},{"taxonomy":"product_tag","embeddable":true,"href":"https:\/\/ajatutaja.com\/hr\/wp-json\/wp\/v2\/product_tag?post=62542"}],"curies":[{"name":"wp","href":"https:\/\/api.w.org\/{rel}","templated":true}]}}