{"id":62175,"date":"2024-05-13T17:57:19","date_gmt":"2024-05-13T15:57:19","guid":{"rendered":"https:\/\/ajatutaja.com\/?post_type=product&#038;p=62175"},"modified":"2026-04-20T12:30:59","modified_gmt":"2026-04-20T10:30:59","slug":"set-za-ribolov-compactoys-fishing-game","status":"publish","type":"product","link":"https:\/\/ajatutaja.com\/hr\/proizvod\/set-za-ribolov-compactoys-fishing-game\/","title":{"rendered":"Set za ribolov CompacToys &#8211; Fishing game"},"content":{"rendered":"<p>[vc_row][vc_column][vc_column_text]Izdelki CompacToys so izdelani iz visokokakovostne, stabilne plastike. Materiali so brez \u0161kodljivih snovi, kot so meh\u010dala (BPA), vendar je na\u0161 izdelek \u0161e vedno elasti\u010den in trpe\u017een. Kar zagotavlja najvi\u0161jo kakovost na\u0161ih izdelkov, ti pa so seveda testirani in odobreni v skladu s standardom za igra\u010de DIN EN 71.<\/p>\n<h4>Set za ribolov\u00a0 CompacToys Fishing game ima naslednje lastnosti:<\/h4>\n<ul>\n<li>V sestavljenem stanju ima komplet premer cca. 22 cm in je visok 8-9 cm<\/li>\n<li>Set je narejen na kar se da prakti\u010den na\u010din, saj se vsi elementi pospravijo v zlo\u017eljivo vedro.<\/li>\n<li>Dizajn je prilagojen ergonomiji majhnih otro\u0161kih rok in zagotavlja veliko zabave<\/li>\n<li>Dimenzije zlo\u017eenega seta:\u00a022 cm (premer) x 9 cm<\/li>\n<li>Primerno za otroke starosti 24m+<\/li>\n<li><strong>Opozorilo!<\/strong> Ni za otroke, mlaj\u0161e od 2 let. Nevarnost zadu\u0161itve. Majhni deli.<\/li>\n<\/ul>\n<p>Komplet vsebuje:<br \/>\n&#8211; zlo\u017eljivo 3-litrsko kanglico v modri barvi,<br \/>\n&#8211; modro cedilo s premerom 22 cm,<br \/>\n&#8211; veliko izvle\u010dno palico (dol\u017eina cca 30 cm) v modri barvi,<br \/>\n&#8211; veliko izvle\u010dno palico (dol\u017eina cca 30 cm) v rumeni barvi,<br \/>\n&#8211; \u0161est magnetnih rib,<br \/>\n&#8211; igralna podlogo.[\/vc_column_text][\/vc_column][\/vc_row]<\/p>\n","protected":false},"excerpt":{"rendered":"<p>Set za ribolov CompacToys Fishing game ali Igra lovljenje ribic je nadvse zabavna in priro\u010dna igra\u010da za doma in na prostem, ki jo vsi otroci preprosto obo\u017eujejo! Zanjo ni nujno potrebna uporaba vode. Z dvema teleskopskima ribi\u0161kima palicama je mogo\u010de ujeti \u0161est magnetnih ribic. Parvila igre so preprosta. Zmaga tisti, ki uspe ujeti ribico z zvezdico ali pa zbere najvi\u0161je \u0161tevilo to\u010dk.<\/p>\n","protected":false},"featured_media":62180,"template":"","meta":[],"pwb-brand":[5473],"product_brand":[],"product_cat":[3991,2441,2610,2716,2451,2362],"product_tag":[5474],"class_list":{"0":"post-62175","1":"product","2":"type-product","3":"status-publish","4":"has-post-thumbnail","6":"pwb-brand-compactoys","7":"product_cat-24-mesecev-igrace","8":"product_cat-aktivnostne-igrace","9":"product_cat-darila","10":"product_cat-darilo-do-30e","11":"product_cat-igra-na-prostem","12":"product_cat-igranje","13":"product_tag-compactoys","15":"first","16":"instock","17":"taxable","18":"shipping-taxable","19":"purchasable","20":"product-type-simple","21":"add-to-wishlist-before_image"},"yoast_head":"<!-- This site is optimized with the Yoast SEO plugin v27.3 - https:\/\/yoast.com\/product\/yoast-seo-wordpress\/ -->\n<title>Set za ribolov CompacToys - Fishing game | Ajatutaja<\/title>\n<meta name=\"description\" content=\"Set za ribolov CompacToys Fishing game ali Igra lovljenje ribic je nadvse zabavna in priro\u010dna igra\u010da za doma in na prostem, ki jo vsi otroci preprosto obo\u017eujejo!\" \/>\n<meta name=\"robots\" content=\"index, follow, max-snippet:-1, max-image-preview:large, max-video-preview:-1\" \/>\n<link rel=\"canonical\" href=\"https:\/\/ajatutaja.com\/izdelek\/set-za-ribolov-compactoys-fishing-game\/\" \/>\n<meta property=\"og:locale\" content=\"hr_HR\" \/>\n<meta property=\"og:type\" content=\"article\" \/>\n<meta property=\"og:title\" content=\"Set za ribolov CompacToys - Fishing game | Ajatutaja\" \/>\n<meta property=\"og:description\" content=\"Set za ribolov CompacToys Fishing game ali Igra lovljenje ribic je nadvse zabavna in priro\u010dna igra\u010da za doma in na prostem, ki jo vsi otroci preprosto obo\u017eujejo!\" \/>\n<meta property=\"og:url\" content=\"https:\/\/ajatutaja.com\/izdelek\/set-za-ribolov-compactoys-fishing-game\/\" \/>\n<meta property=\"og:site_name\" content=\"Ajatutaja\" \/>\n<meta property=\"article:modified_time\" content=\"2026-04-20T10:30:59+00:00\" \/>\n<meta property=\"og:image\" content=\"https:\/\/ajatutaja.com\/wp-content\/uploads\/2024\/02\/Compactoys-set-za-peskovnik-lovljenje-ribic-ajatutaja-3.jpg\" \/>\n\t<meta property=\"og:image:width\" content=\"1200\" \/>\n\t<meta property=\"og:image:height\" content=\"1200\" \/>\n\t<meta property=\"og:image:type\" content=\"image\/jpeg\" \/>\n<meta name=\"twitter:card\" content=\"summary_large_image\" \/>\n<meta name=\"twitter:label1\" content=\"Procijenjeno vrijeme \u010ditanja\" \/>\n\t<meta name=\"twitter:data1\" content=\"1 minuta\" \/>\n<script type=\"application\/ld+json\" class=\"yoast-schema-graph\">{\"@context\":\"https:\\\/\\\/schema.org\",\"@graph\":[{\"@type\":\"WebPage\",\"@id\":\"https:\\\/\\\/ajatutaja.com\\\/izdelek\\\/set-za-ribolov-compactoys-fishing-game\\\/\",\"url\":\"https:\\\/\\\/ajatutaja.com\\\/izdelek\\\/set-za-ribolov-compactoys-fishing-game\\\/\",\"name\":\"Set za ribolov CompacToys - Fishing game | Ajatutaja\",\"isPartOf\":{\"@id\":\"https:\\\/\\\/ajatutaja.com\\\/#website\"},\"primaryImageOfPage\":{\"@id\":\"https:\\\/\\\/ajatutaja.com\\\/izdelek\\\/set-za-ribolov-compactoys-fishing-game\\\/#primaryimage\"},\"image\":{\"@id\":\"https:\\\/\\\/ajatutaja.com\\\/izdelek\\\/set-za-ribolov-compactoys-fishing-game\\\/#primaryimage\"},\"thumbnailUrl\":\"https:\\\/\\\/ajatutaja.com\\\/wp-content\\\/uploads\\\/2024\\\/02\\\/Compactoys-set-za-peskovnik-lovljenje-ribic-ajatutaja-3.jpg\",\"datePublished\":\"2024-05-13T15:57:19+00:00\",\"dateModified\":\"2026-04-20T10:30:59+00:00\",\"description\":\"Set za ribolov CompacToys Fishing game ali Igra lovljenje ribic je nadvse zabavna in priro\u010dna igra\u010da za doma in na prostem, ki jo vsi otroci preprosto obo\u017eujejo!\",\"breadcrumb\":{\"@id\":\"https:\\\/\\\/ajatutaja.com\\\/izdelek\\\/set-za-ribolov-compactoys-fishing-game\\\/#breadcrumb\"},\"inLanguage\":\"hr\",\"potentialAction\":[{\"@type\":\"ReadAction\",\"target\":[\"https:\\\/\\\/ajatutaja.com\\\/izdelek\\\/set-za-ribolov-compactoys-fishing-game\\\/\"]}]},{\"@type\":\"ImageObject\",\"inLanguage\":\"hr\",\"@id\":\"https:\\\/\\\/ajatutaja.com\\\/izdelek\\\/set-za-ribolov-compactoys-fishing-game\\\/#primaryimage\",\"url\":\"https:\\\/\\\/ajatutaja.com\\\/wp-content\\\/uploads\\\/2024\\\/02\\\/Compactoys-set-za-peskovnik-lovljenje-ribic-ajatutaja-3.jpg\",\"contentUrl\":\"https:\\\/\\\/ajatutaja.com\\\/wp-content\\\/uploads\\\/2024\\\/02\\\/Compactoys-set-za-peskovnik-lovljenje-ribic-ajatutaja-3.jpg\",\"width\":1200,\"height\":1200},{\"@type\":\"BreadcrumbList\",\"@id\":\"https:\\\/\\\/ajatutaja.com\\\/izdelek\\\/set-za-ribolov-compactoys-fishing-game\\\/#breadcrumb\",\"itemListElement\":[{\"@type\":\"ListItem\",\"position\":1,\"name\":\"Home\",\"item\":\"https:\\\/\\\/ajatutaja.com\\\/hr\\\/\"},{\"@type\":\"ListItem\",\"position\":2,\"name\":\"Trgovina\",\"item\":\"https:\\\/\\\/ajatutaja.com\\\/hr\\\/trgovina\\\/\"},{\"@type\":\"ListItem\",\"position\":3,\"name\":\"Set za ribolov CompacToys &#8211; Fishing game\"}]},{\"@type\":\"WebSite\",\"@id\":\"https:\\\/\\\/ajatutaja.com\\\/#website\",\"url\":\"https:\\\/\\\/ajatutaja.com\\\/\",\"name\":\"Ajatutaja\",\"description\":\"Otro\u0161ka spletna trgovina AJATUTAJA\",\"publisher\":{\"@id\":\"https:\\\/\\\/ajatutaja.com\\\/#organization\"},\"potentialAction\":[{\"@type\":\"SearchAction\",\"target\":{\"@type\":\"EntryPoint\",\"urlTemplate\":\"https:\\\/\\\/ajatutaja.com\\\/?s={search_term_string}\"},\"query-input\":{\"@type\":\"PropertyValueSpecification\",\"valueRequired\":true,\"valueName\":\"search_term_string\"}}],\"inLanguage\":\"hr\"},{\"@type\":\"Organization\",\"@id\":\"https:\\\/\\\/ajatutaja.com\\\/#organization\",\"name\":\"Ajatutaja\",\"url\":\"https:\\\/\\\/ajatutaja.com\\\/\",\"logo\":{\"@type\":\"ImageObject\",\"inLanguage\":\"hr\",\"@id\":\"https:\\\/\\\/ajatutaja.com\\\/#\\\/schema\\\/logo\\\/image\\\/\",\"url\":\"https:\\\/\\\/ajatutaja.com\\\/wp-content\\\/uploads\\\/2021\\\/10\\\/logo.png\",\"contentUrl\":\"https:\\\/\\\/ajatutaja.com\\\/wp-content\\\/uploads\\\/2021\\\/10\\\/logo.png\",\"width\":555,\"height\":150,\"caption\":\"Ajatutaja\"},\"image\":{\"@id\":\"https:\\\/\\\/ajatutaja.com\\\/#\\\/schema\\\/logo\\\/image\\\/\"}}]}<\/script>\n<!-- \/ Yoast SEO plugin. -->","yoast_head_json":{"title":"Set za ribolov CompacToys - Fishing game | Ajatutaja","description":"Set za ribolov CompacToys Fishing game ali Igra lovljenje ribic je nadvse zabavna in priro\u010dna igra\u010da za doma in na prostem, ki jo vsi otroci preprosto obo\u017eujejo!","robots":{"index":"index","follow":"follow","max-snippet":"max-snippet:-1","max-image-preview":"max-image-preview:large","max-video-preview":"max-video-preview:-1"},"canonical":"https:\/\/ajatutaja.com\/izdelek\/set-za-ribolov-compactoys-fishing-game\/","og_locale":"hr_HR","og_type":"article","og_title":"Set za ribolov CompacToys - Fishing game | Ajatutaja","og_description":"Set za ribolov CompacToys Fishing game ali Igra lovljenje ribic je nadvse zabavna in priro\u010dna igra\u010da za doma in na prostem, ki jo vsi otroci preprosto obo\u017eujejo!","og_url":"https:\/\/ajatutaja.com\/izdelek\/set-za-ribolov-compactoys-fishing-game\/","og_site_name":"Ajatutaja","article_modified_time":"2026-04-20T10:30:59+00:00","og_image":[{"width":1200,"height":1200,"url":"https:\/\/ajatutaja.com\/wp-content\/uploads\/2024\/02\/Compactoys-set-za-peskovnik-lovljenje-ribic-ajatutaja-3.jpg","type":"image\/jpeg"}],"twitter_card":"summary_large_image","twitter_misc":{"Procijenjeno vrijeme \u010ditanja":"1 minuta"},"schema":{"@context":"https:\/\/schema.org","@graph":[{"@type":"WebPage","@id":"https:\/\/ajatutaja.com\/izdelek\/set-za-ribolov-compactoys-fishing-game\/","url":"https:\/\/ajatutaja.com\/izdelek\/set-za-ribolov-compactoys-fishing-game\/","name":"Set za ribolov CompacToys - Fishing game | Ajatutaja","isPartOf":{"@id":"https:\/\/ajatutaja.com\/#website"},"primaryImageOfPage":{"@id":"https:\/\/ajatutaja.com\/izdelek\/set-za-ribolov-compactoys-fishing-game\/#primaryimage"},"image":{"@id":"https:\/\/ajatutaja.com\/izdelek\/set-za-ribolov-compactoys-fishing-game\/#primaryimage"},"thumbnailUrl":"https:\/\/ajatutaja.com\/wp-content\/uploads\/2024\/02\/Compactoys-set-za-peskovnik-lovljenje-ribic-ajatutaja-3.jpg","datePublished":"2024-05-13T15:57:19+00:00","dateModified":"2026-04-20T10:30:59+00:00","description":"Set za ribolov CompacToys Fishing game ali Igra lovljenje ribic je nadvse zabavna in priro\u010dna igra\u010da za doma in na prostem, ki jo vsi otroci preprosto obo\u017eujejo!","breadcrumb":{"@id":"https:\/\/ajatutaja.com\/izdelek\/set-za-ribolov-compactoys-fishing-game\/#breadcrumb"},"inLanguage":"hr","potentialAction":[{"@type":"ReadAction","target":["https:\/\/ajatutaja.com\/izdelek\/set-za-ribolov-compactoys-fishing-game\/"]}]},{"@type":"ImageObject","inLanguage":"hr","@id":"https:\/\/ajatutaja.com\/izdelek\/set-za-ribolov-compactoys-fishing-game\/#primaryimage","url":"https:\/\/ajatutaja.com\/wp-content\/uploads\/2024\/02\/Compactoys-set-za-peskovnik-lovljenje-ribic-ajatutaja-3.jpg","contentUrl":"https:\/\/ajatutaja.com\/wp-content\/uploads\/2024\/02\/Compactoys-set-za-peskovnik-lovljenje-ribic-ajatutaja-3.jpg","width":1200,"height":1200},{"@type":"BreadcrumbList","@id":"https:\/\/ajatutaja.com\/izdelek\/set-za-ribolov-compactoys-fishing-game\/#breadcrumb","itemListElement":[{"@type":"ListItem","position":1,"name":"Home","item":"https:\/\/ajatutaja.com\/hr\/"},{"@type":"ListItem","position":2,"name":"Trgovina","item":"https:\/\/ajatutaja.com\/hr\/trgovina\/"},{"@type":"ListItem","position":3,"name":"Set za ribolov CompacToys &#8211; Fishing game"}]},{"@type":"WebSite","@id":"https:\/\/ajatutaja.com\/#website","url":"https:\/\/ajatutaja.com\/","name":"Ajatutaja","description":"Otro\u0161ka spletna trgovina AJATUTAJA","publisher":{"@id":"https:\/\/ajatutaja.com\/#organization"},"potentialAction":[{"@type":"SearchAction","target":{"@type":"EntryPoint","urlTemplate":"https:\/\/ajatutaja.com\/?s={search_term_string}"},"query-input":{"@type":"PropertyValueSpecification","valueRequired":true,"valueName":"search_term_string"}}],"inLanguage":"hr"},{"@type":"Organization","@id":"https:\/\/ajatutaja.com\/#organization","name":"Ajatutaja","url":"https:\/\/ajatutaja.com\/","logo":{"@type":"ImageObject","inLanguage":"hr","@id":"https:\/\/ajatutaja.com\/#\/schema\/logo\/image\/","url":"https:\/\/ajatutaja.com\/wp-content\/uploads\/2021\/10\/logo.png","contentUrl":"https:\/\/ajatutaja.com\/wp-content\/uploads\/2021\/10\/logo.png","width":555,"height":150,"caption":"Ajatutaja"},"image":{"@id":"https:\/\/ajatutaja.com\/#\/schema\/logo\/image\/"}}]}},"brands":[{"id":5473,"name":"CompacToys","slug":"compactoys"}],"_links":{"self":[{"href":"https:\/\/ajatutaja.com\/hr\/wp-json\/wp\/v2\/product\/62175","targetHints":{"allow":["GET"]}}],"collection":[{"href":"https:\/\/ajatutaja.com\/hr\/wp-json\/wp\/v2\/product"}],"about":[{"href":"https:\/\/ajatutaja.com\/hr\/wp-json\/wp\/v2\/types\/product"}],"wp:featuredmedia":[{"embeddable":true,"href":"https:\/\/ajatutaja.com\/hr\/wp-json\/wp\/v2\/media\/62180"}],"wp:attachment":[{"href":"https:\/\/ajatutaja.com\/hr\/wp-json\/wp\/v2\/media?parent=62175"}],"wp:term":[{"taxonomy":"pwb-brand","embeddable":true,"href":"https:\/\/ajatutaja.com\/hr\/wp-json\/wp\/v2\/pwb-brand?post=62175"},{"taxonomy":"product_brand","embeddable":true,"href":"https:\/\/ajatutaja.com\/hr\/wp-json\/wp\/v2\/product_brand?post=62175"},{"taxonomy":"product_cat","embeddable":true,"href":"https:\/\/ajatutaja.com\/hr\/wp-json\/wp\/v2\/product_cat?post=62175"},{"taxonomy":"product_tag","embeddable":true,"href":"https:\/\/ajatutaja.com\/hr\/wp-json\/wp\/v2\/product_tag?post=62175"}],"curies":[{"name":"wp","href":"https:\/\/api.w.org\/{rel}","templated":true}]}}