{"id":61857,"date":"2024-02-18T17:36:57","date_gmt":"2024-02-18T16:36:57","guid":{"rendered":"https:\/\/ajatutaja.com\/?post_type=product&#038;p=61857"},"modified":"2024-11-20T13:34:20","modified_gmt":"2024-11-20T12:34:20","slug":"otroska-posteljnina-little-dutch-bunny-100x140-cm","status":"publish","type":"product","link":"https:\/\/ajatutaja.com\/hr\/proizvod\/otroska-posteljnina-little-dutch-bunny-100x140-cm\/","title":{"rendered":"Otro\u0161ka posteljnina Little Dutch &#8211; Bunny 100x140cm"},"content":{"rendered":"<p>[vc_row][vc_column][vc_column_text]<\/p>\n<h4>Lastnosti otro\u0161ke posteljnine Little Dutch:<\/h4>\n<ul>\n<li>Set vklju\u010duje prevleko za odejo in prevleko za vzglavnik<\/li>\n<li>Surovinska sestava: 100 % bomba\u017ea OEKO-TEX\u00ae Standard 100 (15.HTR.64905, Hohenstein HTTI)<\/li>\n<li>Primerna za pranje v pralnem stroju pri najve\u010d 60\u00b0C<\/li>\n<\/ul>\n<p><strong>VELIKOST<\/strong>:<\/p>\n<ul>\n<li>prevleka za odejo 100&#215;140 cm<\/li>\n<li>prevleka za vzglavnik 40 x 45 cm<\/li>\n<\/ul>\n<p>[\/vc_column_text][\/vc_column][\/vc_row]<\/p>\n","protected":false},"excerpt":{"rendered":"<p>Ljubka otro\u0161ka posteljnina Little Dutch z motivom Bunny bo va\u0161ega mal\u010dka prijetno ovila in grela. Obenem po dodatno polep\u0161ala videz otro\u0161ke sobice, skupaj z igra\u010dami iz kolekcije Little Bunny.<\/p>\n","protected":false},"featured_media":61869,"template":"","meta":[],"pwb-brand":[2631,2611],"product_brand":[],"product_cat":[2711,2603,2593],"product_tag":[4006,5466,4002],"class_list":{"0":"post-61857","1":"product","2":"type-product","3":"status-publish","4":"has-post-thumbnail","6":"pwb-brand-little-dutch-spanje","7":"pwb-brand-spanje","8":"product_cat-darilo-ob-rojstvu","9":"product_cat-otroska-posteljnina","10":"product_cat-spanje","11":"product_tag-140x70","12":"product_tag-little-bunny","13":"product_tag-little-dutch","15":"first","16":"onbackorder","17":"taxable","18":"shipping-taxable","19":"purchasable","20":"product-type-simple","21":"add-to-wishlist-before_image"},"yoast_head":"<!-- This site is optimized with the Yoast SEO plugin v27.3 - https:\/\/yoast.com\/product\/yoast-seo-wordpress\/ -->\n<title>Otro\u0161ka posteljnina Little Dutch - Bunny 100x140cm | Ajatutaja<\/title>\n<meta name=\"description\" content=\"Otro\u0161ka posteljnina Little Dutch Bunny je dimenzije 70x100 cm. Izdelana iz 100% bomba\u017ea s potiskom zaj\u010dkov.\" \/>\n<meta name=\"robots\" content=\"index, follow, max-snippet:-1, max-image-preview:large, max-video-preview:-1\" \/>\n<link rel=\"canonical\" href=\"https:\/\/ajatutaja.com\/hr\/proizvod\/otroska-posteljnina-little-dutch-bunny-100x140-cm\/\" \/>\n<meta property=\"og:locale\" content=\"hr_HR\" \/>\n<meta property=\"og:type\" content=\"article\" \/>\n<meta property=\"og:title\" content=\"Otro\u0161ka posteljnina Little Dutch - Bunny 100x140cm | Ajatutaja\" \/>\n<meta property=\"og:description\" content=\"Otro\u0161ka posteljnina Little Dutch Bunny je dimenzije 70x100 cm. Izdelana iz 100% bomba\u017ea s potiskom zaj\u010dkov.\" \/>\n<meta property=\"og:url\" content=\"https:\/\/ajatutaja.com\/hr\/proizvod\/otroska-posteljnina-little-dutch-bunny-100x140-cm\/\" \/>\n<meta property=\"og:site_name\" content=\"Ajatutaja\" \/>\n<meta property=\"article:modified_time\" content=\"2024-11-20T12:34:20+00:00\" \/>\n<meta property=\"og:image\" content=\"https:\/\/ajatutaja.com\/wp-content\/uploads\/2024\/02\/Baby-posteljnina-little-dutch-bunny-ajatutaja-00.jpg\" \/>\n\t<meta property=\"og:image:width\" content=\"1000\" \/>\n\t<meta property=\"og:image:height\" content=\"1000\" \/>\n\t<meta property=\"og:image:type\" content=\"image\/jpeg\" \/>\n<meta name=\"twitter:card\" content=\"summary_large_image\" \/>\n<script type=\"application\/ld+json\" class=\"yoast-schema-graph\">{\"@context\":\"https:\\\/\\\/schema.org\",\"@graph\":[{\"@type\":\"WebPage\",\"@id\":\"https:\\\/\\\/ajatutaja.com\\\/hr\\\/proizvod\\\/otroska-posteljnina-little-dutch-bunny-100x140-cm\\\/\",\"url\":\"https:\\\/\\\/ajatutaja.com\\\/hr\\\/proizvod\\\/otroska-posteljnina-little-dutch-bunny-100x140-cm\\\/\",\"name\":\"Otro\u0161ka posteljnina Little Dutch - Bunny 100x140cm | Ajatutaja\",\"isPartOf\":{\"@id\":\"https:\\\/\\\/ajatutaja.com\\\/#website\"},\"primaryImageOfPage\":{\"@id\":\"https:\\\/\\\/ajatutaja.com\\\/hr\\\/proizvod\\\/otroska-posteljnina-little-dutch-bunny-100x140-cm\\\/#primaryimage\"},\"image\":{\"@id\":\"https:\\\/\\\/ajatutaja.com\\\/hr\\\/proizvod\\\/otroska-posteljnina-little-dutch-bunny-100x140-cm\\\/#primaryimage\"},\"thumbnailUrl\":\"https:\\\/\\\/ajatutaja.com\\\/wp-content\\\/uploads\\\/2024\\\/02\\\/Baby-posteljnina-little-dutch-bunny-ajatutaja-00.jpg\",\"datePublished\":\"2024-02-18T16:36:57+00:00\",\"dateModified\":\"2024-11-20T12:34:20+00:00\",\"description\":\"Otro\u0161ka posteljnina Little Dutch Bunny je dimenzije 70x100 cm. Izdelana iz 100% bomba\u017ea s potiskom zaj\u010dkov.\",\"breadcrumb\":{\"@id\":\"https:\\\/\\\/ajatutaja.com\\\/hr\\\/proizvod\\\/otroska-posteljnina-little-dutch-bunny-100x140-cm\\\/#breadcrumb\"},\"inLanguage\":\"hr\",\"potentialAction\":[{\"@type\":\"ReadAction\",\"target\":[\"https:\\\/\\\/ajatutaja.com\\\/hr\\\/proizvod\\\/otroska-posteljnina-little-dutch-bunny-100x140-cm\\\/\"]}]},{\"@type\":\"ImageObject\",\"inLanguage\":\"hr\",\"@id\":\"https:\\\/\\\/ajatutaja.com\\\/hr\\\/proizvod\\\/otroska-posteljnina-little-dutch-bunny-100x140-cm\\\/#primaryimage\",\"url\":\"https:\\\/\\\/ajatutaja.com\\\/wp-content\\\/uploads\\\/2024\\\/02\\\/Baby-posteljnina-little-dutch-bunny-ajatutaja-00.jpg\",\"contentUrl\":\"https:\\\/\\\/ajatutaja.com\\\/wp-content\\\/uploads\\\/2024\\\/02\\\/Baby-posteljnina-little-dutch-bunny-ajatutaja-00.jpg\",\"width\":1000,\"height\":1000},{\"@type\":\"BreadcrumbList\",\"@id\":\"https:\\\/\\\/ajatutaja.com\\\/hr\\\/proizvod\\\/otroska-posteljnina-little-dutch-bunny-100x140-cm\\\/#breadcrumb\",\"itemListElement\":[{\"@type\":\"ListItem\",\"position\":1,\"name\":\"Home\",\"item\":\"https:\\\/\\\/ajatutaja.com\\\/hr\\\/\"},{\"@type\":\"ListItem\",\"position\":2,\"name\":\"Trgovina\",\"item\":\"https:\\\/\\\/ajatutaja.com\\\/hr\\\/trgovina\\\/\"},{\"@type\":\"ListItem\",\"position\":3,\"name\":\"Otro\u0161ka posteljnina Little Dutch &#8211; Bunny 100x140cm\"}]},{\"@type\":\"WebSite\",\"@id\":\"https:\\\/\\\/ajatutaja.com\\\/#website\",\"url\":\"https:\\\/\\\/ajatutaja.com\\\/\",\"name\":\"Ajatutaja\",\"description\":\"Otro\u0161ka spletna trgovina AJATUTAJA\",\"publisher\":{\"@id\":\"https:\\\/\\\/ajatutaja.com\\\/#organization\"},\"potentialAction\":[{\"@type\":\"SearchAction\",\"target\":{\"@type\":\"EntryPoint\",\"urlTemplate\":\"https:\\\/\\\/ajatutaja.com\\\/?s={search_term_string}\"},\"query-input\":{\"@type\":\"PropertyValueSpecification\",\"valueRequired\":true,\"valueName\":\"search_term_string\"}}],\"inLanguage\":\"hr\"},{\"@type\":\"Organization\",\"@id\":\"https:\\\/\\\/ajatutaja.com\\\/#organization\",\"name\":\"Ajatutaja\",\"url\":\"https:\\\/\\\/ajatutaja.com\\\/\",\"logo\":{\"@type\":\"ImageObject\",\"inLanguage\":\"hr\",\"@id\":\"https:\\\/\\\/ajatutaja.com\\\/#\\\/schema\\\/logo\\\/image\\\/\",\"url\":\"https:\\\/\\\/ajatutaja.com\\\/wp-content\\\/uploads\\\/2021\\\/10\\\/logo.png\",\"contentUrl\":\"https:\\\/\\\/ajatutaja.com\\\/wp-content\\\/uploads\\\/2021\\\/10\\\/logo.png\",\"width\":555,\"height\":150,\"caption\":\"Ajatutaja\"},\"image\":{\"@id\":\"https:\\\/\\\/ajatutaja.com\\\/#\\\/schema\\\/logo\\\/image\\\/\"}}]}<\/script>\n<!-- \/ Yoast SEO plugin. -->","yoast_head_json":{"title":"Otro\u0161ka posteljnina Little Dutch - Bunny 100x140cm | Ajatutaja","description":"Otro\u0161ka posteljnina Little Dutch Bunny je dimenzije 70x100 cm. Izdelana iz 100% bomba\u017ea s potiskom zaj\u010dkov.","robots":{"index":"index","follow":"follow","max-snippet":"max-snippet:-1","max-image-preview":"max-image-preview:large","max-video-preview":"max-video-preview:-1"},"canonical":"https:\/\/ajatutaja.com\/hr\/proizvod\/otroska-posteljnina-little-dutch-bunny-100x140-cm\/","og_locale":"hr_HR","og_type":"article","og_title":"Otro\u0161ka posteljnina Little Dutch - Bunny 100x140cm | Ajatutaja","og_description":"Otro\u0161ka posteljnina Little Dutch Bunny je dimenzije 70x100 cm. Izdelana iz 100% bomba\u017ea s potiskom zaj\u010dkov.","og_url":"https:\/\/ajatutaja.com\/hr\/proizvod\/otroska-posteljnina-little-dutch-bunny-100x140-cm\/","og_site_name":"Ajatutaja","article_modified_time":"2024-11-20T12:34:20+00:00","og_image":[{"width":1000,"height":1000,"url":"https:\/\/ajatutaja.com\/wp-content\/uploads\/2024\/02\/Baby-posteljnina-little-dutch-bunny-ajatutaja-00.jpg","type":"image\/jpeg"}],"twitter_card":"summary_large_image","schema":{"@context":"https:\/\/schema.org","@graph":[{"@type":"WebPage","@id":"https:\/\/ajatutaja.com\/hr\/proizvod\/otroska-posteljnina-little-dutch-bunny-100x140-cm\/","url":"https:\/\/ajatutaja.com\/hr\/proizvod\/otroska-posteljnina-little-dutch-bunny-100x140-cm\/","name":"Otro\u0161ka posteljnina Little Dutch - Bunny 100x140cm | Ajatutaja","isPartOf":{"@id":"https:\/\/ajatutaja.com\/#website"},"primaryImageOfPage":{"@id":"https:\/\/ajatutaja.com\/hr\/proizvod\/otroska-posteljnina-little-dutch-bunny-100x140-cm\/#primaryimage"},"image":{"@id":"https:\/\/ajatutaja.com\/hr\/proizvod\/otroska-posteljnina-little-dutch-bunny-100x140-cm\/#primaryimage"},"thumbnailUrl":"https:\/\/ajatutaja.com\/wp-content\/uploads\/2024\/02\/Baby-posteljnina-little-dutch-bunny-ajatutaja-00.jpg","datePublished":"2024-02-18T16:36:57+00:00","dateModified":"2024-11-20T12:34:20+00:00","description":"Otro\u0161ka posteljnina Little Dutch Bunny je dimenzije 70x100 cm. Izdelana iz 100% bomba\u017ea s potiskom zaj\u010dkov.","breadcrumb":{"@id":"https:\/\/ajatutaja.com\/hr\/proizvod\/otroska-posteljnina-little-dutch-bunny-100x140-cm\/#breadcrumb"},"inLanguage":"hr","potentialAction":[{"@type":"ReadAction","target":["https:\/\/ajatutaja.com\/hr\/proizvod\/otroska-posteljnina-little-dutch-bunny-100x140-cm\/"]}]},{"@type":"ImageObject","inLanguage":"hr","@id":"https:\/\/ajatutaja.com\/hr\/proizvod\/otroska-posteljnina-little-dutch-bunny-100x140-cm\/#primaryimage","url":"https:\/\/ajatutaja.com\/wp-content\/uploads\/2024\/02\/Baby-posteljnina-little-dutch-bunny-ajatutaja-00.jpg","contentUrl":"https:\/\/ajatutaja.com\/wp-content\/uploads\/2024\/02\/Baby-posteljnina-little-dutch-bunny-ajatutaja-00.jpg","width":1000,"height":1000},{"@type":"BreadcrumbList","@id":"https:\/\/ajatutaja.com\/hr\/proizvod\/otroska-posteljnina-little-dutch-bunny-100x140-cm\/#breadcrumb","itemListElement":[{"@type":"ListItem","position":1,"name":"Home","item":"https:\/\/ajatutaja.com\/hr\/"},{"@type":"ListItem","position":2,"name":"Trgovina","item":"https:\/\/ajatutaja.com\/hr\/trgovina\/"},{"@type":"ListItem","position":3,"name":"Otro\u0161ka posteljnina Little Dutch &#8211; Bunny 100x140cm"}]},{"@type":"WebSite","@id":"https:\/\/ajatutaja.com\/#website","url":"https:\/\/ajatutaja.com\/","name":"Ajatutaja","description":"Otro\u0161ka spletna trgovina AJATUTAJA","publisher":{"@id":"https:\/\/ajatutaja.com\/#organization"},"potentialAction":[{"@type":"SearchAction","target":{"@type":"EntryPoint","urlTemplate":"https:\/\/ajatutaja.com\/?s={search_term_string}"},"query-input":{"@type":"PropertyValueSpecification","valueRequired":true,"valueName":"search_term_string"}}],"inLanguage":"hr"},{"@type":"Organization","@id":"https:\/\/ajatutaja.com\/#organization","name":"Ajatutaja","url":"https:\/\/ajatutaja.com\/","logo":{"@type":"ImageObject","inLanguage":"hr","@id":"https:\/\/ajatutaja.com\/#\/schema\/logo\/image\/","url":"https:\/\/ajatutaja.com\/wp-content\/uploads\/2021\/10\/logo.png","contentUrl":"https:\/\/ajatutaja.com\/wp-content\/uploads\/2021\/10\/logo.png","width":555,"height":150,"caption":"Ajatutaja"},"image":{"@id":"https:\/\/ajatutaja.com\/#\/schema\/logo\/image\/"}}]}},"brands":[{"id":2631,"name":"Little Dutch","slug":"little-dutch-spanje"},{"id":2611,"name":"Spanje","slug":"spanje"}],"_links":{"self":[{"href":"https:\/\/ajatutaja.com\/hr\/wp-json\/wp\/v2\/product\/61857","targetHints":{"allow":["GET"]}}],"collection":[{"href":"https:\/\/ajatutaja.com\/hr\/wp-json\/wp\/v2\/product"}],"about":[{"href":"https:\/\/ajatutaja.com\/hr\/wp-json\/wp\/v2\/types\/product"}],"wp:featuredmedia":[{"embeddable":true,"href":"https:\/\/ajatutaja.com\/hr\/wp-json\/wp\/v2\/media\/61869"}],"wp:attachment":[{"href":"https:\/\/ajatutaja.com\/hr\/wp-json\/wp\/v2\/media?parent=61857"}],"wp:term":[{"taxonomy":"pwb-brand","embeddable":true,"href":"https:\/\/ajatutaja.com\/hr\/wp-json\/wp\/v2\/pwb-brand?post=61857"},{"taxonomy":"product_brand","embeddable":true,"href":"https:\/\/ajatutaja.com\/hr\/wp-json\/wp\/v2\/product_brand?post=61857"},{"taxonomy":"product_cat","embeddable":true,"href":"https:\/\/ajatutaja.com\/hr\/wp-json\/wp\/v2\/product_cat?post=61857"},{"taxonomy":"product_tag","embeddable":true,"href":"https:\/\/ajatutaja.com\/hr\/wp-json\/wp\/v2\/product_tag?post=61857"}],"curies":[{"name":"wp","href":"https:\/\/api.w.org\/{rel}","templated":true}]}}