{"id":61231,"date":"2024-01-30T21:14:29","date_gmt":"2024-01-30T20:14:29","guid":{"rendered":"https:\/\/ajatutaja.com\/?post_type=product&#038;p=61231"},"modified":"2026-03-12T14:53:26","modified_gmt":"2026-03-12T13:53:26","slug":"elodie-cezramenska-previjalna-torba-za-vozicek-black","status":"publish","type":"product","link":"https:\/\/ajatutaja.com\/hr\/proizvod\/elodie-cezramenska-previjalna-torba-za-vozicek-black\/","title":{"rendered":"Elodie \u010dezramenska previjalna torba za vozi\u010dek &#8211; Black"},"content":{"rendered":"<p>[vc_row][vc_column][vc_column_text]<\/p>\n<h3>Lastnosti previjalne torbe za vozi\u010dek Elodie:<\/h3>\n<ul>\n<li>Torbici sta prilo\u017eena tako previjalna podloga, kot tudi nastavki, ki omogo\u010dajo name\u0161\u010danje na vozi\u010dek<\/li>\n<li>Dolg \u010dez ramenski trak, pa bo omogo\u010dali razli\u010dne na\u010dine no\u0161enja<\/li>\n<li>Prakti\u010dni \u017eepki bodo omogo\u010dali odli\u010dno organizacijo in preglednost nad vsebino v torbi<\/li>\n<li>Izoliran \u017eepek, ki je namenjen stekleni\u010dki<\/li>\n<li>Sestava: <span class=\"product-info__field-value\">100% Poliamid<\/span><\/li>\n<li>Dimenzije: 13.5x32x23cm<\/li>\n<li>Nega in vzdr\u017eevanje: ro\u010dno pranje in su\u0161enje na sve\u017eem zraku &#8211; dale\u010d od grelnih teles<\/li>\n<\/ul>\n<p>OPOZORILO! Ta izdelek ni igra\u010da. Zavrzite ob znakih po\u0161kodbe. Ta izdelek ni primeren za shranjevanje vro\u010dih napitkov. Ne preobremenite. Prevelika te\u017ea bi lahko povzro\u010dila, da se vozi\u010dek prevrne. Najprej odstranite torbico iz vozi\u010dka nato otroka. Izdelek uporabljajo samo odrasli.[\/vc_column_text][\/vc_column][\/vc_row]<\/p>\n","protected":false},"excerpt":{"rendered":"<p>\u010cezramenska previjalna torba blagovne znamke Elodie zdru\u017euje funkcionalnost ter dizajn in ni uporabna le kot torba za vozi\u010dek. Tako lepa in prakti\u010dna je, da jo boste z veseljem uporabljali tudi, ko bo otrok ve\u010dji.<\/p>\n","protected":false},"featured_media":61232,"template":"","meta":[],"pwb-brand":[2412,2409],"product_brand":[],"product_cat":[2361,2398,2373,2360],"product_tag":[4154,4158],"class_list":{"0":"post-61231","1":"product","2":"type-product","3":"status-publish","4":"has-post-thumbnail","6":"pwb-brand-elodie-potepanje","7":"pwb-brand-potepanje","8":"product_cat-potepanje","9":"product_cat-previjalne-torbe","10":"product_cat-previjalne-torbe-za-vozicek","11":"product_cat-vozicki","12":"product_tag-elodie","13":"product_tag-elodie-previjalne-torbe","15":"first","16":"instock","17":"taxable","18":"shipping-taxable","19":"purchasable","20":"product-type-simple","21":"add-to-wishlist-before_image"},"yoast_head":"<!-- This site is optimized with the Yoast SEO plugin v27.3 - https:\/\/yoast.com\/product\/yoast-seo-wordpress\/ -->\n<title>Elodie \u010dezramenska previjalna torba za vozi\u010dek - Black | Ajatutaja<\/title>\n<meta name=\"description\" content=\"\u010cezramenska previjalna torba blagovne znamke Elodie zdru\u017euje funkcionalnost ter dizajn in ni uporabna le kot torba za vozi\u010dek.\" \/>\n<meta name=\"robots\" content=\"index, follow, max-snippet:-1, max-image-preview:large, max-video-preview:-1\" \/>\n<link rel=\"canonical\" href=\"https:\/\/ajatutaja.com\/izdelek\/elodie-cezramenska-previjalna-torba-za-vozicek-black\/\" \/>\n<meta property=\"og:locale\" content=\"hr_HR\" \/>\n<meta property=\"og:type\" content=\"article\" \/>\n<meta property=\"og:title\" content=\"Elodie \u010dezramenska previjalna torba za vozi\u010dek - Black | Ajatutaja\" \/>\n<meta property=\"og:description\" content=\"\u010cezramenska previjalna torba blagovne znamke Elodie zdru\u017euje funkcionalnost ter dizajn in ni uporabna le kot torba za vozi\u010dek.\" \/>\n<meta property=\"og:url\" content=\"https:\/\/ajatutaja.com\/izdelek\/elodie-cezramenska-previjalna-torba-za-vozicek-black\/\" \/>\n<meta property=\"og:site_name\" content=\"Ajatutaja\" \/>\n<meta property=\"article:modified_time\" content=\"2026-03-12T13:53:26+00:00\" \/>\n<meta property=\"og:image\" content=\"https:\/\/ajatutaja.com\/wp-content\/uploads\/2024\/01\/Elodie-torba-white-black-1.jpg\" \/>\n\t<meta property=\"og:image:width\" content=\"500\" \/>\n\t<meta property=\"og:image:height\" content=\"500\" \/>\n\t<meta property=\"og:image:type\" content=\"image\/jpeg\" \/>\n<meta name=\"twitter:card\" content=\"summary_large_image\" \/>\n<meta name=\"twitter:label1\" content=\"Procijenjeno vrijeme \u010ditanja\" \/>\n\t<meta name=\"twitter:data1\" content=\"1 minuta\" \/>\n<script type=\"application\/ld+json\" class=\"yoast-schema-graph\">{\"@context\":\"https:\\\/\\\/schema.org\",\"@graph\":[{\"@type\":\"WebPage\",\"@id\":\"https:\\\/\\\/ajatutaja.com\\\/izdelek\\\/elodie-cezramenska-previjalna-torba-za-vozicek-black\\\/\",\"url\":\"https:\\\/\\\/ajatutaja.com\\\/izdelek\\\/elodie-cezramenska-previjalna-torba-za-vozicek-black\\\/\",\"name\":\"Elodie \u010dezramenska previjalna torba za vozi\u010dek - Black | Ajatutaja\",\"isPartOf\":{\"@id\":\"https:\\\/\\\/ajatutaja.com\\\/#website\"},\"primaryImageOfPage\":{\"@id\":\"https:\\\/\\\/ajatutaja.com\\\/izdelek\\\/elodie-cezramenska-previjalna-torba-za-vozicek-black\\\/#primaryimage\"},\"image\":{\"@id\":\"https:\\\/\\\/ajatutaja.com\\\/izdelek\\\/elodie-cezramenska-previjalna-torba-za-vozicek-black\\\/#primaryimage\"},\"thumbnailUrl\":\"https:\\\/\\\/ajatutaja.com\\\/wp-content\\\/uploads\\\/2024\\\/01\\\/Elodie-torba-white-black-1.jpg\",\"datePublished\":\"2024-01-30T20:14:29+00:00\",\"dateModified\":\"2026-03-12T13:53:26+00:00\",\"description\":\"\u010cezramenska previjalna torba blagovne znamke Elodie zdru\u017euje funkcionalnost ter dizajn in ni uporabna le kot torba za vozi\u010dek.\",\"breadcrumb\":{\"@id\":\"https:\\\/\\\/ajatutaja.com\\\/izdelek\\\/elodie-cezramenska-previjalna-torba-za-vozicek-black\\\/#breadcrumb\"},\"inLanguage\":\"hr\",\"potentialAction\":[{\"@type\":\"ReadAction\",\"target\":[\"https:\\\/\\\/ajatutaja.com\\\/izdelek\\\/elodie-cezramenska-previjalna-torba-za-vozicek-black\\\/\"]}]},{\"@type\":\"ImageObject\",\"inLanguage\":\"hr\",\"@id\":\"https:\\\/\\\/ajatutaja.com\\\/izdelek\\\/elodie-cezramenska-previjalna-torba-za-vozicek-black\\\/#primaryimage\",\"url\":\"https:\\\/\\\/ajatutaja.com\\\/wp-content\\\/uploads\\\/2024\\\/01\\\/Elodie-torba-white-black-1.jpg\",\"contentUrl\":\"https:\\\/\\\/ajatutaja.com\\\/wp-content\\\/uploads\\\/2024\\\/01\\\/Elodie-torba-white-black-1.jpg\",\"width\":500,\"height\":500},{\"@type\":\"BreadcrumbList\",\"@id\":\"https:\\\/\\\/ajatutaja.com\\\/izdelek\\\/elodie-cezramenska-previjalna-torba-za-vozicek-black\\\/#breadcrumb\",\"itemListElement\":[{\"@type\":\"ListItem\",\"position\":1,\"name\":\"Home\",\"item\":\"https:\\\/\\\/ajatutaja.com\\\/hr\\\/\"},{\"@type\":\"ListItem\",\"position\":2,\"name\":\"Trgovina\",\"item\":\"https:\\\/\\\/ajatutaja.com\\\/hr\\\/trgovina\\\/\"},{\"@type\":\"ListItem\",\"position\":3,\"name\":\"Elodie \u010dezramenska previjalna torba za vozi\u010dek &#8211; Black\"}]},{\"@type\":\"WebSite\",\"@id\":\"https:\\\/\\\/ajatutaja.com\\\/#website\",\"url\":\"https:\\\/\\\/ajatutaja.com\\\/\",\"name\":\"Ajatutaja\",\"description\":\"Otro\u0161ka spletna trgovina AJATUTAJA\",\"publisher\":{\"@id\":\"https:\\\/\\\/ajatutaja.com\\\/#organization\"},\"potentialAction\":[{\"@type\":\"SearchAction\",\"target\":{\"@type\":\"EntryPoint\",\"urlTemplate\":\"https:\\\/\\\/ajatutaja.com\\\/?s={search_term_string}\"},\"query-input\":{\"@type\":\"PropertyValueSpecification\",\"valueRequired\":true,\"valueName\":\"search_term_string\"}}],\"inLanguage\":\"hr\"},{\"@type\":\"Organization\",\"@id\":\"https:\\\/\\\/ajatutaja.com\\\/#organization\",\"name\":\"Ajatutaja\",\"url\":\"https:\\\/\\\/ajatutaja.com\\\/\",\"logo\":{\"@type\":\"ImageObject\",\"inLanguage\":\"hr\",\"@id\":\"https:\\\/\\\/ajatutaja.com\\\/#\\\/schema\\\/logo\\\/image\\\/\",\"url\":\"https:\\\/\\\/ajatutaja.com\\\/wp-content\\\/uploads\\\/2021\\\/10\\\/logo.png\",\"contentUrl\":\"https:\\\/\\\/ajatutaja.com\\\/wp-content\\\/uploads\\\/2021\\\/10\\\/logo.png\",\"width\":555,\"height\":150,\"caption\":\"Ajatutaja\"},\"image\":{\"@id\":\"https:\\\/\\\/ajatutaja.com\\\/#\\\/schema\\\/logo\\\/image\\\/\"}}]}<\/script>\n<!-- \/ Yoast SEO plugin. -->","yoast_head_json":{"title":"Elodie \u010dezramenska previjalna torba za vozi\u010dek - Black | Ajatutaja","description":"\u010cezramenska previjalna torba blagovne znamke Elodie zdru\u017euje funkcionalnost ter dizajn in ni uporabna le kot torba za vozi\u010dek.","robots":{"index":"index","follow":"follow","max-snippet":"max-snippet:-1","max-image-preview":"max-image-preview:large","max-video-preview":"max-video-preview:-1"},"canonical":"https:\/\/ajatutaja.com\/izdelek\/elodie-cezramenska-previjalna-torba-za-vozicek-black\/","og_locale":"hr_HR","og_type":"article","og_title":"Elodie \u010dezramenska previjalna torba za vozi\u010dek - Black | Ajatutaja","og_description":"\u010cezramenska previjalna torba blagovne znamke Elodie zdru\u017euje funkcionalnost ter dizajn in ni uporabna le kot torba za vozi\u010dek.","og_url":"https:\/\/ajatutaja.com\/izdelek\/elodie-cezramenska-previjalna-torba-za-vozicek-black\/","og_site_name":"Ajatutaja","article_modified_time":"2026-03-12T13:53:26+00:00","og_image":[{"width":500,"height":500,"url":"https:\/\/ajatutaja.com\/wp-content\/uploads\/2024\/01\/Elodie-torba-white-black-1.jpg","type":"image\/jpeg"}],"twitter_card":"summary_large_image","twitter_misc":{"Procijenjeno vrijeme \u010ditanja":"1 minuta"},"schema":{"@context":"https:\/\/schema.org","@graph":[{"@type":"WebPage","@id":"https:\/\/ajatutaja.com\/izdelek\/elodie-cezramenska-previjalna-torba-za-vozicek-black\/","url":"https:\/\/ajatutaja.com\/izdelek\/elodie-cezramenska-previjalna-torba-za-vozicek-black\/","name":"Elodie \u010dezramenska previjalna torba za vozi\u010dek - Black | Ajatutaja","isPartOf":{"@id":"https:\/\/ajatutaja.com\/#website"},"primaryImageOfPage":{"@id":"https:\/\/ajatutaja.com\/izdelek\/elodie-cezramenska-previjalna-torba-za-vozicek-black\/#primaryimage"},"image":{"@id":"https:\/\/ajatutaja.com\/izdelek\/elodie-cezramenska-previjalna-torba-za-vozicek-black\/#primaryimage"},"thumbnailUrl":"https:\/\/ajatutaja.com\/wp-content\/uploads\/2024\/01\/Elodie-torba-white-black-1.jpg","datePublished":"2024-01-30T20:14:29+00:00","dateModified":"2026-03-12T13:53:26+00:00","description":"\u010cezramenska previjalna torba blagovne znamke Elodie zdru\u017euje funkcionalnost ter dizajn in ni uporabna le kot torba za vozi\u010dek.","breadcrumb":{"@id":"https:\/\/ajatutaja.com\/izdelek\/elodie-cezramenska-previjalna-torba-za-vozicek-black\/#breadcrumb"},"inLanguage":"hr","potentialAction":[{"@type":"ReadAction","target":["https:\/\/ajatutaja.com\/izdelek\/elodie-cezramenska-previjalna-torba-za-vozicek-black\/"]}]},{"@type":"ImageObject","inLanguage":"hr","@id":"https:\/\/ajatutaja.com\/izdelek\/elodie-cezramenska-previjalna-torba-za-vozicek-black\/#primaryimage","url":"https:\/\/ajatutaja.com\/wp-content\/uploads\/2024\/01\/Elodie-torba-white-black-1.jpg","contentUrl":"https:\/\/ajatutaja.com\/wp-content\/uploads\/2024\/01\/Elodie-torba-white-black-1.jpg","width":500,"height":500},{"@type":"BreadcrumbList","@id":"https:\/\/ajatutaja.com\/izdelek\/elodie-cezramenska-previjalna-torba-za-vozicek-black\/#breadcrumb","itemListElement":[{"@type":"ListItem","position":1,"name":"Home","item":"https:\/\/ajatutaja.com\/hr\/"},{"@type":"ListItem","position":2,"name":"Trgovina","item":"https:\/\/ajatutaja.com\/hr\/trgovina\/"},{"@type":"ListItem","position":3,"name":"Elodie \u010dezramenska previjalna torba za vozi\u010dek &#8211; Black"}]},{"@type":"WebSite","@id":"https:\/\/ajatutaja.com\/#website","url":"https:\/\/ajatutaja.com\/","name":"Ajatutaja","description":"Otro\u0161ka spletna trgovina AJATUTAJA","publisher":{"@id":"https:\/\/ajatutaja.com\/#organization"},"potentialAction":[{"@type":"SearchAction","target":{"@type":"EntryPoint","urlTemplate":"https:\/\/ajatutaja.com\/?s={search_term_string}"},"query-input":{"@type":"PropertyValueSpecification","valueRequired":true,"valueName":"search_term_string"}}],"inLanguage":"hr"},{"@type":"Organization","@id":"https:\/\/ajatutaja.com\/#organization","name":"Ajatutaja","url":"https:\/\/ajatutaja.com\/","logo":{"@type":"ImageObject","inLanguage":"hr","@id":"https:\/\/ajatutaja.com\/#\/schema\/logo\/image\/","url":"https:\/\/ajatutaja.com\/wp-content\/uploads\/2021\/10\/logo.png","contentUrl":"https:\/\/ajatutaja.com\/wp-content\/uploads\/2021\/10\/logo.png","width":555,"height":150,"caption":"Ajatutaja"},"image":{"@id":"https:\/\/ajatutaja.com\/#\/schema\/logo\/image\/"}}]}},"brands":[{"id":2412,"name":"Elodie","slug":"elodie-potepanje"},{"id":2409,"name":"Potepanje","slug":"potepanje"}],"_links":{"self":[{"href":"https:\/\/ajatutaja.com\/hr\/wp-json\/wp\/v2\/product\/61231","targetHints":{"allow":["GET"]}}],"collection":[{"href":"https:\/\/ajatutaja.com\/hr\/wp-json\/wp\/v2\/product"}],"about":[{"href":"https:\/\/ajatutaja.com\/hr\/wp-json\/wp\/v2\/types\/product"}],"wp:featuredmedia":[{"embeddable":true,"href":"https:\/\/ajatutaja.com\/hr\/wp-json\/wp\/v2\/media\/61232"}],"wp:attachment":[{"href":"https:\/\/ajatutaja.com\/hr\/wp-json\/wp\/v2\/media?parent=61231"}],"wp:term":[{"taxonomy":"pwb-brand","embeddable":true,"href":"https:\/\/ajatutaja.com\/hr\/wp-json\/wp\/v2\/pwb-brand?post=61231"},{"taxonomy":"product_brand","embeddable":true,"href":"https:\/\/ajatutaja.com\/hr\/wp-json\/wp\/v2\/product_brand?post=61231"},{"taxonomy":"product_cat","embeddable":true,"href":"https:\/\/ajatutaja.com\/hr\/wp-json\/wp\/v2\/product_cat?post=61231"},{"taxonomy":"product_tag","embeddable":true,"href":"https:\/\/ajatutaja.com\/hr\/wp-json\/wp\/v2\/product_tag?post=61231"}],"curies":[{"name":"wp","href":"https:\/\/api.w.org\/{rel}","templated":true}]}}