{"id":61050,"date":"2024-01-27T08:50:45","date_gmt":"2024-01-27T07:50:45","guid":{"rendered":"https:\/\/ajatutaja.com\/?post_type=product&#038;p=61050"},"modified":"2026-04-13T16:58:42","modified_gmt":"2026-04-13T14:58:42","slug":"dr-browns-duda-prevent-pak-2-0-6m-leo","status":"publish","type":"product","link":"https:\/\/ajatutaja.com\/hr\/proizvod\/dr-browns-duda-prevent-pak-2-0-6m-leo\/","title":{"rendered":"Dr. Brown\u2019s duda PreVent\u2122 pak.2 (0-6m) Leo"},"content":{"rendered":"<p>[vc_row][vc_column][vc_column_text]Otro\u0161ka ortodontska duda\u00a0 Dr. Brown\u2019s PreVent\u2122\u00a0 ima 100% silikonski cucelj, ki jo je zasnoval pediatri\u010dni zobozdravnik, ima patentiran zra\u010dni kanal in tanko bazo, ki skupaj zmanj\u0161ata pritisk v dojen\u010dkovih ustih in pomagata pri prepre\u010devanju te\u017eav z zobmi v prihodnosti (npr. posteriorni navzkri\u017eni ugriz).<\/p>\n<h4>Lastnosti ortodontske dude Dr. Brown\u2019s PreVent\u2122 :<\/h4>\n<div id=\"description\" class=\"tab-pane fade in active\">\n<div class=\"product-description\">\n<ul>\n<li>Set vsebuje: 2 ortodontski dudi, 2 pokrov\u010dka, 1 prozorno \u0161katlico.<\/li>\n<li>Primerna za otroke starosti 0-6 mes<\/li>\n<li>Oblika dude in cuclja z zra\u010dnim kanalom je bila zasnovana s strani pediatri\u010dnega zobozdravnika v ZDA<\/li>\n<li>Ortodontska oblika dude je namenjena prepre\u010devanju te\u017eav z zobmi, kot je posteriorni navzkri\u017eni ugriz<\/li>\n<li>Oblika metulj\u010dka, da se ukrivi stran od li\u010dk in noska in jih tako ne moti<\/li>\n<li>Glow in the Dark, kar omogo\u010da otroku, da jo pono\u010di najde sam; enostavno se \u00bbnapolni\u00ab z dnevno svetlobo, da sveti pono\u010di<\/li>\n<li>Vzdr\u017eevanje:Varno za pomivanje v pomivalnem stroju (na zgornji re\u0161etki) in za uporabo v sterilizatorju.<\/li>\n<li>Material: 100% silikon. Ne vsebuje BPA.<\/li>\n<\/ul>\n<\/div>\n<\/div>\n<p>[\/vc_column_text][\/vc_column][\/vc_row]<\/p>\n","protected":false},"excerpt":{"rendered":"<p>Dr. Brown\u2019s duda PreVent\u2122 s silikonskim cucljem ima patentiran zra\u010dni kanal in tanko bazo, ki skupaj zmanj\u0161ata pritisk v dojen\u010dkovih ustih in pomagata pri prepre\u010devanju kasnej\u0161ih te\u017eav z zobmi (npr. posteriorni navzkri\u017eni ugriz). Nepogre\u0161ljiva tudi pono\u010di, saj se sveti!<\/p>\n","protected":false},"featured_media":61028,"template":"","meta":[],"pwb-brand":[5426,2269],"product_brand":[],"product_cat":[2306,2266],"product_tag":[5446],"class_list":{"0":"post-61050","1":"product","2":"type-product","3":"status-publish","4":"has-post-thumbnail","6":"pwb-brand-dr-browns","7":"pwb-brand-hranjenje","8":"product_cat-dude-in-priponke","9":"product_cat-hranjenje","10":"product_tag-dr-browns-prevent-dude","12":"first","13":"instock","14":"taxable","15":"shipping-taxable","16":"purchasable","17":"product-type-simple","18":"add-to-wishlist-before_image"},"yoast_head":"<!-- This site is optimized with the Yoast SEO plugin v27.3 - https:\/\/yoast.com\/product\/yoast-seo-wordpress\/ -->\n<title>Dr. Brown\u2019s duda PreVent\u2122 pak.2 (0-6m) Leo | Ajatutaja<\/title>\n<meta name=\"description\" content=\"Dr. Brown\u2019s duda PreVent s silikonskim cucljem ima patentiran zra\u010dni kanal in tanko bazo, ki skupaj zmanj\u0161ata pritisk v dojen\u010dkovih ustih in pomagata pri prepre\u010devanju kasnej\u0161ih te\u017eav z zobmi (npr. posteriorni navzkri\u017eni ugriz).\" \/>\n<meta name=\"robots\" content=\"index, follow, max-snippet:-1, max-image-preview:large, max-video-preview:-1\" \/>\n<link rel=\"canonical\" href=\"https:\/\/ajatutaja.com\/izdelek\/dr-browns-duda-prevent-pak-2-0-6m-leo\/\" \/>\n<meta property=\"og:locale\" content=\"hr_HR\" \/>\n<meta property=\"og:type\" content=\"article\" \/>\n<meta property=\"og:title\" content=\"Dr. Brown\u2019s duda PreVent\u2122 pak.2 (0-6m) Leo | Ajatutaja\" \/>\n<meta property=\"og:description\" content=\"Dr. Brown\u2019s duda PreVent s silikonskim cucljem ima patentiran zra\u010dni kanal in tanko bazo, ki skupaj zmanj\u0161ata pritisk v dojen\u010dkovih ustih in pomagata pri prepre\u010devanju kasnej\u0161ih te\u017eav z zobmi (npr. posteriorni navzkri\u017eni ugriz).\" \/>\n<meta property=\"og:url\" content=\"https:\/\/ajatutaja.com\/izdelek\/dr-browns-duda-prevent-pak-2-0-6m-leo\/\" \/>\n<meta property=\"og:site_name\" content=\"Ajatutaja\" \/>\n<meta property=\"article:modified_time\" content=\"2026-04-13T14:58:42+00:00\" \/>\n<meta property=\"og:image\" content=\"https:\/\/ajatutaja.com\/wp-content\/uploads\/2024\/01\/Dr-brown-s-duda-prevent-0-6-mesecev-modra-1.jpg\" \/>\n\t<meta property=\"og:image:width\" content=\"1000\" \/>\n\t<meta property=\"og:image:height\" content=\"1300\" \/>\n\t<meta property=\"og:image:type\" content=\"image\/jpeg\" \/>\n<meta name=\"twitter:card\" content=\"summary_large_image\" \/>\n<meta name=\"twitter:label1\" content=\"Procijenjeno vrijeme \u010ditanja\" \/>\n\t<meta name=\"twitter:data1\" content=\"1 minuta\" \/>\n<script type=\"application\/ld+json\" class=\"yoast-schema-graph\">{\"@context\":\"https:\\\/\\\/schema.org\",\"@graph\":[{\"@type\":\"WebPage\",\"@id\":\"https:\\\/\\\/ajatutaja.com\\\/izdelek\\\/dr-browns-duda-prevent-pak-2-0-6m-leo\\\/\",\"url\":\"https:\\\/\\\/ajatutaja.com\\\/izdelek\\\/dr-browns-duda-prevent-pak-2-0-6m-leo\\\/\",\"name\":\"Dr. Brown\u2019s duda PreVent\u2122 pak.2 (0-6m) Leo | Ajatutaja\",\"isPartOf\":{\"@id\":\"https:\\\/\\\/ajatutaja.com\\\/#website\"},\"primaryImageOfPage\":{\"@id\":\"https:\\\/\\\/ajatutaja.com\\\/izdelek\\\/dr-browns-duda-prevent-pak-2-0-6m-leo\\\/#primaryimage\"},\"image\":{\"@id\":\"https:\\\/\\\/ajatutaja.com\\\/izdelek\\\/dr-browns-duda-prevent-pak-2-0-6m-leo\\\/#primaryimage\"},\"thumbnailUrl\":\"https:\\\/\\\/ajatutaja.com\\\/wp-content\\\/uploads\\\/2024\\\/01\\\/Dr-brown-s-duda-prevent-0-6-mesecev-modra-1.jpg\",\"datePublished\":\"2024-01-27T07:50:45+00:00\",\"dateModified\":\"2026-04-13T14:58:42+00:00\",\"description\":\"Dr. Brown\u2019s duda PreVent s silikonskim cucljem ima patentiran zra\u010dni kanal in tanko bazo, ki skupaj zmanj\u0161ata pritisk v dojen\u010dkovih ustih in pomagata pri prepre\u010devanju kasnej\u0161ih te\u017eav z zobmi (npr. posteriorni navzkri\u017eni ugriz).\",\"breadcrumb\":{\"@id\":\"https:\\\/\\\/ajatutaja.com\\\/izdelek\\\/dr-browns-duda-prevent-pak-2-0-6m-leo\\\/#breadcrumb\"},\"inLanguage\":\"hr\",\"potentialAction\":[{\"@type\":\"ReadAction\",\"target\":[\"https:\\\/\\\/ajatutaja.com\\\/izdelek\\\/dr-browns-duda-prevent-pak-2-0-6m-leo\\\/\"]}]},{\"@type\":\"ImageObject\",\"inLanguage\":\"hr\",\"@id\":\"https:\\\/\\\/ajatutaja.com\\\/izdelek\\\/dr-browns-duda-prevent-pak-2-0-6m-leo\\\/#primaryimage\",\"url\":\"https:\\\/\\\/ajatutaja.com\\\/wp-content\\\/uploads\\\/2024\\\/01\\\/Dr-brown-s-duda-prevent-0-6-mesecev-modra-1.jpg\",\"contentUrl\":\"https:\\\/\\\/ajatutaja.com\\\/wp-content\\\/uploads\\\/2024\\\/01\\\/Dr-brown-s-duda-prevent-0-6-mesecev-modra-1.jpg\",\"width\":1000,\"height\":1300},{\"@type\":\"BreadcrumbList\",\"@id\":\"https:\\\/\\\/ajatutaja.com\\\/izdelek\\\/dr-browns-duda-prevent-pak-2-0-6m-leo\\\/#breadcrumb\",\"itemListElement\":[{\"@type\":\"ListItem\",\"position\":1,\"name\":\"Home\",\"item\":\"https:\\\/\\\/ajatutaja.com\\\/hr\\\/\"},{\"@type\":\"ListItem\",\"position\":2,\"name\":\"Trgovina\",\"item\":\"https:\\\/\\\/ajatutaja.com\\\/hr\\\/trgovina\\\/\"},{\"@type\":\"ListItem\",\"position\":3,\"name\":\"Dr. Brown\u2019s duda PreVent\u2122 pak.2 (0-6m) Leo\"}]},{\"@type\":\"WebSite\",\"@id\":\"https:\\\/\\\/ajatutaja.com\\\/#website\",\"url\":\"https:\\\/\\\/ajatutaja.com\\\/\",\"name\":\"Ajatutaja\",\"description\":\"Otro\u0161ka spletna trgovina AJATUTAJA\",\"publisher\":{\"@id\":\"https:\\\/\\\/ajatutaja.com\\\/#organization\"},\"potentialAction\":[{\"@type\":\"SearchAction\",\"target\":{\"@type\":\"EntryPoint\",\"urlTemplate\":\"https:\\\/\\\/ajatutaja.com\\\/?s={search_term_string}\"},\"query-input\":{\"@type\":\"PropertyValueSpecification\",\"valueRequired\":true,\"valueName\":\"search_term_string\"}}],\"inLanguage\":\"hr\"},{\"@type\":\"Organization\",\"@id\":\"https:\\\/\\\/ajatutaja.com\\\/#organization\",\"name\":\"Ajatutaja\",\"url\":\"https:\\\/\\\/ajatutaja.com\\\/\",\"logo\":{\"@type\":\"ImageObject\",\"inLanguage\":\"hr\",\"@id\":\"https:\\\/\\\/ajatutaja.com\\\/#\\\/schema\\\/logo\\\/image\\\/\",\"url\":\"https:\\\/\\\/ajatutaja.com\\\/wp-content\\\/uploads\\\/2021\\\/10\\\/logo.png\",\"contentUrl\":\"https:\\\/\\\/ajatutaja.com\\\/wp-content\\\/uploads\\\/2021\\\/10\\\/logo.png\",\"width\":555,\"height\":150,\"caption\":\"Ajatutaja\"},\"image\":{\"@id\":\"https:\\\/\\\/ajatutaja.com\\\/#\\\/schema\\\/logo\\\/image\\\/\"}}]}<\/script>\n<!-- \/ Yoast SEO plugin. -->","yoast_head_json":{"title":"Dr. Brown\u2019s duda PreVent\u2122 pak.2 (0-6m) Leo | Ajatutaja","description":"Dr. Brown\u2019s duda PreVent s silikonskim cucljem ima patentiran zra\u010dni kanal in tanko bazo, ki skupaj zmanj\u0161ata pritisk v dojen\u010dkovih ustih in pomagata pri prepre\u010devanju kasnej\u0161ih te\u017eav z zobmi (npr. posteriorni navzkri\u017eni ugriz).","robots":{"index":"index","follow":"follow","max-snippet":"max-snippet:-1","max-image-preview":"max-image-preview:large","max-video-preview":"max-video-preview:-1"},"canonical":"https:\/\/ajatutaja.com\/izdelek\/dr-browns-duda-prevent-pak-2-0-6m-leo\/","og_locale":"hr_HR","og_type":"article","og_title":"Dr. Brown\u2019s duda PreVent\u2122 pak.2 (0-6m) Leo | Ajatutaja","og_description":"Dr. Brown\u2019s duda PreVent s silikonskim cucljem ima patentiran zra\u010dni kanal in tanko bazo, ki skupaj zmanj\u0161ata pritisk v dojen\u010dkovih ustih in pomagata pri prepre\u010devanju kasnej\u0161ih te\u017eav z zobmi (npr. posteriorni navzkri\u017eni ugriz).","og_url":"https:\/\/ajatutaja.com\/izdelek\/dr-browns-duda-prevent-pak-2-0-6m-leo\/","og_site_name":"Ajatutaja","article_modified_time":"2026-04-13T14:58:42+00:00","og_image":[{"width":1000,"height":1300,"url":"https:\/\/ajatutaja.com\/wp-content\/uploads\/2024\/01\/Dr-brown-s-duda-prevent-0-6-mesecev-modra-1.jpg","type":"image\/jpeg"}],"twitter_card":"summary_large_image","twitter_misc":{"Procijenjeno vrijeme \u010ditanja":"1 minuta"},"schema":{"@context":"https:\/\/schema.org","@graph":[{"@type":"WebPage","@id":"https:\/\/ajatutaja.com\/izdelek\/dr-browns-duda-prevent-pak-2-0-6m-leo\/","url":"https:\/\/ajatutaja.com\/izdelek\/dr-browns-duda-prevent-pak-2-0-6m-leo\/","name":"Dr. Brown\u2019s duda PreVent\u2122 pak.2 (0-6m) Leo | Ajatutaja","isPartOf":{"@id":"https:\/\/ajatutaja.com\/#website"},"primaryImageOfPage":{"@id":"https:\/\/ajatutaja.com\/izdelek\/dr-browns-duda-prevent-pak-2-0-6m-leo\/#primaryimage"},"image":{"@id":"https:\/\/ajatutaja.com\/izdelek\/dr-browns-duda-prevent-pak-2-0-6m-leo\/#primaryimage"},"thumbnailUrl":"https:\/\/ajatutaja.com\/wp-content\/uploads\/2024\/01\/Dr-brown-s-duda-prevent-0-6-mesecev-modra-1.jpg","datePublished":"2024-01-27T07:50:45+00:00","dateModified":"2026-04-13T14:58:42+00:00","description":"Dr. Brown\u2019s duda PreVent s silikonskim cucljem ima patentiran zra\u010dni kanal in tanko bazo, ki skupaj zmanj\u0161ata pritisk v dojen\u010dkovih ustih in pomagata pri prepre\u010devanju kasnej\u0161ih te\u017eav z zobmi (npr. posteriorni navzkri\u017eni ugriz).","breadcrumb":{"@id":"https:\/\/ajatutaja.com\/izdelek\/dr-browns-duda-prevent-pak-2-0-6m-leo\/#breadcrumb"},"inLanguage":"hr","potentialAction":[{"@type":"ReadAction","target":["https:\/\/ajatutaja.com\/izdelek\/dr-browns-duda-prevent-pak-2-0-6m-leo\/"]}]},{"@type":"ImageObject","inLanguage":"hr","@id":"https:\/\/ajatutaja.com\/izdelek\/dr-browns-duda-prevent-pak-2-0-6m-leo\/#primaryimage","url":"https:\/\/ajatutaja.com\/wp-content\/uploads\/2024\/01\/Dr-brown-s-duda-prevent-0-6-mesecev-modra-1.jpg","contentUrl":"https:\/\/ajatutaja.com\/wp-content\/uploads\/2024\/01\/Dr-brown-s-duda-prevent-0-6-mesecev-modra-1.jpg","width":1000,"height":1300},{"@type":"BreadcrumbList","@id":"https:\/\/ajatutaja.com\/izdelek\/dr-browns-duda-prevent-pak-2-0-6m-leo\/#breadcrumb","itemListElement":[{"@type":"ListItem","position":1,"name":"Home","item":"https:\/\/ajatutaja.com\/hr\/"},{"@type":"ListItem","position":2,"name":"Trgovina","item":"https:\/\/ajatutaja.com\/hr\/trgovina\/"},{"@type":"ListItem","position":3,"name":"Dr. Brown\u2019s duda PreVent\u2122 pak.2 (0-6m) Leo"}]},{"@type":"WebSite","@id":"https:\/\/ajatutaja.com\/#website","url":"https:\/\/ajatutaja.com\/","name":"Ajatutaja","description":"Otro\u0161ka spletna trgovina AJATUTAJA","publisher":{"@id":"https:\/\/ajatutaja.com\/#organization"},"potentialAction":[{"@type":"SearchAction","target":{"@type":"EntryPoint","urlTemplate":"https:\/\/ajatutaja.com\/?s={search_term_string}"},"query-input":{"@type":"PropertyValueSpecification","valueRequired":true,"valueName":"search_term_string"}}],"inLanguage":"hr"},{"@type":"Organization","@id":"https:\/\/ajatutaja.com\/#organization","name":"Ajatutaja","url":"https:\/\/ajatutaja.com\/","logo":{"@type":"ImageObject","inLanguage":"hr","@id":"https:\/\/ajatutaja.com\/#\/schema\/logo\/image\/","url":"https:\/\/ajatutaja.com\/wp-content\/uploads\/2021\/10\/logo.png","contentUrl":"https:\/\/ajatutaja.com\/wp-content\/uploads\/2021\/10\/logo.png","width":555,"height":150,"caption":"Ajatutaja"},"image":{"@id":"https:\/\/ajatutaja.com\/#\/schema\/logo\/image\/"}}]}},"brands":[{"id":5426,"name":"Dr. Brown\u2019s","slug":"dr-browns"},{"id":2269,"name":"Hranjenje","slug":"hranjenje"}],"_links":{"self":[{"href":"https:\/\/ajatutaja.com\/hr\/wp-json\/wp\/v2\/product\/61050","targetHints":{"allow":["GET"]}}],"collection":[{"href":"https:\/\/ajatutaja.com\/hr\/wp-json\/wp\/v2\/product"}],"about":[{"href":"https:\/\/ajatutaja.com\/hr\/wp-json\/wp\/v2\/types\/product"}],"wp:featuredmedia":[{"embeddable":true,"href":"https:\/\/ajatutaja.com\/hr\/wp-json\/wp\/v2\/media\/61028"}],"wp:attachment":[{"href":"https:\/\/ajatutaja.com\/hr\/wp-json\/wp\/v2\/media?parent=61050"}],"wp:term":[{"taxonomy":"pwb-brand","embeddable":true,"href":"https:\/\/ajatutaja.com\/hr\/wp-json\/wp\/v2\/pwb-brand?post=61050"},{"taxonomy":"product_brand","embeddable":true,"href":"https:\/\/ajatutaja.com\/hr\/wp-json\/wp\/v2\/product_brand?post=61050"},{"taxonomy":"product_cat","embeddable":true,"href":"https:\/\/ajatutaja.com\/hr\/wp-json\/wp\/v2\/product_cat?post=61050"},{"taxonomy":"product_tag","embeddable":true,"href":"https:\/\/ajatutaja.com\/hr\/wp-json\/wp\/v2\/product_tag?post=61050"}],"curies":[{"name":"wp","href":"https:\/\/api.w.org\/{rel}","templated":true}]}}