{"id":60998,"date":"2024-01-25T22:00:40","date_gmt":"2024-01-25T21:00:40","guid":{"rendered":"https:\/\/ajatutaja.com\/?post_type=product&#038;p=60998"},"modified":"2024-10-31T09:55:49","modified_gmt":"2024-10-31T08:55:49","slug":"angelcare-soft-touch-sedez-za-kopanje-otroka","status":"publish","type":"product","link":"https:\/\/ajatutaja.com\/hr\/proizvod\/angelcare-soft-touch-sedez-za-kopanje-otroka\/","title":{"rendered":"Angelcare\u00ae Soft touch sede\u017e za kopanje otroka (6 m+)"},"content":{"rendered":"<p>[vc_row][vc_column][vc_column_text]<\/p>\n<h3>Lastnosti sede\u017ea za kopanje Angelcare\u00ae Soft touch<\/h3>\n<ul>\n<li>Primerno za otoke, ki \u017ee samostojno sedijo od 6.meseca do 10.meseca starosti<\/li>\n<li>Maksimalna obremenitev: 11 kg<\/li>\n<li>Ergonomi\u010dna oblika brez ostrih robov<\/li>\n<li>Trpe\u017een material, mehak na dotik in odporen proti plesni<\/li>\n<li>Luknji\u010dasto dno za odtekanje vode in hitro su\u0161enje<\/li>\n<li>Priseski zagotavljajo stabilnost med kopanjem<\/li>\n<li>Izdelan iz lahke in trpe\u017ene plastike in plasti mehke plasti TPE (material je odporen proti plesni)<\/li>\n<li>Zanka na vrhu za la\u017eje shranjevanje<\/li>\n<li>Na voljo v roza, modri in sivi barvi<\/li>\n<\/ul>\n<p>[\/vc_column_text][\/vc_column][\/vc_row]<\/p>\n","protected":false},"excerpt":{"rendered":"<p>Angelcare\u00ae Soft Touch je inovativen sede\u017e za kopanje otroka, ki bo poskrbel, da bo va\u0161emu otroku kopanje kar se da zabavno &#8211; predvsem pa varno. Sede\u017e Angelcare se enostavno namesti s priseski na gladko povr\u0161ino doma\u010de kadi ali tu\u0161 kabine s pomo\u010djo, posede se vanj otroka in zabava v vodi se lahko pri\u010dne!<\/p>\n<p>3 barve na voljo!<\/p>\n","protected":false},"featured_media":60987,"template":"","meta":[],"pwb-brand":[5442,2658],"product_brand":[],"product_cat":[2644,2608],"product_tag":[5444],"class_list":{"0":"post-60998","1":"product","2":"type-product","3":"status-publish","4":"has-post-thumbnail","6":"pwb-brand-angelcare","7":"pwb-brand-nega-in-kopanje","8":"product_cat-banjice-in-stojala","9":"product_cat-nega-in-kopanje","10":"product_tag-angelcare","12":"first","13":"instock","14":"taxable","15":"shipping-taxable","16":"purchasable","17":"product-type-variable","18":"add-to-wishlist-before_image"},"yoast_head":"<!-- This site is optimized with the Yoast SEO plugin v27.3 - https:\/\/yoast.com\/product\/yoast-seo-wordpress\/ -->\n<title>Angelcare\u00ae Soft touch sede\u017e za kopanje otroka (6 m+) | Ajatutaja<\/title>\n<meta name=\"description\" content=\"Angelcare Soft Touch je inovativen sede\u017e za kopanje otroka, ki bo poskrbel, da bo va\u0161emu otroku kopanje kar se da zabavno - predvsem pa varno.\" \/>\n<meta name=\"robots\" content=\"index, follow, max-snippet:-1, max-image-preview:large, max-video-preview:-1\" \/>\n<link rel=\"canonical\" href=\"https:\/\/ajatutaja.com\/izdelek\/angelcare-soft-touch-sedez-za-kopanje-otroka\/\" \/>\n<meta property=\"og:locale\" content=\"hr_HR\" \/>\n<meta property=\"og:type\" content=\"article\" \/>\n<meta property=\"og:title\" content=\"Angelcare\u00ae Soft touch sede\u017e za kopanje otroka (6 m+) | Ajatutaja\" \/>\n<meta property=\"og:description\" content=\"Angelcare Soft Touch je inovativen sede\u017e za kopanje otroka, ki bo poskrbel, da bo va\u0161emu otroku kopanje kar se da zabavno - predvsem pa varno.\" \/>\n<meta property=\"og:url\" content=\"https:\/\/ajatutaja.com\/izdelek\/angelcare-soft-touch-sedez-za-kopanje-otroka\/\" \/>\n<meta property=\"og:site_name\" content=\"Ajatutaja\" \/>\n<meta property=\"article:modified_time\" content=\"2024-10-31T08:55:49+00:00\" \/>\n<meta property=\"og:image\" content=\"https:\/\/ajatutaja.com\/wp-content\/uploads\/2024\/01\/angelcare-soft-touch-bath-seat-grey.jpg\" \/>\n\t<meta property=\"og:image:width\" content=\"1280\" \/>\n\t<meta property=\"og:image:height\" content=\"1280\" \/>\n\t<meta property=\"og:image:type\" content=\"image\/jpeg\" \/>\n<meta name=\"twitter:card\" content=\"summary_large_image\" \/>\n<meta name=\"twitter:label1\" content=\"Procijenjeno vrijeme \u010ditanja\" \/>\n\t<meta name=\"twitter:data1\" content=\"1 minuta\" \/>\n<script type=\"application\/ld+json\" class=\"yoast-schema-graph\">{\"@context\":\"https:\\\/\\\/schema.org\",\"@graph\":[{\"@type\":\"WebPage\",\"@id\":\"https:\\\/\\\/ajatutaja.com\\\/izdelek\\\/angelcare-soft-touch-sedez-za-kopanje-otroka\\\/\",\"url\":\"https:\\\/\\\/ajatutaja.com\\\/izdelek\\\/angelcare-soft-touch-sedez-za-kopanje-otroka\\\/\",\"name\":\"Angelcare\u00ae Soft touch sede\u017e za kopanje otroka (6 m+) | Ajatutaja\",\"isPartOf\":{\"@id\":\"https:\\\/\\\/ajatutaja.com\\\/#website\"},\"primaryImageOfPage\":{\"@id\":\"https:\\\/\\\/ajatutaja.com\\\/izdelek\\\/angelcare-soft-touch-sedez-za-kopanje-otroka\\\/#primaryimage\"},\"image\":{\"@id\":\"https:\\\/\\\/ajatutaja.com\\\/izdelek\\\/angelcare-soft-touch-sedez-za-kopanje-otroka\\\/#primaryimage\"},\"thumbnailUrl\":\"https:\\\/\\\/ajatutaja.com\\\/wp-content\\\/uploads\\\/2024\\\/01\\\/angelcare-soft-touch-bath-seat-grey.jpg\",\"datePublished\":\"2024-01-25T21:00:40+00:00\",\"dateModified\":\"2024-10-31T08:55:49+00:00\",\"description\":\"Angelcare Soft Touch je inovativen sede\u017e za kopanje otroka, ki bo poskrbel, da bo va\u0161emu otroku kopanje kar se da zabavno - predvsem pa varno.\",\"breadcrumb\":{\"@id\":\"https:\\\/\\\/ajatutaja.com\\\/izdelek\\\/angelcare-soft-touch-sedez-za-kopanje-otroka\\\/#breadcrumb\"},\"inLanguage\":\"hr\",\"potentialAction\":[{\"@type\":\"ReadAction\",\"target\":[\"https:\\\/\\\/ajatutaja.com\\\/izdelek\\\/angelcare-soft-touch-sedez-za-kopanje-otroka\\\/\"]}]},{\"@type\":\"ImageObject\",\"inLanguage\":\"hr\",\"@id\":\"https:\\\/\\\/ajatutaja.com\\\/izdelek\\\/angelcare-soft-touch-sedez-za-kopanje-otroka\\\/#primaryimage\",\"url\":\"https:\\\/\\\/ajatutaja.com\\\/wp-content\\\/uploads\\\/2024\\\/01\\\/angelcare-soft-touch-bath-seat-grey.jpg\",\"contentUrl\":\"https:\\\/\\\/ajatutaja.com\\\/wp-content\\\/uploads\\\/2024\\\/01\\\/angelcare-soft-touch-bath-seat-grey.jpg\",\"width\":1280,\"height\":1280},{\"@type\":\"BreadcrumbList\",\"@id\":\"https:\\\/\\\/ajatutaja.com\\\/izdelek\\\/angelcare-soft-touch-sedez-za-kopanje-otroka\\\/#breadcrumb\",\"itemListElement\":[{\"@type\":\"ListItem\",\"position\":1,\"name\":\"Home\",\"item\":\"https:\\\/\\\/ajatutaja.com\\\/hr\\\/\"},{\"@type\":\"ListItem\",\"position\":2,\"name\":\"Trgovina\",\"item\":\"https:\\\/\\\/ajatutaja.com\\\/hr\\\/trgovina\\\/\"},{\"@type\":\"ListItem\",\"position\":3,\"name\":\"Angelcare\u00ae Soft touch sede\u017e za kopanje otroka (6 m+)\"}]},{\"@type\":\"WebSite\",\"@id\":\"https:\\\/\\\/ajatutaja.com\\\/#website\",\"url\":\"https:\\\/\\\/ajatutaja.com\\\/\",\"name\":\"Ajatutaja\",\"description\":\"Otro\u0161ka spletna trgovina AJATUTAJA\",\"publisher\":{\"@id\":\"https:\\\/\\\/ajatutaja.com\\\/#organization\"},\"potentialAction\":[{\"@type\":\"SearchAction\",\"target\":{\"@type\":\"EntryPoint\",\"urlTemplate\":\"https:\\\/\\\/ajatutaja.com\\\/?s={search_term_string}\"},\"query-input\":{\"@type\":\"PropertyValueSpecification\",\"valueRequired\":true,\"valueName\":\"search_term_string\"}}],\"inLanguage\":\"hr\"},{\"@type\":\"Organization\",\"@id\":\"https:\\\/\\\/ajatutaja.com\\\/#organization\",\"name\":\"Ajatutaja\",\"url\":\"https:\\\/\\\/ajatutaja.com\\\/\",\"logo\":{\"@type\":\"ImageObject\",\"inLanguage\":\"hr\",\"@id\":\"https:\\\/\\\/ajatutaja.com\\\/#\\\/schema\\\/logo\\\/image\\\/\",\"url\":\"https:\\\/\\\/ajatutaja.com\\\/wp-content\\\/uploads\\\/2021\\\/10\\\/logo.png\",\"contentUrl\":\"https:\\\/\\\/ajatutaja.com\\\/wp-content\\\/uploads\\\/2021\\\/10\\\/logo.png\",\"width\":555,\"height\":150,\"caption\":\"Ajatutaja\"},\"image\":{\"@id\":\"https:\\\/\\\/ajatutaja.com\\\/#\\\/schema\\\/logo\\\/image\\\/\"}}]}<\/script>\n<!-- \/ Yoast SEO plugin. -->","yoast_head_json":{"title":"Angelcare\u00ae Soft touch sede\u017e za kopanje otroka (6 m+) | Ajatutaja","description":"Angelcare Soft Touch je inovativen sede\u017e za kopanje otroka, ki bo poskrbel, da bo va\u0161emu otroku kopanje kar se da zabavno - predvsem pa varno.","robots":{"index":"index","follow":"follow","max-snippet":"max-snippet:-1","max-image-preview":"max-image-preview:large","max-video-preview":"max-video-preview:-1"},"canonical":"https:\/\/ajatutaja.com\/izdelek\/angelcare-soft-touch-sedez-za-kopanje-otroka\/","og_locale":"hr_HR","og_type":"article","og_title":"Angelcare\u00ae Soft touch sede\u017e za kopanje otroka (6 m+) | Ajatutaja","og_description":"Angelcare Soft Touch je inovativen sede\u017e za kopanje otroka, ki bo poskrbel, da bo va\u0161emu otroku kopanje kar se da zabavno - predvsem pa varno.","og_url":"https:\/\/ajatutaja.com\/izdelek\/angelcare-soft-touch-sedez-za-kopanje-otroka\/","og_site_name":"Ajatutaja","article_modified_time":"2024-10-31T08:55:49+00:00","og_image":[{"width":1280,"height":1280,"url":"https:\/\/ajatutaja.com\/wp-content\/uploads\/2024\/01\/angelcare-soft-touch-bath-seat-grey.jpg","type":"image\/jpeg"}],"twitter_card":"summary_large_image","twitter_misc":{"Procijenjeno vrijeme \u010ditanja":"1 minuta"},"schema":{"@context":"https:\/\/schema.org","@graph":[{"@type":"WebPage","@id":"https:\/\/ajatutaja.com\/izdelek\/angelcare-soft-touch-sedez-za-kopanje-otroka\/","url":"https:\/\/ajatutaja.com\/izdelek\/angelcare-soft-touch-sedez-za-kopanje-otroka\/","name":"Angelcare\u00ae Soft touch sede\u017e za kopanje otroka (6 m+) | Ajatutaja","isPartOf":{"@id":"https:\/\/ajatutaja.com\/#website"},"primaryImageOfPage":{"@id":"https:\/\/ajatutaja.com\/izdelek\/angelcare-soft-touch-sedez-za-kopanje-otroka\/#primaryimage"},"image":{"@id":"https:\/\/ajatutaja.com\/izdelek\/angelcare-soft-touch-sedez-za-kopanje-otroka\/#primaryimage"},"thumbnailUrl":"https:\/\/ajatutaja.com\/wp-content\/uploads\/2024\/01\/angelcare-soft-touch-bath-seat-grey.jpg","datePublished":"2024-01-25T21:00:40+00:00","dateModified":"2024-10-31T08:55:49+00:00","description":"Angelcare Soft Touch je inovativen sede\u017e za kopanje otroka, ki bo poskrbel, da bo va\u0161emu otroku kopanje kar se da zabavno - predvsem pa varno.","breadcrumb":{"@id":"https:\/\/ajatutaja.com\/izdelek\/angelcare-soft-touch-sedez-za-kopanje-otroka\/#breadcrumb"},"inLanguage":"hr","potentialAction":[{"@type":"ReadAction","target":["https:\/\/ajatutaja.com\/izdelek\/angelcare-soft-touch-sedez-za-kopanje-otroka\/"]}]},{"@type":"ImageObject","inLanguage":"hr","@id":"https:\/\/ajatutaja.com\/izdelek\/angelcare-soft-touch-sedez-za-kopanje-otroka\/#primaryimage","url":"https:\/\/ajatutaja.com\/wp-content\/uploads\/2024\/01\/angelcare-soft-touch-bath-seat-grey.jpg","contentUrl":"https:\/\/ajatutaja.com\/wp-content\/uploads\/2024\/01\/angelcare-soft-touch-bath-seat-grey.jpg","width":1280,"height":1280},{"@type":"BreadcrumbList","@id":"https:\/\/ajatutaja.com\/izdelek\/angelcare-soft-touch-sedez-za-kopanje-otroka\/#breadcrumb","itemListElement":[{"@type":"ListItem","position":1,"name":"Home","item":"https:\/\/ajatutaja.com\/hr\/"},{"@type":"ListItem","position":2,"name":"Trgovina","item":"https:\/\/ajatutaja.com\/hr\/trgovina\/"},{"@type":"ListItem","position":3,"name":"Angelcare\u00ae Soft touch sede\u017e za kopanje otroka (6 m+)"}]},{"@type":"WebSite","@id":"https:\/\/ajatutaja.com\/#website","url":"https:\/\/ajatutaja.com\/","name":"Ajatutaja","description":"Otro\u0161ka spletna trgovina AJATUTAJA","publisher":{"@id":"https:\/\/ajatutaja.com\/#organization"},"potentialAction":[{"@type":"SearchAction","target":{"@type":"EntryPoint","urlTemplate":"https:\/\/ajatutaja.com\/?s={search_term_string}"},"query-input":{"@type":"PropertyValueSpecification","valueRequired":true,"valueName":"search_term_string"}}],"inLanguage":"hr"},{"@type":"Organization","@id":"https:\/\/ajatutaja.com\/#organization","name":"Ajatutaja","url":"https:\/\/ajatutaja.com\/","logo":{"@type":"ImageObject","inLanguage":"hr","@id":"https:\/\/ajatutaja.com\/#\/schema\/logo\/image\/","url":"https:\/\/ajatutaja.com\/wp-content\/uploads\/2021\/10\/logo.png","contentUrl":"https:\/\/ajatutaja.com\/wp-content\/uploads\/2021\/10\/logo.png","width":555,"height":150,"caption":"Ajatutaja"},"image":{"@id":"https:\/\/ajatutaja.com\/#\/schema\/logo\/image\/"}}]}},"brands":[{"id":5442,"name":"Angelcare","slug":"angelcare"},{"id":2658,"name":"Nega in kopanje","slug":"nega-in-kopanje"}],"_links":{"self":[{"href":"https:\/\/ajatutaja.com\/hr\/wp-json\/wp\/v2\/product\/60998","targetHints":{"allow":["GET"]}}],"collection":[{"href":"https:\/\/ajatutaja.com\/hr\/wp-json\/wp\/v2\/product"}],"about":[{"href":"https:\/\/ajatutaja.com\/hr\/wp-json\/wp\/v2\/types\/product"}],"wp:featuredmedia":[{"embeddable":true,"href":"https:\/\/ajatutaja.com\/hr\/wp-json\/wp\/v2\/media\/60987"}],"wp:attachment":[{"href":"https:\/\/ajatutaja.com\/hr\/wp-json\/wp\/v2\/media?parent=60998"}],"wp:term":[{"taxonomy":"pwb-brand","embeddable":true,"href":"https:\/\/ajatutaja.com\/hr\/wp-json\/wp\/v2\/pwb-brand?post=60998"},{"taxonomy":"product_brand","embeddable":true,"href":"https:\/\/ajatutaja.com\/hr\/wp-json\/wp\/v2\/product_brand?post=60998"},{"taxonomy":"product_cat","embeddable":true,"href":"https:\/\/ajatutaja.com\/hr\/wp-json\/wp\/v2\/product_cat?post=60998"},{"taxonomy":"product_tag","embeddable":true,"href":"https:\/\/ajatutaja.com\/hr\/wp-json\/wp\/v2\/product_tag?post=60998"}],"curies":[{"name":"wp","href":"https:\/\/api.w.org\/{rel}","templated":true}]}}